{"id":15285,"date":"2022-06-22T14:03:08","date_gmt":"2022-06-22T14:03:08","guid":{"rendered":"https:\/\/www.upjs.sk\/pracoviska\/botanicka-zahrada\/root\/odborne-aktivity\/volume-5-contents\/"},"modified":"2024-01-23T10:39:05","modified_gmt":"2024-01-23T10:39:05","slug":"volume-5-contents","status":"publish","type":"page","link":"https:\/\/www.upjs.sk\/pracoviska\/botanicka-zahrada\/odborne-aktivity\/thaiszia-2\/volume-5-contents\/","title":{"rendered":"THAISZIA &#8211; JOURNAL OF BOTANY, Volume 5, 1995 &#8211; contents"},"content":{"rendered":"\n<p><strong>THAISZIA \u2013 JOURNAL OF BOTANY<br>vol. 5, 1995 \u2013 Contents<br>vol. 5\/1 editum 16 October 1995<br>vol. 5\/2 editum 9 April 1996<\/strong><\/p>\n\n\n\n<p><strong><a href=\"https:\/\/www.upjs.sk\/app\/uploads\/sites\/15\/2024\/01\/Cover-page-5_1_1995_full.pdf\" target=\"_blank\" aria-label=\"Cover page 5\/1 (opens in a new tab)\" rel=\"noreferrer noopener\" class=\"ek-link\"><mark style=\"background-color:rgba(0, 0, 0, 0)\" class=\"has-inline-color has-zakladna-zlata-color\">Cover page 5\/1<\/mark><\/a><mark style=\"background-color:rgba(0, 0, 0, 0)\" class=\"has-inline-color has-zakladna-zlata-color\"><br><\/mark><a href=\"https:\/\/www.upjs.sk\/app\/uploads\/sites\/15\/2024\/01\/Cover-page-5_2_1995_full.pdf\" target=\"_blank\" aria-label=\"Cover page 5\/2 (opens in a new tab)\" rel=\"noreferrer noopener\" class=\"ek-link\"><mark style=\"background-color:rgba(0, 0, 0, 0)\" class=\"has-inline-color has-zakladna-zlata-color\">Cover page 5\/2<\/mark><\/a><\/strong><\/p>\n\n\n\n<p><strong><br>SERRA L. &amp; CRESPO M. B. (1995):<\/strong> A new nothotaxon in the genus Salix L. (Salicaceae). &#8211; Thaiszia &#8211; J. Bot., Ko\u0161ice, 5: 1-12. \u2013 ISSN 1210-0420.<br><a href=\"\/public\/media\/5550\/thaiszia-5-001-012-1995-serra.pdf\" target=\"_blank\" rel=\"noopener\">full text<\/a><br><strong>NERSESIAN A. A. &amp; GOUKASIAN A. G. (1995):<\/strong> On the karyology of the representatives of the genus Silene L. s. l. (Caryophyllaceae) from Southern Transcaucasia. &#8211; Thaiszia &#8211; J. Bot., Ko\u0161ice, 5: 13-19. \u2013 ISSN 1210-0420.<br><a href=\"\/public\/media\/5550\/thaiszia-5-013-019-1995-nersesian.pdf\" target=\"_blank\" rel=\"noopener\">full text<\/a><br><strong>ROSTANSKI K. (1995):<\/strong> The occurrence of the Oenothera species in the Polish and Czech Sudetes and in the Polish and Slovak Carpathians. &#8211; Thaiszia &#8211; J. Bot., Ko\u0161ice, 5: 21-25. \u2013 ISSN 1210-0420.<br><a href=\"\/public\/media\/5550\/thaiszia-5-021-025-1995-rostanski.pdf\" target=\"_blank\" rel=\"noopener\">full text<\/a><br><strong>SUDHAKARAN S., VAIDYANATHAN R. &amp; GANAPATHI A. (1995):<\/strong> Microsporogenesis in a mangrove plant Rhizophora mucronata LAM. &#8211; Thaiszia -J. Bot., Ko\u0161ice, 5: 27-30. \u2013 ISSN 1210-0420.<br><a href=\"\/public\/media\/5550\/thaiszia-5-027-030-1995-sudhakaran.pdf\" target=\"_blank\" rel=\"noopener\">full text<\/a><br><strong>ZALIBEROV\u00c1 M. &amp; JAROL\u00cdMEK I. (1995):<\/strong> Ruderal plant communities of north-eastern Slovakia I. Artemisietea, Galio-Urticetea, Bidentetea. &#8211; Thaiszia &#8211; J. Bot., Ko\u0161ice, 5: 31-59. \u2013 ISSN 1210-0420.<br><a href=\"\/public\/media\/5550\/thaiszia-5-031-059-1995-zaliberova.pdf\" target=\"_blank\" rel=\"noopener\">full text<\/a><br><strong>JAROL\u00cdMEK I. &amp; ZALIBEROV\u00c1 M. (1995):<\/strong> Ruderal plant communities of north-eastern Slovakia II. Chenopodietea, Plantaginetea. &#8211; Thaiszia &#8211; J. Bot., Ko\u0161ice, 5: 61-79. \u2013 ISSN 1210-0420.<br><a href=\"\/public\/media\/5550\/thaiszia-5-061-079-1995-jarolimek.pdf\" target=\"_blank\" rel=\"noopener\">full text<\/a><br><strong>WARCHOLINSKA U. (1995):<\/strong> Arnoserido-Scleranthetum annui (CHOUARD 1925) R.TX. 1937 corr. MATUSZKIEWICZ 1981 em. WARCHOLINSKA 1990 in Poland. &#8211; Thaiszia &#8211; J. Bot., Ko\u0161ice, 5: 81-96.<br><a href=\"\/public\/media\/5550\/thaiszia-5-081-096-1995-warcholinska.pdf\" target=\"_blank\" rel=\"noopener\">full text<\/a><br><strong>CHRTEK J. &amp; S\u00c1DLO J. (1996):<\/strong> A new subspecies of Parietaria judaica from Syria. &#8211; Thaiszia &#8211; J. Bot., Ko\u0161ice, 5: 105-109. \u2013 ISSN 1210-0420.<br><a href=\"\/public\/media\/5550\/thaiszia-5-105-109-1996-chrtek.pdf\" target=\"_blank\" rel=\"noopener\">full text<\/a><br><strong>IRUDAYARAJ V., MANICKAM V. S. &amp; DOMINIC RAJKUMAR S. (1996):<\/strong> Studies on intraspecific variation in south Indian ferns III. Cytomorphology of Stegnogramma pozoi (LAG.) K. IWATS. &#8211; Thaiszia &#8211; J. Bot., Ko\u0161ice, 5: 111-119. \u2013 ISSN 1210-0420.<br><a href=\"\/public\/media\/5550\/thaiszia 5-111-119-1996-irudayaraj.pdf\" target=\"_blank\" rel=\"noopener\">full text<\/a><br><strong>KOLBEK J. &amp; DOST\u00c1LEK J. (1996):<\/strong> Vegetation of water basins in the northern part of the Korean Peninsula. &#8211; Thaiszia &#8211; J. Bot., Ko\u0161ice, 5: 121-130. \u2013 ISSN 1210-0420.<br><a href=\"\/public\/media\/5550\/thaiszia-5-121-130-1996-kolbek.pdf\" target=\"_blank\" rel=\"noopener\">full text<\/a><br><strong>VALACHOVI\u010c M. (1996):<\/strong> The role of cryptogams in differentiation of plant communities on the shady rocks in Western Carpathians. &#8211; Thaiszia &#8211; J. Bot., Ko\u0161ice, 5: 131-152. \u2013 ISSN 1210-0420.<br><a href=\"\/public\/media\/5550\/thaiszia-5-131-152-1996-valachovic.pdf\" target=\"_blank\" rel=\"noopener\">full text<\/a><br><strong>FAJVU\u0160 G. M. (1996):<\/strong> On the origin of mountain steppes of Armenia. &#8211; Thaiszia &#8211; J. Bot., Ko\u0161ice, 5: 153-158. \u2013 ISSN 1210-0420.<br><a href=\"\/public\/media\/5550\/thaiszia-5-153-158-1996-fajvus.pdf\" target=\"_blank\" rel=\"noopener\">full text<\/a><br><strong>RATYNSKA H. &amp; SZWED W. (1996):<\/strong> Vegetation of forest islands in the agricultural landscape near Pozna\u00f1 (West-Central Poland). &#8211; Thaiszia &#8211; J. Bot., Ko\u0161ice, 5: 159-171. \u2013 ISSN 1210-0420.<br><a href=\"\/public\/media\/5550\/thaiszia-5-159-171-1996-ratynska.pdf\" target=\"_blank\" rel=\"noopener\">full text<\/a><\/p>\n\n\n<style>.wp-block-kadence-spacer.kt-block-spacer-15285_f68890-6d .kt-block-spacer{height:6px;}.wp-block-kadence-spacer.kt-block-spacer-15285_f68890-6d .kt-divider{border-top-width:1px;height:1px;border-top-color:#eee;width:100%;border-top-style:solid;}<\/style>\n<div class=\"wp-block-kadence-spacer aligncenter kt-block-spacer-15285_f68890-6d\"><div class=\"kt-block-spacer kt-block-spacer-halign-center\"><hr class=\"kt-divider\"\/><\/div><\/div>\n\n\n\n<p><strong><a href=\"https:\/\/www.upjs.sk\/app\/uploads\/sites\/15\/2024\/01\/173-184_Prof-Andras-Terpo-70-years.pdf\" target=\"_blank\" aria-label=\"Prof. Andr\u00e1s Terp\u00f3 \u2013 70 years (opens in a new tab)\" rel=\"noreferrer noopener\" class=\"ek-link\"><mark style=\"background-color:rgba(0, 0, 0, 0)\" class=\"has-inline-color has-zakladna-zlata-color\">Prof. Andr\u00e1s Terp\u00f3 \u2013 70 years<\/mark><\/a><\/strong><\/p>\n\n\n\n<p><a href=\"https:\/\/www.upjs.sk\/app\/uploads\/sites\/15\/2024\/01\/185-192_Doc-RNDr-Jozef-Majovsky-75-years.pdf\" target=\"_blank\" aria-label=\"Doc. RNDr. Jozef M\u00e1jovsk\u00fd \u2013 75 years (opens in a new tab)\" rel=\"noreferrer noopener\" class=\"ek-link\"><strong><mark style=\"background-color:rgba(0, 0, 0, 0)\" class=\"has-inline-color has-zakladna-zlata-color\">Doc. RNDr. Jozef M\u00e1jovsk\u00fd \u2013 75 years<\/mark><\/strong><\/a><\/p>\n\n\n\n<p><a href=\"https:\/\/www.upjs.sk\/app\/uploads\/sites\/15\/2024\/01\/Book-reviews-and-book-received_1.pdf\" target=\"_blank\" aria-label=\"Book reviews and book information 1 (opens in a new tab)\" rel=\"noreferrer noopener\" class=\"ek-link\"><strong><mark style=\"background-color:rgba(0, 0, 0, 0)\" class=\"has-inline-color has-zakladna-zlata-color\">Book reviews and book information 1<\/mark><\/strong><\/a><br><strong><a href=\"https:\/\/www.upjs.sk\/app\/uploads\/sites\/15\/2024\/01\/Book-reviews_2-5-1995.pdf\" target=\"_blank\" aria-label=\"Book reviews and book information 2 (opens in a new tab)\" rel=\"noreferrer noopener\" class=\"ek-link\"><mark style=\"background-color:rgba(0, 0, 0, 0)\" class=\"has-inline-color has-zakladna-zlata-color\">Book reviews and book information 2<\/mark><\/a><\/strong><\/p>\n\n\n\n<p><a href=\"https:\/\/www.upjs.sk\/app\/uploads\/sites\/15\/2024\/01\/Index-of-taxa-and-syntaxa.pdf\" target=\"_blank\" aria-label=\"Index of taxa and syntaxa (opens in a new tab)\" rel=\"noreferrer noopener\" class=\"ek-link\"><strong><mark style=\"background-color:rgba(0, 0, 0, 0)\" class=\"has-inline-color has-zakladna-zlata-color\">Index of taxa and syntaxa<\/mark><\/strong><\/a><\/p>\n\n\n\n<p><strong><a href=\"https:\/\/www.upjs.sk\/app\/uploads\/sites\/15\/2024\/01\/List-of-reviewers-1995.pdf\" target=\"_blank\" aria-label=\"List of reviewers 1995 (opens in a new tab)\" rel=\"noreferrer noopener\" class=\"ek-link\"><mark style=\"background-color:rgba(0, 0, 0, 0)\" class=\"has-inline-color has-zakladna-zlata-color\">List of reviewers 1995<\/mark><\/a><\/strong><\/p>\n","protected":false},"excerpt":{"rendered":"<p>THAISZIA \u2013 JOURNAL OF BOTANYvol. 5, 1995 \u2013 Contentsvol. 5\/1 editum 16 October 1995vol. 5\/2 editum 9 April 1996 Cover page 5\/1Cover page 5\/2 SERRA L. &amp; CRESPO M. B. (1995): A new nothotaxon in the genus Salix L. (Salicaceae). &#8211; Thaiszia &#8211; J. Bot., Ko\u0161ice, 5: 1-12. \u2013 ISSN 1210-0420.full textNERSESIAN A. A. &amp; &hellip; <a href=\"https:\/\/www.upjs.sk\/pracoviska\/botanicka-zahrada\/odborne-aktivity\/thaiszia-2\/volume-5-contents\/\">\u010c\u00edta\u0165 \u010falej<\/a><\/p>\n","protected":false},"author":1,"featured_media":0,"parent":15189,"menu_order":70,"comment_status":"closed","ping_status":"closed","template":"","meta":{"_acf_changed":false,"_editorskit_title_hidden":false,"_editorskit_reading_time":0,"_editorskit_is_block_options_detached":false,"_editorskit_block_options_position":"{}","footnotes":""},"categories":[],"tags":[],"class_list":["post-15285","page","type-page","status-publish","hentry"],"acf":{"acf_link_na_externy_obsah":""},"yoast_head":"<!-- This site is optimized with the Yoast SEO plugin v27.2 - https:\/\/yoast.com\/product\/yoast-seo-wordpress\/ -->\n<title>THAISZIA - JOURNAL OF BOTANY, Volume 5, 1995 - contents - Botanick\u00e1 z\u00e1hrada<\/title>\n<meta name=\"robots\" content=\"index, follow, max-snippet:-1, max-image-preview:large, max-video-preview:-1\" \/>\n<link rel=\"canonical\" href=\"https:\/\/www.upjs.sk\/pracoviska\/botanicka-zahrada\/odborne-aktivity\/thaiszia-2\/volume-5-contents\/\" \/>\n<meta property=\"og:locale\" content=\"sk_SK\" \/>\n<meta property=\"og:type\" content=\"article\" \/>\n<meta property=\"og:title\" content=\"THAISZIA - JOURNAL OF BOTANY, Volume 5, 1995 - contents - Botanick\u00e1 z\u00e1hrada\" \/>\n<meta property=\"og:description\" content=\"THAISZIA \u2013 JOURNAL OF BOTANYvol. 5, 1995 \u2013 Contentsvol. 5\/1 editum 16 October 1995vol. 5\/2 editum 9 April 1996 Cover page 5\/1Cover page 5\/2 SERRA L. &amp; CRESPO M. B. (1995): A new nothotaxon in the genus Salix L. (Salicaceae). &#8211; Thaiszia &#8211; J. Bot., Ko\u0161ice, 5: 1-12. \u2013 ISSN 1210-0420.full textNERSESIAN A. A. &amp; &hellip; \u010c\u00edta\u0165 \u010falej\" \/>\n<meta property=\"og:url\" content=\"https:\/\/www.upjs.sk\/pracoviska\/botanicka-zahrada\/odborne-aktivity\/thaiszia-2\/volume-5-contents\/\" \/>\n<meta property=\"og:site_name\" content=\"Botanick\u00e1 z\u00e1hrada\" \/>\n<meta property=\"article:modified_time\" content=\"2024-01-23T10:39:05+00:00\" \/>\n<meta name=\"twitter:card\" content=\"summary_large_image\" \/>\n<meta name=\"twitter:label1\" content=\"Predpokladan\u00fd \u010das \u010d\u00edtania\" \/>\n\t<meta name=\"twitter:data1\" content=\"3 min\u00faty\" \/>\n<script type=\"application\/ld+json\" class=\"yoast-schema-graph\">{\"@context\":\"https:\/\/schema.org\",\"@graph\":[{\"@type\":\"WebPage\",\"@id\":\"https:\/\/www.upjs.sk\/pracoviska\/botanicka-zahrada\/odborne-aktivity\/thaiszia-2\/volume-5-contents\/\",\"url\":\"https:\/\/www.upjs.sk\/pracoviska\/botanicka-zahrada\/odborne-aktivity\/thaiszia-2\/volume-5-contents\/\",\"name\":\"THAISZIA - JOURNAL OF BOTANY, Volume 5, 1995 - contents - Botanick\u00e1 z\u00e1hrada\",\"isPartOf\":{\"@id\":\"https:\/\/www.upjs.sk\/pracoviska\/botanicka-zahrada\/#website\"},\"datePublished\":\"2022-06-22T14:03:08+00:00\",\"dateModified\":\"2024-01-23T10:39:05+00:00\",\"breadcrumb\":{\"@id\":\"https:\/\/www.upjs.sk\/pracoviska\/botanicka-zahrada\/odborne-aktivity\/thaiszia-2\/volume-5-contents\/#breadcrumb\"},\"inLanguage\":\"sk-SK\",\"potentialAction\":[{\"@type\":\"ReadAction\",\"target\":[\"https:\/\/www.upjs.sk\/pracoviska\/botanicka-zahrada\/odborne-aktivity\/thaiszia-2\/volume-5-contents\/\"]}]},{\"@type\":\"BreadcrumbList\",\"@id\":\"https:\/\/www.upjs.sk\/pracoviska\/botanicka-zahrada\/odborne-aktivity\/thaiszia-2\/volume-5-contents\/#breadcrumb\",\"itemListElement\":[{\"@type\":\"ListItem\",\"position\":1,\"name\":\"Home\",\"item\":\"https:\/\/www.upjs.sk\/pracoviska\/botanicka-zahrada\/\"},{\"@type\":\"ListItem\",\"position\":2,\"name\":\"Odborn\u00e9 aktivity\",\"item\":\"https:\/\/www.upjs.sk\/pracoviska\/botanicka-zahrada\/odborne-aktivity\/\"},{\"@type\":\"ListItem\",\"position\":3,\"name\":\"Thaiszia \u2013 Journal of Botany\",\"item\":\"https:\/\/www.upjs.sk\/pracoviska\/botanicka-zahrada\/odborne-aktivity\/thaiszia-2\/\"},{\"@type\":\"ListItem\",\"position\":4,\"name\":\"THAISZIA &#8211; JOURNAL OF BOTANY, Volume 5, 1995 &#8211; contents\"}]},{\"@type\":\"WebSite\",\"@id\":\"https:\/\/www.upjs.sk\/pracoviska\/botanicka-zahrada\/#website\",\"url\":\"https:\/\/www.upjs.sk\/pracoviska\/botanicka-zahrada\/\",\"name\":\"Botanick\u00e1 z\u00e1hrada\",\"description\":\"\",\"publisher\":{\"@id\":\"https:\/\/www.upjs.sk\/pracoviska\/botanicka-zahrada\/#organization\"},\"potentialAction\":[{\"@type\":\"SearchAction\",\"target\":{\"@type\":\"EntryPoint\",\"urlTemplate\":\"https:\/\/www.upjs.sk\/pracoviska\/botanicka-zahrada\/?s={search_term_string}\"},\"query-input\":{\"@type\":\"PropertyValueSpecification\",\"valueRequired\":true,\"valueName\":\"search_term_string\"}}],\"inLanguage\":\"sk-SK\"},{\"@type\":\"Organization\",\"@id\":\"https:\/\/www.upjs.sk\/pracoviska\/botanicka-zahrada\/#organization\",\"name\":\"Botanick\u00e1 z\u00e1hrada\",\"url\":\"https:\/\/www.upjs.sk\/pracoviska\/botanicka-zahrada\/\",\"logo\":{\"@type\":\"ImageObject\",\"inLanguage\":\"sk-SK\",\"@id\":\"https:\/\/www.upjs.sk\/pracoviska\/botanicka-zahrada\/#\/schema\/logo\/image\/\",\"url\":\"https:\/\/www.upjs.sk\/app\/uploads\/sites\/15\/2023\/01\/BZ-2.svg\",\"contentUrl\":\"https:\/\/www.upjs.sk\/app\/uploads\/sites\/15\/2023\/01\/BZ-2.svg\",\"width\":500,\"height\":138,\"caption\":\"Botanick\u00e1 z\u00e1hrada\"},\"image\":{\"@id\":\"https:\/\/www.upjs.sk\/pracoviska\/botanicka-zahrada\/#\/schema\/logo\/image\/\"}}]}<\/script>\n<!-- \/ Yoast SEO plugin. -->","yoast_head_json":{"title":"THAISZIA - JOURNAL OF BOTANY, Volume 5, 1995 - contents - Botanick\u00e1 z\u00e1hrada","robots":{"index":"index","follow":"follow","max-snippet":"max-snippet:-1","max-image-preview":"max-image-preview:large","max-video-preview":"max-video-preview:-1"},"canonical":"https:\/\/www.upjs.sk\/pracoviska\/botanicka-zahrada\/odborne-aktivity\/thaiszia-2\/volume-5-contents\/","og_locale":"sk_SK","og_type":"article","og_title":"THAISZIA - JOURNAL OF BOTANY, Volume 5, 1995 - contents - Botanick\u00e1 z\u00e1hrada","og_description":"THAISZIA \u2013 JOURNAL OF BOTANYvol. 5, 1995 \u2013 Contentsvol. 5\/1 editum 16 October 1995vol. 5\/2 editum 9 April 1996 Cover page 5\/1Cover page 5\/2 SERRA L. &amp; CRESPO M. B. (1995): A new nothotaxon in the genus Salix L. (Salicaceae). &#8211; Thaiszia &#8211; J. Bot., Ko\u0161ice, 5: 1-12. \u2013 ISSN 1210-0420.full textNERSESIAN A. A. &amp; &hellip; \u010c\u00edta\u0165 \u010falej","og_url":"https:\/\/www.upjs.sk\/pracoviska\/botanicka-zahrada\/odborne-aktivity\/thaiszia-2\/volume-5-contents\/","og_site_name":"Botanick\u00e1 z\u00e1hrada","article_modified_time":"2024-01-23T10:39:05+00:00","twitter_card":"summary_large_image","twitter_misc":{"Predpokladan\u00fd \u010das \u010d\u00edtania":"3 min\u00faty"},"schema":{"@context":"https:\/\/schema.org","@graph":[{"@type":"WebPage","@id":"https:\/\/www.upjs.sk\/pracoviska\/botanicka-zahrada\/odborne-aktivity\/thaiszia-2\/volume-5-contents\/","url":"https:\/\/www.upjs.sk\/pracoviska\/botanicka-zahrada\/odborne-aktivity\/thaiszia-2\/volume-5-contents\/","name":"THAISZIA - JOURNAL OF BOTANY, Volume 5, 1995 - contents - Botanick\u00e1 z\u00e1hrada","isPartOf":{"@id":"https:\/\/www.upjs.sk\/pracoviska\/botanicka-zahrada\/#website"},"datePublished":"2022-06-22T14:03:08+00:00","dateModified":"2024-01-23T10:39:05+00:00","breadcrumb":{"@id":"https:\/\/www.upjs.sk\/pracoviska\/botanicka-zahrada\/odborne-aktivity\/thaiszia-2\/volume-5-contents\/#breadcrumb"},"inLanguage":"sk-SK","potentialAction":[{"@type":"ReadAction","target":["https:\/\/www.upjs.sk\/pracoviska\/botanicka-zahrada\/odborne-aktivity\/thaiszia-2\/volume-5-contents\/"]}]},{"@type":"BreadcrumbList","@id":"https:\/\/www.upjs.sk\/pracoviska\/botanicka-zahrada\/odborne-aktivity\/thaiszia-2\/volume-5-contents\/#breadcrumb","itemListElement":[{"@type":"ListItem","position":1,"name":"Home","item":"https:\/\/www.upjs.sk\/pracoviska\/botanicka-zahrada\/"},{"@type":"ListItem","position":2,"name":"Odborn\u00e9 aktivity","item":"https:\/\/www.upjs.sk\/pracoviska\/botanicka-zahrada\/odborne-aktivity\/"},{"@type":"ListItem","position":3,"name":"Thaiszia \u2013 Journal of Botany","item":"https:\/\/www.upjs.sk\/pracoviska\/botanicka-zahrada\/odborne-aktivity\/thaiszia-2\/"},{"@type":"ListItem","position":4,"name":"THAISZIA &#8211; JOURNAL OF BOTANY, Volume 5, 1995 &#8211; contents"}]},{"@type":"WebSite","@id":"https:\/\/www.upjs.sk\/pracoviska\/botanicka-zahrada\/#website","url":"https:\/\/www.upjs.sk\/pracoviska\/botanicka-zahrada\/","name":"Botanick\u00e1 z\u00e1hrada","description":"","publisher":{"@id":"https:\/\/www.upjs.sk\/pracoviska\/botanicka-zahrada\/#organization"},"potentialAction":[{"@type":"SearchAction","target":{"@type":"EntryPoint","urlTemplate":"https:\/\/www.upjs.sk\/pracoviska\/botanicka-zahrada\/?s={search_term_string}"},"query-input":{"@type":"PropertyValueSpecification","valueRequired":true,"valueName":"search_term_string"}}],"inLanguage":"sk-SK"},{"@type":"Organization","@id":"https:\/\/www.upjs.sk\/pracoviska\/botanicka-zahrada\/#organization","name":"Botanick\u00e1 z\u00e1hrada","url":"https:\/\/www.upjs.sk\/pracoviska\/botanicka-zahrada\/","logo":{"@type":"ImageObject","inLanguage":"sk-SK","@id":"https:\/\/www.upjs.sk\/pracoviska\/botanicka-zahrada\/#\/schema\/logo\/image\/","url":"https:\/\/www.upjs.sk\/app\/uploads\/sites\/15\/2023\/01\/BZ-2.svg","contentUrl":"https:\/\/www.upjs.sk\/app\/uploads\/sites\/15\/2023\/01\/BZ-2.svg","width":500,"height":138,"caption":"Botanick\u00e1 z\u00e1hrada"},"image":{"@id":"https:\/\/www.upjs.sk\/pracoviska\/botanicka-zahrada\/#\/schema\/logo\/image\/"}}]}},"_links":{"self":[{"href":"https:\/\/www.upjs.sk\/pracoviska\/botanicka-zahrada\/wp-json\/wp\/v2\/pages\/15285","targetHints":{"allow":["GET"]}}],"collection":[{"href":"https:\/\/www.upjs.sk\/pracoviska\/botanicka-zahrada\/wp-json\/wp\/v2\/pages"}],"about":[{"href":"https:\/\/www.upjs.sk\/pracoviska\/botanicka-zahrada\/wp-json\/wp\/v2\/types\/page"}],"author":[{"embeddable":true,"href":"https:\/\/www.upjs.sk\/pracoviska\/botanicka-zahrada\/wp-json\/wp\/v2\/users\/1"}],"replies":[{"embeddable":true,"href":"https:\/\/www.upjs.sk\/pracoviska\/botanicka-zahrada\/wp-json\/wp\/v2\/comments?post=15285"}],"version-history":[{"count":8,"href":"https:\/\/www.upjs.sk\/pracoviska\/botanicka-zahrada\/wp-json\/wp\/v2\/pages\/15285\/revisions"}],"predecessor-version":[{"id":21762,"href":"https:\/\/www.upjs.sk\/pracoviska\/botanicka-zahrada\/wp-json\/wp\/v2\/pages\/15285\/revisions\/21762"}],"up":[{"embeddable":true,"href":"https:\/\/www.upjs.sk\/pracoviska\/botanicka-zahrada\/wp-json\/wp\/v2\/pages\/15189"}],"wp:attachment":[{"href":"https:\/\/www.upjs.sk\/pracoviska\/botanicka-zahrada\/wp-json\/wp\/v2\/media?parent=15285"}],"wp:term":[{"taxonomy":"category","embeddable":true,"href":"https:\/\/www.upjs.sk\/pracoviska\/botanicka-zahrada\/wp-json\/wp\/v2\/categories?post=15285"},{"taxonomy":"post_tag","embeddable":true,"href":"https:\/\/www.upjs.sk\/pracoviska\/botanicka-zahrada\/wp-json\/wp\/v2\/tags?post=15285"}],"curies":[{"name":"wp","href":"https:\/\/api.w.org\/{rel}","templated":true}]}}