{"id":15292,"date":"2022-06-22T14:03:08","date_gmt":"2022-06-22T14:03:08","guid":{"rendered":"https:\/\/www.upjs.sk\/pracoviska\/botanicka-zahrada\/root\/odborne-aktivity\/volume-2-contents\/"},"modified":"2023-12-13T11:57:17","modified_gmt":"2023-12-13T11:57:17","slug":"volume-2-contents","status":"publish","type":"page","link":"https:\/\/www.upjs.sk\/pracoviska\/botanicka-zahrada\/odborne-aktivity\/thaiszia-2\/volume-2-contents\/","title":{"rendered":"THAISZIA &#8211; JOURNAL OF BOTANY, Volume 2, 1992 &#8211; contents"},"content":{"rendered":"\n<p><strong>THAISZIA \u2013 JOURNAL OF BOTANY<br>vol. 2, 1992 \u2013 Contents<br>vol. 2 editum 25 January 1993<\/strong><\/p>\n\n\n\n<p><strong><a href=\"https:\/\/www.upjs.sk\/app\/uploads\/sites\/15\/2023\/12\/thaiszia-2-1992-Cover-page.pdf\" target=\"_blank\" aria-label=\"Cover page (opens in a new tab)\" rel=\"noreferrer noopener\" class=\"ek-link\"><mark style=\"background-color:rgba(0, 0, 0, 0)\" class=\"has-inline-color has-zakladna-zlata-color\">Cover page<\/mark><\/a><\/strong><\/p>\n\n\n\n<p><strong>SOLDANO A. (1992):<\/strong> Corallina (Corallinaceae) and Sesamoides (Resedaceae) are to be ascribed to Allioni. \u2013 Thaiszia 2: 3-10. \u2013 ISSN 1210-0420.<br><a href=\"\/public\/media\/5506\/thaiszia-2-03-10-1992-soldano.pdf\" target=\"_blank\" rel=\"noopener\">full text<\/a><\/p>\n\n\n\n<p><strong>KIRSCHNER J. (1992):<\/strong> Karyological differentiation of Luzula sect. Luzula in Europe. &#8211; Thaiszia 2: 11-39. \u2013 ISSN 1210-0420.<br><a href=\"\/public\/media\/5506\/thaiszia-2-11-39-1992-kirschner.pdf\" target=\"_blank\" rel=\"noopener\">full text<\/a><\/p>\n\n\n\n<p><strong>TERP\u00d3 A. (1992):<\/strong> Pyrus taxa in Hungary, and their practical importance. &#8211; Thaiszia 2: 41-57. \u2013 ISSN 1210-0420.<br><a href=\"\/public\/media\/5506\/thaiszia-2-41-57-1992-terpo.pdf\" target=\"_blank\" rel=\"noopener\">full text<\/a><\/p>\n\n\n\n<p><strong>DELIPAVLOV D. (1992):<\/strong> Materials on the flora of Bulgaria. &#8211; Thaiszia 2: 59-66. \u2013 ISSN 1210-0420.<br><a href=\"\/public\/media\/5506\/thaiszia-2-59-66-1992-delipavlov.pdf\" target=\"_blank\" rel=\"noopener\">full text<\/a><\/p>\n\n\n\n<p><strong>TRINAJSTIC I. (1992):<\/strong> Salici-Myricarietum MOOR 1958 (Salicion eleagni) in the vegetation of Croatia. \u2013 Thaiszia 2: 67-74. \u2013 ISSN 1210-0420.<br><a href=\"\/public\/media\/5506\/thaiszia-2-67-74-1992-trinajstic.pdf\" target=\"_blank\" rel=\"noopener\">full text<\/a><\/p>\n\n\n\n<p><strong>M\u00c1RTONFI P. (1992):<\/strong> Essential oil content in Thymus alpestris in Slovakia. &#8211; Thaiszia 2: 75-78. \u2013 ISSN 1210-0420.<br><a href=\"\/public\/media\/5506\/thaiszia-2-75-78-1992-martonfi.pdf\" target=\"_blank\" rel=\"noopener\">full text<\/a><\/p>\n\n\n\n<p><strong>HRABOVEC I. (1992):<\/strong> A trio of the oldest botanists of East Slovakia. &#8211; Thaiszia 2: 79-82. \u2013 ISSN 1210-0420.<br><a href=\"\/public\/media\/5506\/thaiszia-2-79-82-1992-hrabovec.pdf\" target=\"_blank\" rel=\"noopener\">full text<\/a><\/p>\n\n\n\n<p><strong>TERP\u00d3 A. (1992):<\/strong> LAJOS THAISZ &#8211; a practical-minded botanist. &#8211; Thaiszia 2: 83-86. \u2013 ISSN 1210-0420.<br><a href=\"\/public\/media\/5506\/thaiszia-2-83-86-1992-terpo.pdf\" target=\"_blank\" rel=\"noopener\">full text<\/a><\/p>\n\n\n<style>.wp-block-kadence-spacer.kt-block-spacer-15292_a4bab4-e2 .kt-block-spacer{height:20px;}.wp-block-kadence-spacer.kt-block-spacer-15292_a4bab4-e2 .kt-divider{border-top-width:2px;border-top-color:#eee;width:100%;border-top-style:solid;}<\/style>\n<div class=\"wp-block-kadence-spacer aligncenter kt-block-spacer-15292_a4bab4-e2\"><div class=\"kt-block-spacer kt-block-spacer-halign-center\"><hr class=\"kt-divider\"\/><\/div><\/div>\n\n\n\n<p><strong><a href=\"https:\/\/www.upjs.sk\/app\/uploads\/sites\/15\/2023\/12\/thaiszia-2-1992-Book-reviews.pdf\" target=\"_blank\" aria-label=\"Book reviews (opens in a new tab)\" rel=\"noreferrer noopener\" class=\"ek-link\"><mark style=\"background-color:rgba(0, 0, 0, 0)\" class=\"has-inline-color has-zakladna-zlata-color\">Book reviews<\/mark><\/a><\/strong><\/p>\n","protected":false},"excerpt":{"rendered":"<p>THAISZIA \u2013 JOURNAL OF BOTANYvol. 2, 1992 \u2013 Contentsvol. 2 editum 25 January 1993 Cover page SOLDANO A. (1992): Corallina (Corallinaceae) and Sesamoides (Resedaceae) are to be ascribed to Allioni. \u2013 Thaiszia 2: 3-10. \u2013 ISSN 1210-0420.full text KIRSCHNER J. (1992): Karyological differentiation of Luzula sect. Luzula in Europe. &#8211; Thaiszia 2: 11-39. \u2013 ISSN &hellip; <a href=\"https:\/\/www.upjs.sk\/pracoviska\/botanicka-zahrada\/odborne-aktivity\/thaiszia-2\/volume-2-contents\/\">\u010c\u00edta\u0165 \u010falej<\/a><\/p>\n","protected":false},"author":1,"featured_media":0,"parent":15189,"menu_order":75,"comment_status":"closed","ping_status":"closed","template":"","meta":{"_acf_changed":false,"_editorskit_title_hidden":false,"_editorskit_reading_time":0,"_editorskit_is_block_options_detached":false,"_editorskit_block_options_position":"{}","footnotes":""},"categories":[],"tags":[],"class_list":["post-15292","page","type-page","status-publish","hentry"],"acf":{"acf_link_na_externy_obsah":""},"yoast_head":"<!-- This site is optimized with the Yoast SEO plugin v27.2 - https:\/\/yoast.com\/product\/yoast-seo-wordpress\/ -->\n<title>THAISZIA - JOURNAL OF BOTANY, Volume 2, 1992 - contents - Botanick\u00e1 z\u00e1hrada<\/title>\n<meta name=\"robots\" content=\"index, follow, max-snippet:-1, max-image-preview:large, max-video-preview:-1\" \/>\n<link rel=\"canonical\" href=\"https:\/\/www.upjs.sk\/pracoviska\/botanicka-zahrada\/odborne-aktivity\/thaiszia-2\/volume-2-contents\/\" \/>\n<meta property=\"og:locale\" content=\"sk_SK\" \/>\n<meta property=\"og:type\" content=\"article\" \/>\n<meta property=\"og:title\" content=\"THAISZIA - JOURNAL OF BOTANY, Volume 2, 1992 - contents - Botanick\u00e1 z\u00e1hrada\" \/>\n<meta property=\"og:description\" content=\"THAISZIA \u2013 JOURNAL OF BOTANYvol. 2, 1992 \u2013 Contentsvol. 2 editum 25 January 1993 Cover page SOLDANO A. (1992): Corallina (Corallinaceae) and Sesamoides (Resedaceae) are to be ascribed to Allioni. \u2013 Thaiszia 2: 3-10. \u2013 ISSN 1210-0420.full text KIRSCHNER J. (1992): Karyological differentiation of Luzula sect. Luzula in Europe. &#8211; Thaiszia 2: 11-39. \u2013 ISSN &hellip; \u010c\u00edta\u0165 \u010falej\" \/>\n<meta property=\"og:url\" content=\"https:\/\/www.upjs.sk\/pracoviska\/botanicka-zahrada\/odborne-aktivity\/thaiszia-2\/volume-2-contents\/\" \/>\n<meta property=\"og:site_name\" content=\"Botanick\u00e1 z\u00e1hrada\" \/>\n<meta property=\"article:modified_time\" content=\"2023-12-13T11:57:17+00:00\" \/>\n<meta name=\"twitter:card\" content=\"summary_large_image\" \/>\n<meta name=\"twitter:label1\" content=\"Predpokladan\u00fd \u010das \u010d\u00edtania\" \/>\n\t<meta name=\"twitter:data1\" content=\"1 min\u00fata\" \/>\n<script type=\"application\/ld+json\" class=\"yoast-schema-graph\">{\"@context\":\"https:\/\/schema.org\",\"@graph\":[{\"@type\":\"WebPage\",\"@id\":\"https:\/\/www.upjs.sk\/pracoviska\/botanicka-zahrada\/odborne-aktivity\/thaiszia-2\/volume-2-contents\/\",\"url\":\"https:\/\/www.upjs.sk\/pracoviska\/botanicka-zahrada\/odborne-aktivity\/thaiszia-2\/volume-2-contents\/\",\"name\":\"THAISZIA - JOURNAL OF BOTANY, Volume 2, 1992 - contents - Botanick\u00e1 z\u00e1hrada\",\"isPartOf\":{\"@id\":\"https:\/\/www.upjs.sk\/pracoviska\/botanicka-zahrada\/#website\"},\"datePublished\":\"2022-06-22T14:03:08+00:00\",\"dateModified\":\"2023-12-13T11:57:17+00:00\",\"breadcrumb\":{\"@id\":\"https:\/\/www.upjs.sk\/pracoviska\/botanicka-zahrada\/odborne-aktivity\/thaiszia-2\/volume-2-contents\/#breadcrumb\"},\"inLanguage\":\"sk-SK\",\"potentialAction\":[{\"@type\":\"ReadAction\",\"target\":[\"https:\/\/www.upjs.sk\/pracoviska\/botanicka-zahrada\/odborne-aktivity\/thaiszia-2\/volume-2-contents\/\"]}]},{\"@type\":\"BreadcrumbList\",\"@id\":\"https:\/\/www.upjs.sk\/pracoviska\/botanicka-zahrada\/odborne-aktivity\/thaiszia-2\/volume-2-contents\/#breadcrumb\",\"itemListElement\":[{\"@type\":\"ListItem\",\"position\":1,\"name\":\"Home\",\"item\":\"https:\/\/www.upjs.sk\/pracoviska\/botanicka-zahrada\/\"},{\"@type\":\"ListItem\",\"position\":2,\"name\":\"Odborn\u00e9 aktivity\",\"item\":\"https:\/\/www.upjs.sk\/pracoviska\/botanicka-zahrada\/odborne-aktivity\/\"},{\"@type\":\"ListItem\",\"position\":3,\"name\":\"Thaiszia \u2013 Journal of Botany\",\"item\":\"https:\/\/www.upjs.sk\/pracoviska\/botanicka-zahrada\/odborne-aktivity\/thaiszia-2\/\"},{\"@type\":\"ListItem\",\"position\":4,\"name\":\"THAISZIA &#8211; JOURNAL OF BOTANY, Volume 2, 1992 &#8211; contents\"}]},{\"@type\":\"WebSite\",\"@id\":\"https:\/\/www.upjs.sk\/pracoviska\/botanicka-zahrada\/#website\",\"url\":\"https:\/\/www.upjs.sk\/pracoviska\/botanicka-zahrada\/\",\"name\":\"Botanick\u00e1 z\u00e1hrada\",\"description\":\"\",\"publisher\":{\"@id\":\"https:\/\/www.upjs.sk\/pracoviska\/botanicka-zahrada\/#organization\"},\"potentialAction\":[{\"@type\":\"SearchAction\",\"target\":{\"@type\":\"EntryPoint\",\"urlTemplate\":\"https:\/\/www.upjs.sk\/pracoviska\/botanicka-zahrada\/?s={search_term_string}\"},\"query-input\":{\"@type\":\"PropertyValueSpecification\",\"valueRequired\":true,\"valueName\":\"search_term_string\"}}],\"inLanguage\":\"sk-SK\"},{\"@type\":\"Organization\",\"@id\":\"https:\/\/www.upjs.sk\/pracoviska\/botanicka-zahrada\/#organization\",\"name\":\"Botanick\u00e1 z\u00e1hrada\",\"url\":\"https:\/\/www.upjs.sk\/pracoviska\/botanicka-zahrada\/\",\"logo\":{\"@type\":\"ImageObject\",\"inLanguage\":\"sk-SK\",\"@id\":\"https:\/\/www.upjs.sk\/pracoviska\/botanicka-zahrada\/#\/schema\/logo\/image\/\",\"url\":\"https:\/\/www.upjs.sk\/app\/uploads\/sites\/15\/2023\/01\/BZ-2.svg\",\"contentUrl\":\"https:\/\/www.upjs.sk\/app\/uploads\/sites\/15\/2023\/01\/BZ-2.svg\",\"width\":500,\"height\":138,\"caption\":\"Botanick\u00e1 z\u00e1hrada\"},\"image\":{\"@id\":\"https:\/\/www.upjs.sk\/pracoviska\/botanicka-zahrada\/#\/schema\/logo\/image\/\"}}]}<\/script>\n<!-- \/ Yoast SEO plugin. -->","yoast_head_json":{"title":"THAISZIA - JOURNAL OF BOTANY, Volume 2, 1992 - contents - Botanick\u00e1 z\u00e1hrada","robots":{"index":"index","follow":"follow","max-snippet":"max-snippet:-1","max-image-preview":"max-image-preview:large","max-video-preview":"max-video-preview:-1"},"canonical":"https:\/\/www.upjs.sk\/pracoviska\/botanicka-zahrada\/odborne-aktivity\/thaiszia-2\/volume-2-contents\/","og_locale":"sk_SK","og_type":"article","og_title":"THAISZIA - JOURNAL OF BOTANY, Volume 2, 1992 - contents - Botanick\u00e1 z\u00e1hrada","og_description":"THAISZIA \u2013 JOURNAL OF BOTANYvol. 2, 1992 \u2013 Contentsvol. 2 editum 25 January 1993 Cover page SOLDANO A. (1992): Corallina (Corallinaceae) and Sesamoides (Resedaceae) are to be ascribed to Allioni. \u2013 Thaiszia 2: 3-10. \u2013 ISSN 1210-0420.full text KIRSCHNER J. (1992): Karyological differentiation of Luzula sect. Luzula in Europe. &#8211; Thaiszia 2: 11-39. \u2013 ISSN &hellip; \u010c\u00edta\u0165 \u010falej","og_url":"https:\/\/www.upjs.sk\/pracoviska\/botanicka-zahrada\/odborne-aktivity\/thaiszia-2\/volume-2-contents\/","og_site_name":"Botanick\u00e1 z\u00e1hrada","article_modified_time":"2023-12-13T11:57:17+00:00","twitter_card":"summary_large_image","twitter_misc":{"Predpokladan\u00fd \u010das \u010d\u00edtania":"1 min\u00fata"},"schema":{"@context":"https:\/\/schema.org","@graph":[{"@type":"WebPage","@id":"https:\/\/www.upjs.sk\/pracoviska\/botanicka-zahrada\/odborne-aktivity\/thaiszia-2\/volume-2-contents\/","url":"https:\/\/www.upjs.sk\/pracoviska\/botanicka-zahrada\/odborne-aktivity\/thaiszia-2\/volume-2-contents\/","name":"THAISZIA - JOURNAL OF BOTANY, Volume 2, 1992 - contents - Botanick\u00e1 z\u00e1hrada","isPartOf":{"@id":"https:\/\/www.upjs.sk\/pracoviska\/botanicka-zahrada\/#website"},"datePublished":"2022-06-22T14:03:08+00:00","dateModified":"2023-12-13T11:57:17+00:00","breadcrumb":{"@id":"https:\/\/www.upjs.sk\/pracoviska\/botanicka-zahrada\/odborne-aktivity\/thaiszia-2\/volume-2-contents\/#breadcrumb"},"inLanguage":"sk-SK","potentialAction":[{"@type":"ReadAction","target":["https:\/\/www.upjs.sk\/pracoviska\/botanicka-zahrada\/odborne-aktivity\/thaiszia-2\/volume-2-contents\/"]}]},{"@type":"BreadcrumbList","@id":"https:\/\/www.upjs.sk\/pracoviska\/botanicka-zahrada\/odborne-aktivity\/thaiszia-2\/volume-2-contents\/#breadcrumb","itemListElement":[{"@type":"ListItem","position":1,"name":"Home","item":"https:\/\/www.upjs.sk\/pracoviska\/botanicka-zahrada\/"},{"@type":"ListItem","position":2,"name":"Odborn\u00e9 aktivity","item":"https:\/\/www.upjs.sk\/pracoviska\/botanicka-zahrada\/odborne-aktivity\/"},{"@type":"ListItem","position":3,"name":"Thaiszia \u2013 Journal of Botany","item":"https:\/\/www.upjs.sk\/pracoviska\/botanicka-zahrada\/odborne-aktivity\/thaiszia-2\/"},{"@type":"ListItem","position":4,"name":"THAISZIA &#8211; JOURNAL OF BOTANY, Volume 2, 1992 &#8211; contents"}]},{"@type":"WebSite","@id":"https:\/\/www.upjs.sk\/pracoviska\/botanicka-zahrada\/#website","url":"https:\/\/www.upjs.sk\/pracoviska\/botanicka-zahrada\/","name":"Botanick\u00e1 z\u00e1hrada","description":"","publisher":{"@id":"https:\/\/www.upjs.sk\/pracoviska\/botanicka-zahrada\/#organization"},"potentialAction":[{"@type":"SearchAction","target":{"@type":"EntryPoint","urlTemplate":"https:\/\/www.upjs.sk\/pracoviska\/botanicka-zahrada\/?s={search_term_string}"},"query-input":{"@type":"PropertyValueSpecification","valueRequired":true,"valueName":"search_term_string"}}],"inLanguage":"sk-SK"},{"@type":"Organization","@id":"https:\/\/www.upjs.sk\/pracoviska\/botanicka-zahrada\/#organization","name":"Botanick\u00e1 z\u00e1hrada","url":"https:\/\/www.upjs.sk\/pracoviska\/botanicka-zahrada\/","logo":{"@type":"ImageObject","inLanguage":"sk-SK","@id":"https:\/\/www.upjs.sk\/pracoviska\/botanicka-zahrada\/#\/schema\/logo\/image\/","url":"https:\/\/www.upjs.sk\/app\/uploads\/sites\/15\/2023\/01\/BZ-2.svg","contentUrl":"https:\/\/www.upjs.sk\/app\/uploads\/sites\/15\/2023\/01\/BZ-2.svg","width":500,"height":138,"caption":"Botanick\u00e1 z\u00e1hrada"},"image":{"@id":"https:\/\/www.upjs.sk\/pracoviska\/botanicka-zahrada\/#\/schema\/logo\/image\/"}}]}},"_links":{"self":[{"href":"https:\/\/www.upjs.sk\/pracoviska\/botanicka-zahrada\/wp-json\/wp\/v2\/pages\/15292","targetHints":{"allow":["GET"]}}],"collection":[{"href":"https:\/\/www.upjs.sk\/pracoviska\/botanicka-zahrada\/wp-json\/wp\/v2\/pages"}],"about":[{"href":"https:\/\/www.upjs.sk\/pracoviska\/botanicka-zahrada\/wp-json\/wp\/v2\/types\/page"}],"author":[{"embeddable":true,"href":"https:\/\/www.upjs.sk\/pracoviska\/botanicka-zahrada\/wp-json\/wp\/v2\/users\/1"}],"replies":[{"embeddable":true,"href":"https:\/\/www.upjs.sk\/pracoviska\/botanicka-zahrada\/wp-json\/wp\/v2\/comments?post=15292"}],"version-history":[{"count":3,"href":"https:\/\/www.upjs.sk\/pracoviska\/botanicka-zahrada\/wp-json\/wp\/v2\/pages\/15292\/revisions"}],"predecessor-version":[{"id":21594,"href":"https:\/\/www.upjs.sk\/pracoviska\/botanicka-zahrada\/wp-json\/wp\/v2\/pages\/15292\/revisions\/21594"}],"up":[{"embeddable":true,"href":"https:\/\/www.upjs.sk\/pracoviska\/botanicka-zahrada\/wp-json\/wp\/v2\/pages\/15189"}],"wp:attachment":[{"href":"https:\/\/www.upjs.sk\/pracoviska\/botanicka-zahrada\/wp-json\/wp\/v2\/media?parent=15292"}],"wp:term":[{"taxonomy":"category","embeddable":true,"href":"https:\/\/www.upjs.sk\/pracoviska\/botanicka-zahrada\/wp-json\/wp\/v2\/categories?post=15292"},{"taxonomy":"post_tag","embeddable":true,"href":"https:\/\/www.upjs.sk\/pracoviska\/botanicka-zahrada\/wp-json\/wp\/v2\/tags?post=15292"}],"curies":[{"name":"wp","href":"https:\/\/api.w.org\/{rel}","templated":true}]}}