{"id":15294,"date":"2022-06-22T14:03:08","date_gmt":"2022-06-22T14:03:08","guid":{"rendered":"https:\/\/www.upjs.sk\/pracoviska\/botanicka-zahrada\/root\/odborne-aktivity\/volume-1-contents\/"},"modified":"2024-08-27T08:05:09","modified_gmt":"2024-08-27T08:05:09","slug":"volume-1-contents","status":"publish","type":"page","link":"https:\/\/www.upjs.sk\/pracoviska\/botanicka-zahrada\/odborne-aktivity\/thaiszia-2\/volume-1-contents\/","title":{"rendered":"THAISZIA &#8211; JOURNAL OF BOTANY, Volume 1, 1991 &#8211; contents"},"content":{"rendered":"\n<p><strong>THAISZIA \u2013 JOURNAL OF BOTANY<br>vol. 1, 1991 \u2013 Contents<br>vol. 1 editum 16 February 1992<\/strong><\/p>\n\n\n\n<p><strong><a href=\"https:\/\/www.upjs.sk\/app\/uploads\/sites\/15\/2023\/12\/thaiszia-1-1991-Cover-page.pdf\" target=\"_blank\" aria-label=\"Cover page (opens in a new tab)\" rel=\"noreferrer noopener\" class=\"ek-link\"><mark style=\"background-color:rgba(0, 0, 0, 0)\" class=\"has-inline-color has-zakladna-zlata-color\">Cover page<\/mark><\/a><\/strong><\/p>\n\n\n\n<p><strong>MIKOL\u00c1S V. (1991):<\/strong> Lajos Thaisz &#8211; The founder of scientific botany in Kosice. &#8211; Thaiszia, Kosice, 1: 3-16. \u2013 ISSN 1210-0420.<br><a href=\"https:\/\/www.upjs.sk\/app\/uploads\/sites\/15\/2022\/10\/thaiszia-1-3-16-1991-mikolas.pdf\" target=\"_blank\" rel=\"noreferrer noopener\">full text<\/a><\/p>\n\n\n\n<p><strong>EKIM T., AYTAC Z. and DUMAN H. (1991):<\/strong> Some new taxa of Astragalus L. and comments on Turkish Caragana Lam. &#8211; Thaiszia, Kosice, 1: 17-29. \u2013 ISSN 1210-0420. \u2013 ISSN 1210-0420.<br><a href=\"\/public\/media\/5498\/thaiszia-1-17-29-1991-ekim.pdf\" target=\"_blank\" rel=\"noopener\" class=\"ek-link\">full text<\/a><\/p>\n\n\n\n<p><strong>SCHOLZ H. and MIKOL\u00c1S V. (1991):<\/strong> The weedy repesentatives of Proso Millet (Panicum miliaceum, Poaceae) in Central Europe &#8211; Thaiszia, Kosice, 1: 31-41. \u2013 ISSN 1210-0420.<br><a href=\"\/public\/media\/5498\/thaiszia-1-31-41-1991-scholz.pdf\" target=\"_blank\" rel=\"noopener\">full text<\/a><\/p>\n\n\n\n<p><strong>GUDZHINSKAS Z. (1991):<\/strong> The immigration and distribution of Iva xanthiifolia Nutt. in Lithuania. &#8211; Thaiszia, Kosice, 1: 43-48. \u2013 ISSN 1210-0420.<br><a href=\"\/public\/media\/5498\/thaiszia-1-43-48-1991-gudzhinskas.pdf\" target=\"_blank\" rel=\"noopener\">full text<\/a><\/p>\n\n\n\n<p><strong>AGABABYAN M. V. and FAJVUSH G. M. (1991):<\/strong> Centaurea section Centaurea in the Caucasus. &#8211; Thaiszia, Kosice, 1: 49-53. \u2013 ISSN 1210-0420.<br><a href=\"\/public\/media\/5498\/thaiszia-1-49-53-1991-agababyan.pdf\" target=\"_blank\" rel=\"noopener\">full text<\/a><\/p>\n\n\n\n<p><strong>KHANDZHYAN N. S. (1991):<\/strong> Rare species of Anthemideae Cass. (Asteraceae) of the Caucasus. &#8211; Thaiszia, Kosice, 1: 55-58. ISSN 1210-0420. \u2013 ISSN 1210-0420.<br><a href=\"\/public\/media\/5498\/thaiszia-1-55-58-1991-khandzyan.pdf\" target=\"_blank\" rel=\"noopener\">full text<\/a><\/p>\n\n\n\n<p><strong>ZEMANEK B. (1991):<\/strong> The phytogeographical boundary between the East and West Carpathians &#8211; past and present. &#8211; Thaiszia 1: 59-67. \u2013 ISSN 1210-0420.<br><a href=\"\/public\/media\/5498\/thaiszia-1-59-67-1991-zemanek.pdf\" target=\"_blank\" rel=\"noopener\">full text<\/a><\/p>\n\n\n\n<p><strong>JACOBSEN W. B. G. (1991):<\/strong> Phytogeographical analysis of the pteridophytes of some randomly selected areas of the world. &#8211; Thaiszia, Kosice, 1:69-94. \u2013 ISSN 1210-0420.<br><a href=\"\/public\/media\/5498\/thaiszia-1-69-94-1991-jacobsen.pdf\" target=\"_blank\" rel=\"noopener\">full text<\/a><\/p>\n\n\n\n<p><strong>MOCHNACK\u00dd S. (1991):<\/strong> Cynodonto &#8211; Plantaginetum in the East Slovakia. &#8211; Thaiszia, Kosice, 1: 95-106. \u2013 ISSN 1210-0420.<br><a href=\"\/public\/media\/5498\/thaiszia-1-95-106-1991-mochnacky.pdf\" target=\"_blank\" rel=\"noopener\">full text<\/a><\/p>\n\n\n\n<p><strong>BUTORAC B. (1991):<\/strong> Gentiana pneumonanthe L., a rare plant in the flora of Vojvodina. &#8211; Thaiszia, Kosice, 1:107-112. \u2013 ISSN 1210-0420.<br><a href=\"\/public\/media\/5498\/thaiszia-1-107-112-1991-butorac.pdf\" target=\"_blank\" rel=\"noopener\">full text<\/a><\/p>\n\n\n\n<p><strong>KORMUT\u00c1K A. (1991):<\/strong> Utilization of introduced species of firs (Abies sp.) in artificial hybridization. &#8211; Thaiszia, Kosice, 1: 113-118. \u2013 ISSN 1210-0420.<br><a href=\"\/public\/media\/5498\/thaiszia-1-113-118-1991-kormutak.pdf\" target=\"_blank\" rel=\"noopener\">full text<\/a><\/p>\n\n\n\n<p><strong>DITMAR O. (1991):<\/strong> In vitro regeneration of Curly birch, Betula pendula var. carelica. &#8211; Thaiszia, Kosice, 1: 119-124. \u2013 ISSN 1210-0420.<br><a href=\"\/public\/media\/5498\/thaiszia-1-119-124-1991-ditmar.pdf\" target=\"_blank\" rel=\"noopener\">full text<\/a><\/p>\n\n\n\n<p><strong>CHUBIRKO M. (1991):<\/strong> Embryology of some representatives of introduced Caesalpinioideae. &#8211; Thaiszia, Kosice, 1: 125-130. \u2013 ISSN 1210-0420.<br><a href=\"\/public\/media\/5498\/thaiszia-1-125-130-1991-chubirko.pdf\" target=\"_blank\" rel=\"noopener\">full text<\/a><\/p>\n\n\n\n<p><strong>TOK\u00c1R F. (1991):<\/strong> The utilization of exotic woody plants in forest management of lowland areas in Slovakia. \u2013 Thaiszia, Kosice, 1: 131-136. \u2013 ISSN 1210-0420.<br><a href=\"\/public\/media\/5498\/thaiszia-1-131-136-1991-tokar.pdf\" target=\"_blank\" rel=\"noopener\">full text<\/a><\/p>\n\n\n\n<p><strong>HRUB\u00cdK P. (1991):<\/strong> The importance of biotic pests on woody plants in arboreta and botanical gardens. &#8211; Thaiszia, Kosice, 1: 137-142. \u2013 ISSN 1210-0420.<br><a href=\"\/public\/media\/5498\/thaiszia-1-137-142-1991-hrubik.pdf\" target=\"_blank\" rel=\"noopener\">full text<\/a><\/p>\n\n\n\n<p><strong>KRICHFALUSHY V. (1991):<\/strong> Studies on the problem of the preservation of the biodiversity of ephemeroid geophytes in Transcarpathia. &#8211; Thaiszia, Kosice, 1: 143-149. \u2013 ISSN 1210-0420.<br><a href=\"https:\/\/www.upjs.sk\/app\/uploads\/sites\/15\/2022\/10\/thaiszia-1-143-149-1991-krichfalushy.pdf\" target=\"_blank\" rel=\"noreferrer noopener\">full text<\/a><\/p>\n\n\n<style>.wp-block-kadence-spacer.kt-block-spacer-15294_2aee5b-c2 .kt-block-spacer{height:20px;}.wp-block-kadence-spacer.kt-block-spacer-15294_2aee5b-c2 .kt-divider{border-top-width:2px;border-top-color:#eee;width:100%;border-top-style:solid;}<\/style>\n<div class=\"wp-block-kadence-spacer aligncenter kt-block-spacer-15294_2aee5b-c2\"><div class=\"kt-block-spacer kt-block-spacer-halign-center\"><hr class=\"kt-divider\"\/><\/div><\/div>\n\n\n\n<p><strong><a href=\"https:\/\/www.upjs.sk\/app\/uploads\/sites\/15\/2023\/12\/thaiszia-1-1991-150-List-of-reviewers.pdf\" target=\"_blank\" aria-label=\"List of reviewers (opens in a new tab)\" rel=\"noreferrer noopener\" class=\"ek-link\"><mark style=\"background-color:rgba(0, 0, 0, 0)\" class=\"has-inline-color has-zakladna-zlata-color\">List of reviewers<\/mark><\/a><\/strong><\/p>\n\n\n\n<p><strong><a href=\"https:\/\/intranet.upjs.sk\/op\/op.Public.php?documentid=8890\" target=\"_blank\" aria-label=\"RNDr. \u013dudov\u00edt Dost\u00e1l \u2013 55 years (opens in a new tab)\" rel=\"noreferrer noopener\" class=\"ek-link\"><mark style=\"background-color:rgba(0, 0, 0, 0)\" class=\"has-inline-color has-zakladna-zlata-color\">RNDr. \u013dudov\u00edt Dost\u00e1l \u2013 55 years<\/mark><\/a><\/strong><\/p>\n\n\n\n<p><strong><a href=\"https:\/\/www.upjs.sk\/app\/uploads\/sites\/15\/2023\/12\/thaiszia-1-1991-Book-reviews.pdf\" target=\"_blank\" aria-label=\"Book reviews (opens in a new tab)\" rel=\"noreferrer noopener\" class=\"ek-link\"><mark style=\"background-color:rgba(0, 0, 0, 0)\" class=\"has-inline-color has-zakladna-zlata-color\">Book reviews<\/mark><\/a><\/strong><\/p>\n","protected":false},"excerpt":{"rendered":"<p>THAISZIA \u2013 JOURNAL OF BOTANYvol. 1, 1991 \u2013 Contentsvol. 1 editum 16 February 1992 Cover page MIKOL\u00c1S V. (1991): Lajos Thaisz &#8211; The founder of scientific botany in Kosice. &#8211; Thaiszia, Kosice, 1: 3-16. \u2013 ISSN 1210-0420.full text EKIM T., AYTAC Z. and DUMAN H. (1991): Some new taxa of Astragalus L. and comments on &hellip; <a href=\"https:\/\/www.upjs.sk\/pracoviska\/botanicka-zahrada\/odborne-aktivity\/thaiszia-2\/volume-1-contents\/\">\u010c\u00edta\u0165 \u010falej<\/a><\/p>\n","protected":false},"author":1,"featured_media":0,"parent":15189,"menu_order":77,"comment_status":"closed","ping_status":"closed","template":"","meta":{"_acf_changed":false,"_editorskit_title_hidden":false,"_editorskit_reading_time":0,"_editorskit_is_block_options_detached":false,"_editorskit_block_options_position":"{}","footnotes":""},"categories":[],"tags":[],"class_list":["post-15294","page","type-page","status-publish","hentry"],"acf":{"acf_link_na_externy_obsah":""},"yoast_head":"<!-- This site is optimized with the Yoast SEO plugin v27.4 - https:\/\/yoast.com\/product\/yoast-seo-wordpress\/ -->\n<title>THAISZIA - JOURNAL OF BOTANY, Volume 1, 1991 - contents - Botanick\u00e1 z\u00e1hrada<\/title>\n<meta name=\"robots\" content=\"index, follow, max-snippet:-1, max-image-preview:large, max-video-preview:-1\" \/>\n<link rel=\"canonical\" href=\"https:\/\/www.upjs.sk\/pracoviska\/botanicka-zahrada\/odborne-aktivity\/thaiszia-2\/volume-1-contents\/\" \/>\n<meta property=\"og:locale\" content=\"sk_SK\" \/>\n<meta property=\"og:type\" content=\"article\" \/>\n<meta property=\"og:title\" content=\"THAISZIA - JOURNAL OF BOTANY, Volume 1, 1991 - contents - Botanick\u00e1 z\u00e1hrada\" \/>\n<meta property=\"og:description\" content=\"THAISZIA \u2013 JOURNAL OF BOTANYvol. 1, 1991 \u2013 Contentsvol. 1 editum 16 February 1992 Cover page MIKOL\u00c1S V. (1991): Lajos Thaisz &#8211; The founder of scientific botany in Kosice. &#8211; Thaiszia, Kosice, 1: 3-16. \u2013 ISSN 1210-0420.full text EKIM T., AYTAC Z. and DUMAN H. (1991): Some new taxa of Astragalus L. and comments on &hellip; \u010c\u00edta\u0165 \u010falej\" \/>\n<meta property=\"og:url\" content=\"https:\/\/www.upjs.sk\/pracoviska\/botanicka-zahrada\/odborne-aktivity\/thaiszia-2\/volume-1-contents\/\" \/>\n<meta property=\"og:site_name\" content=\"Botanick\u00e1 z\u00e1hrada\" \/>\n<meta property=\"article:modified_time\" content=\"2024-08-27T08:05:09+00:00\" \/>\n<meta name=\"twitter:card\" content=\"summary_large_image\" \/>\n<meta name=\"twitter:label1\" content=\"Predpokladan\u00fd \u010das \u010d\u00edtania\" \/>\n\t<meta name=\"twitter:data1\" content=\"3 min\u00faty\" \/>\n<script type=\"application\/ld+json\" class=\"yoast-schema-graph\">{\"@context\":\"https:\\\/\\\/schema.org\",\"@graph\":[{\"@type\":\"WebPage\",\"@id\":\"https:\\\/\\\/www.upjs.sk\\\/pracoviska\\\/botanicka-zahrada\\\/odborne-aktivity\\\/thaiszia-2\\\/volume-1-contents\\\/\",\"url\":\"https:\\\/\\\/www.upjs.sk\\\/pracoviska\\\/botanicka-zahrada\\\/odborne-aktivity\\\/thaiszia-2\\\/volume-1-contents\\\/\",\"name\":\"THAISZIA - JOURNAL OF BOTANY, Volume 1, 1991 - contents - Botanick\u00e1 z\u00e1hrada\",\"isPartOf\":{\"@id\":\"https:\\\/\\\/www.upjs.sk\\\/pracoviska\\\/botanicka-zahrada\\\/#website\"},\"datePublished\":\"2022-06-22T14:03:08+00:00\",\"dateModified\":\"2024-08-27T08:05:09+00:00\",\"breadcrumb\":{\"@id\":\"https:\\\/\\\/www.upjs.sk\\\/pracoviska\\\/botanicka-zahrada\\\/odborne-aktivity\\\/thaiszia-2\\\/volume-1-contents\\\/#breadcrumb\"},\"inLanguage\":\"sk-SK\",\"potentialAction\":[{\"@type\":\"ReadAction\",\"target\":[\"https:\\\/\\\/www.upjs.sk\\\/pracoviska\\\/botanicka-zahrada\\\/odborne-aktivity\\\/thaiszia-2\\\/volume-1-contents\\\/\"]}]},{\"@type\":\"BreadcrumbList\",\"@id\":\"https:\\\/\\\/www.upjs.sk\\\/pracoviska\\\/botanicka-zahrada\\\/odborne-aktivity\\\/thaiszia-2\\\/volume-1-contents\\\/#breadcrumb\",\"itemListElement\":[{\"@type\":\"ListItem\",\"position\":1,\"name\":\"Home\",\"item\":\"https:\\\/\\\/www.upjs.sk\\\/pracoviska\\\/botanicka-zahrada\\\/\"},{\"@type\":\"ListItem\",\"position\":2,\"name\":\"Odborn\u00e9 aktivity\",\"item\":\"https:\\\/\\\/www.upjs.sk\\\/pracoviska\\\/botanicka-zahrada\\\/odborne-aktivity\\\/\"},{\"@type\":\"ListItem\",\"position\":3,\"name\":\"Thaiszia \u2013 Journal of Botany\",\"item\":\"https:\\\/\\\/www.upjs.sk\\\/pracoviska\\\/botanicka-zahrada\\\/odborne-aktivity\\\/thaiszia-2\\\/\"},{\"@type\":\"ListItem\",\"position\":4,\"name\":\"THAISZIA &#8211; JOURNAL OF BOTANY, Volume 1, 1991 &#8211; contents\"}]},{\"@type\":\"WebSite\",\"@id\":\"https:\\\/\\\/www.upjs.sk\\\/pracoviska\\\/botanicka-zahrada\\\/#website\",\"url\":\"https:\\\/\\\/www.upjs.sk\\\/pracoviska\\\/botanicka-zahrada\\\/\",\"name\":\"Botanick\u00e1 z\u00e1hrada\",\"description\":\"\",\"publisher\":{\"@id\":\"https:\\\/\\\/www.upjs.sk\\\/pracoviska\\\/botanicka-zahrada\\\/#organization\"},\"potentialAction\":[{\"@type\":\"SearchAction\",\"target\":{\"@type\":\"EntryPoint\",\"urlTemplate\":\"https:\\\/\\\/www.upjs.sk\\\/pracoviska\\\/botanicka-zahrada\\\/?s={search_term_string}\"},\"query-input\":{\"@type\":\"PropertyValueSpecification\",\"valueRequired\":true,\"valueName\":\"search_term_string\"}}],\"inLanguage\":\"sk-SK\"},{\"@type\":\"Organization\",\"@id\":\"https:\\\/\\\/www.upjs.sk\\\/pracoviska\\\/botanicka-zahrada\\\/#organization\",\"name\":\"Botanick\u00e1 z\u00e1hrada\",\"url\":\"https:\\\/\\\/www.upjs.sk\\\/pracoviska\\\/botanicka-zahrada\\\/\",\"logo\":{\"@type\":\"ImageObject\",\"inLanguage\":\"sk-SK\",\"@id\":\"https:\\\/\\\/www.upjs.sk\\\/pracoviska\\\/botanicka-zahrada\\\/#\\\/schema\\\/logo\\\/image\\\/\",\"url\":\"https:\\\/\\\/www.upjs.sk\\\/app\\\/uploads\\\/sites\\\/15\\\/2023\\\/01\\\/BZ-2.svg\",\"contentUrl\":\"https:\\\/\\\/www.upjs.sk\\\/app\\\/uploads\\\/sites\\\/15\\\/2023\\\/01\\\/BZ-2.svg\",\"width\":500,\"height\":138,\"caption\":\"Botanick\u00e1 z\u00e1hrada\"},\"image\":{\"@id\":\"https:\\\/\\\/www.upjs.sk\\\/pracoviska\\\/botanicka-zahrada\\\/#\\\/schema\\\/logo\\\/image\\\/\"}}]}<\/script>\n<!-- \/ Yoast SEO plugin. -->","yoast_head_json":{"title":"THAISZIA - JOURNAL OF BOTANY, Volume 1, 1991 - contents - Botanick\u00e1 z\u00e1hrada","robots":{"index":"index","follow":"follow","max-snippet":"max-snippet:-1","max-image-preview":"max-image-preview:large","max-video-preview":"max-video-preview:-1"},"canonical":"https:\/\/www.upjs.sk\/pracoviska\/botanicka-zahrada\/odborne-aktivity\/thaiszia-2\/volume-1-contents\/","og_locale":"sk_SK","og_type":"article","og_title":"THAISZIA - JOURNAL OF BOTANY, Volume 1, 1991 - contents - Botanick\u00e1 z\u00e1hrada","og_description":"THAISZIA \u2013 JOURNAL OF BOTANYvol. 1, 1991 \u2013 Contentsvol. 1 editum 16 February 1992 Cover page MIKOL\u00c1S V. (1991): Lajos Thaisz &#8211; The founder of scientific botany in Kosice. &#8211; Thaiszia, Kosice, 1: 3-16. \u2013 ISSN 1210-0420.full text EKIM T., AYTAC Z. and DUMAN H. (1991): Some new taxa of Astragalus L. and comments on &hellip; \u010c\u00edta\u0165 \u010falej","og_url":"https:\/\/www.upjs.sk\/pracoviska\/botanicka-zahrada\/odborne-aktivity\/thaiszia-2\/volume-1-contents\/","og_site_name":"Botanick\u00e1 z\u00e1hrada","article_modified_time":"2024-08-27T08:05:09+00:00","twitter_card":"summary_large_image","twitter_misc":{"Predpokladan\u00fd \u010das \u010d\u00edtania":"3 min\u00faty"},"schema":{"@context":"https:\/\/schema.org","@graph":[{"@type":"WebPage","@id":"https:\/\/www.upjs.sk\/pracoviska\/botanicka-zahrada\/odborne-aktivity\/thaiszia-2\/volume-1-contents\/","url":"https:\/\/www.upjs.sk\/pracoviska\/botanicka-zahrada\/odborne-aktivity\/thaiszia-2\/volume-1-contents\/","name":"THAISZIA - JOURNAL OF BOTANY, Volume 1, 1991 - contents - Botanick\u00e1 z\u00e1hrada","isPartOf":{"@id":"https:\/\/www.upjs.sk\/pracoviska\/botanicka-zahrada\/#website"},"datePublished":"2022-06-22T14:03:08+00:00","dateModified":"2024-08-27T08:05:09+00:00","breadcrumb":{"@id":"https:\/\/www.upjs.sk\/pracoviska\/botanicka-zahrada\/odborne-aktivity\/thaiszia-2\/volume-1-contents\/#breadcrumb"},"inLanguage":"sk-SK","potentialAction":[{"@type":"ReadAction","target":["https:\/\/www.upjs.sk\/pracoviska\/botanicka-zahrada\/odborne-aktivity\/thaiszia-2\/volume-1-contents\/"]}]},{"@type":"BreadcrumbList","@id":"https:\/\/www.upjs.sk\/pracoviska\/botanicka-zahrada\/odborne-aktivity\/thaiszia-2\/volume-1-contents\/#breadcrumb","itemListElement":[{"@type":"ListItem","position":1,"name":"Home","item":"https:\/\/www.upjs.sk\/pracoviska\/botanicka-zahrada\/"},{"@type":"ListItem","position":2,"name":"Odborn\u00e9 aktivity","item":"https:\/\/www.upjs.sk\/pracoviska\/botanicka-zahrada\/odborne-aktivity\/"},{"@type":"ListItem","position":3,"name":"Thaiszia \u2013 Journal of Botany","item":"https:\/\/www.upjs.sk\/pracoviska\/botanicka-zahrada\/odborne-aktivity\/thaiszia-2\/"},{"@type":"ListItem","position":4,"name":"THAISZIA &#8211; JOURNAL OF BOTANY, Volume 1, 1991 &#8211; contents"}]},{"@type":"WebSite","@id":"https:\/\/www.upjs.sk\/pracoviska\/botanicka-zahrada\/#website","url":"https:\/\/www.upjs.sk\/pracoviska\/botanicka-zahrada\/","name":"Botanick\u00e1 z\u00e1hrada","description":"","publisher":{"@id":"https:\/\/www.upjs.sk\/pracoviska\/botanicka-zahrada\/#organization"},"potentialAction":[{"@type":"SearchAction","target":{"@type":"EntryPoint","urlTemplate":"https:\/\/www.upjs.sk\/pracoviska\/botanicka-zahrada\/?s={search_term_string}"},"query-input":{"@type":"PropertyValueSpecification","valueRequired":true,"valueName":"search_term_string"}}],"inLanguage":"sk-SK"},{"@type":"Organization","@id":"https:\/\/www.upjs.sk\/pracoviska\/botanicka-zahrada\/#organization","name":"Botanick\u00e1 z\u00e1hrada","url":"https:\/\/www.upjs.sk\/pracoviska\/botanicka-zahrada\/","logo":{"@type":"ImageObject","inLanguage":"sk-SK","@id":"https:\/\/www.upjs.sk\/pracoviska\/botanicka-zahrada\/#\/schema\/logo\/image\/","url":"https:\/\/www.upjs.sk\/app\/uploads\/sites\/15\/2023\/01\/BZ-2.svg","contentUrl":"https:\/\/www.upjs.sk\/app\/uploads\/sites\/15\/2023\/01\/BZ-2.svg","width":500,"height":138,"caption":"Botanick\u00e1 z\u00e1hrada"},"image":{"@id":"https:\/\/www.upjs.sk\/pracoviska\/botanicka-zahrada\/#\/schema\/logo\/image\/"}}]}},"_links":{"self":[{"href":"https:\/\/www.upjs.sk\/pracoviska\/botanicka-zahrada\/wp-json\/wp\/v2\/pages\/15294","targetHints":{"allow":["GET"]}}],"collection":[{"href":"https:\/\/www.upjs.sk\/pracoviska\/botanicka-zahrada\/wp-json\/wp\/v2\/pages"}],"about":[{"href":"https:\/\/www.upjs.sk\/pracoviska\/botanicka-zahrada\/wp-json\/wp\/v2\/types\/page"}],"author":[{"embeddable":true,"href":"https:\/\/www.upjs.sk\/pracoviska\/botanicka-zahrada\/wp-json\/wp\/v2\/users\/1"}],"replies":[{"embeddable":true,"href":"https:\/\/www.upjs.sk\/pracoviska\/botanicka-zahrada\/wp-json\/wp\/v2\/comments?post=15294"}],"version-history":[{"count":10,"href":"https:\/\/www.upjs.sk\/pracoviska\/botanicka-zahrada\/wp-json\/wp\/v2\/pages\/15294\/revisions"}],"predecessor-version":[{"id":22551,"href":"https:\/\/www.upjs.sk\/pracoviska\/botanicka-zahrada\/wp-json\/wp\/v2\/pages\/15294\/revisions\/22551"}],"up":[{"embeddable":true,"href":"https:\/\/www.upjs.sk\/pracoviska\/botanicka-zahrada\/wp-json\/wp\/v2\/pages\/15189"}],"wp:attachment":[{"href":"https:\/\/www.upjs.sk\/pracoviska\/botanicka-zahrada\/wp-json\/wp\/v2\/media?parent=15294"}],"wp:term":[{"taxonomy":"category","embeddable":true,"href":"https:\/\/www.upjs.sk\/pracoviska\/botanicka-zahrada\/wp-json\/wp\/v2\/categories?post=15294"},{"taxonomy":"post_tag","embeddable":true,"href":"https:\/\/www.upjs.sk\/pracoviska\/botanicka-zahrada\/wp-json\/wp\/v2\/tags?post=15294"}],"curies":[{"name":"wp","href":"https:\/\/api.w.org\/{rel}","templated":true}]}}