{"id":20196,"date":"2023-02-17T11:18:56","date_gmt":"2023-02-17T11:18:56","guid":{"rendered":"https:\/\/www.upjs.sk\/pracoviska\/botanicka-zahrada\/?page_id=20196"},"modified":"2023-06-08T09:27:20","modified_gmt":"2023-06-08T09:27:20","slug":"botanikiada-2023","status":"publish","type":"page","link":"https:\/\/www.upjs.sk\/pracoviska\/botanicka-zahrada\/ponukame\/botanikiada-2023\/","title":{"rendered":"Botaniki\u00e1da 2023"},"content":{"rendered":"\n<p>&nbsp;V\u00e1\u017een\u00ed u\u010ditelia, mil\u00ed \u017eiaci, priaznivci projektu <img decoding=\"async\" src=\"http:\/\/www.upjs.sk\/\/app\/uploads\/sites\/15\/2022\/10\/botanikiada-web.jpg\" alt=\"\">za\u010d\u00edname s pr\u00edpravami \u010fal\u0161ieho ro\u010dn\u00edka projektu BOTANIKI\u00c1DA, ktor\u00fd sa bude venova\u0165 d\u00f4le\u017eitosti vody v pr\u00edrode. Ver\u00edme, \u017ee sa n\u00e1m podar\u00ed pripravi\u0165 motivuj\u00face podujatie nielen pre \u017eiakov, ale aj pedag\u00f3gov.<\/p>\n\n\n\n<p>Pre lep\u0161iu organiz\u00e1ciu V\u00e1m pon\u00fakame harmonogram priebehu projektu BOTANIKI\u00c1DA 2023 v bodoch:<\/p>\n\n\n\n<ol class=\"wp-block-list\">\n<li>13.2.2023 \u2013 zasielanie informa\u010dn\u00fdch listov<\/li>\n\n\n\n<li>20.2.2023 \u2013 registr\u00e1cia Z\u0160 prostredn\u00edctvom on-line formul\u00e1ra (ukon\u010denie registr\u00e1cie pod\u013ea naplnenia kapacity 100+3 \u0161koly)<\/li>\n\n\n\n<li>11.4. \u2013 14.4.2023 \u2013 zasielanie k\u00f3dov a inform\u00e1ci\u00ed k on-line testom jednotliv\u00fdm Z\u0160<\/li>\n\n\n\n<li>17.4. \u2013 21.4.2023 \u2013 on-line kolo na zaregistrovan\u00fdch Z\u0160<\/li>\n\n\n\n<li>do 2.5. 2023 \u2013 zasielanie menoslovu \u00fa\u010dastn\u00edkov region\u00e1lneho kola<\/li>\n\n\n\n<li>10., 17. a 24.5.2023 \u2013 turnusy region\u00e1lneho kola v botanickej z\u00e1hrade<\/li>\n<\/ol>\n\n\n\n<p><\/p>\n\n\n\n<p>\u25ba <strong><a aria-label=\"List pedag\u00f3gom (opens in a new tab)\" href=\"https:\/\/www.upjs.sk\/app\/uploads\/sites\/15\/2023\/02\/botanikiada2023-list-pedagogom.pdf\" target=\"_blank\" rel=\"noreferrer noopener\" class=\"ek-link\">List pedag\u00f3gom<\/a><\/strong><\/p>\n\n\n\n<p>U\u017e teraz sa te\u0161\u00edme na stretnutie s Vami!<\/p>\n\n\n\n<p>Realiza\u010dn\u00fd t\u00edm projektu BOTANIKI\u00c1DA\u00a0<\/p>\n\n\n<style>.wp-block-kadence-spacer.kt-block-spacer-_110b2c-ae .kt-block-spacer{height:20px;}.wp-block-kadence-spacer.kt-block-spacer-_110b2c-ae .kt-divider{border-top-width:2px;border-top-color:#eee;width:100%;border-top-style:solid;}<\/style>\n<div class=\"wp-block-kadence-spacer aligncenter kt-block-spacer-_110b2c-ae\"><div class=\"kt-block-spacer kt-block-spacer-halign-center\"><hr class=\"kt-divider\"\/><\/div><\/div>\n\n\n\n<p>\u2666 <strong><a href=\"https:\/\/www.upjs.sk\/pracoviska\/botanicka-zahrada\/ponukame\/botanikiada-archiv\/\">Arch\u00edv<\/a><\/strong><\/p>\n","protected":false},"excerpt":{"rendered":"<p>&nbsp;V\u00e1\u017een\u00ed u\u010ditelia, mil\u00ed \u017eiaci, priaznivci projektu za\u010d\u00edname s pr\u00edpravami \u010fal\u0161ieho ro\u010dn\u00edka projektu BOTANIKI\u00c1DA, ktor\u00fd sa bude venova\u0165 d\u00f4le\u017eitosti vody v pr\u00edrode. Ver\u00edme, \u017ee sa n\u00e1m podar\u00ed pripravi\u0165 motivuj\u00face podujatie nielen pre \u017eiakov, ale aj pedag\u00f3gov. Pre lep\u0161iu organiz\u00e1ciu V\u00e1m pon\u00fakame harmonogram priebehu projektu BOTANIKI\u00c1DA 2023 v bodoch: \u25ba List pedag\u00f3gom U\u017e teraz sa te\u0161\u00edme na &hellip; <a href=\"https:\/\/www.upjs.sk\/pracoviska\/botanicka-zahrada\/ponukame\/botanikiada-2023\/\">\u010c\u00edta\u0165 \u010falej<\/a><\/p>\n","protected":false},"author":14,"featured_media":0,"parent":14263,"menu_order":24,"comment_status":"closed","ping_status":"closed","template":"","meta":{"_acf_changed":false,"_editorskit_title_hidden":false,"_editorskit_reading_time":1,"_editorskit_is_block_options_detached":false,"_editorskit_block_options_position":"{}","footnotes":""},"categories":[],"tags":[],"class_list":["post-20196","page","type-page","status-publish","hentry"],"acf":{"acf_link_na_externy_obsah":""},"yoast_head":"<!-- This site is optimized with the Yoast SEO plugin v27.4 - https:\/\/yoast.com\/product\/yoast-seo-wordpress\/ -->\n<title>Botaniki\u00e1da 2023 - Botanick\u00e1 z\u00e1hrada<\/title>\n<meta name=\"robots\" content=\"index, follow, max-snippet:-1, max-image-preview:large, max-video-preview:-1\" \/>\n<link rel=\"canonical\" href=\"https:\/\/www.upjs.sk\/pracoviska\/botanicka-zahrada\/ponukame\/botanikiada-2023\/\" \/>\n<meta property=\"og:locale\" content=\"sk_SK\" \/>\n<meta property=\"og:type\" content=\"article\" \/>\n<meta property=\"og:title\" content=\"Botaniki\u00e1da 2023 - Botanick\u00e1 z\u00e1hrada\" \/>\n<meta property=\"og:description\" content=\"&nbsp;V\u00e1\u017een\u00ed u\u010ditelia, mil\u00ed \u017eiaci, priaznivci projektu za\u010d\u00edname s pr\u00edpravami \u010fal\u0161ieho ro\u010dn\u00edka projektu BOTANIKI\u00c1DA, ktor\u00fd sa bude venova\u0165 d\u00f4le\u017eitosti vody v pr\u00edrode. Ver\u00edme, \u017ee sa n\u00e1m podar\u00ed pripravi\u0165 motivuj\u00face podujatie nielen pre \u017eiakov, ale aj pedag\u00f3gov. Pre lep\u0161iu organiz\u00e1ciu V\u00e1m pon\u00fakame harmonogram priebehu projektu BOTANIKI\u00c1DA 2023 v bodoch: \u25ba List pedag\u00f3gom U\u017e teraz sa te\u0161\u00edme na &hellip; \u010c\u00edta\u0165 \u010falej\" \/>\n<meta property=\"og:url\" content=\"https:\/\/www.upjs.sk\/pracoviska\/botanicka-zahrada\/ponukame\/botanikiada-2023\/\" \/>\n<meta property=\"og:site_name\" content=\"Botanick\u00e1 z\u00e1hrada\" \/>\n<meta property=\"article:modified_time\" content=\"2023-06-08T09:27:20+00:00\" \/>\n<meta property=\"og:image\" content=\"http:\/\/www.upjs.sk\/\/app\/uploads\/sites\/15\/2022\/10\/botanikiada-web.jpg\" \/>\n<meta name=\"twitter:card\" content=\"summary_large_image\" \/>\n<meta name=\"twitter:label1\" content=\"Predpokladan\u00fd \u010das \u010d\u00edtania\" \/>\n\t<meta name=\"twitter:data1\" content=\"1 min\u00fata\" \/>\n<script type=\"application\/ld+json\" class=\"yoast-schema-graph\">{\"@context\":\"https:\\\/\\\/schema.org\",\"@graph\":[{\"@type\":\"WebPage\",\"@id\":\"https:\\\/\\\/www.upjs.sk\\\/pracoviska\\\/botanicka-zahrada\\\/ponukame\\\/botanikiada-2023\\\/\",\"url\":\"https:\\\/\\\/www.upjs.sk\\\/pracoviska\\\/botanicka-zahrada\\\/ponukame\\\/botanikiada-2023\\\/\",\"name\":\"Botaniki\u00e1da 2023 - Botanick\u00e1 z\u00e1hrada\",\"isPartOf\":{\"@id\":\"https:\\\/\\\/www.upjs.sk\\\/pracoviska\\\/botanicka-zahrada\\\/#website\"},\"primaryImageOfPage\":{\"@id\":\"https:\\\/\\\/www.upjs.sk\\\/pracoviska\\\/botanicka-zahrada\\\/ponukame\\\/botanikiada-2023\\\/#primaryimage\"},\"image\":{\"@id\":\"https:\\\/\\\/www.upjs.sk\\\/pracoviska\\\/botanicka-zahrada\\\/ponukame\\\/botanikiada-2023\\\/#primaryimage\"},\"thumbnailUrl\":\"http:\\\/\\\/www.upjs.sk\\\/\\\/app\\\/uploads\\\/sites\\\/15\\\/2022\\\/10\\\/botanikiada-web.jpg\",\"datePublished\":\"2023-02-17T11:18:56+00:00\",\"dateModified\":\"2023-06-08T09:27:20+00:00\",\"breadcrumb\":{\"@id\":\"https:\\\/\\\/www.upjs.sk\\\/pracoviska\\\/botanicka-zahrada\\\/ponukame\\\/botanikiada-2023\\\/#breadcrumb\"},\"inLanguage\":\"sk-SK\",\"potentialAction\":[{\"@type\":\"ReadAction\",\"target\":[\"https:\\\/\\\/www.upjs.sk\\\/pracoviska\\\/botanicka-zahrada\\\/ponukame\\\/botanikiada-2023\\\/\"]}]},{\"@type\":\"ImageObject\",\"inLanguage\":\"sk-SK\",\"@id\":\"https:\\\/\\\/www.upjs.sk\\\/pracoviska\\\/botanicka-zahrada\\\/ponukame\\\/botanikiada-2023\\\/#primaryimage\",\"url\":\"http:\\\/\\\/www.upjs.sk\\\/\\\/app\\\/uploads\\\/sites\\\/15\\\/2022\\\/10\\\/botanikiada-web.jpg\",\"contentUrl\":\"http:\\\/\\\/www.upjs.sk\\\/\\\/app\\\/uploads\\\/sites\\\/15\\\/2022\\\/10\\\/botanikiada-web.jpg\"},{\"@type\":\"BreadcrumbList\",\"@id\":\"https:\\\/\\\/www.upjs.sk\\\/pracoviska\\\/botanicka-zahrada\\\/ponukame\\\/botanikiada-2023\\\/#breadcrumb\",\"itemListElement\":[{\"@type\":\"ListItem\",\"position\":1,\"name\":\"Home\",\"item\":\"https:\\\/\\\/www.upjs.sk\\\/pracoviska\\\/botanicka-zahrada\\\/\"},{\"@type\":\"ListItem\",\"position\":2,\"name\":\"\u010co pon\u00fakame\",\"item\":\"https:\\\/\\\/www.upjs.sk\\\/pracoviska\\\/botanicka-zahrada\\\/ponukame\\\/\"},{\"@type\":\"ListItem\",\"position\":3,\"name\":\"Botaniki\u00e1da 2023\"}]},{\"@type\":\"WebSite\",\"@id\":\"https:\\\/\\\/www.upjs.sk\\\/pracoviska\\\/botanicka-zahrada\\\/#website\",\"url\":\"https:\\\/\\\/www.upjs.sk\\\/pracoviska\\\/botanicka-zahrada\\\/\",\"name\":\"Botanick\u00e1 z\u00e1hrada\",\"description\":\"\",\"publisher\":{\"@id\":\"https:\\\/\\\/www.upjs.sk\\\/pracoviska\\\/botanicka-zahrada\\\/#organization\"},\"potentialAction\":[{\"@type\":\"SearchAction\",\"target\":{\"@type\":\"EntryPoint\",\"urlTemplate\":\"https:\\\/\\\/www.upjs.sk\\\/pracoviska\\\/botanicka-zahrada\\\/?s={search_term_string}\"},\"query-input\":{\"@type\":\"PropertyValueSpecification\",\"valueRequired\":true,\"valueName\":\"search_term_string\"}}],\"inLanguage\":\"sk-SK\"},{\"@type\":\"Organization\",\"@id\":\"https:\\\/\\\/www.upjs.sk\\\/pracoviska\\\/botanicka-zahrada\\\/#organization\",\"name\":\"Botanick\u00e1 z\u00e1hrada\",\"url\":\"https:\\\/\\\/www.upjs.sk\\\/pracoviska\\\/botanicka-zahrada\\\/\",\"logo\":{\"@type\":\"ImageObject\",\"inLanguage\":\"sk-SK\",\"@id\":\"https:\\\/\\\/www.upjs.sk\\\/pracoviska\\\/botanicka-zahrada\\\/#\\\/schema\\\/logo\\\/image\\\/\",\"url\":\"https:\\\/\\\/www.upjs.sk\\\/app\\\/uploads\\\/sites\\\/15\\\/2023\\\/01\\\/BZ-2.svg\",\"contentUrl\":\"https:\\\/\\\/www.upjs.sk\\\/app\\\/uploads\\\/sites\\\/15\\\/2023\\\/01\\\/BZ-2.svg\",\"width\":500,\"height\":138,\"caption\":\"Botanick\u00e1 z\u00e1hrada\"},\"image\":{\"@id\":\"https:\\\/\\\/www.upjs.sk\\\/pracoviska\\\/botanicka-zahrada\\\/#\\\/schema\\\/logo\\\/image\\\/\"}}]}<\/script>\n<!-- \/ Yoast SEO plugin. -->","yoast_head_json":{"title":"Botaniki\u00e1da 2023 - Botanick\u00e1 z\u00e1hrada","robots":{"index":"index","follow":"follow","max-snippet":"max-snippet:-1","max-image-preview":"max-image-preview:large","max-video-preview":"max-video-preview:-1"},"canonical":"https:\/\/www.upjs.sk\/pracoviska\/botanicka-zahrada\/ponukame\/botanikiada-2023\/","og_locale":"sk_SK","og_type":"article","og_title":"Botaniki\u00e1da 2023 - Botanick\u00e1 z\u00e1hrada","og_description":"&nbsp;V\u00e1\u017een\u00ed u\u010ditelia, mil\u00ed \u017eiaci, priaznivci projektu za\u010d\u00edname s pr\u00edpravami \u010fal\u0161ieho ro\u010dn\u00edka projektu BOTANIKI\u00c1DA, ktor\u00fd sa bude venova\u0165 d\u00f4le\u017eitosti vody v pr\u00edrode. Ver\u00edme, \u017ee sa n\u00e1m podar\u00ed pripravi\u0165 motivuj\u00face podujatie nielen pre \u017eiakov, ale aj pedag\u00f3gov. Pre lep\u0161iu organiz\u00e1ciu V\u00e1m pon\u00fakame harmonogram priebehu projektu BOTANIKI\u00c1DA 2023 v bodoch: \u25ba List pedag\u00f3gom U\u017e teraz sa te\u0161\u00edme na &hellip; \u010c\u00edta\u0165 \u010falej","og_url":"https:\/\/www.upjs.sk\/pracoviska\/botanicka-zahrada\/ponukame\/botanikiada-2023\/","og_site_name":"Botanick\u00e1 z\u00e1hrada","article_modified_time":"2023-06-08T09:27:20+00:00","og_image":[{"url":"http:\/\/www.upjs.sk\/\/app\/uploads\/sites\/15\/2022\/10\/botanikiada-web.jpg","type":"","width":"","height":""}],"twitter_card":"summary_large_image","twitter_misc":{"Predpokladan\u00fd \u010das \u010d\u00edtania":"1 min\u00fata"},"schema":{"@context":"https:\/\/schema.org","@graph":[{"@type":"WebPage","@id":"https:\/\/www.upjs.sk\/pracoviska\/botanicka-zahrada\/ponukame\/botanikiada-2023\/","url":"https:\/\/www.upjs.sk\/pracoviska\/botanicka-zahrada\/ponukame\/botanikiada-2023\/","name":"Botaniki\u00e1da 2023 - Botanick\u00e1 z\u00e1hrada","isPartOf":{"@id":"https:\/\/www.upjs.sk\/pracoviska\/botanicka-zahrada\/#website"},"primaryImageOfPage":{"@id":"https:\/\/www.upjs.sk\/pracoviska\/botanicka-zahrada\/ponukame\/botanikiada-2023\/#primaryimage"},"image":{"@id":"https:\/\/www.upjs.sk\/pracoviska\/botanicka-zahrada\/ponukame\/botanikiada-2023\/#primaryimage"},"thumbnailUrl":"http:\/\/www.upjs.sk\/\/app\/uploads\/sites\/15\/2022\/10\/botanikiada-web.jpg","datePublished":"2023-02-17T11:18:56+00:00","dateModified":"2023-06-08T09:27:20+00:00","breadcrumb":{"@id":"https:\/\/www.upjs.sk\/pracoviska\/botanicka-zahrada\/ponukame\/botanikiada-2023\/#breadcrumb"},"inLanguage":"sk-SK","potentialAction":[{"@type":"ReadAction","target":["https:\/\/www.upjs.sk\/pracoviska\/botanicka-zahrada\/ponukame\/botanikiada-2023\/"]}]},{"@type":"ImageObject","inLanguage":"sk-SK","@id":"https:\/\/www.upjs.sk\/pracoviska\/botanicka-zahrada\/ponukame\/botanikiada-2023\/#primaryimage","url":"http:\/\/www.upjs.sk\/\/app\/uploads\/sites\/15\/2022\/10\/botanikiada-web.jpg","contentUrl":"http:\/\/www.upjs.sk\/\/app\/uploads\/sites\/15\/2022\/10\/botanikiada-web.jpg"},{"@type":"BreadcrumbList","@id":"https:\/\/www.upjs.sk\/pracoviska\/botanicka-zahrada\/ponukame\/botanikiada-2023\/#breadcrumb","itemListElement":[{"@type":"ListItem","position":1,"name":"Home","item":"https:\/\/www.upjs.sk\/pracoviska\/botanicka-zahrada\/"},{"@type":"ListItem","position":2,"name":"\u010co pon\u00fakame","item":"https:\/\/www.upjs.sk\/pracoviska\/botanicka-zahrada\/ponukame\/"},{"@type":"ListItem","position":3,"name":"Botaniki\u00e1da 2023"}]},{"@type":"WebSite","@id":"https:\/\/www.upjs.sk\/pracoviska\/botanicka-zahrada\/#website","url":"https:\/\/www.upjs.sk\/pracoviska\/botanicka-zahrada\/","name":"Botanick\u00e1 z\u00e1hrada","description":"","publisher":{"@id":"https:\/\/www.upjs.sk\/pracoviska\/botanicka-zahrada\/#organization"},"potentialAction":[{"@type":"SearchAction","target":{"@type":"EntryPoint","urlTemplate":"https:\/\/www.upjs.sk\/pracoviska\/botanicka-zahrada\/?s={search_term_string}"},"query-input":{"@type":"PropertyValueSpecification","valueRequired":true,"valueName":"search_term_string"}}],"inLanguage":"sk-SK"},{"@type":"Organization","@id":"https:\/\/www.upjs.sk\/pracoviska\/botanicka-zahrada\/#organization","name":"Botanick\u00e1 z\u00e1hrada","url":"https:\/\/www.upjs.sk\/pracoviska\/botanicka-zahrada\/","logo":{"@type":"ImageObject","inLanguage":"sk-SK","@id":"https:\/\/www.upjs.sk\/pracoviska\/botanicka-zahrada\/#\/schema\/logo\/image\/","url":"https:\/\/www.upjs.sk\/app\/uploads\/sites\/15\/2023\/01\/BZ-2.svg","contentUrl":"https:\/\/www.upjs.sk\/app\/uploads\/sites\/15\/2023\/01\/BZ-2.svg","width":500,"height":138,"caption":"Botanick\u00e1 z\u00e1hrada"},"image":{"@id":"https:\/\/www.upjs.sk\/pracoviska\/botanicka-zahrada\/#\/schema\/logo\/image\/"}}]}},"_links":{"self":[{"href":"https:\/\/www.upjs.sk\/pracoviska\/botanicka-zahrada\/wp-json\/wp\/v2\/pages\/20196","targetHints":{"allow":["GET"]}}],"collection":[{"href":"https:\/\/www.upjs.sk\/pracoviska\/botanicka-zahrada\/wp-json\/wp\/v2\/pages"}],"about":[{"href":"https:\/\/www.upjs.sk\/pracoviska\/botanicka-zahrada\/wp-json\/wp\/v2\/types\/page"}],"author":[{"embeddable":true,"href":"https:\/\/www.upjs.sk\/pracoviska\/botanicka-zahrada\/wp-json\/wp\/v2\/users\/14"}],"replies":[{"embeddable":true,"href":"https:\/\/www.upjs.sk\/pracoviska\/botanicka-zahrada\/wp-json\/wp\/v2\/comments?post=20196"}],"version-history":[{"count":6,"href":"https:\/\/www.upjs.sk\/pracoviska\/botanicka-zahrada\/wp-json\/wp\/v2\/pages\/20196\/revisions"}],"predecessor-version":[{"id":20801,"href":"https:\/\/www.upjs.sk\/pracoviska\/botanicka-zahrada\/wp-json\/wp\/v2\/pages\/20196\/revisions\/20801"}],"up":[{"embeddable":true,"href":"https:\/\/www.upjs.sk\/pracoviska\/botanicka-zahrada\/wp-json\/wp\/v2\/pages\/14263"}],"wp:attachment":[{"href":"https:\/\/www.upjs.sk\/pracoviska\/botanicka-zahrada\/wp-json\/wp\/v2\/media?parent=20196"}],"wp:term":[{"taxonomy":"category","embeddable":true,"href":"https:\/\/www.upjs.sk\/pracoviska\/botanicka-zahrada\/wp-json\/wp\/v2\/categories?post=20196"},{"taxonomy":"post_tag","embeddable":true,"href":"https:\/\/www.upjs.sk\/pracoviska\/botanicka-zahrada\/wp-json\/wp\/v2\/tags?post=20196"}],"curies":[{"name":"wp","href":"https:\/\/api.w.org\/{rel}","templated":true}]}}