{"id":20750,"date":"2023-05-22T11:58:53","date_gmt":"2023-05-22T11:58:53","guid":{"rendered":"https:\/\/www.upjs.sk\/pracoviska\/botanicka-zahrada\/?page_id=20750"},"modified":"2023-12-15T09:23:33","modified_gmt":"2023-12-15T09:23:33","slug":"volume-33-2023-contents","status":"publish","type":"page","link":"https:\/\/www.upjs.sk\/pracoviska\/botanicka-zahrada\/odborne-aktivity\/thaiszia-2\/volume-33-2023-contents\/","title":{"rendered":"THAISZIA &#8211; JOURNAL OF BOTANY, Volume 33, 2023 \u2013 contents"},"content":{"rendered":"\n<p><strong>THAISZIA \u2013 JOURNAL OF BOTANY, Volume 33, 2023 \u2013 contents<\/strong><br><strong>vol. 33\/1<\/strong><br><strong>vol. 33\/2<\/strong><\/p>\n\n\n\n<p><strong>Cahyanto T., Efendi M., Nisa N. K., Nurhalim H., Rahman W. &amp; Fadillah A. (2022):<\/strong> A survey of the genus <em>Lasianthus <\/em>in Mount Burangrang, West Java. \u2013 Thaiszia \u2013 J. Bot. 33 (1): 001-028. &#8211; <a aria-label=\" (opens in a new tab)\" href=\"https:\/\/doi.org\/10.33542\/TJB2023-1-01\" target=\"_blank\" rel=\"noreferrer noopener\" class=\"ek-link\">https:\/\/doi.org\/10.33542\/TJB2023-1-01<\/a><br><a href=\"https:\/\/intranet.upjs.sk\/op\/op.Public.php?documentid=8418\" target=\"_blank\" rel=\"noreferrer noopener\" class=\"ek-link\"><\/a><a href=\"https:\/\/intranet.upjs.sk\/op\/op.Public.php?documentid=8418\" target=\"_blank\" rel=\"noreferrer noopener\" class=\"ek-link\">Full tex<\/a><a href=\"https:\/\/www.upjs.sk\/app\/uploads\/sites\/15\/2023\/05\/01_Cahyanto-etal_001-028_fin-1.pdf\" target=\"_blank\" rel=\"noreferrer noopener\">t<\/a><\/p>\n\n\n\n<p><strong>Ra\u017en\u00e1 K., \u010euri\u0161ov\u00e1 \u013d., Ku\u010dka M., Haren\u010d\u00e1r \u013d., Ivani\u0161ov\u00e1 E., Hab\u00e1n M. &amp; Hrub\u00edk P. (2022):<\/strong> A rare cultivar of horse chestnut (<em>Aesculus hippocastanum <\/em>L. \u02c8Baumanii\u02c8) in Slovakia: morphological, molecular and antioxidant analysis. \u2013 Thaiszia \u2013 J. Bot. 33 (1): 029-044. &#8211; <a aria-label=\"https:\/\/doi.org\/10.33542\/TJB2023-1-02 (opens in a new tab)\" href=\"https:\/\/doi.org\/10.33542\/TJB2023-1-02\" target=\"_blank\" rel=\"noreferrer noopener\" class=\"ek-link\">https:\/\/doi.org\/10.33542\/TJB2023-1-02<\/a><br><a aria-label=\"Full text (opens in a new tab)\" href=\"https:\/\/www.upjs.sk\/app\/uploads\/sites\/15\/2023\/05\/02_Razna-etal_029-044_fin.pdf\" target=\"_blank\" rel=\"noreferrer noopener\" class=\"ek-link\"><\/a><a href=\"https:\/\/intranet.upjs.sk\/op\/op.Public.php?documentid=8419\" target=\"_blank\" rel=\"noreferrer noopener\">Full text<\/a><\/p>\n\n\n\n<p><strong>Kricsfalusy V. V. (2023):<\/strong> The non-native flora of Redberry Lake Biosphere Reserve, Canada. \u2013 Thaiszia \u2013 J. Bot. 33 (1): 045-061. &#8211; <a aria-label=\"https:\/\/doi.org\/10.33542\/TJB2023-1-03 (opens in a new tab)\" href=\"https:\/\/doi.org\/10.33542\/TJB2023-1-03\" target=\"_blank\" rel=\"noreferrer noopener\" class=\"ek-link\">https:\/\/doi.org\/10.33542\/TJB2023-1-03<\/a><br><a aria-label=\"Full text (opens in a new tab)\" href=\"https:\/\/www.upjs.sk\/app\/uploads\/sites\/15\/2023\/05\/03_Kricsfalusy_045-061_fin-1.pdf\" target=\"_blank\" rel=\"noreferrer noopener\" class=\"ek-link\"><\/a><a href=\"https:\/\/intranet.upjs.sk\/op\/op.Public.php?documentid=8420\" target=\"_blank\" rel=\"noreferrer noopener\">Full tex<\/a><a href=\"https:\/\/www.upjs.sk\/app\/uploads\/sites\/15\/2023\/05\/03_Kricsfalusy_045-061_fin-1.pdf\" target=\"_blank\" rel=\"noreferrer noopener\">t<\/a><\/p>\n\n\n\n<p><strong>Teofilovski A. (2023):<\/strong> <em>Verbascum matevskii <\/em>(Scrophulariaceae), a new species from North Macedonia. \u2013 Thaiszia \u2013 J. Bot. 33 (1): 063-073. &#8211; <a aria-label=\"https:\/\/doi.org\/10.33542\/TJB2023-1-04 (opens in a new tab)\" href=\"https:\/\/doi.org\/10.33542\/TJB2023-1-04\" target=\"_blank\" rel=\"noreferrer noopener\" class=\"ek-link\">https:\/\/doi.org\/10.33542\/TJB2023-1-04<\/a><br><a href=\"https:\/\/intranet.upjs.sk\/op\/op.Public.php?documentid=8421\" target=\"_blank\" rel=\"noreferrer noopener\">Full text<\/a><\/p>\n\n\n\n<p><strong>Iliev M. &amp; Bozhanska T. (2023):<\/strong> Effect of a compost fertilizer on the productivity and botanical composition of a natural grass stand under mountain conditions. \u2013 Thaiszia \u2013 J. Bot. 33 (1): 075-085. &#8211; <a aria-label=\"https:\/\/doi.org\/10.33542\/TJB2023-1-05 (opens in a new tab)\" href=\"https:\/\/doi.org\/10.33542\/TJB2023-1-05\" target=\"_blank\" rel=\"noreferrer noopener\" class=\"ek-link\">https:\/\/doi.org\/10.33542\/TJB2023-1-05<\/a><br><a href=\"https:\/\/intranet.upjs.sk\/op\/op.Public.php?documentid=8422\" target=\"_blank\" rel=\"noreferrer noopener\" class=\"ek-link\"><\/a><a href=\"https:\/\/intranet.upjs.sk\/op\/op.Public.php?documentid=8422\" target=\"_blank\" rel=\"noreferrer noopener\" class=\"ek-link\">Full text<\/a><\/p>\n\n\n\n<p><strong>Riezing N. (2023):<\/strong> <em>Polygonum graminifolium <\/em>Wierzb. in Slovakia and along the Hungarian-Slovak border on the Danube. \u2013 Thaiszia \u2013 J. Bot. 33 (1): 087-092. &#8211; <a aria-label=\"https:\/\/doi.org\/10.33542\/TJB2023-1-06 (opens in a new tab)\" href=\"https:\/\/doi.org\/10.33542\/TJB2023-1-06\" target=\"_blank\" rel=\"noreferrer noopener\" class=\"ek-link\">https:\/\/doi.org\/10.33542\/TJB2023-1-06<\/a><br><a aria-label=\"Full text (opens in a new tab)\" href=\"https:\/\/www.upjs.sk\/app\/uploads\/sites\/15\/2023\/05\/06_Riezing_087-092_fin.pdf\" target=\"_blank\" rel=\"noreferrer noopener\" class=\"ek-link\"><\/a><a href=\"https:\/\/intranet.upjs.sk\/op\/op.Public.php?documentid=8423\" target=\"_blank\" rel=\"noreferrer noopener\">Full tex<\/a><a href=\"https:\/\/www.upjs.sk\/app\/uploads\/sites\/15\/2023\/05\/06_Riezing_087-092_fin.pdf\" target=\"_blank\" rel=\"noreferrer noopener\">t<\/a><\/p>\n\n\n\n<p><strong>Dud\u00e1\u0161 M. (ed.), Eli\u00e1\u0161 P. Jr., Hrivn\u00e1k R., Jarol\u00edmek I., Kir\u00e1ly A., Kir\u00e1ly G., Kobiv Y., Kotl\u00e1rov\u00e1 N., Slabejov\u00e1 D. &amp; Tara\u0161ka V. (2023):<\/strong> New floristic records from Central Europe 11 (reports 149-163). \u2013 Thaiszia \u2013 J. Bot. 33 (1): 093-104. &#8211; <a aria-label=\"https:\/\/doi.org\/10.33542\/TJB2023-1-07 (opens in a new tab)\" href=\"https:\/\/doi.org\/10.33542\/TJB2023-1-07\" target=\"_blank\" rel=\"noreferrer noopener\" class=\"ek-link\">https:\/\/doi.org\/10.33542\/TJB2023-1-07<\/a><br><a aria-label=\"Full text (opens in a new tab)\" href=\"https:\/\/www.upjs.sk\/app\/uploads\/sites\/15\/2023\/05\/07_Dudas-et-al_093-104_fin.pdf\" target=\"_blank\" rel=\"noreferrer noopener\" class=\"ek-link\"><\/a><a href=\"https:\/\/intranet.upjs.sk\/op\/op.Public.php?documentid=8424\" target=\"_blank\" rel=\"noreferrer noopener\">Full text<\/a><\/p>\n\n\n<style>.wp-block-kadence-spacer.kt-block-spacer-20750_a9b17f-90 .kt-block-spacer{height:20px;}.wp-block-kadence-spacer.kt-block-spacer-20750_a9b17f-90 .kt-divider{border-top-width:2px;border-top-color:#eee;width:100%;border-top-style:solid;}<\/style>\n<div class=\"wp-block-kadence-spacer aligncenter kt-block-spacer-20750_a9b17f-90\"><div class=\"kt-block-spacer kt-block-spacer-halign-center\"><hr class=\"kt-divider\"\/><\/div><\/div>\n\n\n\n<div style=\"height:20px\" aria-hidden=\"true\" class=\"wp-block-spacer\"><\/div>\n\n\n\n<p><strong>Turis P., Turisov\u00e1 I., Felbaba-Klushyna L. &amp; Voloshchuk M. M. (2023):<\/strong> Notes on the occurrence of selected sozologically and phytogeographically important plants in high-mountain area of the Svydovets and Chornogora (Ukrainian Carpathians). \u2013 Thaiszia \u2013 J. Bot. 33 (2): 105-116. &#8211; <a href=\"https:\/\/doi.org\/10.33542\/TJB2023-2-01\" target=\"_blank\" aria-label=\" (opens in a new tab)\" rel=\"noreferrer noopener\" class=\"ek-link\">https:\/\/doi.org\/10.33542\/TJB2023-2-01<\/a><br><a href=\"https:\/\/www.upjs.sk\/app\/uploads\/sites\/15\/2023\/12\/01_Turis_etal_105-116_final.pdf\" target=\"_blank\" aria-label=\"Full text (opens in a new tab)\" rel=\"noreferrer noopener\" class=\"ek-link\">Full text<\/a><\/p>\n\n\n\n<p><strong>Deka N., Patgiri S. R. &amp; Sharma B. (2023):<\/strong> Distribution of endophytic fungi in the leaf and stem of <em>Cissus quadrangularis <\/em>Linn. &#8211; A comparative study. \u2013 Thaiszia \u2013 J. Bot. 33 (2): 117-124. &#8211; <a href=\"https:\/\/doi.org\/10.33542\/TJB2023-2-02\" target=\"_blank\" aria-label=\"https:\/\/doi.org\/10.33542\/TJB2023-2-02 (opens in a new tab)\" rel=\"noreferrer noopener\" class=\"ek-link\">https:\/\/doi.org\/10.33542\/TJB2023-2-02<\/a><br><a href=\"https:\/\/www.upjs.sk\/app\/uploads\/sites\/15\/2023\/12\/02_Deka-etal_117-124_final.pdf\" target=\"_blank\" aria-label=\"Full text (opens in a new tab)\" rel=\"noreferrer noopener\" class=\"ek-link\">Full text<\/a><\/p>\n\n\n\n<p><strong>Sadygov R. &amp; Felbaba-Klushyna L. (2023):<\/strong> The bryoflora of the Zacharovana Dolyna Reserve (the Ukrainian Carpathians): species diversity and taxonomic structure. \u2013 Thaiszia \u2013 J. Bot. 32 (2): 125-138. &#8211; <a aria-label=\"https:\/\/doi.org\/10.33542\/TJB2023-2-03 (opens in a new tab)\" href=\"https:\/\/doi.org\/10.33542\/TJB2023-2-03\" target=\"_blank\" rel=\"noreferrer noopener\" class=\"ek-link\">https:\/\/doi.org\/10.33542\/TJB2023-2-03<\/a><br><a href=\"https:\/\/www.upjs.sk\/app\/uploads\/sites\/15\/2023\/12\/03_Sadygov_Felbaba-Klushyna_125-138_final.pdf\" target=\"_blank\" aria-label=\"Full text (opens in a new tab)\" rel=\"noreferrer noopener\" class=\"ek-link\">Full text<\/a><\/p>\n\n\n\n<p><strong>Dud\u00e1\u0161 M. (ed.), G\u00f3recki A., Hrivn\u00e1k R., Kobiv, Y., Majerov\u00e1 M., Malec B., Pacyna G. &amp; Pliszko A. (2023):<\/strong> New floristic records from Central Europe 12 (reports 164-175). \u2013 Thaiszia \u2013 J. Bot. 33 (2): 139-154. &#8211; <a aria-label=\"https:\/\/doi.org\/10.33542\/TJB2023-2-04 (opens in a new tab)\" href=\"https:\/\/doi.org\/10.33542\/TJB2023-2-04\" target=\"_blank\" rel=\"noreferrer noopener\" class=\"ek-link\">https:\/\/doi.org\/10.33542\/TJB2023-2-04<\/a><br><a href=\"https:\/\/intranet.upjs.sk\/op\/op.Public.php?documentid=8918\" target=\"_blank\" aria-label=\"Full text (opens in a new tab)\" rel=\"noreferrer noopener\" class=\"ek-link\">Full text<\/a><\/p>\n\n\n<style>.wp-block-kadence-spacer.kt-block-spacer-20750_7db49a-49 .kt-block-spacer{height:20px;}.wp-block-kadence-spacer.kt-block-spacer-20750_7db49a-49 .kt-divider{border-top-width:2px;border-top-color:#eee;width:100%;border-top-style:solid;}<\/style>\n<div class=\"wp-block-kadence-spacer aligncenter kt-block-spacer-20750_7db49a-49\"><div class=\"kt-block-spacer kt-block-spacer-halign-center\"><hr class=\"kt-divider\"\/><\/div><\/div>\n\n\n\n<p><strong><a href=\"https:\/\/www.upjs.sk\/app\/uploads\/sites\/15\/2023\/12\/05_Assoc-prof-Dr-S-Mochnacky-70years_final_155-158.pdf\" target=\"_blank\" aria-label=\"Associate professor Dr. Sergej Mochnack\u00fd \u2013 70 years (opens in a new tab)\" rel=\"noreferrer noopener\" class=\"ek-link\"><mark style=\"background-color:rgba(0, 0, 0, 0)\" class=\"has-inline-color has-zakladna-zlata-color\">Associate professor Dr. Sergej Mochnack\u00fd \u2013 70 years<\/mark><\/a><\/strong><\/p>\n\n\n\n<p><strong><a href=\"https:\/\/www.upjs.sk\/app\/uploads\/sites\/15\/2023\/12\/06_70th-anniversary-V-Mikolas_final_159-162.pdf\" target=\"_blank\" aria-label=\"70th life anniversary of Vlastimil Mikol\u00e1\u0161 - one of the founders of Thaiszia \u2013 Journal of Botany (opens in a new tab)\" rel=\"noreferrer noopener\" class=\"ek-link\"><mark style=\"background-color:rgba(0, 0, 0, 0)\" class=\"has-inline-color has-zakladna-zlata-color\">70th life anniversary of Vlastimil Mikol\u00e1\u0161 &#8211; one of the founders of Thaiszia \u2013 Journal of Botany<\/mark><\/a><\/strong><\/p>\n\n\n\n<p><strong><a href=\"https:\/\/www.upjs.sk\/app\/uploads\/sites\/15\/2023\/12\/07_Sirka_Sabovljevic_errata_163_final.pdf\" target=\"_blank\" aria-label=\"Errata to: Bryophyte flora of the Ko\u0161ice Zoo (E Slovakia) (opens in a new tab)\" rel=\"noreferrer noopener\" class=\"ek-link\"><mark style=\"background-color:rgba(0, 0, 0, 0)\" class=\"has-inline-color has-zakladna-zlata-color\">Errata to: Bryophyte flora of the Ko\u0161ice Zoo (E Slovakia)<\/mark><\/a><\/strong><\/p>\n\n\n\n<p><a href=\"https:\/\/www.upjs.sk\/app\/uploads\/sites\/15\/2023\/12\/08_List-of-reviewers-2017-2022_164-165_final.pdf\" target=\"_blank\" aria-label=\"List of reviewers for Thaiszia - Journal of Botany (opens in a new tab)\" rel=\"noreferrer noopener\" class=\"ek-link\"><strong><mark style=\"background-color:rgba(0, 0, 0, 0)\" class=\"has-inline-color has-zakladna-zlata-color\">List of reviewers for Thaiszia &#8211; Journal of Botany<\/mark><\/strong><\/a><\/p>\n","protected":false},"excerpt":{"rendered":"<p>THAISZIA \u2013 JOURNAL OF BOTANY, Volume 33, 2023 \u2013 contentsvol. 33\/1vol. 33\/2 Cahyanto T., Efendi M., Nisa N. K., Nurhalim H., Rahman W. &amp; Fadillah A. (2022): A survey of the genus Lasianthus in Mount Burangrang, West Java. \u2013 Thaiszia \u2013 J. Bot. 33 (1): 001-028. &#8211; https:\/\/doi.org\/10.33542\/TJB2023-1-01Full text Ra\u017en\u00e1 K., \u010euri\u0161ov\u00e1 \u013d., Ku\u010dka M., &hellip; <a href=\"https:\/\/www.upjs.sk\/pracoviska\/botanicka-zahrada\/odborne-aktivity\/thaiszia-2\/volume-33-2023-contents\/\">\u010c\u00edta\u0165 \u010falej<\/a><\/p>\n","protected":false},"author":14,"featured_media":0,"parent":15189,"menu_order":11,"comment_status":"closed","ping_status":"closed","template":"","meta":{"_acf_changed":false,"_editorskit_title_hidden":false,"_editorskit_reading_time":1,"_editorskit_is_block_options_detached":false,"_editorskit_block_options_position":"{}","footnotes":""},"categories":[],"tags":[],"class_list":["post-20750","page","type-page","status-publish","hentry"],"acf":{"acf_link_na_externy_obsah":""},"yoast_head":"<!-- This site is optimized with the Yoast SEO plugin v27.4 - https:\/\/yoast.com\/product\/yoast-seo-wordpress\/ -->\n<title>THAISZIA - JOURNAL OF BOTANY, Volume 33, 2023 \u2013 contents - Botanick\u00e1 z\u00e1hrada<\/title>\n<meta name=\"robots\" content=\"index, follow, max-snippet:-1, max-image-preview:large, max-video-preview:-1\" \/>\n<link rel=\"canonical\" href=\"https:\/\/www.upjs.sk\/pracoviska\/botanicka-zahrada\/odborne-aktivity\/thaiszia-2\/volume-33-2023-contents\/\" \/>\n<meta property=\"og:locale\" content=\"sk_SK\" \/>\n<meta property=\"og:type\" content=\"article\" \/>\n<meta property=\"og:title\" content=\"THAISZIA - JOURNAL OF BOTANY, Volume 33, 2023 \u2013 contents - Botanick\u00e1 z\u00e1hrada\" \/>\n<meta property=\"og:description\" content=\"THAISZIA \u2013 JOURNAL OF BOTANY, Volume 33, 2023 \u2013 contentsvol. 33\/1vol. 33\/2 Cahyanto T., Efendi M., Nisa N. K., Nurhalim H., Rahman W. &amp; Fadillah A. (2022): A survey of the genus Lasianthus in Mount Burangrang, West Java. \u2013 Thaiszia \u2013 J. Bot. 33 (1): 001-028. &#8211; https:\/\/doi.org\/10.33542\/TJB2023-1-01Full text Ra\u017en\u00e1 K., \u010euri\u0161ov\u00e1 \u013d., Ku\u010dka M., &hellip; \u010c\u00edta\u0165 \u010falej\" \/>\n<meta property=\"og:url\" content=\"https:\/\/www.upjs.sk\/pracoviska\/botanicka-zahrada\/odborne-aktivity\/thaiszia-2\/volume-33-2023-contents\/\" \/>\n<meta property=\"og:site_name\" content=\"Botanick\u00e1 z\u00e1hrada\" \/>\n<meta property=\"article:modified_time\" content=\"2023-12-15T09:23:33+00:00\" \/>\n<meta name=\"twitter:card\" content=\"summary_large_image\" \/>\n<meta name=\"twitter:label1\" content=\"Predpokladan\u00fd \u010das \u010d\u00edtania\" \/>\n\t<meta name=\"twitter:data1\" content=\"3 min\u00faty\" \/>\n<script type=\"application\/ld+json\" class=\"yoast-schema-graph\">{\"@context\":\"https:\\\/\\\/schema.org\",\"@graph\":[{\"@type\":\"WebPage\",\"@id\":\"https:\\\/\\\/www.upjs.sk\\\/pracoviska\\\/botanicka-zahrada\\\/odborne-aktivity\\\/thaiszia-2\\\/volume-33-2023-contents\\\/\",\"url\":\"https:\\\/\\\/www.upjs.sk\\\/pracoviska\\\/botanicka-zahrada\\\/odborne-aktivity\\\/thaiszia-2\\\/volume-33-2023-contents\\\/\",\"name\":\"THAISZIA - JOURNAL OF BOTANY, Volume 33, 2023 \u2013 contents - Botanick\u00e1 z\u00e1hrada\",\"isPartOf\":{\"@id\":\"https:\\\/\\\/www.upjs.sk\\\/pracoviska\\\/botanicka-zahrada\\\/#website\"},\"datePublished\":\"2023-05-22T11:58:53+00:00\",\"dateModified\":\"2023-12-15T09:23:33+00:00\",\"breadcrumb\":{\"@id\":\"https:\\\/\\\/www.upjs.sk\\\/pracoviska\\\/botanicka-zahrada\\\/odborne-aktivity\\\/thaiszia-2\\\/volume-33-2023-contents\\\/#breadcrumb\"},\"inLanguage\":\"sk-SK\",\"potentialAction\":[{\"@type\":\"ReadAction\",\"target\":[\"https:\\\/\\\/www.upjs.sk\\\/pracoviska\\\/botanicka-zahrada\\\/odborne-aktivity\\\/thaiszia-2\\\/volume-33-2023-contents\\\/\"]}]},{\"@type\":\"BreadcrumbList\",\"@id\":\"https:\\\/\\\/www.upjs.sk\\\/pracoviska\\\/botanicka-zahrada\\\/odborne-aktivity\\\/thaiszia-2\\\/volume-33-2023-contents\\\/#breadcrumb\",\"itemListElement\":[{\"@type\":\"ListItem\",\"position\":1,\"name\":\"Home\",\"item\":\"https:\\\/\\\/www.upjs.sk\\\/pracoviska\\\/botanicka-zahrada\\\/\"},{\"@type\":\"ListItem\",\"position\":2,\"name\":\"Odborn\u00e9 aktivity\",\"item\":\"https:\\\/\\\/www.upjs.sk\\\/pracoviska\\\/botanicka-zahrada\\\/odborne-aktivity\\\/\"},{\"@type\":\"ListItem\",\"position\":3,\"name\":\"Thaiszia \u2013 Journal of Botany\",\"item\":\"https:\\\/\\\/www.upjs.sk\\\/pracoviska\\\/botanicka-zahrada\\\/odborne-aktivity\\\/thaiszia-2\\\/\"},{\"@type\":\"ListItem\",\"position\":4,\"name\":\"THAISZIA &#8211; JOURNAL OF BOTANY, Volume 33, 2023 \u2013 contents\"}]},{\"@type\":\"WebSite\",\"@id\":\"https:\\\/\\\/www.upjs.sk\\\/pracoviska\\\/botanicka-zahrada\\\/#website\",\"url\":\"https:\\\/\\\/www.upjs.sk\\\/pracoviska\\\/botanicka-zahrada\\\/\",\"name\":\"Botanick\u00e1 z\u00e1hrada\",\"description\":\"\",\"publisher\":{\"@id\":\"https:\\\/\\\/www.upjs.sk\\\/pracoviska\\\/botanicka-zahrada\\\/#organization\"},\"potentialAction\":[{\"@type\":\"SearchAction\",\"target\":{\"@type\":\"EntryPoint\",\"urlTemplate\":\"https:\\\/\\\/www.upjs.sk\\\/pracoviska\\\/botanicka-zahrada\\\/?s={search_term_string}\"},\"query-input\":{\"@type\":\"PropertyValueSpecification\",\"valueRequired\":true,\"valueName\":\"search_term_string\"}}],\"inLanguage\":\"sk-SK\"},{\"@type\":\"Organization\",\"@id\":\"https:\\\/\\\/www.upjs.sk\\\/pracoviska\\\/botanicka-zahrada\\\/#organization\",\"name\":\"Botanick\u00e1 z\u00e1hrada\",\"url\":\"https:\\\/\\\/www.upjs.sk\\\/pracoviska\\\/botanicka-zahrada\\\/\",\"logo\":{\"@type\":\"ImageObject\",\"inLanguage\":\"sk-SK\",\"@id\":\"https:\\\/\\\/www.upjs.sk\\\/pracoviska\\\/botanicka-zahrada\\\/#\\\/schema\\\/logo\\\/image\\\/\",\"url\":\"https:\\\/\\\/www.upjs.sk\\\/app\\\/uploads\\\/sites\\\/15\\\/2023\\\/01\\\/BZ-2.svg\",\"contentUrl\":\"https:\\\/\\\/www.upjs.sk\\\/app\\\/uploads\\\/sites\\\/15\\\/2023\\\/01\\\/BZ-2.svg\",\"width\":500,\"height\":138,\"caption\":\"Botanick\u00e1 z\u00e1hrada\"},\"image\":{\"@id\":\"https:\\\/\\\/www.upjs.sk\\\/pracoviska\\\/botanicka-zahrada\\\/#\\\/schema\\\/logo\\\/image\\\/\"}}]}<\/script>\n<!-- \/ Yoast SEO plugin. -->","yoast_head_json":{"title":"THAISZIA - JOURNAL OF BOTANY, Volume 33, 2023 \u2013 contents - Botanick\u00e1 z\u00e1hrada","robots":{"index":"index","follow":"follow","max-snippet":"max-snippet:-1","max-image-preview":"max-image-preview:large","max-video-preview":"max-video-preview:-1"},"canonical":"https:\/\/www.upjs.sk\/pracoviska\/botanicka-zahrada\/odborne-aktivity\/thaiszia-2\/volume-33-2023-contents\/","og_locale":"sk_SK","og_type":"article","og_title":"THAISZIA - JOURNAL OF BOTANY, Volume 33, 2023 \u2013 contents - Botanick\u00e1 z\u00e1hrada","og_description":"THAISZIA \u2013 JOURNAL OF BOTANY, Volume 33, 2023 \u2013 contentsvol. 33\/1vol. 33\/2 Cahyanto T., Efendi M., Nisa N. K., Nurhalim H., Rahman W. &amp; Fadillah A. (2022): A survey of the genus Lasianthus in Mount Burangrang, West Java. \u2013 Thaiszia \u2013 J. Bot. 33 (1): 001-028. &#8211; https:\/\/doi.org\/10.33542\/TJB2023-1-01Full text Ra\u017en\u00e1 K., \u010euri\u0161ov\u00e1 \u013d., Ku\u010dka M., &hellip; \u010c\u00edta\u0165 \u010falej","og_url":"https:\/\/www.upjs.sk\/pracoviska\/botanicka-zahrada\/odborne-aktivity\/thaiszia-2\/volume-33-2023-contents\/","og_site_name":"Botanick\u00e1 z\u00e1hrada","article_modified_time":"2023-12-15T09:23:33+00:00","twitter_card":"summary_large_image","twitter_misc":{"Predpokladan\u00fd \u010das \u010d\u00edtania":"3 min\u00faty"},"schema":{"@context":"https:\/\/schema.org","@graph":[{"@type":"WebPage","@id":"https:\/\/www.upjs.sk\/pracoviska\/botanicka-zahrada\/odborne-aktivity\/thaiszia-2\/volume-33-2023-contents\/","url":"https:\/\/www.upjs.sk\/pracoviska\/botanicka-zahrada\/odborne-aktivity\/thaiszia-2\/volume-33-2023-contents\/","name":"THAISZIA - JOURNAL OF BOTANY, Volume 33, 2023 \u2013 contents - Botanick\u00e1 z\u00e1hrada","isPartOf":{"@id":"https:\/\/www.upjs.sk\/pracoviska\/botanicka-zahrada\/#website"},"datePublished":"2023-05-22T11:58:53+00:00","dateModified":"2023-12-15T09:23:33+00:00","breadcrumb":{"@id":"https:\/\/www.upjs.sk\/pracoviska\/botanicka-zahrada\/odborne-aktivity\/thaiszia-2\/volume-33-2023-contents\/#breadcrumb"},"inLanguage":"sk-SK","potentialAction":[{"@type":"ReadAction","target":["https:\/\/www.upjs.sk\/pracoviska\/botanicka-zahrada\/odborne-aktivity\/thaiszia-2\/volume-33-2023-contents\/"]}]},{"@type":"BreadcrumbList","@id":"https:\/\/www.upjs.sk\/pracoviska\/botanicka-zahrada\/odborne-aktivity\/thaiszia-2\/volume-33-2023-contents\/#breadcrumb","itemListElement":[{"@type":"ListItem","position":1,"name":"Home","item":"https:\/\/www.upjs.sk\/pracoviska\/botanicka-zahrada\/"},{"@type":"ListItem","position":2,"name":"Odborn\u00e9 aktivity","item":"https:\/\/www.upjs.sk\/pracoviska\/botanicka-zahrada\/odborne-aktivity\/"},{"@type":"ListItem","position":3,"name":"Thaiszia \u2013 Journal of Botany","item":"https:\/\/www.upjs.sk\/pracoviska\/botanicka-zahrada\/odborne-aktivity\/thaiszia-2\/"},{"@type":"ListItem","position":4,"name":"THAISZIA &#8211; JOURNAL OF BOTANY, Volume 33, 2023 \u2013 contents"}]},{"@type":"WebSite","@id":"https:\/\/www.upjs.sk\/pracoviska\/botanicka-zahrada\/#website","url":"https:\/\/www.upjs.sk\/pracoviska\/botanicka-zahrada\/","name":"Botanick\u00e1 z\u00e1hrada","description":"","publisher":{"@id":"https:\/\/www.upjs.sk\/pracoviska\/botanicka-zahrada\/#organization"},"potentialAction":[{"@type":"SearchAction","target":{"@type":"EntryPoint","urlTemplate":"https:\/\/www.upjs.sk\/pracoviska\/botanicka-zahrada\/?s={search_term_string}"},"query-input":{"@type":"PropertyValueSpecification","valueRequired":true,"valueName":"search_term_string"}}],"inLanguage":"sk-SK"},{"@type":"Organization","@id":"https:\/\/www.upjs.sk\/pracoviska\/botanicka-zahrada\/#organization","name":"Botanick\u00e1 z\u00e1hrada","url":"https:\/\/www.upjs.sk\/pracoviska\/botanicka-zahrada\/","logo":{"@type":"ImageObject","inLanguage":"sk-SK","@id":"https:\/\/www.upjs.sk\/pracoviska\/botanicka-zahrada\/#\/schema\/logo\/image\/","url":"https:\/\/www.upjs.sk\/app\/uploads\/sites\/15\/2023\/01\/BZ-2.svg","contentUrl":"https:\/\/www.upjs.sk\/app\/uploads\/sites\/15\/2023\/01\/BZ-2.svg","width":500,"height":138,"caption":"Botanick\u00e1 z\u00e1hrada"},"image":{"@id":"https:\/\/www.upjs.sk\/pracoviska\/botanicka-zahrada\/#\/schema\/logo\/image\/"}}]}},"_links":{"self":[{"href":"https:\/\/www.upjs.sk\/pracoviska\/botanicka-zahrada\/wp-json\/wp\/v2\/pages\/20750","targetHints":{"allow":["GET"]}}],"collection":[{"href":"https:\/\/www.upjs.sk\/pracoviska\/botanicka-zahrada\/wp-json\/wp\/v2\/pages"}],"about":[{"href":"https:\/\/www.upjs.sk\/pracoviska\/botanicka-zahrada\/wp-json\/wp\/v2\/types\/page"}],"author":[{"embeddable":true,"href":"https:\/\/www.upjs.sk\/pracoviska\/botanicka-zahrada\/wp-json\/wp\/v2\/users\/14"}],"replies":[{"embeddable":true,"href":"https:\/\/www.upjs.sk\/pracoviska\/botanicka-zahrada\/wp-json\/wp\/v2\/comments?post=20750"}],"version-history":[{"count":12,"href":"https:\/\/www.upjs.sk\/pracoviska\/botanicka-zahrada\/wp-json\/wp\/v2\/pages\/20750\/revisions"}],"predecessor-version":[{"id":21664,"href":"https:\/\/www.upjs.sk\/pracoviska\/botanicka-zahrada\/wp-json\/wp\/v2\/pages\/20750\/revisions\/21664"}],"up":[{"embeddable":true,"href":"https:\/\/www.upjs.sk\/pracoviska\/botanicka-zahrada\/wp-json\/wp\/v2\/pages\/15189"}],"wp:attachment":[{"href":"https:\/\/www.upjs.sk\/pracoviska\/botanicka-zahrada\/wp-json\/wp\/v2\/media?parent=20750"}],"wp:term":[{"taxonomy":"category","embeddable":true,"href":"https:\/\/www.upjs.sk\/pracoviska\/botanicka-zahrada\/wp-json\/wp\/v2\/categories?post=20750"},{"taxonomy":"post_tag","embeddable":true,"href":"https:\/\/www.upjs.sk\/pracoviska\/botanicka-zahrada\/wp-json\/wp\/v2\/tags?post=20750"}],"curies":[{"name":"wp","href":"https:\/\/api.w.org\/{rel}","templated":true}]}}