{"id":20815,"date":"2023-06-09T09:12:51","date_gmt":"2023-06-09T09:12:51","guid":{"rendered":"https:\/\/www.upjs.sk\/pracoviska\/botanicka-zahrada\/?page_id=20815"},"modified":"2023-06-26T07:59:48","modified_gmt":"2023-06-26T07:59:48","slug":"botanikiada-2023-vyhodnotenie","status":"publish","type":"page","link":"https:\/\/www.upjs.sk\/pracoviska\/botanicka-zahrada\/ponukame\/botanikiada-2023-vyhodnotenie\/","title":{"rendered":"Botaniki\u00e1da 2023 \u2013 vyhodnotenie"},"content":{"rendered":"\n<p><strong>Mil\u00ed \u017eiaci, v\u00e1\u017een\u00ed u\u010ditelia, v\u0161etci priaznivci n\u00e1\u0161ho projektu,<\/strong><\/p>\n\n\n\n<p>dvan\u00e1sty ro\u010dn\u00edk projektu <strong><mark style=\"background-color:rgba(0, 0, 0, 0)\" class=\"has-inline-color has-prirodovedecka-f-color\">Botaniki\u00e1da<\/mark><\/strong> niesol podtitul \u201e<strong><mark style=\"background-color:rgba(0, 0, 0, 0)\" class=\"has-inline-color has-zakladna-zlata-color\">Voda \u2013 z\u00e1klad \u017eivota<\/mark><\/strong>\u201c. Tak ako v&nbsp;ostatn\u00fdch rokoch, i&nbsp;teraz bolo na\u0161im prvorad\u00fdm cie\u013eom usporiada\u0165 pr\u00ed\u0165a\u017eliv\u00e9 podujatie pre \u017eiakov a&nbsp;u\u010dite\u013eov z\u00e1rove\u0148 a&nbsp;e\u0161te viac ich motivova\u0165 k sk\u00famaniu danej problematiky. Chceli sme ich pr\u00edstupnou formou informova\u0165 o&nbsp;v\u00fdzname vody v&nbsp;pr\u00edrode, ktor\u00e1 je nevyhnutnou s\u00fa\u010das\u0165ou na\u0161ich \u017eivotov a prostredn\u00edctvom \u00fa\u010dastn\u00edkov projektu posun\u00fa\u0165 inform\u00e1cie o&nbsp;vode a&nbsp;prepojen\u00ed na botaniku medzi ich rovesn\u00edkov a&nbsp;kolegov na z\u00e1kladn\u00fdch \u0161kol\u00e1ch.<\/p>\n\n\n\n<p>\u0160kolsk\u00e9 kolo projektu sa uskuto\u010dnilo na z\u00e1kladn\u00fdch \u0161kol\u00e1ch on-line formou v&nbsp;t\u00fd\u017edni od 17. do 24. apr\u00edla 2023. Zapojilo sa do neho <strong><mark style=\"background-color:rgba(0, 0, 0, 0)\" class=\"has-inline-color has-zakladna-modra-color\">2880 \u017eiakov<\/mark> <\/strong>zo <strong><mark style=\"background-color:rgba(0, 0, 0, 0)\" class=\"has-inline-color has-zakladna-modra-color\">102 zaregistrovan\u00fdch \u0161k\u00f4l<\/mark><\/strong>. \u017diaci rie\u0161ili 20 pripraven\u00fdch&nbsp; ot\u00e1zok, naj\u00faspe\u0161nej\u0161\u00ed boli v&nbsp;ot\u00e1zke \u201eKde rastie lekno biele?\u201c (spr\u00e1vne zodpovedalo 88,7 % \u017eiakov) a&nbsp;najviac sa potr\u00e1pili s ot\u00e1zkou \u201eKtor\u00e1 rastlina rastie na vlhk\u00fdch l\u00fakach?\u201c (spr\u00e1vne zodpovedalo 31.8 % \u017eiakov). &nbsp;Po vyhodnoten\u00ed \u0161kolsk\u00fdch k\u00f4l bolo v&nbsp;kompetencii ka\u017edej \u0161koly vybra\u0165 \u00fa\u010dastn\u00edkov na region\u00e1lne kolo, ktor\u00e9 sa uskuto\u010dnilo v&nbsp;Botanickej z\u00e1hrade UPJ\u0160 v&nbsp;Ko\u0161iciach z&nbsp;kapacitn\u00fdch d\u00f4vodov v&nbsp;troch turnusoch, 10., 17. a&nbsp;24. m\u00e1ja 2023. Z\u00fa\u010dastnilo sa na \u0148om <strong><mark style=\"background-color:rgba(0, 0, 0, 0)\" class=\"has-inline-color has-zakladna-modra-color\">101 u\u010dite\u013eov a&nbsp;202 \u017eiakov<\/mark><\/strong>.<\/p>\n\n\n\n<p>Pre u\u010dite\u013eov bol pripraven\u00fd program, po\u010das ktor\u00e9ho sa dozvedeli o&nbsp;trendoch v&nbsp;biologickej ochrane rastl\u00edn, o&nbsp;zakladan\u00ed jazierka a&nbsp;vyu\u017eit\u00ed vody v&nbsp;krajine a&nbsp;priamo v&nbsp;are\u00e1li sa zozn\u00e1mili s&nbsp;nov\u00fdmi projektami, ktor\u00e9 boli realizovan\u00e9 v&nbsp;botanickej z\u00e1hrade a&nbsp;ktor\u00e9 m\u00f4\u017eu vyu\u017ei\u0165 pri svojej n\u00e1v\u0161teve so \u017eiakmi. Ka\u017ed\u00fd u\u010dite\u013e dostal kolekciu rastl\u00edn pre \u0161kolu na \u010fal\u0161ie pestovanie a&nbsp;o&nbsp;rastlin\u00e1ch boli pedag\u00f3govia informovan\u00ed prostredn\u00edctvom prezent\u00e1cie aj jednoduch\u00fdch infolet\u00e1kov.<\/p>\n\n\n\n<p>Na \u017eiakov \u010dakalo 6 stanov\u00ed\u0161\u0165 s&nbsp;probl\u00e9mov\u00fdmi \u00falohami, na ktor\u00fdch si vysk\u00fa\u0161ali nielen teoretick\u00e9 vedomosti, ale aj praktick\u00e9 zru\u010dnosti.<\/p>\n\n\n\n<p><strong><mark style=\"background-color:rgba(0, 0, 0, 0)\" class=\"has-inline-color has-zakladna-modra-color\">Naj\u00faspe\u0161nej\u0161\u00edmi rie\u0161ite\u013emi region\u00e1lneho kola BOTANIKI\u00c1DY 2023 sa stali:<\/mark><\/strong><\/p>\n\n\n\n<p> <\/p>\n\n\n\n<figure class=\"wp-block-table caption-align-left is-style-stripes\"><table><thead><tr><th class=\"has-text-align-left\" data-align=\"left\"><mark style=\"background-color:rgba(0, 0, 0, 0)\" class=\"has-inline-color has-zakladna-modra-color\">Turnus 10. 5. 2023,<\/mark> <a href=\"https:\/\/www.upjs.sk\/pracoviska\/botanicka-zahrada\/ponukame\/fotogaleria-100523\/\" class=\"ek-link\"><mark style=\"background-color:rgba(0, 0, 0, 0)\" class=\"has-inline-color has-zakladna-zlata-color\">FOTOGAL\u00c9RIA<\/mark><\/a><\/th><\/tr><\/thead><tbody><tr><td class=\"has-text-align-left\" data-align=\"left\">Nela Ka\u0148uchov\u00e1 (Z\u0160 Hrn\u010diarska 13, Humenn\u00e9), Ondrej Dobe\u0161 (Z\u0160 s&nbsp;M\u0160 Budim\u00edr 11), Hana Povraznik (Z\u0160 Hrn\u010diarska 13, Humenn\u00e9), Adri\u00e1na Kraj\u0148\u00e1kov\u00e1 (Z\u0160 \u0160meralova 25, Pre\u0161ov), Hana Pr\u00edhodov\u00e1 (Z\u0160 \u010ceskoslov. Arm\u00e1dy, Pre\u0161ov)<\/td><\/tr><\/tbody><\/table><\/figure>\n\n\n\n<figure class=\"wp-block-table caption-align-left is-style-stripes\"><table><thead><tr><th class=\"has-text-align-left\" data-align=\"left\"><mark style=\"background-color:rgba(0, 0, 0, 0)\" class=\"has-inline-color has-zakladna-modra-color\">Turnus 17. 5. 2023,<\/mark> <a href=\"https:\/\/www.upjs.sk\/pracoviska\/botanicka-zahrada\/ponukame\/fotogaleria-170523\/\" class=\"ek-link\"><mark style=\"background-color:rgba(0, 0, 0, 0)\" class=\"has-inline-color has-zakladna-zlata-color\">FOTOGAL\u00c9RIA<\/mark><\/a><\/th><\/tr><\/thead><tbody><tr><td class=\"has-text-align-left\" data-align=\"left\">Patrik Baranec (Z\u0160 s&nbsp;M\u0160 Letn\u00e1 3453\/34, Poprad), Nela Sas\u00e1kov\u00e1 (Z\u0160 Ruskov 32), Viliam Zuba (Z\u0160 Zemansk\u00e1, Krompachy), Ela Jakubov\u00e1 (Z\u0160 Cyrila a&nbsp;Metoda, Spi\u0161sk\u00e1 Nov\u00e1 Ves), Mat\u00fa\u0161 Varga (Z\u0160 Lipov\u00e1, Spi\u0161sk\u00e1 Nov\u00e1 Ves), Luk\u00e1\u0161 \u0160imko (Z\u0160 Ruskov 32)<\/td><\/tr><\/tbody><\/table><\/figure>\n\n\n\n<figure class=\"wp-block-table caption-align-left is-style-stripes\"><table><thead><tr><th class=\"has-text-align-left\" data-align=\"left\"><mark style=\"background-color:rgba(0, 0, 0, 0)\" class=\"has-inline-color has-zakladna-modra-color\">Turnus 24. 5. 2023,<\/mark> <a href=\"https:\/\/www.upjs.sk\/pracoviska\/botanicka-zahrada\/fotogaleria-240523\/\" class=\"ek-link\"><mark style=\"background-color:rgba(0, 0, 0, 0)\" class=\"has-inline-color has-zakladna-zlata-color\">FOTOGAL\u00c9RIA<\/mark><\/a><\/th><\/tr><\/thead><tbody><tr><td class=\"has-text-align-left\" data-align=\"left\">Sofia Ko\u010danov\u00e1 (Z\u0160 Hviezdoslavova, Snina), Michal Va\u013ea (Z\u0160 Masarykova 19\/A, Ko\u0161ice), M\u00e1ria D\u00facka (Z\u0160 Hviezdoslavova, Snina), Daniel \u0160mida (Z\u0160 Hroncova 23, Ko\u0161ice), D\u00e1vid Sabado\u0161 (Z\u0160 \u0160kolsk\u00e1 558, Se\u010dovsk\u00e1 Polianka)<\/td><\/tr><\/tbody><\/table><\/figure>\n\n\n\n<div style=\"height:21px\" aria-hidden=\"true\" class=\"wp-block-spacer\"><\/div>\n\n\n\n<p>Aj v&nbsp;tomto roku bol projekt zabezpe\u010den\u00fd zo zdrojov Botanickej z\u00e1hrady UPJ\u0160 v Ko\u0161iciach a realizoval sa aj v\u010faka podpore partnerov. Na\u0161a ve\u013ek\u00e1 v\u010faka pri realiz\u00e1cii projektu BOTANIKI\u00c1DA 2023 patr\u00ed spolo\u010dnosti Zeocem Bystr\u00e9, a.s. a Slovenskej botanickej spolo\u010dnosti SAV.<\/p>\n\n\n\n<p>D\u00fafame, \u017ee aj tento rok si \u00fa\u010dastn\u00edci projektu z&nbsp;Botanickej z\u00e1hrady UPJ\u0160 v Ko\u0161iciach odniesli nielen kolekciu rastl\u00edn a&nbsp;in\u00e9 benefity, ale aj nov\u00e9 vedomosti, rados\u0165 a&nbsp;dobr\u00fd pocit z&nbsp;u\u017eito\u010dne a pr\u00edjemne pre\u017eit\u00e9ho d\u0148a.<\/p>\n\n\n\n<p><em>Realiza\u010dn\u00fd t\u00edm Botaniki\u00e1dy<\/em><\/p>\n","protected":false},"excerpt":{"rendered":"<p>Mil\u00ed \u017eiaci, v\u00e1\u017een\u00ed u\u010ditelia, v\u0161etci priaznivci n\u00e1\u0161ho projektu, dvan\u00e1sty ro\u010dn\u00edk projektu Botaniki\u00e1da niesol podtitul \u201eVoda \u2013 z\u00e1klad \u017eivota\u201c. Tak ako v&nbsp;ostatn\u00fdch rokoch, i&nbsp;teraz bolo na\u0161im prvorad\u00fdm cie\u013eom usporiada\u0165 pr\u00ed\u0165a\u017eliv\u00e9 podujatie pre \u017eiakov a&nbsp;u\u010dite\u013eov z\u00e1rove\u0148 a&nbsp;e\u0161te viac ich motivova\u0165 k sk\u00famaniu danej problematiky. Chceli sme ich pr\u00edstupnou formou informova\u0165 o&nbsp;v\u00fdzname vody v&nbsp;pr\u00edrode, ktor\u00e1 je nevyhnutnou s\u00fa\u010das\u0165ou &hellip; <a href=\"https:\/\/www.upjs.sk\/pracoviska\/botanicka-zahrada\/ponukame\/botanikiada-2023-vyhodnotenie\/\">\u010c\u00edta\u0165 \u010falej<\/a><\/p>\n","protected":false},"author":14,"featured_media":0,"parent":14263,"menu_order":20,"comment_status":"closed","ping_status":"closed","template":"","meta":{"_acf_changed":false,"_editorskit_title_hidden":false,"_editorskit_reading_time":2,"_editorskit_is_block_options_detached":false,"_editorskit_block_options_position":"{}","footnotes":""},"categories":[],"tags":[],"class_list":["post-20815","page","type-page","status-publish","hentry"],"acf":{"acf_link_na_externy_obsah":""},"yoast_head":"<!-- This site is optimized with the Yoast SEO plugin v27.4 - https:\/\/yoast.com\/product\/yoast-seo-wordpress\/ -->\n<title>Botaniki\u00e1da 2023 \u2013 vyhodnotenie - Botanick\u00e1 z\u00e1hrada<\/title>\n<meta name=\"robots\" content=\"index, follow, max-snippet:-1, max-image-preview:large, max-video-preview:-1\" \/>\n<link rel=\"canonical\" href=\"https:\/\/www.upjs.sk\/pracoviska\/botanicka-zahrada\/ponukame\/botanikiada-2023-vyhodnotenie\/\" \/>\n<meta property=\"og:locale\" content=\"sk_SK\" \/>\n<meta property=\"og:type\" content=\"article\" \/>\n<meta property=\"og:title\" content=\"Botaniki\u00e1da 2023 \u2013 vyhodnotenie - Botanick\u00e1 z\u00e1hrada\" \/>\n<meta property=\"og:description\" content=\"Mil\u00ed \u017eiaci, v\u00e1\u017een\u00ed u\u010ditelia, v\u0161etci priaznivci n\u00e1\u0161ho projektu, dvan\u00e1sty ro\u010dn\u00edk projektu Botaniki\u00e1da niesol podtitul \u201eVoda \u2013 z\u00e1klad \u017eivota\u201c. Tak ako v&nbsp;ostatn\u00fdch rokoch, i&nbsp;teraz bolo na\u0161im prvorad\u00fdm cie\u013eom usporiada\u0165 pr\u00ed\u0165a\u017eliv\u00e9 podujatie pre \u017eiakov a&nbsp;u\u010dite\u013eov z\u00e1rove\u0148 a&nbsp;e\u0161te viac ich motivova\u0165 k sk\u00famaniu danej problematiky. Chceli sme ich pr\u00edstupnou formou informova\u0165 o&nbsp;v\u00fdzname vody v&nbsp;pr\u00edrode, ktor\u00e1 je nevyhnutnou s\u00fa\u010das\u0165ou &hellip; \u010c\u00edta\u0165 \u010falej\" \/>\n<meta property=\"og:url\" content=\"https:\/\/www.upjs.sk\/pracoviska\/botanicka-zahrada\/ponukame\/botanikiada-2023-vyhodnotenie\/\" \/>\n<meta property=\"og:site_name\" content=\"Botanick\u00e1 z\u00e1hrada\" \/>\n<meta property=\"article:modified_time\" content=\"2023-06-26T07:59:48+00:00\" \/>\n<meta name=\"twitter:card\" content=\"summary_large_image\" \/>\n<meta name=\"twitter:label1\" content=\"Predpokladan\u00fd \u010das \u010d\u00edtania\" \/>\n\t<meta name=\"twitter:data1\" content=\"3 min\u00faty\" \/>\n<script type=\"application\/ld+json\" class=\"yoast-schema-graph\">{\"@context\":\"https:\\\/\\\/schema.org\",\"@graph\":[{\"@type\":\"WebPage\",\"@id\":\"https:\\\/\\\/www.upjs.sk\\\/pracoviska\\\/botanicka-zahrada\\\/ponukame\\\/botanikiada-2023-vyhodnotenie\\\/\",\"url\":\"https:\\\/\\\/www.upjs.sk\\\/pracoviska\\\/botanicka-zahrada\\\/ponukame\\\/botanikiada-2023-vyhodnotenie\\\/\",\"name\":\"Botaniki\u00e1da 2023 \u2013 vyhodnotenie - Botanick\u00e1 z\u00e1hrada\",\"isPartOf\":{\"@id\":\"https:\\\/\\\/www.upjs.sk\\\/pracoviska\\\/botanicka-zahrada\\\/#website\"},\"datePublished\":\"2023-06-09T09:12:51+00:00\",\"dateModified\":\"2023-06-26T07:59:48+00:00\",\"breadcrumb\":{\"@id\":\"https:\\\/\\\/www.upjs.sk\\\/pracoviska\\\/botanicka-zahrada\\\/ponukame\\\/botanikiada-2023-vyhodnotenie\\\/#breadcrumb\"},\"inLanguage\":\"sk-SK\",\"potentialAction\":[{\"@type\":\"ReadAction\",\"target\":[\"https:\\\/\\\/www.upjs.sk\\\/pracoviska\\\/botanicka-zahrada\\\/ponukame\\\/botanikiada-2023-vyhodnotenie\\\/\"]}]},{\"@type\":\"BreadcrumbList\",\"@id\":\"https:\\\/\\\/www.upjs.sk\\\/pracoviska\\\/botanicka-zahrada\\\/ponukame\\\/botanikiada-2023-vyhodnotenie\\\/#breadcrumb\",\"itemListElement\":[{\"@type\":\"ListItem\",\"position\":1,\"name\":\"Home\",\"item\":\"https:\\\/\\\/www.upjs.sk\\\/pracoviska\\\/botanicka-zahrada\\\/\"},{\"@type\":\"ListItem\",\"position\":2,\"name\":\"\u010co pon\u00fakame\",\"item\":\"https:\\\/\\\/www.upjs.sk\\\/pracoviska\\\/botanicka-zahrada\\\/ponukame\\\/\"},{\"@type\":\"ListItem\",\"position\":3,\"name\":\"Botaniki\u00e1da 2023 \u2013 vyhodnotenie\"}]},{\"@type\":\"WebSite\",\"@id\":\"https:\\\/\\\/www.upjs.sk\\\/pracoviska\\\/botanicka-zahrada\\\/#website\",\"url\":\"https:\\\/\\\/www.upjs.sk\\\/pracoviska\\\/botanicka-zahrada\\\/\",\"name\":\"Botanick\u00e1 z\u00e1hrada\",\"description\":\"\",\"publisher\":{\"@id\":\"https:\\\/\\\/www.upjs.sk\\\/pracoviska\\\/botanicka-zahrada\\\/#organization\"},\"potentialAction\":[{\"@type\":\"SearchAction\",\"target\":{\"@type\":\"EntryPoint\",\"urlTemplate\":\"https:\\\/\\\/www.upjs.sk\\\/pracoviska\\\/botanicka-zahrada\\\/?s={search_term_string}\"},\"query-input\":{\"@type\":\"PropertyValueSpecification\",\"valueRequired\":true,\"valueName\":\"search_term_string\"}}],\"inLanguage\":\"sk-SK\"},{\"@type\":\"Organization\",\"@id\":\"https:\\\/\\\/www.upjs.sk\\\/pracoviska\\\/botanicka-zahrada\\\/#organization\",\"name\":\"Botanick\u00e1 z\u00e1hrada\",\"url\":\"https:\\\/\\\/www.upjs.sk\\\/pracoviska\\\/botanicka-zahrada\\\/\",\"logo\":{\"@type\":\"ImageObject\",\"inLanguage\":\"sk-SK\",\"@id\":\"https:\\\/\\\/www.upjs.sk\\\/pracoviska\\\/botanicka-zahrada\\\/#\\\/schema\\\/logo\\\/image\\\/\",\"url\":\"https:\\\/\\\/www.upjs.sk\\\/app\\\/uploads\\\/sites\\\/15\\\/2023\\\/01\\\/BZ-2.svg\",\"contentUrl\":\"https:\\\/\\\/www.upjs.sk\\\/app\\\/uploads\\\/sites\\\/15\\\/2023\\\/01\\\/BZ-2.svg\",\"width\":500,\"height\":138,\"caption\":\"Botanick\u00e1 z\u00e1hrada\"},\"image\":{\"@id\":\"https:\\\/\\\/www.upjs.sk\\\/pracoviska\\\/botanicka-zahrada\\\/#\\\/schema\\\/logo\\\/image\\\/\"}}]}<\/script>\n<!-- \/ Yoast SEO plugin. -->","yoast_head_json":{"title":"Botaniki\u00e1da 2023 \u2013 vyhodnotenie - Botanick\u00e1 z\u00e1hrada","robots":{"index":"index","follow":"follow","max-snippet":"max-snippet:-1","max-image-preview":"max-image-preview:large","max-video-preview":"max-video-preview:-1"},"canonical":"https:\/\/www.upjs.sk\/pracoviska\/botanicka-zahrada\/ponukame\/botanikiada-2023-vyhodnotenie\/","og_locale":"sk_SK","og_type":"article","og_title":"Botaniki\u00e1da 2023 \u2013 vyhodnotenie - Botanick\u00e1 z\u00e1hrada","og_description":"Mil\u00ed \u017eiaci, v\u00e1\u017een\u00ed u\u010ditelia, v\u0161etci priaznivci n\u00e1\u0161ho projektu, dvan\u00e1sty ro\u010dn\u00edk projektu Botaniki\u00e1da niesol podtitul \u201eVoda \u2013 z\u00e1klad \u017eivota\u201c. Tak ako v&nbsp;ostatn\u00fdch rokoch, i&nbsp;teraz bolo na\u0161im prvorad\u00fdm cie\u013eom usporiada\u0165 pr\u00ed\u0165a\u017eliv\u00e9 podujatie pre \u017eiakov a&nbsp;u\u010dite\u013eov z\u00e1rove\u0148 a&nbsp;e\u0161te viac ich motivova\u0165 k sk\u00famaniu danej problematiky. Chceli sme ich pr\u00edstupnou formou informova\u0165 o&nbsp;v\u00fdzname vody v&nbsp;pr\u00edrode, ktor\u00e1 je nevyhnutnou s\u00fa\u010das\u0165ou &hellip; \u010c\u00edta\u0165 \u010falej","og_url":"https:\/\/www.upjs.sk\/pracoviska\/botanicka-zahrada\/ponukame\/botanikiada-2023-vyhodnotenie\/","og_site_name":"Botanick\u00e1 z\u00e1hrada","article_modified_time":"2023-06-26T07:59:48+00:00","twitter_card":"summary_large_image","twitter_misc":{"Predpokladan\u00fd \u010das \u010d\u00edtania":"3 min\u00faty"},"schema":{"@context":"https:\/\/schema.org","@graph":[{"@type":"WebPage","@id":"https:\/\/www.upjs.sk\/pracoviska\/botanicka-zahrada\/ponukame\/botanikiada-2023-vyhodnotenie\/","url":"https:\/\/www.upjs.sk\/pracoviska\/botanicka-zahrada\/ponukame\/botanikiada-2023-vyhodnotenie\/","name":"Botaniki\u00e1da 2023 \u2013 vyhodnotenie - Botanick\u00e1 z\u00e1hrada","isPartOf":{"@id":"https:\/\/www.upjs.sk\/pracoviska\/botanicka-zahrada\/#website"},"datePublished":"2023-06-09T09:12:51+00:00","dateModified":"2023-06-26T07:59:48+00:00","breadcrumb":{"@id":"https:\/\/www.upjs.sk\/pracoviska\/botanicka-zahrada\/ponukame\/botanikiada-2023-vyhodnotenie\/#breadcrumb"},"inLanguage":"sk-SK","potentialAction":[{"@type":"ReadAction","target":["https:\/\/www.upjs.sk\/pracoviska\/botanicka-zahrada\/ponukame\/botanikiada-2023-vyhodnotenie\/"]}]},{"@type":"BreadcrumbList","@id":"https:\/\/www.upjs.sk\/pracoviska\/botanicka-zahrada\/ponukame\/botanikiada-2023-vyhodnotenie\/#breadcrumb","itemListElement":[{"@type":"ListItem","position":1,"name":"Home","item":"https:\/\/www.upjs.sk\/pracoviska\/botanicka-zahrada\/"},{"@type":"ListItem","position":2,"name":"\u010co pon\u00fakame","item":"https:\/\/www.upjs.sk\/pracoviska\/botanicka-zahrada\/ponukame\/"},{"@type":"ListItem","position":3,"name":"Botaniki\u00e1da 2023 \u2013 vyhodnotenie"}]},{"@type":"WebSite","@id":"https:\/\/www.upjs.sk\/pracoviska\/botanicka-zahrada\/#website","url":"https:\/\/www.upjs.sk\/pracoviska\/botanicka-zahrada\/","name":"Botanick\u00e1 z\u00e1hrada","description":"","publisher":{"@id":"https:\/\/www.upjs.sk\/pracoviska\/botanicka-zahrada\/#organization"},"potentialAction":[{"@type":"SearchAction","target":{"@type":"EntryPoint","urlTemplate":"https:\/\/www.upjs.sk\/pracoviska\/botanicka-zahrada\/?s={search_term_string}"},"query-input":{"@type":"PropertyValueSpecification","valueRequired":true,"valueName":"search_term_string"}}],"inLanguage":"sk-SK"},{"@type":"Organization","@id":"https:\/\/www.upjs.sk\/pracoviska\/botanicka-zahrada\/#organization","name":"Botanick\u00e1 z\u00e1hrada","url":"https:\/\/www.upjs.sk\/pracoviska\/botanicka-zahrada\/","logo":{"@type":"ImageObject","inLanguage":"sk-SK","@id":"https:\/\/www.upjs.sk\/pracoviska\/botanicka-zahrada\/#\/schema\/logo\/image\/","url":"https:\/\/www.upjs.sk\/app\/uploads\/sites\/15\/2023\/01\/BZ-2.svg","contentUrl":"https:\/\/www.upjs.sk\/app\/uploads\/sites\/15\/2023\/01\/BZ-2.svg","width":500,"height":138,"caption":"Botanick\u00e1 z\u00e1hrada"},"image":{"@id":"https:\/\/www.upjs.sk\/pracoviska\/botanicka-zahrada\/#\/schema\/logo\/image\/"}}]}},"_links":{"self":[{"href":"https:\/\/www.upjs.sk\/pracoviska\/botanicka-zahrada\/wp-json\/wp\/v2\/pages\/20815","targetHints":{"allow":["GET"]}}],"collection":[{"href":"https:\/\/www.upjs.sk\/pracoviska\/botanicka-zahrada\/wp-json\/wp\/v2\/pages"}],"about":[{"href":"https:\/\/www.upjs.sk\/pracoviska\/botanicka-zahrada\/wp-json\/wp\/v2\/types\/page"}],"author":[{"embeddable":true,"href":"https:\/\/www.upjs.sk\/pracoviska\/botanicka-zahrada\/wp-json\/wp\/v2\/users\/14"}],"replies":[{"embeddable":true,"href":"https:\/\/www.upjs.sk\/pracoviska\/botanicka-zahrada\/wp-json\/wp\/v2\/comments?post=20815"}],"version-history":[{"count":13,"href":"https:\/\/www.upjs.sk\/pracoviska\/botanicka-zahrada\/wp-json\/wp\/v2\/pages\/20815\/revisions"}],"predecessor-version":[{"id":21153,"href":"https:\/\/www.upjs.sk\/pracoviska\/botanicka-zahrada\/wp-json\/wp\/v2\/pages\/20815\/revisions\/21153"}],"up":[{"embeddable":true,"href":"https:\/\/www.upjs.sk\/pracoviska\/botanicka-zahrada\/wp-json\/wp\/v2\/pages\/14263"}],"wp:attachment":[{"href":"https:\/\/www.upjs.sk\/pracoviska\/botanicka-zahrada\/wp-json\/wp\/v2\/media?parent=20815"}],"wp:term":[{"taxonomy":"category","embeddable":true,"href":"https:\/\/www.upjs.sk\/pracoviska\/botanicka-zahrada\/wp-json\/wp\/v2\/categories?post=20815"},{"taxonomy":"post_tag","embeddable":true,"href":"https:\/\/www.upjs.sk\/pracoviska\/botanicka-zahrada\/wp-json\/wp\/v2\/tags?post=20815"}],"curies":[{"name":"wp","href":"https:\/\/api.w.org\/{rel}","templated":true}]}}