{"id":23266,"date":"2025-02-12T15:06:53","date_gmt":"2025-02-12T15:06:53","guid":{"rendered":"https:\/\/www.upjs.sk\/pracoviska\/botanicka-zahrada\/?page_id=23266"},"modified":"2026-02-11T08:53:05","modified_gmt":"2026-02-11T08:53:05","slug":"botanikiada-2025","status":"publish","type":"page","link":"https:\/\/www.upjs.sk\/pracoviska\/botanicka-zahrada\/ponukame\/botanikiada-2025\/","title":{"rendered":"Botaniki\u00e1da 2025 &#8211; Vyhodnotenie"},"content":{"rendered":"\n<p>Projekt <mark style=\"background-color:rgba(0, 0, 0, 0)\" class=\"has-inline-color has-prirodovedecka-f-color\"><strong>BOTANIKI\u00c1DA<\/strong><\/mark> m\u00e1 \u00faspe\u0161ne za sebou svoj \u0161trn\u00e1sty ro\u010dn\u00edk. Podtitul tohto ro\u010dn\u00edka znel <strong><mark style=\"background-color:rgba(0, 0, 0, 0)\" class=\"has-inline-color has-prirodovedecka-f-color\">Zelen\u00ed pomocn\u00edci<\/mark><\/strong>.<\/p>\n\n\n\n<p>Prv\u00e9, online, kolo sa uskuto\u010dnilo na zaregistrovan\u00fdch z\u00e1kladn\u00fdch \u0161kol\u00e1ch v&nbsp;t\u00fd\u017edni od 7. apr\u00edla do 11. apr\u00edla 2025. Tento rok sa do neho zapojilo 2975 piatakov. Po vyhodnoten\u00ed testov sa na region\u00e1lnom kole v&nbsp;botanickej z\u00e1hrade z\u00fa\u010dastnili dvaja \u017eiaci a&nbsp;ich pedag\u00f3govia zo&nbsp;<mark style=\"background-color:rgba(0, 0, 0, 0)\" class=\"has-inline-color has-cierna-color\">101 \u0161k\u00f4l<\/mark> a&nbsp;jeden \u017eiak s&nbsp;pedag\u00f3gom z&nbsp;<mark style=\"background-color:rgba(0, 0, 0, 0)\" class=\"has-inline-color has-cierna-color\">2 \u0161k\u00f4l<\/mark>. Spolu v&nbsp;troch turnusoch 14., 21. a&nbsp;28. m\u00e1ja 2025 sa v&nbsp;botanickej z\u00e1hrade vystriedalo <strong><mark style=\"background-color:rgba(0, 0, 0, 0)\" class=\"has-inline-color has-prirodovedecka-f-color\">103 pedag\u00f3gov a&nbsp;204 \u017eiakov<\/mark><\/strong>.<\/p>\n\n\n\n<p>Na v\u0161etk\u00fdch \u010dakal bohat\u00fd program. Po\u010dasie n\u00e1m doprialo a&nbsp;mohli sme v\u0161etky tri turnusy str\u00e1vi\u0165 so \u017eiakmi vo vonkaj\u0161om are\u00e1li, kde mali na \u0161iestich stanovi\u0161tiach pripraven\u00fdch nieko\u013eko probl\u00e9mov\u00fdch \u00faloh.<\/p>\n\n\n\n<p>Program pre u\u010dite\u013eov bol taktie\u017e pripraven\u00fd tak, aby sa tematicky venoval Zelen\u00fdm pomocn\u00edkom. &nbsp;Pri prehliadke botanickej z\u00e1hrady pod veden\u00edm RNDr. Martina Piz\u0148aka, PhD. sa pedag\u00f3govia obozn\u00e1mili s&nbsp;vyu\u017eit\u00edm rastlinn\u00e9ho materi\u00e1lu v z\u00e1hradnej tvorbe a v\u010faka prezent\u00e1cii RNDr. Michaely Ba\u010dov\u010dinovej, PhD. sa dozvedeli viac o&nbsp;lie\u010div\u00fdch, jedl\u00fdch i&nbsp;jedovat\u00fdch rastlin\u00e1ch. Z\u00e1rove\u0148 im Ing. Robert Gregorek, PhD. predstavil rastliny, &nbsp;ktor\u00e9 od n\u00e1s z\u00edskali na \u010fal\u0161ie pestovanie v&nbsp;\u0161kole.<\/p>\n\n\n\n<p><strong>Po\u010das jednotliv\u00fdch turnusov sme naj\u00faspe\u0161nej\u0161\u00edch rie\u0161ite\u013eov ocenili diplomami a&nbsp;mal\u00fdmi darmi a&nbsp;tento rok nimi boli:<\/strong><\/p>\n\n\n\n<figure class=\"wp-block-table is-style-stripes\"><table class=\"has-fixed-layout\"><tbody><tr><td><strong><mark style=\"background-color:rgba(0, 0, 0, 0)\" class=\"has-inline-color has-prirodovedecka-f-color\"><a href=\"https:\/\/www.upjs.sk\/pracoviska\/botanicka-zahrada\/botanikiada-2025-fotogaleria-14-05-2025\/\" target=\"_blank\" rel=\"noreferrer noopener\"><span><b>Turnus 14.05.2025<\/b><\/span> &#8211; FOTOGAL\u00c9RIA<\/a><\/mark><\/strong><\/td><\/tr><tr><td>Nat\u00e1lia Magnov\u00e1, Z\u0160 Ml\u00e1de\u017en\u00edcka, Ko\u0161ice \u0160aca<\/td><\/tr><tr><td>Eli\u00e1\u0161 Re\u0161tei, Z\u0160 Ml\u00e1de\u017en\u00edcka, Ko\u0161ice \u0160aca<\/td><\/tr><tr><td>Adam \u0160tovka, Z\u0160 S\u00eddlisko II, Vranov nad Top\u013eou<\/td><\/tr><tr><td>Hana Stehl\u00edkov\u00e1, Z\u0160 Hrm\u010diarska, Humenn\u00e9<\/td><\/tr><tr><td>Tade\u00e1\u0161 Durk\u00e1\u010d, Z\u0160 Pod Les\u00edkom, \u0160ari\u0161sk\u00e9 Micha\u013eany<\/td><\/tr><tr><td><strong><mark style=\"background-color:rgba(0, 0, 0, 0)\" class=\"has-inline-color has-prirodovedecka-f-color\"><a href=\"https:\/\/www.upjs.sk\/pracoviska\/botanicka-zahrada\/botanikiada-2025-fotogaleria-21-05-2025\/\" target=\"_blank\" rel=\"noreferrer noopener\">Turnus 21.05.2025 &#8211; FOTOGAL\u00c9RIA<\/a><\/mark><\/strong><\/td><\/tr><tr><td>Nina Zem\u010d\u00e1kov\u00e1, Z\u0160 Hroncova, Ko\u0161ice<\/td><\/tr><tr><td>Nela Kova\u013eov\u00e1, Z\u0160 Hroncova, Ko\u0161ice<\/td><\/tr><tr><td>Kl\u00e1ra Hug\u00e1\u0148ov\u00e1, Z\u0160 \u010cord\u00e1kova Ko\u0161ice<\/td><\/tr><tr><td>Sl\u00e1vka Tchurov\u00e1, Z\u0160 Vinn\u00e9<\/td><\/tr><tr><td><strong><mark style=\"background-color:rgba(0, 0, 0, 0)\" class=\"has-inline-color has-prirodovedecka-f-color\"><a href=\"https:\/\/www.upjs.sk\/pracoviska\/botanicka-zahrada\/botanikiada-2025-fotogaleria-28-05-2025\/\" target=\"_blank\" rel=\"noreferrer noopener\">Turnus 28.05.2025 &#8211; FOTOGAL\u00c9RIA<\/a><\/mark><\/strong><\/td><\/tr><tr><td>Emma Matisov\u00e1, Z\u0160 Margecany<\/td><\/tr><tr><td>Matej Horn\u00fd, Z\u0160 Budoveck\u00e1 Ko\u0161ice<\/td><\/tr><tr><td>Sofia Anna Onder\u010dov\u00e1, Z\u0160 \u0160meralova, Pre\u0161ov<\/td><\/tr><tr><td>Hana \u010corejov\u00e1, Z\u0160 M. Ne\u0161pora, Pre\u0161ov<\/td><\/tr><tr><td>Peter S\u00e1rossy, Z\u0160 M. Ne\u0161pora, Pre\u0161ov<\/td><\/tr><tr><td>Dani Miki Kni\u017eka, Z\u0160 Tatransk\u00e1 Lomnica<\/td><\/tr><\/tbody><\/table><\/figure>\n\n\n\n<p><\/p>\n\n\n\n<p>\u00daspe\u0161n\u00fdm rie\u0161ite\u013eom srde\u010dne blaho\u017eel\u00e1me a&nbsp; v\u0161etk\u00fdm \u00fa\u010dastn\u00edkom \u017eel\u00e1me ve\u013ea \u010fal\u0161\u00edch \u00faspechov.<\/p>\n\n\n\n<p>Na\u0161a ve\u013ek\u00e1 v\u010faka pri realiz\u00e1cii \u0161trn\u00e1steho ro\u010dn\u00edka BOTANIKI\u00c1DY patr\u00ed podporovate\u013eovi projektu <strong>Slovenskej botanickej spolo\u010dnosti<\/strong> pri SAV.<\/p>\n","protected":false},"excerpt":{"rendered":"<p>Projekt BOTANIKI\u00c1DA m\u00e1 \u00faspe\u0161ne za sebou svoj \u0161trn\u00e1sty ro\u010dn\u00edk. Podtitul tohto ro\u010dn\u00edka znel Zelen\u00ed pomocn\u00edci. Prv\u00e9, online, kolo sa uskuto\u010dnilo na zaregistrovan\u00fdch z\u00e1kladn\u00fdch \u0161kol\u00e1ch v&nbsp;t\u00fd\u017edni od 7. apr\u00edla do 11. apr\u00edla 2025. Tento rok sa do neho zapojilo 2975 piatakov. Po vyhodnoten\u00ed testov sa na region\u00e1lnom kole v&nbsp;botanickej z\u00e1hrade z\u00fa\u010dastnili dvaja \u017eiaci a&nbsp;ich pedag\u00f3govia zo&nbsp;101 &hellip; <a href=\"https:\/\/www.upjs.sk\/pracoviska\/botanicka-zahrada\/ponukame\/botanikiada-2025\/\">\u010c\u00edta\u0165 \u010falej<\/a><\/p>\n","protected":false},"author":99,"featured_media":0,"parent":14263,"menu_order":12,"comment_status":"closed","ping_status":"closed","template":"","meta":{"_acf_changed":false,"_editorskit_title_hidden":false,"_editorskit_reading_time":0,"_editorskit_is_block_options_detached":false,"_editorskit_block_options_position":"{}","footnotes":""},"categories":[],"tags":[],"class_list":["post-23266","page","type-page","status-publish","hentry"],"acf":{"acf_link_na_externy_obsah":""},"yoast_head":"<!-- This site is optimized with the Yoast SEO plugin v27.4 - https:\/\/yoast.com\/product\/yoast-seo-wordpress\/ -->\n<title>Botaniki\u00e1da 2025 - Vyhodnotenie - Botanick\u00e1 z\u00e1hrada<\/title>\n<meta name=\"robots\" content=\"index, follow, max-snippet:-1, max-image-preview:large, max-video-preview:-1\" \/>\n<link rel=\"canonical\" href=\"https:\/\/www.upjs.sk\/pracoviska\/botanicka-zahrada\/ponukame\/botanikiada-2025\/\" \/>\n<meta property=\"og:locale\" content=\"sk_SK\" \/>\n<meta property=\"og:type\" content=\"article\" \/>\n<meta property=\"og:title\" content=\"Botaniki\u00e1da 2025 - Vyhodnotenie - Botanick\u00e1 z\u00e1hrada\" \/>\n<meta property=\"og:description\" content=\"Projekt BOTANIKI\u00c1DA m\u00e1 \u00faspe\u0161ne za sebou svoj \u0161trn\u00e1sty ro\u010dn\u00edk. Podtitul tohto ro\u010dn\u00edka znel Zelen\u00ed pomocn\u00edci. Prv\u00e9, online, kolo sa uskuto\u010dnilo na zaregistrovan\u00fdch z\u00e1kladn\u00fdch \u0161kol\u00e1ch v&nbsp;t\u00fd\u017edni od 7. apr\u00edla do 11. apr\u00edla 2025. Tento rok sa do neho zapojilo 2975 piatakov. Po vyhodnoten\u00ed testov sa na region\u00e1lnom kole v&nbsp;botanickej z\u00e1hrade z\u00fa\u010dastnili dvaja \u017eiaci a&nbsp;ich pedag\u00f3govia zo&nbsp;101 &hellip; \u010c\u00edta\u0165 \u010falej\" \/>\n<meta property=\"og:url\" content=\"https:\/\/www.upjs.sk\/pracoviska\/botanicka-zahrada\/ponukame\/botanikiada-2025\/\" \/>\n<meta property=\"og:site_name\" content=\"Botanick\u00e1 z\u00e1hrada\" \/>\n<meta property=\"article:modified_time\" content=\"2026-02-11T08:53:05+00:00\" \/>\n<meta name=\"twitter:card\" content=\"summary_large_image\" \/>\n<meta name=\"twitter:label1\" content=\"Predpokladan\u00fd \u010das \u010d\u00edtania\" \/>\n\t<meta name=\"twitter:data1\" content=\"2 min\u00faty\" \/>\n<script type=\"application\/ld+json\" class=\"yoast-schema-graph\">{\"@context\":\"https:\\\/\\\/schema.org\",\"@graph\":[{\"@type\":\"WebPage\",\"@id\":\"https:\\\/\\\/www.upjs.sk\\\/pracoviska\\\/botanicka-zahrada\\\/ponukame\\\/botanikiada-2025\\\/\",\"url\":\"https:\\\/\\\/www.upjs.sk\\\/pracoviska\\\/botanicka-zahrada\\\/ponukame\\\/botanikiada-2025\\\/\",\"name\":\"Botaniki\u00e1da 2025 - Vyhodnotenie - Botanick\u00e1 z\u00e1hrada\",\"isPartOf\":{\"@id\":\"https:\\\/\\\/www.upjs.sk\\\/pracoviska\\\/botanicka-zahrada\\\/#website\"},\"datePublished\":\"2025-02-12T15:06:53+00:00\",\"dateModified\":\"2026-02-11T08:53:05+00:00\",\"breadcrumb\":{\"@id\":\"https:\\\/\\\/www.upjs.sk\\\/pracoviska\\\/botanicka-zahrada\\\/ponukame\\\/botanikiada-2025\\\/#breadcrumb\"},\"inLanguage\":\"sk-SK\",\"potentialAction\":[{\"@type\":\"ReadAction\",\"target\":[\"https:\\\/\\\/www.upjs.sk\\\/pracoviska\\\/botanicka-zahrada\\\/ponukame\\\/botanikiada-2025\\\/\"]}]},{\"@type\":\"BreadcrumbList\",\"@id\":\"https:\\\/\\\/www.upjs.sk\\\/pracoviska\\\/botanicka-zahrada\\\/ponukame\\\/botanikiada-2025\\\/#breadcrumb\",\"itemListElement\":[{\"@type\":\"ListItem\",\"position\":1,\"name\":\"Home\",\"item\":\"https:\\\/\\\/www.upjs.sk\\\/pracoviska\\\/botanicka-zahrada\\\/\"},{\"@type\":\"ListItem\",\"position\":2,\"name\":\"\u010co pon\u00fakame\",\"item\":\"https:\\\/\\\/www.upjs.sk\\\/pracoviska\\\/botanicka-zahrada\\\/ponukame\\\/\"},{\"@type\":\"ListItem\",\"position\":3,\"name\":\"Botaniki\u00e1da 2025 &#8211; Vyhodnotenie\"}]},{\"@type\":\"WebSite\",\"@id\":\"https:\\\/\\\/www.upjs.sk\\\/pracoviska\\\/botanicka-zahrada\\\/#website\",\"url\":\"https:\\\/\\\/www.upjs.sk\\\/pracoviska\\\/botanicka-zahrada\\\/\",\"name\":\"Botanick\u00e1 z\u00e1hrada\",\"description\":\"\",\"publisher\":{\"@id\":\"https:\\\/\\\/www.upjs.sk\\\/pracoviska\\\/botanicka-zahrada\\\/#organization\"},\"potentialAction\":[{\"@type\":\"SearchAction\",\"target\":{\"@type\":\"EntryPoint\",\"urlTemplate\":\"https:\\\/\\\/www.upjs.sk\\\/pracoviska\\\/botanicka-zahrada\\\/?s={search_term_string}\"},\"query-input\":{\"@type\":\"PropertyValueSpecification\",\"valueRequired\":true,\"valueName\":\"search_term_string\"}}],\"inLanguage\":\"sk-SK\"},{\"@type\":\"Organization\",\"@id\":\"https:\\\/\\\/www.upjs.sk\\\/pracoviska\\\/botanicka-zahrada\\\/#organization\",\"name\":\"Botanick\u00e1 z\u00e1hrada\",\"url\":\"https:\\\/\\\/www.upjs.sk\\\/pracoviska\\\/botanicka-zahrada\\\/\",\"logo\":{\"@type\":\"ImageObject\",\"inLanguage\":\"sk-SK\",\"@id\":\"https:\\\/\\\/www.upjs.sk\\\/pracoviska\\\/botanicka-zahrada\\\/#\\\/schema\\\/logo\\\/image\\\/\",\"url\":\"https:\\\/\\\/www.upjs.sk\\\/app\\\/uploads\\\/sites\\\/15\\\/2023\\\/01\\\/BZ-2.svg\",\"contentUrl\":\"https:\\\/\\\/www.upjs.sk\\\/app\\\/uploads\\\/sites\\\/15\\\/2023\\\/01\\\/BZ-2.svg\",\"width\":500,\"height\":138,\"caption\":\"Botanick\u00e1 z\u00e1hrada\"},\"image\":{\"@id\":\"https:\\\/\\\/www.upjs.sk\\\/pracoviska\\\/botanicka-zahrada\\\/#\\\/schema\\\/logo\\\/image\\\/\"}}]}<\/script>\n<!-- \/ Yoast SEO plugin. -->","yoast_head_json":{"title":"Botaniki\u00e1da 2025 - Vyhodnotenie - Botanick\u00e1 z\u00e1hrada","robots":{"index":"index","follow":"follow","max-snippet":"max-snippet:-1","max-image-preview":"max-image-preview:large","max-video-preview":"max-video-preview:-1"},"canonical":"https:\/\/www.upjs.sk\/pracoviska\/botanicka-zahrada\/ponukame\/botanikiada-2025\/","og_locale":"sk_SK","og_type":"article","og_title":"Botaniki\u00e1da 2025 - Vyhodnotenie - Botanick\u00e1 z\u00e1hrada","og_description":"Projekt BOTANIKI\u00c1DA m\u00e1 \u00faspe\u0161ne za sebou svoj \u0161trn\u00e1sty ro\u010dn\u00edk. Podtitul tohto ro\u010dn\u00edka znel Zelen\u00ed pomocn\u00edci. Prv\u00e9, online, kolo sa uskuto\u010dnilo na zaregistrovan\u00fdch z\u00e1kladn\u00fdch \u0161kol\u00e1ch v&nbsp;t\u00fd\u017edni od 7. apr\u00edla do 11. apr\u00edla 2025. Tento rok sa do neho zapojilo 2975 piatakov. Po vyhodnoten\u00ed testov sa na region\u00e1lnom kole v&nbsp;botanickej z\u00e1hrade z\u00fa\u010dastnili dvaja \u017eiaci a&nbsp;ich pedag\u00f3govia zo&nbsp;101 &hellip; \u010c\u00edta\u0165 \u010falej","og_url":"https:\/\/www.upjs.sk\/pracoviska\/botanicka-zahrada\/ponukame\/botanikiada-2025\/","og_site_name":"Botanick\u00e1 z\u00e1hrada","article_modified_time":"2026-02-11T08:53:05+00:00","twitter_card":"summary_large_image","twitter_misc":{"Predpokladan\u00fd \u010das \u010d\u00edtania":"2 min\u00faty"},"schema":{"@context":"https:\/\/schema.org","@graph":[{"@type":"WebPage","@id":"https:\/\/www.upjs.sk\/pracoviska\/botanicka-zahrada\/ponukame\/botanikiada-2025\/","url":"https:\/\/www.upjs.sk\/pracoviska\/botanicka-zahrada\/ponukame\/botanikiada-2025\/","name":"Botaniki\u00e1da 2025 - Vyhodnotenie - Botanick\u00e1 z\u00e1hrada","isPartOf":{"@id":"https:\/\/www.upjs.sk\/pracoviska\/botanicka-zahrada\/#website"},"datePublished":"2025-02-12T15:06:53+00:00","dateModified":"2026-02-11T08:53:05+00:00","breadcrumb":{"@id":"https:\/\/www.upjs.sk\/pracoviska\/botanicka-zahrada\/ponukame\/botanikiada-2025\/#breadcrumb"},"inLanguage":"sk-SK","potentialAction":[{"@type":"ReadAction","target":["https:\/\/www.upjs.sk\/pracoviska\/botanicka-zahrada\/ponukame\/botanikiada-2025\/"]}]},{"@type":"BreadcrumbList","@id":"https:\/\/www.upjs.sk\/pracoviska\/botanicka-zahrada\/ponukame\/botanikiada-2025\/#breadcrumb","itemListElement":[{"@type":"ListItem","position":1,"name":"Home","item":"https:\/\/www.upjs.sk\/pracoviska\/botanicka-zahrada\/"},{"@type":"ListItem","position":2,"name":"\u010co pon\u00fakame","item":"https:\/\/www.upjs.sk\/pracoviska\/botanicka-zahrada\/ponukame\/"},{"@type":"ListItem","position":3,"name":"Botaniki\u00e1da 2025 &#8211; Vyhodnotenie"}]},{"@type":"WebSite","@id":"https:\/\/www.upjs.sk\/pracoviska\/botanicka-zahrada\/#website","url":"https:\/\/www.upjs.sk\/pracoviska\/botanicka-zahrada\/","name":"Botanick\u00e1 z\u00e1hrada","description":"","publisher":{"@id":"https:\/\/www.upjs.sk\/pracoviska\/botanicka-zahrada\/#organization"},"potentialAction":[{"@type":"SearchAction","target":{"@type":"EntryPoint","urlTemplate":"https:\/\/www.upjs.sk\/pracoviska\/botanicka-zahrada\/?s={search_term_string}"},"query-input":{"@type":"PropertyValueSpecification","valueRequired":true,"valueName":"search_term_string"}}],"inLanguage":"sk-SK"},{"@type":"Organization","@id":"https:\/\/www.upjs.sk\/pracoviska\/botanicka-zahrada\/#organization","name":"Botanick\u00e1 z\u00e1hrada","url":"https:\/\/www.upjs.sk\/pracoviska\/botanicka-zahrada\/","logo":{"@type":"ImageObject","inLanguage":"sk-SK","@id":"https:\/\/www.upjs.sk\/pracoviska\/botanicka-zahrada\/#\/schema\/logo\/image\/","url":"https:\/\/www.upjs.sk\/app\/uploads\/sites\/15\/2023\/01\/BZ-2.svg","contentUrl":"https:\/\/www.upjs.sk\/app\/uploads\/sites\/15\/2023\/01\/BZ-2.svg","width":500,"height":138,"caption":"Botanick\u00e1 z\u00e1hrada"},"image":{"@id":"https:\/\/www.upjs.sk\/pracoviska\/botanicka-zahrada\/#\/schema\/logo\/image\/"}}]}},"_links":{"self":[{"href":"https:\/\/www.upjs.sk\/pracoviska\/botanicka-zahrada\/wp-json\/wp\/v2\/pages\/23266","targetHints":{"allow":["GET"]}}],"collection":[{"href":"https:\/\/www.upjs.sk\/pracoviska\/botanicka-zahrada\/wp-json\/wp\/v2\/pages"}],"about":[{"href":"https:\/\/www.upjs.sk\/pracoviska\/botanicka-zahrada\/wp-json\/wp\/v2\/types\/page"}],"author":[{"embeddable":true,"href":"https:\/\/www.upjs.sk\/pracoviska\/botanicka-zahrada\/wp-json\/wp\/v2\/users\/99"}],"replies":[{"embeddable":true,"href":"https:\/\/www.upjs.sk\/pracoviska\/botanicka-zahrada\/wp-json\/wp\/v2\/comments?post=23266"}],"version-history":[{"count":7,"href":"https:\/\/www.upjs.sk\/pracoviska\/botanicka-zahrada\/wp-json\/wp\/v2\/pages\/23266\/revisions"}],"predecessor-version":[{"id":24935,"href":"https:\/\/www.upjs.sk\/pracoviska\/botanicka-zahrada\/wp-json\/wp\/v2\/pages\/23266\/revisions\/24935"}],"up":[{"embeddable":true,"href":"https:\/\/www.upjs.sk\/pracoviska\/botanicka-zahrada\/wp-json\/wp\/v2\/pages\/14263"}],"wp:attachment":[{"href":"https:\/\/www.upjs.sk\/pracoviska\/botanicka-zahrada\/wp-json\/wp\/v2\/media?parent=23266"}],"wp:term":[{"taxonomy":"category","embeddable":true,"href":"https:\/\/www.upjs.sk\/pracoviska\/botanicka-zahrada\/wp-json\/wp\/v2\/categories?post=23266"},{"taxonomy":"post_tag","embeddable":true,"href":"https:\/\/www.upjs.sk\/pracoviska\/botanicka-zahrada\/wp-json\/wp\/v2\/tags?post=23266"}],"curies":[{"name":"wp","href":"https:\/\/api.w.org\/{rel}","templated":true}]}}