{"id":24129,"date":"2025-11-24T13:37:33","date_gmt":"2025-11-24T13:37:33","guid":{"rendered":"https:\/\/www.upjs.sk\/pracoviska\/botanicka-zahrada\/?page_id=24129"},"modified":"2025-11-25T07:45:51","modified_gmt":"2025-11-25T07:45:51","slug":"informacie-pre-imobilnych-navstevnikov","status":"publish","type":"page","link":"https:\/\/www.upjs.sk\/pracoviska\/botanicka-zahrada\/navstivte-nas\/informacie-pre-imobilnych-navstevnikov\/","title":{"rendered":"Inform\u00e1cie pre imobiln\u00fdch n\u00e1v\u0161tevn\u00edkov"},"content":{"rendered":"\n<p><strong><mark style=\"background-color:rgba(0, 0, 0, 0)\" class=\"has-inline-color has-zakladna-modra-color\">Priestory botanickej z\u00e1hrady (vonkaj\u0161\u00ed are\u00e1l a\u202fsklen\u00edky) s\u00fa bezbari\u00e9rov\u00e9 s\u202fminim\u00e1lnymi obmedzeniami. Na niektor\u00fdch miestach sa nach\u00e1dzaj\u00fa schody, ktor\u00e9 sa daj\u00fa prekona\u0165 obch\u00e1dzkovou trasou.&nbsp;<\/mark><\/strong><\/p>\n\n\n\n<ol start=\"1\" class=\"wp-block-list\">\n<li>Vstup do<strong> n\u00e1v\u0161tevn\u00edckeho centra a\u202fkaviarne<\/strong> z\u202fulice je plne bezbari\u00e9rov\u00fd. V\u202fn\u00e1v\u0161tevn\u00edckom centre sa nach\u00e1dza toaleta pre imobiln\u00fdch a\u202frecepcia. Na parkovisku je k\u202fdispoz\u00edcii 1 vyhraden\u00e9 miesto.&nbsp;&nbsp;<\/li>\n<\/ol>\n\n\n\n<ol start=\"2\" class=\"wp-block-list\">\n<li>Vstup do<strong> budovy a vestibulu<\/strong> je umo\u017enen\u00fd pomocou bezbari\u00e9rovej rampy. Do ostatn\u00fdch \u010dast\u00ed budovy vedie nieko\u013eko schod\u00edsk.&nbsp;<\/li>\n<\/ol>\n\n\n\n<ol start=\"3\" class=\"wp-block-list\">\n<li>Pred vstupom do <strong>sklen\u00edka<\/strong> sa nach\u00e1dzaj\u00fa 2 schody. Je mo\u017en\u00e9 ich ob\u00eds\u0165 cez z\u00e1hradu okolo sklen\u00edkov (modr\u00e1 \u010diara na mape okolo sklen\u00edkov). T\u00e1to mo\u017enos\u0165 je najjednoduch\u0161ia a najviac pohodln\u00e1.&nbsp;<br><br>V\u202fpr\u00edpade potreby je mo\u017en\u00e9 po\u017eiada\u0165 na recepcii o\u202fin\u0161tal\u00e1ciu do\u010dasnej mobilnej rampy ku schodom pred sklen\u00edkom.&nbsp;&nbsp;<br>Chodn\u00edky s\u00fa v\u202fsklen\u00edkoch u\u017e\u0161ie a\u202fpreto m\u00f4\u017eu sp\u00f4sobi\u0165 obmedzenia v\u202fpohybe v\u202fz\u00e1vislosti od rozmerov invalidn\u00e9ho voz\u00edka resp. ko\u010d\u00edka.<\/li>\n<\/ol>\n\n\n\n<ol start=\"4\" class=\"wp-block-list\">\n<li>Vstup do <strong>arbor\u00e9ta<\/strong> a\u202f\u010falej smerom k\u202f<strong>mini zoo<\/strong> je tvoren\u00fd dlh\u00fdm schodiskom. Je mo\u017en\u00e9 ho ob\u00eds\u0165 po ceste s\u202fmiernym st\u00fapan\u00edm a\u017e k\u202fmini zoo.&nbsp;&nbsp;<\/li>\n<\/ol>\n\n\n\n<ol start=\"5\" class=\"wp-block-list\">\n<li>Schody ved\u00face do <strong>dolnej \u010dasti vonkaj\u0161ieho are\u00e1lu k jazierkam<\/strong> je mo\u017en\u00e9 ob\u00eds\u0165 po chodn\u00edku (napravo od schodov) ved\u00facom popod pergolu.&nbsp;&nbsp;<\/li>\n<\/ol>\n\n\n\n<p><\/p>\n\n\n\n<figure class=\"wp-block-image aligncenter size-full is-resized\"><img loading=\"lazy\" decoding=\"async\" width=\"800\" height=\"565\" src=\"https:\/\/www.upjs.sk\/app\/uploads\/sites\/15\/2025\/11\/mapa-imobilni-SK.jpg\" alt=\"\" class=\"wp-image-24130\" style=\"width:800px;height:auto\" srcset=\"https:\/\/www.upjs.sk\/app\/uploads\/sites\/15\/2025\/11\/mapa-imobilni-SK.jpg 800w, https:\/\/www.upjs.sk\/app\/uploads\/sites\/15\/2025\/11\/mapa-imobilni-SK-300x212.jpg 300w, https:\/\/www.upjs.sk\/app\/uploads\/sites\/15\/2025\/11\/mapa-imobilni-SK-768x542.jpg 768w\" sizes=\"auto, (max-width: 800px) 100vw, 800px\" \/><\/figure>\n","protected":false},"excerpt":{"rendered":"<p>Priestory botanickej z\u00e1hrady (vonkaj\u0161\u00ed are\u00e1l a\u202fsklen\u00edky) s\u00fa bezbari\u00e9rov\u00e9 s\u202fminim\u00e1lnymi obmedzeniami. Na niektor\u00fdch miestach sa nach\u00e1dzaj\u00fa schody, ktor\u00e9 sa daj\u00fa prekona\u0165 obch\u00e1dzkovou trasou.&nbsp;<\/p>\n","protected":false},"author":99,"featured_media":0,"parent":12810,"menu_order":5,"comment_status":"closed","ping_status":"closed","template":"","meta":{"_acf_changed":false,"_editorskit_title_hidden":false,"_editorskit_reading_time":0,"_editorskit_is_block_options_detached":false,"_editorskit_block_options_position":"{}","footnotes":""},"categories":[],"tags":[],"class_list":["post-24129","page","type-page","status-publish","hentry"],"acf":{"acf_link_na_externy_obsah":""},"yoast_head":"<!-- This site is optimized with the Yoast SEO plugin v27.2 - https:\/\/yoast.com\/product\/yoast-seo-wordpress\/ -->\n<title>Inform\u00e1cie pre imobiln\u00fdch n\u00e1v\u0161tevn\u00edkov - Botanick\u00e1 z\u00e1hrada<\/title>\n<meta name=\"robots\" content=\"index, follow, max-snippet:-1, max-image-preview:large, max-video-preview:-1\" \/>\n<link rel=\"canonical\" href=\"https:\/\/www.upjs.sk\/pracoviska\/botanicka-zahrada\/navstivte-nas\/informacie-pre-imobilnych-navstevnikov\/\" \/>\n<meta property=\"og:locale\" content=\"sk_SK\" \/>\n<meta property=\"og:type\" content=\"article\" \/>\n<meta property=\"og:title\" content=\"Inform\u00e1cie pre imobiln\u00fdch n\u00e1v\u0161tevn\u00edkov - Botanick\u00e1 z\u00e1hrada\" \/>\n<meta property=\"og:description\" content=\"Priestory botanickej z\u00e1hrady (vonkaj\u0161\u00ed are\u00e1l a\u202fsklen\u00edky) s\u00fa bezbari\u00e9rov\u00e9 s\u202fminim\u00e1lnymi obmedzeniami. Na niektor\u00fdch miestach sa nach\u00e1dzaj\u00fa schody, ktor\u00e9 sa daj\u00fa prekona\u0165 obch\u00e1dzkovou trasou.&nbsp;\" \/>\n<meta property=\"og:url\" content=\"https:\/\/www.upjs.sk\/pracoviska\/botanicka-zahrada\/navstivte-nas\/informacie-pre-imobilnych-navstevnikov\/\" \/>\n<meta property=\"og:site_name\" content=\"Botanick\u00e1 z\u00e1hrada\" \/>\n<meta property=\"article:modified_time\" content=\"2025-11-25T07:45:51+00:00\" \/>\n<meta property=\"og:image\" content=\"https:\/\/www.upjs.sk\/app\/uploads\/sites\/15\/2025\/11\/mapa-imobilni-SK.jpg\" \/>\n<meta name=\"twitter:card\" content=\"summary_large_image\" \/>\n<meta name=\"twitter:label1\" content=\"Predpokladan\u00fd \u010das \u010d\u00edtania\" \/>\n\t<meta name=\"twitter:data1\" content=\"2 min\u00faty\" \/>\n<script type=\"application\/ld+json\" class=\"yoast-schema-graph\">{\"@context\":\"https:\/\/schema.org\",\"@graph\":[{\"@type\":\"WebPage\",\"@id\":\"https:\/\/www.upjs.sk\/pracoviska\/botanicka-zahrada\/navstivte-nas\/informacie-pre-imobilnych-navstevnikov\/\",\"url\":\"https:\/\/www.upjs.sk\/pracoviska\/botanicka-zahrada\/navstivte-nas\/informacie-pre-imobilnych-navstevnikov\/\",\"name\":\"Inform\u00e1cie pre imobiln\u00fdch n\u00e1v\u0161tevn\u00edkov - Botanick\u00e1 z\u00e1hrada\",\"isPartOf\":{\"@id\":\"https:\/\/www.upjs.sk\/pracoviska\/botanicka-zahrada\/#website\"},\"primaryImageOfPage\":{\"@id\":\"https:\/\/www.upjs.sk\/pracoviska\/botanicka-zahrada\/navstivte-nas\/informacie-pre-imobilnych-navstevnikov\/#primaryimage\"},\"image\":{\"@id\":\"https:\/\/www.upjs.sk\/pracoviska\/botanicka-zahrada\/navstivte-nas\/informacie-pre-imobilnych-navstevnikov\/#primaryimage\"},\"thumbnailUrl\":\"https:\/\/www.upjs.sk\/app\/uploads\/sites\/15\/2025\/11\/mapa-imobilni-SK.jpg\",\"datePublished\":\"2025-11-24T13:37:33+00:00\",\"dateModified\":\"2025-11-25T07:45:51+00:00\",\"breadcrumb\":{\"@id\":\"https:\/\/www.upjs.sk\/pracoviska\/botanicka-zahrada\/navstivte-nas\/informacie-pre-imobilnych-navstevnikov\/#breadcrumb\"},\"inLanguage\":\"sk-SK\",\"potentialAction\":[{\"@type\":\"ReadAction\",\"target\":[\"https:\/\/www.upjs.sk\/pracoviska\/botanicka-zahrada\/navstivte-nas\/informacie-pre-imobilnych-navstevnikov\/\"]}]},{\"@type\":\"ImageObject\",\"inLanguage\":\"sk-SK\",\"@id\":\"https:\/\/www.upjs.sk\/pracoviska\/botanicka-zahrada\/navstivte-nas\/informacie-pre-imobilnych-navstevnikov\/#primaryimage\",\"url\":\"https:\/\/www.upjs.sk\/app\/uploads\/sites\/15\/2025\/11\/mapa-imobilni-SK.jpg\",\"contentUrl\":\"https:\/\/www.upjs.sk\/app\/uploads\/sites\/15\/2025\/11\/mapa-imobilni-SK.jpg\"},{\"@type\":\"BreadcrumbList\",\"@id\":\"https:\/\/www.upjs.sk\/pracoviska\/botanicka-zahrada\/navstivte-nas\/informacie-pre-imobilnych-navstevnikov\/#breadcrumb\",\"itemListElement\":[{\"@type\":\"ListItem\",\"position\":1,\"name\":\"Home\",\"item\":\"https:\/\/www.upjs.sk\/pracoviska\/botanicka-zahrada\/\"},{\"@type\":\"ListItem\",\"position\":2,\"name\":\"Nav\u0161t\u00edvte n\u00e1s\",\"item\":\"https:\/\/www.upjs.sk\/pracoviska\/botanicka-zahrada\/navstivte-nas\/\"},{\"@type\":\"ListItem\",\"position\":3,\"name\":\"Inform\u00e1cie pre imobiln\u00fdch n\u00e1v\u0161tevn\u00edkov\"}]},{\"@type\":\"WebSite\",\"@id\":\"https:\/\/www.upjs.sk\/pracoviska\/botanicka-zahrada\/#website\",\"url\":\"https:\/\/www.upjs.sk\/pracoviska\/botanicka-zahrada\/\",\"name\":\"Botanick\u00e1 z\u00e1hrada\",\"description\":\"\",\"publisher\":{\"@id\":\"https:\/\/www.upjs.sk\/pracoviska\/botanicka-zahrada\/#organization\"},\"potentialAction\":[{\"@type\":\"SearchAction\",\"target\":{\"@type\":\"EntryPoint\",\"urlTemplate\":\"https:\/\/www.upjs.sk\/pracoviska\/botanicka-zahrada\/?s={search_term_string}\"},\"query-input\":{\"@type\":\"PropertyValueSpecification\",\"valueRequired\":true,\"valueName\":\"search_term_string\"}}],\"inLanguage\":\"sk-SK\"},{\"@type\":\"Organization\",\"@id\":\"https:\/\/www.upjs.sk\/pracoviska\/botanicka-zahrada\/#organization\",\"name\":\"Botanick\u00e1 z\u00e1hrada\",\"url\":\"https:\/\/www.upjs.sk\/pracoviska\/botanicka-zahrada\/\",\"logo\":{\"@type\":\"ImageObject\",\"inLanguage\":\"sk-SK\",\"@id\":\"https:\/\/www.upjs.sk\/pracoviska\/botanicka-zahrada\/#\/schema\/logo\/image\/\",\"url\":\"https:\/\/www.upjs.sk\/app\/uploads\/sites\/15\/2023\/01\/BZ-2.svg\",\"contentUrl\":\"https:\/\/www.upjs.sk\/app\/uploads\/sites\/15\/2023\/01\/BZ-2.svg\",\"width\":500,\"height\":138,\"caption\":\"Botanick\u00e1 z\u00e1hrada\"},\"image\":{\"@id\":\"https:\/\/www.upjs.sk\/pracoviska\/botanicka-zahrada\/#\/schema\/logo\/image\/\"}}]}<\/script>\n<!-- \/ Yoast SEO plugin. -->","yoast_head_json":{"title":"Inform\u00e1cie pre imobiln\u00fdch n\u00e1v\u0161tevn\u00edkov - Botanick\u00e1 z\u00e1hrada","robots":{"index":"index","follow":"follow","max-snippet":"max-snippet:-1","max-image-preview":"max-image-preview:large","max-video-preview":"max-video-preview:-1"},"canonical":"https:\/\/www.upjs.sk\/pracoviska\/botanicka-zahrada\/navstivte-nas\/informacie-pre-imobilnych-navstevnikov\/","og_locale":"sk_SK","og_type":"article","og_title":"Inform\u00e1cie pre imobiln\u00fdch n\u00e1v\u0161tevn\u00edkov - Botanick\u00e1 z\u00e1hrada","og_description":"Priestory botanickej z\u00e1hrady (vonkaj\u0161\u00ed are\u00e1l a\u202fsklen\u00edky) s\u00fa bezbari\u00e9rov\u00e9 s\u202fminim\u00e1lnymi obmedzeniami. Na niektor\u00fdch miestach sa nach\u00e1dzaj\u00fa schody, ktor\u00e9 sa daj\u00fa prekona\u0165 obch\u00e1dzkovou trasou.&nbsp;","og_url":"https:\/\/www.upjs.sk\/pracoviska\/botanicka-zahrada\/navstivte-nas\/informacie-pre-imobilnych-navstevnikov\/","og_site_name":"Botanick\u00e1 z\u00e1hrada","article_modified_time":"2025-11-25T07:45:51+00:00","og_image":[{"url":"https:\/\/www.upjs.sk\/app\/uploads\/sites\/15\/2025\/11\/mapa-imobilni-SK.jpg","type":"","width":"","height":""}],"twitter_card":"summary_large_image","twitter_misc":{"Predpokladan\u00fd \u010das \u010d\u00edtania":"2 min\u00faty"},"schema":{"@context":"https:\/\/schema.org","@graph":[{"@type":"WebPage","@id":"https:\/\/www.upjs.sk\/pracoviska\/botanicka-zahrada\/navstivte-nas\/informacie-pre-imobilnych-navstevnikov\/","url":"https:\/\/www.upjs.sk\/pracoviska\/botanicka-zahrada\/navstivte-nas\/informacie-pre-imobilnych-navstevnikov\/","name":"Inform\u00e1cie pre imobiln\u00fdch n\u00e1v\u0161tevn\u00edkov - Botanick\u00e1 z\u00e1hrada","isPartOf":{"@id":"https:\/\/www.upjs.sk\/pracoviska\/botanicka-zahrada\/#website"},"primaryImageOfPage":{"@id":"https:\/\/www.upjs.sk\/pracoviska\/botanicka-zahrada\/navstivte-nas\/informacie-pre-imobilnych-navstevnikov\/#primaryimage"},"image":{"@id":"https:\/\/www.upjs.sk\/pracoviska\/botanicka-zahrada\/navstivte-nas\/informacie-pre-imobilnych-navstevnikov\/#primaryimage"},"thumbnailUrl":"https:\/\/www.upjs.sk\/app\/uploads\/sites\/15\/2025\/11\/mapa-imobilni-SK.jpg","datePublished":"2025-11-24T13:37:33+00:00","dateModified":"2025-11-25T07:45:51+00:00","breadcrumb":{"@id":"https:\/\/www.upjs.sk\/pracoviska\/botanicka-zahrada\/navstivte-nas\/informacie-pre-imobilnych-navstevnikov\/#breadcrumb"},"inLanguage":"sk-SK","potentialAction":[{"@type":"ReadAction","target":["https:\/\/www.upjs.sk\/pracoviska\/botanicka-zahrada\/navstivte-nas\/informacie-pre-imobilnych-navstevnikov\/"]}]},{"@type":"ImageObject","inLanguage":"sk-SK","@id":"https:\/\/www.upjs.sk\/pracoviska\/botanicka-zahrada\/navstivte-nas\/informacie-pre-imobilnych-navstevnikov\/#primaryimage","url":"https:\/\/www.upjs.sk\/app\/uploads\/sites\/15\/2025\/11\/mapa-imobilni-SK.jpg","contentUrl":"https:\/\/www.upjs.sk\/app\/uploads\/sites\/15\/2025\/11\/mapa-imobilni-SK.jpg"},{"@type":"BreadcrumbList","@id":"https:\/\/www.upjs.sk\/pracoviska\/botanicka-zahrada\/navstivte-nas\/informacie-pre-imobilnych-navstevnikov\/#breadcrumb","itemListElement":[{"@type":"ListItem","position":1,"name":"Home","item":"https:\/\/www.upjs.sk\/pracoviska\/botanicka-zahrada\/"},{"@type":"ListItem","position":2,"name":"Nav\u0161t\u00edvte n\u00e1s","item":"https:\/\/www.upjs.sk\/pracoviska\/botanicka-zahrada\/navstivte-nas\/"},{"@type":"ListItem","position":3,"name":"Inform\u00e1cie pre imobiln\u00fdch n\u00e1v\u0161tevn\u00edkov"}]},{"@type":"WebSite","@id":"https:\/\/www.upjs.sk\/pracoviska\/botanicka-zahrada\/#website","url":"https:\/\/www.upjs.sk\/pracoviska\/botanicka-zahrada\/","name":"Botanick\u00e1 z\u00e1hrada","description":"","publisher":{"@id":"https:\/\/www.upjs.sk\/pracoviska\/botanicka-zahrada\/#organization"},"potentialAction":[{"@type":"SearchAction","target":{"@type":"EntryPoint","urlTemplate":"https:\/\/www.upjs.sk\/pracoviska\/botanicka-zahrada\/?s={search_term_string}"},"query-input":{"@type":"PropertyValueSpecification","valueRequired":true,"valueName":"search_term_string"}}],"inLanguage":"sk-SK"},{"@type":"Organization","@id":"https:\/\/www.upjs.sk\/pracoviska\/botanicka-zahrada\/#organization","name":"Botanick\u00e1 z\u00e1hrada","url":"https:\/\/www.upjs.sk\/pracoviska\/botanicka-zahrada\/","logo":{"@type":"ImageObject","inLanguage":"sk-SK","@id":"https:\/\/www.upjs.sk\/pracoviska\/botanicka-zahrada\/#\/schema\/logo\/image\/","url":"https:\/\/www.upjs.sk\/app\/uploads\/sites\/15\/2023\/01\/BZ-2.svg","contentUrl":"https:\/\/www.upjs.sk\/app\/uploads\/sites\/15\/2023\/01\/BZ-2.svg","width":500,"height":138,"caption":"Botanick\u00e1 z\u00e1hrada"},"image":{"@id":"https:\/\/www.upjs.sk\/pracoviska\/botanicka-zahrada\/#\/schema\/logo\/image\/"}}]}},"_links":{"self":[{"href":"https:\/\/www.upjs.sk\/pracoviska\/botanicka-zahrada\/wp-json\/wp\/v2\/pages\/24129","targetHints":{"allow":["GET"]}}],"collection":[{"href":"https:\/\/www.upjs.sk\/pracoviska\/botanicka-zahrada\/wp-json\/wp\/v2\/pages"}],"about":[{"href":"https:\/\/www.upjs.sk\/pracoviska\/botanicka-zahrada\/wp-json\/wp\/v2\/types\/page"}],"author":[{"embeddable":true,"href":"https:\/\/www.upjs.sk\/pracoviska\/botanicka-zahrada\/wp-json\/wp\/v2\/users\/99"}],"replies":[{"embeddable":true,"href":"https:\/\/www.upjs.sk\/pracoviska\/botanicka-zahrada\/wp-json\/wp\/v2\/comments?post=24129"}],"version-history":[{"count":9,"href":"https:\/\/www.upjs.sk\/pracoviska\/botanicka-zahrada\/wp-json\/wp\/v2\/pages\/24129\/revisions"}],"predecessor-version":[{"id":24262,"href":"https:\/\/www.upjs.sk\/pracoviska\/botanicka-zahrada\/wp-json\/wp\/v2\/pages\/24129\/revisions\/24262"}],"up":[{"embeddable":true,"href":"https:\/\/www.upjs.sk\/pracoviska\/botanicka-zahrada\/wp-json\/wp\/v2\/pages\/12810"}],"wp:attachment":[{"href":"https:\/\/www.upjs.sk\/pracoviska\/botanicka-zahrada\/wp-json\/wp\/v2\/media?parent=24129"}],"wp:term":[{"taxonomy":"category","embeddable":true,"href":"https:\/\/www.upjs.sk\/pracoviska\/botanicka-zahrada\/wp-json\/wp\/v2\/categories?post=24129"},{"taxonomy":"post_tag","embeddable":true,"href":"https:\/\/www.upjs.sk\/pracoviska\/botanicka-zahrada\/wp-json\/wp\/v2\/tags?post=24129"}],"curies":[{"name":"wp","href":"https:\/\/api.w.org\/{rel}","templated":true}]}}