{"id":15740,"date":"2023-02-06T20:03:16","date_gmt":"2023-02-06T20:03:16","guid":{"rendered":"https:\/\/www.upjs.sk\/pracoviska\/ccvapp\/?page_id=15740"},"modified":"2023-02-06T20:05:26","modified_gmt":"2023-02-06T20:05:26","slug":"department-of-project-support","status":"publish","type":"page","link":"https:\/\/www.upjs.sk\/pracoviska\/ccvapp\/en\/department-of-project-support\/","title":{"rendered":"Department of Project Support"},"content":{"rendered":"\n<p>The activities of the Department of Project Support are focused on the implementation and support of the following activities within the university:<\/p>\n\n<ul class=\"wp-block-list\"><li>permanent research and monitoring of the possibilities of financing project activities and non-selective, transparent and timely communication of information to the faculties and workplaces of the university, maintaining smooth information flows and feedback within the university,<\/li><li>methodical activity in the creation of project intentions and proposals,<\/li><li>preparation of documents for deciding on priorities in the field of project and business activity,<\/li><li>processing project intentions and preparing documents for the approval process,<\/li><li>support activities in the planning, preparation and processing of project proposals, administration of requests and contract documents,<\/li><li>supporting activities in project implementation processes \u2013 tracking deadlines, organizational and administrative security of activities, administration of purchasing processes, publication activities, monitoring, publicity, financing and accounting processes,<\/li><li>supporting activities within the processes related to project completion and project sustainability,<\/li><li>management and administration of the project portal,<\/li><li>monitoring and evaluation of statistical indicators and records.<\/li><\/ul>\n","protected":false},"excerpt":{"rendered":"<p>The activities of the Department of Project Support are focused on the implementation and support of the following activities within the university: permanent research and monitoring of the possibilities of financing project activities and non-selective, transparent and timely communication of information to the faculties and workplaces of the university, maintaining smooth information flows and feedback &hellip; <a href=\"https:\/\/www.upjs.sk\/pracoviska\/ccvapp\/en\/department-of-project-support\/\">Continued<\/a><\/p>\n","protected":false},"author":30,"featured_media":0,"parent":0,"menu_order":11,"comment_status":"closed","ping_status":"closed","template":"","meta":{"_acf_changed":false,"_editorskit_title_hidden":false,"_editorskit_reading_time":0,"_editorskit_is_block_options_detached":false,"_editorskit_block_options_position":"{}","footnotes":""},"categories":[],"tags":[],"class_list":["post-15740","page","type-page","status-publish","hentry"],"acf":{"acf_link_na_externy_obsah":""},"yoast_head":"<!-- This site is optimized with the Yoast SEO plugin v27.4 - https:\/\/yoast.com\/product\/yoast-seo-wordpress\/ -->\n<title>Department of Project Support - Centrum celo\u017eivotn\u00e9ho vzdel\u00e1vania a podpory projektov | UPJ\u0160<\/title>\n<meta name=\"robots\" content=\"index, follow, max-snippet:-1, max-image-preview:large, max-video-preview:-1\" \/>\n<link rel=\"canonical\" href=\"https:\/\/www.upjs.sk\/pracoviska\/ccvapp\/en\/department-of-project-support\/\" \/>\n<meta property=\"og:locale\" content=\"en_US\" \/>\n<meta property=\"og:type\" content=\"article\" \/>\n<meta property=\"og:title\" content=\"Department of Project Support - Centrum celo\u017eivotn\u00e9ho vzdel\u00e1vania a podpory projektov | UPJ\u0160\" \/>\n<meta property=\"og:description\" content=\"The activities of the Department of Project Support are focused on the implementation and support of the following activities within the university: permanent research and monitoring of the possibilities of financing project activities and non-selective, transparent and timely communication of information to the faculties and workplaces of the university, maintaining smooth information flows and feedback &hellip; Continued\" \/>\n<meta property=\"og:url\" content=\"https:\/\/www.upjs.sk\/pracoviska\/ccvapp\/en\/department-of-project-support\/\" \/>\n<meta property=\"og:site_name\" content=\"Centrum celo\u017eivotn\u00e9ho vzdel\u00e1vania a podpory projektov | UPJ\u0160\" \/>\n<meta property=\"article:modified_time\" content=\"2023-02-06T20:05:26+00:00\" \/>\n<meta name=\"twitter:card\" content=\"summary_large_image\" \/>\n<script type=\"application\/ld+json\" class=\"yoast-schema-graph\">{\"@context\":\"https:\\\/\\\/schema.org\",\"@graph\":[{\"@type\":\"WebPage\",\"@id\":\"https:\\\/\\\/www.upjs.sk\\\/pracoviska\\\/ccvapp\\\/en\\\/department-of-project-support\\\/\",\"url\":\"https:\\\/\\\/www.upjs.sk\\\/pracoviska\\\/ccvapp\\\/en\\\/department-of-project-support\\\/\",\"name\":\"Department of Project Support - Centrum celo\u017eivotn\u00e9ho vzdel\u00e1vania a podpory projektov | UPJ\u0160\",\"isPartOf\":{\"@id\":\"https:\\\/\\\/www.upjs.sk\\\/pracoviska\\\/ccvapp\\\/en\\\/#website\"},\"datePublished\":\"2023-02-06T20:03:16+00:00\",\"dateModified\":\"2023-02-06T20:05:26+00:00\",\"breadcrumb\":{\"@id\":\"https:\\\/\\\/www.upjs.sk\\\/pracoviska\\\/ccvapp\\\/en\\\/department-of-project-support\\\/#breadcrumb\"},\"inLanguage\":\"en-US\",\"potentialAction\":[{\"@type\":\"ReadAction\",\"target\":[\"https:\\\/\\\/www.upjs.sk\\\/pracoviska\\\/ccvapp\\\/en\\\/department-of-project-support\\\/\"]}]},{\"@type\":\"BreadcrumbList\",\"@id\":\"https:\\\/\\\/www.upjs.sk\\\/pracoviska\\\/ccvapp\\\/en\\\/department-of-project-support\\\/#breadcrumb\",\"itemListElement\":[{\"@type\":\"ListItem\",\"position\":1,\"name\":\"Home\",\"item\":\"https:\\\/\\\/www.upjs.sk\\\/pracoviska\\\/ccvapp\\\/en\\\/\"},{\"@type\":\"ListItem\",\"position\":2,\"name\":\"Department of Project Support\"}]},{\"@type\":\"WebSite\",\"@id\":\"https:\\\/\\\/www.upjs.sk\\\/pracoviska\\\/ccvapp\\\/en\\\/#website\",\"url\":\"https:\\\/\\\/www.upjs.sk\\\/pracoviska\\\/ccvapp\\\/en\\\/\",\"name\":\"Centrum celo\u017eivotn\u00e9ho vzdel\u00e1vania a podpory projektov | UPJ\u0160\",\"description\":\"\",\"publisher\":{\"@id\":\"https:\\\/\\\/www.upjs.sk\\\/pracoviska\\\/ccvapp\\\/en\\\/#organization\"},\"potentialAction\":[{\"@type\":\"SearchAction\",\"target\":{\"@type\":\"EntryPoint\",\"urlTemplate\":\"https:\\\/\\\/www.upjs.sk\\\/pracoviska\\\/ccvapp\\\/en\\\/?s={search_term_string}\"},\"query-input\":{\"@type\":\"PropertyValueSpecification\",\"valueRequired\":true,\"valueName\":\"search_term_string\"}}],\"inLanguage\":\"en-US\"},{\"@type\":\"Organization\",\"@id\":\"https:\\\/\\\/www.upjs.sk\\\/pracoviska\\\/ccvapp\\\/en\\\/#organization\",\"name\":\"Centrum celo\u017eivotn\u00e9ho vzdel\u00e1vania a podpory projektov | UPJ\u0160\",\"url\":\"https:\\\/\\\/www.upjs.sk\\\/pracoviska\\\/ccvapp\\\/en\\\/\",\"logo\":{\"@type\":\"ImageObject\",\"inLanguage\":\"en-US\",\"@id\":\"https:\\\/\\\/www.upjs.sk\\\/pracoviska\\\/ccvapp\\\/en\\\/#\\\/schema\\\/logo\\\/image\\\/\",\"url\":\"https:\\\/\\\/www.upjs.sk\\\/app\\\/uploads\\\/sites\\\/22\\\/2023\\\/01\\\/CCVaPP.svg\",\"contentUrl\":\"https:\\\/\\\/www.upjs.sk\\\/app\\\/uploads\\\/sites\\\/22\\\/2023\\\/01\\\/CCVaPP.svg\",\"width\":500,\"height\":138,\"caption\":\"Centrum celo\u017eivotn\u00e9ho vzdel\u00e1vania a podpory projektov | UPJ\u0160\"},\"image\":{\"@id\":\"https:\\\/\\\/www.upjs.sk\\\/pracoviska\\\/ccvapp\\\/en\\\/#\\\/schema\\\/logo\\\/image\\\/\"}}]}<\/script>\n<!-- \/ Yoast SEO plugin. -->","yoast_head_json":{"title":"Department of Project Support - Centrum celo\u017eivotn\u00e9ho vzdel\u00e1vania a podpory projektov | UPJ\u0160","robots":{"index":"index","follow":"follow","max-snippet":"max-snippet:-1","max-image-preview":"max-image-preview:large","max-video-preview":"max-video-preview:-1"},"canonical":"https:\/\/www.upjs.sk\/pracoviska\/ccvapp\/en\/department-of-project-support\/","og_locale":"en_US","og_type":"article","og_title":"Department of Project Support - Centrum celo\u017eivotn\u00e9ho vzdel\u00e1vania a podpory projektov | UPJ\u0160","og_description":"The activities of the Department of Project Support are focused on the implementation and support of the following activities within the university: permanent research and monitoring of the possibilities of financing project activities and non-selective, transparent and timely communication of information to the faculties and workplaces of the university, maintaining smooth information flows and feedback &hellip; Continued","og_url":"https:\/\/www.upjs.sk\/pracoviska\/ccvapp\/en\/department-of-project-support\/","og_site_name":"Centrum celo\u017eivotn\u00e9ho vzdel\u00e1vania a podpory projektov | UPJ\u0160","article_modified_time":"2023-02-06T20:05:26+00:00","twitter_card":"summary_large_image","schema":{"@context":"https:\/\/schema.org","@graph":[{"@type":"WebPage","@id":"https:\/\/www.upjs.sk\/pracoviska\/ccvapp\/en\/department-of-project-support\/","url":"https:\/\/www.upjs.sk\/pracoviska\/ccvapp\/en\/department-of-project-support\/","name":"Department of Project Support - Centrum celo\u017eivotn\u00e9ho vzdel\u00e1vania a podpory projektov | UPJ\u0160","isPartOf":{"@id":"https:\/\/www.upjs.sk\/pracoviska\/ccvapp\/en\/#website"},"datePublished":"2023-02-06T20:03:16+00:00","dateModified":"2023-02-06T20:05:26+00:00","breadcrumb":{"@id":"https:\/\/www.upjs.sk\/pracoviska\/ccvapp\/en\/department-of-project-support\/#breadcrumb"},"inLanguage":"en-US","potentialAction":[{"@type":"ReadAction","target":["https:\/\/www.upjs.sk\/pracoviska\/ccvapp\/en\/department-of-project-support\/"]}]},{"@type":"BreadcrumbList","@id":"https:\/\/www.upjs.sk\/pracoviska\/ccvapp\/en\/department-of-project-support\/#breadcrumb","itemListElement":[{"@type":"ListItem","position":1,"name":"Home","item":"https:\/\/www.upjs.sk\/pracoviska\/ccvapp\/en\/"},{"@type":"ListItem","position":2,"name":"Department of Project Support"}]},{"@type":"WebSite","@id":"https:\/\/www.upjs.sk\/pracoviska\/ccvapp\/en\/#website","url":"https:\/\/www.upjs.sk\/pracoviska\/ccvapp\/en\/","name":"Centrum celo\u017eivotn\u00e9ho vzdel\u00e1vania a podpory projektov | UPJ\u0160","description":"","publisher":{"@id":"https:\/\/www.upjs.sk\/pracoviska\/ccvapp\/en\/#organization"},"potentialAction":[{"@type":"SearchAction","target":{"@type":"EntryPoint","urlTemplate":"https:\/\/www.upjs.sk\/pracoviska\/ccvapp\/en\/?s={search_term_string}"},"query-input":{"@type":"PropertyValueSpecification","valueRequired":true,"valueName":"search_term_string"}}],"inLanguage":"en-US"},{"@type":"Organization","@id":"https:\/\/www.upjs.sk\/pracoviska\/ccvapp\/en\/#organization","name":"Centrum celo\u017eivotn\u00e9ho vzdel\u00e1vania a podpory projektov | UPJ\u0160","url":"https:\/\/www.upjs.sk\/pracoviska\/ccvapp\/en\/","logo":{"@type":"ImageObject","inLanguage":"en-US","@id":"https:\/\/www.upjs.sk\/pracoviska\/ccvapp\/en\/#\/schema\/logo\/image\/","url":"https:\/\/www.upjs.sk\/app\/uploads\/sites\/22\/2023\/01\/CCVaPP.svg","contentUrl":"https:\/\/www.upjs.sk\/app\/uploads\/sites\/22\/2023\/01\/CCVaPP.svg","width":500,"height":138,"caption":"Centrum celo\u017eivotn\u00e9ho vzdel\u00e1vania a podpory projektov | UPJ\u0160"},"image":{"@id":"https:\/\/www.upjs.sk\/pracoviska\/ccvapp\/en\/#\/schema\/logo\/image\/"}}]}},"_links":{"self":[{"href":"https:\/\/www.upjs.sk\/pracoviska\/ccvapp\/en\/wp-json\/wp\/v2\/pages\/15740","targetHints":{"allow":["GET"]}}],"collection":[{"href":"https:\/\/www.upjs.sk\/pracoviska\/ccvapp\/en\/wp-json\/wp\/v2\/pages"}],"about":[{"href":"https:\/\/www.upjs.sk\/pracoviska\/ccvapp\/en\/wp-json\/wp\/v2\/types\/page"}],"author":[{"embeddable":true,"href":"https:\/\/www.upjs.sk\/pracoviska\/ccvapp\/en\/wp-json\/wp\/v2\/users\/30"}],"replies":[{"embeddable":true,"href":"https:\/\/www.upjs.sk\/pracoviska\/ccvapp\/en\/wp-json\/wp\/v2\/comments?post=15740"}],"version-history":[{"count":2,"href":"https:\/\/www.upjs.sk\/pracoviska\/ccvapp\/en\/wp-json\/wp\/v2\/pages\/15740\/revisions"}],"predecessor-version":[{"id":15742,"href":"https:\/\/www.upjs.sk\/pracoviska\/ccvapp\/en\/wp-json\/wp\/v2\/pages\/15740\/revisions\/15742"}],"wp:attachment":[{"href":"https:\/\/www.upjs.sk\/pracoviska\/ccvapp\/en\/wp-json\/wp\/v2\/media?parent=15740"}],"wp:term":[{"taxonomy":"category","embeddable":true,"href":"https:\/\/www.upjs.sk\/pracoviska\/ccvapp\/en\/wp-json\/wp\/v2\/categories?post=15740"},{"taxonomy":"post_tag","embeddable":true,"href":"https:\/\/www.upjs.sk\/pracoviska\/ccvapp\/en\/wp-json\/wp\/v2\/tags?post=15740"}],"curies":[{"name":"wp","href":"https:\/\/api.w.org\/{rel}","templated":true}]}}