{"id":15998,"date":"2020-06-03T10:37:38","date_gmt":"2023-02-13T13:56:22","guid":{"rendered":"https:\/\/www.upjs.sk\/pracoviska\/ccvapp\/?page_id=15998"},"modified":"2023-03-21T13:28:46","modified_gmt":"2023-03-21T13:28:46","slug":"elearning","status":"publish","type":"page","link":"https:\/\/www.upjs.sk\/pracoviska\/ccvapp\/en\/elearning\/","title":{"rendered":"eLearning and Distance learning"},"content":{"rendered":"<div class=\"grid gap-x-16 md:gap-y-12 gap-y-6 lg:grid-cols-3 md:grid-cols-3 sm:grid-cols-2 grid-cols-1 place-items-center mt-10 px-20 md:px-40\">\r\n     <a href=\"https:\/\/www.upjs.sk\/pracoviska\/ccvapp\/en\/elearning\/about-e-learning\/\">\n  <div class=\"w-full border-upjs-grey border rounded-md p-8 place-self-center\">\n    \n    <img decoding=\"async\" class=\"mx-auto\" src=\"https:\/\/www.upjs.sk\/app\/uploads\/sites\/22\/2023\/02\/el-up.jpg\" alt=\"\">\n        <p class=\"font-bold mt-3 text-lg leading-6 text-center\">About e-learning<\/p>\n  <\/div>\n<\/a>\n\n     <a href=\"https:\/\/www.upjs.sk\/pracoviska\/ccvapp\/en\/elearning\/upjs-portals\/\">\n  <div class=\"w-full border-upjs-grey border rounded-md p-8 place-self-center\">\n        <img decoding=\"async\" class=\"mx-auto\" src=\"https:\/\/www.upjs.sk\/app\/themes\/zpi-upjs\/public\/harmonogram.5ae988.svg\" alt=\"\">\n        <p class=\"font-bold mt-3 text-lg leading-6 text-center\">Portals of P. J. \u0160af\u00e1rik University in Ko\u0161ice<\/p>\n  <\/div>\n<\/a>\n\n     <a href=\"https:\/\/www.upjs.sk\/pracoviska\/ccvapp\/en\/elearning\/recommended-tools\/\">\n  <div class=\"w-full border-upjs-grey border rounded-md p-8 place-self-center\">\n        <img decoding=\"async\" class=\"mx-auto\" src=\"https:\/\/www.upjs.sk\/app\/themes\/zpi-upjs\/public\/harmonogram.5ae988.svg\" alt=\"\">\n        <p class=\"font-bold mt-3 text-lg leading-6 text-center\">Recommended tools<\/p>\n  <\/div>\n<\/a>\n\n  <\/div>  \r\n\r\n\r\n\r\n<style type=\"text\/css\">\r\n  [data- block_63ea4181c920e] {\r\n    background:  ;\r\n    color: ;\r\n  }\r\n<\/style>\r\n","protected":false},"excerpt":{"rendered":"","protected":false},"author":30,"featured_media":0,"parent":0,"menu_order":14,"comment_status":"closed","ping_status":"closed","template":"","meta":{"_acf_changed":false,"_editorskit_title_hidden":false,"_editorskit_reading_time":1,"_editorskit_is_block_options_detached":false,"_editorskit_block_options_position":"{}","footnotes":""},"categories":[],"tags":[],"class_list":["post-15998","page","type-page","status-publish","hentry"],"acf":{"acf_link_na_externy_obsah":""},"yoast_head":"<!-- This site is optimized with the Yoast SEO plugin v27.2 - https:\/\/yoast.com\/product\/yoast-seo-wordpress\/ -->\n<title>eLearning and Distance learning - Centrum celo\u017eivotn\u00e9ho vzdel\u00e1vania a podpory projektov | UPJ\u0160<\/title>\n<meta name=\"robots\" content=\"index, follow, max-snippet:-1, max-image-preview:large, max-video-preview:-1\" \/>\n<link rel=\"canonical\" href=\"https:\/\/www.upjs.sk\/pracoviska\/ccvapp\/en\/elearning\/\" \/>\n<meta property=\"og:locale\" content=\"en_US\" \/>\n<meta property=\"og:type\" content=\"article\" \/>\n<meta property=\"og:title\" content=\"eLearning and Distance learning - Centrum celo\u017eivotn\u00e9ho vzdel\u00e1vania a podpory projektov | UPJ\u0160\" \/>\n<meta property=\"og:url\" content=\"https:\/\/www.upjs.sk\/pracoviska\/ccvapp\/en\/elearning\/\" \/>\n<meta property=\"og:site_name\" content=\"Centrum celo\u017eivotn\u00e9ho vzdel\u00e1vania a podpory projektov | UPJ\u0160\" \/>\n<meta property=\"article:modified_time\" content=\"2023-03-21T13:28:46+00:00\" \/>\n<meta name=\"twitter:card\" content=\"summary_large_image\" \/>\n<script type=\"application\/ld+json\" class=\"yoast-schema-graph\">{\"@context\":\"https:\/\/schema.org\",\"@graph\":[{\"@type\":\"WebPage\",\"@id\":\"https:\/\/www.upjs.sk\/pracoviska\/ccvapp\/en\/elearning\/\",\"url\":\"https:\/\/www.upjs.sk\/pracoviska\/ccvapp\/en\/elearning\/\",\"name\":\"eLearning and Distance learning - Centrum celo\u017eivotn\u00e9ho vzdel\u00e1vania a podpory projektov | UPJ\u0160\",\"isPartOf\":{\"@id\":\"https:\/\/www.upjs.sk\/pracoviska\/ccvapp\/en\/#website\"},\"datePublished\":\"2023-02-13T13:56:22+00:00\",\"dateModified\":\"2023-03-21T13:28:46+00:00\",\"breadcrumb\":{\"@id\":\"https:\/\/www.upjs.sk\/pracoviska\/ccvapp\/en\/elearning\/#breadcrumb\"},\"inLanguage\":\"en-US\",\"potentialAction\":[{\"@type\":\"ReadAction\",\"target\":[\"https:\/\/www.upjs.sk\/pracoviska\/ccvapp\/en\/elearning\/\"]}]},{\"@type\":\"BreadcrumbList\",\"@id\":\"https:\/\/www.upjs.sk\/pracoviska\/ccvapp\/en\/elearning\/#breadcrumb\",\"itemListElement\":[{\"@type\":\"ListItem\",\"position\":1,\"name\":\"Home\",\"item\":\"https:\/\/www.upjs.sk\/pracoviska\/ccvapp\/en\/\"},{\"@type\":\"ListItem\",\"position\":2,\"name\":\"eLearning and Distance learning\"}]},{\"@type\":\"WebSite\",\"@id\":\"https:\/\/www.upjs.sk\/pracoviska\/ccvapp\/en\/#website\",\"url\":\"https:\/\/www.upjs.sk\/pracoviska\/ccvapp\/en\/\",\"name\":\"Centrum celo\u017eivotn\u00e9ho vzdel\u00e1vania a podpory projektov | UPJ\u0160\",\"description\":\"\",\"publisher\":{\"@id\":\"https:\/\/www.upjs.sk\/pracoviska\/ccvapp\/en\/#organization\"},\"potentialAction\":[{\"@type\":\"SearchAction\",\"target\":{\"@type\":\"EntryPoint\",\"urlTemplate\":\"https:\/\/www.upjs.sk\/pracoviska\/ccvapp\/en\/?s={search_term_string}\"},\"query-input\":{\"@type\":\"PropertyValueSpecification\",\"valueRequired\":true,\"valueName\":\"search_term_string\"}}],\"inLanguage\":\"en-US\"},{\"@type\":\"Organization\",\"@id\":\"https:\/\/www.upjs.sk\/pracoviska\/ccvapp\/en\/#organization\",\"name\":\"Centrum celo\u017eivotn\u00e9ho vzdel\u00e1vania a podpory projektov | UPJ\u0160\",\"url\":\"https:\/\/www.upjs.sk\/pracoviska\/ccvapp\/en\/\",\"logo\":{\"@type\":\"ImageObject\",\"inLanguage\":\"en-US\",\"@id\":\"https:\/\/www.upjs.sk\/pracoviska\/ccvapp\/en\/#\/schema\/logo\/image\/\",\"url\":\"https:\/\/www.upjs.sk\/app\/uploads\/sites\/22\/2023\/01\/CCVaPP.svg\",\"contentUrl\":\"https:\/\/www.upjs.sk\/app\/uploads\/sites\/22\/2023\/01\/CCVaPP.svg\",\"width\":500,\"height\":138,\"caption\":\"Centrum celo\u017eivotn\u00e9ho vzdel\u00e1vania a podpory projektov | UPJ\u0160\"},\"image\":{\"@id\":\"https:\/\/www.upjs.sk\/pracoviska\/ccvapp\/en\/#\/schema\/logo\/image\/\"}}]}<\/script>\n<!-- \/ Yoast SEO plugin. -->","yoast_head_json":{"title":"eLearning and Distance learning - Centrum celo\u017eivotn\u00e9ho vzdel\u00e1vania a podpory projektov | UPJ\u0160","robots":{"index":"index","follow":"follow","max-snippet":"max-snippet:-1","max-image-preview":"max-image-preview:large","max-video-preview":"max-video-preview:-1"},"canonical":"https:\/\/www.upjs.sk\/pracoviska\/ccvapp\/en\/elearning\/","og_locale":"en_US","og_type":"article","og_title":"eLearning and Distance learning - Centrum celo\u017eivotn\u00e9ho vzdel\u00e1vania a podpory projektov | UPJ\u0160","og_url":"https:\/\/www.upjs.sk\/pracoviska\/ccvapp\/en\/elearning\/","og_site_name":"Centrum celo\u017eivotn\u00e9ho vzdel\u00e1vania a podpory projektov | UPJ\u0160","article_modified_time":"2023-03-21T13:28:46+00:00","twitter_card":"summary_large_image","schema":{"@context":"https:\/\/schema.org","@graph":[{"@type":"WebPage","@id":"https:\/\/www.upjs.sk\/pracoviska\/ccvapp\/en\/elearning\/","url":"https:\/\/www.upjs.sk\/pracoviska\/ccvapp\/en\/elearning\/","name":"eLearning and Distance learning - Centrum celo\u017eivotn\u00e9ho vzdel\u00e1vania a podpory projektov | UPJ\u0160","isPartOf":{"@id":"https:\/\/www.upjs.sk\/pracoviska\/ccvapp\/en\/#website"},"datePublished":"2023-02-13T13:56:22+00:00","dateModified":"2023-03-21T13:28:46+00:00","breadcrumb":{"@id":"https:\/\/www.upjs.sk\/pracoviska\/ccvapp\/en\/elearning\/#breadcrumb"},"inLanguage":"en-US","potentialAction":[{"@type":"ReadAction","target":["https:\/\/www.upjs.sk\/pracoviska\/ccvapp\/en\/elearning\/"]}]},{"@type":"BreadcrumbList","@id":"https:\/\/www.upjs.sk\/pracoviska\/ccvapp\/en\/elearning\/#breadcrumb","itemListElement":[{"@type":"ListItem","position":1,"name":"Home","item":"https:\/\/www.upjs.sk\/pracoviska\/ccvapp\/en\/"},{"@type":"ListItem","position":2,"name":"eLearning and Distance learning"}]},{"@type":"WebSite","@id":"https:\/\/www.upjs.sk\/pracoviska\/ccvapp\/en\/#website","url":"https:\/\/www.upjs.sk\/pracoviska\/ccvapp\/en\/","name":"Centrum celo\u017eivotn\u00e9ho vzdel\u00e1vania a podpory projektov | UPJ\u0160","description":"","publisher":{"@id":"https:\/\/www.upjs.sk\/pracoviska\/ccvapp\/en\/#organization"},"potentialAction":[{"@type":"SearchAction","target":{"@type":"EntryPoint","urlTemplate":"https:\/\/www.upjs.sk\/pracoviska\/ccvapp\/en\/?s={search_term_string}"},"query-input":{"@type":"PropertyValueSpecification","valueRequired":true,"valueName":"search_term_string"}}],"inLanguage":"en-US"},{"@type":"Organization","@id":"https:\/\/www.upjs.sk\/pracoviska\/ccvapp\/en\/#organization","name":"Centrum celo\u017eivotn\u00e9ho vzdel\u00e1vania a podpory projektov | UPJ\u0160","url":"https:\/\/www.upjs.sk\/pracoviska\/ccvapp\/en\/","logo":{"@type":"ImageObject","inLanguage":"en-US","@id":"https:\/\/www.upjs.sk\/pracoviska\/ccvapp\/en\/#\/schema\/logo\/image\/","url":"https:\/\/www.upjs.sk\/app\/uploads\/sites\/22\/2023\/01\/CCVaPP.svg","contentUrl":"https:\/\/www.upjs.sk\/app\/uploads\/sites\/22\/2023\/01\/CCVaPP.svg","width":500,"height":138,"caption":"Centrum celo\u017eivotn\u00e9ho vzdel\u00e1vania a podpory projektov | UPJ\u0160"},"image":{"@id":"https:\/\/www.upjs.sk\/pracoviska\/ccvapp\/en\/#\/schema\/logo\/image\/"}}]}},"_links":{"self":[{"href":"https:\/\/www.upjs.sk\/pracoviska\/ccvapp\/en\/wp-json\/wp\/v2\/pages\/15998","targetHints":{"allow":["GET"]}}],"collection":[{"href":"https:\/\/www.upjs.sk\/pracoviska\/ccvapp\/en\/wp-json\/wp\/v2\/pages"}],"about":[{"href":"https:\/\/www.upjs.sk\/pracoviska\/ccvapp\/en\/wp-json\/wp\/v2\/types\/page"}],"author":[{"embeddable":true,"href":"https:\/\/www.upjs.sk\/pracoviska\/ccvapp\/en\/wp-json\/wp\/v2\/users\/30"}],"replies":[{"embeddable":true,"href":"https:\/\/www.upjs.sk\/pracoviska\/ccvapp\/en\/wp-json\/wp\/v2\/comments?post=15998"}],"version-history":[{"count":3,"href":"https:\/\/www.upjs.sk\/pracoviska\/ccvapp\/en\/wp-json\/wp\/v2\/pages\/15998\/revisions"}],"predecessor-version":[{"id":17483,"href":"https:\/\/www.upjs.sk\/pracoviska\/ccvapp\/en\/wp-json\/wp\/v2\/pages\/15998\/revisions\/17483"}],"wp:attachment":[{"href":"https:\/\/www.upjs.sk\/pracoviska\/ccvapp\/en\/wp-json\/wp\/v2\/media?parent=15998"}],"wp:term":[{"taxonomy":"category","embeddable":true,"href":"https:\/\/www.upjs.sk\/pracoviska\/ccvapp\/en\/wp-json\/wp\/v2\/categories?post=15998"},{"taxonomy":"post_tag","embeddable":true,"href":"https:\/\/www.upjs.sk\/pracoviska\/ccvapp\/en\/wp-json\/wp\/v2\/tags?post=15998"}],"curies":[{"name":"wp","href":"https:\/\/api.w.org\/{rel}","templated":true}]}}