{"id":17764,"date":"2023-06-20T07:25:05","date_gmt":"2023-06-20T07:25:05","guid":{"rendered":"https:\/\/www.upjs.sk\/pracoviska\/ccvapp\/?page_id=17764"},"modified":"2025-04-09T05:39:28","modified_gmt":"2025-04-09T05:39:28","slug":"sitemap","status":"publish","type":"page","link":"https:\/\/www.upjs.sk\/pracoviska\/ccvapp\/en\/sitemap\/","title":{"rendered":"Sitemap"},"content":{"rendered":"<div class=\"accordion-section\">\r\n      <h2 class=\"accordion-header mt-5 mb-1\">\r\n        Pages\r\n        <span class=\"accordion-icon\">+<\/span>\r\n      <\/h2>\r\n      <div class=\"accordion-content\">\r\n                    <ul><li><a href=\"https:\/\/www.upjs.sk\/pracoviska\/ccvapp\/en\/index\/\">Index<\/a><\/li><li><a href=\"https:\/\/www.upjs.sk\/pracoviska\/ccvapp\/en\/about-us\/\">About us<\/a><\/li><li><a href=\"https:\/\/www.upjs.sk\/pracoviska\/ccvapp\/en\/selected-references\/\">Selected references<\/a><\/li><li><a href=\"https:\/\/www.upjs.sk\/pracoviska\/ccvapp\/en\/services\/\">Services<\/a><\/li><li><a href=\"https:\/\/www.upjs.sk\/pracoviska\/ccvapp\/en\/rent-of-training-rooms\/\">Rent of Training Rooms<\/a><\/li><li><a href=\"https:\/\/www.upjs.sk\/pracoviska\/ccvapp\/en\/where-are-our-training-rooms\/\">Where are our training rooms?<\/a><\/li><li><a href=\"https:\/\/www.upjs.sk\/pracoviska\/ccvapp\/en\/university-of-third-age\/\">University of Third Age<\/a><\/li><li><a href=\"https:\/\/www.upjs.sk\/pracoviska\/ccvapp\/en\/icdl-certificate\/\">ICDL Certificate<\/a><\/li><li><a href=\"https:\/\/www.upjs.sk\/pracoviska\/ccvapp\/en\/sitemap\/\">Sitemap<\/a><\/li><li><a href=\"https:\/\/www.upjs.sk\/pracoviska\/ccvapp\/en\/employees-of-llcps\/\">Employees of LLC&#038;PS<\/a><\/li><li><a href=\"https:\/\/www.upjs.sk\/pracoviska\/ccvapp\/en\/department-of-education\/\">Department of Education<\/a><\/li><li><a href=\"https:\/\/www.upjs.sk\/pracoviska\/ccvapp\/en\/department-of-project-support\/\">Department of Project Support<\/a><\/li><li><a href=\"https:\/\/www.upjs.sk\/pracoviska\/ccvapp\/en\/economic-technical-section\/\">Economic \u2013 Technical Section<\/a><\/li><li><a href=\"https:\/\/www.upjs.sk\/pracoviska\/ccvapp\/en\/contact\/\">Contact<\/a><\/li><li><a href=\"https:\/\/www.upjs.sk\/pracoviska\/ccvapp\/en\/elearning\/\">eLearning and Distance learning<\/a><ul><li><a href=\"https:\/\/www.upjs.sk\/pracoviska\/ccvapp\/en\/elearning\/about-e-learning\/\">About e-learning<\/a><\/li><li><a href=\"https:\/\/www.upjs.sk\/pracoviska\/ccvapp\/en\/elearning\/upjs-portals\/\">Portals of P. J. \u0160af\u00e1rik University in Ko\u0161ice<\/a><ul><li><a href=\"https:\/\/www.upjs.sk\/pracoviska\/ccvapp\/en\/elearning\/upjs-portals\/lms-upjs-sk-faq\/\">LMS.UPJS.SK: Frequently Asked Questions<\/a><\/li><\/ul><\/li><li><a href=\"https:\/\/www.upjs.sk\/pracoviska\/ccvapp\/en\/elearning\/recommended-tools\/\">Recommended tools<\/a><\/li><\/ul><\/li><li><a href=\"https:\/\/www.upjs.sk\/pracoviska\/ccvapp\/en\/projects\/\">Projects<\/a><ul><li><a href=\"https:\/\/www.upjs.sk\/pracoviska\/ccvapp\/en\/projects\/international-projects-partnerships-and-infrastructures\/\">International projects, partnerships and infrastructures<\/a><\/li><li><a href=\"https:\/\/www.upjs.sk\/pracoviska\/ccvapp\/en\/projects\/international-projects\/\">International projects<\/a><ul><li><a href=\"https:\/\/www.upjs.sk\/pracoviska\/ccvapp\/en\/projects\/international-projects\/project-magnify\/\">Project MAGNIFY<\/a><\/li><li><a href=\"https:\/\/www.upjs.sk\/pracoviska\/ccvapp\/en\/projects\/international-projects\/project-euridice\/\">Project EURIDICE<\/a><\/li><li><a href=\"https:\/\/www.upjs.sk\/pracoviska\/ccvapp\/en\/projects\/international-projects\/project-eu-response\/\">Project EU RESPONSE<\/a><\/li><li><a href=\"https:\/\/www.upjs.sk\/pracoviska\/ccvapp\/en\/projects\/international-projects\/project-e-cream\/\">Project e-CREAM<\/a><\/li><li><a href=\"https:\/\/www.upjs.sk\/pracoviska\/ccvapp\/en\/projects\/international-projects\/project-soccer\/\">Project SOCCER<\/a><\/li><li><a href=\"https:\/\/www.upjs.sk\/pracoviska\/ccvapp\/en\/projects\/international-projects\/project-ai-boost\/\">Project AI-BOOST<\/a><\/li><li><a href=\"https:\/\/www.upjs.sk\/pracoviska\/ccvapp\/en\/projects\/international-projects\/project-mhz-tomoscopy\/\">Project MHz-TOMOSCOPY<\/a><\/li><li><a href=\"https:\/\/www.upjs.sk\/pracoviska\/ccvapp\/en\/projects\/international-projects\/project-isidore\/\">Project ISIDORe<\/a><\/li><li><a href=\"https:\/\/www.upjs.sk\/pracoviska\/ccvapp\/en\/projects\/international-projects\/project-immerse\/\">Project IMMERSE<\/a><\/li><li><a href=\"https:\/\/www.upjs.sk\/pracoviska\/ccvapp\/en\/projects\/international-projects\/project-river-eu\/\">Project RIVER-EU<\/a><\/li><li><a href=\"https:\/\/www.upjs.sk\/pracoviska\/ccvapp\/en\/projects\/international-projects\/project-healthhub\/\">Project HealthHub<\/a><\/li><li><a href=\"https:\/\/www.upjs.sk\/pracoviska\/ccvapp\/en\/projects\/international-projects\/project-era4health-partnership\/\">Project ERA4Health Partnership<\/a><\/li><li><a href=\"https:\/\/www.upjs.sk\/pracoviska\/ccvapp\/en\/projects\/international-projects\/project-edcass\/\">Project EDCASS<\/a><\/li><li><a href=\"https:\/\/www.upjs.sk\/pracoviska\/ccvapp\/en\/projects\/international-projects\/innochange-european-partnership\/\">InnoChange European Partnership<\/a><\/li><\/ul><\/li><li><a href=\"https:\/\/www.upjs.sk\/pracoviska\/ccvapp\/en\/projects\/partnerships\/\">Partnerships<\/a><ul><li><a href=\"https:\/\/www.upjs.sk\/pracoviska\/ccvapp\/en\/projects\/partnerships\/batt4eu\/\">BATT4EU<\/a><\/li><\/ul><\/li><li><a href=\"https:\/\/www.upjs.sk\/pracoviska\/ccvapp\/en\/projects\/research-infrastructures\/\">Research infrastructures<\/a><ul><li><a href=\"https:\/\/www.upjs.sk\/pracoviska\/ccvapp\/en\/projects\/research-infrastructures\/european-xfel\/\">European XFEL<\/a><\/li><\/ul><\/li><li><a href=\"https:\/\/www.upjs.sk\/pracoviska\/ccvapp\/en\/projects\/scientific-programs-and-projects\/\">Scientific programs and projects<\/a><\/li><li><a href=\"https:\/\/www.upjs.sk\/pracoviska\/ccvapp\/en\/projects\/basic-information-about-projects\/\">Basic information about projects<\/a><ul><li><a href=\"https:\/\/www.upjs.sk\/pracoviska\/ccvapp\/en\/projects\/basic-information-about-projects\/project\/\">Project<\/a><\/li><\/ul><\/li><li><a href=\"https:\/\/www.upjs.sk\/pracoviska\/ccvapp\/en\/projects\/horizon2020\/\">Competences relevant to the project-kat_id_2659<\/a><\/li><\/ul><\/li><\/ul>              <\/div>\r\n    <\/div>\r\n        <div class=\"accordion-section\">\r\n      <h2 class=\"accordion-header mt-5 mb-1\">\r\n        Workplaces\r\n        <span class=\"accordion-icon\">+<\/span>\r\n      <\/h2>\r\n      <div class=\"accordion-content\">\r\n                    <ul><li><a href=\"https:\/\/www.upjs.sk\/pracoviska\/ccvapp\/en\/pracoviska\/edih-cassovium-upjs\/\">EDIH Cassovium Office<\/a><\/li><\/ul>              <\/div>\r\n    <\/div>\r\n        <div class=\"accordion-section\">\r\n      <h2 class=\"accordion-header mt-5 mb-1\">\r\n        Oznamy\r\n        <span class=\"accordion-icon\">+<\/span>\r\n      <\/h2>\r\n      <div class=\"accordion-content\">\r\n                    <ul><li><a href=\"https:\/\/www.upjs.sk\/pracoviska\/ccvapp\/en\/notifications\/monitorovanie-vystupov-ukoncenych-projektov-apvv-3\/\">Monitorovanie v\u00fdstupov ukon\u010den\u00fdch projektov APVV<\/a><\/li><li><a href=\"https:\/\/www.upjs.sk\/pracoviska\/ccvapp\/en\/notifications\/rocne-spravy-projektov-apvv-za-rok-2025\/\">Ro\u010dn\u00e9 spr\u00e1vy projektov APVV za rok 2025<\/a><\/li><li><a href=\"https:\/\/www.upjs.sk\/pracoviska\/ccvapp\/en\/notifications\/zahranicne\/\">Zahrani\u010dn\u00fd oznam<\/a><\/li><li><a href=\"https:\/\/www.upjs.sk\/pracoviska\/ccvapp\/en\/notifications\/zaverecne-spravy-projektov-vega-konciacich-v-roku-2023-2\/\">Z\u00e1vere\u010dn\u00e9 spr\u00e1vy projektov VEGA kon\u010diacich v roku 2023<\/a><\/li><li><a href=\"https:\/\/www.upjs.sk\/pracoviska\/ccvapp\/en\/notifications\/aktualizacie-riesitelskych-kolektivov-resp-pracovisk-veducich-projektov-na-rok-2024\/\">Aktualiz\u00e1cie rie\u0161ite\u013esk\u00fdch kolekt\u00edvov, resp. pracov\u00edsk ved\u00facich projektov na rok 2024<\/a><\/li><li><a href=\"https:\/\/www.upjs.sk\/pracoviska\/ccvapp\/en\/notifications\/financne-spravy-riesenych-projektov-vyplnenie-formulara-cerpania-dotacie-vega-za-rok-2023\/\">Finan\u010dn\u00e9 spr\u00e1vy rie\u0161en\u00fdch projektov (vyplnenie formul\u00e1ra \u010derpania dot\u00e1cie VEGA za rok 2023)<\/a><\/li><li><a href=\"https:\/\/www.upjs.sk\/pracoviska\/ccvapp\/en\/notifications\/monitorovanie-vystupov-ukoncenych-projektov-apvv\/\">Monitorovanie v\u00fdstupov ukon\u010den\u00fdch projektov APVV<\/a><\/li><li><a href=\"https:\/\/www.upjs.sk\/pracoviska\/ccvapp\/en\/notifications\/rocne-spravy-projektov-apvv-za-rok-2024\/\">Ro\u010dn\u00e9 spr\u00e1vy projektov APVV za rok 2024<\/a><\/li><li><a href=\"https:\/\/www.upjs.sk\/pracoviska\/ccvapp\/en\/notifications\/zaverecne-spravy-apvv-projektov-konciacich-v-06-2023\/\">Z\u00e1vere\u010dn\u00e9 spr\u00e1vy APVV projektov kon\u010diacich v 06\/2023<\/a><\/li><li><a href=\"https:\/\/www.upjs.sk\/pracoviska\/ccvapp\/en\/notifications\/zaverecne-spravy-apvv-projektov-konciacich-v-12-2024\/\">Z\u00e1vere\u010dn\u00e9 spr\u00e1vy APVV projektov kon\u010diacich v\u00a012\/2024<\/a><\/li><li><a href=\"https:\/\/www.upjs.sk\/pracoviska\/ccvapp\/en\/notifications\/podavanie-zaverecnych-sprav-projektov-kega-konciacich-v-roku-2023\/\">Pod\u00e1vanie z\u00e1vere\u010dn\u00fdch spr\u00e1v projektov KEGA kon\u010diacich v roku 2023<\/a><\/li><li><a href=\"https:\/\/www.upjs.sk\/pracoviska\/ccvapp\/en\/notifications\/zaverecne-spravy-apvv-projektov-konciacich-v-12-2023\/\">Z\u00e1vere\u010dn\u00e9 spr\u00e1vy APVV projektov kon\u010diacich v\u00a012\/2023<\/a><\/li><li><a href=\"https:\/\/www.upjs.sk\/pracoviska\/ccvapp\/en\/notifications\/zaverecne-spravy-projektov-vega-konciacich-v-roku-2024-2\/\">Z\u00e1vere\u010dn\u00e9 spr\u00e1vy projektov VEGA kon\u010diacich v roku 2024<\/a><\/li><li><a href=\"https:\/\/www.upjs.sk\/pracoviska\/ccvapp\/en\/notifications\/zaverecne-spravy-apvv-projektov-konciacich-v-06-2024\/\">Z\u00e1vere\u010dn\u00e9 spr\u00e1vy APVV projektov kon\u010diacich v\u00a006\/2024<\/a><\/li><li><a href=\"https:\/\/www.upjs.sk\/pracoviska\/ccvapp\/en\/notifications\/financne-spravy-riesenych-projektov-vyplnenie-formulara-cerpania-dotacie-vega-za-rok-2024\/\">Finan\u010dn\u00e9 spr\u00e1vy rie\u0161en\u00fdch projektov (vyplnenie formul\u00e1ra \u010derpania dot\u00e1cie VEGA za rok 2024)<\/a><\/li><li><a href=\"https:\/\/www.upjs.sk\/pracoviska\/ccvapp\/en\/notifications\/vvgs-pf-upjs-2024-2025\/\">VVGS PF UPJ\u0160 2024-2025<\/a><\/li><li><a href=\"https:\/\/www.upjs.sk\/pracoviska\/ccvapp\/en\/notifications\/zaverecne-spravy-projektov-vega-konciacich-v-roku-2024\/\">Aktualiz\u00e1cie rie\u0161ite\u013esk\u00fdch kolekt\u00edvov, resp. pracov\u00edsk ved\u00facich projektov na rok 2025<\/a><\/li><li><a href=\"https:\/\/www.upjs.sk\/pracoviska\/ccvapp\/en\/notifications\/podavanie-rocnych-sprav-pokracujucich-projektov-kega-za-rok-2024\/\">Pod\u00e1vanie ro\u010dn\u00fdch spr\u00e1v pokra\u010duj\u00facich projektov KEGA za rok 2024<\/a><\/li><li><a href=\"https:\/\/www.upjs.sk\/pracoviska\/ccvapp\/en\/notifications\/rocne-spravy-projektov-apvv-za-rok-2023\/\">Ro\u010dn\u00e9 spr\u00e1vy projektov APVV za rok 2023<\/a><\/li><li><a href=\"https:\/\/www.upjs.sk\/pracoviska\/ccvapp\/en\/notifications\/podavanie-zaverecnych-sprav-projektov-kega-konciacich-v-roku-2024\/\">Pod\u00e1vanie z\u00e1vere\u010dn\u00fdch spr\u00e1v projektov KEGA kon\u010diacich v roku 2024<\/a><\/li><li><a href=\"https:\/\/www.upjs.sk\/pracoviska\/ccvapp\/en\/notifications\/podavanie-rocnych-sprav-pokracujucich-projektov-kega-za-rok-2023\/\">Pod\u00e1vanie ro\u010dn\u00fdch spr\u00e1v pokra\u010duj\u00facich projektov KEGA za rok 2023<\/a><\/li><li><a href=\"https:\/\/www.upjs.sk\/pracoviska\/ccvapp\/en\/notifications\/podavanie-zaverecnych-sprav-projektov-kega-konciacich-v-roku-2025\/\">Pod\u00e1vanie z\u00e1vere\u010dn\u00fdch spr\u00e1v projektov KEGA kon\u010diacich v roku 2025<\/a><\/li><li><a href=\"https:\/\/www.upjs.sk\/pracoviska\/ccvapp\/en\/notifications\/zaverecne-spravy-projektov-vega-konciacich-v-roku-2025\/\">Z\u00e1vere\u010dn\u00e9 spr\u00e1vy projektov VEGA kon\u010diacich v roku 2025<\/a><\/li><li><a href=\"https:\/\/www.upjs.sk\/pracoviska\/ccvapp\/en\/notifications\/financne-spravy-riesenych-projektov-vyplnenie-formulara-cerpania-dotacie-vega-za-rok-2025\/\">Finan\u010dn\u00e9 spr\u00e1vy rie\u0161en\u00fdch projektov (vyplnenie formul\u00e1ra \u010derpania dot\u00e1cie VEGA za rok 2025)<\/a><\/li><li><a href=\"https:\/\/www.upjs.sk\/pracoviska\/ccvapp\/en\/notifications\/zaverecne-spravy-apvv-projektov-konciacich-v-06-2025\/\">Z\u00e1vere\u010dn\u00e9 spr\u00e1vy APVV projektov kon\u010diacich v\u00a006\/2025<\/a><\/li><li><a href=\"https:\/\/www.upjs.sk\/pracoviska\/ccvapp\/en\/notifications\/podavanie-rocnych-sprav-pokracujucich-projektov-kega-za-rok-2025\/\">Pod\u00e1vanie ro\u010dn\u00fdch spr\u00e1v pokra\u010duj\u00facich projektov KEGA za rok 2025<\/a><\/li><li><a href=\"https:\/\/www.upjs.sk\/pracoviska\/ccvapp\/en\/notifications\/zaverecne-spravy-apvv-projektov-konciacich-v-12-2025\/\">Z\u00e1vere\u010dn\u00e9 spr\u00e1vy APVV projektov kon\u010diacich v\u00a012\/2025<\/a><\/li><li><a href=\"https:\/\/www.upjs.sk\/pracoviska\/ccvapp\/en\/notifications\/vvgs-pf-upjs-2025-2026\/\">VVGS PF UPJ\u0160 2025-2026<\/a><\/li><li><a href=\"https:\/\/www.upjs.sk\/pracoviska\/ccvapp\/en\/notifications\/aktualizacie-riesitelskych-kolektivov-resp-pracovisk-veducich-projektov-na-rok-2026\/\">Aktualiz\u00e1cie rie\u0161ite\u013esk\u00fdch kolekt\u00edvov, resp. pracov\u00edsk ved\u00facich projektov na rok 2026<\/a><\/li><li><a href=\"https:\/\/www.upjs.sk\/pracoviska\/ccvapp\/en\/notifications\/vvgs-pf-upjs-2026-2027\/\">VVGS PF UPJ\u0160 2026-2027<\/a><\/li><li><a href=\"https:\/\/www.upjs.sk\/pracoviska\/ccvapp\/en\/notifications\/monitorovanie-vystupov-ukoncenych-projektov-apvv-2\/\">Monitorovanie v\u00fdstupov ukon\u010den\u00fdch projektov APVV<\/a><\/li><\/ul>              <\/div>\r\n    <\/div>\r\n\r\n\r\n\r\n<style type=\"text\/css\">\r\n    .content-single-content{\r\n        margin-top: 2em;\r\n    }\r\n    .content-single ul,\r\n    .content-single ul ul {\r\n    margin: inherit;\r\n    }\r\n    .accordion-header {\r\n    cursor: pointer;\r\n    background: #f1f1f1;\r\n    padding: 10px;\r\n    margin: 0;\r\n    transition: background 0.3s;\r\n    display: flex;\r\n    justify-content: space-between;\r\n    align-items: center;\r\n    }\r\n    .accordion-header:hover {\r\n    background: #e2e2e2;\r\n    }\r\n    .accordion-icon {\r\n    font-weight: bold;\r\n    margin-left: 10px;\r\n    }\r\n    .accordion-content {\r\n    overflow: hidden;\r\n    max-height: 0;\r\n    transition: max-height 0.35s ease;\r\n    }\r\n    .accordion-content ul,\r\n    .accordion-content ul ul {\r\n    margin: inherit;\r\n    }\r\n<\/style>\r\n\r\n<script>\r\n    document.addEventListener('DOMContentLoaded', function () {\r\n    const headers = document.querySelectorAll('.accordion-header');\r\n    \r\n    headers.forEach(header => {\r\n        header.addEventListener('click', function() {\r\n        \/\/ Zatvor\u00edme v\u0161etky otvoren\u00e9 sekcie okrem aktu\u00e1lnej\r\n        document.querySelectorAll('.accordion-content.active').forEach(content => {\r\n            if (content !== header.nextElementSibling) {\r\n            content.style.maxHeight = null;\r\n            content.classList.remove('active');\r\n            const otherHeader = content.previousElementSibling;\r\n            if (otherHeader) {\r\n                const otherIcon = otherHeader.querySelector('.accordion-icon');\r\n                if(otherIcon) {\r\n                otherIcon.textContent = '+';\r\n                }\r\n            }\r\n            }\r\n        });\r\n        \r\n        const content = header.nextElementSibling;\r\n        const icon = header.querySelector('.accordion-icon');\r\n        \/\/ Prepnutie aktu\u00e1lnej sekcie\r\n        if (content.classList.contains('active')) {\r\n            content.style.maxHeight = null;\r\n            content.classList.remove('active');\r\n            if (icon) {\r\n                icon.textContent = '+';\r\n            }\r\n        } else {\r\n            content.style.maxHeight = content.scrollHeight + 'px';\r\n            content.classList.add('active');\r\n            if (icon) {\r\n                icon.textContent = '-';\r\n            }\r\n        }\r\n        });\r\n    });\r\n    });\r\n<\/script>\r\n    \r\n","protected":false},"excerpt":{"rendered":"","protected":false},"author":30,"featured_media":0,"parent":0,"menu_order":8,"comment_status":"closed","ping_status":"closed","template":"","meta":{"_acf_changed":false,"_editorskit_title_hidden":false,"_editorskit_reading_time":0,"_editorskit_is_block_options_detached":false,"_editorskit_block_options_position":"{}","footnotes":""},"categories":[],"tags":[],"class_list":["post-17764","page","type-page","status-publish","hentry"],"acf":{"acf_link_na_externy_obsah":""},"yoast_head":"<!-- This site is optimized with the Yoast SEO plugin v27.2 - https:\/\/yoast.com\/product\/yoast-seo-wordpress\/ -->\n<title>Sitemap - Centrum celo\u017eivotn\u00e9ho vzdel\u00e1vania a podpory projektov | UPJ\u0160<\/title>\n<meta name=\"robots\" content=\"index, follow, max-snippet:-1, max-image-preview:large, max-video-preview:-1\" \/>\n<link rel=\"canonical\" href=\"https:\/\/www.upjs.sk\/pracoviska\/ccvapp\/en\/sitemap\/\" \/>\n<meta property=\"og:locale\" content=\"en_US\" \/>\n<meta property=\"og:type\" content=\"article\" \/>\n<meta property=\"og:title\" content=\"Sitemap - Centrum celo\u017eivotn\u00e9ho vzdel\u00e1vania a podpory projektov | UPJ\u0160\" \/>\n<meta property=\"og:url\" content=\"https:\/\/www.upjs.sk\/pracoviska\/ccvapp\/en\/sitemap\/\" \/>\n<meta property=\"og:site_name\" content=\"Centrum celo\u017eivotn\u00e9ho vzdel\u00e1vania a podpory projektov | UPJ\u0160\" \/>\n<meta property=\"article:modified_time\" content=\"2025-04-09T05:39:28+00:00\" \/>\n<meta name=\"twitter:card\" content=\"summary_large_image\" \/>\n<script type=\"application\/ld+json\" class=\"yoast-schema-graph\">{\"@context\":\"https:\/\/schema.org\",\"@graph\":[{\"@type\":\"WebPage\",\"@id\":\"https:\/\/www.upjs.sk\/pracoviska\/ccvapp\/en\/sitemap\/\",\"url\":\"https:\/\/www.upjs.sk\/pracoviska\/ccvapp\/en\/sitemap\/\",\"name\":\"Sitemap - Centrum celo\u017eivotn\u00e9ho vzdel\u00e1vania a podpory projektov | UPJ\u0160\",\"isPartOf\":{\"@id\":\"https:\/\/www.upjs.sk\/pracoviska\/ccvapp\/en\/#website\"},\"datePublished\":\"2023-06-20T07:25:05+00:00\",\"dateModified\":\"2025-04-09T05:39:28+00:00\",\"breadcrumb\":{\"@id\":\"https:\/\/www.upjs.sk\/pracoviska\/ccvapp\/en\/sitemap\/#breadcrumb\"},\"inLanguage\":\"en-US\",\"potentialAction\":[{\"@type\":\"ReadAction\",\"target\":[\"https:\/\/www.upjs.sk\/pracoviska\/ccvapp\/en\/sitemap\/\"]}]},{\"@type\":\"BreadcrumbList\",\"@id\":\"https:\/\/www.upjs.sk\/pracoviska\/ccvapp\/en\/sitemap\/#breadcrumb\",\"itemListElement\":[{\"@type\":\"ListItem\",\"position\":1,\"name\":\"Home\",\"item\":\"https:\/\/www.upjs.sk\/pracoviska\/ccvapp\/en\/\"},{\"@type\":\"ListItem\",\"position\":2,\"name\":\"Sitemap\"}]},{\"@type\":\"WebSite\",\"@id\":\"https:\/\/www.upjs.sk\/pracoviska\/ccvapp\/en\/#website\",\"url\":\"https:\/\/www.upjs.sk\/pracoviska\/ccvapp\/en\/\",\"name\":\"Centrum celo\u017eivotn\u00e9ho vzdel\u00e1vania a podpory projektov | UPJ\u0160\",\"description\":\"\",\"publisher\":{\"@id\":\"https:\/\/www.upjs.sk\/pracoviska\/ccvapp\/en\/#organization\"},\"potentialAction\":[{\"@type\":\"SearchAction\",\"target\":{\"@type\":\"EntryPoint\",\"urlTemplate\":\"https:\/\/www.upjs.sk\/pracoviska\/ccvapp\/en\/?s={search_term_string}\"},\"query-input\":{\"@type\":\"PropertyValueSpecification\",\"valueRequired\":true,\"valueName\":\"search_term_string\"}}],\"inLanguage\":\"en-US\"},{\"@type\":\"Organization\",\"@id\":\"https:\/\/www.upjs.sk\/pracoviska\/ccvapp\/en\/#organization\",\"name\":\"Centrum celo\u017eivotn\u00e9ho vzdel\u00e1vania a podpory projektov | UPJ\u0160\",\"url\":\"https:\/\/www.upjs.sk\/pracoviska\/ccvapp\/en\/\",\"logo\":{\"@type\":\"ImageObject\",\"inLanguage\":\"en-US\",\"@id\":\"https:\/\/www.upjs.sk\/pracoviska\/ccvapp\/en\/#\/schema\/logo\/image\/\",\"url\":\"https:\/\/www.upjs.sk\/app\/uploads\/sites\/22\/2023\/01\/CCVaPP.svg\",\"contentUrl\":\"https:\/\/www.upjs.sk\/app\/uploads\/sites\/22\/2023\/01\/CCVaPP.svg\",\"width\":500,\"height\":138,\"caption\":\"Centrum celo\u017eivotn\u00e9ho vzdel\u00e1vania a podpory projektov | UPJ\u0160\"},\"image\":{\"@id\":\"https:\/\/www.upjs.sk\/pracoviska\/ccvapp\/en\/#\/schema\/logo\/image\/\"}}]}<\/script>\n<!-- \/ Yoast SEO plugin. -->","yoast_head_json":{"title":"Sitemap - Centrum celo\u017eivotn\u00e9ho vzdel\u00e1vania a podpory projektov | UPJ\u0160","robots":{"index":"index","follow":"follow","max-snippet":"max-snippet:-1","max-image-preview":"max-image-preview:large","max-video-preview":"max-video-preview:-1"},"canonical":"https:\/\/www.upjs.sk\/pracoviska\/ccvapp\/en\/sitemap\/","og_locale":"en_US","og_type":"article","og_title":"Sitemap - Centrum celo\u017eivotn\u00e9ho vzdel\u00e1vania a podpory projektov | UPJ\u0160","og_url":"https:\/\/www.upjs.sk\/pracoviska\/ccvapp\/en\/sitemap\/","og_site_name":"Centrum celo\u017eivotn\u00e9ho vzdel\u00e1vania a podpory projektov | UPJ\u0160","article_modified_time":"2025-04-09T05:39:28+00:00","twitter_card":"summary_large_image","schema":{"@context":"https:\/\/schema.org","@graph":[{"@type":"WebPage","@id":"https:\/\/www.upjs.sk\/pracoviska\/ccvapp\/en\/sitemap\/","url":"https:\/\/www.upjs.sk\/pracoviska\/ccvapp\/en\/sitemap\/","name":"Sitemap - Centrum celo\u017eivotn\u00e9ho vzdel\u00e1vania a podpory projektov | UPJ\u0160","isPartOf":{"@id":"https:\/\/www.upjs.sk\/pracoviska\/ccvapp\/en\/#website"},"datePublished":"2023-06-20T07:25:05+00:00","dateModified":"2025-04-09T05:39:28+00:00","breadcrumb":{"@id":"https:\/\/www.upjs.sk\/pracoviska\/ccvapp\/en\/sitemap\/#breadcrumb"},"inLanguage":"en-US","potentialAction":[{"@type":"ReadAction","target":["https:\/\/www.upjs.sk\/pracoviska\/ccvapp\/en\/sitemap\/"]}]},{"@type":"BreadcrumbList","@id":"https:\/\/www.upjs.sk\/pracoviska\/ccvapp\/en\/sitemap\/#breadcrumb","itemListElement":[{"@type":"ListItem","position":1,"name":"Home","item":"https:\/\/www.upjs.sk\/pracoviska\/ccvapp\/en\/"},{"@type":"ListItem","position":2,"name":"Sitemap"}]},{"@type":"WebSite","@id":"https:\/\/www.upjs.sk\/pracoviska\/ccvapp\/en\/#website","url":"https:\/\/www.upjs.sk\/pracoviska\/ccvapp\/en\/","name":"Centrum celo\u017eivotn\u00e9ho vzdel\u00e1vania a podpory projektov | UPJ\u0160","description":"","publisher":{"@id":"https:\/\/www.upjs.sk\/pracoviska\/ccvapp\/en\/#organization"},"potentialAction":[{"@type":"SearchAction","target":{"@type":"EntryPoint","urlTemplate":"https:\/\/www.upjs.sk\/pracoviska\/ccvapp\/en\/?s={search_term_string}"},"query-input":{"@type":"PropertyValueSpecification","valueRequired":true,"valueName":"search_term_string"}}],"inLanguage":"en-US"},{"@type":"Organization","@id":"https:\/\/www.upjs.sk\/pracoviska\/ccvapp\/en\/#organization","name":"Centrum celo\u017eivotn\u00e9ho vzdel\u00e1vania a podpory projektov | UPJ\u0160","url":"https:\/\/www.upjs.sk\/pracoviska\/ccvapp\/en\/","logo":{"@type":"ImageObject","inLanguage":"en-US","@id":"https:\/\/www.upjs.sk\/pracoviska\/ccvapp\/en\/#\/schema\/logo\/image\/","url":"https:\/\/www.upjs.sk\/app\/uploads\/sites\/22\/2023\/01\/CCVaPP.svg","contentUrl":"https:\/\/www.upjs.sk\/app\/uploads\/sites\/22\/2023\/01\/CCVaPP.svg","width":500,"height":138,"caption":"Centrum celo\u017eivotn\u00e9ho vzdel\u00e1vania a podpory projektov | UPJ\u0160"},"image":{"@id":"https:\/\/www.upjs.sk\/pracoviska\/ccvapp\/en\/#\/schema\/logo\/image\/"}}]}},"_links":{"self":[{"href":"https:\/\/www.upjs.sk\/pracoviska\/ccvapp\/en\/wp-json\/wp\/v2\/pages\/17764","targetHints":{"allow":["GET"]}}],"collection":[{"href":"https:\/\/www.upjs.sk\/pracoviska\/ccvapp\/en\/wp-json\/wp\/v2\/pages"}],"about":[{"href":"https:\/\/www.upjs.sk\/pracoviska\/ccvapp\/en\/wp-json\/wp\/v2\/types\/page"}],"author":[{"embeddable":true,"href":"https:\/\/www.upjs.sk\/pracoviska\/ccvapp\/en\/wp-json\/wp\/v2\/users\/30"}],"replies":[{"embeddable":true,"href":"https:\/\/www.upjs.sk\/pracoviska\/ccvapp\/en\/wp-json\/wp\/v2\/comments?post=17764"}],"version-history":[{"count":2,"href":"https:\/\/www.upjs.sk\/pracoviska\/ccvapp\/en\/wp-json\/wp\/v2\/pages\/17764\/revisions"}],"predecessor-version":[{"id":19525,"href":"https:\/\/www.upjs.sk\/pracoviska\/ccvapp\/en\/wp-json\/wp\/v2\/pages\/17764\/revisions\/19525"}],"wp:attachment":[{"href":"https:\/\/www.upjs.sk\/pracoviska\/ccvapp\/en\/wp-json\/wp\/v2\/media?parent=17764"}],"wp:term":[{"taxonomy":"category","embeddable":true,"href":"https:\/\/www.upjs.sk\/pracoviska\/ccvapp\/en\/wp-json\/wp\/v2\/categories?post=17764"},{"taxonomy":"post_tag","embeddable":true,"href":"https:\/\/www.upjs.sk\/pracoviska\/ccvapp\/en\/wp-json\/wp\/v2\/tags?post=17764"}],"curies":[{"name":"wp","href":"https:\/\/api.w.org\/{rel}","templated":true}]}}