{"id":18205,"date":"2024-01-18T13:46:27","date_gmt":"2024-01-18T13:46:27","guid":{"rendered":"https:\/\/www.upjs.sk\/pracoviska\/ccvapp\/?page_id=18205"},"modified":"2024-01-18T13:46:30","modified_gmt":"2024-01-18T13:46:30","slug":"university-of-third-age","status":"publish","type":"page","link":"https:\/\/www.upjs.sk\/pracoviska\/ccvapp\/en\/university-of-third-age\/","title":{"rendered":"University of Third Age"},"content":{"rendered":"\n<figure class=\"wp-block-image aligncenter size-large\"><img loading=\"lazy\" decoding=\"async\" width=\"1024\" height=\"142\" src=\"https:\/\/www.upjs.sk\/app\/uploads\/sites\/22\/2022\/11\/header_u3v_big-1024x142.png\" alt=\"\" class=\"wp-image-14460\" srcset=\"https:\/\/www.upjs.sk\/app\/uploads\/sites\/22\/2022\/11\/header_u3v_big-1024x142.png 1024w, https:\/\/www.upjs.sk\/app\/uploads\/sites\/22\/2022\/11\/header_u3v_big-300x42.png 300w, https:\/\/www.upjs.sk\/app\/uploads\/sites\/22\/2022\/11\/header_u3v_big-768x107.png 768w, https:\/\/www.upjs.sk\/app\/uploads\/sites\/22\/2022\/11\/header_u3v_big-1536x213.png 1536w, https:\/\/www.upjs.sk\/app\/uploads\/sites\/22\/2022\/11\/header_u3v_big-2048x284.png 2048w\" sizes=\"auto, (max-width: 1024px) 100vw, 1024px\" \/><\/figure>\n\n\n\n<p class=\"has-text-align-justify\">Pavol Jozef \u0160af\u00e1rik University in Ko\u0161ice organizes education in the form of <strong>University of the Third Age<\/strong> in the&nbsp;participation with faculties and&nbsp;university workplaces, as part of the lifelong education of citizens.&nbsp;<\/p>\n\n\n<style>.kb-row-layout-id_b7c886-c7 > .kt-row-column-wrap{align-content:start;}:where(.kb-row-layout-id_b7c886-c7 > .kt-row-column-wrap) > .wp-block-kadence-column{justify-content:start;}.kb-row-layout-id_b7c886-c7 > .kt-row-column-wrap{column-gap:var(--global-kb-gap-sm, 1rem);row-gap:var(--global-kb-gap-md, 2rem);padding-top:var(--global-kb-spacing-sm, 1.5rem);padding-bottom:var(--global-kb-spacing-sm, 1.5rem);}.kb-row-layout-id_b7c886-c7 > .kt-row-column-wrap > div:not(.added-for-specificity){grid-column:initial;}.kb-row-layout-id_b7c886-c7 > .kt-row-column-wrap{grid-template-columns:repeat(4, minmax(0, 1fr));}.kb-row-layout-id_b7c886-c7 > .kt-row-layout-overlay{opacity:0.30;}@media all and (max-width: 1024px){.kb-row-layout-id_b7c886-c7 > .kt-row-column-wrap > div:not(.added-for-specificity){grid-column:initial;}}@media all and (max-width: 1024px){.kb-row-layout-id_b7c886-c7 > .kt-row-column-wrap{grid-template-columns:repeat(4, minmax(0, 1fr));}}@media all and (max-width: 767px){.kb-row-layout-id_b7c886-c7 > .kt-row-column-wrap > div:not(.added-for-specificity){grid-column:initial;}.kb-row-layout-id_b7c886-c7 > .kt-row-column-wrap{grid-template-columns:minmax(0, 1fr);}}<\/style><div class=\"kb-row-layout-wrap kb-row-layout-id_b7c886-c7 alignnone wp-block-kadence-rowlayout\"><div class=\"kt-row-column-wrap kt-has-4-columns kt-row-layout-equal kt-tab-layout-inherit kt-mobile-layout-row kt-row-valign-top\">\n<style>.kadence-column_96ae7c-ae > .kt-inside-inner-col{box-shadow:0px 0px 14px 0px rgba(0, 0, 0, 0.2);}.kadence-column_96ae7c-ae > .kt-inside-inner-col,.kadence-column_96ae7c-ae > .kt-inside-inner-col:before{border-top-left-radius:20px;border-top-right-radius:20px;border-bottom-right-radius:20px;border-bottom-left-radius:20px;}.kadence-column_96ae7c-ae > .kt-inside-inner-col{column-gap:var(--global-kb-gap-sm, 1rem);}.kadence-column_96ae7c-ae > .kt-inside-inner-col{flex-direction:column;}.kadence-column_96ae7c-ae > .kt-inside-inner-col > .aligncenter{width:100%;}.kadence-column_96ae7c-ae > .kt-inside-inner-col{background-color:#164082;}.kadence-column_96ae7c-ae > .kt-inside-inner-col:before{opacity:0.3;}.kadence-column_96ae7c-ae{text-align:center;}.kadence-column_96ae7c-ae, .kadence-column_96ae7c-ae h1, .kadence-column_96ae7c-ae h2, .kadence-column_96ae7c-ae h3, .kadence-column_96ae7c-ae h4, .kadence-column_96ae7c-ae h5, .kadence-column_96ae7c-ae h6{color:#ffffff;}.kadence-column_96ae7c-ae a:hover{color:#F5AF00;}.kadence-column_96ae7c-ae{position:relative;}@media all and (max-width: 1024px){.kadence-column_96ae7c-ae > .kt-inside-inner-col{flex-direction:column;justify-content:center;}}@media all and (max-width: 767px){.kadence-column_96ae7c-ae > .kt-inside-inner-col{flex-direction:column;justify-content:center;}}<\/style>\n<div class=\"wp-block-kadence-column kadence-column_96ae7c-ae kb-section-has-link\"><div class=\"kt-inside-inner-col\">\n<style>.kt-svg-icons_efd8a6-73 .kt-svg-item-0 .kb-svg-icon-wrap{color:var(--global-palette4, #2D3748);font-size:50px;}.wp-block-kadence-icon.kt-svg-icons_efd8a6-73{justify-content:center;}<\/style>\n<div class=\"wp-block-kadence-icon kt-svg-icons kt-svg-icons_efd8a6-73 alignnone\">\n<style>.kt-svg-item-_b0e0bc-45 .kb-svg-icon-wrap, .kt-svg-style-stacked.kt-svg-item-_b0e0bc-45 .kb-svg-icon-wrap{font-size:40px;margin-top:var(--global-kb-spacing-xs, 1rem);}<\/style>\n<div class=\"kt-svg-style-default kt-svg-icon-wrap kt-svg-item-_b0e0bc-45\"><span class=\"kb-svg-icon-wrap kb-svg-icon-fas_info-circle\"><svg viewBox=\"0 0 512 512\"  fill=\"currentColor\" xmlns=\"http:\/\/www.w3.org\/2000\/svg\"  aria-hidden=\"true\"><path d=\"M256 8C119.043 8 8 119.083 8 256c0 136.997 111.043 248 248 248s248-111.003 248-248C504 119.083 392.957 8 256 8zm0 110c23.196 0 42 18.804 42 42s-18.804 42-42 42-42-18.804-42-42 18.804-42 42-42zm56 254c0 6.627-5.373 12-12 12h-88c-6.627 0-12-5.373-12-12v-24c0-6.627 5.373-12 12-12h12v-64h-12c-6.627 0-12-5.373-12-12v-24c0-6.627 5.373-12 12-12h64c6.627 0 12 5.373 12 12v100h12c6.627 0 12 5.373 12 12v24z\"\/><\/svg><\/span><\/div>\n\n<\/div>\n\n\n<p class=\"has-text-align-center\"><strong>Information about the U3A study<\/strong><\/p>\n\n<\/div><a href=\"#\" class=\"kb-section-link-overlay\"><\/a><\/div>\n\n\n<style>.kadence-column_547bb8-f4 > .kt-inside-inner-col{min-height:0px;box-shadow:0px 0px 14px 0px rgba(0, 0, 0, 0.2);border-top:0px solid transparent;border-right:0px solid transparent;border-bottom:0px solid transparent;border-left:0px solid transparent;}.kadence-column_547bb8-f4 > .kt-inside-inner-col,.kadence-column_547bb8-f4 > .kt-inside-inner-col:before{border-top-left-radius:20px;border-top-right-radius:20px;border-bottom-right-radius:20px;border-bottom-left-radius:20px;}.kadence-column_547bb8-f4 > .kt-inside-inner-col{column-gap:var(--global-kb-gap-sm, 1rem);}.kadence-column_547bb8-f4 > .kt-inside-inner-col{flex-direction:column;}.kadence-column_547bb8-f4 > .kt-inside-inner-col > .aligncenter{width:100%;}.kadence-column_547bb8-f4 > .kt-inside-inner-col{background-color:#164082;}.kadence-column_547bb8-f4 > .kt-inside-inner-col:before{opacity:0.3;}.kadence-column_547bb8-f4{text-align:center;}.kadence-column_547bb8-f4, .kadence-column_547bb8-f4 h1, .kadence-column_547bb8-f4 h2, .kadence-column_547bb8-f4 h3, .kadence-column_547bb8-f4 h4, .kadence-column_547bb8-f4 h5, .kadence-column_547bb8-f4 h6{color:#ffffff;}.kadence-column_547bb8-f4 a:hover{color:#F5AF00;}.kadence-column_547bb8-f4{position:relative;}@media all and (max-width: 1024px){.kadence-column_547bb8-f4 > .kt-inside-inner-col{border-top:0px solid transparent;border-right:0px solid transparent;border-bottom:0px solid transparent;border-left:0px solid transparent;flex-direction:column;justify-content:center;}}@media all and (max-width: 767px){.kadence-column_547bb8-f4 > .kt-inside-inner-col{border-top:0px solid transparent;border-right:0px solid transparent;border-bottom:0px solid transparent;border-left:0px solid transparent;flex-direction:column;justify-content:center;}}<\/style>\n<div class=\"wp-block-kadence-column kadence-column_547bb8-f4 kb-section-has-link\"><div class=\"kt-inside-inner-col\">\n<style>.kt-svg-icons_ddca8d-de .kt-svg-item-0 .kb-svg-icon-wrap{color:var(--global-palette4, #2D3748);font-size:50px;}.wp-block-kadence-icon.kt-svg-icons_ddca8d-de{justify-content:center;}<\/style>\n<div class=\"wp-block-kadence-icon kt-svg-icons kt-svg-icons_ddca8d-de alignnone\">\n<style>.kt-svg-item-_777310-54 .kb-svg-icon-wrap, .kt-svg-style-stacked.kt-svg-item-_777310-54 .kb-svg-icon-wrap{font-size:40px;margin-top:var(--global-kb-spacing-xs, 1rem);}<\/style>\n<div class=\"kt-svg-style-default kt-svg-icon-wrap kt-svg-item-_777310-54\"><span class=\"kb-svg-icon-wrap kb-svg-icon-ic_document\"><svg viewBox=\"0 0 8 8\"  fill=\"currentColor\" xmlns=\"http:\/\/www.w3.org\/2000\/svg\"  aria-hidden=\"true\"><path d=\"M0 0v8h7v-4h-4v-4h-3zm4 0v3h3l-3-3zm-3 2h1v1h-1v-1zm0 2h1v1h-1v-1zm0 2h4v1h-4v-1z\"\/><\/svg><\/span><\/div>\n\n<\/div>\n\n\n<p><strong>Study programs U3A<\/strong><\/p>\n\n<\/div><a href=\"#\" class=\"kb-section-link-overlay\"><\/a><\/div>\n\n\n<style>.kadence-column_b6493f-3c > .kt-inside-inner-col{min-height:0px;box-shadow:0px 0px 14px 0px rgba(0, 0, 0, 0.2);border-top:0px solid transparent;border-right:0px solid transparent;border-bottom:0px solid transparent;border-left:0px solid transparent;}.kadence-column_b6493f-3c > .kt-inside-inner-col,.kadence-column_b6493f-3c > .kt-inside-inner-col:before{border-top-left-radius:20px;border-top-right-radius:20px;border-bottom-right-radius:20px;border-bottom-left-radius:20px;}.kadence-column_b6493f-3c > .kt-inside-inner-col{column-gap:var(--global-kb-gap-sm, 1rem);}.kadence-column_b6493f-3c > .kt-inside-inner-col{flex-direction:column;}.kadence-column_b6493f-3c > .kt-inside-inner-col > .aligncenter{width:100%;}.kadence-column_b6493f-3c > .kt-inside-inner-col{background-color:#164082;}.kadence-column_b6493f-3c > .kt-inside-inner-col:before{opacity:0.3;}.kadence-column_b6493f-3c{text-align:center;}.kadence-column_b6493f-3c, .kadence-column_b6493f-3c h1, .kadence-column_b6493f-3c h2, .kadence-column_b6493f-3c h3, .kadence-column_b6493f-3c h4, .kadence-column_b6493f-3c h5, .kadence-column_b6493f-3c h6{color:#ffffff;}.kadence-column_b6493f-3c a:hover{color:#F5AF00;}.kadence-column_b6493f-3c{position:relative;}@media all and (max-width: 1024px){.kadence-column_b6493f-3c > .kt-inside-inner-col{border-top:0px solid transparent;border-right:0px solid transparent;border-bottom:0px solid transparent;border-left:0px solid transparent;flex-direction:column;justify-content:center;}}@media all and (max-width: 767px){.kadence-column_b6493f-3c > .kt-inside-inner-col{border-top:0px solid transparent;border-right:0px solid transparent;border-bottom:0px solid transparent;border-left:0px solid transparent;flex-direction:column;justify-content:center;}}<\/style>\n<div class=\"wp-block-kadence-column kadence-column_b6493f-3c kb-section-has-link\"><div class=\"kt-inside-inner-col\">\n<style>.kt-svg-icons_2bc42d-a8 .kt-svg-item-0 .kb-svg-icon-wrap{color:var(--global-palette4, #2D3748);font-size:50px;}.wp-block-kadence-icon.kt-svg-icons_2bc42d-a8{justify-content:center;}<\/style>\n<div class=\"wp-block-kadence-icon kt-svg-icons kt-svg-icons_2bc42d-a8 alignnone\">\n<style>.kt-svg-item-_1a382b-da .kb-svg-icon-wrap, .kt-svg-style-stacked.kt-svg-item-_1a382b-da .kb-svg-icon-wrap{font-size:40px;margin-top:var(--global-kb-spacing-xs, 1rem);}<\/style>\n<div class=\"kt-svg-style-default kt-svg-icon-wrap kt-svg-item-_1a382b-da\"><span class=\"kb-svg-icon-wrap kb-svg-icon-fa_wpforms\"><svg viewBox=\"0 0 448 512\"  fill=\"currentColor\" xmlns=\"http:\/\/www.w3.org\/2000\/svg\"  aria-hidden=\"true\"><path d=\"M448 75.2v361.7c0 24.3-19 43.2-43.2 43.2H43.2C19.3 480 0 461.4 0 436.8V75.2C0 51.1 18.8 32 43.2 32h361.7c24 0 43.1 18.8 43.1 43.2zm-37.3 361.6V75.2c0-3-2.6-5.8-5.8-5.8h-9.3L285.3 144 224 94.1 162.8 144 52.5 69.3h-9.3c-3.2 0-5.8 2.8-5.8 5.8v361.7c0 3 2.6 5.8 5.8 5.8h361.7c3.2.1 5.8-2.7 5.8-5.8zM150.2 186v37H76.7v-37h73.5zm0 74.4v37.3H76.7v-37.3h73.5zm11.1-147.3l54-43.7H96.8l64.5 43.7zm210 72.9v37h-196v-37h196zm0 74.4v37.3h-196v-37.3h196zm-84.6-147.3l64.5-43.7H232.8l53.9 43.7zM371.3 335v37.3h-99.4V335h99.4z\"\/><\/svg><\/span><\/div>\n\n<\/div>\n\n\n<p><strong>Application for U3A<\/strong><\/p>\n\n<\/div><a href=\"#\" class=\"kb-section-link-overlay\"><\/a><\/div>\n\n\n<style>.kadence-column_5d8f9a-f2 > .kt-inside-inner-col{box-shadow:0px 0px 14px 0px rgba(0, 0, 0, 0.2);border-top:0px solid transparent;border-right:0px solid transparent;border-bottom:0px solid transparent;border-left:0px solid transparent;}.kadence-column_5d8f9a-f2 > .kt-inside-inner-col,.kadence-column_5d8f9a-f2 > .kt-inside-inner-col:before{border-top-left-radius:20px;border-top-right-radius:20px;border-bottom-right-radius:20px;border-bottom-left-radius:20px;}.kadence-column_5d8f9a-f2 > .kt-inside-inner-col{column-gap:var(--global-kb-gap-sm, 1rem);}.kadence-column_5d8f9a-f2 > .kt-inside-inner-col{flex-direction:column;}.kadence-column_5d8f9a-f2 > .kt-inside-inner-col > .aligncenter{width:100%;}.kadence-column_5d8f9a-f2 > .kt-inside-inner-col{background-color:#164082;}.kadence-column_5d8f9a-f2 > .kt-inside-inner-col:before{opacity:0.3;}.kadence-column_5d8f9a-f2{text-align:center;}.kadence-column_5d8f9a-f2, .kadence-column_5d8f9a-f2 h1, .kadence-column_5d8f9a-f2 h2, .kadence-column_5d8f9a-f2 h3, .kadence-column_5d8f9a-f2 h4, .kadence-column_5d8f9a-f2 h5, .kadence-column_5d8f9a-f2 h6{color:#ffffff;}.kadence-column_5d8f9a-f2 a:hover{color:#F5AF00;}.kadence-column_5d8f9a-f2{position:relative;}@media all and (max-width: 1024px){.kadence-column_5d8f9a-f2 > .kt-inside-inner-col{border-top:0px solid transparent;border-right:0px solid transparent;border-bottom:0px solid transparent;border-left:0px solid transparent;flex-direction:column;justify-content:center;}}@media all and (max-width: 767px){.kadence-column_5d8f9a-f2 > .kt-inside-inner-col{border-top:0px solid transparent;border-right:0px solid transparent;border-bottom:0px solid transparent;border-left:0px solid transparent;flex-direction:column;justify-content:center;}}<\/style>\n<div class=\"wp-block-kadence-column kadence-column_5d8f9a-f2 kb-section-has-link\"><div class=\"kt-inside-inner-col\">\n<style>.kt-svg-icons_d2374d-5d .kt-svg-item-0 .kb-svg-icon-wrap{color:var(--global-palette4, #2D3748);font-size:50px;}.wp-block-kadence-icon.kt-svg-icons_d2374d-5d{justify-content:center;}<\/style>\n<div class=\"wp-block-kadence-icon kt-svg-icons kt-svg-icons_d2374d-5d alignnone\">\n<style>.kt-svg-item-_5fa924-6e .kb-svg-icon-wrap, .kt-svg-style-stacked.kt-svg-item-_5fa924-6e .kb-svg-icon-wrap{font-size:40px;margin-top:var(--global-kb-spacing-xs, 1rem);}<\/style>\n<div class=\"kt-svg-style-default kt-svg-icon-wrap kt-svg-item-_5fa924-6e\"><span class=\"kb-svg-icon-wrap kb-svg-icon-ic_people\"><svg viewBox=\"0 0 8 8\"  fill=\"currentColor\" xmlns=\"http:\/\/www.w3.org\/2000\/svg\"  aria-hidden=\"true\"><path d=\"M5.5 0c-.51 0-.95.35-1.22.88.45.54.72 1.28.72 2.13 0 .29-.03.55-.09.81.19.11.38.19.59.19.83 0 1.5-.9 1.5-2s-.67-2-1.5-2zm-3 1c-.83 0-1.5.9-1.5 2s.67 2 1.5 2 1.5-.9 1.5-2-.67-2-1.5-2zm4.75 3.16c-.43.51-1.02.82-1.69.84.27.38.44.84.44 1.34v.66h2v-1.66c0-.52-.31-.97-.75-1.19zm-6.5 1c-.44.22-.75.67-.75 1.19v1.66h5v-1.66c0-.52-.31-.97-.75-1.19-.45.53-1.06.84-1.75.84s-1.3-.32-1.75-.84z\"\/><\/svg><\/span><\/div>\n\n<\/div>\n\n\n<p><strong>Contact U3A<\/strong><\/p>\n\n<\/div><a href=\"#\" class=\"kb-section-link-overlay\"><\/a><\/div>\n\n<\/div><\/div>\n\n\n<figure class=\"wp-block-image aligncenter size-full\"><img loading=\"lazy\" decoding=\"async\" width=\"1025\" height=\"340\" src=\"https:\/\/www.upjs.sk\/app\/uploads\/sites\/22\/2023\/02\/banner-u3v.jpg\" alt=\"\" class=\"wp-image-16093\" srcset=\"https:\/\/www.upjs.sk\/app\/uploads\/sites\/22\/2023\/02\/banner-u3v.jpg 1025w, https:\/\/www.upjs.sk\/app\/uploads\/sites\/22\/2023\/02\/banner-u3v-300x100.jpg 300w, https:\/\/www.upjs.sk\/app\/uploads\/sites\/22\/2023\/02\/banner-u3v-768x255.jpg 768w\" sizes=\"auto, (max-width: 1025px) 100vw, 1025px\" \/><\/figure>\n","protected":false},"excerpt":{"rendered":"<p>Pavol Jozef \u0160af\u00e1rik University in Ko\u0161ice organizes education in the form of University of the Third Age in the&nbsp;participation with faculties and&nbsp;university workplaces, as part of the lifelong education of citizens.&nbsp; Information about the U3A study Study programs U3A Application for U3A Contact U3A<\/p>\n","protected":false},"author":30,"featured_media":14895,"parent":0,"menu_order":6,"comment_status":"closed","ping_status":"closed","template":"","meta":{"_acf_changed":false,"_editorskit_title_hidden":false,"_editorskit_reading_time":0,"_editorskit_is_block_options_detached":false,"_editorskit_block_options_position":"{}","footnotes":""},"categories":[],"tags":[],"class_list":["post-18205","page","type-page","status-publish","has-post-thumbnail","hentry"],"acf":{"acf_link_na_externy_obsah":""},"yoast_head":"<!-- This site is optimized with the Yoast SEO plugin v27.2 - https:\/\/yoast.com\/product\/yoast-seo-wordpress\/ -->\n<title>University of Third Age - Centrum celo\u017eivotn\u00e9ho vzdel\u00e1vania a podpory projektov | UPJ\u0160<\/title>\n<meta name=\"robots\" content=\"index, follow, max-snippet:-1, max-image-preview:large, max-video-preview:-1\" \/>\n<link rel=\"canonical\" href=\"https:\/\/www.upjs.sk\/pracoviska\/ccvapp\/en\/university-of-third-age\/\" \/>\n<meta property=\"og:locale\" content=\"en_US\" \/>\n<meta property=\"og:type\" content=\"article\" \/>\n<meta property=\"og:title\" content=\"University of Third Age - Centrum celo\u017eivotn\u00e9ho vzdel\u00e1vania a podpory projektov | UPJ\u0160\" \/>\n<meta property=\"og:description\" content=\"Pavol Jozef \u0160af\u00e1rik University in Ko\u0161ice organizes education in the form of University of the Third Age in the&nbsp;participation with faculties and&nbsp;university workplaces, as part of the lifelong education of citizens.&nbsp; Information about the U3A study Study programs U3A Application for U3A Contact U3A\" \/>\n<meta property=\"og:url\" content=\"https:\/\/www.upjs.sk\/pracoviska\/ccvapp\/en\/university-of-third-age\/\" \/>\n<meta property=\"og:site_name\" content=\"Centrum celo\u017eivotn\u00e9ho vzdel\u00e1vania a podpory projektov | UPJ\u0160\" \/>\n<meta property=\"article:modified_time\" content=\"2024-01-18T13:46:30+00:00\" \/>\n<meta property=\"og:image\" content=\"https:\/\/www.upjs.sk\/app\/uploads\/sites\/22\/2022\/11\/banner_u3v.jpg\" \/>\n\t<meta property=\"og:image:width\" content=\"1025\" \/>\n\t<meta property=\"og:image:height\" content=\"340\" \/>\n\t<meta property=\"og:image:type\" content=\"image\/jpeg\" \/>\n<meta name=\"twitter:card\" content=\"summary_large_image\" \/>\n<meta name=\"twitter:label1\" content=\"Est. reading time\" \/>\n\t<meta name=\"twitter:data1\" content=\"1 minute\" \/>\n<script type=\"application\/ld+json\" class=\"yoast-schema-graph\">{\"@context\":\"https:\/\/schema.org\",\"@graph\":[{\"@type\":\"WebPage\",\"@id\":\"https:\/\/www.upjs.sk\/pracoviska\/ccvapp\/en\/university-of-third-age\/\",\"url\":\"https:\/\/www.upjs.sk\/pracoviska\/ccvapp\/en\/university-of-third-age\/\",\"name\":\"University of Third Age - Centrum celo\u017eivotn\u00e9ho vzdel\u00e1vania a podpory projektov | UPJ\u0160\",\"isPartOf\":{\"@id\":\"https:\/\/www.upjs.sk\/pracoviska\/ccvapp\/en\/#website\"},\"primaryImageOfPage\":{\"@id\":\"https:\/\/www.upjs.sk\/pracoviska\/ccvapp\/en\/university-of-third-age\/#primaryimage\"},\"image\":{\"@id\":\"https:\/\/www.upjs.sk\/pracoviska\/ccvapp\/en\/university-of-third-age\/#primaryimage\"},\"thumbnailUrl\":\"https:\/\/www.upjs.sk\/app\/uploads\/sites\/22\/2022\/11\/banner_u3v.jpg\",\"datePublished\":\"2024-01-18T13:46:27+00:00\",\"dateModified\":\"2024-01-18T13:46:30+00:00\",\"breadcrumb\":{\"@id\":\"https:\/\/www.upjs.sk\/pracoviska\/ccvapp\/en\/university-of-third-age\/#breadcrumb\"},\"inLanguage\":\"en-US\",\"potentialAction\":[{\"@type\":\"ReadAction\",\"target\":[\"https:\/\/www.upjs.sk\/pracoviska\/ccvapp\/en\/university-of-third-age\/\"]}]},{\"@type\":\"ImageObject\",\"inLanguage\":\"en-US\",\"@id\":\"https:\/\/www.upjs.sk\/pracoviska\/ccvapp\/en\/university-of-third-age\/#primaryimage\",\"url\":\"https:\/\/www.upjs.sk\/app\/uploads\/sites\/22\/2022\/11\/banner_u3v.jpg\",\"contentUrl\":\"https:\/\/www.upjs.sk\/app\/uploads\/sites\/22\/2022\/11\/banner_u3v.jpg\",\"width\":1025,\"height\":340},{\"@type\":\"BreadcrumbList\",\"@id\":\"https:\/\/www.upjs.sk\/pracoviska\/ccvapp\/en\/university-of-third-age\/#breadcrumb\",\"itemListElement\":[{\"@type\":\"ListItem\",\"position\":1,\"name\":\"Home\",\"item\":\"https:\/\/www.upjs.sk\/pracoviska\/ccvapp\/en\/\"},{\"@type\":\"ListItem\",\"position\":2,\"name\":\"University of Third Age\"}]},{\"@type\":\"WebSite\",\"@id\":\"https:\/\/www.upjs.sk\/pracoviska\/ccvapp\/en\/#website\",\"url\":\"https:\/\/www.upjs.sk\/pracoviska\/ccvapp\/en\/\",\"name\":\"Centrum celo\u017eivotn\u00e9ho vzdel\u00e1vania a podpory projektov | UPJ\u0160\",\"description\":\"\",\"publisher\":{\"@id\":\"https:\/\/www.upjs.sk\/pracoviska\/ccvapp\/en\/#organization\"},\"potentialAction\":[{\"@type\":\"SearchAction\",\"target\":{\"@type\":\"EntryPoint\",\"urlTemplate\":\"https:\/\/www.upjs.sk\/pracoviska\/ccvapp\/en\/?s={search_term_string}\"},\"query-input\":{\"@type\":\"PropertyValueSpecification\",\"valueRequired\":true,\"valueName\":\"search_term_string\"}}],\"inLanguage\":\"en-US\"},{\"@type\":\"Organization\",\"@id\":\"https:\/\/www.upjs.sk\/pracoviska\/ccvapp\/en\/#organization\",\"name\":\"Centrum celo\u017eivotn\u00e9ho vzdel\u00e1vania a podpory projektov | UPJ\u0160\",\"url\":\"https:\/\/www.upjs.sk\/pracoviska\/ccvapp\/en\/\",\"logo\":{\"@type\":\"ImageObject\",\"inLanguage\":\"en-US\",\"@id\":\"https:\/\/www.upjs.sk\/pracoviska\/ccvapp\/en\/#\/schema\/logo\/image\/\",\"url\":\"https:\/\/www.upjs.sk\/app\/uploads\/sites\/22\/2023\/01\/CCVaPP.svg\",\"contentUrl\":\"https:\/\/www.upjs.sk\/app\/uploads\/sites\/22\/2023\/01\/CCVaPP.svg\",\"width\":500,\"height\":138,\"caption\":\"Centrum celo\u017eivotn\u00e9ho vzdel\u00e1vania a podpory projektov | UPJ\u0160\"},\"image\":{\"@id\":\"https:\/\/www.upjs.sk\/pracoviska\/ccvapp\/en\/#\/schema\/logo\/image\/\"}}]}<\/script>\n<!-- \/ Yoast SEO plugin. -->","yoast_head_json":{"title":"University of Third Age - Centrum celo\u017eivotn\u00e9ho vzdel\u00e1vania a podpory projektov | UPJ\u0160","robots":{"index":"index","follow":"follow","max-snippet":"max-snippet:-1","max-image-preview":"max-image-preview:large","max-video-preview":"max-video-preview:-1"},"canonical":"https:\/\/www.upjs.sk\/pracoviska\/ccvapp\/en\/university-of-third-age\/","og_locale":"en_US","og_type":"article","og_title":"University of Third Age - Centrum celo\u017eivotn\u00e9ho vzdel\u00e1vania a podpory projektov | UPJ\u0160","og_description":"Pavol Jozef \u0160af\u00e1rik University in Ko\u0161ice organizes education in the form of University of the Third Age in the&nbsp;participation with faculties and&nbsp;university workplaces, as part of the lifelong education of citizens.&nbsp; Information about the U3A study Study programs U3A Application for U3A Contact U3A","og_url":"https:\/\/www.upjs.sk\/pracoviska\/ccvapp\/en\/university-of-third-age\/","og_site_name":"Centrum celo\u017eivotn\u00e9ho vzdel\u00e1vania a podpory projektov | UPJ\u0160","article_modified_time":"2024-01-18T13:46:30+00:00","og_image":[{"width":1025,"height":340,"url":"https:\/\/www.upjs.sk\/app\/uploads\/sites\/22\/2022\/11\/banner_u3v.jpg","type":"image\/jpeg"}],"twitter_card":"summary_large_image","twitter_misc":{"Est. reading time":"1 minute"},"schema":{"@context":"https:\/\/schema.org","@graph":[{"@type":"WebPage","@id":"https:\/\/www.upjs.sk\/pracoviska\/ccvapp\/en\/university-of-third-age\/","url":"https:\/\/www.upjs.sk\/pracoviska\/ccvapp\/en\/university-of-third-age\/","name":"University of Third Age - Centrum celo\u017eivotn\u00e9ho vzdel\u00e1vania a podpory projektov | UPJ\u0160","isPartOf":{"@id":"https:\/\/www.upjs.sk\/pracoviska\/ccvapp\/en\/#website"},"primaryImageOfPage":{"@id":"https:\/\/www.upjs.sk\/pracoviska\/ccvapp\/en\/university-of-third-age\/#primaryimage"},"image":{"@id":"https:\/\/www.upjs.sk\/pracoviska\/ccvapp\/en\/university-of-third-age\/#primaryimage"},"thumbnailUrl":"https:\/\/www.upjs.sk\/app\/uploads\/sites\/22\/2022\/11\/banner_u3v.jpg","datePublished":"2024-01-18T13:46:27+00:00","dateModified":"2024-01-18T13:46:30+00:00","breadcrumb":{"@id":"https:\/\/www.upjs.sk\/pracoviska\/ccvapp\/en\/university-of-third-age\/#breadcrumb"},"inLanguage":"en-US","potentialAction":[{"@type":"ReadAction","target":["https:\/\/www.upjs.sk\/pracoviska\/ccvapp\/en\/university-of-third-age\/"]}]},{"@type":"ImageObject","inLanguage":"en-US","@id":"https:\/\/www.upjs.sk\/pracoviska\/ccvapp\/en\/university-of-third-age\/#primaryimage","url":"https:\/\/www.upjs.sk\/app\/uploads\/sites\/22\/2022\/11\/banner_u3v.jpg","contentUrl":"https:\/\/www.upjs.sk\/app\/uploads\/sites\/22\/2022\/11\/banner_u3v.jpg","width":1025,"height":340},{"@type":"BreadcrumbList","@id":"https:\/\/www.upjs.sk\/pracoviska\/ccvapp\/en\/university-of-third-age\/#breadcrumb","itemListElement":[{"@type":"ListItem","position":1,"name":"Home","item":"https:\/\/www.upjs.sk\/pracoviska\/ccvapp\/en\/"},{"@type":"ListItem","position":2,"name":"University of Third Age"}]},{"@type":"WebSite","@id":"https:\/\/www.upjs.sk\/pracoviska\/ccvapp\/en\/#website","url":"https:\/\/www.upjs.sk\/pracoviska\/ccvapp\/en\/","name":"Centrum celo\u017eivotn\u00e9ho vzdel\u00e1vania a podpory projektov | UPJ\u0160","description":"","publisher":{"@id":"https:\/\/www.upjs.sk\/pracoviska\/ccvapp\/en\/#organization"},"potentialAction":[{"@type":"SearchAction","target":{"@type":"EntryPoint","urlTemplate":"https:\/\/www.upjs.sk\/pracoviska\/ccvapp\/en\/?s={search_term_string}"},"query-input":{"@type":"PropertyValueSpecification","valueRequired":true,"valueName":"search_term_string"}}],"inLanguage":"en-US"},{"@type":"Organization","@id":"https:\/\/www.upjs.sk\/pracoviska\/ccvapp\/en\/#organization","name":"Centrum celo\u017eivotn\u00e9ho vzdel\u00e1vania a podpory projektov | UPJ\u0160","url":"https:\/\/www.upjs.sk\/pracoviska\/ccvapp\/en\/","logo":{"@type":"ImageObject","inLanguage":"en-US","@id":"https:\/\/www.upjs.sk\/pracoviska\/ccvapp\/en\/#\/schema\/logo\/image\/","url":"https:\/\/www.upjs.sk\/app\/uploads\/sites\/22\/2023\/01\/CCVaPP.svg","contentUrl":"https:\/\/www.upjs.sk\/app\/uploads\/sites\/22\/2023\/01\/CCVaPP.svg","width":500,"height":138,"caption":"Centrum celo\u017eivotn\u00e9ho vzdel\u00e1vania a podpory projektov | UPJ\u0160"},"image":{"@id":"https:\/\/www.upjs.sk\/pracoviska\/ccvapp\/en\/#\/schema\/logo\/image\/"}}]}},"_links":{"self":[{"href":"https:\/\/www.upjs.sk\/pracoviska\/ccvapp\/en\/wp-json\/wp\/v2\/pages\/18205","targetHints":{"allow":["GET"]}}],"collection":[{"href":"https:\/\/www.upjs.sk\/pracoviska\/ccvapp\/en\/wp-json\/wp\/v2\/pages"}],"about":[{"href":"https:\/\/www.upjs.sk\/pracoviska\/ccvapp\/en\/wp-json\/wp\/v2\/types\/page"}],"author":[{"embeddable":true,"href":"https:\/\/www.upjs.sk\/pracoviska\/ccvapp\/en\/wp-json\/wp\/v2\/users\/30"}],"replies":[{"embeddable":true,"href":"https:\/\/www.upjs.sk\/pracoviska\/ccvapp\/en\/wp-json\/wp\/v2\/comments?post=18205"}],"version-history":[{"count":1,"href":"https:\/\/www.upjs.sk\/pracoviska\/ccvapp\/en\/wp-json\/wp\/v2\/pages\/18205\/revisions"}],"predecessor-version":[{"id":18207,"href":"https:\/\/www.upjs.sk\/pracoviska\/ccvapp\/en\/wp-json\/wp\/v2\/pages\/18205\/revisions\/18207"}],"wp:featuredmedia":[{"embeddable":true,"href":"https:\/\/www.upjs.sk\/pracoviska\/ccvapp\/en\/wp-json\/wp\/v2\/media\/14895"}],"wp:attachment":[{"href":"https:\/\/www.upjs.sk\/pracoviska\/ccvapp\/en\/wp-json\/wp\/v2\/media?parent=18205"}],"wp:term":[{"taxonomy":"category","embeddable":true,"href":"https:\/\/www.upjs.sk\/pracoviska\/ccvapp\/en\/wp-json\/wp\/v2\/categories?post=18205"},{"taxonomy":"post_tag","embeddable":true,"href":"https:\/\/www.upjs.sk\/pracoviska\/ccvapp\/en\/wp-json\/wp\/v2\/tags?post=18205"}],"curies":[{"name":"wp","href":"https:\/\/api.w.org\/{rel}","templated":true}]}}