{"id":19130,"date":"2024-12-11T11:09:10","date_gmt":"2024-12-11T11:09:10","guid":{"rendered":"https:\/\/www.upjs.sk\/pracoviska\/ccvapp\/?page_id=19130"},"modified":"2025-02-05T13:33:45","modified_gmt":"2025-02-05T13:33:45","slug":"partnerships","status":"publish","type":"page","link":"https:\/\/www.upjs.sk\/pracoviska\/ccvapp\/en\/projects\/partnerships\/","title":{"rendered":"Partnerships"},"content":{"rendered":"<style>.kb-row-layout-id19130_0fd003-7d > .kt-row-column-wrap{align-content:start;}:where(.kb-row-layout-id19130_0fd003-7d > .kt-row-column-wrap) > .wp-block-kadence-column{justify-content:start;}.kb-row-layout-id19130_0fd003-7d > .kt-row-column-wrap{column-gap:var(--global-kb-gap-sm, 1rem);row-gap:var(--global-kb-gap-sm, 1rem);padding-bottom:var(--global-kb-spacing-sm, 1.5rem);}.kb-row-layout-id19130_0fd003-7d > .kt-row-column-wrap > div:not(.added-for-specificity){grid-column:initial;}.kb-row-layout-id19130_0fd003-7d > .kt-row-column-wrap{grid-template-columns:repeat(3, minmax(0, 1fr));}.kb-row-layout-id19130_0fd003-7d > .kt-row-layout-overlay{opacity:0.30;}@media all and (max-width: 1024px){.kb-row-layout-id19130_0fd003-7d > .kt-row-column-wrap > div:not(.added-for-specificity){grid-column:initial;}}@media all and (max-width: 1024px){.kb-row-layout-id19130_0fd003-7d > .kt-row-column-wrap{grid-template-columns:repeat(3, minmax(0, 1fr));}}@media all and (max-width: 767px){.kb-row-layout-id19130_0fd003-7d > .kt-row-column-wrap > div:not(.added-for-specificity){grid-column:initial;}.kb-row-layout-id19130_0fd003-7d > .kt-row-column-wrap{grid-template-columns:minmax(0, 1fr);}}<\/style><div class=\"kb-row-layout-wrap kb-row-layout-id19130_0fd003-7d alignnone wp-block-kadence-rowlayout\"><div class=\"kt-row-column-wrap kt-has-3-columns kt-row-layout-equal kt-tab-layout-inherit kt-mobile-layout-row kt-row-valign-top\">\n<style>.kadence-column19130_2ff86a-8a > .kt-inside-inner-col{padding-top:var(--global-kb-spacing-xxs, 0.5rem);}.kadence-column19130_2ff86a-8a > .kt-inside-inner-col{min-height:220px;border-top:1px solid #D6D6D6;border-right:1px solid #D6D6D6;border-bottom:1px solid #D6D6D6;border-left:1px solid #D6D6D6;}.kadence-column19130_2ff86a-8a > .kt-inside-inner-col{column-gap:var(--global-kb-gap-sm, 1rem);}.kadence-column19130_2ff86a-8a > .kt-inside-inner-col{flex-direction:column;}.kadence-column19130_2ff86a-8a > .kt-inside-inner-col > .aligncenter{width:100%;}.kadence-column19130_2ff86a-8a > .kt-inside-inner-col{background-color:#ffffff;}.kadence-column19130_2ff86a-8a > .kt-inside-inner-col:before{opacity:0.3;}.kadence-column19130_2ff86a-8a{position:relative;}@media all and (max-width: 1024px){.kadence-column19130_2ff86a-8a > .kt-inside-inner-col{border-top:1px solid #D6D6D6;border-right:1px solid #D6D6D6;border-bottom:1px solid #D6D6D6;border-left:1px solid #D6D6D6;flex-direction:column;justify-content:center;}}@media all and (max-width: 767px){.kadence-column19130_2ff86a-8a > .kt-inside-inner-col{border-top:1px solid #D6D6D6;border-right:1px solid #D6D6D6;border-bottom:1px solid #D6D6D6;border-left:1px solid #D6D6D6;flex-direction:column;justify-content:center;}}<\/style>\n<div class=\"wp-block-kadence-column kadence-column19130_2ff86a-8a kb-section-has-link\"><div class=\"kt-inside-inner-col\"><style>.kadence-column19130_053741-47 > .kt-inside-inner-col{display:flex;}.kadence-column19130_053741-47 > .kt-inside-inner-col,.kadence-column19130_053741-47 > .kt-inside-inner-col:before{border-top-left-radius:0px;border-top-right-radius:0px;border-bottom-right-radius:0px;border-bottom-left-radius:0px;}.kadence-column19130_053741-47 > .kt-inside-inner-col{column-gap:var(--global-kb-gap-sm, 1rem);}.kadence-column19130_053741-47 > .kt-inside-inner-col{flex-direction:column;align-items:center;}.kadence-column19130_053741-47 > .kt-inside-inner-col > .kb-image-is-ratio-size{align-self:stretch;}.kadence-column19130_053741-47 > .kt-inside-inner-col > .wp-block-kadence-advancedgallery{align-self:stretch;}.kadence-column19130_053741-47 > .kt-inside-inner-col > .aligncenter{width:100%;}.kadence-column19130_053741-47 > .kt-inside-inner-col:before{opacity:0.3;}.kadence-column19130_053741-47{position:relative;}@media all and (max-width: 1024px){.kadence-column19130_053741-47 > .kt-inside-inner-col{flex-direction:column;justify-content:center;align-items:center;}}@media all and (max-width: 767px){.kadence-column19130_053741-47 > .kt-inside-inner-col{flex-direction:column;justify-content:center;align-items:center;}}<\/style>\n<div class=\"wp-block-kadence-column kadence-column19130_053741-47\"><div class=\"kt-inside-inner-col\">\n<figure class=\"wp-block-image size-large is-resized\"><img loading=\"lazy\" decoding=\"async\" width=\"1115\" height=\"558\" src=\"https:\/\/www.upjs.sk\/app\/uploads\/sites\/22\/2024\/10\/batt4eu_logo_01.svg\" alt=\"\" class=\"wp-image-18955\" style=\"width:auto;height:80px\"\/><\/figure>\n\n\n\n<p class=\"has-text-align-center\">BATT4EU<\/p>\n<\/div><\/div>\n<\/div><a href=\"https:\/\/www.upjs.sk\/pracoviska\/ccvapp\/en\/projects\/partnerships\/batt4eu\/\" class=\"kb-section-link-overlay\"><\/a><\/div>\n\n\n<style>.kadence-column19130_95cd3d-81 > .kt-inside-inner-col{padding-top:var(--global-kb-spacing-xxs, 0.5rem);}.kadence-column19130_95cd3d-81 > .kt-inside-inner-col{min-height:220px;border-top:1px solid #D6D6D6;border-right:1px solid #D6D6D6;border-bottom:1px solid #D6D6D6;border-left:1px solid #D6D6D6;}.kadence-column19130_95cd3d-81 > .kt-inside-inner-col{column-gap:var(--global-kb-gap-sm, 1rem);}.kadence-column19130_95cd3d-81 > .kt-inside-inner-col{flex-direction:column;}.kadence-column19130_95cd3d-81 > .kt-inside-inner-col > .aligncenter{width:100%;}.kadence-column19130_95cd3d-81 > .kt-inside-inner-col{background-color:#ffffff;}.kadence-column19130_95cd3d-81 > .kt-inside-inner-col:before{opacity:0.3;}.kadence-column19130_95cd3d-81{position:relative;}@media all and (max-width: 1024px){.kadence-column19130_95cd3d-81 > .kt-inside-inner-col{border-top:1px solid #D6D6D6;border-right:1px solid #D6D6D6;border-bottom:1px solid #D6D6D6;border-left:1px solid #D6D6D6;flex-direction:column;justify-content:center;}}@media all and (max-width: 767px){.kadence-column19130_95cd3d-81 > .kt-inside-inner-col{border-top:1px solid #D6D6D6;border-right:1px solid #D6D6D6;border-bottom:1px solid #D6D6D6;border-left:1px solid #D6D6D6;flex-direction:column;justify-content:center;}}<\/style>\n<div class=\"wp-block-kadence-column kadence-column19130_95cd3d-81 kb-section-has-link\"><div class=\"kt-inside-inner-col\"><style>.kadence-column19130_420b47-e5 > .kt-inside-inner-col{display:flex;}.kadence-column19130_420b47-e5 > .kt-inside-inner-col,.kadence-column19130_420b47-e5 > .kt-inside-inner-col:before{border-top-left-radius:0px;border-top-right-radius:0px;border-bottom-right-radius:0px;border-bottom-left-radius:0px;}.kadence-column19130_420b47-e5 > .kt-inside-inner-col{column-gap:var(--global-kb-gap-sm, 1rem);}.kadence-column19130_420b47-e5 > .kt-inside-inner-col{flex-direction:column;align-items:center;}.kadence-column19130_420b47-e5 > .kt-inside-inner-col > .kb-image-is-ratio-size{align-self:stretch;}.kadence-column19130_420b47-e5 > .kt-inside-inner-col > .wp-block-kadence-advancedgallery{align-self:stretch;}.kadence-column19130_420b47-e5 > .kt-inside-inner-col > .aligncenter{width:100%;}.kadence-column19130_420b47-e5 > .kt-inside-inner-col:before{opacity:0.3;}.kadence-column19130_420b47-e5{position:relative;}@media all and (max-width: 1024px){.kadence-column19130_420b47-e5 > .kt-inside-inner-col{flex-direction:column;justify-content:center;align-items:center;}}@media all and (max-width: 767px){.kadence-column19130_420b47-e5 > .kt-inside-inner-col{flex-direction:column;justify-content:center;align-items:center;}}<\/style>\n<div class=\"wp-block-kadence-column kadence-column19130_420b47-e5\"><div class=\"kt-inside-inner-col\">\n<figure class=\"wp-block-image size-full is-resized\"><img loading=\"lazy\" decoding=\"async\" width=\"1831\" height=\"690\" src=\"https:\/\/www.upjs.sk\/app\/uploads\/sites\/22\/2024\/10\/ERA4HealthPartnership_logo_01.svg\" alt=\"\" class=\"wp-image-18906\" style=\"width:auto;height:80px\"\/><\/figure>\n\n\n\n<p class=\"has-text-align-center\">ERA4Health<\/p>\n<\/div><\/div>\n<\/div><a href=\"https:\/\/www.upjs.sk\/pracoviska\/ccvapp\/en\/projects\/international-projects\/project-era4health-partnership\/\" class=\"kb-section-link-overlay\"><\/a><\/div>\n\n\n<style>.kadence-column19130_594f5d-22 > .kt-inside-inner-col,.kadence-column19130_594f5d-22 > .kt-inside-inner-col:before{border-top-left-radius:0px;border-top-right-radius:0px;border-bottom-right-radius:0px;border-bottom-left-radius:0px;}.kadence-column19130_594f5d-22 > .kt-inside-inner-col{column-gap:var(--global-kb-gap-sm, 1rem);}.kadence-column19130_594f5d-22 > .kt-inside-inner-col{flex-direction:column;}.kadence-column19130_594f5d-22 > .kt-inside-inner-col > .aligncenter{width:100%;}.kadence-column19130_594f5d-22 > .kt-inside-inner-col:before{opacity:0.3;}.kadence-column19130_594f5d-22{position:relative;}@media all and (max-width: 1024px){.kadence-column19130_594f5d-22 > .kt-inside-inner-col{flex-direction:column;justify-content:center;}}@media all and (max-width: 767px){.kadence-column19130_594f5d-22 > .kt-inside-inner-col{flex-direction:column;justify-content:center;}}<\/style>\n<div class=\"wp-block-kadence-column kadence-column19130_594f5d-22\"><div class=\"kt-inside-inner-col\"><\/div><\/div>\n\n<\/div><\/div>\n\n\n<p><\/p>\n","protected":false},"excerpt":{"rendered":"<p>BATT4EU ERA4Health<\/p>\n","protected":false},"author":103,"featured_media":0,"parent":16960,"menu_order":2,"comment_status":"closed","ping_status":"closed","template":"","meta":{"_acf_changed":false,"_editorskit_title_hidden":false,"_editorskit_reading_time":0,"_editorskit_is_block_options_detached":false,"_editorskit_block_options_position":"{}","footnotes":""},"categories":[],"tags":[],"class_list":["post-19130","page","type-page","status-publish","hentry"],"acf":{"acf_link_na_externy_obsah":""},"yoast_head":"<!-- This site is optimized with the Yoast SEO plugin v27.2 - https:\/\/yoast.com\/product\/yoast-seo-wordpress\/ -->\n<title>Partnerships - Centrum celo\u017eivotn\u00e9ho vzdel\u00e1vania a podpory projektov | UPJ\u0160<\/title>\n<meta name=\"robots\" content=\"index, follow, max-snippet:-1, max-image-preview:large, max-video-preview:-1\" \/>\n<link rel=\"canonical\" href=\"https:\/\/www.upjs.sk\/pracoviska\/ccvapp\/en\/projects\/partnerships\/\" \/>\n<meta property=\"og:locale\" content=\"en_US\" \/>\n<meta property=\"og:type\" content=\"article\" \/>\n<meta property=\"og:title\" content=\"Partnerships - Centrum celo\u017eivotn\u00e9ho vzdel\u00e1vania a podpory projektov | UPJ\u0160\" \/>\n<meta property=\"og:description\" content=\"BATT4EU ERA4Health\" \/>\n<meta property=\"og:url\" content=\"https:\/\/www.upjs.sk\/pracoviska\/ccvapp\/en\/projects\/partnerships\/\" \/>\n<meta property=\"og:site_name\" content=\"Centrum celo\u017eivotn\u00e9ho vzdel\u00e1vania a podpory projektov | UPJ\u0160\" \/>\n<meta property=\"article:modified_time\" content=\"2025-02-05T13:33:45+00:00\" \/>\n<meta property=\"og:image\" content=\"https:\/\/www.upjs.sk\/app\/uploads\/sites\/22\/2024\/10\/batt4eu_logo_01.svg\" \/>\n<meta name=\"twitter:card\" content=\"summary_large_image\" \/>\n<meta name=\"twitter:label1\" content=\"Est. reading time\" \/>\n\t<meta name=\"twitter:data1\" content=\"1 minute\" \/>\n<script type=\"application\/ld+json\" class=\"yoast-schema-graph\">{\"@context\":\"https:\/\/schema.org\",\"@graph\":[{\"@type\":\"WebPage\",\"@id\":\"https:\/\/www.upjs.sk\/pracoviska\/ccvapp\/en\/projects\/partnerships\/\",\"url\":\"https:\/\/www.upjs.sk\/pracoviska\/ccvapp\/en\/projects\/partnerships\/\",\"name\":\"Partnerships - Centrum celo\u017eivotn\u00e9ho vzdel\u00e1vania a podpory projektov | UPJ\u0160\",\"isPartOf\":{\"@id\":\"https:\/\/www.upjs.sk\/pracoviska\/ccvapp\/en\/#website\"},\"primaryImageOfPage\":{\"@id\":\"https:\/\/www.upjs.sk\/pracoviska\/ccvapp\/en\/projects\/partnerships\/#primaryimage\"},\"image\":{\"@id\":\"https:\/\/www.upjs.sk\/pracoviska\/ccvapp\/en\/projects\/partnerships\/#primaryimage\"},\"thumbnailUrl\":\"https:\/\/www.upjs.sk\/app\/uploads\/sites\/22\/2024\/10\/batt4eu_logo_01.svg\",\"datePublished\":\"2024-12-11T11:09:10+00:00\",\"dateModified\":\"2025-02-05T13:33:45+00:00\",\"breadcrumb\":{\"@id\":\"https:\/\/www.upjs.sk\/pracoviska\/ccvapp\/en\/projects\/partnerships\/#breadcrumb\"},\"inLanguage\":\"en-US\",\"potentialAction\":[{\"@type\":\"ReadAction\",\"target\":[\"https:\/\/www.upjs.sk\/pracoviska\/ccvapp\/en\/projects\/partnerships\/\"]}]},{\"@type\":\"ImageObject\",\"inLanguage\":\"en-US\",\"@id\":\"https:\/\/www.upjs.sk\/pracoviska\/ccvapp\/en\/projects\/partnerships\/#primaryimage\",\"url\":\"https:\/\/www.upjs.sk\/app\/uploads\/sites\/22\/2024\/10\/batt4eu_logo_01.svg\",\"contentUrl\":\"https:\/\/www.upjs.sk\/app\/uploads\/sites\/22\/2024\/10\/batt4eu_logo_01.svg\"},{\"@type\":\"BreadcrumbList\",\"@id\":\"https:\/\/www.upjs.sk\/pracoviska\/ccvapp\/en\/projects\/partnerships\/#breadcrumb\",\"itemListElement\":[{\"@type\":\"ListItem\",\"position\":1,\"name\":\"Home\",\"item\":\"https:\/\/www.upjs.sk\/pracoviska\/ccvapp\/en\/\"},{\"@type\":\"ListItem\",\"position\":2,\"name\":\"Projects\",\"item\":\"https:\/\/www.upjs.sk\/pracoviska\/ccvapp\/en\/projects\/\"},{\"@type\":\"ListItem\",\"position\":3,\"name\":\"Partnerships\"}]},{\"@type\":\"WebSite\",\"@id\":\"https:\/\/www.upjs.sk\/pracoviska\/ccvapp\/en\/#website\",\"url\":\"https:\/\/www.upjs.sk\/pracoviska\/ccvapp\/en\/\",\"name\":\"Centrum celo\u017eivotn\u00e9ho vzdel\u00e1vania a podpory projektov | UPJ\u0160\",\"description\":\"\",\"publisher\":{\"@id\":\"https:\/\/www.upjs.sk\/pracoviska\/ccvapp\/en\/#organization\"},\"potentialAction\":[{\"@type\":\"SearchAction\",\"target\":{\"@type\":\"EntryPoint\",\"urlTemplate\":\"https:\/\/www.upjs.sk\/pracoviska\/ccvapp\/en\/?s={search_term_string}\"},\"query-input\":{\"@type\":\"PropertyValueSpecification\",\"valueRequired\":true,\"valueName\":\"search_term_string\"}}],\"inLanguage\":\"en-US\"},{\"@type\":\"Organization\",\"@id\":\"https:\/\/www.upjs.sk\/pracoviska\/ccvapp\/en\/#organization\",\"name\":\"Centrum celo\u017eivotn\u00e9ho vzdel\u00e1vania a podpory projektov | UPJ\u0160\",\"url\":\"https:\/\/www.upjs.sk\/pracoviska\/ccvapp\/en\/\",\"logo\":{\"@type\":\"ImageObject\",\"inLanguage\":\"en-US\",\"@id\":\"https:\/\/www.upjs.sk\/pracoviska\/ccvapp\/en\/#\/schema\/logo\/image\/\",\"url\":\"https:\/\/www.upjs.sk\/app\/uploads\/sites\/22\/2023\/01\/CCVaPP.svg\",\"contentUrl\":\"https:\/\/www.upjs.sk\/app\/uploads\/sites\/22\/2023\/01\/CCVaPP.svg\",\"width\":500,\"height\":138,\"caption\":\"Centrum celo\u017eivotn\u00e9ho vzdel\u00e1vania a podpory projektov | UPJ\u0160\"},\"image\":{\"@id\":\"https:\/\/www.upjs.sk\/pracoviska\/ccvapp\/en\/#\/schema\/logo\/image\/\"}}]}<\/script>\n<!-- \/ Yoast SEO plugin. -->","yoast_head_json":{"title":"Partnerships - Centrum celo\u017eivotn\u00e9ho vzdel\u00e1vania a podpory projektov | UPJ\u0160","robots":{"index":"index","follow":"follow","max-snippet":"max-snippet:-1","max-image-preview":"max-image-preview:large","max-video-preview":"max-video-preview:-1"},"canonical":"https:\/\/www.upjs.sk\/pracoviska\/ccvapp\/en\/projects\/partnerships\/","og_locale":"en_US","og_type":"article","og_title":"Partnerships - Centrum celo\u017eivotn\u00e9ho vzdel\u00e1vania a podpory projektov | UPJ\u0160","og_description":"BATT4EU ERA4Health","og_url":"https:\/\/www.upjs.sk\/pracoviska\/ccvapp\/en\/projects\/partnerships\/","og_site_name":"Centrum celo\u017eivotn\u00e9ho vzdel\u00e1vania a podpory projektov | UPJ\u0160","article_modified_time":"2025-02-05T13:33:45+00:00","og_image":[{"url":"https:\/\/www.upjs.sk\/app\/uploads\/sites\/22\/2024\/10\/batt4eu_logo_01.svg","type":"","width":"","height":""}],"twitter_card":"summary_large_image","twitter_misc":{"Est. reading time":"1 minute"},"schema":{"@context":"https:\/\/schema.org","@graph":[{"@type":"WebPage","@id":"https:\/\/www.upjs.sk\/pracoviska\/ccvapp\/en\/projects\/partnerships\/","url":"https:\/\/www.upjs.sk\/pracoviska\/ccvapp\/en\/projects\/partnerships\/","name":"Partnerships - Centrum celo\u017eivotn\u00e9ho vzdel\u00e1vania a podpory projektov | UPJ\u0160","isPartOf":{"@id":"https:\/\/www.upjs.sk\/pracoviska\/ccvapp\/en\/#website"},"primaryImageOfPage":{"@id":"https:\/\/www.upjs.sk\/pracoviska\/ccvapp\/en\/projects\/partnerships\/#primaryimage"},"image":{"@id":"https:\/\/www.upjs.sk\/pracoviska\/ccvapp\/en\/projects\/partnerships\/#primaryimage"},"thumbnailUrl":"https:\/\/www.upjs.sk\/app\/uploads\/sites\/22\/2024\/10\/batt4eu_logo_01.svg","datePublished":"2024-12-11T11:09:10+00:00","dateModified":"2025-02-05T13:33:45+00:00","breadcrumb":{"@id":"https:\/\/www.upjs.sk\/pracoviska\/ccvapp\/en\/projects\/partnerships\/#breadcrumb"},"inLanguage":"en-US","potentialAction":[{"@type":"ReadAction","target":["https:\/\/www.upjs.sk\/pracoviska\/ccvapp\/en\/projects\/partnerships\/"]}]},{"@type":"ImageObject","inLanguage":"en-US","@id":"https:\/\/www.upjs.sk\/pracoviska\/ccvapp\/en\/projects\/partnerships\/#primaryimage","url":"https:\/\/www.upjs.sk\/app\/uploads\/sites\/22\/2024\/10\/batt4eu_logo_01.svg","contentUrl":"https:\/\/www.upjs.sk\/app\/uploads\/sites\/22\/2024\/10\/batt4eu_logo_01.svg"},{"@type":"BreadcrumbList","@id":"https:\/\/www.upjs.sk\/pracoviska\/ccvapp\/en\/projects\/partnerships\/#breadcrumb","itemListElement":[{"@type":"ListItem","position":1,"name":"Home","item":"https:\/\/www.upjs.sk\/pracoviska\/ccvapp\/en\/"},{"@type":"ListItem","position":2,"name":"Projects","item":"https:\/\/www.upjs.sk\/pracoviska\/ccvapp\/en\/projects\/"},{"@type":"ListItem","position":3,"name":"Partnerships"}]},{"@type":"WebSite","@id":"https:\/\/www.upjs.sk\/pracoviska\/ccvapp\/en\/#website","url":"https:\/\/www.upjs.sk\/pracoviska\/ccvapp\/en\/","name":"Centrum celo\u017eivotn\u00e9ho vzdel\u00e1vania a podpory projektov | UPJ\u0160","description":"","publisher":{"@id":"https:\/\/www.upjs.sk\/pracoviska\/ccvapp\/en\/#organization"},"potentialAction":[{"@type":"SearchAction","target":{"@type":"EntryPoint","urlTemplate":"https:\/\/www.upjs.sk\/pracoviska\/ccvapp\/en\/?s={search_term_string}"},"query-input":{"@type":"PropertyValueSpecification","valueRequired":true,"valueName":"search_term_string"}}],"inLanguage":"en-US"},{"@type":"Organization","@id":"https:\/\/www.upjs.sk\/pracoviska\/ccvapp\/en\/#organization","name":"Centrum celo\u017eivotn\u00e9ho vzdel\u00e1vania a podpory projektov | UPJ\u0160","url":"https:\/\/www.upjs.sk\/pracoviska\/ccvapp\/en\/","logo":{"@type":"ImageObject","inLanguage":"en-US","@id":"https:\/\/www.upjs.sk\/pracoviska\/ccvapp\/en\/#\/schema\/logo\/image\/","url":"https:\/\/www.upjs.sk\/app\/uploads\/sites\/22\/2023\/01\/CCVaPP.svg","contentUrl":"https:\/\/www.upjs.sk\/app\/uploads\/sites\/22\/2023\/01\/CCVaPP.svg","width":500,"height":138,"caption":"Centrum celo\u017eivotn\u00e9ho vzdel\u00e1vania a podpory projektov | UPJ\u0160"},"image":{"@id":"https:\/\/www.upjs.sk\/pracoviska\/ccvapp\/en\/#\/schema\/logo\/image\/"}}]}},"_links":{"self":[{"href":"https:\/\/www.upjs.sk\/pracoviska\/ccvapp\/en\/wp-json\/wp\/v2\/pages\/19130","targetHints":{"allow":["GET"]}}],"collection":[{"href":"https:\/\/www.upjs.sk\/pracoviska\/ccvapp\/en\/wp-json\/wp\/v2\/pages"}],"about":[{"href":"https:\/\/www.upjs.sk\/pracoviska\/ccvapp\/en\/wp-json\/wp\/v2\/types\/page"}],"author":[{"embeddable":true,"href":"https:\/\/www.upjs.sk\/pracoviska\/ccvapp\/en\/wp-json\/wp\/v2\/users\/103"}],"replies":[{"embeddable":true,"href":"https:\/\/www.upjs.sk\/pracoviska\/ccvapp\/en\/wp-json\/wp\/v2\/comments?post=19130"}],"version-history":[{"count":5,"href":"https:\/\/www.upjs.sk\/pracoviska\/ccvapp\/en\/wp-json\/wp\/v2\/pages\/19130\/revisions"}],"predecessor-version":[{"id":19222,"href":"https:\/\/www.upjs.sk\/pracoviska\/ccvapp\/en\/wp-json\/wp\/v2\/pages\/19130\/revisions\/19222"}],"up":[{"embeddable":true,"href":"https:\/\/www.upjs.sk\/pracoviska\/ccvapp\/en\/wp-json\/wp\/v2\/pages\/16960"}],"wp:attachment":[{"href":"https:\/\/www.upjs.sk\/pracoviska\/ccvapp\/en\/wp-json\/wp\/v2\/media?parent=19130"}],"wp:term":[{"taxonomy":"category","embeddable":true,"href":"https:\/\/www.upjs.sk\/pracoviska\/ccvapp\/en\/wp-json\/wp\/v2\/categories?post=19130"},{"taxonomy":"post_tag","embeddable":true,"href":"https:\/\/www.upjs.sk\/pracoviska\/ccvapp\/en\/wp-json\/wp\/v2\/tags?post=19130"}],"curies":[{"name":"wp","href":"https:\/\/api.w.org\/{rel}","templated":true}]}}