{"id":13128,"date":"2022-05-11T09:56:45","date_gmt":"2017-01-30T23:53:35","guid":{"rendered":"https:\/\/www.upjs.sk\/pracoviska\/ccvapp\/root\/vzdelavacie-aktivity\/verejna-sprava\/"},"modified":"2025-04-24T11:38:12","modified_gmt":"2025-04-24T11:38:12","slug":"verejna-sprava","status":"publish","type":"page","link":"https:\/\/www.upjs.sk\/pracoviska\/ccvapp\/vzdelavacie-aktivity\/verejna-sprava\/","title":{"rendered":"Verejn\u00e1 spr\u00e1va"},"content":{"rendered":"\n<p>K najv\u00fdznamnej\u0161\u00edm komer\u010dn\u00fdm aktivit\u00e1m CCVaPP ako l\u00eddra v oblasti \u010fal\u0161ieho vzdel\u00e1vania patr\u00ed realiz\u00e1cia \u0161kolen\u00ed pre Ministerstvo financi\u00ed Slovenskej republiky pre oblas\u0165 verejn\u00fdch financi\u00ed.<\/p>\n\n\n\n<p>Vzdel\u00e1vacie aktivity s\u00fa ur\u010den\u00e9 pre:<\/p>\n\n\n<style>.wp-block-kadence-iconlist.kt-svg-icon-list-items13128_f5f797-0a:not(.this-stops-third-party-issues){margin-top:0px;margin-bottom:0px;}.wp-block-kadence-iconlist.kt-svg-icon-list-items13128_f5f797-0a ul.kt-svg-icon-list:not(.this-prevents-issues):not(.this-stops-third-party-issues):not(.tijsloc){margin-top:0px;margin-right:0px;margin-bottom:10px;margin-left:0px;}.wp-block-kadence-iconlist.kt-svg-icon-list-items13128_f5f797-0a ul.kt-svg-icon-list{grid-row-gap:5px;}.wp-block-kadence-iconlist.kt-svg-icon-list-items13128_f5f797-0a ul.kt-svg-icon-list .kt-svg-icon-list-item-wrap .kt-svg-icon-list-single{margin-right:10px;}<\/style>\n<div class=\"wp-block-kadence-iconlist kt-svg-icon-list-items kt-svg-icon-list-items13128_f5f797-0a kt-svg-icon-list-columns-1 alignnone\"><ul class=\"kt-svg-icon-list\"><style>.kt-svg-icon-list-item-13128_7e2fee-1b .kt-svg-icon-list-single{font-size:20px !important;}.kt-svg-icon-list-item-13128_7e2fee-1b .kt-svg-icon-list-text mark.kt-highlight{background-color:unset;font-style:normal;color:#f76a0c;-webkit-box-decoration-break:clone;box-decoration-break:clone;padding-top:0px;padding-right:0px;padding-bottom:0px;padding-left:0px;}<\/style>\n<li class=\"wp-block-kadence-listitem kt-svg-icon-list-item-wrap kt-svg-icon-list-item-13128_7e2fee-1b kt-svg-icon-list-style-default\"><span class=\"kb-svg-icon-wrap kb-svg-icon-fe_command kt-svg-icon-list-single\"><svg viewBox=\"0 0 24 24\"  fill=\"none\" stroke=\"currentColor\" stroke-width=\"2\" stroke-linecap=\"round\" stroke-linejoin=\"round\" xmlns=\"http:\/\/www.w3.org\/2000\/svg\"  aria-hidden=\"true\"><path d=\"M18 3a3 3 0 0 0-3 3v12a3 3 0 0 0 3 3 3 3 0 0 0 3-3 3 3 0 0 0-3-3H6a3 3 0 0 0-3 3 3 3 0 0 0 3 3 3 3 0 0 0 3-3V6a3 3 0 0 0-3-3 3 3 0 0 0-3 3 3 3 0 0 0 3 3h12a3 3 0 0 0 3-3 3 3 0 0 0-3-3z\"\/><\/svg><\/span><span class=\"kt-svg-icon-list-text\">klientov \u0161t\u00e1tnych syst\u00e9mov za \u00fa\u010delom zvy\u0161ovania ich kvalifika\u010dnej \u00farovne v r\u00f4znych oblastiach,<\/span><\/li>\n\n\n<style>.kt-svg-icon-list-item-13128_408bac-a3 .kt-svg-icon-list-single{font-size:20px !important;}.kt-svg-icon-list-item-13128_408bac-a3 .kt-svg-icon-list-text mark.kt-highlight{background-color:unset;font-style:normal;color:#f76a0c;-webkit-box-decoration-break:clone;box-decoration-break:clone;padding-top:0px;padding-right:0px;padding-bottom:0px;padding-left:0px;}<\/style>\n<li class=\"wp-block-kadence-listitem kt-svg-icon-list-item-wrap kt-svg-icon-list-item-13128_408bac-a3 kt-svg-icon-list-style-default\"><span class=\"kb-svg-icon-wrap kb-svg-icon-fe_command kt-svg-icon-list-single\"><svg viewBox=\"0 0 24 24\"  fill=\"none\" stroke=\"currentColor\" stroke-width=\"2\" stroke-linecap=\"round\" stroke-linejoin=\"round\" xmlns=\"http:\/\/www.w3.org\/2000\/svg\"  aria-hidden=\"true\"><path d=\"M18 3a3 3 0 0 0-3 3v12a3 3 0 0 0 3 3 3 3 0 0 0 3-3 3 3 0 0 0-3-3H6a3 3 0 0 0-3 3 3 3 0 0 0 3 3 3 3 0 0 0 3-3V6a3 3 0 0 0-3-3 3 3 0 0 0-3 3 3 3 0 0 0 3 3h12a3 3 0 0 0 3-3 3 3 0 0 0-3-3z\"\/><\/svg><\/span><span class=\"kt-svg-icon-list-text\">zamestnancov ostatn\u00fdch subjektov verejnej spr\u00e1vy za \u00fa\u010delom vytvorenia predpokladov na spr\u00e1vnu aplik\u00e1ciu nov\u00fdch postupov \u00fa\u010dtovania v praxi, na zostavovanie konsolida\u010dn\u00fdch bal\u00edkov, konsolidovanej \u00fa\u010dtovnej z\u00e1vierky a s\u00fahrnnej \u00fa\u010dtovnej z\u00e1vierky, zostavenie v\u00fdkazov v s\u00falade s Medzin\u00e1rodn\u00fdmi \u00fa\u010dtovn\u00fdmi \u0161tandardami pre verejn\u00fa spr\u00e1vu,<\/span><\/li>\n\n\n<style>.kt-svg-icon-list-item-13128_eb29de-88 .kt-svg-icon-list-single{font-size:20px !important;}.kt-svg-icon-list-item-13128_eb29de-88 .kt-svg-icon-list-text mark.kt-highlight{background-color:unset;font-style:normal;color:#f76a0c;-webkit-box-decoration-break:clone;box-decoration-break:clone;padding-top:0px;padding-right:0px;padding-bottom:0px;padding-left:0px;}<\/style>\n<li class=\"wp-block-kadence-listitem kt-svg-icon-list-item-wrap kt-svg-icon-list-item-13128_eb29de-88 kt-svg-icon-list-style-default\"><span class=\"kb-svg-icon-wrap kb-svg-icon-fe_command kt-svg-icon-list-single\"><svg viewBox=\"0 0 24 24\"  fill=\"none\" stroke=\"currentColor\" stroke-width=\"2\" stroke-linecap=\"round\" stroke-linejoin=\"round\" xmlns=\"http:\/\/www.w3.org\/2000\/svg\"  aria-hidden=\"true\"><path d=\"M18 3a3 3 0 0 0-3 3v12a3 3 0 0 0 3 3 3 3 0 0 0 3-3 3 3 0 0 0-3-3H6a3 3 0 0 0-3 3 3 3 0 0 0 3 3 3 3 0 0 0 3-3V6a3 3 0 0 0-3-3 3 3 0 0 0-3 3 3 3 0 0 0 3 3h12a3 3 0 0 0 3-3 3 3 0 0 0-3-3z\"\/><\/svg><\/span><span class=\"kt-svg-icon-list-text\">zamestnancov verejnej spr\u00e1vy na rozv\u00edjanie digit\u00e1lnych zru\u010dnost\u00ed s\u00a0mo\u017enos\u0165ou z\u00edska\u0165 certifik\u00e1t ICDL.<\/span><\/li>\n<\/ul><\/div>\n\n\n\n<ul class=\"wp-block-list\">\n<li><\/li>\n<\/ul>\n\n\n\n<p>Aktu\u00e1lne sa realizuje vzdel\u00e1vanie zamestnancov \u0161t\u00e1tnej spr\u00e1vy na pou\u017e\u00edvanie <a aria-label=\"Centr\u00e1lneho ekonomick\u00e9ho syst\u00e9mu (opens in a new tab)\" href=\"https:\/\/portal.ccvapp.upjs.sk\/activity\/ces\" target=\"_blank\" rel=\"noreferrer noopener\" class=\"ek-link\">Centr\u00e1lneho ekonomick\u00e9ho syst\u00e9mu<\/a>.<\/p>\n\n\n\n<p class=\"has-text-align-center\"><a aria-label=\"Ponuka vzdel\u00e1vac\u00edch aktiv\u00edt (opens in a new tab)\" href=\"https:\/\/portal.ccvapp.upjs.sk\/activity\/verejna-sprava?_locale=sk\" target=\"_blank\" rel=\"noreferrer noopener\" class=\"ek-link\"><strong>Ponuka vzdel\u00e1vac\u00edch aktiv\u00edt<\/strong><\/a><\/p>\n","protected":false},"excerpt":{"rendered":"<p>K najv\u00fdznamnej\u0161\u00edm komer\u010dn\u00fdm aktivit\u00e1m CCVaPP ako l\u00eddra v oblasti \u010fal\u0161ieho vzdel\u00e1vania patr\u00ed realiz\u00e1cia \u0161kolen\u00ed pre Ministerstvo financi\u00ed Slovenskej republiky pre oblas\u0165 verejn\u00fdch financi\u00ed. Vzdel\u00e1vacie aktivity s\u00fa ur\u010den\u00e9 pre: Aktu\u00e1lne sa realizuje vzdel\u00e1vanie zamestnancov \u0161t\u00e1tnej spr\u00e1vy na pou\u017e\u00edvanie Centr\u00e1lneho ekonomick\u00e9ho syst\u00e9mu. Ponuka vzdel\u00e1vac\u00edch aktiv\u00edt<\/p>\n","protected":false},"author":30,"featured_media":0,"parent":13109,"menu_order":3,"comment_status":"closed","ping_status":"closed","template":"","meta":{"_acf_changed":false,"_editorskit_title_hidden":false,"_editorskit_reading_time":1,"_editorskit_is_block_options_detached":false,"_editorskit_block_options_position":"{}","footnotes":""},"categories":[],"tags":[],"class_list":["post-13128","page","type-page","status-publish","hentry"],"acf":{"acf_link_na_externy_obsah":""},"yoast_head":"<!-- This site is optimized with the Yoast SEO plugin v27.5 - https:\/\/yoast.com\/product\/yoast-seo-wordpress\/ -->\n<title>Verejn\u00e1 spr\u00e1va - Centrum celo\u017eivotn\u00e9ho vzdel\u00e1vania a podpory projektov | UPJ\u0160<\/title>\n<meta name=\"robots\" content=\"index, follow, max-snippet:-1, max-image-preview:large, max-video-preview:-1\" \/>\n<link rel=\"canonical\" href=\"https:\/\/www.upjs.sk\/pracoviska\/ccvapp\/vzdelavacie-aktivity\/verejna-sprava\/\" \/>\n<meta property=\"og:locale\" content=\"sk_SK\" \/>\n<meta property=\"og:type\" content=\"article\" \/>\n<meta property=\"og:title\" content=\"Verejn\u00e1 spr\u00e1va - Centrum celo\u017eivotn\u00e9ho vzdel\u00e1vania a podpory projektov | UPJ\u0160\" \/>\n<meta property=\"og:description\" content=\"K najv\u00fdznamnej\u0161\u00edm komer\u010dn\u00fdm aktivit\u00e1m CCVaPP ako l\u00eddra v oblasti \u010fal\u0161ieho vzdel\u00e1vania patr\u00ed realiz\u00e1cia \u0161kolen\u00ed pre Ministerstvo financi\u00ed Slovenskej republiky pre oblas\u0165 verejn\u00fdch financi\u00ed. Vzdel\u00e1vacie aktivity s\u00fa ur\u010den\u00e9 pre: Aktu\u00e1lne sa realizuje vzdel\u00e1vanie zamestnancov \u0161t\u00e1tnej spr\u00e1vy na pou\u017e\u00edvanie Centr\u00e1lneho ekonomick\u00e9ho syst\u00e9mu. Ponuka vzdel\u00e1vac\u00edch aktiv\u00edt\" \/>\n<meta property=\"og:url\" content=\"https:\/\/www.upjs.sk\/pracoviska\/ccvapp\/vzdelavacie-aktivity\/verejna-sprava\/\" \/>\n<meta property=\"og:site_name\" content=\"Centrum celo\u017eivotn\u00e9ho vzdel\u00e1vania a podpory projektov | UPJ\u0160\" \/>\n<meta property=\"article:modified_time\" content=\"2025-04-24T11:38:12+00:00\" \/>\n<meta name=\"twitter:card\" content=\"summary_large_image\" \/>\n<meta name=\"twitter:label1\" content=\"Predpokladan\u00fd \u010das \u010d\u00edtania\" \/>\n\t<meta name=\"twitter:data1\" content=\"1 min\u00fata\" \/>\n<script type=\"application\/ld+json\" class=\"yoast-schema-graph\">{\"@context\":\"https:\\\/\\\/schema.org\",\"@graph\":[{\"@type\":\"WebPage\",\"@id\":\"https:\\\/\\\/www.upjs.sk\\\/pracoviska\\\/ccvapp\\\/vzdelavacie-aktivity\\\/verejna-sprava\\\/\",\"url\":\"https:\\\/\\\/www.upjs.sk\\\/pracoviska\\\/ccvapp\\\/vzdelavacie-aktivity\\\/verejna-sprava\\\/\",\"name\":\"Verejn\u00e1 spr\u00e1va - Centrum celo\u017eivotn\u00e9ho vzdel\u00e1vania a podpory projektov | UPJ\u0160\",\"isPartOf\":{\"@id\":\"https:\\\/\\\/www.upjs.sk\\\/pracoviska\\\/ccvapp\\\/#website\"},\"datePublished\":\"2017-01-30T23:53:35+00:00\",\"dateModified\":\"2025-04-24T11:38:12+00:00\",\"breadcrumb\":{\"@id\":\"https:\\\/\\\/www.upjs.sk\\\/pracoviska\\\/ccvapp\\\/vzdelavacie-aktivity\\\/verejna-sprava\\\/#breadcrumb\"},\"inLanguage\":\"sk-SK\",\"potentialAction\":[{\"@type\":\"ReadAction\",\"target\":[\"https:\\\/\\\/www.upjs.sk\\\/pracoviska\\\/ccvapp\\\/vzdelavacie-aktivity\\\/verejna-sprava\\\/\"]}]},{\"@type\":\"BreadcrumbList\",\"@id\":\"https:\\\/\\\/www.upjs.sk\\\/pracoviska\\\/ccvapp\\\/vzdelavacie-aktivity\\\/verejna-sprava\\\/#breadcrumb\",\"itemListElement\":[{\"@type\":\"ListItem\",\"position\":1,\"name\":\"Home\",\"item\":\"https:\\\/\\\/www.upjs.sk\\\/pracoviska\\\/ccvapp\\\/\"},{\"@type\":\"ListItem\",\"position\":2,\"name\":\"Vzdel\u00e1vacie aktivity CCVaPP\",\"item\":\"https:\\\/\\\/www.upjs.sk\\\/pracoviska\\\/ccvapp\\\/vzdelavacie-aktivity\\\/\"},{\"@type\":\"ListItem\",\"position\":3,\"name\":\"Verejn\u00e1 spr\u00e1va\"}]},{\"@type\":\"WebSite\",\"@id\":\"https:\\\/\\\/www.upjs.sk\\\/pracoviska\\\/ccvapp\\\/#website\",\"url\":\"https:\\\/\\\/www.upjs.sk\\\/pracoviska\\\/ccvapp\\\/\",\"name\":\"Centrum celo\u017eivotn\u00e9ho vzdel\u00e1vania a podpory projektov | UPJ\u0160\",\"description\":\"\",\"publisher\":{\"@id\":\"https:\\\/\\\/www.upjs.sk\\\/pracoviska\\\/ccvapp\\\/#organization\"},\"potentialAction\":[{\"@type\":\"SearchAction\",\"target\":{\"@type\":\"EntryPoint\",\"urlTemplate\":\"https:\\\/\\\/www.upjs.sk\\\/pracoviska\\\/ccvapp\\\/?s={search_term_string}\"},\"query-input\":{\"@type\":\"PropertyValueSpecification\",\"valueRequired\":true,\"valueName\":\"search_term_string\"}}],\"inLanguage\":\"sk-SK\"},{\"@type\":\"Organization\",\"@id\":\"https:\\\/\\\/www.upjs.sk\\\/pracoviska\\\/ccvapp\\\/#organization\",\"name\":\"Centrum celo\u017eivotn\u00e9ho vzdel\u00e1vania a podpory projektov | UPJ\u0160\",\"url\":\"https:\\\/\\\/www.upjs.sk\\\/pracoviska\\\/ccvapp\\\/\",\"logo\":{\"@type\":\"ImageObject\",\"inLanguage\":\"sk-SK\",\"@id\":\"https:\\\/\\\/www.upjs.sk\\\/pracoviska\\\/ccvapp\\\/#\\\/schema\\\/logo\\\/image\\\/\",\"url\":\"https:\\\/\\\/www.upjs.sk\\\/app\\\/uploads\\\/sites\\\/22\\\/2023\\\/01\\\/CCVaPP.svg\",\"contentUrl\":\"https:\\\/\\\/www.upjs.sk\\\/app\\\/uploads\\\/sites\\\/22\\\/2023\\\/01\\\/CCVaPP.svg\",\"width\":500,\"height\":138,\"caption\":\"Centrum celo\u017eivotn\u00e9ho vzdel\u00e1vania a podpory projektov | UPJ\u0160\"},\"image\":{\"@id\":\"https:\\\/\\\/www.upjs.sk\\\/pracoviska\\\/ccvapp\\\/#\\\/schema\\\/logo\\\/image\\\/\"}}]}<\/script>\n<!-- \/ Yoast SEO plugin. -->","yoast_head_json":{"title":"Verejn\u00e1 spr\u00e1va - Centrum celo\u017eivotn\u00e9ho vzdel\u00e1vania a podpory projektov | UPJ\u0160","robots":{"index":"index","follow":"follow","max-snippet":"max-snippet:-1","max-image-preview":"max-image-preview:large","max-video-preview":"max-video-preview:-1"},"canonical":"https:\/\/www.upjs.sk\/pracoviska\/ccvapp\/vzdelavacie-aktivity\/verejna-sprava\/","og_locale":"sk_SK","og_type":"article","og_title":"Verejn\u00e1 spr\u00e1va - Centrum celo\u017eivotn\u00e9ho vzdel\u00e1vania a podpory projektov | UPJ\u0160","og_description":"K najv\u00fdznamnej\u0161\u00edm komer\u010dn\u00fdm aktivit\u00e1m CCVaPP ako l\u00eddra v oblasti \u010fal\u0161ieho vzdel\u00e1vania patr\u00ed realiz\u00e1cia \u0161kolen\u00ed pre Ministerstvo financi\u00ed Slovenskej republiky pre oblas\u0165 verejn\u00fdch financi\u00ed. Vzdel\u00e1vacie aktivity s\u00fa ur\u010den\u00e9 pre: Aktu\u00e1lne sa realizuje vzdel\u00e1vanie zamestnancov \u0161t\u00e1tnej spr\u00e1vy na pou\u017e\u00edvanie Centr\u00e1lneho ekonomick\u00e9ho syst\u00e9mu. Ponuka vzdel\u00e1vac\u00edch aktiv\u00edt","og_url":"https:\/\/www.upjs.sk\/pracoviska\/ccvapp\/vzdelavacie-aktivity\/verejna-sprava\/","og_site_name":"Centrum celo\u017eivotn\u00e9ho vzdel\u00e1vania a podpory projektov | UPJ\u0160","article_modified_time":"2025-04-24T11:38:12+00:00","twitter_card":"summary_large_image","twitter_misc":{"Predpokladan\u00fd \u010das \u010d\u00edtania":"1 min\u00fata"},"schema":{"@context":"https:\/\/schema.org","@graph":[{"@type":"WebPage","@id":"https:\/\/www.upjs.sk\/pracoviska\/ccvapp\/vzdelavacie-aktivity\/verejna-sprava\/","url":"https:\/\/www.upjs.sk\/pracoviska\/ccvapp\/vzdelavacie-aktivity\/verejna-sprava\/","name":"Verejn\u00e1 spr\u00e1va - Centrum celo\u017eivotn\u00e9ho vzdel\u00e1vania a podpory projektov | UPJ\u0160","isPartOf":{"@id":"https:\/\/www.upjs.sk\/pracoviska\/ccvapp\/#website"},"datePublished":"2017-01-30T23:53:35+00:00","dateModified":"2025-04-24T11:38:12+00:00","breadcrumb":{"@id":"https:\/\/www.upjs.sk\/pracoviska\/ccvapp\/vzdelavacie-aktivity\/verejna-sprava\/#breadcrumb"},"inLanguage":"sk-SK","potentialAction":[{"@type":"ReadAction","target":["https:\/\/www.upjs.sk\/pracoviska\/ccvapp\/vzdelavacie-aktivity\/verejna-sprava\/"]}]},{"@type":"BreadcrumbList","@id":"https:\/\/www.upjs.sk\/pracoviska\/ccvapp\/vzdelavacie-aktivity\/verejna-sprava\/#breadcrumb","itemListElement":[{"@type":"ListItem","position":1,"name":"Home","item":"https:\/\/www.upjs.sk\/pracoviska\/ccvapp\/"},{"@type":"ListItem","position":2,"name":"Vzdel\u00e1vacie aktivity CCVaPP","item":"https:\/\/www.upjs.sk\/pracoviska\/ccvapp\/vzdelavacie-aktivity\/"},{"@type":"ListItem","position":3,"name":"Verejn\u00e1 spr\u00e1va"}]},{"@type":"WebSite","@id":"https:\/\/www.upjs.sk\/pracoviska\/ccvapp\/#website","url":"https:\/\/www.upjs.sk\/pracoviska\/ccvapp\/","name":"Centrum celo\u017eivotn\u00e9ho vzdel\u00e1vania a podpory projektov | UPJ\u0160","description":"","publisher":{"@id":"https:\/\/www.upjs.sk\/pracoviska\/ccvapp\/#organization"},"potentialAction":[{"@type":"SearchAction","target":{"@type":"EntryPoint","urlTemplate":"https:\/\/www.upjs.sk\/pracoviska\/ccvapp\/?s={search_term_string}"},"query-input":{"@type":"PropertyValueSpecification","valueRequired":true,"valueName":"search_term_string"}}],"inLanguage":"sk-SK"},{"@type":"Organization","@id":"https:\/\/www.upjs.sk\/pracoviska\/ccvapp\/#organization","name":"Centrum celo\u017eivotn\u00e9ho vzdel\u00e1vania a podpory projektov | UPJ\u0160","url":"https:\/\/www.upjs.sk\/pracoviska\/ccvapp\/","logo":{"@type":"ImageObject","inLanguage":"sk-SK","@id":"https:\/\/www.upjs.sk\/pracoviska\/ccvapp\/#\/schema\/logo\/image\/","url":"https:\/\/www.upjs.sk\/app\/uploads\/sites\/22\/2023\/01\/CCVaPP.svg","contentUrl":"https:\/\/www.upjs.sk\/app\/uploads\/sites\/22\/2023\/01\/CCVaPP.svg","width":500,"height":138,"caption":"Centrum celo\u017eivotn\u00e9ho vzdel\u00e1vania a podpory projektov | UPJ\u0160"},"image":{"@id":"https:\/\/www.upjs.sk\/pracoviska\/ccvapp\/#\/schema\/logo\/image\/"}}]}},"_links":{"self":[{"href":"https:\/\/www.upjs.sk\/pracoviska\/ccvapp\/wp-json\/wp\/v2\/pages\/13128","targetHints":{"allow":["GET"]}}],"collection":[{"href":"https:\/\/www.upjs.sk\/pracoviska\/ccvapp\/wp-json\/wp\/v2\/pages"}],"about":[{"href":"https:\/\/www.upjs.sk\/pracoviska\/ccvapp\/wp-json\/wp\/v2\/types\/page"}],"author":[{"embeddable":true,"href":"https:\/\/www.upjs.sk\/pracoviska\/ccvapp\/wp-json\/wp\/v2\/users\/30"}],"replies":[{"embeddable":true,"href":"https:\/\/www.upjs.sk\/pracoviska\/ccvapp\/wp-json\/wp\/v2\/comments?post=13128"}],"version-history":[{"count":12,"href":"https:\/\/www.upjs.sk\/pracoviska\/ccvapp\/wp-json\/wp\/v2\/pages\/13128\/revisions"}],"predecessor-version":[{"id":20737,"href":"https:\/\/www.upjs.sk\/pracoviska\/ccvapp\/wp-json\/wp\/v2\/pages\/13128\/revisions\/20737"}],"up":[{"embeddable":true,"href":"https:\/\/www.upjs.sk\/pracoviska\/ccvapp\/wp-json\/wp\/v2\/pages\/13109"}],"wp:attachment":[{"href":"https:\/\/www.upjs.sk\/pracoviska\/ccvapp\/wp-json\/wp\/v2\/media?parent=13128"}],"wp:term":[{"taxonomy":"category","embeddable":true,"href":"https:\/\/www.upjs.sk\/pracoviska\/ccvapp\/wp-json\/wp\/v2\/categories?post=13128"},{"taxonomy":"post_tag","embeddable":true,"href":"https:\/\/www.upjs.sk\/pracoviska\/ccvapp\/wp-json\/wp\/v2\/tags?post=13128"}],"curies":[{"name":"wp","href":"https:\/\/api.w.org\/{rel}","templated":true}]}}