{"id":13155,"date":"2021-02-18T10:35:01","date_gmt":"2022-09-18T18:27:09","guid":{"rendered":"https:\/\/www.upjs.sk\/pracoviska\/ccvapp\/root\/vzdelavacie-aktivity\/upjs\/seminar-doktorandi-2021\/"},"modified":"2024-08-08T10:36:24","modified_gmt":"2024-08-08T10:36:24","slug":"seminar-doktorandi-2021","status":"publish","type":"page","link":"https:\/\/www.upjs.sk\/pracoviska\/ccvapp\/vzdelavacie-aktivity\/upjs\/seminar-pre-doktorandov\/seminar-doktorandi-2021\/","title":{"rendered":"Semin\u00e1r pre doktorandov 2021"},"content":{"rendered":"<p style=\"text-align: center;\">Univerzita Pavla Jozefa \u0160af\u00e1rika v Ko\u0161iciach organizuje v d\u0148och 13. &#8211; 16. 9. 2021<\/p>\n<h3 style=\"text-align: center;\"><strong>Semin\u00e1r pre doktorandov UPJ\u0160<\/strong><\/h3>\n<p>Term\u00edn:\u00a0<strong>13. 9. 2021 (pondelok) \u2013 16. 9. 2021\u00a0(\u0161tvrtok)\u00a0<\/strong>(8:30 \u2013 14:30)<\/p>\n<p style=\"text-align: justify;\">Zameranie:\u00a0<strong>blokov\u00fd semin\u00e1r na b\u00e1ze predn\u00e1\u0161ok s uk\u00e1\u017ekami a cvi\u010den\u00ed, ur\u010den\u00fd predov\u0161etk\u00fdm pre doktorandov 1. ro\u010dn\u00edka na UPJ\u0160<\/strong><\/p>\n<p>Miesto: <strong>Are\u00e1l Rektor\u00e1tu UPJ\u0160, \u0160rob\u00e1rova 2, Ko\u0161ice<\/strong><\/p>\n<p>Miestnosti:<br \/>\n<strong>&#8211; posluch\u00e1re\u0148 RE0A6, vchod cez Are\u00e1l Rektor\u00e1tu UPJ\u0160, \u0160rob\u00e1rova 2, Ko\u0161ice<br \/>\n&#8211; po\u010d\u00edta\u010dov\u00e1 u\u010deb\u0148a R1\/R2, budova Rektor\u00e1tu UPJ\u0160, \u0160rob\u00e1rova 2, 2. poschodie<\/strong><\/p>\n<p>Po\u010det miest: <strong>limitovan\u00fd ve\u013ekos\u0165ou miestnosti resp. typom aktivity<\/strong><\/p>\n<p>Prihlasovanie sa pre z\u00e1ujemcov <strong>IBA cez<\/strong> <strong>AiS2 konto<\/strong>\u00a0(do\u00a012.9.2020 23:59):<\/p>\n<ul>\n<li><strong><a href=\"https:\/\/portal.ccvapp.upjs.sk\/activity\/seminar-doktorandi\" target=\"_blank\" rel=\"noopener\">https:\/\/portal.ccvapp.upjs.sk\/activity\/seminar-doktorandi<\/a><\/strong><\/li>\n<li>N\u00e1vod ako sa prihl\u00e1si\u0165 na aktivity (aktualizujeme)<\/li>\n<li>V pr\u00edpade, \u017ee sa\u00a0\u00fa\u010dastn\u00edk prihl\u00e1si pomocou elektronickej prihl\u00e1\u0161ky na konkr\u00e9tny blok (aktivitu), m\u00e1 garantovan\u00e9 miesto a \u00fa\u010das\u0165. Prihlasovanie sa na bloky bude spusten\u00e9 po finaliz\u00e1cii programu.<\/li>\n<\/ul>\n<p>Kontakt a \u010fal\u0161ie inform\u00e1cie: <strong>doktorandi@upjs.sk<\/strong><\/p>\n<p>\u010casov\u00fd rozpis vzdel\u00e1vac\u00edch blokov:<\/p>\n<table style=\"border-collapse: collapse; width: 100%;\" border=\"1\" cellspacing=\"0\" cellpadding=\"3\">\n<tbody>\n<tr>\n<td style=\"background-color: #f4eec2;\"><\/td>\n<td style=\"background-color: #f4eec2; text-align: center;\" colspan=\"2\" rowspan=\"1\"><strong>8:30 &#8211; <\/strong><strong>10:00<\/strong><\/td>\n<td style=\"background-color: #f4eec2; text-align: center;\"><strong>10:30 &#8211; 12:00<\/strong><\/td>\n<td style=\"background-color: #f4eec2; text-align: center;\"><strong>13:00 &#8211; 14:30<\/strong><\/td>\n<\/tr>\n<tr>\n<td style=\"background-color: #f4eec2; text-align: center;\"><strong>13.9.2021<\/strong><br \/>\n(pondelok)<\/td>\n<td style=\"text-align: center;\" colspan=\"2\" rowspan=\"1\"><strong>Publika\u010dn\u00e1 a edi\u010dn\u00e1 \u010dinnos\u0165 \u2013 vizitka \u00faspe\u0161n\u00e9ho pedag\u00f3ga i vedca<\/strong><br \/>\n(RE0A6)<\/td>\n<td style=\"text-align: center;\"><strong>blok z d\u00f4vodu preru\u0161enia dod\u00e1vky elektrickej energie zru\u0161en\u00fd<\/strong><\/td>\n<td style=\"text-align: center;\"><strong>Mo\u017enosti zapojenia sa do projektov r\u00e1mcov\u00fdch programov E\u00da<\/strong><br \/>\n(RE0A6)<\/td>\n<\/tr>\n<tr>\n<td style=\"background-color: #f4eec2; text-align: center;\"><strong>14.9.2020<\/strong><br \/>\n(utorok)<\/td>\n<td style=\"text-align: center;\" colspan=\"2\" rowspan=\"1\"><strong>Vyh\u013ead\u00e1vanie informa\u010dn\u00fdch zdrojov na internete<\/strong><br \/>\n(RE0A6)<\/td>\n<td style=\"text-align: center;\"><strong>Internacionaliz\u00e1cia a mobilitn\u00e9 programy univerzity (HRS4R, EU Univerzity, Erazmus mobility)<\/strong><br \/>\n(RE0A6)<\/td>\n<td style=\"text-align: center;\"><strong>Medzin\u00e1rodn\u00e9 certifik\u00e1ty ECDL + Pravidl\u00e1 p\u00edsania a \u00fapravy p\u00edsomnost\u00ed STN 01 6910<\/strong><br \/>\n(RE0A6)<\/td>\n<\/tr>\n<tr>\n<td style=\"background-color: #f4eec2; text-align: center;\"><strong>16.9.2020<\/strong><br \/>\n(\u0161tvrtok)<\/td>\n<td style=\"text-align: center;\" colspan=\"2\" rowspan=\"1\"><strong>\u00davod do psychol\u00f3gie pre vysoko\u0161kolsk\u00fdch u\u010dite\u013eov<\/strong><br \/>\n(RE0A6)<\/td>\n<td style=\"text-align: center;\"><strong>Soci\u00e1lnopr\u00e1vna ochrana doktorandov<\/strong><br \/>\n(RE0A6)<\/td>\n<td style=\"text-align: center;\"><strong>MS Teams \u2013 ako pou\u017e\u00edva\u0165 triedu a hlasovanie v r\u00f4znych platform\u00e1ch<\/strong><br \/>\n(RE0A6)<\/td>\n<\/tr>\n<\/tbody>\n<\/table>\n<p style=\"text-align: right;\">Zmena programu vyhraden\u00e1.<\/p>\n<p>T\u00e9my semin\u00e1ra (aktualizujeme):<\/p>\n<ul>\n<li><strong>Publika\u010dn\u00e1 a edi\u010dn\u00e1 \u010dinnos\u0165<\/strong> \u2013 vizitka \u00faspe\u0161n\u00e9ho pedag\u00f3ga i vedca &#8211; PhDr. Zuzana Babicov\u00e1, PhDr. Eva Medvi\u010fov\u00e1 (Univerzitn\u00e1 kni\u017enica UPJ\u0160)<\/li>\n<li><strong>Mo\u017enosti zapojenia sa do projektov r\u00e1mcov\u00fdch programov E\u00da<\/strong> &#8211; Ing. Ivan Pezlar (Centrum celo\u017eivotn\u00e9ho vzdel\u00e1vania a podpory projektov)<\/li>\n<li><strong>Vyh\u013ead\u00e1vanie informa\u010dn\u00fdch zdrojov na internete<\/strong> \u2013 Mgr. Andrea Morav\u010d\u00edkov\u00e1 (Univerzitn\u00e1 kni\u017enica UPJ\u0160\/Lek\u00e1rska fakulta)<\/li>\n<li><strong>Internacionaliz\u00e1cia a mobilitn\u00e9 programy univerzity (HRS4R, Eur\u00f3pske univerzity, Erasmus mobility a in\u00e9 aktivity univerzity)<\/strong> &#8211; doc. Ing. Silvia Ru\u010dinsk\u00e1, PhD., Mgr. M\u00e1ria Vasi\u013eov\u00e1 PhD. (Rektor\u00e1t UPJ\u0160)<\/li>\n<li><strong>Medzin\u00e1rodn\u00e9 certifik\u00e1ty ECDL\u00a0+ Pravidl\u00e1 p\u00edsania a \u00fapravy p\u00edsomnost\u00ed STN 01 6910<\/strong> &#8211; RNDr. Sl\u00e1vka Blichov\u00e1 (Centrum celo\u017eivotn\u00e9ho vzdel\u00e1vania a podpory projektov)<\/li>\n<li><strong>\u00davod do psychol\u00f3gie pre vysoko\u0161kolsk\u00fdch u\u010dite\u013eov<\/strong> &#8211; PhDr. Anna Janovsk\u00e1, PhD. (Filozofick\u00e1 fakulta)<\/li>\n<li><strong>Soci\u00e1lnopr\u00e1vna ochrana doktorandov<\/strong> &#8211; JUDr. Monika Min\u010di\u010dov\u00e1, PhD. (Pr\u00e1vnick\u00e1 fakulta)<\/li>\n<li><strong>MS Teams \u2013 ako pou\u017e\u00edva\u0165 triedu a hlasovanie v r\u00f4znych platform\u00e1ch<\/strong> &#8211; RNDr. Veronika Hube\u0148\u00e1kov\u00e1, PhD. (Pr\u00edrodovedeck\u00e1 fakulta)<\/li>\n<\/ul>\n<p>Predch\u00e1dzaj\u00face ro\u010dn\u00edky:<\/p>\n<ul>\n<li><strong><a href=\"https:\/\/www.upjs.sk\/pracoviska\/ccvapp\/vzdelavacie-aktivity\/upjs\/seminar-doktorandi-2020\/\" target=\"_blank\" rel=\"noopener\">2020<\/a>, <a href=\"https:\/\/www.upjs.sk\/pracoviska\/ccvapp\/vzdelavacie-aktivity\/upjs\/seminar-doktorandi-2019\/\" target=\"_blank\" rel=\"noopener\">2019<\/a>, <a href=\"https:\/\/www.upjs.sk\/pracoviska\/ccvapp\/vzdelavacie-aktivity\/upjs\/seminar-doktorandi-2018\/\" target=\"_blank\" rel=\"noopener\">2018<\/a>, <a href=\"https:\/\/www.upjs.sk\/pracoviska\/ccvapp\/vzdelavacie-aktivity\/seminar-pre-doktorandov-2017\/\" target=\"_blank\" rel=\"noopener\">2017<\/a>, <a href=\"https:\/\/www.upjs.sk\/pracoviska\/ccvapp\/vzdelavacie-aktivity\/seminar-pre-doktorandov\/\" target=\"_blank\" rel=\"noopener\">2016<\/a><\/strong><\/li>\n<\/ul>\n","protected":false},"excerpt":{"rendered":"<p>Univerzita Pavla Jozefa \u0160af\u00e1rika v Ko\u0161iciach organizuje v d\u0148och 13. &#8211; 16. 9. 2021 Semin\u00e1r pre doktorandov UPJ\u0160 Term\u00edn:\u00a013. 9. 2021 (pondelok) \u2013 16. 9. 2021\u00a0(\u0161tvrtok)\u00a0(8:30 \u2013 14:30) Zameranie:\u00a0blokov\u00fd semin\u00e1r na b\u00e1ze predn\u00e1\u0161ok s uk\u00e1\u017ekami a cvi\u010den\u00ed, ur\u010den\u00fd predov\u0161etk\u00fdm pre doktorandov 1. ro\u010dn\u00edka na UPJ\u0160 Miesto: Are\u00e1l Rektor\u00e1tu UPJ\u0160, \u0160rob\u00e1rova 2, Ko\u0161ice Miestnosti: &#8211; posluch\u00e1re\u0148 &hellip; <a href=\"https:\/\/www.upjs.sk\/pracoviska\/ccvapp\/vzdelavacie-aktivity\/upjs\/seminar-pre-doktorandov\/seminar-doktorandi-2021\/\">\u010c\u00edta\u0165 \u010falej<\/a><\/p>\n","protected":false},"author":30,"featured_media":15881,"parent":14374,"menu_order":3,"comment_status":"closed","ping_status":"closed","template":"","meta":{"_acf_changed":false,"_editorskit_title_hidden":false,"_editorskit_reading_time":1,"_editorskit_is_block_options_detached":false,"_editorskit_block_options_position":"{}","footnotes":""},"categories":[],"tags":[],"class_list":["post-13155","page","type-page","status-publish","has-post-thumbnail","hentry"],"acf":{"acf_link_na_externy_obsah":""},"yoast_head":"<!-- This site is optimized with the Yoast SEO plugin v27.2 - https:\/\/yoast.com\/product\/yoast-seo-wordpress\/ -->\n<title>Semin\u00e1r pre doktorandov 2021 - Centrum celo\u017eivotn\u00e9ho vzdel\u00e1vania a podpory projektov | UPJ\u0160<\/title>\n<meta name=\"robots\" content=\"index, follow, max-snippet:-1, max-image-preview:large, max-video-preview:-1\" \/>\n<link rel=\"canonical\" href=\"https:\/\/www.upjs.sk\/pracoviska\/ccvapp\/vzdelavacie-aktivity\/upjs\/seminar-pre-doktorandov\/seminar-doktorandi-2021\/\" \/>\n<meta property=\"og:locale\" content=\"sk_SK\" \/>\n<meta property=\"og:type\" content=\"article\" \/>\n<meta property=\"og:title\" content=\"Semin\u00e1r pre doktorandov 2021 - Centrum celo\u017eivotn\u00e9ho vzdel\u00e1vania a podpory projektov | UPJ\u0160\" \/>\n<meta property=\"og:description\" content=\"Univerzita Pavla Jozefa \u0160af\u00e1rika v Ko\u0161iciach organizuje v d\u0148och 13. &#8211; 16. 9. 2021 Semin\u00e1r pre doktorandov UPJ\u0160 Term\u00edn:\u00a013. 9. 2021 (pondelok) \u2013 16. 9. 2021\u00a0(\u0161tvrtok)\u00a0(8:30 \u2013 14:30) Zameranie:\u00a0blokov\u00fd semin\u00e1r na b\u00e1ze predn\u00e1\u0161ok s uk\u00e1\u017ekami a cvi\u010den\u00ed, ur\u010den\u00fd predov\u0161etk\u00fdm pre doktorandov 1. ro\u010dn\u00edka na UPJ\u0160 Miesto: Are\u00e1l Rektor\u00e1tu UPJ\u0160, \u0160rob\u00e1rova 2, Ko\u0161ice Miestnosti: &#8211; posluch\u00e1re\u0148 &hellip; \u010c\u00edta\u0165 \u010falej\" \/>\n<meta property=\"og:url\" content=\"https:\/\/www.upjs.sk\/pracoviska\/ccvapp\/vzdelavacie-aktivity\/upjs\/seminar-pre-doktorandov\/seminar-doktorandi-2021\/\" \/>\n<meta property=\"og:site_name\" content=\"Centrum celo\u017eivotn\u00e9ho vzdel\u00e1vania a podpory projektov | UPJ\u0160\" \/>\n<meta property=\"article:modified_time\" content=\"2024-08-08T10:36:24+00:00\" \/>\n<meta property=\"og:image\" content=\"https:\/\/www.upjs.sk\/app\/uploads\/sites\/22\/2023\/02\/sd2021_web.jpg\" \/>\n\t<meta property=\"og:image:width\" content=\"1357\" \/>\n\t<meta property=\"og:image:height\" content=\"1920\" \/>\n\t<meta property=\"og:image:type\" content=\"image\/jpeg\" \/>\n<meta name=\"twitter:card\" content=\"summary_large_image\" \/>\n<meta name=\"twitter:label1\" content=\"Predpokladan\u00fd \u010das \u010d\u00edtania\" \/>\n\t<meta name=\"twitter:data1\" content=\"3 min\u00faty\" \/>\n<script type=\"application\/ld+json\" class=\"yoast-schema-graph\">{\"@context\":\"https:\/\/schema.org\",\"@graph\":[{\"@type\":\"WebPage\",\"@id\":\"https:\/\/www.upjs.sk\/pracoviska\/ccvapp\/vzdelavacie-aktivity\/upjs\/seminar-pre-doktorandov\/seminar-doktorandi-2021\/\",\"url\":\"https:\/\/www.upjs.sk\/pracoviska\/ccvapp\/vzdelavacie-aktivity\/upjs\/seminar-pre-doktorandov\/seminar-doktorandi-2021\/\",\"name\":\"Semin\u00e1r pre doktorandov 2021 - Centrum celo\u017eivotn\u00e9ho vzdel\u00e1vania a podpory projektov | UPJ\u0160\",\"isPartOf\":{\"@id\":\"https:\/\/www.upjs.sk\/pracoviska\/ccvapp\/#website\"},\"primaryImageOfPage\":{\"@id\":\"https:\/\/www.upjs.sk\/pracoviska\/ccvapp\/vzdelavacie-aktivity\/upjs\/seminar-pre-doktorandov\/seminar-doktorandi-2021\/#primaryimage\"},\"image\":{\"@id\":\"https:\/\/www.upjs.sk\/pracoviska\/ccvapp\/vzdelavacie-aktivity\/upjs\/seminar-pre-doktorandov\/seminar-doktorandi-2021\/#primaryimage\"},\"thumbnailUrl\":\"https:\/\/www.upjs.sk\/app\/uploads\/sites\/22\/2023\/02\/sd2021_web.jpg\",\"datePublished\":\"2022-09-18T18:27:09+00:00\",\"dateModified\":\"2024-08-08T10:36:24+00:00\",\"breadcrumb\":{\"@id\":\"https:\/\/www.upjs.sk\/pracoviska\/ccvapp\/vzdelavacie-aktivity\/upjs\/seminar-pre-doktorandov\/seminar-doktorandi-2021\/#breadcrumb\"},\"inLanguage\":\"sk-SK\",\"potentialAction\":[{\"@type\":\"ReadAction\",\"target\":[\"https:\/\/www.upjs.sk\/pracoviska\/ccvapp\/vzdelavacie-aktivity\/upjs\/seminar-pre-doktorandov\/seminar-doktorandi-2021\/\"]}]},{\"@type\":\"ImageObject\",\"inLanguage\":\"sk-SK\",\"@id\":\"https:\/\/www.upjs.sk\/pracoviska\/ccvapp\/vzdelavacie-aktivity\/upjs\/seminar-pre-doktorandov\/seminar-doktorandi-2021\/#primaryimage\",\"url\":\"https:\/\/www.upjs.sk\/app\/uploads\/sites\/22\/2023\/02\/sd2021_web.jpg\",\"contentUrl\":\"https:\/\/www.upjs.sk\/app\/uploads\/sites\/22\/2023\/02\/sd2021_web.jpg\",\"width\":1357,\"height\":1920},{\"@type\":\"BreadcrumbList\",\"@id\":\"https:\/\/www.upjs.sk\/pracoviska\/ccvapp\/vzdelavacie-aktivity\/upjs\/seminar-pre-doktorandov\/seminar-doktorandi-2021\/#breadcrumb\",\"itemListElement\":[{\"@type\":\"ListItem\",\"position\":1,\"name\":\"Home\",\"item\":\"https:\/\/www.upjs.sk\/pracoviska\/ccvapp\/\"},{\"@type\":\"ListItem\",\"position\":2,\"name\":\"Vzdel\u00e1vacie aktivity CCVaPP\",\"item\":\"https:\/\/www.upjs.sk\/pracoviska\/ccvapp\/vzdelavacie-aktivity\/\"},{\"@type\":\"ListItem\",\"position\":3,\"name\":\"Zamestnanci a \u0161tudenti UPJ\u0160\",\"item\":\"https:\/\/www.upjs.sk\/pracoviska\/ccvapp\/vzdelavacie-aktivity\/upjs\/\"},{\"@type\":\"ListItem\",\"position\":4,\"name\":\"Semin\u00e1r pre doktorandov\",\"item\":\"https:\/\/www.upjs.sk\/pracoviska\/ccvapp\/vzdelavacie-aktivity\/upjs\/seminar-pre-doktorandov\/\"},{\"@type\":\"ListItem\",\"position\":5,\"name\":\"Semin\u00e1r pre doktorandov 2021\"}]},{\"@type\":\"WebSite\",\"@id\":\"https:\/\/www.upjs.sk\/pracoviska\/ccvapp\/#website\",\"url\":\"https:\/\/www.upjs.sk\/pracoviska\/ccvapp\/\",\"name\":\"Centrum celo\u017eivotn\u00e9ho vzdel\u00e1vania a podpory projektov | UPJ\u0160\",\"description\":\"\",\"publisher\":{\"@id\":\"https:\/\/www.upjs.sk\/pracoviska\/ccvapp\/#organization\"},\"potentialAction\":[{\"@type\":\"SearchAction\",\"target\":{\"@type\":\"EntryPoint\",\"urlTemplate\":\"https:\/\/www.upjs.sk\/pracoviska\/ccvapp\/?s={search_term_string}\"},\"query-input\":{\"@type\":\"PropertyValueSpecification\",\"valueRequired\":true,\"valueName\":\"search_term_string\"}}],\"inLanguage\":\"sk-SK\"},{\"@type\":\"Organization\",\"@id\":\"https:\/\/www.upjs.sk\/pracoviska\/ccvapp\/#organization\",\"name\":\"Centrum celo\u017eivotn\u00e9ho vzdel\u00e1vania a podpory projektov | UPJ\u0160\",\"url\":\"https:\/\/www.upjs.sk\/pracoviska\/ccvapp\/\",\"logo\":{\"@type\":\"ImageObject\",\"inLanguage\":\"sk-SK\",\"@id\":\"https:\/\/www.upjs.sk\/pracoviska\/ccvapp\/#\/schema\/logo\/image\/\",\"url\":\"https:\/\/www.upjs.sk\/app\/uploads\/sites\/22\/2023\/01\/CCVaPP.svg\",\"contentUrl\":\"https:\/\/www.upjs.sk\/app\/uploads\/sites\/22\/2023\/01\/CCVaPP.svg\",\"width\":500,\"height\":138,\"caption\":\"Centrum celo\u017eivotn\u00e9ho vzdel\u00e1vania a podpory projektov | UPJ\u0160\"},\"image\":{\"@id\":\"https:\/\/www.upjs.sk\/pracoviska\/ccvapp\/#\/schema\/logo\/image\/\"}}]}<\/script>\n<!-- \/ Yoast SEO plugin. -->","yoast_head_json":{"title":"Semin\u00e1r pre doktorandov 2021 - Centrum celo\u017eivotn\u00e9ho vzdel\u00e1vania a podpory projektov | UPJ\u0160","robots":{"index":"index","follow":"follow","max-snippet":"max-snippet:-1","max-image-preview":"max-image-preview:large","max-video-preview":"max-video-preview:-1"},"canonical":"https:\/\/www.upjs.sk\/pracoviska\/ccvapp\/vzdelavacie-aktivity\/upjs\/seminar-pre-doktorandov\/seminar-doktorandi-2021\/","og_locale":"sk_SK","og_type":"article","og_title":"Semin\u00e1r pre doktorandov 2021 - Centrum celo\u017eivotn\u00e9ho vzdel\u00e1vania a podpory projektov | UPJ\u0160","og_description":"Univerzita Pavla Jozefa \u0160af\u00e1rika v Ko\u0161iciach organizuje v d\u0148och 13. &#8211; 16. 9. 2021 Semin\u00e1r pre doktorandov UPJ\u0160 Term\u00edn:\u00a013. 9. 2021 (pondelok) \u2013 16. 9. 2021\u00a0(\u0161tvrtok)\u00a0(8:30 \u2013 14:30) Zameranie:\u00a0blokov\u00fd semin\u00e1r na b\u00e1ze predn\u00e1\u0161ok s uk\u00e1\u017ekami a cvi\u010den\u00ed, ur\u010den\u00fd predov\u0161etk\u00fdm pre doktorandov 1. ro\u010dn\u00edka na UPJ\u0160 Miesto: Are\u00e1l Rektor\u00e1tu UPJ\u0160, \u0160rob\u00e1rova 2, Ko\u0161ice Miestnosti: &#8211; posluch\u00e1re\u0148 &hellip; \u010c\u00edta\u0165 \u010falej","og_url":"https:\/\/www.upjs.sk\/pracoviska\/ccvapp\/vzdelavacie-aktivity\/upjs\/seminar-pre-doktorandov\/seminar-doktorandi-2021\/","og_site_name":"Centrum celo\u017eivotn\u00e9ho vzdel\u00e1vania a podpory projektov | UPJ\u0160","article_modified_time":"2024-08-08T10:36:24+00:00","og_image":[{"width":1357,"height":1920,"url":"https:\/\/www.upjs.sk\/app\/uploads\/sites\/22\/2023\/02\/sd2021_web.jpg","type":"image\/jpeg"}],"twitter_card":"summary_large_image","twitter_misc":{"Predpokladan\u00fd \u010das \u010d\u00edtania":"3 min\u00faty"},"schema":{"@context":"https:\/\/schema.org","@graph":[{"@type":"WebPage","@id":"https:\/\/www.upjs.sk\/pracoviska\/ccvapp\/vzdelavacie-aktivity\/upjs\/seminar-pre-doktorandov\/seminar-doktorandi-2021\/","url":"https:\/\/www.upjs.sk\/pracoviska\/ccvapp\/vzdelavacie-aktivity\/upjs\/seminar-pre-doktorandov\/seminar-doktorandi-2021\/","name":"Semin\u00e1r pre doktorandov 2021 - Centrum celo\u017eivotn\u00e9ho vzdel\u00e1vania a podpory projektov | UPJ\u0160","isPartOf":{"@id":"https:\/\/www.upjs.sk\/pracoviska\/ccvapp\/#website"},"primaryImageOfPage":{"@id":"https:\/\/www.upjs.sk\/pracoviska\/ccvapp\/vzdelavacie-aktivity\/upjs\/seminar-pre-doktorandov\/seminar-doktorandi-2021\/#primaryimage"},"image":{"@id":"https:\/\/www.upjs.sk\/pracoviska\/ccvapp\/vzdelavacie-aktivity\/upjs\/seminar-pre-doktorandov\/seminar-doktorandi-2021\/#primaryimage"},"thumbnailUrl":"https:\/\/www.upjs.sk\/app\/uploads\/sites\/22\/2023\/02\/sd2021_web.jpg","datePublished":"2022-09-18T18:27:09+00:00","dateModified":"2024-08-08T10:36:24+00:00","breadcrumb":{"@id":"https:\/\/www.upjs.sk\/pracoviska\/ccvapp\/vzdelavacie-aktivity\/upjs\/seminar-pre-doktorandov\/seminar-doktorandi-2021\/#breadcrumb"},"inLanguage":"sk-SK","potentialAction":[{"@type":"ReadAction","target":["https:\/\/www.upjs.sk\/pracoviska\/ccvapp\/vzdelavacie-aktivity\/upjs\/seminar-pre-doktorandov\/seminar-doktorandi-2021\/"]}]},{"@type":"ImageObject","inLanguage":"sk-SK","@id":"https:\/\/www.upjs.sk\/pracoviska\/ccvapp\/vzdelavacie-aktivity\/upjs\/seminar-pre-doktorandov\/seminar-doktorandi-2021\/#primaryimage","url":"https:\/\/www.upjs.sk\/app\/uploads\/sites\/22\/2023\/02\/sd2021_web.jpg","contentUrl":"https:\/\/www.upjs.sk\/app\/uploads\/sites\/22\/2023\/02\/sd2021_web.jpg","width":1357,"height":1920},{"@type":"BreadcrumbList","@id":"https:\/\/www.upjs.sk\/pracoviska\/ccvapp\/vzdelavacie-aktivity\/upjs\/seminar-pre-doktorandov\/seminar-doktorandi-2021\/#breadcrumb","itemListElement":[{"@type":"ListItem","position":1,"name":"Home","item":"https:\/\/www.upjs.sk\/pracoviska\/ccvapp\/"},{"@type":"ListItem","position":2,"name":"Vzdel\u00e1vacie aktivity CCVaPP","item":"https:\/\/www.upjs.sk\/pracoviska\/ccvapp\/vzdelavacie-aktivity\/"},{"@type":"ListItem","position":3,"name":"Zamestnanci a \u0161tudenti UPJ\u0160","item":"https:\/\/www.upjs.sk\/pracoviska\/ccvapp\/vzdelavacie-aktivity\/upjs\/"},{"@type":"ListItem","position":4,"name":"Semin\u00e1r pre doktorandov","item":"https:\/\/www.upjs.sk\/pracoviska\/ccvapp\/vzdelavacie-aktivity\/upjs\/seminar-pre-doktorandov\/"},{"@type":"ListItem","position":5,"name":"Semin\u00e1r pre doktorandov 2021"}]},{"@type":"WebSite","@id":"https:\/\/www.upjs.sk\/pracoviska\/ccvapp\/#website","url":"https:\/\/www.upjs.sk\/pracoviska\/ccvapp\/","name":"Centrum celo\u017eivotn\u00e9ho vzdel\u00e1vania a podpory projektov | UPJ\u0160","description":"","publisher":{"@id":"https:\/\/www.upjs.sk\/pracoviska\/ccvapp\/#organization"},"potentialAction":[{"@type":"SearchAction","target":{"@type":"EntryPoint","urlTemplate":"https:\/\/www.upjs.sk\/pracoviska\/ccvapp\/?s={search_term_string}"},"query-input":{"@type":"PropertyValueSpecification","valueRequired":true,"valueName":"search_term_string"}}],"inLanguage":"sk-SK"},{"@type":"Organization","@id":"https:\/\/www.upjs.sk\/pracoviska\/ccvapp\/#organization","name":"Centrum celo\u017eivotn\u00e9ho vzdel\u00e1vania a podpory projektov | UPJ\u0160","url":"https:\/\/www.upjs.sk\/pracoviska\/ccvapp\/","logo":{"@type":"ImageObject","inLanguage":"sk-SK","@id":"https:\/\/www.upjs.sk\/pracoviska\/ccvapp\/#\/schema\/logo\/image\/","url":"https:\/\/www.upjs.sk\/app\/uploads\/sites\/22\/2023\/01\/CCVaPP.svg","contentUrl":"https:\/\/www.upjs.sk\/app\/uploads\/sites\/22\/2023\/01\/CCVaPP.svg","width":500,"height":138,"caption":"Centrum celo\u017eivotn\u00e9ho vzdel\u00e1vania a podpory projektov | UPJ\u0160"},"image":{"@id":"https:\/\/www.upjs.sk\/pracoviska\/ccvapp\/#\/schema\/logo\/image\/"}}]}},"_links":{"self":[{"href":"https:\/\/www.upjs.sk\/pracoviska\/ccvapp\/wp-json\/wp\/v2\/pages\/13155","targetHints":{"allow":["GET"]}}],"collection":[{"href":"https:\/\/www.upjs.sk\/pracoviska\/ccvapp\/wp-json\/wp\/v2\/pages"}],"about":[{"href":"https:\/\/www.upjs.sk\/pracoviska\/ccvapp\/wp-json\/wp\/v2\/types\/page"}],"author":[{"embeddable":true,"href":"https:\/\/www.upjs.sk\/pracoviska\/ccvapp\/wp-json\/wp\/v2\/users\/30"}],"replies":[{"embeddable":true,"href":"https:\/\/www.upjs.sk\/pracoviska\/ccvapp\/wp-json\/wp\/v2\/comments?post=13155"}],"version-history":[{"count":5,"href":"https:\/\/www.upjs.sk\/pracoviska\/ccvapp\/wp-json\/wp\/v2\/pages\/13155\/revisions"}],"predecessor-version":[{"id":18644,"href":"https:\/\/www.upjs.sk\/pracoviska\/ccvapp\/wp-json\/wp\/v2\/pages\/13155\/revisions\/18644"}],"up":[{"embeddable":true,"href":"https:\/\/www.upjs.sk\/pracoviska\/ccvapp\/wp-json\/wp\/v2\/pages\/14374"}],"wp:featuredmedia":[{"embeddable":true,"href":"https:\/\/www.upjs.sk\/pracoviska\/ccvapp\/wp-json\/wp\/v2\/media\/15881"}],"wp:attachment":[{"href":"https:\/\/www.upjs.sk\/pracoviska\/ccvapp\/wp-json\/wp\/v2\/media?parent=13155"}],"wp:term":[{"taxonomy":"category","embeddable":true,"href":"https:\/\/www.upjs.sk\/pracoviska\/ccvapp\/wp-json\/wp\/v2\/categories?post=13155"},{"taxonomy":"post_tag","embeddable":true,"href":"https:\/\/www.upjs.sk\/pracoviska\/ccvapp\/wp-json\/wp\/v2\/tags?post=13155"}],"curies":[{"name":"wp","href":"https:\/\/api.w.org\/{rel}","templated":true}]}}