{"id":13158,"date":"2021-02-18T10:35:01","date_gmt":"2022-09-18T18:27:09","guid":{"rendered":"https:\/\/www.upjs.sk\/pracoviska\/ccvapp\/root\/vzdelavacie-aktivity\/upjs\/seminar-doktorandi-2019\/"},"modified":"2024-08-08T11:32:10","modified_gmt":"2024-08-08T11:32:10","slug":"seminar-doktorandi-2019","status":"publish","type":"page","link":"https:\/\/www.upjs.sk\/pracoviska\/ccvapp\/vzdelavacie-aktivity\/upjs\/seminar-pre-doktorandov\/seminar-doktorandi-2019\/","title":{"rendered":"Semin\u00e1r pre doktorandov 2019"},"content":{"rendered":"<p style=\"text-align: center;\">Univerzita Pavla Jozefa \u0160af\u00e1rika v Ko\u0161iciach organizuje v d\u0148och 10. &#8211; 12. 9. 2019<\/p>\n<h3 style=\"text-align: center;\"><strong>Semin\u00e1r pre doktorandov UPJ\u0160<\/strong><\/h3>\n<p>Term\u00edn:\u00a0<strong>10. 9. 2019\u00a0(utorok) \u2013 12. 9. 2019\u00a0(\u0161tvrtok)\u00a0<\/strong>(8:30 \u2013 14:30)<\/p>\n<p>Zameranie:\u00a0<strong>blokov\u00fd semin\u00e1r na b\u00e1ze predn\u00e1\u0161ok s uk\u00e1\u017ekami a cvi\u010den\u00ed, ur\u010den\u00fd predov\u0161etk\u00fdm pre doktorandov 1. ro\u010dn\u00edka na UPJ\u0160<\/strong><\/p>\n<p>Miesto:\u00a0<strong>Are\u00e1l Rektor\u00e1tu UPJ\u0160, \u0160rob\u00e1rova 2, Ko\u0161ice<\/strong><\/p>\n<p>Miestnosti:\u00a0<strong>R2\/HISTZAS\/ZASPF<\/strong> &#8211; budova\u00a0RA\u00a0(Rektor\u00e1t\u00a0UPJ\u0160),\u00a0<strong>RE0A6 <\/strong>&#8211; budova RE (vpravo od Rektor\u00e1tu UPJ\u0160)<\/p>\n<p>Po\u010det miest: <strong>limitovan\u00fd ve\u013ekos\u0165ou miestnosti resp. typom aktivity<\/strong><\/p>\n<p>Prihlasovanie sa pre z\u00e1ujemcov IBA cez <strong>AiS2 konto<\/strong>\u00a0(od 4.9.2019):<\/p>\n<ul>\n<li><strong><a href=\"https:\/\/portal.ccvapp.upjs.sk\/aktivita\/doktorandi\">https:\/\/portal.ccvapp.upjs.sk\/aktivita\/doktorandi<\/a><\/strong><\/li>\n<\/ul>\n<p>Kontakt a \u010fal\u0161ie inform\u00e1cie: <strong>doktorandi@upjs.sk<\/strong><\/p>\n<p>\u010casov\u00fd rozpis:<\/p>\n<table style=\"border-collapse: collapse; width: 100%;\" border=\"1\" cellspacing=\"0\" cellpadding=\"3\">\n<tbody>\n<tr>\n<td style=\"background-color: #f4eec2;\"><\/td>\n<td style=\"background-color: #f4eec2; text-align: center;\" colspan=\"2\" rowspan=\"1\"><strong>8:30 &#8211; <\/strong><strong>10:00<\/strong><\/td>\n<td style=\"background-color: #f4eec2; text-align: center;\"><strong>10:30 &#8211; 12:00<\/strong><\/td>\n<td style=\"background-color: #f4eec2; text-align: center;\"><strong>13:00 &#8211; 14:30<\/strong><\/td>\n<\/tr>\n<tr>\n<td style=\"background-color: #f4eec2; text-align: center;\"><strong>10.9.2019<\/strong><br \/>\n(utorok)<\/td>\n<td style=\"text-align: center;\" colspan=\"2\" rowspan=\"1\"><a href=\"https:\/\/portal.ccvapp.upjs.sk\/aktivita\/pedagogika-pre-vs\" target=\"_blank\" rel=\"noopener\"><strong style=\"text-align: center;\">Pedagogika pre vysoko\u0161kolsk\u00fdch u\u010dite\u013eov<\/strong><\/a><br style=\"text-align: center;\" \/><span style=\"text-align: center;\">(30 &#8211; <\/span><span style=\"text-align: -webkit-center;\">RE0A6<\/span><span style=\"text-align: center;\">)<\/span><a href=\"https:\/\/portal.ccvapp.upjs.sk\/aktivita\/publikacna-a-edicna-cinnost\" target=\"_blank\" rel=\"noopener\"><strong style=\"text-align: center;\">Publika\u010dn\u00e1 a edi\u010dn\u00e1 \u010dinnos\u0165 \u2013 vizitka \u00faspe\u0161n\u00e9ho pedag\u00f3ga i vedca<\/strong><\/a><br style=\"text-align: center;\" \/><span style=\"text-align: center;\">(40 &#8211; R2)<\/span><\/td>\n<td>\n<p style=\"text-align: center;\"><a href=\"https:\/\/portal.ccvapp.upjs.sk\/aktivita\/jazykova-kultura-vp\" target=\"_blank\" rel=\"noopener\"><strong style=\"text-align: center;\">Jazykov\u00e1 kult\u00fara verejn\u00fdch prejavov<\/strong><\/a><br style=\"text-align: center;\" \/><span style=\"text-align: center;\">(40 &#8211;\u00a0<\/span><span style=\"text-align: -webkit-center;\">RE0A6<\/span><span style=\"text-align: center;\">)<\/span><\/p>\n<p style=\"text-align: center;\"><a href=\"https:\/\/portal.ccvapp.upjs.sk\/aktivita\/nauc-sa-ucit\" target=\"_blank\" rel=\"noopener\"><strong style=\"text-align: center;\">Nau\u010d sa u\u010di\u0165 (..alebo praktick\u00e9 tipy a techniky pre zefekt\u00edvnenie u\u010denia seba a in\u00fdch)<\/strong><\/a><br style=\"text-align: center;\" \/><span style=\"text-align: center;\">(30 &#8211; R2)<\/span><\/p>\n<\/td>\n<td>\n<p align=\"center\"><a href=\"https:\/\/portal.ccvapp.upjs.sk\/aktivita\/socialnopravna-ochrana\" target=\"_blank\" rel=\"noopener\"><strong>Soci\u00e1lnopr\u00e1vna ochrana doktorandov<\/strong><\/a><br \/>\n(80 &#8211; RE0A6)<\/p>\n<\/td>\n<\/tr>\n<tr>\n<td style=\"background-color: #f4eec2; text-align: center;\"><strong>11.9.2019<\/strong><br \/>\n(streda)<\/td>\n<td style=\"text-align: center;\" colspan=\"2\" rowspan=\"1\"><a href=\"https:\/\/portal.ccvapp.upjs.sk\/aktivita\/jazykova-kultura-vp\" target=\"_blank\" rel=\"noopener\"><strong style=\"text-align: center;\">Jazykov\u00e1 kult\u00fara verejn\u00fdch prejavov<\/strong><\/a><br style=\"text-align: center;\" \/><span style=\"text-align: center;\">(40 &#8211; <\/span><span style=\"text-align: -webkit-center;\">RE0A6<\/span><span style=\"text-align: center;\">)<\/span><a href=\"https:\/\/portal.ccvapp.upjs.sk\/aktivita\/publikacna-a-edicna-cinnost\" target=\"_blank\" rel=\"noopener\"><strong style=\"text-align: center;\">Publika\u010dn\u00e1 a edi\u010dn\u00e1 \u010dinnos\u0165 \u2013 vizitka \u00faspe\u0161n\u00e9ho pedag\u00f3ga i vedca<\/strong><\/a><br style=\"text-align: center;\" \/><span style=\"text-align: center;\">(30 &#8211; R2)<\/span><\/td>\n<td style=\"text-align: center;\"><a href=\"https:\/\/portal.ccvapp.upjs.sk\/aktivita\/mobilitne-programy\" target=\"_blank\" rel=\"noopener\"><strong style=\"text-align: center;\">Mobilitn\u00e9 programy pre \u0161tudentov<\/strong><\/a><br \/>\n<span style=\"text-align: center;\">(80 &#8211; <\/span><span style=\"text-align: -webkit-center;\">RE0A6<\/span><span style=\"text-align: center;\">)<\/span><a href=\"https:\/\/portal.ccvapp.upjs.sk\/aktivita\/testovanie-zavislosti\" target=\"_blank\" rel=\"noopener\"><strong style=\"text-align: center;\">Testovanie z\u00e1vislosti kategori\u00e1lnych premenn\u00fdch<\/strong><\/a><br \/>\n<span style=\"text-align: center;\">(25\u00a0&#8211; R2)<\/span><\/p>\n<p><a href=\"https:\/\/portal.ccvapp.upjs.sk\/aktivita\/uvod-do-psychologie\" target=\"_blank\" rel=\"noopener\"><strong style=\"text-align: center;\">\u00davod do psychol\u00f3gie pre vysoko\u0161kolsk\u00fdch u\u010dite\u013eov<\/strong><\/a><br style=\"text-align: center;\" \/><span style=\"text-align: center;\">(20 &#8211; HIST<\/span><span style=\"text-align: -webkit-center;\">ZAS<\/span><span style=\"text-align: center;\">)<\/span><\/td>\n<td style=\"text-align: center;\"><a href=\"https:\/\/portal.ccvapp.upjs.sk\/aktivita\/administrativa-na-pfupjs\" target=\"_blank\" rel=\"noopener\"><strong style=\"text-align: center;\">Administrat\u00edva na PF UPJ\u0160<\/strong><\/a><br style=\"text-align: center;\" \/><span style=\"text-align: center;\">(40 &#8211; ZASPF)<\/span><a href=\"https:\/\/portal.ccvapp.upjs.sk\/aktivita\/vyhladavanie-informacnych-zdro\" target=\"_blank\" rel=\"noopener\"><strong style=\"text-align: center;\">Vyh\u013ead\u00e1vanie informa\u010dn\u00fdch zdrojov na internete<\/strong><\/a><br style=\"text-align: center;\" \/><span style=\"text-align: center;\">(40 &#8211; R2)<\/span><\/td>\n<\/tr>\n<tr>\n<td style=\"background-color: #f4eec2; text-align: center;\"><strong>12.9.2019<\/strong><br \/>\n(\u0161tvrtok)<\/td>\n<td style=\"text-align: center;\" colspan=\"2\" rowspan=\"1\"><a href=\"https:\/\/portal.ccvapp.upjs.sk\/aktivita\/uvod-do-inf-bezpecnosti\" target=\"_blank\" rel=\"noopener\"><strong>\u00davod do informa\u010dnej bezpe\u010dnosti<\/strong><\/a><br \/>\n(40 &#8211; R2)<\/td>\n<td style=\"text-align: center;\"><a href=\"https:\/\/portal.ccvapp.upjs.sk\/aktivita\/medzinarodne-certifikaty\" target=\"_blank\" rel=\"noopener\"><strong>Medzin\u00e1rodn\u00e9 certifik\u00e1ty<br \/>\nECDL a ECo-C<\/strong><\/a><br \/>\n(40<span style=\"text-align: center;\">\u00a0&#8211;\u00a0<\/span><span style=\"text-align: center;\">R2<\/span>)<\/td>\n<td style=\"text-align: center;\"><a href=\"https:\/\/portal.ccvapp.upjs.sk\/aktivita\/projekty-ramcovych-programov\" target=\"_blank\" rel=\"noopener\"><strong>Mo\u017enosti zapojenia sa do projektov r\u00e1mcov\u00fdch programov E\u00da<\/strong><\/a><br \/>\n(40<span style=\"text-align: center;\">\u00a0&#8211;\u00a0<\/span><span style=\"text-align: center;\">R2<\/span>)<\/td>\n<\/tr>\n<\/tbody>\n<\/table>\n<p style=\"text-align: right;\">Zmena programu vyhraden\u00e1.<\/p>\n<p>T\u00e9my semin\u00e1ra:<\/p>\n<ul>\n<li><strong>Pedagogika pre vysoko\u0161kolsk\u00fdch u\u010dite\u013eov<\/strong><br \/>\nMgr. Katar\u00edna Petr\u00edkov\u00e1, PhD.\u00a0(Filozofick\u00e1 fakulta)<\/li>\n<li><strong>Nau\u010d sa u\u010di\u0165 (..alebo praktick\u00e9 tipy a techniky pre zefekt\u00edvnenie u\u010denia seba a in\u00fdch)<\/strong><br \/>\nMgr. Zuzana Ko\u017e\u00e1rov\u00e1 (Univerzitn\u00e9 poradensk\u00e9 centrum\u00a0(UNIPOC))<\/li>\n<li><strong>Jazykov\u00e1 kult\u00fara verejn\u00fdch prejavov<\/strong><br \/>\nPhDr. Iveta B\u00f3nov\u00e1, PhD.\u00a0(Filozofick\u00e1 fakulta)<\/li>\n<li><strong>\u00davod do psychol\u00f3gie pre vysoko\u0161kolsk\u00fdch u\u010dite\u013eov<\/strong><br \/>\nMgr. Marta Dobrowolska Kulanov\u00e1 PhD. (Filozofick\u00e1 fakulta)<\/li>\n<li><strong>Soci\u00e1lnopr\u00e1vna ochrana doktorandov<\/strong><br \/>\nJUDr. Monika Seilerov\u00e1 PhD. (Pr\u00e1vnick\u00e1 fakulta)<\/li>\n<li><strong>Publika\u010dn\u00e1 a edi\u010dn\u00e1 \u010dinnos\u0165 \u2013 vizitka \u00faspe\u0161n\u00e9ho pedag\u00f3ga i vedca<\/strong><br \/>\nPhDr. Zuzana Babicov\u00e1, PhDr. Eva Medvi\u010fov\u00e1 (Univerzitn\u00e1 kni\u017enica UPJ\u0160)<\/li>\n<li><strong>Testovanie z\u00e1vislosti kategori\u00e1lnych premenn\u00fdch<\/strong><\/li>\n<li>RNDr. Martina Han\u010dov\u00e1, PhD.\u00a0(Pr\u00edrodovedeck\u00e1 fakulta)<\/li>\n<li><strong style=\"text-align: center;\">Mobilitn\u00e9 programy pre \u0161tudentov<\/strong><br \/>\ndoc. Ing. Silvia Ru\u010dinsk\u00e1, PhD.,\u00a0Mgr. M\u00e1ria Vasi\u013eov\u00e1 PhD.\u00a0(Rektor\u00e1t UPJ\u0160)<\/li>\n<li><strong>Administrat\u00edva na Pr\u00edrodovedeckej fakulte UPJ\u0160<\/strong><br \/>\n\u200bIng. Lenka Labancov\u00e1<\/li>\n<li><strong>Vyh\u013ead\u00e1vanie informa\u010dn\u00fdch zdrojov na internete<\/strong><br \/>\nIng. Eva Matu\u0161ovi\u010dov\u00e1\u00a0(Univerzitn\u00e1 kni\u017enica UPJ\u0160)<\/li>\n<li><strong>\u00davod do informa\u010dnej bezpe\u010dnosti<\/strong><br \/>\nRNDr. JUDr. Pavol Sokol, PhD. (Pr\u00edrodovedeck\u00e1 fakulta)<\/li>\n<li><strong>Medzin\u00e1rodn\u00e9 certifik\u00e1ty ECDL a ECo-C\u00a0<\/strong><br \/>\nRNDr. Sl\u00e1vka Blichov\u00e1 (Centrum celo\u017eivotn\u00e9ho vzdel\u00e1vania a podpory projektov)<\/li>\n<li><strong>Mo\u017enosti zapojenia sa do projektov r\u00e1mcov\u00fdch programov E\u00da<\/strong><br \/>\nIng. Ivan Pezlar (Centrum celo\u017eivotn\u00e9ho vzdel\u00e1vania a podpory projektov)<\/li>\n<\/ul>\n","protected":false},"excerpt":{"rendered":"<p>Univerzita Pavla Jozefa \u0160af\u00e1rika v Ko\u0161iciach organizuje v d\u0148och 10. &#8211; 12. 9. 2019 Semin\u00e1r pre doktorandov UPJ\u0160 Term\u00edn:\u00a010. 9. 2019\u00a0(utorok) \u2013 12. 9. 2019\u00a0(\u0161tvrtok)\u00a0(8:30 \u2013 14:30) Zameranie:\u00a0blokov\u00fd semin\u00e1r na b\u00e1ze predn\u00e1\u0161ok s uk\u00e1\u017ekami a cvi\u010den\u00ed, ur\u010den\u00fd predov\u0161etk\u00fdm pre doktorandov 1. ro\u010dn\u00edka na UPJ\u0160 Miesto:\u00a0Are\u00e1l Rektor\u00e1tu UPJ\u0160, \u0160rob\u00e1rova 2, Ko\u0161ice Miestnosti:\u00a0R2\/HISTZAS\/ZASPF &#8211; budova\u00a0RA\u00a0(Rektor\u00e1t\u00a0UPJ\u0160),\u00a0RE0A6 &#8211; budova &hellip; <a href=\"https:\/\/www.upjs.sk\/pracoviska\/ccvapp\/vzdelavacie-aktivity\/upjs\/seminar-pre-doktorandov\/seminar-doktorandi-2019\/\">\u010c\u00edta\u0165 \u010falej<\/a><\/p>\n","protected":false},"author":30,"featured_media":13159,"parent":14374,"menu_order":5,"comment_status":"closed","ping_status":"closed","template":"","meta":{"_acf_changed":false,"_editorskit_title_hidden":false,"_editorskit_reading_time":0,"_editorskit_is_block_options_detached":false,"_editorskit_block_options_position":"{}","footnotes":""},"categories":[],"tags":[],"class_list":["post-13158","page","type-page","status-publish","has-post-thumbnail","hentry"],"acf":{"acf_link_na_externy_obsah":""},"yoast_head":"<!-- This site is optimized with the Yoast SEO plugin v27.2 - https:\/\/yoast.com\/product\/yoast-seo-wordpress\/ -->\n<title>Semin\u00e1r pre doktorandov 2019 - Centrum celo\u017eivotn\u00e9ho vzdel\u00e1vania a podpory projektov | UPJ\u0160<\/title>\n<meta name=\"robots\" content=\"index, follow, max-snippet:-1, max-image-preview:large, max-video-preview:-1\" \/>\n<link rel=\"canonical\" href=\"https:\/\/www.upjs.sk\/pracoviska\/ccvapp\/vzdelavacie-aktivity\/upjs\/seminar-pre-doktorandov\/seminar-doktorandi-2019\/\" \/>\n<meta property=\"og:locale\" content=\"sk_SK\" \/>\n<meta property=\"og:type\" content=\"article\" \/>\n<meta property=\"og:title\" content=\"Semin\u00e1r pre doktorandov 2019 - Centrum celo\u017eivotn\u00e9ho vzdel\u00e1vania a podpory projektov | UPJ\u0160\" \/>\n<meta property=\"og:description\" content=\"Univerzita Pavla Jozefa \u0160af\u00e1rika v Ko\u0161iciach organizuje v d\u0148och 10. &#8211; 12. 9. 2019 Semin\u00e1r pre doktorandov UPJ\u0160 Term\u00edn:\u00a010. 9. 2019\u00a0(utorok) \u2013 12. 9. 2019\u00a0(\u0161tvrtok)\u00a0(8:30 \u2013 14:30) Zameranie:\u00a0blokov\u00fd semin\u00e1r na b\u00e1ze predn\u00e1\u0161ok s uk\u00e1\u017ekami a cvi\u010den\u00ed, ur\u010den\u00fd predov\u0161etk\u00fdm pre doktorandov 1. ro\u010dn\u00edka na UPJ\u0160 Miesto:\u00a0Are\u00e1l Rektor\u00e1tu UPJ\u0160, \u0160rob\u00e1rova 2, Ko\u0161ice Miestnosti:\u00a0R2\/HISTZAS\/ZASPF &#8211; budova\u00a0RA\u00a0(Rektor\u00e1t\u00a0UPJ\u0160),\u00a0RE0A6 &#8211; budova &hellip; \u010c\u00edta\u0165 \u010falej\" \/>\n<meta property=\"og:url\" content=\"https:\/\/www.upjs.sk\/pracoviska\/ccvapp\/vzdelavacie-aktivity\/upjs\/seminar-pre-doktorandov\/seminar-doktorandi-2019\/\" \/>\n<meta property=\"og:site_name\" content=\"Centrum celo\u017eivotn\u00e9ho vzdel\u00e1vania a podpory projektov | UPJ\u0160\" \/>\n<meta property=\"article:modified_time\" content=\"2024-08-08T11:32:10+00:00\" \/>\n<meta property=\"og:image\" content=\"https:\/\/www.upjs.sk\/app\/uploads\/sites\/22\/2022\/10\/seminar_doktorandov_2019_web.jpg\" \/>\n\t<meta property=\"og:image:width\" content=\"424\" \/>\n\t<meta property=\"og:image:height\" content=\"600\" \/>\n\t<meta property=\"og:image:type\" content=\"image\/jpeg\" \/>\n<meta name=\"twitter:card\" content=\"summary_large_image\" \/>\n<meta name=\"twitter:label1\" content=\"Predpokladan\u00fd \u010das \u010d\u00edtania\" \/>\n\t<meta name=\"twitter:data1\" content=\"3 min\u00faty\" \/>\n<script type=\"application\/ld+json\" class=\"yoast-schema-graph\">{\"@context\":\"https:\/\/schema.org\",\"@graph\":[{\"@type\":\"WebPage\",\"@id\":\"https:\/\/www.upjs.sk\/pracoviska\/ccvapp\/vzdelavacie-aktivity\/upjs\/seminar-pre-doktorandov\/seminar-doktorandi-2019\/\",\"url\":\"https:\/\/www.upjs.sk\/pracoviska\/ccvapp\/vzdelavacie-aktivity\/upjs\/seminar-pre-doktorandov\/seminar-doktorandi-2019\/\",\"name\":\"Semin\u00e1r pre doktorandov 2019 - Centrum celo\u017eivotn\u00e9ho vzdel\u00e1vania a podpory projektov | UPJ\u0160\",\"isPartOf\":{\"@id\":\"https:\/\/www.upjs.sk\/pracoviska\/ccvapp\/#website\"},\"primaryImageOfPage\":{\"@id\":\"https:\/\/www.upjs.sk\/pracoviska\/ccvapp\/vzdelavacie-aktivity\/upjs\/seminar-pre-doktorandov\/seminar-doktorandi-2019\/#primaryimage\"},\"image\":{\"@id\":\"https:\/\/www.upjs.sk\/pracoviska\/ccvapp\/vzdelavacie-aktivity\/upjs\/seminar-pre-doktorandov\/seminar-doktorandi-2019\/#primaryimage\"},\"thumbnailUrl\":\"https:\/\/www.upjs.sk\/app\/uploads\/sites\/22\/2022\/10\/seminar_doktorandov_2019_web.jpg\",\"datePublished\":\"2022-09-18T18:27:09+00:00\",\"dateModified\":\"2024-08-08T11:32:10+00:00\",\"breadcrumb\":{\"@id\":\"https:\/\/www.upjs.sk\/pracoviska\/ccvapp\/vzdelavacie-aktivity\/upjs\/seminar-pre-doktorandov\/seminar-doktorandi-2019\/#breadcrumb\"},\"inLanguage\":\"sk-SK\",\"potentialAction\":[{\"@type\":\"ReadAction\",\"target\":[\"https:\/\/www.upjs.sk\/pracoviska\/ccvapp\/vzdelavacie-aktivity\/upjs\/seminar-pre-doktorandov\/seminar-doktorandi-2019\/\"]}]},{\"@type\":\"ImageObject\",\"inLanguage\":\"sk-SK\",\"@id\":\"https:\/\/www.upjs.sk\/pracoviska\/ccvapp\/vzdelavacie-aktivity\/upjs\/seminar-pre-doktorandov\/seminar-doktorandi-2019\/#primaryimage\",\"url\":\"https:\/\/www.upjs.sk\/app\/uploads\/sites\/22\/2022\/10\/seminar_doktorandov_2019_web.jpg\",\"contentUrl\":\"https:\/\/www.upjs.sk\/app\/uploads\/sites\/22\/2022\/10\/seminar_doktorandov_2019_web.jpg\",\"width\":424,\"height\":600,\"caption\":\"seminar-doktorandi-2019\"},{\"@type\":\"BreadcrumbList\",\"@id\":\"https:\/\/www.upjs.sk\/pracoviska\/ccvapp\/vzdelavacie-aktivity\/upjs\/seminar-pre-doktorandov\/seminar-doktorandi-2019\/#breadcrumb\",\"itemListElement\":[{\"@type\":\"ListItem\",\"position\":1,\"name\":\"Home\",\"item\":\"https:\/\/www.upjs.sk\/pracoviska\/ccvapp\/\"},{\"@type\":\"ListItem\",\"position\":2,\"name\":\"Vzdel\u00e1vacie aktivity CCVaPP\",\"item\":\"https:\/\/www.upjs.sk\/pracoviska\/ccvapp\/vzdelavacie-aktivity\/\"},{\"@type\":\"ListItem\",\"position\":3,\"name\":\"Zamestnanci a \u0161tudenti UPJ\u0160\",\"item\":\"https:\/\/www.upjs.sk\/pracoviska\/ccvapp\/vzdelavacie-aktivity\/upjs\/\"},{\"@type\":\"ListItem\",\"position\":4,\"name\":\"Semin\u00e1r pre doktorandov\",\"item\":\"https:\/\/www.upjs.sk\/pracoviska\/ccvapp\/vzdelavacie-aktivity\/upjs\/seminar-pre-doktorandov\/\"},{\"@type\":\"ListItem\",\"position\":5,\"name\":\"Semin\u00e1r pre doktorandov 2019\"}]},{\"@type\":\"WebSite\",\"@id\":\"https:\/\/www.upjs.sk\/pracoviska\/ccvapp\/#website\",\"url\":\"https:\/\/www.upjs.sk\/pracoviska\/ccvapp\/\",\"name\":\"Centrum celo\u017eivotn\u00e9ho vzdel\u00e1vania a podpory projektov | UPJ\u0160\",\"description\":\"\",\"publisher\":{\"@id\":\"https:\/\/www.upjs.sk\/pracoviska\/ccvapp\/#organization\"},\"potentialAction\":[{\"@type\":\"SearchAction\",\"target\":{\"@type\":\"EntryPoint\",\"urlTemplate\":\"https:\/\/www.upjs.sk\/pracoviska\/ccvapp\/?s={search_term_string}\"},\"query-input\":{\"@type\":\"PropertyValueSpecification\",\"valueRequired\":true,\"valueName\":\"search_term_string\"}}],\"inLanguage\":\"sk-SK\"},{\"@type\":\"Organization\",\"@id\":\"https:\/\/www.upjs.sk\/pracoviska\/ccvapp\/#organization\",\"name\":\"Centrum celo\u017eivotn\u00e9ho vzdel\u00e1vania a podpory projektov | UPJ\u0160\",\"url\":\"https:\/\/www.upjs.sk\/pracoviska\/ccvapp\/\",\"logo\":{\"@type\":\"ImageObject\",\"inLanguage\":\"sk-SK\",\"@id\":\"https:\/\/www.upjs.sk\/pracoviska\/ccvapp\/#\/schema\/logo\/image\/\",\"url\":\"https:\/\/www.upjs.sk\/app\/uploads\/sites\/22\/2023\/01\/CCVaPP.svg\",\"contentUrl\":\"https:\/\/www.upjs.sk\/app\/uploads\/sites\/22\/2023\/01\/CCVaPP.svg\",\"width\":500,\"height\":138,\"caption\":\"Centrum celo\u017eivotn\u00e9ho vzdel\u00e1vania a podpory projektov | UPJ\u0160\"},\"image\":{\"@id\":\"https:\/\/www.upjs.sk\/pracoviska\/ccvapp\/#\/schema\/logo\/image\/\"}}]}<\/script>\n<!-- \/ Yoast SEO plugin. -->","yoast_head_json":{"title":"Semin\u00e1r pre doktorandov 2019 - Centrum celo\u017eivotn\u00e9ho vzdel\u00e1vania a podpory projektov | UPJ\u0160","robots":{"index":"index","follow":"follow","max-snippet":"max-snippet:-1","max-image-preview":"max-image-preview:large","max-video-preview":"max-video-preview:-1"},"canonical":"https:\/\/www.upjs.sk\/pracoviska\/ccvapp\/vzdelavacie-aktivity\/upjs\/seminar-pre-doktorandov\/seminar-doktorandi-2019\/","og_locale":"sk_SK","og_type":"article","og_title":"Semin\u00e1r pre doktorandov 2019 - Centrum celo\u017eivotn\u00e9ho vzdel\u00e1vania a podpory projektov | UPJ\u0160","og_description":"Univerzita Pavla Jozefa \u0160af\u00e1rika v Ko\u0161iciach organizuje v d\u0148och 10. &#8211; 12. 9. 2019 Semin\u00e1r pre doktorandov UPJ\u0160 Term\u00edn:\u00a010. 9. 2019\u00a0(utorok) \u2013 12. 9. 2019\u00a0(\u0161tvrtok)\u00a0(8:30 \u2013 14:30) Zameranie:\u00a0blokov\u00fd semin\u00e1r na b\u00e1ze predn\u00e1\u0161ok s uk\u00e1\u017ekami a cvi\u010den\u00ed, ur\u010den\u00fd predov\u0161etk\u00fdm pre doktorandov 1. ro\u010dn\u00edka na UPJ\u0160 Miesto:\u00a0Are\u00e1l Rektor\u00e1tu UPJ\u0160, \u0160rob\u00e1rova 2, Ko\u0161ice Miestnosti:\u00a0R2\/HISTZAS\/ZASPF &#8211; budova\u00a0RA\u00a0(Rektor\u00e1t\u00a0UPJ\u0160),\u00a0RE0A6 &#8211; budova &hellip; \u010c\u00edta\u0165 \u010falej","og_url":"https:\/\/www.upjs.sk\/pracoviska\/ccvapp\/vzdelavacie-aktivity\/upjs\/seminar-pre-doktorandov\/seminar-doktorandi-2019\/","og_site_name":"Centrum celo\u017eivotn\u00e9ho vzdel\u00e1vania a podpory projektov | UPJ\u0160","article_modified_time":"2024-08-08T11:32:10+00:00","og_image":[{"width":424,"height":600,"url":"https:\/\/www.upjs.sk\/app\/uploads\/sites\/22\/2022\/10\/seminar_doktorandov_2019_web.jpg","type":"image\/jpeg"}],"twitter_card":"summary_large_image","twitter_misc":{"Predpokladan\u00fd \u010das \u010d\u00edtania":"3 min\u00faty"},"schema":{"@context":"https:\/\/schema.org","@graph":[{"@type":"WebPage","@id":"https:\/\/www.upjs.sk\/pracoviska\/ccvapp\/vzdelavacie-aktivity\/upjs\/seminar-pre-doktorandov\/seminar-doktorandi-2019\/","url":"https:\/\/www.upjs.sk\/pracoviska\/ccvapp\/vzdelavacie-aktivity\/upjs\/seminar-pre-doktorandov\/seminar-doktorandi-2019\/","name":"Semin\u00e1r pre doktorandov 2019 - Centrum celo\u017eivotn\u00e9ho vzdel\u00e1vania a podpory projektov | UPJ\u0160","isPartOf":{"@id":"https:\/\/www.upjs.sk\/pracoviska\/ccvapp\/#website"},"primaryImageOfPage":{"@id":"https:\/\/www.upjs.sk\/pracoviska\/ccvapp\/vzdelavacie-aktivity\/upjs\/seminar-pre-doktorandov\/seminar-doktorandi-2019\/#primaryimage"},"image":{"@id":"https:\/\/www.upjs.sk\/pracoviska\/ccvapp\/vzdelavacie-aktivity\/upjs\/seminar-pre-doktorandov\/seminar-doktorandi-2019\/#primaryimage"},"thumbnailUrl":"https:\/\/www.upjs.sk\/app\/uploads\/sites\/22\/2022\/10\/seminar_doktorandov_2019_web.jpg","datePublished":"2022-09-18T18:27:09+00:00","dateModified":"2024-08-08T11:32:10+00:00","breadcrumb":{"@id":"https:\/\/www.upjs.sk\/pracoviska\/ccvapp\/vzdelavacie-aktivity\/upjs\/seminar-pre-doktorandov\/seminar-doktorandi-2019\/#breadcrumb"},"inLanguage":"sk-SK","potentialAction":[{"@type":"ReadAction","target":["https:\/\/www.upjs.sk\/pracoviska\/ccvapp\/vzdelavacie-aktivity\/upjs\/seminar-pre-doktorandov\/seminar-doktorandi-2019\/"]}]},{"@type":"ImageObject","inLanguage":"sk-SK","@id":"https:\/\/www.upjs.sk\/pracoviska\/ccvapp\/vzdelavacie-aktivity\/upjs\/seminar-pre-doktorandov\/seminar-doktorandi-2019\/#primaryimage","url":"https:\/\/www.upjs.sk\/app\/uploads\/sites\/22\/2022\/10\/seminar_doktorandov_2019_web.jpg","contentUrl":"https:\/\/www.upjs.sk\/app\/uploads\/sites\/22\/2022\/10\/seminar_doktorandov_2019_web.jpg","width":424,"height":600,"caption":"seminar-doktorandi-2019"},{"@type":"BreadcrumbList","@id":"https:\/\/www.upjs.sk\/pracoviska\/ccvapp\/vzdelavacie-aktivity\/upjs\/seminar-pre-doktorandov\/seminar-doktorandi-2019\/#breadcrumb","itemListElement":[{"@type":"ListItem","position":1,"name":"Home","item":"https:\/\/www.upjs.sk\/pracoviska\/ccvapp\/"},{"@type":"ListItem","position":2,"name":"Vzdel\u00e1vacie aktivity CCVaPP","item":"https:\/\/www.upjs.sk\/pracoviska\/ccvapp\/vzdelavacie-aktivity\/"},{"@type":"ListItem","position":3,"name":"Zamestnanci a \u0161tudenti UPJ\u0160","item":"https:\/\/www.upjs.sk\/pracoviska\/ccvapp\/vzdelavacie-aktivity\/upjs\/"},{"@type":"ListItem","position":4,"name":"Semin\u00e1r pre doktorandov","item":"https:\/\/www.upjs.sk\/pracoviska\/ccvapp\/vzdelavacie-aktivity\/upjs\/seminar-pre-doktorandov\/"},{"@type":"ListItem","position":5,"name":"Semin\u00e1r pre doktorandov 2019"}]},{"@type":"WebSite","@id":"https:\/\/www.upjs.sk\/pracoviska\/ccvapp\/#website","url":"https:\/\/www.upjs.sk\/pracoviska\/ccvapp\/","name":"Centrum celo\u017eivotn\u00e9ho vzdel\u00e1vania a podpory projektov | UPJ\u0160","description":"","publisher":{"@id":"https:\/\/www.upjs.sk\/pracoviska\/ccvapp\/#organization"},"potentialAction":[{"@type":"SearchAction","target":{"@type":"EntryPoint","urlTemplate":"https:\/\/www.upjs.sk\/pracoviska\/ccvapp\/?s={search_term_string}"},"query-input":{"@type":"PropertyValueSpecification","valueRequired":true,"valueName":"search_term_string"}}],"inLanguage":"sk-SK"},{"@type":"Organization","@id":"https:\/\/www.upjs.sk\/pracoviska\/ccvapp\/#organization","name":"Centrum celo\u017eivotn\u00e9ho vzdel\u00e1vania a podpory projektov | UPJ\u0160","url":"https:\/\/www.upjs.sk\/pracoviska\/ccvapp\/","logo":{"@type":"ImageObject","inLanguage":"sk-SK","@id":"https:\/\/www.upjs.sk\/pracoviska\/ccvapp\/#\/schema\/logo\/image\/","url":"https:\/\/www.upjs.sk\/app\/uploads\/sites\/22\/2023\/01\/CCVaPP.svg","contentUrl":"https:\/\/www.upjs.sk\/app\/uploads\/sites\/22\/2023\/01\/CCVaPP.svg","width":500,"height":138,"caption":"Centrum celo\u017eivotn\u00e9ho vzdel\u00e1vania a podpory projektov | UPJ\u0160"},"image":{"@id":"https:\/\/www.upjs.sk\/pracoviska\/ccvapp\/#\/schema\/logo\/image\/"}}]}},"_links":{"self":[{"href":"https:\/\/www.upjs.sk\/pracoviska\/ccvapp\/wp-json\/wp\/v2\/pages\/13158","targetHints":{"allow":["GET"]}}],"collection":[{"href":"https:\/\/www.upjs.sk\/pracoviska\/ccvapp\/wp-json\/wp\/v2\/pages"}],"about":[{"href":"https:\/\/www.upjs.sk\/pracoviska\/ccvapp\/wp-json\/wp\/v2\/types\/page"}],"author":[{"embeddable":true,"href":"https:\/\/www.upjs.sk\/pracoviska\/ccvapp\/wp-json\/wp\/v2\/users\/30"}],"replies":[{"embeddable":true,"href":"https:\/\/www.upjs.sk\/pracoviska\/ccvapp\/wp-json\/wp\/v2\/comments?post=13158"}],"version-history":[{"count":7,"href":"https:\/\/www.upjs.sk\/pracoviska\/ccvapp\/wp-json\/wp\/v2\/pages\/13158\/revisions"}],"predecessor-version":[{"id":18652,"href":"https:\/\/www.upjs.sk\/pracoviska\/ccvapp\/wp-json\/wp\/v2\/pages\/13158\/revisions\/18652"}],"up":[{"embeddable":true,"href":"https:\/\/www.upjs.sk\/pracoviska\/ccvapp\/wp-json\/wp\/v2\/pages\/14374"}],"wp:featuredmedia":[{"embeddable":true,"href":"https:\/\/www.upjs.sk\/pracoviska\/ccvapp\/wp-json\/wp\/v2\/media\/13159"}],"wp:attachment":[{"href":"https:\/\/www.upjs.sk\/pracoviska\/ccvapp\/wp-json\/wp\/v2\/media?parent=13158"}],"wp:term":[{"taxonomy":"category","embeddable":true,"href":"https:\/\/www.upjs.sk\/pracoviska\/ccvapp\/wp-json\/wp\/v2\/categories?post=13158"},{"taxonomy":"post_tag","embeddable":true,"href":"https:\/\/www.upjs.sk\/pracoviska\/ccvapp\/wp-json\/wp\/v2\/tags?post=13158"}],"curies":[{"name":"wp","href":"https:\/\/api.w.org\/{rel}","templated":true}]}}