{"id":13162,"date":"2021-02-18T10:35:01","date_gmt":"2022-05-11T09:56:45","guid":{"rendered":"https:\/\/www.upjs.sk\/pracoviska\/ccvapp\/root\/vzdelavacie-aktivity\/upjs\/seminar-doktorandi-2018\/"},"modified":"2024-08-08T10:52:04","modified_gmt":"2024-08-08T10:52:04","slug":"seminar-doktorandi-2018","status":"publish","type":"page","link":"https:\/\/www.upjs.sk\/pracoviska\/ccvapp\/vzdelavacie-aktivity\/upjs\/seminar-pre-doktorandov\/seminar-doktorandi-2018\/","title":{"rendered":"Semin\u00e1r pre doktorandov 2018"},"content":{"rendered":"<p style=\"text-align: center;\">Univerzita Pavla Jozefa \u0160af\u00e1rika v Ko\u0161iciach organizuje v d\u0148och 11. &#8211; 13. 9. 2018<br \/>\n<strong>Semin\u00e1r pre doktorandov 1. ro\u010dn\u00edka a za\u010d\u00ednaj\u00facich u\u010dite\u013eov na UPJ\u0160<\/strong><\/p>\n<p>Term\u00edn:\u00a0<strong>11. 9. 2018 (utorok) \u2013 13. 9. 2018 (\u0161tvrtok)\u00a0<\/strong>(8:30 \u2013 14:30)<\/p>\n<p>Miesto:\u00a0<strong>Budova Rektor\u00e1tu UPJ\u0160, \u0160rob\u00e1rova 2, 1+2. poschodie<\/strong><\/p>\n<p>Prihlasovanie sa pre z\u00e1ujemcov:<\/p>\n<ul>\n<li><strong><a href=\"https:\/\/portal.ccvapp.upjs.sk\/aktivita\/doktorandi\">https:\/\/portal.ccvapp.upjs.sk\/aktivita\/doktorandi<\/a><\/strong><\/li>\n<\/ul>\n<p>\u010casov\u00fd rozpis:<\/p>\n<table style=\"border-collapse: collapse; width: 650px;\" border=\"1\" cellspacing=\"0\" cellpadding=\"3\">\n<tbody>\n<tr>\n<td style=\"background-color: #f4eec2;\"><\/td>\n<td style=\"background-color: #f4eec2; text-align: center;\"><strong>8:30 &#8211; 9:15<\/strong><\/td>\n<td style=\"background-color: #f4eec2; text-align: center;\"><strong>9:30 &#8211; 10:15<\/strong><\/td>\n<td style=\"background-color: #f4eec2; text-align: center;\"><strong>10:30 &#8211; 12:00<\/strong><\/td>\n<td style=\"background-color: #f4eec2; text-align: center;\"><strong>13:00 &#8211; 14:30<\/strong><\/td>\n<\/tr>\n<tr>\n<td style=\"background-color: #f4eec2; text-align: center;\"><strong>11.9.2018<\/strong><br \/>\n(utorok)<\/td>\n<td style=\"text-align: center;\"><a href=\"https:\/\/portal.ccvapp.upjs.sk\/aktivita\/socialnopravna-ochrana\" target=\"_blank\" rel=\"noopener\">Soci\u00e1lnopr\u00e1vna ochrana doktorandov<\/a><br \/>\n40\/VZ<\/td>\n<td style=\"text-align: center;\"><a href=\"https:\/\/portal.ccvapp.upjs.sk\/aktivita\/doktorand-a-podnikanie\" target=\"_blank\" rel=\"noopener\">Doktorand a\u00a0podnikanie<\/a><br \/>\n<span style=\"text-align: center;\">40\/VZ<\/span><\/td>\n<td>\n<p style=\"text-align: center;\"><a href=\"https:\/\/portal.ccvapp.upjs.sk\/aktivita\/etika-vedeckej-prace\" target=\"_blank\" rel=\"noopener\">Etika vedeckej prace a publikovania<\/a><br \/>\n<span style=\"text-align: center;\">40\/VZ<\/span><\/p>\n<p style=\"text-align: center;\"><a href=\"https:\/\/portal.ccvapp.upjs.sk\/aktivita\/uvod-do-psychologie\" target=\"_blank\" rel=\"noopener\">\u00davod do psychol\u00f3gie pre vysoko\u0161kolsk\u00fdch u\u010dite\u013eov<\/a><br \/>\n<span style=\"text-align: center;\">20\/Z-PF-332<\/span><\/p>\n<\/td>\n<td>\n<p align=\"center\"><a href=\"https:\/\/portal.ccvapp.upjs.sk\/aktivita\/o-motivacii-studentov\" target=\"_blank\" rel=\"noopener\">O motiv\u00e1cii \u0161tudentov k\u00a0\u0161t\u00fadiu<\/a><br \/>\n<span style=\"text-align: center;\">40\/VZ<\/span><\/p>\n<\/td>\n<\/tr>\n<tr>\n<td style=\"background-color: #f4eec2; text-align: center;\"><strong>12.9.2018<\/strong><br \/>\n(streda)<\/td>\n<td style=\"text-align: center;\" colspan=\"2\" rowspan=\"1\"><a href=\"https:\/\/portal.ccvapp.upjs.sk\/aktivita\/publikacna-a-edicna-cinnost\" target=\"_blank\" rel=\"noopener\">Publika\u010dn\u00e1 a edi\u010dn\u00e1 \u010dinnos\u0165 \u2013 v\u00fdzva pre kvalitn\u00e9 vzdel\u00e1vanie a\u00a0v\u00fdskum<\/a><br \/>\n<span style=\"text-align: center;\">40\/R2<\/span><\/td>\n<td style=\"text-align: center;\"><a href=\"https:\/\/portal.ccvapp.upjs.sk\/aktivita\/testovanie-zavislosti\" target=\"_blank\" rel=\"noopener\">Testovanie z\u00e1vislosti kategori\u00e1lnych premenn\u00fdch<\/a><br \/>\n<span style=\"text-align: center;\">20\/R2<\/span><\/td>\n<td style=\"text-align: center;\"><a href=\"https:\/\/portal.ccvapp.upjs.sk\/aktivita\/nauc-sa-ucit\" target=\"_blank\" rel=\"noopener\">Nau\u010d sa u\u010di\u0165 (..alebo praktick\u00e9 tipy a\u00a0techniky pre zefekt\u00edvnenie u\u010denia seba a in\u00fdch)<\/a><br \/>\n20\/R2<\/td>\n<\/tr>\n<tr>\n<td style=\"background-color: #f4eec2; text-align: center;\"><strong>13.9.2018<\/strong><br \/>\n(\u0161tvrtok)<\/td>\n<td style=\"text-align: center;\" colspan=\"2\" rowspan=\"1\"><a href=\"https:\/\/portal.ccvapp.upjs.sk\/aktivita\/vyhladavanie-informacnych-zdro\" target=\"_blank\" rel=\"noopener\">Vyh\u013ead\u00e1vanie informa\u010dn\u00fdch zdrojov na internete<\/a><br \/>\n<span style=\"text-align: center;\">40\/R2<\/span><\/td>\n<td style=\"text-align: center;\"><a href=\"https:\/\/portal.ccvapp.upjs.sk\/aktivita\/diagnostika-vyuc-procesu\" target=\"_blank\" rel=\"noopener\">Diagnostika vyu\u010dovacieho procesu<\/a><br \/>\n<span style=\"text-align: center;\">30\/Z-PF-332<\/span><\/td>\n<td style=\"text-align: center;\"><a href=\"https:\/\/portal.ccvapp.upjs.sk\/aktivita\/interaktivne-metody-vo-vyucbe\" target=\"_blank\" rel=\"noopener\"><span style=\"text-align: center;\">Interakt\u00edvne met\u00f3dy vo v\u00fdu\u010dbe na univerzite<\/span><\/a><br style=\"text-align: center;\" \/><span style=\"text-align: center;\">20\/R2<\/span><\/td>\n<\/tr>\n<\/tbody>\n<\/table>\n<p>*Zmena programu vyhraden\u00e1.<\/p>\n<p>Skratky:<\/p>\n<p><strong>VZ<\/strong> &#8211; Ve\u013ek\u00e1 zasada\u010dka UPJ\u0160, Rektor\u00e1t (\u0160rob\u00e1rova 2), 1. poschodie<br \/>\n<span style=\"text-align: center;\"><strong>Z-PF-332<\/strong> &#8211; Zasada\u010dka Pr\u00edrodovedeckej fakulty,\u00a0<\/span>Rektor\u00e1t (\u0160rob\u00e1rova 2), 2. poschodie<br \/>\n<strong>R2<\/strong> &#8211; Miestnos\u0165 CCVaPP &#8211; R2,\u00a0Rektor\u00e1t (\u0160rob\u00e1rova 2), 2. poschodie<\/p>\n<p>Program:<\/p>\n<ul>\n<li><strong>Publika\u010dn\u00e1 a edi\u010dn\u00e1 \u010dinnos\u0165 \u2013 v\u00fdzva pre kvalitn\u00e9 vzdel\u00e1vanie a v\u00fdskum\u00a0<\/strong><br \/>\nPhDr. Zuzana Babicov\u00e1 (Univerzitn\u00e1 kni\u017enica)<\/li>\n<li><strong>Etika vedeckej prace a publikovania<\/strong><br \/>\nPhDr. ThDr. Mari\u00e1n Bedn\u00e1r, PhD. (Filozofick\u00e1 fakulta)<\/li>\n<li><strong>Testovanie z\u00e1vislosti kategori\u00e1lnych premenn\u00fdch<\/strong><br \/>\nRNDr. Martina Han\u010dov\u00e1, PhD. (Pr\u00edrodovedeck\u00e1 fakulta)<\/li>\n<li><strong>Interakt\u00edvne met\u00f3dy vo v\u00fdu\u010dbe na univerzite<\/strong><br \/>\ndoc. RNDr. Zuzana Je\u0161kov\u00e1, PhD. (Pr\u00edrodovedeck\u00e1 fakulta)<\/li>\n<li><strong>Diagnostika vyu\u010dovacieho procesu<\/strong><br \/>\ndoc. RNDr. Mari\u00e1n Kire\u0161, PhD. (Pr\u00edrodovedeck\u00e1 fakulta)<\/li>\n<li><strong>Nau\u010d sa u\u010di\u0165 (..alebo praktick\u00e9 tipy a techniky pre zefekt\u00edvnenie u\u010denia seba a in\u00fdch)<\/strong><br \/>\nMgr. Zuzana Ko\u017e\u00e1rov\u00e1 (UNIPOC)<\/li>\n<li><strong>\u00davod do psychol\u00f3gie pre vysoko\u0161kolsk\u00fdch u\u010dite\u013eov<\/strong><br \/>\nMgr. Marta Kulanov\u00e1, PhD. (Filozofick\u00e1 fakulta)<\/li>\n<li><strong>O motiv\u00e1cii \u0161tudentov k \u0161t\u00fadiu<\/strong><br \/>\nprof. Mgr. Andrea Madarasov\u00e1 Geckov\u00e1, PhD. (Lek\u00e1rska fakulta)<\/li>\n<li><strong>Vyh\u013ead\u00e1vanie informa\u010dn\u00fdch zdrojov na internete<\/strong><br \/>\nIng. Eva Matu\u0161ovi\u010dov\u00e1 (Univerzitn\u00e1 kni\u017enica)<\/li>\n<li><strong>Doktorand a podnikanie<\/strong><br \/>\nJUDr. \u017dofia Mr\u00e1zov\u00e1, PhD., MCL (Pr\u00e1vnick\u00e1 fakulta)<\/li>\n<li><strong>Soci\u00e1lnopr\u00e1vna ochrana doktorandov<\/strong><br \/>\nJUDr. Monika Seilerov\u00e1, PhD. (Pr\u00e1vnick\u00e1 fakulta)<\/li>\n<\/ul>\n","protected":false},"excerpt":{"rendered":"<p>Univerzita Pavla Jozefa \u0160af\u00e1rika v Ko\u0161iciach organizuje v d\u0148och 11. &#8211; 13. 9. 2018 Semin\u00e1r pre doktorandov 1. ro\u010dn\u00edka a za\u010d\u00ednaj\u00facich u\u010dite\u013eov na UPJ\u0160 Term\u00edn:\u00a011. 9. 2018 (utorok) \u2013 13. 9. 2018 (\u0161tvrtok)\u00a0(8:30 \u2013 14:30) Miesto:\u00a0Budova Rektor\u00e1tu UPJ\u0160, \u0160rob\u00e1rova 2, 1+2. poschodie Prihlasovanie sa pre z\u00e1ujemcov: https:\/\/portal.ccvapp.upjs.sk\/aktivita\/doktorandi \u010casov\u00fd rozpis: 8:30 &#8211; 9:15 9:30 &#8211; 10:15 &hellip; <a href=\"https:\/\/www.upjs.sk\/pracoviska\/ccvapp\/vzdelavacie-aktivity\/upjs\/seminar-pre-doktorandov\/seminar-doktorandi-2018\/\">\u010c\u00edta\u0165 \u010falej<\/a><\/p>\n","protected":false},"author":30,"featured_media":15868,"parent":14374,"menu_order":6,"comment_status":"closed","ping_status":"closed","template":"","meta":{"_acf_changed":false,"_editorskit_title_hidden":false,"_editorskit_reading_time":0,"_editorskit_is_block_options_detached":false,"_editorskit_block_options_position":"{}","footnotes":""},"categories":[],"tags":[],"class_list":["post-13162","page","type-page","status-publish","has-post-thumbnail","hentry"],"acf":{"acf_link_na_externy_obsah":""},"yoast_head":"<!-- This site is optimized with the Yoast SEO plugin v27.2 - https:\/\/yoast.com\/product\/yoast-seo-wordpress\/ -->\n<title>Semin\u00e1r pre doktorandov 2018 - Centrum celo\u017eivotn\u00e9ho vzdel\u00e1vania a podpory projektov | UPJ\u0160<\/title>\n<meta name=\"robots\" content=\"index, follow, max-snippet:-1, max-image-preview:large, max-video-preview:-1\" \/>\n<link rel=\"canonical\" href=\"https:\/\/www.upjs.sk\/pracoviska\/ccvapp\/vzdelavacie-aktivity\/upjs\/seminar-pre-doktorandov\/seminar-doktorandi-2018\/\" \/>\n<meta property=\"og:locale\" content=\"sk_SK\" \/>\n<meta property=\"og:type\" content=\"article\" \/>\n<meta property=\"og:title\" content=\"Semin\u00e1r pre doktorandov 2018 - Centrum celo\u017eivotn\u00e9ho vzdel\u00e1vania a podpory projektov | UPJ\u0160\" \/>\n<meta property=\"og:description\" content=\"Univerzita Pavla Jozefa \u0160af\u00e1rika v Ko\u0161iciach organizuje v d\u0148och 11. &#8211; 13. 9. 2018 Semin\u00e1r pre doktorandov 1. ro\u010dn\u00edka a za\u010d\u00ednaj\u00facich u\u010dite\u013eov na UPJ\u0160 Term\u00edn:\u00a011. 9. 2018 (utorok) \u2013 13. 9. 2018 (\u0161tvrtok)\u00a0(8:30 \u2013 14:30) Miesto:\u00a0Budova Rektor\u00e1tu UPJ\u0160, \u0160rob\u00e1rova 2, 1+2. poschodie Prihlasovanie sa pre z\u00e1ujemcov: https:\/\/portal.ccvapp.upjs.sk\/aktivita\/doktorandi \u010casov\u00fd rozpis: 8:30 &#8211; 9:15 9:30 &#8211; 10:15 &hellip; \u010c\u00edta\u0165 \u010falej\" \/>\n<meta property=\"og:url\" content=\"https:\/\/www.upjs.sk\/pracoviska\/ccvapp\/vzdelavacie-aktivity\/upjs\/seminar-pre-doktorandov\/seminar-doktorandi-2018\/\" \/>\n<meta property=\"og:site_name\" content=\"Centrum celo\u017eivotn\u00e9ho vzdel\u00e1vania a podpory projektov | UPJ\u0160\" \/>\n<meta property=\"article:modified_time\" content=\"2024-08-08T10:52:04+00:00\" \/>\n<meta property=\"og:image\" content=\"https:\/\/www.upjs.sk\/app\/uploads\/sites\/22\/2023\/02\/dok_seminar2018_web.jpg\" \/>\n\t<meta property=\"og:image:width\" content=\"700\" \/>\n\t<meta property=\"og:image:height\" content=\"990\" \/>\n\t<meta property=\"og:image:type\" content=\"image\/jpeg\" \/>\n<meta name=\"twitter:card\" content=\"summary_large_image\" \/>\n<meta name=\"twitter:label1\" content=\"Predpokladan\u00fd \u010das \u010d\u00edtania\" \/>\n\t<meta name=\"twitter:data1\" content=\"2 min\u00faty\" \/>\n<script type=\"application\/ld+json\" class=\"yoast-schema-graph\">{\"@context\":\"https:\/\/schema.org\",\"@graph\":[{\"@type\":\"WebPage\",\"@id\":\"https:\/\/www.upjs.sk\/pracoviska\/ccvapp\/vzdelavacie-aktivity\/upjs\/seminar-pre-doktorandov\/seminar-doktorandi-2018\/\",\"url\":\"https:\/\/www.upjs.sk\/pracoviska\/ccvapp\/vzdelavacie-aktivity\/upjs\/seminar-pre-doktorandov\/seminar-doktorandi-2018\/\",\"name\":\"Semin\u00e1r pre doktorandov 2018 - Centrum celo\u017eivotn\u00e9ho vzdel\u00e1vania a podpory projektov | UPJ\u0160\",\"isPartOf\":{\"@id\":\"https:\/\/www.upjs.sk\/pracoviska\/ccvapp\/#website\"},\"primaryImageOfPage\":{\"@id\":\"https:\/\/www.upjs.sk\/pracoviska\/ccvapp\/vzdelavacie-aktivity\/upjs\/seminar-pre-doktorandov\/seminar-doktorandi-2018\/#primaryimage\"},\"image\":{\"@id\":\"https:\/\/www.upjs.sk\/pracoviska\/ccvapp\/vzdelavacie-aktivity\/upjs\/seminar-pre-doktorandov\/seminar-doktorandi-2018\/#primaryimage\"},\"thumbnailUrl\":\"https:\/\/www.upjs.sk\/app\/uploads\/sites\/22\/2023\/02\/dok_seminar2018_web.jpg\",\"datePublished\":\"2022-05-11T09:56:45+00:00\",\"dateModified\":\"2024-08-08T10:52:04+00:00\",\"breadcrumb\":{\"@id\":\"https:\/\/www.upjs.sk\/pracoviska\/ccvapp\/vzdelavacie-aktivity\/upjs\/seminar-pre-doktorandov\/seminar-doktorandi-2018\/#breadcrumb\"},\"inLanguage\":\"sk-SK\",\"potentialAction\":[{\"@type\":\"ReadAction\",\"target\":[\"https:\/\/www.upjs.sk\/pracoviska\/ccvapp\/vzdelavacie-aktivity\/upjs\/seminar-pre-doktorandov\/seminar-doktorandi-2018\/\"]}]},{\"@type\":\"ImageObject\",\"inLanguage\":\"sk-SK\",\"@id\":\"https:\/\/www.upjs.sk\/pracoviska\/ccvapp\/vzdelavacie-aktivity\/upjs\/seminar-pre-doktorandov\/seminar-doktorandi-2018\/#primaryimage\",\"url\":\"https:\/\/www.upjs.sk\/app\/uploads\/sites\/22\/2023\/02\/dok_seminar2018_web.jpg\",\"contentUrl\":\"https:\/\/www.upjs.sk\/app\/uploads\/sites\/22\/2023\/02\/dok_seminar2018_web.jpg\",\"width\":700,\"height\":990},{\"@type\":\"BreadcrumbList\",\"@id\":\"https:\/\/www.upjs.sk\/pracoviska\/ccvapp\/vzdelavacie-aktivity\/upjs\/seminar-pre-doktorandov\/seminar-doktorandi-2018\/#breadcrumb\",\"itemListElement\":[{\"@type\":\"ListItem\",\"position\":1,\"name\":\"Home\",\"item\":\"https:\/\/www.upjs.sk\/pracoviska\/ccvapp\/\"},{\"@type\":\"ListItem\",\"position\":2,\"name\":\"Vzdel\u00e1vacie aktivity CCVaPP\",\"item\":\"https:\/\/www.upjs.sk\/pracoviska\/ccvapp\/vzdelavacie-aktivity\/\"},{\"@type\":\"ListItem\",\"position\":3,\"name\":\"Zamestnanci a \u0161tudenti UPJ\u0160\",\"item\":\"https:\/\/www.upjs.sk\/pracoviska\/ccvapp\/vzdelavacie-aktivity\/upjs\/\"},{\"@type\":\"ListItem\",\"position\":4,\"name\":\"Semin\u00e1r pre doktorandov\",\"item\":\"https:\/\/www.upjs.sk\/pracoviska\/ccvapp\/vzdelavacie-aktivity\/upjs\/seminar-pre-doktorandov\/\"},{\"@type\":\"ListItem\",\"position\":5,\"name\":\"Semin\u00e1r pre doktorandov 2018\"}]},{\"@type\":\"WebSite\",\"@id\":\"https:\/\/www.upjs.sk\/pracoviska\/ccvapp\/#website\",\"url\":\"https:\/\/www.upjs.sk\/pracoviska\/ccvapp\/\",\"name\":\"Centrum celo\u017eivotn\u00e9ho vzdel\u00e1vania a podpory projektov | UPJ\u0160\",\"description\":\"\",\"publisher\":{\"@id\":\"https:\/\/www.upjs.sk\/pracoviska\/ccvapp\/#organization\"},\"potentialAction\":[{\"@type\":\"SearchAction\",\"target\":{\"@type\":\"EntryPoint\",\"urlTemplate\":\"https:\/\/www.upjs.sk\/pracoviska\/ccvapp\/?s={search_term_string}\"},\"query-input\":{\"@type\":\"PropertyValueSpecification\",\"valueRequired\":true,\"valueName\":\"search_term_string\"}}],\"inLanguage\":\"sk-SK\"},{\"@type\":\"Organization\",\"@id\":\"https:\/\/www.upjs.sk\/pracoviska\/ccvapp\/#organization\",\"name\":\"Centrum celo\u017eivotn\u00e9ho vzdel\u00e1vania a podpory projektov | UPJ\u0160\",\"url\":\"https:\/\/www.upjs.sk\/pracoviska\/ccvapp\/\",\"logo\":{\"@type\":\"ImageObject\",\"inLanguage\":\"sk-SK\",\"@id\":\"https:\/\/www.upjs.sk\/pracoviska\/ccvapp\/#\/schema\/logo\/image\/\",\"url\":\"https:\/\/www.upjs.sk\/app\/uploads\/sites\/22\/2023\/01\/CCVaPP.svg\",\"contentUrl\":\"https:\/\/www.upjs.sk\/app\/uploads\/sites\/22\/2023\/01\/CCVaPP.svg\",\"width\":500,\"height\":138,\"caption\":\"Centrum celo\u017eivotn\u00e9ho vzdel\u00e1vania a podpory projektov | UPJ\u0160\"},\"image\":{\"@id\":\"https:\/\/www.upjs.sk\/pracoviska\/ccvapp\/#\/schema\/logo\/image\/\"}}]}<\/script>\n<!-- \/ Yoast SEO plugin. -->","yoast_head_json":{"title":"Semin\u00e1r pre doktorandov 2018 - Centrum celo\u017eivotn\u00e9ho vzdel\u00e1vania a podpory projektov | UPJ\u0160","robots":{"index":"index","follow":"follow","max-snippet":"max-snippet:-1","max-image-preview":"max-image-preview:large","max-video-preview":"max-video-preview:-1"},"canonical":"https:\/\/www.upjs.sk\/pracoviska\/ccvapp\/vzdelavacie-aktivity\/upjs\/seminar-pre-doktorandov\/seminar-doktorandi-2018\/","og_locale":"sk_SK","og_type":"article","og_title":"Semin\u00e1r pre doktorandov 2018 - Centrum celo\u017eivotn\u00e9ho vzdel\u00e1vania a podpory projektov | UPJ\u0160","og_description":"Univerzita Pavla Jozefa \u0160af\u00e1rika v Ko\u0161iciach organizuje v d\u0148och 11. &#8211; 13. 9. 2018 Semin\u00e1r pre doktorandov 1. ro\u010dn\u00edka a za\u010d\u00ednaj\u00facich u\u010dite\u013eov na UPJ\u0160 Term\u00edn:\u00a011. 9. 2018 (utorok) \u2013 13. 9. 2018 (\u0161tvrtok)\u00a0(8:30 \u2013 14:30) Miesto:\u00a0Budova Rektor\u00e1tu UPJ\u0160, \u0160rob\u00e1rova 2, 1+2. poschodie Prihlasovanie sa pre z\u00e1ujemcov: https:\/\/portal.ccvapp.upjs.sk\/aktivita\/doktorandi \u010casov\u00fd rozpis: 8:30 &#8211; 9:15 9:30 &#8211; 10:15 &hellip; \u010c\u00edta\u0165 \u010falej","og_url":"https:\/\/www.upjs.sk\/pracoviska\/ccvapp\/vzdelavacie-aktivity\/upjs\/seminar-pre-doktorandov\/seminar-doktorandi-2018\/","og_site_name":"Centrum celo\u017eivotn\u00e9ho vzdel\u00e1vania a podpory projektov | UPJ\u0160","article_modified_time":"2024-08-08T10:52:04+00:00","og_image":[{"width":700,"height":990,"url":"https:\/\/www.upjs.sk\/app\/uploads\/sites\/22\/2023\/02\/dok_seminar2018_web.jpg","type":"image\/jpeg"}],"twitter_card":"summary_large_image","twitter_misc":{"Predpokladan\u00fd \u010das \u010d\u00edtania":"2 min\u00faty"},"schema":{"@context":"https:\/\/schema.org","@graph":[{"@type":"WebPage","@id":"https:\/\/www.upjs.sk\/pracoviska\/ccvapp\/vzdelavacie-aktivity\/upjs\/seminar-pre-doktorandov\/seminar-doktorandi-2018\/","url":"https:\/\/www.upjs.sk\/pracoviska\/ccvapp\/vzdelavacie-aktivity\/upjs\/seminar-pre-doktorandov\/seminar-doktorandi-2018\/","name":"Semin\u00e1r pre doktorandov 2018 - Centrum celo\u017eivotn\u00e9ho vzdel\u00e1vania a podpory projektov | UPJ\u0160","isPartOf":{"@id":"https:\/\/www.upjs.sk\/pracoviska\/ccvapp\/#website"},"primaryImageOfPage":{"@id":"https:\/\/www.upjs.sk\/pracoviska\/ccvapp\/vzdelavacie-aktivity\/upjs\/seminar-pre-doktorandov\/seminar-doktorandi-2018\/#primaryimage"},"image":{"@id":"https:\/\/www.upjs.sk\/pracoviska\/ccvapp\/vzdelavacie-aktivity\/upjs\/seminar-pre-doktorandov\/seminar-doktorandi-2018\/#primaryimage"},"thumbnailUrl":"https:\/\/www.upjs.sk\/app\/uploads\/sites\/22\/2023\/02\/dok_seminar2018_web.jpg","datePublished":"2022-05-11T09:56:45+00:00","dateModified":"2024-08-08T10:52:04+00:00","breadcrumb":{"@id":"https:\/\/www.upjs.sk\/pracoviska\/ccvapp\/vzdelavacie-aktivity\/upjs\/seminar-pre-doktorandov\/seminar-doktorandi-2018\/#breadcrumb"},"inLanguage":"sk-SK","potentialAction":[{"@type":"ReadAction","target":["https:\/\/www.upjs.sk\/pracoviska\/ccvapp\/vzdelavacie-aktivity\/upjs\/seminar-pre-doktorandov\/seminar-doktorandi-2018\/"]}]},{"@type":"ImageObject","inLanguage":"sk-SK","@id":"https:\/\/www.upjs.sk\/pracoviska\/ccvapp\/vzdelavacie-aktivity\/upjs\/seminar-pre-doktorandov\/seminar-doktorandi-2018\/#primaryimage","url":"https:\/\/www.upjs.sk\/app\/uploads\/sites\/22\/2023\/02\/dok_seminar2018_web.jpg","contentUrl":"https:\/\/www.upjs.sk\/app\/uploads\/sites\/22\/2023\/02\/dok_seminar2018_web.jpg","width":700,"height":990},{"@type":"BreadcrumbList","@id":"https:\/\/www.upjs.sk\/pracoviska\/ccvapp\/vzdelavacie-aktivity\/upjs\/seminar-pre-doktorandov\/seminar-doktorandi-2018\/#breadcrumb","itemListElement":[{"@type":"ListItem","position":1,"name":"Home","item":"https:\/\/www.upjs.sk\/pracoviska\/ccvapp\/"},{"@type":"ListItem","position":2,"name":"Vzdel\u00e1vacie aktivity CCVaPP","item":"https:\/\/www.upjs.sk\/pracoviska\/ccvapp\/vzdelavacie-aktivity\/"},{"@type":"ListItem","position":3,"name":"Zamestnanci a \u0161tudenti UPJ\u0160","item":"https:\/\/www.upjs.sk\/pracoviska\/ccvapp\/vzdelavacie-aktivity\/upjs\/"},{"@type":"ListItem","position":4,"name":"Semin\u00e1r pre doktorandov","item":"https:\/\/www.upjs.sk\/pracoviska\/ccvapp\/vzdelavacie-aktivity\/upjs\/seminar-pre-doktorandov\/"},{"@type":"ListItem","position":5,"name":"Semin\u00e1r pre doktorandov 2018"}]},{"@type":"WebSite","@id":"https:\/\/www.upjs.sk\/pracoviska\/ccvapp\/#website","url":"https:\/\/www.upjs.sk\/pracoviska\/ccvapp\/","name":"Centrum celo\u017eivotn\u00e9ho vzdel\u00e1vania a podpory projektov | UPJ\u0160","description":"","publisher":{"@id":"https:\/\/www.upjs.sk\/pracoviska\/ccvapp\/#organization"},"potentialAction":[{"@type":"SearchAction","target":{"@type":"EntryPoint","urlTemplate":"https:\/\/www.upjs.sk\/pracoviska\/ccvapp\/?s={search_term_string}"},"query-input":{"@type":"PropertyValueSpecification","valueRequired":true,"valueName":"search_term_string"}}],"inLanguage":"sk-SK"},{"@type":"Organization","@id":"https:\/\/www.upjs.sk\/pracoviska\/ccvapp\/#organization","name":"Centrum celo\u017eivotn\u00e9ho vzdel\u00e1vania a podpory projektov | UPJ\u0160","url":"https:\/\/www.upjs.sk\/pracoviska\/ccvapp\/","logo":{"@type":"ImageObject","inLanguage":"sk-SK","@id":"https:\/\/www.upjs.sk\/pracoviska\/ccvapp\/#\/schema\/logo\/image\/","url":"https:\/\/www.upjs.sk\/app\/uploads\/sites\/22\/2023\/01\/CCVaPP.svg","contentUrl":"https:\/\/www.upjs.sk\/app\/uploads\/sites\/22\/2023\/01\/CCVaPP.svg","width":500,"height":138,"caption":"Centrum celo\u017eivotn\u00e9ho vzdel\u00e1vania a podpory projektov | UPJ\u0160"},"image":{"@id":"https:\/\/www.upjs.sk\/pracoviska\/ccvapp\/#\/schema\/logo\/image\/"}}]}},"_links":{"self":[{"href":"https:\/\/www.upjs.sk\/pracoviska\/ccvapp\/wp-json\/wp\/v2\/pages\/13162","targetHints":{"allow":["GET"]}}],"collection":[{"href":"https:\/\/www.upjs.sk\/pracoviska\/ccvapp\/wp-json\/wp\/v2\/pages"}],"about":[{"href":"https:\/\/www.upjs.sk\/pracoviska\/ccvapp\/wp-json\/wp\/v2\/types\/page"}],"author":[{"embeddable":true,"href":"https:\/\/www.upjs.sk\/pracoviska\/ccvapp\/wp-json\/wp\/v2\/users\/30"}],"replies":[{"embeddable":true,"href":"https:\/\/www.upjs.sk\/pracoviska\/ccvapp\/wp-json\/wp\/v2\/comments?post=13162"}],"version-history":[{"count":7,"href":"https:\/\/www.upjs.sk\/pracoviska\/ccvapp\/wp-json\/wp\/v2\/pages\/13162\/revisions"}],"predecessor-version":[{"id":18649,"href":"https:\/\/www.upjs.sk\/pracoviska\/ccvapp\/wp-json\/wp\/v2\/pages\/13162\/revisions\/18649"}],"up":[{"embeddable":true,"href":"https:\/\/www.upjs.sk\/pracoviska\/ccvapp\/wp-json\/wp\/v2\/pages\/14374"}],"wp:featuredmedia":[{"embeddable":true,"href":"https:\/\/www.upjs.sk\/pracoviska\/ccvapp\/wp-json\/wp\/v2\/media\/15868"}],"wp:attachment":[{"href":"https:\/\/www.upjs.sk\/pracoviska\/ccvapp\/wp-json\/wp\/v2\/media?parent=13162"}],"wp:term":[{"taxonomy":"category","embeddable":true,"href":"https:\/\/www.upjs.sk\/pracoviska\/ccvapp\/wp-json\/wp\/v2\/categories?post=13162"},{"taxonomy":"post_tag","embeddable":true,"href":"https:\/\/www.upjs.sk\/pracoviska\/ccvapp\/wp-json\/wp\/v2\/tags?post=13162"}],"curies":[{"name":"wp","href":"https:\/\/api.w.org\/{rel}","templated":true}]}}