{"id":13402,"date":"2019-07-18T12:28:42","date_gmt":"2021-08-10T15:03:24","guid":{"rendered":"https:\/\/www.upjs.sk\/pracoviska\/ccvapp\/root\/podpora-projektov\/grantove-schemy\/ii\/"},"modified":"2023-03-15T09:00:33","modified_gmt":"2023-03-15T09:00:33","slug":"ii","status":"publish","type":"page","link":"https:\/\/www.upjs.sk\/pracoviska\/ccvapp\/podpora-projektov\/grantove-schemy\/programove-obdobie-2014-2020\/ii\/","title":{"rendered":"OP Integrovan\u00e1 infra\u0161trukt\u00fara"},"content":{"rendered":"\n<figure class=\"wp-block-image aligncenter size-large is-style-default\"><img loading=\"lazy\" decoding=\"async\" width=\"1024\" height=\"142\" src=\"https:\/\/www.upjs.sk\/app\/uploads\/sites\/22\/2023\/03\/pub_op_ii_1170-1024x142.png\" alt=\"\" class=\"wp-image-17170\" srcset=\"https:\/\/www.upjs.sk\/app\/uploads\/sites\/22\/2023\/03\/pub_op_ii_1170-1024x142.png 1024w, https:\/\/www.upjs.sk\/app\/uploads\/sites\/22\/2023\/03\/pub_op_ii_1170-300x42.png 300w, https:\/\/www.upjs.sk\/app\/uploads\/sites\/22\/2023\/03\/pub_op_ii_1170-768x106.png 768w, https:\/\/www.upjs.sk\/app\/uploads\/sites\/22\/2023\/03\/pub_op_ii_1170.png 1170w\" sizes=\"auto, (max-width: 1024px) 100vw, 1024px\" \/><\/figure>\n\n\n\n<p class=\"has-text-align-justify\"><strong>Opera\u010dn\u00fd program Integrovan\u00e1 Infra\u0161trukt\u00fara<\/strong> (OPII) predstavuje programov\u00fd dokument Slovenskej republiky o \u010derpan\u00ed pomoci z fondov Eur\u00f3pskej \u00fanie v sektore dopravy a informatiz\u00e1cie na roky 2014 \u2013 2020 (Koh\u00e9zny fond, Eur\u00f3psky fond region\u00e1lneho rozvoja). Jeho glob\u00e1lnym cie\u013eom je podpora trvalo udr\u017eate\u013enej mobility, hospod\u00e1rskeho rastu, tvorby pracovn\u00fdch miest a zlep\u0161enie podnikate\u013esk\u00e9ho prostredia prostredn\u00edctvom rozvoja dopravnej infra\u0161trukt\u00fary, rozvoja verejnej osobnej dopravy a rozvoja informa\u010dnej spolo\u010dnosti. Invest\u00edcie do roku 2020 by mali sl\u00fa\u017ei\u0165 na vyp\u013a\u0148anie medzier a ch\u00fdbaj\u00facich spojen\u00ed v z\u00e1kladnej infra\u0161trukt\u00fare na n\u00e1rodnej aj cezhrani\u010dnej \u00farovni, s d\u00f4razom na trvalo udr\u017eate\u013en\u00fa, ekologickej\u0161iu a n\u00e1kladovo efekt\u00edvnej\u0161iu dopravn\u00fa infra\u0161trukt\u00faru. D\u0148a 13. decembra 2019 rozhodla Eur\u00f3pska komisia rozhodla o\u00a0<strong>zl\u00fa\u010den\u00ed OPII s Opera\u010dn\u00fdm programom V\u00fdskum a inov\u00e1cie<\/strong>\u00a0v r\u00e1mci programov\u00e9ho obdobia 2014 \u2013 2020. Zdroj: <a href=\"https:\/\/www.opii.gov.sk\/\" target=\"_blank\" aria-label=\"https:\/\/www.opii.gov.sk\/ (opens in a new tab)\" rel=\"noreferrer noopener\" class=\"ek-link\">https:\/\/www.opii.gov.sk\/<\/a><\/p>\n\n\n\n<p class=\"has-text-align-center\"><strong><a href=\"https:\/\/portal.ccvapp.upjs.sk\/history-grant-calls\/op-ii\" target=\"_blank\" rel=\"noopener\">Hist\u00f3ria v\u00fdziev<\/a><\/strong><\/p>\n\n\n\n<iframe style=\"border:0;width:100%;height:500px;\" src=\"https:\/\/portal.ccvapp.upjs.sk\/projects-print\/sk?path=op-ii&amp;url=https:\/\/www.upjs.sk\/pracoviska\/ccvapp\/podpora-projektov\/zakladne-informacie-o-projektoch\/projekt\/?id=\"><\/iframe>\n","protected":false},"excerpt":{"rendered":"<p>Opera\u010dn\u00fd program Integrovan\u00e1 Infra\u0161trukt\u00fara (OPII) predstavuje programov\u00fd dokument Slovenskej republiky o \u010derpan\u00ed pomoci z fondov Eur\u00f3pskej \u00fanie v sektore dopravy a informatiz\u00e1cie na roky 2014 \u2013 2020 (Koh\u00e9zny fond, Eur\u00f3psky fond region\u00e1lneho rozvoja). Jeho glob\u00e1lnym cie\u013eom je podpora trvalo udr\u017eate\u013enej mobility, hospod\u00e1rskeho rastu, tvorby pracovn\u00fdch miest a zlep\u0161enie podnikate\u013esk\u00e9ho prostredia prostredn\u00edctvom rozvoja dopravnej infra\u0161trukt\u00fary, rozvoja &hellip; <a href=\"https:\/\/www.upjs.sk\/pracoviska\/ccvapp\/podpora-projektov\/grantove-schemy\/programove-obdobie-2014-2020\/ii\/\">\u010c\u00edta\u0165 \u010falej<\/a><\/p>\n","protected":false},"author":30,"featured_media":0,"parent":17214,"menu_order":3,"comment_status":"closed","ping_status":"closed","template":"","meta":{"_acf_changed":false,"_editorskit_title_hidden":false,"_editorskit_reading_time":1,"_editorskit_is_block_options_detached":false,"_editorskit_block_options_position":"{}","footnotes":""},"categories":[],"tags":[],"class_list":["post-13402","page","type-page","status-publish","hentry"],"acf":{"acf_link_na_externy_obsah":""},"yoast_head":"<!-- This site is optimized with the Yoast SEO plugin v27.2 - https:\/\/yoast.com\/product\/yoast-seo-wordpress\/ -->\n<title>OP Integrovan\u00e1 infra\u0161trukt\u00fara - Centrum celo\u017eivotn\u00e9ho vzdel\u00e1vania a podpory projektov | UPJ\u0160<\/title>\n<meta name=\"robots\" content=\"index, follow, max-snippet:-1, max-image-preview:large, max-video-preview:-1\" \/>\n<link rel=\"canonical\" href=\"https:\/\/www.upjs.sk\/pracoviska\/ccvapp\/podpora-projektov\/grantove-schemy\/programove-obdobie-2014-2020\/ii\/\" \/>\n<meta property=\"og:locale\" content=\"sk_SK\" \/>\n<meta property=\"og:type\" content=\"article\" \/>\n<meta property=\"og:title\" content=\"OP Integrovan\u00e1 infra\u0161trukt\u00fara - Centrum celo\u017eivotn\u00e9ho vzdel\u00e1vania a podpory projektov | UPJ\u0160\" \/>\n<meta property=\"og:description\" content=\"Opera\u010dn\u00fd program Integrovan\u00e1 Infra\u0161trukt\u00fara (OPII) predstavuje programov\u00fd dokument Slovenskej republiky o \u010derpan\u00ed pomoci z fondov Eur\u00f3pskej \u00fanie v sektore dopravy a informatiz\u00e1cie na roky 2014 \u2013 2020 (Koh\u00e9zny fond, Eur\u00f3psky fond region\u00e1lneho rozvoja). Jeho glob\u00e1lnym cie\u013eom je podpora trvalo udr\u017eate\u013enej mobility, hospod\u00e1rskeho rastu, tvorby pracovn\u00fdch miest a zlep\u0161enie podnikate\u013esk\u00e9ho prostredia prostredn\u00edctvom rozvoja dopravnej infra\u0161trukt\u00fary, rozvoja &hellip; \u010c\u00edta\u0165 \u010falej\" \/>\n<meta property=\"og:url\" content=\"https:\/\/www.upjs.sk\/pracoviska\/ccvapp\/podpora-projektov\/grantove-schemy\/programove-obdobie-2014-2020\/ii\/\" \/>\n<meta property=\"og:site_name\" content=\"Centrum celo\u017eivotn\u00e9ho vzdel\u00e1vania a podpory projektov | UPJ\u0160\" \/>\n<meta property=\"article:modified_time\" content=\"2023-03-15T09:00:33+00:00\" \/>\n<meta property=\"og:image\" content=\"https:\/\/www.upjs.sk\/app\/uploads\/sites\/22\/2023\/03\/pub_op_ii_1170-1024x142.png\" \/>\n<meta name=\"twitter:card\" content=\"summary_large_image\" \/>\n<meta name=\"twitter:label1\" content=\"Predpokladan\u00fd \u010das \u010d\u00edtania\" \/>\n\t<meta name=\"twitter:data1\" content=\"1 min\u00fata\" \/>\n<script type=\"application\/ld+json\" class=\"yoast-schema-graph\">{\"@context\":\"https:\/\/schema.org\",\"@graph\":[{\"@type\":\"WebPage\",\"@id\":\"https:\/\/www.upjs.sk\/pracoviska\/ccvapp\/podpora-projektov\/grantove-schemy\/programove-obdobie-2014-2020\/ii\/\",\"url\":\"https:\/\/www.upjs.sk\/pracoviska\/ccvapp\/podpora-projektov\/grantove-schemy\/programove-obdobie-2014-2020\/ii\/\",\"name\":\"OP Integrovan\u00e1 infra\u0161trukt\u00fara - Centrum celo\u017eivotn\u00e9ho vzdel\u00e1vania a podpory projektov | UPJ\u0160\",\"isPartOf\":{\"@id\":\"https:\/\/www.upjs.sk\/pracoviska\/ccvapp\/#website\"},\"primaryImageOfPage\":{\"@id\":\"https:\/\/www.upjs.sk\/pracoviska\/ccvapp\/podpora-projektov\/grantove-schemy\/programove-obdobie-2014-2020\/ii\/#primaryimage\"},\"image\":{\"@id\":\"https:\/\/www.upjs.sk\/pracoviska\/ccvapp\/podpora-projektov\/grantove-schemy\/programove-obdobie-2014-2020\/ii\/#primaryimage\"},\"thumbnailUrl\":\"https:\/\/www.upjs.sk\/app\/uploads\/sites\/22\/2023\/03\/pub_op_ii_1170-1024x142.png\",\"datePublished\":\"2021-08-10T15:03:24+00:00\",\"dateModified\":\"2023-03-15T09:00:33+00:00\",\"breadcrumb\":{\"@id\":\"https:\/\/www.upjs.sk\/pracoviska\/ccvapp\/podpora-projektov\/grantove-schemy\/programove-obdobie-2014-2020\/ii\/#breadcrumb\"},\"inLanguage\":\"sk-SK\",\"potentialAction\":[{\"@type\":\"ReadAction\",\"target\":[\"https:\/\/www.upjs.sk\/pracoviska\/ccvapp\/podpora-projektov\/grantove-schemy\/programove-obdobie-2014-2020\/ii\/\"]}]},{\"@type\":\"ImageObject\",\"inLanguage\":\"sk-SK\",\"@id\":\"https:\/\/www.upjs.sk\/pracoviska\/ccvapp\/podpora-projektov\/grantove-schemy\/programove-obdobie-2014-2020\/ii\/#primaryimage\",\"url\":\"https:\/\/www.upjs.sk\/app\/uploads\/sites\/22\/2023\/03\/pub_op_ii_1170-1024x142.png\",\"contentUrl\":\"https:\/\/www.upjs.sk\/app\/uploads\/sites\/22\/2023\/03\/pub_op_ii_1170-1024x142.png\"},{\"@type\":\"BreadcrumbList\",\"@id\":\"https:\/\/www.upjs.sk\/pracoviska\/ccvapp\/podpora-projektov\/grantove-schemy\/programove-obdobie-2014-2020\/ii\/#breadcrumb\",\"itemListElement\":[{\"@type\":\"ListItem\",\"position\":1,\"name\":\"Home\",\"item\":\"https:\/\/www.upjs.sk\/pracoviska\/ccvapp\/\"},{\"@type\":\"ListItem\",\"position\":2,\"name\":\"Projekty\",\"item\":\"https:\/\/www.upjs.sk\/pracoviska\/ccvapp\/podpora-projektov\/\"},{\"@type\":\"ListItem\",\"position\":3,\"name\":\"Grantov\u00e9 sch\u00e9my\",\"item\":\"https:\/\/www.upjs.sk\/pracoviska\/ccvapp\/podpora-projektov\/grantove-schemy\/\"},{\"@type\":\"ListItem\",\"position\":4,\"name\":\"Programov\u00e9 obdobie 2014 &#8211; 2020\",\"item\":\"https:\/\/www.upjs.sk\/pracoviska\/ccvapp\/podpora-projektov\/grantove-schemy\/programove-obdobie-2014-2020\/\"},{\"@type\":\"ListItem\",\"position\":5,\"name\":\"OP Integrovan\u00e1 infra\u0161trukt\u00fara\"}]},{\"@type\":\"WebSite\",\"@id\":\"https:\/\/www.upjs.sk\/pracoviska\/ccvapp\/#website\",\"url\":\"https:\/\/www.upjs.sk\/pracoviska\/ccvapp\/\",\"name\":\"Centrum celo\u017eivotn\u00e9ho vzdel\u00e1vania a podpory projektov | UPJ\u0160\",\"description\":\"\",\"publisher\":{\"@id\":\"https:\/\/www.upjs.sk\/pracoviska\/ccvapp\/#organization\"},\"potentialAction\":[{\"@type\":\"SearchAction\",\"target\":{\"@type\":\"EntryPoint\",\"urlTemplate\":\"https:\/\/www.upjs.sk\/pracoviska\/ccvapp\/?s={search_term_string}\"},\"query-input\":{\"@type\":\"PropertyValueSpecification\",\"valueRequired\":true,\"valueName\":\"search_term_string\"}}],\"inLanguage\":\"sk-SK\"},{\"@type\":\"Organization\",\"@id\":\"https:\/\/www.upjs.sk\/pracoviska\/ccvapp\/#organization\",\"name\":\"Centrum celo\u017eivotn\u00e9ho vzdel\u00e1vania a podpory projektov | UPJ\u0160\",\"url\":\"https:\/\/www.upjs.sk\/pracoviska\/ccvapp\/\",\"logo\":{\"@type\":\"ImageObject\",\"inLanguage\":\"sk-SK\",\"@id\":\"https:\/\/www.upjs.sk\/pracoviska\/ccvapp\/#\/schema\/logo\/image\/\",\"url\":\"https:\/\/www.upjs.sk\/app\/uploads\/sites\/22\/2023\/01\/CCVaPP.svg\",\"contentUrl\":\"https:\/\/www.upjs.sk\/app\/uploads\/sites\/22\/2023\/01\/CCVaPP.svg\",\"width\":500,\"height\":138,\"caption\":\"Centrum celo\u017eivotn\u00e9ho vzdel\u00e1vania a podpory projektov | UPJ\u0160\"},\"image\":{\"@id\":\"https:\/\/www.upjs.sk\/pracoviska\/ccvapp\/#\/schema\/logo\/image\/\"}}]}<\/script>\n<!-- \/ Yoast SEO plugin. -->","yoast_head_json":{"title":"OP Integrovan\u00e1 infra\u0161trukt\u00fara - Centrum celo\u017eivotn\u00e9ho vzdel\u00e1vania a podpory projektov | UPJ\u0160","robots":{"index":"index","follow":"follow","max-snippet":"max-snippet:-1","max-image-preview":"max-image-preview:large","max-video-preview":"max-video-preview:-1"},"canonical":"https:\/\/www.upjs.sk\/pracoviska\/ccvapp\/podpora-projektov\/grantove-schemy\/programove-obdobie-2014-2020\/ii\/","og_locale":"sk_SK","og_type":"article","og_title":"OP Integrovan\u00e1 infra\u0161trukt\u00fara - Centrum celo\u017eivotn\u00e9ho vzdel\u00e1vania a podpory projektov | UPJ\u0160","og_description":"Opera\u010dn\u00fd program Integrovan\u00e1 Infra\u0161trukt\u00fara (OPII) predstavuje programov\u00fd dokument Slovenskej republiky o \u010derpan\u00ed pomoci z fondov Eur\u00f3pskej \u00fanie v sektore dopravy a informatiz\u00e1cie na roky 2014 \u2013 2020 (Koh\u00e9zny fond, Eur\u00f3psky fond region\u00e1lneho rozvoja). Jeho glob\u00e1lnym cie\u013eom je podpora trvalo udr\u017eate\u013enej mobility, hospod\u00e1rskeho rastu, tvorby pracovn\u00fdch miest a zlep\u0161enie podnikate\u013esk\u00e9ho prostredia prostredn\u00edctvom rozvoja dopravnej infra\u0161trukt\u00fary, rozvoja &hellip; \u010c\u00edta\u0165 \u010falej","og_url":"https:\/\/www.upjs.sk\/pracoviska\/ccvapp\/podpora-projektov\/grantove-schemy\/programove-obdobie-2014-2020\/ii\/","og_site_name":"Centrum celo\u017eivotn\u00e9ho vzdel\u00e1vania a podpory projektov | UPJ\u0160","article_modified_time":"2023-03-15T09:00:33+00:00","og_image":[{"url":"https:\/\/www.upjs.sk\/app\/uploads\/sites\/22\/2023\/03\/pub_op_ii_1170-1024x142.png","type":"","width":"","height":""}],"twitter_card":"summary_large_image","twitter_misc":{"Predpokladan\u00fd \u010das \u010d\u00edtania":"1 min\u00fata"},"schema":{"@context":"https:\/\/schema.org","@graph":[{"@type":"WebPage","@id":"https:\/\/www.upjs.sk\/pracoviska\/ccvapp\/podpora-projektov\/grantove-schemy\/programove-obdobie-2014-2020\/ii\/","url":"https:\/\/www.upjs.sk\/pracoviska\/ccvapp\/podpora-projektov\/grantove-schemy\/programove-obdobie-2014-2020\/ii\/","name":"OP Integrovan\u00e1 infra\u0161trukt\u00fara - Centrum celo\u017eivotn\u00e9ho vzdel\u00e1vania a podpory projektov | UPJ\u0160","isPartOf":{"@id":"https:\/\/www.upjs.sk\/pracoviska\/ccvapp\/#website"},"primaryImageOfPage":{"@id":"https:\/\/www.upjs.sk\/pracoviska\/ccvapp\/podpora-projektov\/grantove-schemy\/programove-obdobie-2014-2020\/ii\/#primaryimage"},"image":{"@id":"https:\/\/www.upjs.sk\/pracoviska\/ccvapp\/podpora-projektov\/grantove-schemy\/programove-obdobie-2014-2020\/ii\/#primaryimage"},"thumbnailUrl":"https:\/\/www.upjs.sk\/app\/uploads\/sites\/22\/2023\/03\/pub_op_ii_1170-1024x142.png","datePublished":"2021-08-10T15:03:24+00:00","dateModified":"2023-03-15T09:00:33+00:00","breadcrumb":{"@id":"https:\/\/www.upjs.sk\/pracoviska\/ccvapp\/podpora-projektov\/grantove-schemy\/programove-obdobie-2014-2020\/ii\/#breadcrumb"},"inLanguage":"sk-SK","potentialAction":[{"@type":"ReadAction","target":["https:\/\/www.upjs.sk\/pracoviska\/ccvapp\/podpora-projektov\/grantove-schemy\/programove-obdobie-2014-2020\/ii\/"]}]},{"@type":"ImageObject","inLanguage":"sk-SK","@id":"https:\/\/www.upjs.sk\/pracoviska\/ccvapp\/podpora-projektov\/grantove-schemy\/programove-obdobie-2014-2020\/ii\/#primaryimage","url":"https:\/\/www.upjs.sk\/app\/uploads\/sites\/22\/2023\/03\/pub_op_ii_1170-1024x142.png","contentUrl":"https:\/\/www.upjs.sk\/app\/uploads\/sites\/22\/2023\/03\/pub_op_ii_1170-1024x142.png"},{"@type":"BreadcrumbList","@id":"https:\/\/www.upjs.sk\/pracoviska\/ccvapp\/podpora-projektov\/grantove-schemy\/programove-obdobie-2014-2020\/ii\/#breadcrumb","itemListElement":[{"@type":"ListItem","position":1,"name":"Home","item":"https:\/\/www.upjs.sk\/pracoviska\/ccvapp\/"},{"@type":"ListItem","position":2,"name":"Projekty","item":"https:\/\/www.upjs.sk\/pracoviska\/ccvapp\/podpora-projektov\/"},{"@type":"ListItem","position":3,"name":"Grantov\u00e9 sch\u00e9my","item":"https:\/\/www.upjs.sk\/pracoviska\/ccvapp\/podpora-projektov\/grantove-schemy\/"},{"@type":"ListItem","position":4,"name":"Programov\u00e9 obdobie 2014 &#8211; 2020","item":"https:\/\/www.upjs.sk\/pracoviska\/ccvapp\/podpora-projektov\/grantove-schemy\/programove-obdobie-2014-2020\/"},{"@type":"ListItem","position":5,"name":"OP Integrovan\u00e1 infra\u0161trukt\u00fara"}]},{"@type":"WebSite","@id":"https:\/\/www.upjs.sk\/pracoviska\/ccvapp\/#website","url":"https:\/\/www.upjs.sk\/pracoviska\/ccvapp\/","name":"Centrum celo\u017eivotn\u00e9ho vzdel\u00e1vania a podpory projektov | UPJ\u0160","description":"","publisher":{"@id":"https:\/\/www.upjs.sk\/pracoviska\/ccvapp\/#organization"},"potentialAction":[{"@type":"SearchAction","target":{"@type":"EntryPoint","urlTemplate":"https:\/\/www.upjs.sk\/pracoviska\/ccvapp\/?s={search_term_string}"},"query-input":{"@type":"PropertyValueSpecification","valueRequired":true,"valueName":"search_term_string"}}],"inLanguage":"sk-SK"},{"@type":"Organization","@id":"https:\/\/www.upjs.sk\/pracoviska\/ccvapp\/#organization","name":"Centrum celo\u017eivotn\u00e9ho vzdel\u00e1vania a podpory projektov | UPJ\u0160","url":"https:\/\/www.upjs.sk\/pracoviska\/ccvapp\/","logo":{"@type":"ImageObject","inLanguage":"sk-SK","@id":"https:\/\/www.upjs.sk\/pracoviska\/ccvapp\/#\/schema\/logo\/image\/","url":"https:\/\/www.upjs.sk\/app\/uploads\/sites\/22\/2023\/01\/CCVaPP.svg","contentUrl":"https:\/\/www.upjs.sk\/app\/uploads\/sites\/22\/2023\/01\/CCVaPP.svg","width":500,"height":138,"caption":"Centrum celo\u017eivotn\u00e9ho vzdel\u00e1vania a podpory projektov | UPJ\u0160"},"image":{"@id":"https:\/\/www.upjs.sk\/pracoviska\/ccvapp\/#\/schema\/logo\/image\/"}}]}},"_links":{"self":[{"href":"https:\/\/www.upjs.sk\/pracoviska\/ccvapp\/wp-json\/wp\/v2\/pages\/13402","targetHints":{"allow":["GET"]}}],"collection":[{"href":"https:\/\/www.upjs.sk\/pracoviska\/ccvapp\/wp-json\/wp\/v2\/pages"}],"about":[{"href":"https:\/\/www.upjs.sk\/pracoviska\/ccvapp\/wp-json\/wp\/v2\/types\/page"}],"author":[{"embeddable":true,"href":"https:\/\/www.upjs.sk\/pracoviska\/ccvapp\/wp-json\/wp\/v2\/users\/30"}],"replies":[{"embeddable":true,"href":"https:\/\/www.upjs.sk\/pracoviska\/ccvapp\/wp-json\/wp\/v2\/comments?post=13402"}],"version-history":[{"count":25,"href":"https:\/\/www.upjs.sk\/pracoviska\/ccvapp\/wp-json\/wp\/v2\/pages\/13402\/revisions"}],"predecessor-version":[{"id":17255,"href":"https:\/\/www.upjs.sk\/pracoviska\/ccvapp\/wp-json\/wp\/v2\/pages\/13402\/revisions\/17255"}],"up":[{"embeddable":true,"href":"https:\/\/www.upjs.sk\/pracoviska\/ccvapp\/wp-json\/wp\/v2\/pages\/17214"}],"wp:attachment":[{"href":"https:\/\/www.upjs.sk\/pracoviska\/ccvapp\/wp-json\/wp\/v2\/media?parent=13402"}],"wp:term":[{"taxonomy":"category","embeddable":true,"href":"https:\/\/www.upjs.sk\/pracoviska\/ccvapp\/wp-json\/wp\/v2\/categories?post=13402"},{"taxonomy":"post_tag","embeddable":true,"href":"https:\/\/www.upjs.sk\/pracoviska\/ccvapp\/wp-json\/wp\/v2\/tags?post=13402"}],"curies":[{"name":"wp","href":"https:\/\/api.w.org\/{rel}","templated":true}]}}