{"id":13510,"date":"2019-07-18T12:28:42","date_gmt":"2018-02-08T21:30:38","guid":{"rendered":"https:\/\/www.upjs.sk\/pracoviska\/ccvapp\/root\/podpora-projektov\/esif\/"},"modified":"2023-03-15T09:25:40","modified_gmt":"2023-03-15T09:25:40","slug":"po-2007-2013","status":"publish","type":"page","link":"https:\/\/www.upjs.sk\/pracoviska\/ccvapp\/podpora-projektov\/grantove-schemy\/po-2007-2013\/","title":{"rendered":"Programov\u00e9 obdobie 2007 &#8211; 2013"},"content":{"rendered":"\n<figure class=\"wp-block-image aligncenter size-full is-resized\"><img loading=\"lazy\" decoding=\"async\" src=\"https:\/\/www.upjs.sk\/app\/uploads\/sites\/22\/2022\/11\/pub-eu-esif-2017-07.png\" alt=\"\" class=\"wp-image-14464\" width=\"740\" height=\"128\" srcset=\"https:\/\/www.upjs.sk\/app\/uploads\/sites\/22\/2022\/11\/pub-eu-esif-2017-07.png 740w, https:\/\/www.upjs.sk\/app\/uploads\/sites\/22\/2022\/11\/pub-eu-esif-2017-07-300x52.png 300w\" sizes=\"auto, (max-width: 740px) 100vw, 740px\" \/><\/figure>\n\n\n\n<p>Medzi eur\u00f3pske \u0161truktur\u00e1lne a investi\u010dn\u00e9 fondy v programovom obdob\u00ed 2007 &#8211; 2013 patrili:<\/p>\n\n\n\n<ul class=\"wp-block-list\" style=\"padding-top:0;padding-right:var(--wp--preset--spacing--50);padding-bottom:var(--wp--preset--spacing--50);padding-left:var(--wp--preset--spacing--50)\">\n<li><strong><a href=\"http:\/\/ec.europa.eu\/regional_policy\/en\/funding\/erdf\/\" target=\"_blank\" rel=\"noopener\">Eur\u00f3psky fond region\u00e1lneho rozvoja (EFRR)<\/a><\/strong> \u2013 podporuje vyv\u00e1\u017een\u00fd rozvoj v r\u00f4znych regi\u00f3noch E\u00da.&nbsp;<\/li>\n\n\n\n<li><strong><a href=\"http:\/\/ec.europa.eu\/esf\/home.jsp?langId=en\" target=\"_blank\" rel=\"noopener\">Eur\u00f3psky soci\u00e1lny fond (ESF)<\/a><\/strong> \u2013 podporuje projekty v oblasti zamestnanosti v celej Eur\u00f3pe a investuje do \u013eudsk\u00e9ho kapit\u00e1lu Eur\u00f3py \u2013 jej pracovn\u00edkov, mlad\u00fdch \u013eud\u00ed a v\u0161etk\u00fdch t\u00fdch, ktor\u00ed si h\u013eadaj\u00fa zamestnanie.<\/li>\n\n\n\n<li><strong><a href=\"http:\/\/ec.europa.eu\/regional_policy\/en\/funding\/cohesion-fund\/\" target=\"_blank\" rel=\"noopener\">Koh\u00e9zny fond (KF)<\/a><\/strong> \u2013 poskytuje fondy na dopravn\u00e9 a environment\u00e1lne projekty v krajin\u00e1ch, v ktor\u00fdch je hrub\u00fd n\u00e1rodn\u00fd d\u00f4chodok (HND) na obyvate\u013ea ni\u017e\u0161\u00ed ako 90 % priemeru E\u00da.<\/li>\n\n\n\n<li><strong><a href=\"http:\/\/ec.europa.eu\/agriculture\/rural-development-2014-2020\/index_en.htm\" target=\"_blank\" rel=\"noopener\">Eur\u00f3psky po\u013enohospod\u00e1rsky fond pre rozvoj vidieka (EPFRV)<\/a><\/strong> \u2013 zameriava sa na rie\u0161enie konkr\u00e9tnych v\u00fdziev, ktor\u00fdm \u010delia vidiecke oblasti E\u00da.<\/li>\n\n\n\n<li><strong><a href=\"http:\/\/ec.europa.eu\/fisheries\/cfp\/emff\/index_en.htm\" target=\"_blank\" rel=\"noopener\">Eur\u00f3psky n\u00e1morn\u00fd a ryb\u00e1rsky fond (ENRF)<\/a><\/strong> \u2013 pom\u00e1ha ryb\u00e1rom pri prechode na udr\u017eate\u013en\u00fd rybolov a pobre\u017en\u00fdm spolo\u010denstv\u00e1m pri diverzifik\u00e1cii ich hospod\u00e1rstiev, \u010d\u00edm zlep\u0161uje kvalitu \u017eivota v eur\u00f3pskych pobre\u017en\u00fdch oblastiach.&nbsp;<\/li>\n<\/ul>\n\n\n\n<p><strong>Projekty:<\/strong><\/p>\n\n\n<div class=\"grid gap-x-16 md:gap-y-12 gap-y-6 lg:grid-cols-3 md:grid-cols-3 sm:grid-cols-2 grid-cols-1 place-items-center mt-10 px-20 md:px-40\">\r\n     <a href=\"https:\/\/www.upjs.sk\/pracoviska\/ccvapp\/podpora-projektov\/grantove-schemy\/po-2007-2013\/op-vyskum-a-vyvoj\/\">\n  <div class=\"w-full border-upjs-grey border rounded-md p-8 place-self-center\">\n        <img decoding=\"async\" class=\"mx-auto\" src=\"https:\/\/www.upjs.sk\/app\/themes\/zpi-upjs\/public\/harmonogram.5ae988.svg\" alt=\"\">\n        <p class=\"font-bold mt-3 text-lg leading-6 text-center\">Opera\u010dn\u00fd program V\u00fdskum a v\u00fdvoj (2007 &#8211; 2013)<\/p>\n  <\/div>\n<\/a>\n\n     <a href=\"https:\/\/www.upjs.sk\/pracoviska\/ccvapp\/podpora-projektov\/grantove-schemy\/po-2007-2013\/op-vzdelavanie\/\">\n  <div class=\"w-full border-upjs-grey border rounded-md p-8 place-self-center\">\n        <img decoding=\"async\" class=\"mx-auto\" src=\"https:\/\/www.upjs.sk\/app\/themes\/zpi-upjs\/public\/harmonogram.5ae988.svg\" alt=\"\">\n        <p class=\"font-bold mt-3 text-lg leading-6 text-center\">Opera\u010dn\u00fd program Vzdel\u00e1vanie (2007 &#8211; 2013)<\/p>\n  <\/div>\n<\/a>\n\n     <a href=\"https:\/\/www.upjs.sk\/pracoviska\/ccvapp\/podpora-projektov\/grantove-schemy\/po-2007-2013\/projekty-ramcovych-programov-eu\/\">\n  <div class=\"w-full border-upjs-grey border rounded-md p-8 place-self-center\">\n        <img decoding=\"async\" class=\"mx-auto\" src=\"https:\/\/www.upjs.sk\/app\/themes\/zpi-upjs\/public\/harmonogram.5ae988.svg\" alt=\"\">\n        <p class=\"font-bold mt-3 text-lg leading-6 text-center\">Projekty r\u00e1mcov\u00fdch programov E\u00da 2001 &#8211; 2016<\/p>\n  <\/div>\n<\/a>\n\n  <\/div>  \r\n\r\n\r\n\r\n<style type=\"text\/css\">\r\n  [data- block_64118e76ce7c9] {\r\n    background:  ;\r\n    color: ;\r\n  }\r\n<\/style>\r\n","protected":false},"excerpt":{"rendered":"<p>Medzi eur\u00f3pske \u0161truktur\u00e1lne a investi\u010dn\u00e9 fondy v programovom obdob\u00ed 2007 &#8211; 2013 patrili: Projekty:<\/p>\n","protected":false},"author":30,"featured_media":0,"parent":13204,"menu_order":17,"comment_status":"closed","ping_status":"closed","template":"","meta":{"_acf_changed":false,"_editorskit_title_hidden":false,"_editorskit_reading_time":1,"_editorskit_is_block_options_detached":false,"_editorskit_block_options_position":"{}","footnotes":""},"categories":[],"tags":[],"class_list":["post-13510","page","type-page","status-publish","hentry"],"acf":{"acf_link_na_externy_obsah":""},"yoast_head":"<!-- This site is optimized with the Yoast SEO plugin v27.2 - https:\/\/yoast.com\/product\/yoast-seo-wordpress\/ -->\n<title>Programov\u00e9 obdobie 2007 - 2013 - Centrum celo\u017eivotn\u00e9ho vzdel\u00e1vania a podpory projektov | UPJ\u0160<\/title>\n<meta name=\"robots\" content=\"index, follow, max-snippet:-1, max-image-preview:large, max-video-preview:-1\" \/>\n<link rel=\"canonical\" href=\"https:\/\/www.upjs.sk\/pracoviska\/ccvapp\/podpora-projektov\/grantove-schemy\/po-2007-2013\/\" \/>\n<meta property=\"og:locale\" content=\"sk_SK\" \/>\n<meta property=\"og:type\" content=\"article\" \/>\n<meta property=\"og:title\" content=\"Programov\u00e9 obdobie 2007 - 2013 - Centrum celo\u017eivotn\u00e9ho vzdel\u00e1vania a podpory projektov | UPJ\u0160\" \/>\n<meta property=\"og:description\" content=\"Medzi eur\u00f3pske \u0161truktur\u00e1lne a investi\u010dn\u00e9 fondy v programovom obdob\u00ed 2007 &#8211; 2013 patrili: Projekty:\" \/>\n<meta property=\"og:url\" content=\"https:\/\/www.upjs.sk\/pracoviska\/ccvapp\/podpora-projektov\/grantove-schemy\/po-2007-2013\/\" \/>\n<meta property=\"og:site_name\" content=\"Centrum celo\u017eivotn\u00e9ho vzdel\u00e1vania a podpory projektov | UPJ\u0160\" \/>\n<meta property=\"article:modified_time\" content=\"2023-03-15T09:25:40+00:00\" \/>\n<meta property=\"og:image\" content=\"https:\/\/www.upjs.sk\/app\/uploads\/sites\/22\/2022\/11\/pub-eu-esif-2017-07.png\" \/>\n<meta name=\"twitter:card\" content=\"summary_large_image\" \/>\n<meta name=\"twitter:label1\" content=\"Predpokladan\u00fd \u010das \u010d\u00edtania\" \/>\n\t<meta name=\"twitter:data1\" content=\"1 min\u00fata\" \/>\n<script type=\"application\/ld+json\" class=\"yoast-schema-graph\">{\"@context\":\"https:\/\/schema.org\",\"@graph\":[{\"@type\":\"WebPage\",\"@id\":\"https:\/\/www.upjs.sk\/pracoviska\/ccvapp\/podpora-projektov\/grantove-schemy\/po-2007-2013\/\",\"url\":\"https:\/\/www.upjs.sk\/pracoviska\/ccvapp\/podpora-projektov\/grantove-schemy\/po-2007-2013\/\",\"name\":\"Programov\u00e9 obdobie 2007 - 2013 - Centrum celo\u017eivotn\u00e9ho vzdel\u00e1vania a podpory projektov | UPJ\u0160\",\"isPartOf\":{\"@id\":\"https:\/\/www.upjs.sk\/pracoviska\/ccvapp\/#website\"},\"primaryImageOfPage\":{\"@id\":\"https:\/\/www.upjs.sk\/pracoviska\/ccvapp\/podpora-projektov\/grantove-schemy\/po-2007-2013\/#primaryimage\"},\"image\":{\"@id\":\"https:\/\/www.upjs.sk\/pracoviska\/ccvapp\/podpora-projektov\/grantove-schemy\/po-2007-2013\/#primaryimage\"},\"thumbnailUrl\":\"https:\/\/www.upjs.sk\/app\/uploads\/sites\/22\/2022\/11\/pub-eu-esif-2017-07.png\",\"datePublished\":\"2018-02-08T21:30:38+00:00\",\"dateModified\":\"2023-03-15T09:25:40+00:00\",\"breadcrumb\":{\"@id\":\"https:\/\/www.upjs.sk\/pracoviska\/ccvapp\/podpora-projektov\/grantove-schemy\/po-2007-2013\/#breadcrumb\"},\"inLanguage\":\"sk-SK\",\"potentialAction\":[{\"@type\":\"ReadAction\",\"target\":[\"https:\/\/www.upjs.sk\/pracoviska\/ccvapp\/podpora-projektov\/grantove-schemy\/po-2007-2013\/\"]}]},{\"@type\":\"ImageObject\",\"inLanguage\":\"sk-SK\",\"@id\":\"https:\/\/www.upjs.sk\/pracoviska\/ccvapp\/podpora-projektov\/grantove-schemy\/po-2007-2013\/#primaryimage\",\"url\":\"https:\/\/www.upjs.sk\/app\/uploads\/sites\/22\/2022\/11\/pub-eu-esif-2017-07.png\",\"contentUrl\":\"https:\/\/www.upjs.sk\/app\/uploads\/sites\/22\/2022\/11\/pub-eu-esif-2017-07.png\"},{\"@type\":\"BreadcrumbList\",\"@id\":\"https:\/\/www.upjs.sk\/pracoviska\/ccvapp\/podpora-projektov\/grantove-schemy\/po-2007-2013\/#breadcrumb\",\"itemListElement\":[{\"@type\":\"ListItem\",\"position\":1,\"name\":\"Home\",\"item\":\"https:\/\/www.upjs.sk\/pracoviska\/ccvapp\/\"},{\"@type\":\"ListItem\",\"position\":2,\"name\":\"Projekty\",\"item\":\"https:\/\/www.upjs.sk\/pracoviska\/ccvapp\/podpora-projektov\/\"},{\"@type\":\"ListItem\",\"position\":3,\"name\":\"Grantov\u00e9 sch\u00e9my\",\"item\":\"https:\/\/www.upjs.sk\/pracoviska\/ccvapp\/podpora-projektov\/grantove-schemy\/\"},{\"@type\":\"ListItem\",\"position\":4,\"name\":\"Programov\u00e9 obdobie 2007 &#8211; 2013\"}]},{\"@type\":\"WebSite\",\"@id\":\"https:\/\/www.upjs.sk\/pracoviska\/ccvapp\/#website\",\"url\":\"https:\/\/www.upjs.sk\/pracoviska\/ccvapp\/\",\"name\":\"Centrum celo\u017eivotn\u00e9ho vzdel\u00e1vania a podpory projektov | UPJ\u0160\",\"description\":\"\",\"publisher\":{\"@id\":\"https:\/\/www.upjs.sk\/pracoviska\/ccvapp\/#organization\"},\"potentialAction\":[{\"@type\":\"SearchAction\",\"target\":{\"@type\":\"EntryPoint\",\"urlTemplate\":\"https:\/\/www.upjs.sk\/pracoviska\/ccvapp\/?s={search_term_string}\"},\"query-input\":{\"@type\":\"PropertyValueSpecification\",\"valueRequired\":true,\"valueName\":\"search_term_string\"}}],\"inLanguage\":\"sk-SK\"},{\"@type\":\"Organization\",\"@id\":\"https:\/\/www.upjs.sk\/pracoviska\/ccvapp\/#organization\",\"name\":\"Centrum celo\u017eivotn\u00e9ho vzdel\u00e1vania a podpory projektov | UPJ\u0160\",\"url\":\"https:\/\/www.upjs.sk\/pracoviska\/ccvapp\/\",\"logo\":{\"@type\":\"ImageObject\",\"inLanguage\":\"sk-SK\",\"@id\":\"https:\/\/www.upjs.sk\/pracoviska\/ccvapp\/#\/schema\/logo\/image\/\",\"url\":\"https:\/\/www.upjs.sk\/app\/uploads\/sites\/22\/2023\/01\/CCVaPP.svg\",\"contentUrl\":\"https:\/\/www.upjs.sk\/app\/uploads\/sites\/22\/2023\/01\/CCVaPP.svg\",\"width\":500,\"height\":138,\"caption\":\"Centrum celo\u017eivotn\u00e9ho vzdel\u00e1vania a podpory projektov | UPJ\u0160\"},\"image\":{\"@id\":\"https:\/\/www.upjs.sk\/pracoviska\/ccvapp\/#\/schema\/logo\/image\/\"}}]}<\/script>\n<!-- \/ Yoast SEO plugin. -->","yoast_head_json":{"title":"Programov\u00e9 obdobie 2007 - 2013 - Centrum celo\u017eivotn\u00e9ho vzdel\u00e1vania a podpory projektov | UPJ\u0160","robots":{"index":"index","follow":"follow","max-snippet":"max-snippet:-1","max-image-preview":"max-image-preview:large","max-video-preview":"max-video-preview:-1"},"canonical":"https:\/\/www.upjs.sk\/pracoviska\/ccvapp\/podpora-projektov\/grantove-schemy\/po-2007-2013\/","og_locale":"sk_SK","og_type":"article","og_title":"Programov\u00e9 obdobie 2007 - 2013 - Centrum celo\u017eivotn\u00e9ho vzdel\u00e1vania a podpory projektov | UPJ\u0160","og_description":"Medzi eur\u00f3pske \u0161truktur\u00e1lne a investi\u010dn\u00e9 fondy v programovom obdob\u00ed 2007 &#8211; 2013 patrili: Projekty:","og_url":"https:\/\/www.upjs.sk\/pracoviska\/ccvapp\/podpora-projektov\/grantove-schemy\/po-2007-2013\/","og_site_name":"Centrum celo\u017eivotn\u00e9ho vzdel\u00e1vania a podpory projektov | UPJ\u0160","article_modified_time":"2023-03-15T09:25:40+00:00","og_image":[{"url":"https:\/\/www.upjs.sk\/app\/uploads\/sites\/22\/2022\/11\/pub-eu-esif-2017-07.png","type":"","width":"","height":""}],"twitter_card":"summary_large_image","twitter_misc":{"Predpokladan\u00fd \u010das \u010d\u00edtania":"1 min\u00fata"},"schema":{"@context":"https:\/\/schema.org","@graph":[{"@type":"WebPage","@id":"https:\/\/www.upjs.sk\/pracoviska\/ccvapp\/podpora-projektov\/grantove-schemy\/po-2007-2013\/","url":"https:\/\/www.upjs.sk\/pracoviska\/ccvapp\/podpora-projektov\/grantove-schemy\/po-2007-2013\/","name":"Programov\u00e9 obdobie 2007 - 2013 - Centrum celo\u017eivotn\u00e9ho vzdel\u00e1vania a podpory projektov | UPJ\u0160","isPartOf":{"@id":"https:\/\/www.upjs.sk\/pracoviska\/ccvapp\/#website"},"primaryImageOfPage":{"@id":"https:\/\/www.upjs.sk\/pracoviska\/ccvapp\/podpora-projektov\/grantove-schemy\/po-2007-2013\/#primaryimage"},"image":{"@id":"https:\/\/www.upjs.sk\/pracoviska\/ccvapp\/podpora-projektov\/grantove-schemy\/po-2007-2013\/#primaryimage"},"thumbnailUrl":"https:\/\/www.upjs.sk\/app\/uploads\/sites\/22\/2022\/11\/pub-eu-esif-2017-07.png","datePublished":"2018-02-08T21:30:38+00:00","dateModified":"2023-03-15T09:25:40+00:00","breadcrumb":{"@id":"https:\/\/www.upjs.sk\/pracoviska\/ccvapp\/podpora-projektov\/grantove-schemy\/po-2007-2013\/#breadcrumb"},"inLanguage":"sk-SK","potentialAction":[{"@type":"ReadAction","target":["https:\/\/www.upjs.sk\/pracoviska\/ccvapp\/podpora-projektov\/grantove-schemy\/po-2007-2013\/"]}]},{"@type":"ImageObject","inLanguage":"sk-SK","@id":"https:\/\/www.upjs.sk\/pracoviska\/ccvapp\/podpora-projektov\/grantove-schemy\/po-2007-2013\/#primaryimage","url":"https:\/\/www.upjs.sk\/app\/uploads\/sites\/22\/2022\/11\/pub-eu-esif-2017-07.png","contentUrl":"https:\/\/www.upjs.sk\/app\/uploads\/sites\/22\/2022\/11\/pub-eu-esif-2017-07.png"},{"@type":"BreadcrumbList","@id":"https:\/\/www.upjs.sk\/pracoviska\/ccvapp\/podpora-projektov\/grantove-schemy\/po-2007-2013\/#breadcrumb","itemListElement":[{"@type":"ListItem","position":1,"name":"Home","item":"https:\/\/www.upjs.sk\/pracoviska\/ccvapp\/"},{"@type":"ListItem","position":2,"name":"Projekty","item":"https:\/\/www.upjs.sk\/pracoviska\/ccvapp\/podpora-projektov\/"},{"@type":"ListItem","position":3,"name":"Grantov\u00e9 sch\u00e9my","item":"https:\/\/www.upjs.sk\/pracoviska\/ccvapp\/podpora-projektov\/grantove-schemy\/"},{"@type":"ListItem","position":4,"name":"Programov\u00e9 obdobie 2007 &#8211; 2013"}]},{"@type":"WebSite","@id":"https:\/\/www.upjs.sk\/pracoviska\/ccvapp\/#website","url":"https:\/\/www.upjs.sk\/pracoviska\/ccvapp\/","name":"Centrum celo\u017eivotn\u00e9ho vzdel\u00e1vania a podpory projektov | UPJ\u0160","description":"","publisher":{"@id":"https:\/\/www.upjs.sk\/pracoviska\/ccvapp\/#organization"},"potentialAction":[{"@type":"SearchAction","target":{"@type":"EntryPoint","urlTemplate":"https:\/\/www.upjs.sk\/pracoviska\/ccvapp\/?s={search_term_string}"},"query-input":{"@type":"PropertyValueSpecification","valueRequired":true,"valueName":"search_term_string"}}],"inLanguage":"sk-SK"},{"@type":"Organization","@id":"https:\/\/www.upjs.sk\/pracoviska\/ccvapp\/#organization","name":"Centrum celo\u017eivotn\u00e9ho vzdel\u00e1vania a podpory projektov | UPJ\u0160","url":"https:\/\/www.upjs.sk\/pracoviska\/ccvapp\/","logo":{"@type":"ImageObject","inLanguage":"sk-SK","@id":"https:\/\/www.upjs.sk\/pracoviska\/ccvapp\/#\/schema\/logo\/image\/","url":"https:\/\/www.upjs.sk\/app\/uploads\/sites\/22\/2023\/01\/CCVaPP.svg","contentUrl":"https:\/\/www.upjs.sk\/app\/uploads\/sites\/22\/2023\/01\/CCVaPP.svg","width":500,"height":138,"caption":"Centrum celo\u017eivotn\u00e9ho vzdel\u00e1vania a podpory projektov | UPJ\u0160"},"image":{"@id":"https:\/\/www.upjs.sk\/pracoviska\/ccvapp\/#\/schema\/logo\/image\/"}}]}},"_links":{"self":[{"href":"https:\/\/www.upjs.sk\/pracoviska\/ccvapp\/wp-json\/wp\/v2\/pages\/13510","targetHints":{"allow":["GET"]}}],"collection":[{"href":"https:\/\/www.upjs.sk\/pracoviska\/ccvapp\/wp-json\/wp\/v2\/pages"}],"about":[{"href":"https:\/\/www.upjs.sk\/pracoviska\/ccvapp\/wp-json\/wp\/v2\/types\/page"}],"author":[{"embeddable":true,"href":"https:\/\/www.upjs.sk\/pracoviska\/ccvapp\/wp-json\/wp\/v2\/users\/30"}],"replies":[{"embeddable":true,"href":"https:\/\/www.upjs.sk\/pracoviska\/ccvapp\/wp-json\/wp\/v2\/comments?post=13510"}],"version-history":[{"count":19,"href":"https:\/\/www.upjs.sk\/pracoviska\/ccvapp\/wp-json\/wp\/v2\/pages\/13510\/revisions"}],"predecessor-version":[{"id":17264,"href":"https:\/\/www.upjs.sk\/pracoviska\/ccvapp\/wp-json\/wp\/v2\/pages\/13510\/revisions\/17264"}],"up":[{"embeddable":true,"href":"https:\/\/www.upjs.sk\/pracoviska\/ccvapp\/wp-json\/wp\/v2\/pages\/13204"}],"wp:attachment":[{"href":"https:\/\/www.upjs.sk\/pracoviska\/ccvapp\/wp-json\/wp\/v2\/media?parent=13510"}],"wp:term":[{"taxonomy":"category","embeddable":true,"href":"https:\/\/www.upjs.sk\/pracoviska\/ccvapp\/wp-json\/wp\/v2\/categories?post=13510"},{"taxonomy":"post_tag","embeddable":true,"href":"https:\/\/www.upjs.sk\/pracoviska\/ccvapp\/wp-json\/wp\/v2\/tags?post=13510"}],"curies":[{"name":"wp","href":"https:\/\/api.w.org\/{rel}","templated":true}]}}