{"id":13535,"date":"2017-08-04T13:25:08","date_gmt":"2017-08-04T13:25:08","guid":{"rendered":"https:\/\/www.upjs.sk\/pracoviska\/ccvapp\/root\/podpora-projektov\/projekty-2001-2016\/projekty-ramcovych-programov-eu\/"},"modified":"2023-02-20T07:29:03","modified_gmt":"2023-02-20T07:29:03","slug":"projekty-ramcovych-programov-eu","status":"publish","type":"page","link":"https:\/\/www.upjs.sk\/pracoviska\/ccvapp\/podpora-projektov\/grantove-schemy\/po-2007-2013\/projekty-ramcovych-programov-eu\/","title":{"rendered":"Projekty r\u00e1mcov\u00fdch programov E\u00da 2001 &#8211; 2016"},"content":{"rendered":"\n<figure class=\"wp-block-table is-style-stripes\"><table><thead><tr><th>Typ projektu<\/th><th>Program, v r\u00e1mci ktor\u00e9ho z\u00edskal projekt podporu<\/th><th>ID<\/th><th>N\u00e1zov projektu<\/th><th>Doba<br>rie\u0161enia projektu<\/th><th>Poskytnut\u00e9 finan\u010dn\u00e9 prostriedky<\/th><th class=\"has-text-align-center\" data-align=\"center\">\u010eal\u0161ie inform\u00e1cie o projekte<\/th><\/tr><\/thead><tbody><tr><td>5. RP E\u00da<\/td><td>FP5, Quality of Life and Management of Living Resources<\/td><td>QLK4-CT-2000-00091<\/td><td>EXPAH &#8211; Effects of PAHs in environmental pollution on exogenous and endogenous DNA damage<\/td><td>1.1.2001-31.12.2003<\/td><td>&#8211;<\/td><td class=\"has-text-align-center\" data-align=\"center\"><a style=\"box-sizing: inherit; background-color: transparent; color: #cf8739; text-decoration-line: none;\" href=\"http:\/\/ec.europa.eu\/research\/environment\/pdf\/env_health_projects\/air_pollution\/ap-expah.pdf\" target=\"_blank\" rel=\"noopener\">Viac&#8230;<\/a><\/td><\/tr><tr><td>5. RP E\u00da<\/td><td>FP5, Key action The ageing population and disabilities<\/td><td>QLK6-CT-2001-00475<\/td><td>Nurses Exit Study &#8211; Sustaining working ability in the NURSing profession &#8211; investigation of premature departure from work<\/td><td>1.2.2002-30.6.2005<\/td><td>&#8211;<\/td><td class=\"has-text-align-center\" data-align=\"center\"><a style=\"box-sizing: inherit; background-color: transparent; color: #cf8739; text-decoration-line: none;\" href=\"http:\/\/cordis.europa.eu\/search\/index.cfm?fuseaction=proj.document&amp;PJ_RCN=5744983\" target=\"_blank\" rel=\"noopener\">Viac&#8230;<\/a><\/td><\/tr><tr><td>6. RP E\u00da<\/td><td>FP6, Marie Curie Mobility Actions, European reintegration grants, FP6-2002-Mobility-11<\/td><td>MERG-CT-2004-506291<\/td><td>Application of &#8222;virtual dynamics&#8220; approach to study dynamics of molecular systems<\/td><td>1.1.2004-31.12.2004<\/td><td>23 711,- EUR<\/td><td class=\"has-text-align-center\" data-align=\"center\"><a style=\"box-sizing: inherit; background-color: transparent; color: #cf8739; text-decoration-line: none;\" href=\"http:\/\/cordis.europa.eu\/fetch?CALLER=FP6_PROJ&amp;ACTION=D&amp;DOC=13&amp;CAT=PROJ&amp;QUERY=013456751687:c487:214e073b&amp;RCN=73509\" target=\"_blank\" rel=\"noopener\">Viac&#8230;<\/a><\/td><\/tr><tr><td>6. RP E\u00da<\/td><td>FP6, SUSTDEV-1.2.7 Capture and sequestration of CO2<\/td><td>SES6 &#8211; DeSANNS &#8211; 020133<\/td><td>Advanced separation and storage of carbon dioxide : Design, Synthesis and Applications of Novel Nanoporous Sorbents<\/td><td>1.1.2006-31.12.2008<\/td><td>135&nbsp;776,- EUR<\/td><td class=\"has-text-align-center\" data-align=\"center\"><a style=\"box-sizing: inherit; background-color: transparent; color: #cf8739; text-decoration-line: none;\" href=\"http:\/\/cordis.europa.eu\/fetch?CALLER=FP6_PROJ&amp;ACTION=D&amp;DOC=1&amp;CAT=PROJ&amp;QUERY=0131464233e1:219f:5a0e2204&amp;RCN=78588\" target=\"_blank\" rel=\"noopener\">Viac&#8230;<\/a><\/td><\/tr><tr><td>6. RP E\u00da<\/td><td>FP6,<br>IST-2005-2.5.4 Advanced Grid Technologies, Systems and Services<\/td><td>Know ARC &#8211;<br>032691<\/td><td>Grid-enabled Know-how Sharing Technology Based on ARC Services and Open Standards<\/td><td>1.6.2006-31.8.2009<\/td><td>162&nbsp;153,- EUR<\/td><td class=\"has-text-align-center\" data-align=\"center\"><a style=\"box-sizing: inherit; background-color: transparent; color: #cf8739; text-decoration-line: none;\" href=\"http:\/\/cordis.europa.eu\/fetch?CALLER=FP6_PROJ&amp;ACTION=D&amp;DOC=1&amp;CAT=PROJ&amp;QUERY=01314645a313:8462:5594ceb4&amp;RCN=80124\" target=\"_blank\" rel=\"noopener\">Viac&#8230;<\/a><\/td><\/tr><tr><td>6. RP E\u00da<\/td><td>FP6&nbsp; &#8211; MANUNET<\/td><td>DEVMAGMI-WIRTEC (MANUNET-2007-Basque-3)<\/td><td>DEVMAMIWIRTEC- \u201cDevelopment of MAGnetic Micro-WIRes for TEChnical application<\/td><td>1.1.2008-31.12.2010<\/td><td>13 638,- EUR<\/td><td class=\"has-text-align-center\" data-align=\"center\"><a style=\"box-sizing: inherit; background-color: transparent; color: #cf8739; text-decoration-line: none;\" href=\"http:\/\/cordis.europa.eu\/fetch?CALLER=FP6_PROJ&amp;ACTION=D&amp;DOC=1&amp;CAT=PROJ&amp;QUERY=01345681e315:655c:24b8fd04&amp;RCN=78683\" target=\"_blank\" rel=\"noopener\">Viac&#8230;<\/a><\/td><\/tr><tr><td>7. RP E\u00da<\/td><td>FP7<br>INFRASTRUCTURES, INFRA-2007-2.2-01<\/td><td>211604<\/td><td>Preparatory activities for the implementation of the European X-ray free-electron laser facility&nbsp; (PRE-XFEL)<\/td><td>1.7.2007-30.6.2011<\/td><td>&#8211;<\/td><td class=\"has-text-align-center\" data-align=\"center\"><a style=\"box-sizing: inherit; background-color: transparent; color: #cf8739; text-decoration-line: none;\" href=\"http:\/\/cordis.europa.eu\/projects\/index.cfm?fuseaction=app.details&amp;TXT=PRE-XFEL+&amp;FRM=1&amp;STP=10&amp;SIC=&amp;PGA=&amp;CCY=&amp;PCY=&amp;SRC=&amp;LNG=en&amp;REF=86705\" target=\"_blank\" rel=\"noopener\">Viac&#8230;<\/a><\/td><\/tr><tr><td>7. RP E\u00da<\/td><td>FP7,<br>SiS-2009-2.2.3.1 Supporting and coordinating actions on innovation in the classroom: Dissemination and use of inquiry-based teaching methods on a large scale in Europe<\/td><td>SIS-CT-2010-244749<\/td><td>ESTABLISH &#8211; European Science and Technology in Action Building Links with Industry, Schools and Home<\/td><td>1.1.2010-31.12.2013<\/td><td>214 536,- EUR<\/td><td class=\"has-text-align-center\" data-align=\"center\"><a style=\"box-sizing: inherit; background-color: transparent; color: #cf8739; text-decoration-line: none;\" href=\"http:\/\/cordis.europa.eu\/fetch?CALLER=FP7_PROJ_EN&amp;ACTION=D&amp;DOC=1&amp;CAT=PROJ&amp;QUERY=0131277cdca0:d69f:5ca608b8&amp;RCN=93969\" target=\"_blank\" rel=\"noopener\">Viac&#8230;<\/a><\/td><\/tr><tr><td>7. RP E\u00da<\/td><td>FP7, INFRA-2010-1.2.1 Distributed computing infrastructure (DCI)<\/td><td>261611<\/td><td>EMI European Middleware Initiative<\/td><td>1.5.2010-30.4.2013<\/td><td>168&nbsp;929,- EUR<\/td><td class=\"has-text-align-center\" data-align=\"center\"><a style=\"box-sizing: inherit; background-color: transparent; color: #cf8739; text-decoration-line: none;\" href=\"http:\/\/cordis.europa.eu\/fetch?CALLER=FP7_PROJ_EN&amp;ACTION=D&amp;DOC=2&amp;CAT=PROJ&amp;QUERY=01312772b833:0674:58f6500f&amp;RCN=95311\" target=\"_blank\" rel=\"noopener\">Viac&#8230;<\/a><\/td><\/tr><tr><td>7. RP E\u00da<\/td><td>FP7,<br>FP7-PEOPLE-2009-RG Marie Curie Action: &#8222;Reintegration Grants&#8220;<\/td><td>PIRG06-GA-2009-256580<\/td><td>Monitoring of cell signaling pathways via interaction of fluorescently tagged proteins (MontInterFluoProt)<\/td><td>1.6.2010- 31.5.2013<\/td><td>75 000,- EUR<\/td><td class=\"has-text-align-center\" data-align=\"center\"><a style=\"box-sizing: inherit; background-color: transparent; color: #cf8739; text-decoration-line: none;\" href=\"http:\/\/cordis.europa.eu\/fetch?CALLER=FP7_PROJ_EN&amp;ACTION=D&amp;DOC=1&amp;CAT=PROJ&amp;QUERY=0131277e7073:e200:5989da8b&amp;RCN=95039\" target=\"_blank\" rel=\"noopener\">Viac&#8230;<\/a><\/td><\/tr><tr><td>7. RP E\u00da<\/td><td>FP7,<br>SiS.2011.2.2.1-1 Supporting and coordinating actions on innovative methods in science education: teacher training on inquiry based teaching methods on a large scale in Europe<\/td><td>289085<\/td><td>Strategies for Assessment of Inquiry Learning in Science (SAILS)<\/td><td>1.1.2012-31.12.2015<\/td><td>248 055,- EUR<\/td><td class=\"has-text-align-center\" data-align=\"center\"><a style=\"box-sizing: inherit; background-color: transparent; color: #cf8739; text-decoration-line: none;\" href=\"http:\/\/cordis.europa.eu\/fetch?CALLER=FP7_PROJ_EN&amp;ACTION=D&amp;DOC=1&amp;CAT=PROJ&amp;QUERY=013541fd3a58:ad17:251c2fe6&amp;RCN=101860\" target=\"_blank\" rel=\"noopener\">Viac&#8230;<\/a><\/td><\/tr><tr><td>7. RP E\u00da<\/td><td>FP7,<br>HEALTH.2011.3.3-1 Developing methodologies to reduce inequities in the determinants of health<\/td><td>278173<\/td><td>SOPHIE &#8211; Evaluating the Impact of Structural Policies on Health Inequalities and Their Social Determinants and Fostering Change<\/td><td>1.11.2011-31.10.2015<\/td><td>140 334,92,- EUR<\/td><td class=\"has-text-align-center\" data-align=\"center\"><a style=\"box-sizing: inherit; background-color: transparent; color: #cf8739; text-decoration-line: none;\" href=\"http:\/\/cordis.europa.eu\/projects\/rcn\/101228_en.html\" target=\"_blank\" rel=\"noopener\">Viac&#8230;<\/a><\/td><\/tr><tr><td>7. RP E\u00da<\/td><td>FP7-PEOPLE-2009-IRSES: Marie Curie Action &#8222;International Research Staff Exchange Scheme&#8220;<\/td><td>247543<\/td><td>Learn 2 Hear &amp; See\u2014 Perceptual, Contextual, and Cross-modal Learning in Hearing and Vision<\/td><td>1.5.2012-30.4.2013<\/td><td>54 000,- EUR<\/td><td class=\"has-text-align-center\" data-align=\"center\"><a style=\"box-sizing: inherit; background-color: transparent; color: #cf8739; text-decoration-line: none;\" href=\"http:\/\/cordis.europa.eu\/projects\/index.cfm?fuseaction=app.details&amp;TXT=Learn+2+Hear&amp;FRM=1&amp;STP=10&amp;SIC=&amp;PGA=&amp;CCY=&amp;PCY=&amp;SRC=&amp;LNG=en&amp;REF=95946\" target=\"_blank\" rel=\"noopener\">Viac&#8230;<\/a><\/td><\/tr><tr><td>7. RP E\u00da<\/td><td>Coordination and support actions: major theme HEALTH, with the following biomedical subspecialties: 1.1.2. Detection, diagnosis and monitoring; 1.1.4. Innovative therapeutic<\/td><td>316310<\/td><td>CELIM &#8211; Fostering Excellence in Multiscale Cell Imaging<\/td><td>1.6.2013-31.5.2016<\/td><td>2 700 000,- EUR<\/td><td class=\"has-text-align-center\" data-align=\"center\"><a style=\"box-sizing: inherit; background-color: transparent; color: #cf8739; text-decoration-line: none;\" href=\"http:\/\/celim.science.upjs.sk\/web\/\" target=\"_blank\" rel=\"noopener\">Viac&#8230;<\/a><\/td><\/tr><\/tbody><\/table><\/figure>\n\n\n\n<p>&nbsp;<\/p>\n","protected":false},"excerpt":{"rendered":"<p>Typ projektu Program, v r\u00e1mci ktor\u00e9ho z\u00edskal projekt podporu ID N\u00e1zov projektu Dobarie\u0161enia projektu Poskytnut\u00e9 finan\u010dn\u00e9 prostriedky \u010eal\u0161ie inform\u00e1cie o projekte 5. RP E\u00da FP5, Quality of Life and Management of Living Resources QLK4-CT-2000-00091 EXPAH &#8211; Effects of PAHs in environmental pollution on exogenous and endogenous DNA damage 1.1.2001-31.12.2003 &#8211; Viac&#8230; 5. RP E\u00da FP5, &hellip; <a href=\"https:\/\/www.upjs.sk\/pracoviska\/ccvapp\/podpora-projektov\/grantove-schemy\/po-2007-2013\/projekty-ramcovych-programov-eu\/\">\u010c\u00edta\u0165 \u010falej<\/a><\/p>\n","protected":false},"author":30,"featured_media":0,"parent":13510,"menu_order":2,"comment_status":"closed","ping_status":"closed","template":"","meta":{"_acf_changed":false,"_editorskit_title_hidden":false,"_editorskit_reading_time":2,"_editorskit_is_block_options_detached":false,"_editorskit_block_options_position":"{}","footnotes":""},"categories":[],"tags":[],"class_list":["post-13535","page","type-page","status-publish","hentry"],"acf":{"acf_link_na_externy_obsah":""},"yoast_head":"<!-- This site is optimized with the Yoast SEO plugin v27.4 - https:\/\/yoast.com\/product\/yoast-seo-wordpress\/ -->\n<title>Projekty r\u00e1mcov\u00fdch programov E\u00da 2001 - 2016 - Centrum celo\u017eivotn\u00e9ho vzdel\u00e1vania a podpory projektov | UPJ\u0160<\/title>\n<meta name=\"robots\" content=\"index, follow, max-snippet:-1, max-image-preview:large, max-video-preview:-1\" \/>\n<link rel=\"canonical\" href=\"https:\/\/www.upjs.sk\/pracoviska\/ccvapp\/podpora-projektov\/grantove-schemy\/po-2007-2013\/projekty-ramcovych-programov-eu\/\" \/>\n<meta property=\"og:locale\" content=\"sk_SK\" \/>\n<meta property=\"og:type\" content=\"article\" \/>\n<meta property=\"og:title\" content=\"Projekty r\u00e1mcov\u00fdch programov E\u00da 2001 - 2016 - Centrum celo\u017eivotn\u00e9ho vzdel\u00e1vania a podpory projektov | UPJ\u0160\" \/>\n<meta property=\"og:description\" content=\"Typ projektu Program, v r\u00e1mci ktor\u00e9ho z\u00edskal projekt podporu ID N\u00e1zov projektu Dobarie\u0161enia projektu Poskytnut\u00e9 finan\u010dn\u00e9 prostriedky \u010eal\u0161ie inform\u00e1cie o projekte 5. RP E\u00da FP5, Quality of Life and Management of Living Resources QLK4-CT-2000-00091 EXPAH &#8211; Effects of PAHs in environmental pollution on exogenous and endogenous DNA damage 1.1.2001-31.12.2003 &#8211; Viac&#8230; 5. RP E\u00da FP5, &hellip; \u010c\u00edta\u0165 \u010falej\" \/>\n<meta property=\"og:url\" content=\"https:\/\/www.upjs.sk\/pracoviska\/ccvapp\/podpora-projektov\/grantove-schemy\/po-2007-2013\/projekty-ramcovych-programov-eu\/\" \/>\n<meta property=\"og:site_name\" content=\"Centrum celo\u017eivotn\u00e9ho vzdel\u00e1vania a podpory projektov | UPJ\u0160\" \/>\n<meta property=\"article:modified_time\" content=\"2023-02-20T07:29:03+00:00\" \/>\n<meta name=\"twitter:card\" content=\"summary_large_image\" \/>\n<meta name=\"twitter:label1\" content=\"Predpokladan\u00fd \u010das \u010d\u00edtania\" \/>\n\t<meta name=\"twitter:data1\" content=\"3 min\u00faty\" \/>\n<script type=\"application\/ld+json\" class=\"yoast-schema-graph\">{\"@context\":\"https:\\\/\\\/schema.org\",\"@graph\":[{\"@type\":\"WebPage\",\"@id\":\"https:\\\/\\\/www.upjs.sk\\\/pracoviska\\\/ccvapp\\\/podpora-projektov\\\/grantove-schemy\\\/po-2007-2013\\\/projekty-ramcovych-programov-eu\\\/\",\"url\":\"https:\\\/\\\/www.upjs.sk\\\/pracoviska\\\/ccvapp\\\/podpora-projektov\\\/grantove-schemy\\\/po-2007-2013\\\/projekty-ramcovych-programov-eu\\\/\",\"name\":\"Projekty r\u00e1mcov\u00fdch programov E\u00da 2001 - 2016 - Centrum celo\u017eivotn\u00e9ho vzdel\u00e1vania a podpory projektov | UPJ\u0160\",\"isPartOf\":{\"@id\":\"https:\\\/\\\/www.upjs.sk\\\/pracoviska\\\/ccvapp\\\/#website\"},\"datePublished\":\"2017-08-04T13:25:08+00:00\",\"dateModified\":\"2023-02-20T07:29:03+00:00\",\"breadcrumb\":{\"@id\":\"https:\\\/\\\/www.upjs.sk\\\/pracoviska\\\/ccvapp\\\/podpora-projektov\\\/grantove-schemy\\\/po-2007-2013\\\/projekty-ramcovych-programov-eu\\\/#breadcrumb\"},\"inLanguage\":\"sk-SK\",\"potentialAction\":[{\"@type\":\"ReadAction\",\"target\":[\"https:\\\/\\\/www.upjs.sk\\\/pracoviska\\\/ccvapp\\\/podpora-projektov\\\/grantove-schemy\\\/po-2007-2013\\\/projekty-ramcovych-programov-eu\\\/\"]}]},{\"@type\":\"BreadcrumbList\",\"@id\":\"https:\\\/\\\/www.upjs.sk\\\/pracoviska\\\/ccvapp\\\/podpora-projektov\\\/grantove-schemy\\\/po-2007-2013\\\/projekty-ramcovych-programov-eu\\\/#breadcrumb\",\"itemListElement\":[{\"@type\":\"ListItem\",\"position\":1,\"name\":\"Home\",\"item\":\"https:\\\/\\\/www.upjs.sk\\\/pracoviska\\\/ccvapp\\\/\"},{\"@type\":\"ListItem\",\"position\":2,\"name\":\"Projekty\",\"item\":\"https:\\\/\\\/www.upjs.sk\\\/pracoviska\\\/ccvapp\\\/podpora-projektov\\\/\"},{\"@type\":\"ListItem\",\"position\":3,\"name\":\"Grantov\u00e9 sch\u00e9my\",\"item\":\"https:\\\/\\\/www.upjs.sk\\\/pracoviska\\\/ccvapp\\\/podpora-projektov\\\/grantove-schemy\\\/\"},{\"@type\":\"ListItem\",\"position\":4,\"name\":\"Programov\u00e9 obdobie 2007 &#8211; 2013\",\"item\":\"https:\\\/\\\/www.upjs.sk\\\/pracoviska\\\/ccvapp\\\/podpora-projektov\\\/grantove-schemy\\\/po-2007-2013\\\/\"},{\"@type\":\"ListItem\",\"position\":5,\"name\":\"Projekty r\u00e1mcov\u00fdch programov E\u00da 2001 &#8211; 2016\"}]},{\"@type\":\"WebSite\",\"@id\":\"https:\\\/\\\/www.upjs.sk\\\/pracoviska\\\/ccvapp\\\/#website\",\"url\":\"https:\\\/\\\/www.upjs.sk\\\/pracoviska\\\/ccvapp\\\/\",\"name\":\"Centrum celo\u017eivotn\u00e9ho vzdel\u00e1vania a podpory projektov | UPJ\u0160\",\"description\":\"\",\"publisher\":{\"@id\":\"https:\\\/\\\/www.upjs.sk\\\/pracoviska\\\/ccvapp\\\/#organization\"},\"potentialAction\":[{\"@type\":\"SearchAction\",\"target\":{\"@type\":\"EntryPoint\",\"urlTemplate\":\"https:\\\/\\\/www.upjs.sk\\\/pracoviska\\\/ccvapp\\\/?s={search_term_string}\"},\"query-input\":{\"@type\":\"PropertyValueSpecification\",\"valueRequired\":true,\"valueName\":\"search_term_string\"}}],\"inLanguage\":\"sk-SK\"},{\"@type\":\"Organization\",\"@id\":\"https:\\\/\\\/www.upjs.sk\\\/pracoviska\\\/ccvapp\\\/#organization\",\"name\":\"Centrum celo\u017eivotn\u00e9ho vzdel\u00e1vania a podpory projektov | UPJ\u0160\",\"url\":\"https:\\\/\\\/www.upjs.sk\\\/pracoviska\\\/ccvapp\\\/\",\"logo\":{\"@type\":\"ImageObject\",\"inLanguage\":\"sk-SK\",\"@id\":\"https:\\\/\\\/www.upjs.sk\\\/pracoviska\\\/ccvapp\\\/#\\\/schema\\\/logo\\\/image\\\/\",\"url\":\"https:\\\/\\\/www.upjs.sk\\\/app\\\/uploads\\\/sites\\\/22\\\/2023\\\/01\\\/CCVaPP.svg\",\"contentUrl\":\"https:\\\/\\\/www.upjs.sk\\\/app\\\/uploads\\\/sites\\\/22\\\/2023\\\/01\\\/CCVaPP.svg\",\"width\":500,\"height\":138,\"caption\":\"Centrum celo\u017eivotn\u00e9ho vzdel\u00e1vania a podpory projektov | UPJ\u0160\"},\"image\":{\"@id\":\"https:\\\/\\\/www.upjs.sk\\\/pracoviska\\\/ccvapp\\\/#\\\/schema\\\/logo\\\/image\\\/\"}}]}<\/script>\n<!-- \/ Yoast SEO plugin. -->","yoast_head_json":{"title":"Projekty r\u00e1mcov\u00fdch programov E\u00da 2001 - 2016 - Centrum celo\u017eivotn\u00e9ho vzdel\u00e1vania a podpory projektov | UPJ\u0160","robots":{"index":"index","follow":"follow","max-snippet":"max-snippet:-1","max-image-preview":"max-image-preview:large","max-video-preview":"max-video-preview:-1"},"canonical":"https:\/\/www.upjs.sk\/pracoviska\/ccvapp\/podpora-projektov\/grantove-schemy\/po-2007-2013\/projekty-ramcovych-programov-eu\/","og_locale":"sk_SK","og_type":"article","og_title":"Projekty r\u00e1mcov\u00fdch programov E\u00da 2001 - 2016 - Centrum celo\u017eivotn\u00e9ho vzdel\u00e1vania a podpory projektov | UPJ\u0160","og_description":"Typ projektu Program, v r\u00e1mci ktor\u00e9ho z\u00edskal projekt podporu ID N\u00e1zov projektu Dobarie\u0161enia projektu Poskytnut\u00e9 finan\u010dn\u00e9 prostriedky \u010eal\u0161ie inform\u00e1cie o projekte 5. RP E\u00da FP5, Quality of Life and Management of Living Resources QLK4-CT-2000-00091 EXPAH &#8211; Effects of PAHs in environmental pollution on exogenous and endogenous DNA damage 1.1.2001-31.12.2003 &#8211; Viac&#8230; 5. RP E\u00da FP5, &hellip; \u010c\u00edta\u0165 \u010falej","og_url":"https:\/\/www.upjs.sk\/pracoviska\/ccvapp\/podpora-projektov\/grantove-schemy\/po-2007-2013\/projekty-ramcovych-programov-eu\/","og_site_name":"Centrum celo\u017eivotn\u00e9ho vzdel\u00e1vania a podpory projektov | UPJ\u0160","article_modified_time":"2023-02-20T07:29:03+00:00","twitter_card":"summary_large_image","twitter_misc":{"Predpokladan\u00fd \u010das \u010d\u00edtania":"3 min\u00faty"},"schema":{"@context":"https:\/\/schema.org","@graph":[{"@type":"WebPage","@id":"https:\/\/www.upjs.sk\/pracoviska\/ccvapp\/podpora-projektov\/grantove-schemy\/po-2007-2013\/projekty-ramcovych-programov-eu\/","url":"https:\/\/www.upjs.sk\/pracoviska\/ccvapp\/podpora-projektov\/grantove-schemy\/po-2007-2013\/projekty-ramcovych-programov-eu\/","name":"Projekty r\u00e1mcov\u00fdch programov E\u00da 2001 - 2016 - Centrum celo\u017eivotn\u00e9ho vzdel\u00e1vania a podpory projektov | UPJ\u0160","isPartOf":{"@id":"https:\/\/www.upjs.sk\/pracoviska\/ccvapp\/#website"},"datePublished":"2017-08-04T13:25:08+00:00","dateModified":"2023-02-20T07:29:03+00:00","breadcrumb":{"@id":"https:\/\/www.upjs.sk\/pracoviska\/ccvapp\/podpora-projektov\/grantove-schemy\/po-2007-2013\/projekty-ramcovych-programov-eu\/#breadcrumb"},"inLanguage":"sk-SK","potentialAction":[{"@type":"ReadAction","target":["https:\/\/www.upjs.sk\/pracoviska\/ccvapp\/podpora-projektov\/grantove-schemy\/po-2007-2013\/projekty-ramcovych-programov-eu\/"]}]},{"@type":"BreadcrumbList","@id":"https:\/\/www.upjs.sk\/pracoviska\/ccvapp\/podpora-projektov\/grantove-schemy\/po-2007-2013\/projekty-ramcovych-programov-eu\/#breadcrumb","itemListElement":[{"@type":"ListItem","position":1,"name":"Home","item":"https:\/\/www.upjs.sk\/pracoviska\/ccvapp\/"},{"@type":"ListItem","position":2,"name":"Projekty","item":"https:\/\/www.upjs.sk\/pracoviska\/ccvapp\/podpora-projektov\/"},{"@type":"ListItem","position":3,"name":"Grantov\u00e9 sch\u00e9my","item":"https:\/\/www.upjs.sk\/pracoviska\/ccvapp\/podpora-projektov\/grantove-schemy\/"},{"@type":"ListItem","position":4,"name":"Programov\u00e9 obdobie 2007 &#8211; 2013","item":"https:\/\/www.upjs.sk\/pracoviska\/ccvapp\/podpora-projektov\/grantove-schemy\/po-2007-2013\/"},{"@type":"ListItem","position":5,"name":"Projekty r\u00e1mcov\u00fdch programov E\u00da 2001 &#8211; 2016"}]},{"@type":"WebSite","@id":"https:\/\/www.upjs.sk\/pracoviska\/ccvapp\/#website","url":"https:\/\/www.upjs.sk\/pracoviska\/ccvapp\/","name":"Centrum celo\u017eivotn\u00e9ho vzdel\u00e1vania a podpory projektov | UPJ\u0160","description":"","publisher":{"@id":"https:\/\/www.upjs.sk\/pracoviska\/ccvapp\/#organization"},"potentialAction":[{"@type":"SearchAction","target":{"@type":"EntryPoint","urlTemplate":"https:\/\/www.upjs.sk\/pracoviska\/ccvapp\/?s={search_term_string}"},"query-input":{"@type":"PropertyValueSpecification","valueRequired":true,"valueName":"search_term_string"}}],"inLanguage":"sk-SK"},{"@type":"Organization","@id":"https:\/\/www.upjs.sk\/pracoviska\/ccvapp\/#organization","name":"Centrum celo\u017eivotn\u00e9ho vzdel\u00e1vania a podpory projektov | UPJ\u0160","url":"https:\/\/www.upjs.sk\/pracoviska\/ccvapp\/","logo":{"@type":"ImageObject","inLanguage":"sk-SK","@id":"https:\/\/www.upjs.sk\/pracoviska\/ccvapp\/#\/schema\/logo\/image\/","url":"https:\/\/www.upjs.sk\/app\/uploads\/sites\/22\/2023\/01\/CCVaPP.svg","contentUrl":"https:\/\/www.upjs.sk\/app\/uploads\/sites\/22\/2023\/01\/CCVaPP.svg","width":500,"height":138,"caption":"Centrum celo\u017eivotn\u00e9ho vzdel\u00e1vania a podpory projektov | UPJ\u0160"},"image":{"@id":"https:\/\/www.upjs.sk\/pracoviska\/ccvapp\/#\/schema\/logo\/image\/"}}]}},"_links":{"self":[{"href":"https:\/\/www.upjs.sk\/pracoviska\/ccvapp\/wp-json\/wp\/v2\/pages\/13535","targetHints":{"allow":["GET"]}}],"collection":[{"href":"https:\/\/www.upjs.sk\/pracoviska\/ccvapp\/wp-json\/wp\/v2\/pages"}],"about":[{"href":"https:\/\/www.upjs.sk\/pracoviska\/ccvapp\/wp-json\/wp\/v2\/types\/page"}],"author":[{"embeddable":true,"href":"https:\/\/www.upjs.sk\/pracoviska\/ccvapp\/wp-json\/wp\/v2\/users\/30"}],"replies":[{"embeddable":true,"href":"https:\/\/www.upjs.sk\/pracoviska\/ccvapp\/wp-json\/wp\/v2\/comments?post=13535"}],"version-history":[{"count":2,"href":"https:\/\/www.upjs.sk\/pracoviska\/ccvapp\/wp-json\/wp\/v2\/pages\/13535\/revisions"}],"predecessor-version":[{"id":16709,"href":"https:\/\/www.upjs.sk\/pracoviska\/ccvapp\/wp-json\/wp\/v2\/pages\/13535\/revisions\/16709"}],"up":[{"embeddable":true,"href":"https:\/\/www.upjs.sk\/pracoviska\/ccvapp\/wp-json\/wp\/v2\/pages\/13510"}],"wp:attachment":[{"href":"https:\/\/www.upjs.sk\/pracoviska\/ccvapp\/wp-json\/wp\/v2\/media?parent=13535"}],"wp:term":[{"taxonomy":"category","embeddable":true,"href":"https:\/\/www.upjs.sk\/pracoviska\/ccvapp\/wp-json\/wp\/v2\/categories?post=13535"},{"taxonomy":"post_tag","embeddable":true,"href":"https:\/\/www.upjs.sk\/pracoviska\/ccvapp\/wp-json\/wp\/v2\/tags?post=13535"}],"curies":[{"name":"wp","href":"https:\/\/api.w.org\/{rel}","templated":true}]}}