{"id":13594,"date":"2021-10-13T00:00:42","date_gmt":"2021-10-13T00:00:42","guid":{"rendered":"https:\/\/www.upjs.sk\/pracoviska\/ccvapp\/root\/medzinarodne-certifikaty\/ecdl\/kontakt\/"},"modified":"2023-02-10T12:35:47","modified_gmt":"2023-02-10T12:35:47","slug":"kontakt","status":"publish","type":"page","link":"https:\/\/www.upjs.sk\/pracoviska\/ccvapp\/icdl\/kontakt\/","title":{"rendered":"Kontakt"},"content":{"rendered":"\n<div class=\"wp-block-columns is-layout-flex wp-container-core-columns-is-layout-9d6595d7 wp-block-columns-is-layout-flex\">\n<div class=\"wp-block-column is-layout-flow wp-block-column-is-layout-flow\" style=\"flex-basis:33.33%\">\n<h4 class=\"wp-block-heading\"><strong>Kancel\u00e1ria ICDL UPJ\u0160<\/strong><\/h4>\n\n\n\n<p>Mgr. Eva Ru\u017ei\u010dkov\u00e1 (ecdl @ upjs.sk)<br>Univerzita Pavla Jozefa \u0160af\u00e1rika v Ko\u0161iciach<br>\u0160rob\u00e1rova 2, 041 80 Ko\u0161ice<br>I\u010cO: 00397768<\/p>\n\n\n\n<p>Tel. +421 55 234 1267<\/p>\n<\/div>\n\n\n\n<div class=\"wp-block-column is-layout-flow wp-block-column-is-layout-flow\" style=\"flex-basis:66.66%\"><style>.kb-google-maps-container_375af1-6a{height:450px;}<\/style>\n<div class=\"kb-google-maps-container kb-google-maps-container_375af1-6a\" data-mapid=\"_375af1-6a\"><iframe width=\"100%\" height=\"100%\" style=\"border:0\" loading=\"lazy\" src=\"https:\/\/www.google.com\/maps\/embed\/v1\/place?key=AIzaSyBAM2o7PiQqwk15LC1XRH2e_KJ-jUa7KYk&amp;zoom=17&amp;maptype=roadmap&amp;q=%C5%A0rob%C3%A1rova%202%2C%20Ko%C5%A1ice\"><\/iframe><\/div>\n<script>function kb_google_map_375af16a() { let center = { lat: 37.8201, lng: -122.4781}; let map = new google.maps.Map(document.getElementById(\"kb-google-map_375af16a\"), {\n\t\t\t\t\t    zoom: 17,\n\t\t\t\t\t    center: center,});let marker = new google.maps.Marker({   position: { lat: 37.8201, lng: -122.4781},    map: map,  });}<\/script><\/div>\n<\/div>\n\n\n\n<p><\/p>\n","protected":false},"excerpt":{"rendered":"<p>Kancel\u00e1ria ICDL UPJ\u0160 Mgr. Eva Ru\u017ei\u010dkov\u00e1 (ecdl @ upjs.sk)Univerzita Pavla Jozefa \u0160af\u00e1rika v Ko\u0161iciach\u0160rob\u00e1rova 2, 041 80 Ko\u0161iceI\u010cO: 00397768 Tel. +421 55 234 1267<\/p>\n","protected":false},"author":1,"featured_media":15770,"parent":13563,"menu_order":5,"comment_status":"closed","ping_status":"closed","template":"","meta":{"_acf_changed":false,"_editorskit_title_hidden":false,"_editorskit_reading_time":1,"_editorskit_is_block_options_detached":false,"_editorskit_block_options_position":"{}","footnotes":""},"categories":[],"tags":[],"class_list":["post-13594","page","type-page","status-publish","has-post-thumbnail","hentry"],"acf":{"acf_link_na_externy_obsah":""},"yoast_head":"<!-- This site is optimized with the Yoast SEO plugin v27.2 - https:\/\/yoast.com\/product\/yoast-seo-wordpress\/ -->\n<title>Kontakt - Centrum celo\u017eivotn\u00e9ho vzdel\u00e1vania a podpory projektov | UPJ\u0160<\/title>\n<meta name=\"robots\" content=\"index, follow, max-snippet:-1, max-image-preview:large, max-video-preview:-1\" \/>\n<link rel=\"canonical\" href=\"https:\/\/www.upjs.sk\/pracoviska\/ccvapp\/icdl\/kontakt\/\" \/>\n<meta property=\"og:locale\" content=\"sk_SK\" \/>\n<meta property=\"og:type\" content=\"article\" \/>\n<meta property=\"og:title\" content=\"Kontakt - Centrum celo\u017eivotn\u00e9ho vzdel\u00e1vania a podpory projektov | UPJ\u0160\" \/>\n<meta property=\"og:description\" content=\"Kancel\u00e1ria ICDL UPJ\u0160 Mgr. Eva Ru\u017ei\u010dkov\u00e1 (ecdl @ upjs.sk)Univerzita Pavla Jozefa \u0160af\u00e1rika v Ko\u0161iciach\u0160rob\u00e1rova 2, 041 80 Ko\u0161iceI\u010cO: 00397768 Tel. +421 55 234 1267\" \/>\n<meta property=\"og:url\" content=\"https:\/\/www.upjs.sk\/pracoviska\/ccvapp\/icdl\/kontakt\/\" \/>\n<meta property=\"og:site_name\" content=\"Centrum celo\u017eivotn\u00e9ho vzdel\u00e1vania a podpory projektov | UPJ\u0160\" \/>\n<meta property=\"article:modified_time\" content=\"2023-02-10T12:35:47+00:00\" \/>\n<meta property=\"og:image\" content=\"https:\/\/www.upjs.sk\/app\/uploads\/sites\/22\/2023\/02\/icdl_logo.png\" \/>\n\t<meta property=\"og:image:width\" content=\"1318\" \/>\n\t<meta property=\"og:image:height\" content=\"848\" \/>\n\t<meta property=\"og:image:type\" content=\"image\/png\" \/>\n<meta name=\"twitter:card\" content=\"summary_large_image\" \/>\n<meta name=\"twitter:label1\" content=\"Predpokladan\u00fd \u010das \u010d\u00edtania\" \/>\n\t<meta name=\"twitter:data1\" content=\"1 min\u00fata\" \/>\n<script type=\"application\/ld+json\" class=\"yoast-schema-graph\">{\"@context\":\"https:\/\/schema.org\",\"@graph\":[{\"@type\":\"WebPage\",\"@id\":\"https:\/\/www.upjs.sk\/pracoviska\/ccvapp\/icdl\/kontakt\/\",\"url\":\"https:\/\/www.upjs.sk\/pracoviska\/ccvapp\/icdl\/kontakt\/\",\"name\":\"Kontakt - Centrum celo\u017eivotn\u00e9ho vzdel\u00e1vania a podpory projektov | UPJ\u0160\",\"isPartOf\":{\"@id\":\"https:\/\/www.upjs.sk\/pracoviska\/ccvapp\/#website\"},\"primaryImageOfPage\":{\"@id\":\"https:\/\/www.upjs.sk\/pracoviska\/ccvapp\/icdl\/kontakt\/#primaryimage\"},\"image\":{\"@id\":\"https:\/\/www.upjs.sk\/pracoviska\/ccvapp\/icdl\/kontakt\/#primaryimage\"},\"thumbnailUrl\":\"https:\/\/www.upjs.sk\/app\/uploads\/sites\/22\/2023\/02\/icdl_logo.png\",\"datePublished\":\"2021-10-13T00:00:42+00:00\",\"dateModified\":\"2023-02-10T12:35:47+00:00\",\"breadcrumb\":{\"@id\":\"https:\/\/www.upjs.sk\/pracoviska\/ccvapp\/icdl\/kontakt\/#breadcrumb\"},\"inLanguage\":\"sk-SK\",\"potentialAction\":[{\"@type\":\"ReadAction\",\"target\":[\"https:\/\/www.upjs.sk\/pracoviska\/ccvapp\/icdl\/kontakt\/\"]}]},{\"@type\":\"ImageObject\",\"inLanguage\":\"sk-SK\",\"@id\":\"https:\/\/www.upjs.sk\/pracoviska\/ccvapp\/icdl\/kontakt\/#primaryimage\",\"url\":\"https:\/\/www.upjs.sk\/app\/uploads\/sites\/22\/2023\/02\/icdl_logo.png\",\"contentUrl\":\"https:\/\/www.upjs.sk\/app\/uploads\/sites\/22\/2023\/02\/icdl_logo.png\",\"width\":1318,\"height\":848},{\"@type\":\"BreadcrumbList\",\"@id\":\"https:\/\/www.upjs.sk\/pracoviska\/ccvapp\/icdl\/kontakt\/#breadcrumb\",\"itemListElement\":[{\"@type\":\"ListItem\",\"position\":1,\"name\":\"Home\",\"item\":\"https:\/\/www.upjs.sk\/pracoviska\/ccvapp\/\"},{\"@type\":\"ListItem\",\"position\":2,\"name\":\"Certifik\u00e1t ICDL\",\"item\":\"https:\/\/www.upjs.sk\/pracoviska\/ccvapp\/icdl\/\"},{\"@type\":\"ListItem\",\"position\":3,\"name\":\"Kontakt\"}]},{\"@type\":\"WebSite\",\"@id\":\"https:\/\/www.upjs.sk\/pracoviska\/ccvapp\/#website\",\"url\":\"https:\/\/www.upjs.sk\/pracoviska\/ccvapp\/\",\"name\":\"Centrum celo\u017eivotn\u00e9ho vzdel\u00e1vania a podpory projektov | UPJ\u0160\",\"description\":\"\",\"publisher\":{\"@id\":\"https:\/\/www.upjs.sk\/pracoviska\/ccvapp\/#organization\"},\"potentialAction\":[{\"@type\":\"SearchAction\",\"target\":{\"@type\":\"EntryPoint\",\"urlTemplate\":\"https:\/\/www.upjs.sk\/pracoviska\/ccvapp\/?s={search_term_string}\"},\"query-input\":{\"@type\":\"PropertyValueSpecification\",\"valueRequired\":true,\"valueName\":\"search_term_string\"}}],\"inLanguage\":\"sk-SK\"},{\"@type\":\"Organization\",\"@id\":\"https:\/\/www.upjs.sk\/pracoviska\/ccvapp\/#organization\",\"name\":\"Centrum celo\u017eivotn\u00e9ho vzdel\u00e1vania a podpory projektov | UPJ\u0160\",\"url\":\"https:\/\/www.upjs.sk\/pracoviska\/ccvapp\/\",\"logo\":{\"@type\":\"ImageObject\",\"inLanguage\":\"sk-SK\",\"@id\":\"https:\/\/www.upjs.sk\/pracoviska\/ccvapp\/#\/schema\/logo\/image\/\",\"url\":\"https:\/\/www.upjs.sk\/app\/uploads\/sites\/22\/2023\/01\/CCVaPP.svg\",\"contentUrl\":\"https:\/\/www.upjs.sk\/app\/uploads\/sites\/22\/2023\/01\/CCVaPP.svg\",\"width\":500,\"height\":138,\"caption\":\"Centrum celo\u017eivotn\u00e9ho vzdel\u00e1vania a podpory projektov | UPJ\u0160\"},\"image\":{\"@id\":\"https:\/\/www.upjs.sk\/pracoviska\/ccvapp\/#\/schema\/logo\/image\/\"}}]}<\/script>\n<!-- \/ Yoast SEO plugin. -->","yoast_head_json":{"title":"Kontakt - Centrum celo\u017eivotn\u00e9ho vzdel\u00e1vania a podpory projektov | UPJ\u0160","robots":{"index":"index","follow":"follow","max-snippet":"max-snippet:-1","max-image-preview":"max-image-preview:large","max-video-preview":"max-video-preview:-1"},"canonical":"https:\/\/www.upjs.sk\/pracoviska\/ccvapp\/icdl\/kontakt\/","og_locale":"sk_SK","og_type":"article","og_title":"Kontakt - Centrum celo\u017eivotn\u00e9ho vzdel\u00e1vania a podpory projektov | UPJ\u0160","og_description":"Kancel\u00e1ria ICDL UPJ\u0160 Mgr. Eva Ru\u017ei\u010dkov\u00e1 (ecdl @ upjs.sk)Univerzita Pavla Jozefa \u0160af\u00e1rika v Ko\u0161iciach\u0160rob\u00e1rova 2, 041 80 Ko\u0161iceI\u010cO: 00397768 Tel. +421 55 234 1267","og_url":"https:\/\/www.upjs.sk\/pracoviska\/ccvapp\/icdl\/kontakt\/","og_site_name":"Centrum celo\u017eivotn\u00e9ho vzdel\u00e1vania a podpory projektov | UPJ\u0160","article_modified_time":"2023-02-10T12:35:47+00:00","og_image":[{"width":1318,"height":848,"url":"https:\/\/www.upjs.sk\/app\/uploads\/sites\/22\/2023\/02\/icdl_logo.png","type":"image\/png"}],"twitter_card":"summary_large_image","twitter_misc":{"Predpokladan\u00fd \u010das \u010d\u00edtania":"1 min\u00fata"},"schema":{"@context":"https:\/\/schema.org","@graph":[{"@type":"WebPage","@id":"https:\/\/www.upjs.sk\/pracoviska\/ccvapp\/icdl\/kontakt\/","url":"https:\/\/www.upjs.sk\/pracoviska\/ccvapp\/icdl\/kontakt\/","name":"Kontakt - Centrum celo\u017eivotn\u00e9ho vzdel\u00e1vania a podpory projektov | UPJ\u0160","isPartOf":{"@id":"https:\/\/www.upjs.sk\/pracoviska\/ccvapp\/#website"},"primaryImageOfPage":{"@id":"https:\/\/www.upjs.sk\/pracoviska\/ccvapp\/icdl\/kontakt\/#primaryimage"},"image":{"@id":"https:\/\/www.upjs.sk\/pracoviska\/ccvapp\/icdl\/kontakt\/#primaryimage"},"thumbnailUrl":"https:\/\/www.upjs.sk\/app\/uploads\/sites\/22\/2023\/02\/icdl_logo.png","datePublished":"2021-10-13T00:00:42+00:00","dateModified":"2023-02-10T12:35:47+00:00","breadcrumb":{"@id":"https:\/\/www.upjs.sk\/pracoviska\/ccvapp\/icdl\/kontakt\/#breadcrumb"},"inLanguage":"sk-SK","potentialAction":[{"@type":"ReadAction","target":["https:\/\/www.upjs.sk\/pracoviska\/ccvapp\/icdl\/kontakt\/"]}]},{"@type":"ImageObject","inLanguage":"sk-SK","@id":"https:\/\/www.upjs.sk\/pracoviska\/ccvapp\/icdl\/kontakt\/#primaryimage","url":"https:\/\/www.upjs.sk\/app\/uploads\/sites\/22\/2023\/02\/icdl_logo.png","contentUrl":"https:\/\/www.upjs.sk\/app\/uploads\/sites\/22\/2023\/02\/icdl_logo.png","width":1318,"height":848},{"@type":"BreadcrumbList","@id":"https:\/\/www.upjs.sk\/pracoviska\/ccvapp\/icdl\/kontakt\/#breadcrumb","itemListElement":[{"@type":"ListItem","position":1,"name":"Home","item":"https:\/\/www.upjs.sk\/pracoviska\/ccvapp\/"},{"@type":"ListItem","position":2,"name":"Certifik\u00e1t ICDL","item":"https:\/\/www.upjs.sk\/pracoviska\/ccvapp\/icdl\/"},{"@type":"ListItem","position":3,"name":"Kontakt"}]},{"@type":"WebSite","@id":"https:\/\/www.upjs.sk\/pracoviska\/ccvapp\/#website","url":"https:\/\/www.upjs.sk\/pracoviska\/ccvapp\/","name":"Centrum celo\u017eivotn\u00e9ho vzdel\u00e1vania a podpory projektov | UPJ\u0160","description":"","publisher":{"@id":"https:\/\/www.upjs.sk\/pracoviska\/ccvapp\/#organization"},"potentialAction":[{"@type":"SearchAction","target":{"@type":"EntryPoint","urlTemplate":"https:\/\/www.upjs.sk\/pracoviska\/ccvapp\/?s={search_term_string}"},"query-input":{"@type":"PropertyValueSpecification","valueRequired":true,"valueName":"search_term_string"}}],"inLanguage":"sk-SK"},{"@type":"Organization","@id":"https:\/\/www.upjs.sk\/pracoviska\/ccvapp\/#organization","name":"Centrum celo\u017eivotn\u00e9ho vzdel\u00e1vania a podpory projektov | UPJ\u0160","url":"https:\/\/www.upjs.sk\/pracoviska\/ccvapp\/","logo":{"@type":"ImageObject","inLanguage":"sk-SK","@id":"https:\/\/www.upjs.sk\/pracoviska\/ccvapp\/#\/schema\/logo\/image\/","url":"https:\/\/www.upjs.sk\/app\/uploads\/sites\/22\/2023\/01\/CCVaPP.svg","contentUrl":"https:\/\/www.upjs.sk\/app\/uploads\/sites\/22\/2023\/01\/CCVaPP.svg","width":500,"height":138,"caption":"Centrum celo\u017eivotn\u00e9ho vzdel\u00e1vania a podpory projektov | UPJ\u0160"},"image":{"@id":"https:\/\/www.upjs.sk\/pracoviska\/ccvapp\/#\/schema\/logo\/image\/"}}]}},"_links":{"self":[{"href":"https:\/\/www.upjs.sk\/pracoviska\/ccvapp\/wp-json\/wp\/v2\/pages\/13594","targetHints":{"allow":["GET"]}}],"collection":[{"href":"https:\/\/www.upjs.sk\/pracoviska\/ccvapp\/wp-json\/wp\/v2\/pages"}],"about":[{"href":"https:\/\/www.upjs.sk\/pracoviska\/ccvapp\/wp-json\/wp\/v2\/types\/page"}],"author":[{"embeddable":true,"href":"https:\/\/www.upjs.sk\/pracoviska\/ccvapp\/wp-json\/wp\/v2\/users\/1"}],"replies":[{"embeddable":true,"href":"https:\/\/www.upjs.sk\/pracoviska\/ccvapp\/wp-json\/wp\/v2\/comments?post=13594"}],"version-history":[{"count":4,"href":"https:\/\/www.upjs.sk\/pracoviska\/ccvapp\/wp-json\/wp\/v2\/pages\/13594\/revisions"}],"predecessor-version":[{"id":15955,"href":"https:\/\/www.upjs.sk\/pracoviska\/ccvapp\/wp-json\/wp\/v2\/pages\/13594\/revisions\/15955"}],"up":[{"embeddable":true,"href":"https:\/\/www.upjs.sk\/pracoviska\/ccvapp\/wp-json\/wp\/v2\/pages\/13563"}],"wp:featuredmedia":[{"embeddable":true,"href":"https:\/\/www.upjs.sk\/pracoviska\/ccvapp\/wp-json\/wp\/v2\/media\/15770"}],"wp:attachment":[{"href":"https:\/\/www.upjs.sk\/pracoviska\/ccvapp\/wp-json\/wp\/v2\/media?parent=13594"}],"wp:term":[{"taxonomy":"category","embeddable":true,"href":"https:\/\/www.upjs.sk\/pracoviska\/ccvapp\/wp-json\/wp\/v2\/categories?post=13594"},{"taxonomy":"post_tag","embeddable":true,"href":"https:\/\/www.upjs.sk\/pracoviska\/ccvapp\/wp-json\/wp\/v2\/tags?post=13594"}],"curies":[{"name":"wp","href":"https:\/\/api.w.org\/{rel}","templated":true}]}}