{"id":13606,"date":"2022-09-08T22:22:45","date_gmt":"2022-09-08T22:22:10","guid":{"rendered":"https:\/\/www.upjs.sk\/pracoviska\/ccvapp\/root\/referencie\/"},"modified":"2025-04-24T11:35:27","modified_gmt":"2025-04-24T11:35:27","slug":"referencie","status":"publish","type":"page","link":"https:\/\/www.upjs.sk\/pracoviska\/ccvapp\/referencie\/","title":{"rendered":"Vybran\u00e9 referencie"},"content":{"rendered":"\n<p class=\"has-text-align-justify\">Centrum celo\u017eivotn\u00e9ho vzdel\u00e1vania a podpory projektov (CCVaPP)\u00a0 je u\u017e dlhodobo etablovan\u00e9 v oblasti celo\u017eivotn\u00e9ho vzdel\u00e1vania a realizovalo cel\u00fd rad komer\u010dn\u00fdch a\u00a0nekomer\u010dn\u00fdch aktiv\u00edt pre absolventov i verejnos\u0165. CCVaPP je l\u00eddrom v oblasti \u010fal\u0161ieho vzdel\u00e1vania, v mana\u017eovan\u00ed projektov realizovan\u00fdch v r\u00e1mci jednotliv\u00fdch opera\u010dn\u00fdch programov, zabezpe\u010dovan\u00ed logistiky vzdel\u00e1vac\u00edch aktiv\u00edt s celoslovensk\u00fdm p\u00f4soben\u00edm a\u00a0podporou a realiz\u00e1ciou digit\u00e1lnej transform\u00e1cie vzdel\u00e1vania.<\/p>\n\n\n\n<div class=\"wp-block-columns is-layout-flex wp-container-core-columns-is-layout-9d6595d7 wp-block-columns-is-layout-flex\">\n<div class=\"wp-block-column is-layout-flow wp-block-column-is-layout-flow\">\n<figure class=\"wp-block-image aligncenter size-full caption-align-center\"><img loading=\"lazy\" decoding=\"async\" width=\"270\" height=\"60\" src=\"https:\/\/www.upjs.sk\/app\/uploads\/sites\/22\/2022\/11\/logo_mfsr.png\" alt=\"\" class=\"wp-image-13860\"\/><\/figure>\n\n\n\n<div class=\"wp-block-columns is-layout-flex wp-container-core-columns-is-layout-9d6595d7 wp-block-columns-is-layout-flex\">\n<div class=\"wp-block-column is-layout-flow wp-block-column-is-layout-flow\">\n<figure class=\"wp-block-image aligncenter size-full\"><img loading=\"lazy\" decoding=\"async\" width=\"100\" height=\"60\" src=\"https:\/\/www.upjs.sk\/app\/uploads\/sites\/22\/2022\/11\/logo_kpmg.png\" alt=\"\" class=\"wp-image-13859\"\/><\/figure>\n<\/div>\n\n\n\n<div class=\"wp-block-column is-layout-flow wp-block-column-is-layout-flow\">\n<figure class=\"wp-block-image aligncenter size-full\"><img loading=\"lazy\" decoding=\"async\" width=\"235\" height=\"60\" src=\"https:\/\/www.upjs.sk\/app\/uploads\/sites\/22\/2022\/11\/logo_siemens.png\" alt=\"\" class=\"wp-image-13858\"\/><\/figure>\n<\/div>\n\n\n\n<div class=\"wp-block-column is-layout-flow wp-block-column-is-layout-flow\">\n<figure class=\"wp-block-image aligncenter size-full\"><img loading=\"lazy\" decoding=\"async\" width=\"160\" height=\"60\" src=\"https:\/\/www.upjs.sk\/app\/uploads\/sites\/22\/2022\/11\/logo_t-systems.png\" alt=\"\" class=\"wp-image-13857\"\/><\/figure>\n<\/div>\n\n\n\n<div class=\"wp-block-column is-layout-flow wp-block-column-is-layout-flow\">\n<figure class=\"wp-block-image aligncenter size-full\"><img loading=\"lazy\" decoding=\"async\" width=\"170\" height=\"60\" src=\"https:\/\/www.upjs.sk\/app\/uploads\/sites\/22\/2022\/11\/logo_spu.png\" alt=\"\" class=\"wp-image-13856\"\/><\/figure>\n<\/div>\n<\/div>\n<\/div>\n<\/div>\n\n\n\n<figure class=\"wp-block-table is-style-stripes\"><table><tbody><tr><td><strong>Objedn\u00e1vate\u013e:<br>Obdobie:<br>Oblas\u0165 aktiv\u00edt:<\/strong><\/td><td><strong>Ministerstvo financi\u00ed SR<\/strong><br>2022 \u2013 trv\u00e1<br>Centr\u00e1lny ekonomick\u00fd syst\u00e9m<\/td><\/tr><tr><td><strong>Objedn\u00e1vate\u013e:<br>Obdobie:<br>Oblas\u0165 aktiv\u00edt:<\/strong><\/td><td><strong>Ministerstvo \u0161kolstva, vedy, v\u00fdskumu a \u0161portu Slovenskej republiky<\/strong><br>2022 &#8211; trv\u00e1<br>Vzdel\u00e1vacie aktivity a profesijn\u00fa pr\u00edprava pedagogick\u00fdch l\u00eddrov v regi\u00f3noch v r\u00e1mci Region\u00e1lnych centrier podpory pre u\u010dite\u013eov Z\u0160<\/td><\/tr><tr><td><strong>Objedn\u00e1vate\u013e:<br>Obdobie:<br>Oblas\u0165 aktiv\u00edt:<\/strong><\/td><td><strong>Ministerstvo invest\u00edci\u00ed, region\u00e1lneho rozvoja a informatiz\u00e1cie SR<\/strong><br>2022<br>Organiz\u00e1cia \u0161kolen\u00ed digit\u00e1lnych zru\u010dnost\u00ed seniorov a odovzd\u00e1vanie technick\u00fdch zariaden\u00ed &#8211; komponent 17 \u2013 Digit\u00e1lne Slovensko, Invest\u00edcia 7: Zlep\u0161ovanie digit\u00e1lnych zru\u010dnost\u00ed seniorov a distrib\u00facia Senior Tabletov &#8211; Pl\u00e1n obnovy a odolnosti SR<\/td><\/tr><tr><td><strong>Objedn\u00e1vate\u013e:<br>Obdobie:<br>Oblas\u0165 aktiv\u00edt:<\/strong><\/td><td><strong>Ministerstvo invest\u00edci\u00ed, region\u00e1lneho rozvoja a informatiz\u00e1cie SR<\/strong><br>2022<br>Pr\u00edpravn\u00e1 \u0161t\u00fadia ku komponentu 17 \u2013 Digit\u00e1lne Slovensko, Invest\u00edcia 7: Zlep\u0161ovanie digit\u00e1lnych zru\u010dnost\u00ed seniorov a distrib\u00facia Senior Tabletov a tvorba \u0161tudijn\u00fdch materi\u00e1lov<\/td><\/tr><tr><td><strong>Objedn\u00e1vate\u013e:<br>Obdobie:<br>Oblas\u0165 aktiv\u00edt:<\/strong><\/td><td><strong>Ministerstvo \u0161kolstva, vedy, v\u00fdskumu a \u0161portu Slovenskej republiky<\/strong> (Centrum vedecko-technick\u00fdch inform\u00e1ci\u00ed SR)<br>2016 &#8211; 2022<br>Vzdel\u00e1vacie aktivity, administrat\u00edvna a technick\u00e1 podpora v r\u00e1mci n\u00e1rodn\u00e9ho projektu IT Akad\u00e9mia \u2013 vzdel\u00e1vanie pre 21. storo\u010die<\/td><\/tr><tr><td><strong>Objedn\u00e1vate\u013e:<br>Obdobie:<br>Oblas\u0165 aktiv\u00edt:<\/strong><\/td><td><strong>Ministerstvo financi\u00ed SR<\/strong><br>2004 \u2013 2019<br>Syst\u00e9m \u0160t\u00e1tnej pokladnice a jednotn\u00e9ho \u0161t\u00e1tneho \u00fa\u010dtovn\u00edctva a&nbsp;v\u00fdkazn\u00edctva (ManEx, akru\u00e1lne \u00fa\u010dtovn\u00edctvo, konsolid\u00e1cia, Centr\u00e1lny konsolida\u010dn\u00fd syst\u00e9m, RISSAM.v\u00fdkazy, D\u00e1tov\u00e9 centrum obc\u00ed a&nbsp;miest, Integrovan\u00e9 obslu\u017en\u00e9 miesto ob\u010dana, SAP Overview, spracovanie v\u00fdstupov pomocou tabu\u013ekov\u00e9ho kalkul\u00e1tora, automatizovan\u00e1 spr\u00e1va registrat\u00fary).<\/td><\/tr><tr><td><strong>Objedn\u00e1vate\u013e:<br>Obdobie:<br>Oblas\u0165 vzdel\u00e1vania:<\/strong><\/td><td><strong>mc.edu, s.r.o.<\/strong><br>2005<br>Vzdel\u00e1vacie aktivity pre u\u010dite\u013eov z\u00e1kladn\u00fdch a&nbsp;stredn\u00fdch \u0161k\u00f4l v&nbsp;r\u00e1mci projektu Vzdel\u00e1vanie u\u010dite\u013eov v&nbsp;oblasti pr\u00e1ce a vyu\u017eitia IKT v pr\u00e1ci u\u010dite\u013ea \u2013 PIR\u0160 (Projekt informatiz\u00e1cie region\u00e1lneho \u0161kolstva).<\/td><\/tr><tr><td><strong>Objedn\u00e1vate\u013e:<br>Obdobie:<br>Oblas\u0165 vzdel\u00e1vania:<\/strong><\/td><td><strong>CARGO Slovakia, a.s.<\/strong><br>2005 \u2013 2006<br>Z\u00e1klady pr\u00e1ce s&nbsp;po\u010d\u00edta\u010dom pre zamestnancov spolo\u010dnosti CARGO Slovakia, a.s. a&nbsp;individu\u00e1lne \u0161kolenia pre TOP mana\u017e\u00e9rov spolo\u010dnosti CARGO Slovakia, a.s.<\/td><\/tr><tr><td><strong>Objedn\u00e1vate\u013e:<br>Obdobie:<br>Oblas\u0165 aktiv\u00edt:<\/strong><\/td><td><strong>KPMG Slovensko, spol. s r.o.<\/strong><br>2006 \u2013 2007<br>Logistika vzdel\u00e1vac\u00edch aktiv\u00edt pre oblas\u0165 \u00fa\u010dtovn\u00edctva a v\u00fdkazn\u00edctva verejn\u00fdch financi\u00ed za \u00fa\u010delom adekv\u00e1tnej pr\u00edpravy \u00fa\u010dtovn\u00edkov na celo\u0161t\u00e1tne spustenie syst\u00e9mu akru\u00e1lneho \u00fa\u010dtovn\u00edctva vo verejnom sektore.<\/td><\/tr><tr><td><strong>Objedn\u00e1vate\u013e:<br>Obdobie:<br>Oblas\u0165 vzdel\u00e1vania:<\/strong><\/td><td><strong>T-Systems Slovakia, s.r.o.<\/strong><br>2006 \u2013 2007<br>Vzdel\u00e1vacie aktivity v&nbsp;r\u00e1mci Summer UniversITy, Evening UniversITy a IT farm.<\/td><\/tr><tr><td><strong>Objedn\u00e1vate\u013e:<br>Obdobie:<br>Oblas\u0165 vzdel\u00e1vania:<\/strong><\/td><td><strong>Siemens, s.r.o.<\/strong><br>2007<br>Vzdel\u00e1vacie aktivity pre RO, SORO, PO a CKO po\u010das n\u00e1behu ITMS II pre programov\u00e9 obdobie 2007 \u2013 2013 pre Ministerstvo v\u00fdstavby a region\u00e1lneho rozvoja SR.<\/td><\/tr><tr><td><strong>Objedn\u00e1vate\u013e:<br>Obdobie:<br>Oblas\u0165 vzdel\u00e1vania:<\/strong><\/td><td><strong>\u0160t\u00e1tny pedagogick\u00fd \u00fastav<\/strong><br>2009<span style=\"line-height: 20.8px\">&nbsp;\u2013<\/span> 2011<br>Vzdel\u00e1vacie aktivity v r\u00e1mci n\u00e1rodn\u00e9ho projektu \u010eal\u0161ie vzdel\u00e1vanie u\u010dite\u013eov z\u00e1kladn\u00fdch \u0161k\u00f4l a&nbsp;stredn\u00fdch \u0161k\u00f4l v predmete informatika.<\/td><\/tr><tr><td><strong>Objedn\u00e1vate\u013e:<br>Obdobie:<br>Oblas\u0165 vzdel\u00e1vania:<\/strong><\/td><td><strong>\u00dastav inform\u00e1ci\u00ed a progn\u00f3z \u0161kolstva (prostredn\u00edctvom Elfa, s.r.o.)<\/strong><br>2009 \u2013 2013<br>Vzdel\u00e1vacie aktivity v r\u00e1mci n\u00e1rodn\u00fdch projektov Moderniz\u00e1cia vzdel\u00e1vacieho procesu na z\u00e1kladn\u00fdch \u0161kol\u00e1ch a Moderniz\u00e1cia vzdel\u00e1vacieho procesu na stredn\u00fdch \u0161kol\u00e1ch.<\/td><\/tr><tr><td><strong>Objedn\u00e1vate\u013e:<br>Obdobie:<br>Oblas\u0165 aktiv\u00edt:<\/strong><\/td><td><strong>Asint Educate, spol. s r.o.<\/strong><br>2009 \u2013 2011<br>V\u00fdvoj rie\u0161enia port\u00e1lu a vzdel\u00e1vacie aktivity pri implement\u00e1cii LMS (learning management system) pre Najvy\u0161\u0161\u00ed kontroln\u00fd \u00farad SR.<\/td><\/tr><tr><td><strong>Objedn\u00e1vate\u013e:<br>Obdobie:<br>Oblas\u0165 vzdel\u00e1vania:<\/strong><\/td><td><strong>Grain Slovakia, s. r. o.<\/strong><br>2009 \u2013 2011<br>Vzdel\u00e1vacie aktivity pre zamestnancov \u00faradov pr\u00e1ce, soci\u00e1lnych vec\u00ed a&nbsp;rodiny zameran\u00e9 na pr\u00e1cu s&nbsp;informa\u010dn\u00fdm syst\u00e9mom Syst\u00e9m slu\u017eieb zamestnanosti.<\/td><\/tr><tr><td><strong>Objedn\u00e1vate\u013e:<br>Obdobie:<br>Oblas\u0165 aktiv\u00edt:<\/strong><\/td><td><strong>Z\u00e1kladn\u00e1 \u0161kola, U\u017ehorodsk\u00e1 39, Ko\u0161ice<\/strong><br>2009 \u2013 2011<br>Vzdel\u00e1vacie aktivity a konzulta\u010dn\u00e1 \u010dinnos\u0165 pri implement\u00e1cii dopytovo-orientovan\u00e9ho projektu &#8222;U\u010denie (sa) n\u00e1s bav\u00ed&#8220; realizovan\u00e9ho Z\u00e1kladnou \u0161kolou, U\u017ehorodsk\u00e1 39, Ko\u0161ice.<\/td><\/tr><tr><td><strong>Objedn\u00e1vate\u013e:<br>Obdobie:<br>Oblas\u0165 aktiv\u00edt:<\/strong><\/td><td><strong>Z\u00e1kladn\u00e1 \u0161kola, Ke\u017emarsk\u00e1 28, Ko\u0161ice<\/strong><br>2009 \u2013 2011<br>Vzdel\u00e1vacie aktivity a konzulta\u010dn\u00e1 \u010dinnos\u0165 pri implement\u00e1cii dopytovo-orientovan\u00e9ho projektu &#8222;Znalos\u0165 cudz\u00edch jazykov n\u00e1m otv\u00e1ra dvere do sveta&#8220; realizovan\u00e9ho Z\u00e1kladnou \u0161kolou, Ke\u017emarsk\u00e1 28, Ko\u0161ice.<\/td><\/tr><tr><td><strong>Objedn\u00e1vate\u013e:<br>Obdobie:<br>Oblas\u0165 vzdel\u00e1vania:<\/strong><\/td><td><strong>Klaster Ko\u0161ice IT Valley<\/strong><br>2009 \u2013 trv\u00e1<br>Vzdel\u00e1vacie aktivity v&nbsp;r\u00e1mci IT Valley Akad\u00e9mie a&nbsp;vzdel\u00e1vacieho projektu SAP Akad\u00e9mia v&nbsp;spolupr\u00e1ci s&nbsp;IT firmami SAP Slovensko, T-Systems, Tory Consulting, IBM, FPT.<\/td><\/tr><tr><td><strong>Objedn\u00e1vate\u013e:<br>Obdobie:<br>Oblas\u0165 aktiv\u00edt:<\/strong><\/td><td><strong>Z\u00e1kladn\u00e1 \u0161kola, Janigova 2, Ko\u0161ice<\/strong><br>2010 \u2013 2011<br>Vzdel\u00e1vacie aktivity a konzulta\u010dn\u00e1 \u010dinnos\u0165 pri implement\u00e1cii dopytovo-orientovan\u00e9ho projektu &#8222;Vzdelan\u00ed a kult\u00farni do sveta&#8220; realizovan\u00e9ho Z\u00e1kladnou \u0161kolou, Janigova 2, Ko\u0161ice.<\/td><\/tr><tr><td><strong>Objedn\u00e1vate\u013e:<br>Obdobie:<br>Oblas\u0165 aktiv\u00edt:<\/strong><\/td><td><strong>Z\u00e1kladn\u00e1 \u0161kola, Stani\u010dn\u00e1 13, Ko\u0161ice<\/strong><br>2010 \u2013 2011<br>Vzdel\u00e1vacie aktivity a konzulta\u010dn\u00e1 \u010dinnos\u0165 pri implement\u00e1cii dopytovo-orientovan\u00e9ho projektu &#8222;Moderniz\u00e1cia vzdel\u00e1vania prostredn\u00edctvom tvoriv\u00e9ho u\u010dite\u013ea a akt\u00edvneho \u017eiaka&#8220; realizovan\u00e9ho Z\u00e1kladnou \u0161kolou, Stani\u010dn\u00e1 13, Ko\u0161ice.<\/td><\/tr><tr><td><strong>Objedn\u00e1vate\u013e:<br>Obdobie:<br>Oblas\u0165 aktiv\u00edt:<\/strong><\/td><td><strong>Z\u00e1kladn\u00e1 \u0161kola, Ulica J\u00e1na Pavla II. 1, Ko\u0161ice<\/strong><br>2010 \u2013 2011<br>Vzdel\u00e1vacie aktivity a konzulta\u010dn\u00e1 \u010dinnos\u0165 pri implement\u00e1cii dopytovo-orientovan\u00e9ho projektu &#8222;Eur\u00f3pska modern\u00e1 \u0161kola&#8220; realizovan\u00e9ho Z\u00e1kladnou \u0161kolou, Ulica J\u00e1na Pavla II. 1, Ko\u0161ice.<\/td><\/tr><tr><td><strong>Objedn\u00e1vate\u013e:<br>Obdobie:<br>Oblas\u0165 aktiv\u00edt:<\/strong><\/td><td><strong>Mesto Trebi\u0161ov<\/strong><br>2014 \u2013 2015<br>Vzdel\u00e1vacie aktivity a konzulta\u010dn\u00e1 \u010dinnos\u0165 pri implement\u00e1cii dopytovo-orientovan\u00e9ho projektu &#8222;U\u010d\u00edme sa cel\u00fd \u017eivot&#8220; realizovan\u00e9ho mestom Trebi\u0161ov.<\/td><\/tr><tr><td><strong>Objedn\u00e1vate\u013e:<br>Obdobie:<br>Oblas\u0165 aktiv\u00edt:<\/strong><\/td><td><strong>Gymn\u00e1zium \u0160rob\u00e1rova 1, Ko\u0161ice<\/strong><br>2014 \u2013 2015<br>Vzdel\u00e1vacie aktivity a konzulta\u010dn\u00e1 \u010dinnos\u0165 pri implement\u00e1cii dopytovo-orientovan\u00e9ho projektu &#8222;SAPERE AUDE \u2013 Odv\u00e1\u017e sa by\u0165 m\u00fadrym&#8220; realizovan\u00e9ho Gymn\u00e1ziom \u0160rob\u00e1rova 1, Ko\u0161ice.<\/td><\/tr><tr><td><strong>Objedn\u00e1vate\u013e:<br>Obdobie:<br>Oblas\u0165 aktiv\u00edt:<\/strong><\/td><td><strong>Stredn\u00e1 zdravotn\u00edcka \u0161kola, Moyzesova 17, Ko\u0161ice<\/strong><br>2014 \u2013 2015<br>Vzdel\u00e1vacie aktivity a konzulta\u010dn\u00e1 \u010dinnos\u0165 pri implement\u00e1cii dopytovo-orientovan\u00e9ho projektu &#8222;Viac vedie\u0165 + viac pozna\u0165 = lep\u0161ie pom\u00e1ha\u0165&#8220; realizovan\u00e9ho Strednou zdravotn\u00edckou \u0161kolou, Moyzesova 17, Ko\u0161ice.<\/td><\/tr><\/tbody><\/table><\/figure>\n\n\n\n<p>&nbsp;<\/p>\n","protected":false},"excerpt":{"rendered":"<p>Centrum celo\u017eivotn\u00e9ho vzdel\u00e1vania a podpory projektov (CCVaPP)\u00a0 je u\u017e dlhodobo etablovan\u00e9 v oblasti celo\u017eivotn\u00e9ho vzdel\u00e1vania a realizovalo cel\u00fd rad komer\u010dn\u00fdch a\u00a0nekomer\u010dn\u00fdch aktiv\u00edt pre absolventov i verejnos\u0165. CCVaPP je l\u00eddrom v oblasti \u010fal\u0161ieho vzdel\u00e1vania, v mana\u017eovan\u00ed projektov realizovan\u00fdch v r\u00e1mci jednotliv\u00fdch opera\u010dn\u00fdch programov, zabezpe\u010dovan\u00ed logistiky vzdel\u00e1vac\u00edch aktiv\u00edt s celoslovensk\u00fdm p\u00f4soben\u00edm a\u00a0podporou a realiz\u00e1ciou digit\u00e1lnej transform\u00e1cie vzdel\u00e1vania. &hellip; <a href=\"https:\/\/www.upjs.sk\/pracoviska\/ccvapp\/referencie\/\">\u010c\u00edta\u0165 \u010falej<\/a><\/p>\n","protected":false},"author":30,"featured_media":0,"parent":0,"menu_order":7,"comment_status":"closed","ping_status":"closed","template":"","meta":{"_acf_changed":false,"_editorskit_title_hidden":false,"_editorskit_reading_time":3,"_editorskit_is_block_options_detached":false,"_editorskit_block_options_position":"{}","footnotes":""},"categories":[],"tags":[],"class_list":["post-13606","page","type-page","status-publish","hentry"],"acf":{"acf_link_na_externy_obsah":""},"yoast_head":"<!-- This site is optimized with the Yoast SEO plugin v27.4 - https:\/\/yoast.com\/product\/yoast-seo-wordpress\/ -->\n<title>Vybran\u00e9 referencie - Centrum celo\u017eivotn\u00e9ho vzdel\u00e1vania a podpory projektov | UPJ\u0160<\/title>\n<meta name=\"robots\" content=\"index, follow, max-snippet:-1, max-image-preview:large, max-video-preview:-1\" \/>\n<link rel=\"canonical\" href=\"https:\/\/www.upjs.sk\/pracoviska\/ccvapp\/referencie\/\" \/>\n<meta property=\"og:locale\" content=\"sk_SK\" \/>\n<meta property=\"og:type\" content=\"article\" \/>\n<meta property=\"og:title\" content=\"Vybran\u00e9 referencie - Centrum celo\u017eivotn\u00e9ho vzdel\u00e1vania a podpory projektov | UPJ\u0160\" \/>\n<meta property=\"og:description\" content=\"Centrum celo\u017eivotn\u00e9ho vzdel\u00e1vania a podpory projektov (CCVaPP)\u00a0 je u\u017e dlhodobo etablovan\u00e9 v oblasti celo\u017eivotn\u00e9ho vzdel\u00e1vania a realizovalo cel\u00fd rad komer\u010dn\u00fdch a\u00a0nekomer\u010dn\u00fdch aktiv\u00edt pre absolventov i verejnos\u0165. CCVaPP je l\u00eddrom v oblasti \u010fal\u0161ieho vzdel\u00e1vania, v mana\u017eovan\u00ed projektov realizovan\u00fdch v r\u00e1mci jednotliv\u00fdch opera\u010dn\u00fdch programov, zabezpe\u010dovan\u00ed logistiky vzdel\u00e1vac\u00edch aktiv\u00edt s celoslovensk\u00fdm p\u00f4soben\u00edm a\u00a0podporou a realiz\u00e1ciou digit\u00e1lnej transform\u00e1cie vzdel\u00e1vania. &hellip; \u010c\u00edta\u0165 \u010falej\" \/>\n<meta property=\"og:url\" content=\"https:\/\/www.upjs.sk\/pracoviska\/ccvapp\/referencie\/\" \/>\n<meta property=\"og:site_name\" content=\"Centrum celo\u017eivotn\u00e9ho vzdel\u00e1vania a podpory projektov | UPJ\u0160\" \/>\n<meta property=\"article:modified_time\" content=\"2025-04-24T11:35:27+00:00\" \/>\n<meta property=\"og:image\" content=\"https:\/\/www.upjs.sk\/app\/uploads\/sites\/22\/2022\/11\/logo_mfsr.png\" \/>\n<meta name=\"twitter:card\" content=\"summary_large_image\" \/>\n<meta name=\"twitter:label1\" content=\"Predpokladan\u00fd \u010das \u010d\u00edtania\" \/>\n\t<meta name=\"twitter:data1\" content=\"6 min\u00fat\" \/>\n<script type=\"application\/ld+json\" class=\"yoast-schema-graph\">{\"@context\":\"https:\\\/\\\/schema.org\",\"@graph\":[{\"@type\":\"WebPage\",\"@id\":\"https:\\\/\\\/www.upjs.sk\\\/pracoviska\\\/ccvapp\\\/referencie\\\/\",\"url\":\"https:\\\/\\\/www.upjs.sk\\\/pracoviska\\\/ccvapp\\\/referencie\\\/\",\"name\":\"Vybran\u00e9 referencie - Centrum celo\u017eivotn\u00e9ho vzdel\u00e1vania a podpory projektov | UPJ\u0160\",\"isPartOf\":{\"@id\":\"https:\\\/\\\/www.upjs.sk\\\/pracoviska\\\/ccvapp\\\/#website\"},\"primaryImageOfPage\":{\"@id\":\"https:\\\/\\\/www.upjs.sk\\\/pracoviska\\\/ccvapp\\\/referencie\\\/#primaryimage\"},\"image\":{\"@id\":\"https:\\\/\\\/www.upjs.sk\\\/pracoviska\\\/ccvapp\\\/referencie\\\/#primaryimage\"},\"thumbnailUrl\":\"https:\\\/\\\/www.upjs.sk\\\/app\\\/uploads\\\/sites\\\/22\\\/2022\\\/11\\\/logo_mfsr.png\",\"datePublished\":\"2022-09-08T22:22:10+00:00\",\"dateModified\":\"2025-04-24T11:35:27+00:00\",\"breadcrumb\":{\"@id\":\"https:\\\/\\\/www.upjs.sk\\\/pracoviska\\\/ccvapp\\\/referencie\\\/#breadcrumb\"},\"inLanguage\":\"sk-SK\",\"potentialAction\":[{\"@type\":\"ReadAction\",\"target\":[\"https:\\\/\\\/www.upjs.sk\\\/pracoviska\\\/ccvapp\\\/referencie\\\/\"]}]},{\"@type\":\"ImageObject\",\"inLanguage\":\"sk-SK\",\"@id\":\"https:\\\/\\\/www.upjs.sk\\\/pracoviska\\\/ccvapp\\\/referencie\\\/#primaryimage\",\"url\":\"https:\\\/\\\/www.upjs.sk\\\/app\\\/uploads\\\/sites\\\/22\\\/2022\\\/11\\\/logo_mfsr.png\",\"contentUrl\":\"https:\\\/\\\/www.upjs.sk\\\/app\\\/uploads\\\/sites\\\/22\\\/2022\\\/11\\\/logo_mfsr.png\"},{\"@type\":\"BreadcrumbList\",\"@id\":\"https:\\\/\\\/www.upjs.sk\\\/pracoviska\\\/ccvapp\\\/referencie\\\/#breadcrumb\",\"itemListElement\":[{\"@type\":\"ListItem\",\"position\":1,\"name\":\"Home\",\"item\":\"https:\\\/\\\/www.upjs.sk\\\/pracoviska\\\/ccvapp\\\/\"},{\"@type\":\"ListItem\",\"position\":2,\"name\":\"Vybran\u00e9 referencie\"}]},{\"@type\":\"WebSite\",\"@id\":\"https:\\\/\\\/www.upjs.sk\\\/pracoviska\\\/ccvapp\\\/#website\",\"url\":\"https:\\\/\\\/www.upjs.sk\\\/pracoviska\\\/ccvapp\\\/\",\"name\":\"Centrum celo\u017eivotn\u00e9ho vzdel\u00e1vania a podpory projektov | UPJ\u0160\",\"description\":\"\",\"publisher\":{\"@id\":\"https:\\\/\\\/www.upjs.sk\\\/pracoviska\\\/ccvapp\\\/#organization\"},\"potentialAction\":[{\"@type\":\"SearchAction\",\"target\":{\"@type\":\"EntryPoint\",\"urlTemplate\":\"https:\\\/\\\/www.upjs.sk\\\/pracoviska\\\/ccvapp\\\/?s={search_term_string}\"},\"query-input\":{\"@type\":\"PropertyValueSpecification\",\"valueRequired\":true,\"valueName\":\"search_term_string\"}}],\"inLanguage\":\"sk-SK\"},{\"@type\":\"Organization\",\"@id\":\"https:\\\/\\\/www.upjs.sk\\\/pracoviska\\\/ccvapp\\\/#organization\",\"name\":\"Centrum celo\u017eivotn\u00e9ho vzdel\u00e1vania a podpory projektov | UPJ\u0160\",\"url\":\"https:\\\/\\\/www.upjs.sk\\\/pracoviska\\\/ccvapp\\\/\",\"logo\":{\"@type\":\"ImageObject\",\"inLanguage\":\"sk-SK\",\"@id\":\"https:\\\/\\\/www.upjs.sk\\\/pracoviska\\\/ccvapp\\\/#\\\/schema\\\/logo\\\/image\\\/\",\"url\":\"https:\\\/\\\/www.upjs.sk\\\/app\\\/uploads\\\/sites\\\/22\\\/2023\\\/01\\\/CCVaPP.svg\",\"contentUrl\":\"https:\\\/\\\/www.upjs.sk\\\/app\\\/uploads\\\/sites\\\/22\\\/2023\\\/01\\\/CCVaPP.svg\",\"width\":500,\"height\":138,\"caption\":\"Centrum celo\u017eivotn\u00e9ho vzdel\u00e1vania a podpory projektov | UPJ\u0160\"},\"image\":{\"@id\":\"https:\\\/\\\/www.upjs.sk\\\/pracoviska\\\/ccvapp\\\/#\\\/schema\\\/logo\\\/image\\\/\"}}]}<\/script>\n<!-- \/ Yoast SEO plugin. -->","yoast_head_json":{"title":"Vybran\u00e9 referencie - Centrum celo\u017eivotn\u00e9ho vzdel\u00e1vania a podpory projektov | UPJ\u0160","robots":{"index":"index","follow":"follow","max-snippet":"max-snippet:-1","max-image-preview":"max-image-preview:large","max-video-preview":"max-video-preview:-1"},"canonical":"https:\/\/www.upjs.sk\/pracoviska\/ccvapp\/referencie\/","og_locale":"sk_SK","og_type":"article","og_title":"Vybran\u00e9 referencie - Centrum celo\u017eivotn\u00e9ho vzdel\u00e1vania a podpory projektov | UPJ\u0160","og_description":"Centrum celo\u017eivotn\u00e9ho vzdel\u00e1vania a podpory projektov (CCVaPP)\u00a0 je u\u017e dlhodobo etablovan\u00e9 v oblasti celo\u017eivotn\u00e9ho vzdel\u00e1vania a realizovalo cel\u00fd rad komer\u010dn\u00fdch a\u00a0nekomer\u010dn\u00fdch aktiv\u00edt pre absolventov i verejnos\u0165. CCVaPP je l\u00eddrom v oblasti \u010fal\u0161ieho vzdel\u00e1vania, v mana\u017eovan\u00ed projektov realizovan\u00fdch v r\u00e1mci jednotliv\u00fdch opera\u010dn\u00fdch programov, zabezpe\u010dovan\u00ed logistiky vzdel\u00e1vac\u00edch aktiv\u00edt s celoslovensk\u00fdm p\u00f4soben\u00edm a\u00a0podporou a realiz\u00e1ciou digit\u00e1lnej transform\u00e1cie vzdel\u00e1vania. &hellip; \u010c\u00edta\u0165 \u010falej","og_url":"https:\/\/www.upjs.sk\/pracoviska\/ccvapp\/referencie\/","og_site_name":"Centrum celo\u017eivotn\u00e9ho vzdel\u00e1vania a podpory projektov | UPJ\u0160","article_modified_time":"2025-04-24T11:35:27+00:00","og_image":[{"url":"https:\/\/www.upjs.sk\/app\/uploads\/sites\/22\/2022\/11\/logo_mfsr.png","type":"","width":"","height":""}],"twitter_card":"summary_large_image","twitter_misc":{"Predpokladan\u00fd \u010das \u010d\u00edtania":"6 min\u00fat"},"schema":{"@context":"https:\/\/schema.org","@graph":[{"@type":"WebPage","@id":"https:\/\/www.upjs.sk\/pracoviska\/ccvapp\/referencie\/","url":"https:\/\/www.upjs.sk\/pracoviska\/ccvapp\/referencie\/","name":"Vybran\u00e9 referencie - Centrum celo\u017eivotn\u00e9ho vzdel\u00e1vania a podpory projektov | UPJ\u0160","isPartOf":{"@id":"https:\/\/www.upjs.sk\/pracoviska\/ccvapp\/#website"},"primaryImageOfPage":{"@id":"https:\/\/www.upjs.sk\/pracoviska\/ccvapp\/referencie\/#primaryimage"},"image":{"@id":"https:\/\/www.upjs.sk\/pracoviska\/ccvapp\/referencie\/#primaryimage"},"thumbnailUrl":"https:\/\/www.upjs.sk\/app\/uploads\/sites\/22\/2022\/11\/logo_mfsr.png","datePublished":"2022-09-08T22:22:10+00:00","dateModified":"2025-04-24T11:35:27+00:00","breadcrumb":{"@id":"https:\/\/www.upjs.sk\/pracoviska\/ccvapp\/referencie\/#breadcrumb"},"inLanguage":"sk-SK","potentialAction":[{"@type":"ReadAction","target":["https:\/\/www.upjs.sk\/pracoviska\/ccvapp\/referencie\/"]}]},{"@type":"ImageObject","inLanguage":"sk-SK","@id":"https:\/\/www.upjs.sk\/pracoviska\/ccvapp\/referencie\/#primaryimage","url":"https:\/\/www.upjs.sk\/app\/uploads\/sites\/22\/2022\/11\/logo_mfsr.png","contentUrl":"https:\/\/www.upjs.sk\/app\/uploads\/sites\/22\/2022\/11\/logo_mfsr.png"},{"@type":"BreadcrumbList","@id":"https:\/\/www.upjs.sk\/pracoviska\/ccvapp\/referencie\/#breadcrumb","itemListElement":[{"@type":"ListItem","position":1,"name":"Home","item":"https:\/\/www.upjs.sk\/pracoviska\/ccvapp\/"},{"@type":"ListItem","position":2,"name":"Vybran\u00e9 referencie"}]},{"@type":"WebSite","@id":"https:\/\/www.upjs.sk\/pracoviska\/ccvapp\/#website","url":"https:\/\/www.upjs.sk\/pracoviska\/ccvapp\/","name":"Centrum celo\u017eivotn\u00e9ho vzdel\u00e1vania a podpory projektov | UPJ\u0160","description":"","publisher":{"@id":"https:\/\/www.upjs.sk\/pracoviska\/ccvapp\/#organization"},"potentialAction":[{"@type":"SearchAction","target":{"@type":"EntryPoint","urlTemplate":"https:\/\/www.upjs.sk\/pracoviska\/ccvapp\/?s={search_term_string}"},"query-input":{"@type":"PropertyValueSpecification","valueRequired":true,"valueName":"search_term_string"}}],"inLanguage":"sk-SK"},{"@type":"Organization","@id":"https:\/\/www.upjs.sk\/pracoviska\/ccvapp\/#organization","name":"Centrum celo\u017eivotn\u00e9ho vzdel\u00e1vania a podpory projektov | UPJ\u0160","url":"https:\/\/www.upjs.sk\/pracoviska\/ccvapp\/","logo":{"@type":"ImageObject","inLanguage":"sk-SK","@id":"https:\/\/www.upjs.sk\/pracoviska\/ccvapp\/#\/schema\/logo\/image\/","url":"https:\/\/www.upjs.sk\/app\/uploads\/sites\/22\/2023\/01\/CCVaPP.svg","contentUrl":"https:\/\/www.upjs.sk\/app\/uploads\/sites\/22\/2023\/01\/CCVaPP.svg","width":500,"height":138,"caption":"Centrum celo\u017eivotn\u00e9ho vzdel\u00e1vania a podpory projektov | UPJ\u0160"},"image":{"@id":"https:\/\/www.upjs.sk\/pracoviska\/ccvapp\/#\/schema\/logo\/image\/"}}]}},"_links":{"self":[{"href":"https:\/\/www.upjs.sk\/pracoviska\/ccvapp\/wp-json\/wp\/v2\/pages\/13606","targetHints":{"allow":["GET"]}}],"collection":[{"href":"https:\/\/www.upjs.sk\/pracoviska\/ccvapp\/wp-json\/wp\/v2\/pages"}],"about":[{"href":"https:\/\/www.upjs.sk\/pracoviska\/ccvapp\/wp-json\/wp\/v2\/types\/page"}],"author":[{"embeddable":true,"href":"https:\/\/www.upjs.sk\/pracoviska\/ccvapp\/wp-json\/wp\/v2\/users\/30"}],"replies":[{"embeddable":true,"href":"https:\/\/www.upjs.sk\/pracoviska\/ccvapp\/wp-json\/wp\/v2\/comments?post=13606"}],"version-history":[{"count":9,"href":"https:\/\/www.upjs.sk\/pracoviska\/ccvapp\/wp-json\/wp\/v2\/pages\/13606\/revisions"}],"predecessor-version":[{"id":19647,"href":"https:\/\/www.upjs.sk\/pracoviska\/ccvapp\/wp-json\/wp\/v2\/pages\/13606\/revisions\/19647"}],"wp:attachment":[{"href":"https:\/\/www.upjs.sk\/pracoviska\/ccvapp\/wp-json\/wp\/v2\/media?parent=13606"}],"wp:term":[{"taxonomy":"category","embeddable":true,"href":"https:\/\/www.upjs.sk\/pracoviska\/ccvapp\/wp-json\/wp\/v2\/categories?post=13606"},{"taxonomy":"post_tag","embeddable":true,"href":"https:\/\/www.upjs.sk\/pracoviska\/ccvapp\/wp-json\/wp\/v2\/tags?post=13606"}],"curies":[{"name":"wp","href":"https:\/\/api.w.org\/{rel}","templated":true}]}}