{"id":13614,"date":"2020-09-06T14:54:45","date_gmt":"2020-09-06T14:54:02","guid":{"rendered":"https:\/\/www.upjs.sk\/pracoviska\/ccvapp\/root\/kontakty\/ucebne\/"},"modified":"2025-04-24T11:35:16","modified_gmt":"2025-04-24T11:35:16","slug":"ucebne","status":"publish","type":"page","link":"https:\/\/www.upjs.sk\/pracoviska\/ccvapp\/ucebne\/","title":{"rendered":"Kde sa nach\u00e1dzaj\u00fa na\u0161e u\u010debne?"},"content":{"rendered":"\n<h4 class=\"wp-block-heading\">\u0160koliaca miestnos\u0165 R1 (RA1C01) (m. \u010d. 331)<\/h4>\n\n\n\n<p>Adresa: \u0160rob\u00e1rova 2, Ko\u0161ice<br>Kapacita: 20 PC + lektor<\/p>\n\n\n\n<h4 class=\"wp-block-heading\">\u0160koliaca miestnos\u0165 R2 (RA2C02) (m. \u010d. 332)<\/h4>\n\n\n\n<p>Adresa: \u0160rob\u00e1rova 2, Ko\u0161ice<br>Kapacita: 40 + lektor \/ 20 PC + lektor<\/p>\n\n\n\n<h4 class=\"wp-block-heading\">Ako sa k n\u00e1m dosta\u0165?<\/h4>\n\n\n\n<p>Autom na parkovisko pred budovou Rektor\u00e1tu UPJ\u0160 (platen\u00e9, ul. \u0160rob\u00e1rova, Ko\u0161ice): <a href=\"http:\/\/maps.google.com\/maps?f=d&amp;source=s_d&amp;saddr=Moldavsk%C3%A1+cesta&amp;daddr=%C5%A0rob%C3%A1rova&amp;geocode=FVgE5wIdMP5DAQ%3BFa1k5wIdTUVEAQ&amp;hl=sk&amp;mra=mrv&amp;mrcr=0&amp;rtol=0&amp;sll=48.717441,21.257987&amp;sspn=0.017385,0.029311&amp;ie=UTF8&amp;ll=48.712741,21.254854&amp;spn=0.017387,0.029311&amp;z=15\" target=\"_blank\" rel=\"noopener\" class=\"ek-link\"><strong>smer z Ro\u017e\u0148avy<\/strong><\/a> | <a href=\"http:\/\/maps.google.com\/maps?f=d&amp;source=s_d&amp;saddr=Cesta+68%2FE50&amp;daddr=48.7368592,21.2463888+to:48.72715,21.25431+to:48.71921,21.25277+to:%C5%A0rob%C3%A1rova&amp;geocode=Fcj25wIdsLZEAQ%3BFVuq5wIdtDFEASkHG6FS8eA-RzEw5a2x0fcAEw%3BFW6E5wIdplBEASmHnqMaYeA-RzFAiBCz0fcAEw%3BFWpl5wIdokpEASknNidDb-A-RzHxq6qx0fcAEw%3BFZtk5wIdykREAQ&amp;hl=sk&amp;mra=dpe&amp;mrcr=0&amp;mrsp=3&amp;sz=15&amp;via=1,2,3&amp;rtol=0,1&amp;sll=48.726444,21.252494&amp;sspn=0.017382,0.029311&amp;ie=UTF8&amp;ll=48.724406,21.252279&amp;spn=0.017383,0.029311&amp;z=15\" target=\"_blank\" rel=\"noopener\" class=\"ek-link\"><strong>smer z Pre\u0161ova<\/strong><\/a> | <a href=\"http:\/\/maps.google.com\/maps?f=d&amp;source=s_d&amp;saddr=Herlianska&amp;daddr=48.72653,21.28218+to:%C5%A0rob%C3%A1rova&amp;geocode=FX6h5wId2CJFAQ%3BFQKC5wIdhL1EASnjc6XDKt4-RzGAjqOz0fcAEw%3BFZ5k5wId20REAQ&amp;hl=sk&amp;mra=mrv&amp;mrcr=0&amp;via=1&amp;rtol=0,1&amp;sll=48.720188,21.257&amp;sspn=0.017384,0.029311&amp;ie=UTF8&amp;ll=48.721518,21.258073&amp;spn=0.017384,0.029311&amp;z=15\" target=\"_blank\" rel=\"noopener\" class=\"ek-link\"><strong>smer z Michaloviec<\/strong>.<\/a><br>Pe\u0161o na Rektor\u00e1t UPJ\u0160: <a href=\"http:\/\/maps.google.com\/maps?f=d&amp;source=s_d&amp;saddr=%C5%A0tef%C3%A1nikova&amp;daddr=48.7218186,21.2632143+to:48.7215838,21.2622061+to:48.7212808,21.2610471+to:48.71995,21.25628+to:%C5%A0rob%C3%A1rova&amp;geocode=Fc5v5wIdPHREAQ%3BFZpv5wIdbnNEASkzEl8Qe-A-RzHQTq6x0fcAEw%3BFa9u5wIdfm9EASm_fZEhe-A-RzFAoaqx0fcAEw%3BFYBt5wId92pEASlHQs3ZeuA-RzGwoqqx0fcAEw%3BFU5o5wIdWFhEASl9QA9nZeA-RzFgqaqx0fcAEw%3BFZ9k5wId6EREAQ&amp;hl=sk&amp;mra=dvme&amp;mrcr=0&amp;mrsp=4&amp;sz=16&amp;via=1,2,3,4&amp;rtol=0,1,2,3&amp;dirflg=w&amp;sll=48.722269,21.256034&amp;sspn=0.008692,0.014656&amp;ie=UTF8&amp;ll=48.720386,21.257322&amp;spn=0.008692,0.014656&amp;z=16\" target=\"_blank\" rel=\"noopener\"><strong>z autobusovej\/vlakovej stanice<\/strong><\/a>.<br>MHD zo stanice: <a href=\"http:\/\/imhd.sk\/ke\/cestovny-poriadok\/linka\/2\/smer\/Sever-Havlickova\/zastavka\/Stanicne-nam\/419430634529\"><strong>elektri\u010dka \u010d. 2<\/strong><\/a> (v\u00fdstup: Krajsk\u00fd s\u00fad)<\/p>\n\n\n<style>.kb-google-maps-container13614_0abaad-93{height:450px;}<\/style><div class=\"kb-google-maps-container kb-google-maps-container13614_0abaad-93  wp-block-kadence-googlemaps\" data-mapid=\"13614_0abaad93\"><iframe width=\"100%\" height=\"100%\"\n\t\t\t\t\t\t\tstyle=\"border:0\" loading=\"lazy\"\n\t\t\t\t\t\t\tsrc=\"https:\/\/www.google.com\/maps\/embed\/v1\/place?key=AIzaSyBAM2o7PiQqwk15LC1XRH2e_KJ-jUa7KYk&#038;zoom=19&#038;maptype=roadmap&#038;q=%C5%A0rob%C3%A1rova+2%2C+Ko%C5%A1ice\"\n\t\t\t\t\t\t\ttitle=\"Google map of \u0160rob\u00e1rova 2, Ko\u0161ice\"><\/iframe><\/div><script>function kb_google_map13614_0abaad93() { let center = { lat: 37.8201, lng: -122.4781}; let map = new google.maps.Map(document.getElementById(\"kb-google-map13614_0abaad93\"), {\n\t\t\t\t\t    zoom: 19,\n\t\t\t\t\t    center: center,});let marker = new google.maps.Marker({   position: { lat: 37.8201, lng: -122.4781},    map: map,  });}<\/script>","protected":false},"excerpt":{"rendered":"<p>\u0160koliaca miestnos\u0165 R1 (RA1C01) (m. \u010d. 331) Adresa: \u0160rob\u00e1rova 2, Ko\u0161iceKapacita: 20 PC + lektor \u0160koliaca miestnos\u0165 R2 (RA2C02) (m. \u010d. 332) Adresa: \u0160rob\u00e1rova 2, Ko\u0161iceKapacita: 40 + lektor \/ 20 PC + lektor Ako sa k n\u00e1m dosta\u0165? Autom na parkovisko pred budovou Rektor\u00e1tu UPJ\u0160 (platen\u00e9, ul. \u0160rob\u00e1rova, Ko\u0161ice): smer z Ro\u017e\u0148avy | smer &hellip; <a href=\"https:\/\/www.upjs.sk\/pracoviska\/ccvapp\/ucebne\/\">\u010c\u00edta\u0165 \u010falej<\/a><\/p>\n","protected":false},"author":30,"featured_media":0,"parent":0,"menu_order":10,"comment_status":"closed","ping_status":"closed","template":"","meta":{"_acf_changed":false,"_editorskit_title_hidden":false,"_editorskit_reading_time":1,"_editorskit_is_block_options_detached":false,"_editorskit_block_options_position":"{}","footnotes":""},"categories":[],"tags":[],"class_list":["post-13614","page","type-page","status-publish","hentry"],"acf":{"acf_link_na_externy_obsah":""},"yoast_head":"<!-- This site is optimized with the Yoast SEO plugin v27.4 - https:\/\/yoast.com\/product\/yoast-seo-wordpress\/ -->\n<title>Kde sa nach\u00e1dzaj\u00fa na\u0161e u\u010debne? - Centrum celo\u017eivotn\u00e9ho vzdel\u00e1vania a podpory projektov | UPJ\u0160<\/title>\n<meta name=\"robots\" content=\"index, follow, max-snippet:-1, max-image-preview:large, max-video-preview:-1\" \/>\n<link rel=\"canonical\" href=\"https:\/\/www.upjs.sk\/pracoviska\/ccvapp\/ucebne\/\" \/>\n<meta property=\"og:locale\" content=\"sk_SK\" \/>\n<meta property=\"og:type\" content=\"article\" \/>\n<meta property=\"og:title\" content=\"Kde sa nach\u00e1dzaj\u00fa na\u0161e u\u010debne? - Centrum celo\u017eivotn\u00e9ho vzdel\u00e1vania a podpory projektov | UPJ\u0160\" \/>\n<meta property=\"og:description\" content=\"\u0160koliaca miestnos\u0165 R1 (RA1C01) (m. \u010d. 331) Adresa: \u0160rob\u00e1rova 2, Ko\u0161iceKapacita: 20 PC + lektor \u0160koliaca miestnos\u0165 R2 (RA2C02) (m. \u010d. 332) Adresa: \u0160rob\u00e1rova 2, Ko\u0161iceKapacita: 40 + lektor \/ 20 PC + lektor Ako sa k n\u00e1m dosta\u0165? Autom na parkovisko pred budovou Rektor\u00e1tu UPJ\u0160 (platen\u00e9, ul. \u0160rob\u00e1rova, Ko\u0161ice): smer z Ro\u017e\u0148avy | smer &hellip; \u010c\u00edta\u0165 \u010falej\" \/>\n<meta property=\"og:url\" content=\"https:\/\/www.upjs.sk\/pracoviska\/ccvapp\/ucebne\/\" \/>\n<meta property=\"og:site_name\" content=\"Centrum celo\u017eivotn\u00e9ho vzdel\u00e1vania a podpory projektov | UPJ\u0160\" \/>\n<meta property=\"article:modified_time\" content=\"2025-04-24T11:35:16+00:00\" \/>\n<meta name=\"twitter:card\" content=\"summary_large_image\" \/>\n<meta name=\"twitter:label1\" content=\"Predpokladan\u00fd \u010das \u010d\u00edtania\" \/>\n\t<meta name=\"twitter:data1\" content=\"1 min\u00fata\" \/>\n<script type=\"application\/ld+json\" class=\"yoast-schema-graph\">{\"@context\":\"https:\\\/\\\/schema.org\",\"@graph\":[{\"@type\":\"WebPage\",\"@id\":\"https:\\\/\\\/www.upjs.sk\\\/pracoviska\\\/ccvapp\\\/ucebne\\\/\",\"url\":\"https:\\\/\\\/www.upjs.sk\\\/pracoviska\\\/ccvapp\\\/ucebne\\\/\",\"name\":\"Kde sa nach\u00e1dzaj\u00fa na\u0161e u\u010debne? - Centrum celo\u017eivotn\u00e9ho vzdel\u00e1vania a podpory projektov | UPJ\u0160\",\"isPartOf\":{\"@id\":\"https:\\\/\\\/www.upjs.sk\\\/pracoviska\\\/ccvapp\\\/#website\"},\"datePublished\":\"2020-09-06T14:54:02+00:00\",\"dateModified\":\"2025-04-24T11:35:16+00:00\",\"breadcrumb\":{\"@id\":\"https:\\\/\\\/www.upjs.sk\\\/pracoviska\\\/ccvapp\\\/ucebne\\\/#breadcrumb\"},\"inLanguage\":\"sk-SK\",\"potentialAction\":[{\"@type\":\"ReadAction\",\"target\":[\"https:\\\/\\\/www.upjs.sk\\\/pracoviska\\\/ccvapp\\\/ucebne\\\/\"]}]},{\"@type\":\"BreadcrumbList\",\"@id\":\"https:\\\/\\\/www.upjs.sk\\\/pracoviska\\\/ccvapp\\\/ucebne\\\/#breadcrumb\",\"itemListElement\":[{\"@type\":\"ListItem\",\"position\":1,\"name\":\"Home\",\"item\":\"https:\\\/\\\/www.upjs.sk\\\/pracoviska\\\/ccvapp\\\/\"},{\"@type\":\"ListItem\",\"position\":2,\"name\":\"Kde sa nach\u00e1dzaj\u00fa na\u0161e u\u010debne?\"}]},{\"@type\":\"WebSite\",\"@id\":\"https:\\\/\\\/www.upjs.sk\\\/pracoviska\\\/ccvapp\\\/#website\",\"url\":\"https:\\\/\\\/www.upjs.sk\\\/pracoviska\\\/ccvapp\\\/\",\"name\":\"Centrum celo\u017eivotn\u00e9ho vzdel\u00e1vania a podpory projektov | UPJ\u0160\",\"description\":\"\",\"publisher\":{\"@id\":\"https:\\\/\\\/www.upjs.sk\\\/pracoviska\\\/ccvapp\\\/#organization\"},\"potentialAction\":[{\"@type\":\"SearchAction\",\"target\":{\"@type\":\"EntryPoint\",\"urlTemplate\":\"https:\\\/\\\/www.upjs.sk\\\/pracoviska\\\/ccvapp\\\/?s={search_term_string}\"},\"query-input\":{\"@type\":\"PropertyValueSpecification\",\"valueRequired\":true,\"valueName\":\"search_term_string\"}}],\"inLanguage\":\"sk-SK\"},{\"@type\":\"Organization\",\"@id\":\"https:\\\/\\\/www.upjs.sk\\\/pracoviska\\\/ccvapp\\\/#organization\",\"name\":\"Centrum celo\u017eivotn\u00e9ho vzdel\u00e1vania a podpory projektov | UPJ\u0160\",\"url\":\"https:\\\/\\\/www.upjs.sk\\\/pracoviska\\\/ccvapp\\\/\",\"logo\":{\"@type\":\"ImageObject\",\"inLanguage\":\"sk-SK\",\"@id\":\"https:\\\/\\\/www.upjs.sk\\\/pracoviska\\\/ccvapp\\\/#\\\/schema\\\/logo\\\/image\\\/\",\"url\":\"https:\\\/\\\/www.upjs.sk\\\/app\\\/uploads\\\/sites\\\/22\\\/2023\\\/01\\\/CCVaPP.svg\",\"contentUrl\":\"https:\\\/\\\/www.upjs.sk\\\/app\\\/uploads\\\/sites\\\/22\\\/2023\\\/01\\\/CCVaPP.svg\",\"width\":500,\"height\":138,\"caption\":\"Centrum celo\u017eivotn\u00e9ho vzdel\u00e1vania a podpory projektov | UPJ\u0160\"},\"image\":{\"@id\":\"https:\\\/\\\/www.upjs.sk\\\/pracoviska\\\/ccvapp\\\/#\\\/schema\\\/logo\\\/image\\\/\"}}]}<\/script>\n<!-- \/ Yoast SEO plugin. -->","yoast_head_json":{"title":"Kde sa nach\u00e1dzaj\u00fa na\u0161e u\u010debne? - Centrum celo\u017eivotn\u00e9ho vzdel\u00e1vania a podpory projektov | UPJ\u0160","robots":{"index":"index","follow":"follow","max-snippet":"max-snippet:-1","max-image-preview":"max-image-preview:large","max-video-preview":"max-video-preview:-1"},"canonical":"https:\/\/www.upjs.sk\/pracoviska\/ccvapp\/ucebne\/","og_locale":"sk_SK","og_type":"article","og_title":"Kde sa nach\u00e1dzaj\u00fa na\u0161e u\u010debne? - Centrum celo\u017eivotn\u00e9ho vzdel\u00e1vania a podpory projektov | UPJ\u0160","og_description":"\u0160koliaca miestnos\u0165 R1 (RA1C01) (m. \u010d. 331) Adresa: \u0160rob\u00e1rova 2, Ko\u0161iceKapacita: 20 PC + lektor \u0160koliaca miestnos\u0165 R2 (RA2C02) (m. \u010d. 332) Adresa: \u0160rob\u00e1rova 2, Ko\u0161iceKapacita: 40 + lektor \/ 20 PC + lektor Ako sa k n\u00e1m dosta\u0165? Autom na parkovisko pred budovou Rektor\u00e1tu UPJ\u0160 (platen\u00e9, ul. \u0160rob\u00e1rova, Ko\u0161ice): smer z Ro\u017e\u0148avy | smer &hellip; \u010c\u00edta\u0165 \u010falej","og_url":"https:\/\/www.upjs.sk\/pracoviska\/ccvapp\/ucebne\/","og_site_name":"Centrum celo\u017eivotn\u00e9ho vzdel\u00e1vania a podpory projektov | UPJ\u0160","article_modified_time":"2025-04-24T11:35:16+00:00","twitter_card":"summary_large_image","twitter_misc":{"Predpokladan\u00fd \u010das \u010d\u00edtania":"1 min\u00fata"},"schema":{"@context":"https:\/\/schema.org","@graph":[{"@type":"WebPage","@id":"https:\/\/www.upjs.sk\/pracoviska\/ccvapp\/ucebne\/","url":"https:\/\/www.upjs.sk\/pracoviska\/ccvapp\/ucebne\/","name":"Kde sa nach\u00e1dzaj\u00fa na\u0161e u\u010debne? - Centrum celo\u017eivotn\u00e9ho vzdel\u00e1vania a podpory projektov | UPJ\u0160","isPartOf":{"@id":"https:\/\/www.upjs.sk\/pracoviska\/ccvapp\/#website"},"datePublished":"2020-09-06T14:54:02+00:00","dateModified":"2025-04-24T11:35:16+00:00","breadcrumb":{"@id":"https:\/\/www.upjs.sk\/pracoviska\/ccvapp\/ucebne\/#breadcrumb"},"inLanguage":"sk-SK","potentialAction":[{"@type":"ReadAction","target":["https:\/\/www.upjs.sk\/pracoviska\/ccvapp\/ucebne\/"]}]},{"@type":"BreadcrumbList","@id":"https:\/\/www.upjs.sk\/pracoviska\/ccvapp\/ucebne\/#breadcrumb","itemListElement":[{"@type":"ListItem","position":1,"name":"Home","item":"https:\/\/www.upjs.sk\/pracoviska\/ccvapp\/"},{"@type":"ListItem","position":2,"name":"Kde sa nach\u00e1dzaj\u00fa na\u0161e u\u010debne?"}]},{"@type":"WebSite","@id":"https:\/\/www.upjs.sk\/pracoviska\/ccvapp\/#website","url":"https:\/\/www.upjs.sk\/pracoviska\/ccvapp\/","name":"Centrum celo\u017eivotn\u00e9ho vzdel\u00e1vania a podpory projektov | UPJ\u0160","description":"","publisher":{"@id":"https:\/\/www.upjs.sk\/pracoviska\/ccvapp\/#organization"},"potentialAction":[{"@type":"SearchAction","target":{"@type":"EntryPoint","urlTemplate":"https:\/\/www.upjs.sk\/pracoviska\/ccvapp\/?s={search_term_string}"},"query-input":{"@type":"PropertyValueSpecification","valueRequired":true,"valueName":"search_term_string"}}],"inLanguage":"sk-SK"},{"@type":"Organization","@id":"https:\/\/www.upjs.sk\/pracoviska\/ccvapp\/#organization","name":"Centrum celo\u017eivotn\u00e9ho vzdel\u00e1vania a podpory projektov | UPJ\u0160","url":"https:\/\/www.upjs.sk\/pracoviska\/ccvapp\/","logo":{"@type":"ImageObject","inLanguage":"sk-SK","@id":"https:\/\/www.upjs.sk\/pracoviska\/ccvapp\/#\/schema\/logo\/image\/","url":"https:\/\/www.upjs.sk\/app\/uploads\/sites\/22\/2023\/01\/CCVaPP.svg","contentUrl":"https:\/\/www.upjs.sk\/app\/uploads\/sites\/22\/2023\/01\/CCVaPP.svg","width":500,"height":138,"caption":"Centrum celo\u017eivotn\u00e9ho vzdel\u00e1vania a podpory projektov | UPJ\u0160"},"image":{"@id":"https:\/\/www.upjs.sk\/pracoviska\/ccvapp\/#\/schema\/logo\/image\/"}}]}},"_links":{"self":[{"href":"https:\/\/www.upjs.sk\/pracoviska\/ccvapp\/wp-json\/wp\/v2\/pages\/13614","targetHints":{"allow":["GET"]}}],"collection":[{"href":"https:\/\/www.upjs.sk\/pracoviska\/ccvapp\/wp-json\/wp\/v2\/pages"}],"about":[{"href":"https:\/\/www.upjs.sk\/pracoviska\/ccvapp\/wp-json\/wp\/v2\/types\/page"}],"author":[{"embeddable":true,"href":"https:\/\/www.upjs.sk\/pracoviska\/ccvapp\/wp-json\/wp\/v2\/users\/30"}],"replies":[{"embeddable":true,"href":"https:\/\/www.upjs.sk\/pracoviska\/ccvapp\/wp-json\/wp\/v2\/comments?post=13614"}],"version-history":[{"count":11,"href":"https:\/\/www.upjs.sk\/pracoviska\/ccvapp\/wp-json\/wp\/v2\/pages\/13614\/revisions"}],"predecessor-version":[{"id":19644,"href":"https:\/\/www.upjs.sk\/pracoviska\/ccvapp\/wp-json\/wp\/v2\/pages\/13614\/revisions\/19644"}],"wp:attachment":[{"href":"https:\/\/www.upjs.sk\/pracoviska\/ccvapp\/wp-json\/wp\/v2\/media?parent=13614"}],"wp:term":[{"taxonomy":"category","embeddable":true,"href":"https:\/\/www.upjs.sk\/pracoviska\/ccvapp\/wp-json\/wp\/v2\/categories?post=13614"},{"taxonomy":"post_tag","embeddable":true,"href":"https:\/\/www.upjs.sk\/pracoviska\/ccvapp\/wp-json\/wp\/v2\/tags?post=13614"}],"curies":[{"name":"wp","href":"https:\/\/api.w.org\/{rel}","templated":true}]}}