{"id":16201,"date":"2019-07-18T12:28:42","date_gmt":"2023-02-15T20:35:26","guid":{"rendered":"https:\/\/www.upjs.sk\/pracoviska\/ccvapp\/podpora-projektov\/archiv-projektov-2\/"},"modified":"2024-01-18T14:13:45","modified_gmt":"2024-01-18T14:13:45","slug":"projekt","status":"publish","type":"page","link":"https:\/\/www.upjs.sk\/pracoviska\/ccvapp\/podpora-projektov\/zakladne-informacie-o-projektoch\/projekt\/","title":{"rendered":"Projekt"},"content":{"rendered":"\n<script type=\"text\/javascript\">\nfunction getIDUrl(url) { \n  var full_url = document.URL; \/\/ Get current url\n  var url_array = full_url.split('?id=') \/\/ Split the string into an array with \/ as separator\n  var last_segment = url_array[url_array.length-1];  \/\/ Get the last part of the array (-1)\n  console.log(last_segment);\n  return last_segment; \/\/ Alert last segment\n}\n<\/script>\n<style>\n  .bg-upjs-blue {display: none; height: 100px;}\n  .studujnaupjs, .partneri {display: none;}\n  #main article header {display: none;}\n <\/style>\n\n<iframe id=\"myIframe\" style=\"border:0;overflow:auto;width:100%;height:600px;\" scrolling=\"auto\"><\/iframe>\n<script type=\"text\/javascript\">\n  let myIframe = document.getElementById(\"myIframe\");\n  let url_string = \"https:\/\/portal.ccvapp.upjs.sk\/project-detail-print\/sk?_locale=sk&id=\";\n  let id = getIDUrl();\n  let adsURL = url_string+id;\n  console.log(id);\n    console.log(adsURL);\n  myIframe.src = adsURL;\n<\/script>\n","protected":false},"excerpt":{"rendered":"","protected":false},"author":30,"featured_media":0,"parent":15539,"menu_order":0,"comment_status":"closed","ping_status":"closed","template":"","meta":{"_acf_changed":false,"_editorskit_title_hidden":false,"_editorskit_reading_time":1,"_editorskit_is_block_options_detached":false,"_editorskit_block_options_position":"{}","footnotes":""},"categories":[],"tags":[],"class_list":["post-16201","page","type-page","status-publish","hentry"],"acf":{"acf_link_na_externy_obsah":""},"yoast_head":"<!-- This site is optimized with the Yoast SEO plugin v27.2 - https:\/\/yoast.com\/product\/yoast-seo-wordpress\/ -->\n<title>Projekt - Centrum celo\u017eivotn\u00e9ho vzdel\u00e1vania a podpory projektov | UPJ\u0160<\/title>\n<meta name=\"robots\" content=\"index, follow, max-snippet:-1, max-image-preview:large, max-video-preview:-1\" \/>\n<link rel=\"canonical\" href=\"https:\/\/www.upjs.sk\/pracoviska\/ccvapp\/podpora-projektov\/zakladne-informacie-o-projektoch\/projekt\/\" \/>\n<meta property=\"og:locale\" content=\"sk_SK\" \/>\n<meta property=\"og:type\" content=\"article\" \/>\n<meta property=\"og:title\" content=\"Projekt - Centrum celo\u017eivotn\u00e9ho vzdel\u00e1vania a podpory projektov | UPJ\u0160\" \/>\n<meta property=\"og:url\" content=\"https:\/\/www.upjs.sk\/pracoviska\/ccvapp\/podpora-projektov\/zakladne-informacie-o-projektoch\/projekt\/\" \/>\n<meta property=\"og:site_name\" content=\"Centrum celo\u017eivotn\u00e9ho vzdel\u00e1vania a podpory projektov | UPJ\u0160\" \/>\n<meta property=\"article:modified_time\" content=\"2024-01-18T14:13:45+00:00\" \/>\n<meta name=\"twitter:card\" content=\"summary_large_image\" \/>\n<meta name=\"twitter:label1\" content=\"Predpokladan\u00fd \u010das \u010d\u00edtania\" \/>\n\t<meta name=\"twitter:data1\" content=\"1 min\u00fata\" \/>\n<script type=\"application\/ld+json\" class=\"yoast-schema-graph\">{\"@context\":\"https:\/\/schema.org\",\"@graph\":[{\"@type\":\"WebPage\",\"@id\":\"https:\/\/www.upjs.sk\/pracoviska\/ccvapp\/podpora-projektov\/zakladne-informacie-o-projektoch\/projekt\/\",\"url\":\"https:\/\/www.upjs.sk\/pracoviska\/ccvapp\/podpora-projektov\/zakladne-informacie-o-projektoch\/projekt\/\",\"name\":\"Projekt - Centrum celo\u017eivotn\u00e9ho vzdel\u00e1vania a podpory projektov | UPJ\u0160\",\"isPartOf\":{\"@id\":\"https:\/\/www.upjs.sk\/pracoviska\/ccvapp\/#website\"},\"datePublished\":\"2023-02-15T20:35:26+00:00\",\"dateModified\":\"2024-01-18T14:13:45+00:00\",\"breadcrumb\":{\"@id\":\"https:\/\/www.upjs.sk\/pracoviska\/ccvapp\/podpora-projektov\/zakladne-informacie-o-projektoch\/projekt\/#breadcrumb\"},\"inLanguage\":\"sk-SK\",\"potentialAction\":[{\"@type\":\"ReadAction\",\"target\":[\"https:\/\/www.upjs.sk\/pracoviska\/ccvapp\/podpora-projektov\/zakladne-informacie-o-projektoch\/projekt\/\"]}]},{\"@type\":\"BreadcrumbList\",\"@id\":\"https:\/\/www.upjs.sk\/pracoviska\/ccvapp\/podpora-projektov\/zakladne-informacie-o-projektoch\/projekt\/#breadcrumb\",\"itemListElement\":[{\"@type\":\"ListItem\",\"position\":1,\"name\":\"Home\",\"item\":\"https:\/\/www.upjs.sk\/pracoviska\/ccvapp\/\"},{\"@type\":\"ListItem\",\"position\":2,\"name\":\"Projekty\",\"item\":\"https:\/\/www.upjs.sk\/pracoviska\/ccvapp\/podpora-projektov\/\"},{\"@type\":\"ListItem\",\"position\":3,\"name\":\"Z\u00e1kladn\u00e9 inform\u00e1cie o projektoch\",\"item\":\"https:\/\/www.upjs.sk\/pracoviska\/ccvapp\/podpora-projektov\/zakladne-informacie-o-projektoch\/\"},{\"@type\":\"ListItem\",\"position\":4,\"name\":\"Projekt\"}]},{\"@type\":\"WebSite\",\"@id\":\"https:\/\/www.upjs.sk\/pracoviska\/ccvapp\/#website\",\"url\":\"https:\/\/www.upjs.sk\/pracoviska\/ccvapp\/\",\"name\":\"Centrum celo\u017eivotn\u00e9ho vzdel\u00e1vania a podpory projektov | UPJ\u0160\",\"description\":\"\",\"publisher\":{\"@id\":\"https:\/\/www.upjs.sk\/pracoviska\/ccvapp\/#organization\"},\"potentialAction\":[{\"@type\":\"SearchAction\",\"target\":{\"@type\":\"EntryPoint\",\"urlTemplate\":\"https:\/\/www.upjs.sk\/pracoviska\/ccvapp\/?s={search_term_string}\"},\"query-input\":{\"@type\":\"PropertyValueSpecification\",\"valueRequired\":true,\"valueName\":\"search_term_string\"}}],\"inLanguage\":\"sk-SK\"},{\"@type\":\"Organization\",\"@id\":\"https:\/\/www.upjs.sk\/pracoviska\/ccvapp\/#organization\",\"name\":\"Centrum celo\u017eivotn\u00e9ho vzdel\u00e1vania a podpory projektov | UPJ\u0160\",\"url\":\"https:\/\/www.upjs.sk\/pracoviska\/ccvapp\/\",\"logo\":{\"@type\":\"ImageObject\",\"inLanguage\":\"sk-SK\",\"@id\":\"https:\/\/www.upjs.sk\/pracoviska\/ccvapp\/#\/schema\/logo\/image\/\",\"url\":\"https:\/\/www.upjs.sk\/app\/uploads\/sites\/22\/2023\/01\/CCVaPP.svg\",\"contentUrl\":\"https:\/\/www.upjs.sk\/app\/uploads\/sites\/22\/2023\/01\/CCVaPP.svg\",\"width\":500,\"height\":138,\"caption\":\"Centrum celo\u017eivotn\u00e9ho vzdel\u00e1vania a podpory projektov | UPJ\u0160\"},\"image\":{\"@id\":\"https:\/\/www.upjs.sk\/pracoviska\/ccvapp\/#\/schema\/logo\/image\/\"}}]}<\/script>\n<!-- \/ Yoast SEO plugin. -->","yoast_head_json":{"title":"Projekt - Centrum celo\u017eivotn\u00e9ho vzdel\u00e1vania a podpory projektov | UPJ\u0160","robots":{"index":"index","follow":"follow","max-snippet":"max-snippet:-1","max-image-preview":"max-image-preview:large","max-video-preview":"max-video-preview:-1"},"canonical":"https:\/\/www.upjs.sk\/pracoviska\/ccvapp\/podpora-projektov\/zakladne-informacie-o-projektoch\/projekt\/","og_locale":"sk_SK","og_type":"article","og_title":"Projekt - Centrum celo\u017eivotn\u00e9ho vzdel\u00e1vania a podpory projektov | UPJ\u0160","og_url":"https:\/\/www.upjs.sk\/pracoviska\/ccvapp\/podpora-projektov\/zakladne-informacie-o-projektoch\/projekt\/","og_site_name":"Centrum celo\u017eivotn\u00e9ho vzdel\u00e1vania a podpory projektov | UPJ\u0160","article_modified_time":"2024-01-18T14:13:45+00:00","twitter_card":"summary_large_image","twitter_misc":{"Predpokladan\u00fd \u010das \u010d\u00edtania":"1 min\u00fata"},"schema":{"@context":"https:\/\/schema.org","@graph":[{"@type":"WebPage","@id":"https:\/\/www.upjs.sk\/pracoviska\/ccvapp\/podpora-projektov\/zakladne-informacie-o-projektoch\/projekt\/","url":"https:\/\/www.upjs.sk\/pracoviska\/ccvapp\/podpora-projektov\/zakladne-informacie-o-projektoch\/projekt\/","name":"Projekt - Centrum celo\u017eivotn\u00e9ho vzdel\u00e1vania a podpory projektov | UPJ\u0160","isPartOf":{"@id":"https:\/\/www.upjs.sk\/pracoviska\/ccvapp\/#website"},"datePublished":"2023-02-15T20:35:26+00:00","dateModified":"2024-01-18T14:13:45+00:00","breadcrumb":{"@id":"https:\/\/www.upjs.sk\/pracoviska\/ccvapp\/podpora-projektov\/zakladne-informacie-o-projektoch\/projekt\/#breadcrumb"},"inLanguage":"sk-SK","potentialAction":[{"@type":"ReadAction","target":["https:\/\/www.upjs.sk\/pracoviska\/ccvapp\/podpora-projektov\/zakladne-informacie-o-projektoch\/projekt\/"]}]},{"@type":"BreadcrumbList","@id":"https:\/\/www.upjs.sk\/pracoviska\/ccvapp\/podpora-projektov\/zakladne-informacie-o-projektoch\/projekt\/#breadcrumb","itemListElement":[{"@type":"ListItem","position":1,"name":"Home","item":"https:\/\/www.upjs.sk\/pracoviska\/ccvapp\/"},{"@type":"ListItem","position":2,"name":"Projekty","item":"https:\/\/www.upjs.sk\/pracoviska\/ccvapp\/podpora-projektov\/"},{"@type":"ListItem","position":3,"name":"Z\u00e1kladn\u00e9 inform\u00e1cie o projektoch","item":"https:\/\/www.upjs.sk\/pracoviska\/ccvapp\/podpora-projektov\/zakladne-informacie-o-projektoch\/"},{"@type":"ListItem","position":4,"name":"Projekt"}]},{"@type":"WebSite","@id":"https:\/\/www.upjs.sk\/pracoviska\/ccvapp\/#website","url":"https:\/\/www.upjs.sk\/pracoviska\/ccvapp\/","name":"Centrum celo\u017eivotn\u00e9ho vzdel\u00e1vania a podpory projektov | UPJ\u0160","description":"","publisher":{"@id":"https:\/\/www.upjs.sk\/pracoviska\/ccvapp\/#organization"},"potentialAction":[{"@type":"SearchAction","target":{"@type":"EntryPoint","urlTemplate":"https:\/\/www.upjs.sk\/pracoviska\/ccvapp\/?s={search_term_string}"},"query-input":{"@type":"PropertyValueSpecification","valueRequired":true,"valueName":"search_term_string"}}],"inLanguage":"sk-SK"},{"@type":"Organization","@id":"https:\/\/www.upjs.sk\/pracoviska\/ccvapp\/#organization","name":"Centrum celo\u017eivotn\u00e9ho vzdel\u00e1vania a podpory projektov | UPJ\u0160","url":"https:\/\/www.upjs.sk\/pracoviska\/ccvapp\/","logo":{"@type":"ImageObject","inLanguage":"sk-SK","@id":"https:\/\/www.upjs.sk\/pracoviska\/ccvapp\/#\/schema\/logo\/image\/","url":"https:\/\/www.upjs.sk\/app\/uploads\/sites\/22\/2023\/01\/CCVaPP.svg","contentUrl":"https:\/\/www.upjs.sk\/app\/uploads\/sites\/22\/2023\/01\/CCVaPP.svg","width":500,"height":138,"caption":"Centrum celo\u017eivotn\u00e9ho vzdel\u00e1vania a podpory projektov | UPJ\u0160"},"image":{"@id":"https:\/\/www.upjs.sk\/pracoviska\/ccvapp\/#\/schema\/logo\/image\/"}}]}},"_links":{"self":[{"href":"https:\/\/www.upjs.sk\/pracoviska\/ccvapp\/wp-json\/wp\/v2\/pages\/16201","targetHints":{"allow":["GET"]}}],"collection":[{"href":"https:\/\/www.upjs.sk\/pracoviska\/ccvapp\/wp-json\/wp\/v2\/pages"}],"about":[{"href":"https:\/\/www.upjs.sk\/pracoviska\/ccvapp\/wp-json\/wp\/v2\/types\/page"}],"author":[{"embeddable":true,"href":"https:\/\/www.upjs.sk\/pracoviska\/ccvapp\/wp-json\/wp\/v2\/users\/30"}],"replies":[{"embeddable":true,"href":"https:\/\/www.upjs.sk\/pracoviska\/ccvapp\/wp-json\/wp\/v2\/comments?post=16201"}],"version-history":[{"count":20,"href":"https:\/\/www.upjs.sk\/pracoviska\/ccvapp\/wp-json\/wp\/v2\/pages\/16201\/revisions"}],"predecessor-version":[{"id":18211,"href":"https:\/\/www.upjs.sk\/pracoviska\/ccvapp\/wp-json\/wp\/v2\/pages\/16201\/revisions\/18211"}],"up":[{"embeddable":true,"href":"https:\/\/www.upjs.sk\/pracoviska\/ccvapp\/wp-json\/wp\/v2\/pages\/15539"}],"wp:attachment":[{"href":"https:\/\/www.upjs.sk\/pracoviska\/ccvapp\/wp-json\/wp\/v2\/media?parent=16201"}],"wp:term":[{"taxonomy":"category","embeddable":true,"href":"https:\/\/www.upjs.sk\/pracoviska\/ccvapp\/wp-json\/wp\/v2\/categories?post=16201"},{"taxonomy":"post_tag","embeddable":true,"href":"https:\/\/www.upjs.sk\/pracoviska\/ccvapp\/wp-json\/wp\/v2\/tags?post=16201"}],"curies":[{"name":"wp","href":"https:\/\/api.w.org\/{rel}","templated":true}]}}