{"id":17238,"date":"2023-03-15T08:33:12","date_gmt":"2023-03-15T08:33:12","guid":{"rendered":"https:\/\/www.upjs.sk\/pracoviska\/ccvapp\/?page_id=17238"},"modified":"2025-08-07T12:23:14","modified_gmt":"2025-08-07T12:23:14","slug":"program-slovensko","status":"publish","type":"page","link":"https:\/\/www.upjs.sk\/pracoviska\/ccvapp\/podpora-projektov\/grantove-schemy\/programove-obdobie-2021-2027\/program-slovensko\/","title":{"rendered":"Program Slovensko"},"content":{"rendered":"<style>.kb-image17238_6770fc-9b .kb-image-has-overlay:after{opacity:0.3;}<\/style>\n<figure class=\"wp-block-kadence-image kb-image17238_6770fc-9b size-full\"><img loading=\"lazy\" decoding=\"async\" width=\"1170\" height=\"100\" src=\"https:\/\/www.upjs.sk\/app\/uploads\/sites\/22\/2024\/10\/pub_slovensko-1.png\" alt=\"\" class=\"kb-img wp-image-19039\" srcset=\"https:\/\/www.upjs.sk\/app\/uploads\/sites\/22\/2024\/10\/pub_slovensko-1.png 1170w, https:\/\/www.upjs.sk\/app\/uploads\/sites\/22\/2024\/10\/pub_slovensko-1-300x26.png 300w, https:\/\/www.upjs.sk\/app\/uploads\/sites\/22\/2024\/10\/pub_slovensko-1-1024x88.png 1024w, https:\/\/www.upjs.sk\/app\/uploads\/sites\/22\/2024\/10\/pub_slovensko-1-768x66.png 768w\" sizes=\"auto, (max-width: 1170px) 100vw, 1170px\" \/><\/figure>\n\n\n\n<p><strong>Program Slovensko<\/strong> je nov\u00fd r\u00e1mec pre \u010derpanie eurofondov na Slovensku v obdob\u00ed 2021 \u2013 2027. Jeho cie\u013eom je zjednodu\u0161i\u0165 a zefekt\u00edvni\u0165 proces spr\u00e1vy eurofondov, \u010d\u00edm sa zni\u017euje byrokracia a zvy\u0161uje efektivita invest\u00edci\u00ed. Program sa zameriava na r\u00f4zne oblasti, ako s\u00fa:<\/p>\n\n\n\n<ul class=\"wp-block-list\">\n<li>Zelen\u0161ie Slovensko: Invest\u00edcie do energetickej efekt\u00edvnosti a ochrany \u017eivotn\u00e9ho prostredia.<\/li>\n\n\n\n<li>Prepojenej\u0161ie Slovensko: Rozvoj dopravnej infra\u0161trukt\u00fary.<\/li>\n\n\n\n<li>Konkurencieschopnej\u0161ie Slovensko: Podpora vedy, v\u00fdskumu a inov\u00e1ci\u00ed.<\/li>\n\n\n\n<li>Soci\u00e1lnej\u0161ie Slovensko: Zlep\u0161enie pr\u00edstupu k vzdelaniu a soci\u00e1lnym slu\u017eb\u00e1m<\/li>\n<\/ul>\n\n\n\n<p class=\"has-text-align-center\"><strong>Hist\u00f3ria v\u00fdziev<\/strong>: <a href=\"https:\/\/portal.ccvapp.upjs.sk\/history-grant-calls\/program-slovensko-efrr-mirri\" target=\"_blank\" rel=\"noreferrer noopener\">MIRRI SR &#8211; EFRR<\/a> | <a href=\"https:\/\/portal.ccvapp.upjs.sk\/history-grant-calls\/program-slovensko-esf-msvvam\" target=\"_blank\" rel=\"noreferrer noopener\">M\u0160VVaM SR &#8211; ESF+<\/a> | <a href=\"https:\/\/portal.ccvapp.upjs.sk\/history-grant-calls\/program-slovensko-efrr-msvvam\" target=\"_blank\" rel=\"noreferrer noopener\">M\u0160VVaM SR &#8211; EFRR<\/a> | <a href=\"https:\/\/portal.ccvapp.upjs.sk\/history-grant-calls\/program-slovensko-efrr-mzsr\" target=\"_blank\" rel=\"noreferrer noopener\">MZ SR &#8211; EFRR<\/a> | <a href=\"https:\/\/portal.ccvapp.upjs.sk\/history-grant-calls\/program-slovensko-efrr-mhsr\" target=\"_blank\" rel=\"noreferrer noopener\">MH SR &#8211; EFRR<\/a><\/p>\n\n\n<style>.kt-tabs-id17238_75a620-f9 > .kt-tabs-content-wrap > .wp-block-kadence-tab{border-top:1px solid var(--global-palette7, #eeeeee);border-right:0px solid var(--global-palette7, #eeeeee);border-bottom:0px solid var(--global-palette7, #eeeeee);border-left:0px solid var(--global-palette7, #eeeeee);border-top-left-radius:0px;border-top-right-radius:0px;border-bottom-right-radius:0px;border-bottom-left-radius:0px;padding-top:var(--global-kb-spacing-sm, 1.5rem);padding-right:var(--global-kb-spacing-sm, 1.5rem);padding-bottom:var(--global-kb-spacing-sm, 1.5rem);padding-left:var(--global-kb-spacing-sm, 1.5rem);background:var(--global-palette9, #ffffff);}.wp-block-kadence-tabs .kt-tabs-id17238_75a620-f9 > .kt-tabs-title-list li{margin-top:0px;margin-right:8px;margin-bottom:0px;margin-left:0px;}.wp-block-kadence-tabs .kt-tabs-id17238_75a620-f9 > .kt-tabs-title-list li:last-child{margin-right:0px;}.wp-block-kadence-tabs .kt-tabs-id17238_75a620-f9 > .kt-tabs-title-list li .kt-tab-title, .wp-block-kadence-tabs .kt-tabs-id17238_75a620-f9 > .kt-tabs-content-wrap > .kt-tabs-accordion-title .kt-tab-title{line-height:1.4em;font-weight:regular;font-style:normal;border-top-width:0px;border-right-width:0px;border-bottom-width:4px;border-left-width:0px;border-top-left-radius:4px;border-top-right-radius:4px;border-bottom-right-radius:0px;border-bottom-left-radius:0px;padding-top:8px;padding-right:20px;padding-bottom:8px;padding-left:20px;}.wp-block-kadence-tabs .kt-tabs-id17238_75a620-f9 > .kt-tabs-content-wrap > .kt-tabs-accordion-title .kt-tab-title{margin-top:0px;margin-right:8px;margin-bottom:0px;margin-left:0px;}.wp-block-kadence-tabs .kt-tabs-id17238_75a620-f9 > .kt-tabs-title-list li.kt-tab-title-active .kt-tab-title, .wp-block-kadence-tabs .kt-tabs-id17238_75a620-f9 > .kt-tabs-content-wrap > .kt-tabs-accordion-title.kt-tab-title-active .kt-tab-title{border-color:#C19152;color:#ffffff;background:#164082;}@media all and (max-width: 1024px){.kt-tabs-id17238_75a620-f9 > .kt-tabs-content-wrap > .wp-block-kadence-tab{border-top:1px solid var(--global-palette7, #eeeeee);border-right:0px solid var(--global-palette7, #eeeeee);border-bottom:0px solid var(--global-palette7, #eeeeee);border-left:0px solid var(--global-palette7, #eeeeee);}}@media all and (max-width: 767px){.kt-tabs-id17238_75a620-f9 > .kt-tabs-content-wrap > .wp-block-kadence-tab{border-top:1px solid var(--global-palette7, #eeeeee);border-right:0px solid var(--global-palette7, #eeeeee);border-bottom:0px solid var(--global-palette7, #eeeeee);border-left:0px solid var(--global-palette7, #eeeeee);}}<\/style>\n<div class=\"wp-block-kadence-tabs alignnone\"><div class=\"kt-tabs-wrap kt-tabs-id17238_75a620-f9 kt-tabs-has-5-tabs kt-active-tab-2 kt-tabs-layout-tabs kt-tabs-tablet-layout-inherit kt-tabs-mobile-layout-inherit kt-tab-alignment-center \"><ul class=\"kt-tabs-title-list\"><li id=\"tab-mirrisr-efrr\" class=\"kt-title-item kt-title-item-1 kt-tabs-svg-show-always kt-tabs-icon-side-right kt-tab-title-inactive\"><a href=\"#tab-mirrisr-efrr\" data-tab=\"1\" class=\"kt-tab-title kt-tab-title-1 \"><span class=\"kt-title-text\">MIRRI SR &#8211; EFRR<\/span><\/a><\/li><li id=\"tab-mvvamsr-esf\" class=\"kt-title-item kt-title-item-2 kt-tabs-svg-show-always kt-tabs-icon-side-right kt-tab-title-active\"><a href=\"#tab-mvvamsr-esf\" data-tab=\"2\" class=\"kt-tab-title kt-tab-title-2 \"><span class=\"kt-title-text\">M\u0160VVaM SR &#8211; ESF+<\/span><\/a><\/li><li id=\"tab-mvvamsr-efrr\" class=\"kt-title-item kt-title-item-3 kt-tabs-svg-show-always kt-tabs-icon-side-right kt-tab-title-inactive\"><a href=\"#tab-mvvamsr-efrr\" data-tab=\"3\" class=\"kt-tab-title kt-tab-title-3 \"><span class=\"kt-title-text\">M\u0160VVaM SR &#8211; EFRR<\/span><\/a><\/li><li id=\"tab-mzsr-efrr\" class=\"kt-title-item kt-title-item-4 kt-tabs-svg-show-always kt-tabs-icon-side-right kt-tab-title-inactive\"><a href=\"#tab-mzsr-efrr\" data-tab=\"4\" class=\"kt-tab-title kt-tab-title-4 \"><span class=\"kt-title-text\">MZ SR &#8211; EFRR<\/span><\/a><\/li><li id=\"tab-mhsr-efrr\" class=\"kt-title-item kt-title-item-5 kt-tabs-svg-show-always kt-tabs-icon-side-right kt-tab-title-inactive\"><a href=\"#tab-mhsr-efrr\" data-tab=\"5\" class=\"kt-tab-title kt-tab-title-5 \"><span class=\"kt-title-text\">MH SR &#8211; EFRR<\/span><\/a><\/li><\/ul><div class=\"kt-tabs-content-wrap\">\n<div class=\"wp-block-kadence-tab kt-tab-inner-content kt-inner-tab-1 kt-inner-tabeaaf62-5f\"><div class=\"kt-tab-inner-content-inner\">\n<iframe style=\"border:0;width:100%;height:500px;\" src=\"https:\/\/portal.ccvapp.upjs.sk\/projects-print\/sk?path=program-slovensko-efrr-mirri&amp;url=https:\/\/www.upjs.sk\/pracoviska\/ccvapp\/podpora-projektov\/zakladne-informacie-o-projektoch\/projekt\/?id=\"><\/iframe>\n<\/div><\/div>\n\n\n\n<div class=\"wp-block-kadence-tab kt-tab-inner-content kt-inner-tab-2 kt-inner-tab68a207-c6\"><div class=\"kt-tab-inner-content-inner\">\n<iframe style=\"border:0;width:100%;height:500px;\" src=\"https:\/\/portal.ccvapp.upjs.sk\/projects-print\/sk?path=program-slovensko-esf-msvvam&amp;url=https:\/\/www.upjs.sk\/pracoviska\/ccvapp\/podpora-projektov\/zakladne-informacie-o-projektoch\/projekt\/?id=\"><\/iframe>\n<\/div><\/div>\n\n\n\n<div class=\"wp-block-kadence-tab kt-tab-inner-content kt-inner-tab-3 kt-inner-tab17238_71ae01-f9\"><div class=\"kt-tab-inner-content-inner\">\n<iframe style=\"border:0;width:100%;height:500px;\" src=\"https:\/\/portal.ccvapp.upjs.sk\/projects-print\/sk?path=program-slovensko-efrr-msvvam&amp;url=https:\/\/www.upjs.sk\/pracoviska\/ccvapp\/podpora-projektov\/zakladne-informacie-o-projektoch\/projekt\/?id=\"><\/iframe>\n<\/div><\/div>\n\n\n\n<div class=\"wp-block-kadence-tab kt-tab-inner-content kt-inner-tab-4 kt-inner-tabfd25d1-06\"><div class=\"kt-tab-inner-content-inner\">\n<iframe style=\"border:0;width:100%;height:500px;\" src=\"https:\/\/portal.ccvapp.upjs.sk\/projects-print\/sk?path=program-slovensko-efrr-mzsr&amp;url=https:\/\/www.upjs.sk\/pracoviska\/ccvapp\/podpora-projektov\/zakladne-informacie-o-projektoch\/projekt\/?id=\"><\/iframe>\n<\/div><\/div>\n\n\n\n<div class=\"wp-block-kadence-tab kt-tab-inner-content kt-inner-tab-5 kt-inner-tab17238_d54275-6a\"><div class=\"kt-tab-inner-content-inner\">\n<iframe style=\"border:0;width:100%;height:500px;\" src=\"https:\/\/portal.ccvapp.upjs.sk\/projects-print\/sk?path=program-slovensko-efrr-mhsr&amp;url=https:\/\/www.upjs.sk\/pracoviska\/ccvapp\/podpora-projektov\/zakladne-informacie-o-projektoch\/projekt\/?id=\"><\/iframe>\n<\/div><\/div>\n<\/div><\/div><\/div>\n\n\n\n<p><\/p>\n","protected":false},"excerpt":{"rendered":"<p>Program Slovensko je nov\u00fd r\u00e1mec pre \u010derpanie eurofondov na Slovensku v obdob\u00ed 2021 \u2013 2027. Jeho cie\u013eom je zjednodu\u0161i\u0165 a zefekt\u00edvni\u0165 proces spr\u00e1vy eurofondov, \u010d\u00edm sa zni\u017euje byrokracia a zvy\u0161uje efektivita invest\u00edci\u00ed. Program sa zameriava na r\u00f4zne oblasti, ako s\u00fa: Hist\u00f3ria v\u00fdziev: MIRRI SR &#8211; EFRR | M\u0160VVaM SR &#8211; ESF+ | M\u0160VVaM SR &#8211; &hellip; <a href=\"https:\/\/www.upjs.sk\/pracoviska\/ccvapp\/podpora-projektov\/grantove-schemy\/programove-obdobie-2021-2027\/program-slovensko\/\">\u010c\u00edta\u0165 \u010falej<\/a><\/p>\n","protected":false},"author":30,"featured_media":0,"parent":17216,"menu_order":0,"comment_status":"closed","ping_status":"closed","template":"","meta":{"_acf_changed":false,"_editorskit_title_hidden":false,"_editorskit_reading_time":1,"_editorskit_is_block_options_detached":false,"_editorskit_block_options_position":"{}","footnotes":""},"categories":[],"tags":[],"class_list":["post-17238","page","type-page","status-publish","hentry"],"acf":{"acf_link_na_externy_obsah":""},"yoast_head":"<!-- This site is optimized with the Yoast SEO plugin v27.4 - https:\/\/yoast.com\/product\/yoast-seo-wordpress\/ -->\n<title>Program Slovensko - Centrum celo\u017eivotn\u00e9ho vzdel\u00e1vania a podpory projektov | UPJ\u0160<\/title>\n<meta name=\"robots\" content=\"index, follow, max-snippet:-1, max-image-preview:large, max-video-preview:-1\" \/>\n<link rel=\"canonical\" href=\"https:\/\/www.upjs.sk\/pracoviska\/ccvapp\/podpora-projektov\/grantove-schemy\/programove-obdobie-2021-2027\/program-slovensko\/\" \/>\n<meta property=\"og:locale\" content=\"sk_SK\" \/>\n<meta property=\"og:type\" content=\"article\" \/>\n<meta property=\"og:title\" content=\"Program Slovensko - Centrum celo\u017eivotn\u00e9ho vzdel\u00e1vania a podpory projektov | UPJ\u0160\" \/>\n<meta property=\"og:description\" content=\"Program Slovensko je nov\u00fd r\u00e1mec pre \u010derpanie eurofondov na Slovensku v obdob\u00ed 2021 \u2013 2027. Jeho cie\u013eom je zjednodu\u0161i\u0165 a zefekt\u00edvni\u0165 proces spr\u00e1vy eurofondov, \u010d\u00edm sa zni\u017euje byrokracia a zvy\u0161uje efektivita invest\u00edci\u00ed. Program sa zameriava na r\u00f4zne oblasti, ako s\u00fa: Hist\u00f3ria v\u00fdziev: MIRRI SR &#8211; EFRR | M\u0160VVaM SR &#8211; ESF+ | M\u0160VVaM SR &#8211; &hellip; \u010c\u00edta\u0165 \u010falej\" \/>\n<meta property=\"og:url\" content=\"https:\/\/www.upjs.sk\/pracoviska\/ccvapp\/podpora-projektov\/grantove-schemy\/programove-obdobie-2021-2027\/program-slovensko\/\" \/>\n<meta property=\"og:site_name\" content=\"Centrum celo\u017eivotn\u00e9ho vzdel\u00e1vania a podpory projektov | UPJ\u0160\" \/>\n<meta property=\"article:modified_time\" content=\"2025-08-07T12:23:14+00:00\" \/>\n<meta property=\"og:image\" content=\"https:\/\/www.upjs.sk\/app\/uploads\/sites\/22\/2024\/10\/pub_slovensko-1.png\" \/>\n<meta name=\"twitter:card\" content=\"summary_large_image\" \/>\n<meta name=\"twitter:label1\" content=\"Predpokladan\u00fd \u010das \u010d\u00edtania\" \/>\n\t<meta name=\"twitter:data1\" content=\"1 min\u00fata\" \/>\n<script type=\"application\/ld+json\" class=\"yoast-schema-graph\">{\"@context\":\"https:\\\/\\\/schema.org\",\"@graph\":[{\"@type\":\"WebPage\",\"@id\":\"https:\\\/\\\/www.upjs.sk\\\/pracoviska\\\/ccvapp\\\/podpora-projektov\\\/grantove-schemy\\\/programove-obdobie-2021-2027\\\/program-slovensko\\\/\",\"url\":\"https:\\\/\\\/www.upjs.sk\\\/pracoviska\\\/ccvapp\\\/podpora-projektov\\\/grantove-schemy\\\/programove-obdobie-2021-2027\\\/program-slovensko\\\/\",\"name\":\"Program Slovensko - Centrum celo\u017eivotn\u00e9ho vzdel\u00e1vania a podpory projektov | UPJ\u0160\",\"isPartOf\":{\"@id\":\"https:\\\/\\\/www.upjs.sk\\\/pracoviska\\\/ccvapp\\\/#website\"},\"primaryImageOfPage\":{\"@id\":\"https:\\\/\\\/www.upjs.sk\\\/pracoviska\\\/ccvapp\\\/podpora-projektov\\\/grantove-schemy\\\/programove-obdobie-2021-2027\\\/program-slovensko\\\/#primaryimage\"},\"image\":{\"@id\":\"https:\\\/\\\/www.upjs.sk\\\/pracoviska\\\/ccvapp\\\/podpora-projektov\\\/grantove-schemy\\\/programove-obdobie-2021-2027\\\/program-slovensko\\\/#primaryimage\"},\"thumbnailUrl\":\"https:\\\/\\\/www.upjs.sk\\\/app\\\/uploads\\\/sites\\\/22\\\/2024\\\/10\\\/pub_slovensko-1.png\",\"datePublished\":\"2023-03-15T08:33:12+00:00\",\"dateModified\":\"2025-08-07T12:23:14+00:00\",\"breadcrumb\":{\"@id\":\"https:\\\/\\\/www.upjs.sk\\\/pracoviska\\\/ccvapp\\\/podpora-projektov\\\/grantove-schemy\\\/programove-obdobie-2021-2027\\\/program-slovensko\\\/#breadcrumb\"},\"inLanguage\":\"sk-SK\",\"potentialAction\":[{\"@type\":\"ReadAction\",\"target\":[\"https:\\\/\\\/www.upjs.sk\\\/pracoviska\\\/ccvapp\\\/podpora-projektov\\\/grantove-schemy\\\/programove-obdobie-2021-2027\\\/program-slovensko\\\/\"]}]},{\"@type\":\"ImageObject\",\"inLanguage\":\"sk-SK\",\"@id\":\"https:\\\/\\\/www.upjs.sk\\\/pracoviska\\\/ccvapp\\\/podpora-projektov\\\/grantove-schemy\\\/programove-obdobie-2021-2027\\\/program-slovensko\\\/#primaryimage\",\"url\":\"https:\\\/\\\/www.upjs.sk\\\/app\\\/uploads\\\/sites\\\/22\\\/2024\\\/10\\\/pub_slovensko-1.png\",\"contentUrl\":\"https:\\\/\\\/www.upjs.sk\\\/app\\\/uploads\\\/sites\\\/22\\\/2024\\\/10\\\/pub_slovensko-1.png\"},{\"@type\":\"BreadcrumbList\",\"@id\":\"https:\\\/\\\/www.upjs.sk\\\/pracoviska\\\/ccvapp\\\/podpora-projektov\\\/grantove-schemy\\\/programove-obdobie-2021-2027\\\/program-slovensko\\\/#breadcrumb\",\"itemListElement\":[{\"@type\":\"ListItem\",\"position\":1,\"name\":\"Home\",\"item\":\"https:\\\/\\\/www.upjs.sk\\\/pracoviska\\\/ccvapp\\\/\"},{\"@type\":\"ListItem\",\"position\":2,\"name\":\"Projekty\",\"item\":\"https:\\\/\\\/www.upjs.sk\\\/pracoviska\\\/ccvapp\\\/podpora-projektov\\\/\"},{\"@type\":\"ListItem\",\"position\":3,\"name\":\"Grantov\u00e9 sch\u00e9my\",\"item\":\"https:\\\/\\\/www.upjs.sk\\\/pracoviska\\\/ccvapp\\\/podpora-projektov\\\/grantove-schemy\\\/\"},{\"@type\":\"ListItem\",\"position\":4,\"name\":\"Programov\u00e9 obdobie 2021 &#8211; 2027\",\"item\":\"https:\\\/\\\/www.upjs.sk\\\/pracoviska\\\/ccvapp\\\/podpora-projektov\\\/grantove-schemy\\\/programove-obdobie-2021-2027\\\/\"},{\"@type\":\"ListItem\",\"position\":5,\"name\":\"Program Slovensko\"}]},{\"@type\":\"WebSite\",\"@id\":\"https:\\\/\\\/www.upjs.sk\\\/pracoviska\\\/ccvapp\\\/#website\",\"url\":\"https:\\\/\\\/www.upjs.sk\\\/pracoviska\\\/ccvapp\\\/\",\"name\":\"Centrum celo\u017eivotn\u00e9ho vzdel\u00e1vania a podpory projektov | UPJ\u0160\",\"description\":\"\",\"publisher\":{\"@id\":\"https:\\\/\\\/www.upjs.sk\\\/pracoviska\\\/ccvapp\\\/#organization\"},\"potentialAction\":[{\"@type\":\"SearchAction\",\"target\":{\"@type\":\"EntryPoint\",\"urlTemplate\":\"https:\\\/\\\/www.upjs.sk\\\/pracoviska\\\/ccvapp\\\/?s={search_term_string}\"},\"query-input\":{\"@type\":\"PropertyValueSpecification\",\"valueRequired\":true,\"valueName\":\"search_term_string\"}}],\"inLanguage\":\"sk-SK\"},{\"@type\":\"Organization\",\"@id\":\"https:\\\/\\\/www.upjs.sk\\\/pracoviska\\\/ccvapp\\\/#organization\",\"name\":\"Centrum celo\u017eivotn\u00e9ho vzdel\u00e1vania a podpory projektov | UPJ\u0160\",\"url\":\"https:\\\/\\\/www.upjs.sk\\\/pracoviska\\\/ccvapp\\\/\",\"logo\":{\"@type\":\"ImageObject\",\"inLanguage\":\"sk-SK\",\"@id\":\"https:\\\/\\\/www.upjs.sk\\\/pracoviska\\\/ccvapp\\\/#\\\/schema\\\/logo\\\/image\\\/\",\"url\":\"https:\\\/\\\/www.upjs.sk\\\/app\\\/uploads\\\/sites\\\/22\\\/2023\\\/01\\\/CCVaPP.svg\",\"contentUrl\":\"https:\\\/\\\/www.upjs.sk\\\/app\\\/uploads\\\/sites\\\/22\\\/2023\\\/01\\\/CCVaPP.svg\",\"width\":500,\"height\":138,\"caption\":\"Centrum celo\u017eivotn\u00e9ho vzdel\u00e1vania a podpory projektov | UPJ\u0160\"},\"image\":{\"@id\":\"https:\\\/\\\/www.upjs.sk\\\/pracoviska\\\/ccvapp\\\/#\\\/schema\\\/logo\\\/image\\\/\"}}]}<\/script>\n<!-- \/ Yoast SEO plugin. -->","yoast_head_json":{"title":"Program Slovensko - Centrum celo\u017eivotn\u00e9ho vzdel\u00e1vania a podpory projektov | UPJ\u0160","robots":{"index":"index","follow":"follow","max-snippet":"max-snippet:-1","max-image-preview":"max-image-preview:large","max-video-preview":"max-video-preview:-1"},"canonical":"https:\/\/www.upjs.sk\/pracoviska\/ccvapp\/podpora-projektov\/grantove-schemy\/programove-obdobie-2021-2027\/program-slovensko\/","og_locale":"sk_SK","og_type":"article","og_title":"Program Slovensko - Centrum celo\u017eivotn\u00e9ho vzdel\u00e1vania a podpory projektov | UPJ\u0160","og_description":"Program Slovensko je nov\u00fd r\u00e1mec pre \u010derpanie eurofondov na Slovensku v obdob\u00ed 2021 \u2013 2027. Jeho cie\u013eom je zjednodu\u0161i\u0165 a zefekt\u00edvni\u0165 proces spr\u00e1vy eurofondov, \u010d\u00edm sa zni\u017euje byrokracia a zvy\u0161uje efektivita invest\u00edci\u00ed. Program sa zameriava na r\u00f4zne oblasti, ako s\u00fa: Hist\u00f3ria v\u00fdziev: MIRRI SR &#8211; EFRR | M\u0160VVaM SR &#8211; ESF+ | M\u0160VVaM SR &#8211; &hellip; \u010c\u00edta\u0165 \u010falej","og_url":"https:\/\/www.upjs.sk\/pracoviska\/ccvapp\/podpora-projektov\/grantove-schemy\/programove-obdobie-2021-2027\/program-slovensko\/","og_site_name":"Centrum celo\u017eivotn\u00e9ho vzdel\u00e1vania a podpory projektov | UPJ\u0160","article_modified_time":"2025-08-07T12:23:14+00:00","og_image":[{"url":"https:\/\/www.upjs.sk\/app\/uploads\/sites\/22\/2024\/10\/pub_slovensko-1.png","type":"","width":"","height":""}],"twitter_card":"summary_large_image","twitter_misc":{"Predpokladan\u00fd \u010das \u010d\u00edtania":"1 min\u00fata"},"schema":{"@context":"https:\/\/schema.org","@graph":[{"@type":"WebPage","@id":"https:\/\/www.upjs.sk\/pracoviska\/ccvapp\/podpora-projektov\/grantove-schemy\/programove-obdobie-2021-2027\/program-slovensko\/","url":"https:\/\/www.upjs.sk\/pracoviska\/ccvapp\/podpora-projektov\/grantove-schemy\/programove-obdobie-2021-2027\/program-slovensko\/","name":"Program Slovensko - Centrum celo\u017eivotn\u00e9ho vzdel\u00e1vania a podpory projektov | UPJ\u0160","isPartOf":{"@id":"https:\/\/www.upjs.sk\/pracoviska\/ccvapp\/#website"},"primaryImageOfPage":{"@id":"https:\/\/www.upjs.sk\/pracoviska\/ccvapp\/podpora-projektov\/grantove-schemy\/programove-obdobie-2021-2027\/program-slovensko\/#primaryimage"},"image":{"@id":"https:\/\/www.upjs.sk\/pracoviska\/ccvapp\/podpora-projektov\/grantove-schemy\/programove-obdobie-2021-2027\/program-slovensko\/#primaryimage"},"thumbnailUrl":"https:\/\/www.upjs.sk\/app\/uploads\/sites\/22\/2024\/10\/pub_slovensko-1.png","datePublished":"2023-03-15T08:33:12+00:00","dateModified":"2025-08-07T12:23:14+00:00","breadcrumb":{"@id":"https:\/\/www.upjs.sk\/pracoviska\/ccvapp\/podpora-projektov\/grantove-schemy\/programove-obdobie-2021-2027\/program-slovensko\/#breadcrumb"},"inLanguage":"sk-SK","potentialAction":[{"@type":"ReadAction","target":["https:\/\/www.upjs.sk\/pracoviska\/ccvapp\/podpora-projektov\/grantove-schemy\/programove-obdobie-2021-2027\/program-slovensko\/"]}]},{"@type":"ImageObject","inLanguage":"sk-SK","@id":"https:\/\/www.upjs.sk\/pracoviska\/ccvapp\/podpora-projektov\/grantove-schemy\/programove-obdobie-2021-2027\/program-slovensko\/#primaryimage","url":"https:\/\/www.upjs.sk\/app\/uploads\/sites\/22\/2024\/10\/pub_slovensko-1.png","contentUrl":"https:\/\/www.upjs.sk\/app\/uploads\/sites\/22\/2024\/10\/pub_slovensko-1.png"},{"@type":"BreadcrumbList","@id":"https:\/\/www.upjs.sk\/pracoviska\/ccvapp\/podpora-projektov\/grantove-schemy\/programove-obdobie-2021-2027\/program-slovensko\/#breadcrumb","itemListElement":[{"@type":"ListItem","position":1,"name":"Home","item":"https:\/\/www.upjs.sk\/pracoviska\/ccvapp\/"},{"@type":"ListItem","position":2,"name":"Projekty","item":"https:\/\/www.upjs.sk\/pracoviska\/ccvapp\/podpora-projektov\/"},{"@type":"ListItem","position":3,"name":"Grantov\u00e9 sch\u00e9my","item":"https:\/\/www.upjs.sk\/pracoviska\/ccvapp\/podpora-projektov\/grantove-schemy\/"},{"@type":"ListItem","position":4,"name":"Programov\u00e9 obdobie 2021 &#8211; 2027","item":"https:\/\/www.upjs.sk\/pracoviska\/ccvapp\/podpora-projektov\/grantove-schemy\/programove-obdobie-2021-2027\/"},{"@type":"ListItem","position":5,"name":"Program Slovensko"}]},{"@type":"WebSite","@id":"https:\/\/www.upjs.sk\/pracoviska\/ccvapp\/#website","url":"https:\/\/www.upjs.sk\/pracoviska\/ccvapp\/","name":"Centrum celo\u017eivotn\u00e9ho vzdel\u00e1vania a podpory projektov | UPJ\u0160","description":"","publisher":{"@id":"https:\/\/www.upjs.sk\/pracoviska\/ccvapp\/#organization"},"potentialAction":[{"@type":"SearchAction","target":{"@type":"EntryPoint","urlTemplate":"https:\/\/www.upjs.sk\/pracoviska\/ccvapp\/?s={search_term_string}"},"query-input":{"@type":"PropertyValueSpecification","valueRequired":true,"valueName":"search_term_string"}}],"inLanguage":"sk-SK"},{"@type":"Organization","@id":"https:\/\/www.upjs.sk\/pracoviska\/ccvapp\/#organization","name":"Centrum celo\u017eivotn\u00e9ho vzdel\u00e1vania a podpory projektov | UPJ\u0160","url":"https:\/\/www.upjs.sk\/pracoviska\/ccvapp\/","logo":{"@type":"ImageObject","inLanguage":"sk-SK","@id":"https:\/\/www.upjs.sk\/pracoviska\/ccvapp\/#\/schema\/logo\/image\/","url":"https:\/\/www.upjs.sk\/app\/uploads\/sites\/22\/2023\/01\/CCVaPP.svg","contentUrl":"https:\/\/www.upjs.sk\/app\/uploads\/sites\/22\/2023\/01\/CCVaPP.svg","width":500,"height":138,"caption":"Centrum celo\u017eivotn\u00e9ho vzdel\u00e1vania a podpory projektov | UPJ\u0160"},"image":{"@id":"https:\/\/www.upjs.sk\/pracoviska\/ccvapp\/#\/schema\/logo\/image\/"}}]}},"_links":{"self":[{"href":"https:\/\/www.upjs.sk\/pracoviska\/ccvapp\/wp-json\/wp\/v2\/pages\/17238","targetHints":{"allow":["GET"]}}],"collection":[{"href":"https:\/\/www.upjs.sk\/pracoviska\/ccvapp\/wp-json\/wp\/v2\/pages"}],"about":[{"href":"https:\/\/www.upjs.sk\/pracoviska\/ccvapp\/wp-json\/wp\/v2\/types\/page"}],"author":[{"embeddable":true,"href":"https:\/\/www.upjs.sk\/pracoviska\/ccvapp\/wp-json\/wp\/v2\/users\/30"}],"replies":[{"embeddable":true,"href":"https:\/\/www.upjs.sk\/pracoviska\/ccvapp\/wp-json\/wp\/v2\/comments?post=17238"}],"version-history":[{"count":20,"href":"https:\/\/www.upjs.sk\/pracoviska\/ccvapp\/wp-json\/wp\/v2\/pages\/17238\/revisions"}],"predecessor-version":[{"id":19957,"href":"https:\/\/www.upjs.sk\/pracoviska\/ccvapp\/wp-json\/wp\/v2\/pages\/17238\/revisions\/19957"}],"up":[{"embeddable":true,"href":"https:\/\/www.upjs.sk\/pracoviska\/ccvapp\/wp-json\/wp\/v2\/pages\/17216"}],"wp:attachment":[{"href":"https:\/\/www.upjs.sk\/pracoviska\/ccvapp\/wp-json\/wp\/v2\/media?parent=17238"}],"wp:term":[{"taxonomy":"category","embeddable":true,"href":"https:\/\/www.upjs.sk\/pracoviska\/ccvapp\/wp-json\/wp\/v2\/categories?post=17238"},{"taxonomy":"post_tag","embeddable":true,"href":"https:\/\/www.upjs.sk\/pracoviska\/ccvapp\/wp-json\/wp\/v2\/tags?post=17238"}],"curies":[{"name":"wp","href":"https:\/\/api.w.org\/{rel}","templated":true}]}}