{"id":17295,"date":"2023-03-15T11:48:25","date_gmt":"2023-03-15T11:48:25","guid":{"rendered":"https:\/\/www.upjs.sk\/pracoviska\/ccvapp\/?page_id=17295"},"modified":"2024-02-22T11:17:40","modified_gmt":"2024-02-22T11:17:40","slug":"plan-obnovy","status":"publish","type":"page","link":"https:\/\/www.upjs.sk\/pracoviska\/ccvapp\/podpora-projektov\/grantove-schemy\/plan-obnovy\/","title":{"rendered":"Pl\u00e1n obnovy a\u00a0odolnosti SR"},"content":{"rendered":"\n<figure class=\"wp-block-image aligncenter size-large\"><img loading=\"lazy\" decoding=\"async\" width=\"1024\" height=\"142\" src=\"https:\/\/www.upjs.sk\/app\/uploads\/sites\/22\/2024\/01\/pub_plan_obnovy-1024x142.png\" alt=\"\" class=\"wp-image-18230\" srcset=\"https:\/\/www.upjs.sk\/app\/uploads\/sites\/22\/2024\/01\/pub_plan_obnovy-1024x142.png 1024w, https:\/\/www.upjs.sk\/app\/uploads\/sites\/22\/2024\/01\/pub_plan_obnovy-300x42.png 300w, https:\/\/www.upjs.sk\/app\/uploads\/sites\/22\/2024\/01\/pub_plan_obnovy-768x107.png 768w, https:\/\/www.upjs.sk\/app\/uploads\/sites\/22\/2024\/01\/pub_plan_obnovy-1536x213.png 1536w, https:\/\/www.upjs.sk\/app\/uploads\/sites\/22\/2024\/01\/pub_plan_obnovy-2048x284.png 2048w\" sizes=\"auto, (max-width: 1024px) 100vw, 1024px\" \/><\/figure>\n\n\n\n<p><strong>Pl\u00e1n obnovy a&nbsp;odolnosti SR<\/strong>&nbsp;stanovuje ucelen\u00fd bal\u00edk reforiem a&nbsp;invest\u00edci\u00ed, ktor\u00e9 sa realizuj\u00fa do&nbsp;roku 2026&nbsp;a&nbsp;ktor\u00e9 s\u00fa podporen\u00e9 z mechanizmu na&nbsp;podporu obnovy a&nbsp;odolnosti. Pl\u00e1n tvoria invest\u00edcie a&nbsp;reformy, ktor\u00e9 rie\u0161ia v\u00fdzvy identifikovan\u00e9 v&nbsp;kontexte eur\u00f3pskeho semestra, najm\u00e4 v&nbsp;odpor\u00fa\u010daniach Eur\u00f3pskej komisie pre&nbsp;Slovensko.<\/p>\n\n\n<style>.kt-tabs-id17295_e8da0f-5d > .kt-tabs-content-wrap > .wp-block-kadence-tab{border-top:1px solid var(--global-palette7, #eeeeee);border-right:0px solid var(--global-palette7, #eeeeee);border-bottom:0px solid var(--global-palette7, #eeeeee);border-left:0px solid var(--global-palette7, #eeeeee);border-top-left-radius:0px;border-top-right-radius:0px;border-bottom-right-radius:0px;border-bottom-left-radius:0px;padding-top:var(--global-kb-spacing-sm, 1.5rem);padding-right:var(--global-kb-spacing-sm, 1.5rem);padding-bottom:var(--global-kb-spacing-sm, 1.5rem);padding-left:var(--global-kb-spacing-sm, 1.5rem);background:var(--global-palette9, #ffffff);}.wp-block-kadence-tabs .kt-tabs-id17295_e8da0f-5d > .kt-tabs-title-list li{margin-top:0px;margin-right:8px;margin-bottom:0px;margin-left:0px;}.wp-block-kadence-tabs .kt-tabs-id17295_e8da0f-5d > .kt-tabs-title-list li:last-child{margin-right:0px;}.wp-block-kadence-tabs .kt-tabs-id17295_e8da0f-5d > .kt-tabs-title-list li .kt-tab-title, .wp-block-kadence-tabs .kt-tabs-id17295_e8da0f-5d > .kt-tabs-content-wrap > .kt-tabs-accordion-title .kt-tab-title{line-height:1.4em;font-weight:regular;font-style:normal;border-top-width:0px;border-right-width:0px;border-bottom-width:4px;border-left-width:0px;border-top-left-radius:4px;border-top-right-radius:4px;border-bottom-right-radius:0px;border-bottom-left-radius:0px;padding-top:8px;padding-right:20px;padding-bottom:8px;padding-left:20px;}.wp-block-kadence-tabs .kt-tabs-id17295_e8da0f-5d > .kt-tabs-content-wrap > .kt-tabs-accordion-title .kt-tab-title{margin-top:0px;margin-right:8px;margin-bottom:0px;margin-left:0px;}.wp-block-kadence-tabs .kt-tabs-id17295_e8da0f-5d > .kt-tabs-title-list li.kt-tab-title-active .kt-tab-title, .wp-block-kadence-tabs .kt-tabs-id17295_e8da0f-5d > .kt-tabs-content-wrap > .kt-tabs-accordion-title.kt-tab-title-active .kt-tab-title{border-color:#C19152;color:#ffffff;background:#164082;}@media all and (max-width: 1024px){.kt-tabs-id17295_e8da0f-5d > .kt-tabs-content-wrap > .wp-block-kadence-tab{border-top:1px solid var(--global-palette7, #eeeeee);border-right:0px solid var(--global-palette7, #eeeeee);border-bottom:0px solid var(--global-palette7, #eeeeee);border-left:0px solid var(--global-palette7, #eeeeee);}}@media all and (max-width: 767px){.kt-tabs-id17295_e8da0f-5d > .kt-tabs-content-wrap > .wp-block-kadence-tab{border-top:1px solid var(--global-palette7, #eeeeee);border-right:0px solid var(--global-palette7, #eeeeee);border-bottom:0px solid var(--global-palette7, #eeeeee);border-left:0px solid var(--global-palette7, #eeeeee);}}<\/style>\n<div class=\"wp-block-kadence-tabs alignnone\"><div class=\"kt-tabs-wrap kt-tabs-id17295_e8da0f-5d kt-tabs-has-6-tabs kt-active-tab-3 kt-tabs-layout-tabs kt-tabs-tablet-layout-inherit kt-tabs-mobile-layout-inherit kt-tab-alignment-center \"><ul class=\"kt-tabs-title-list\"><li id=\"tab-komponent7\" class=\"kt-title-item kt-title-item-1 kt-tabs-svg-show-always kt-tabs-icon-side-right kt-tab-title-inactive\"><a href=\"#tab-komponent7\" data-tab=\"1\" class=\"kt-tab-title kt-tab-title-1 \"><span class=\"kt-title-text\">Komponent 7<\/span><\/a><\/li><li id=\"tab-komponent8\" class=\"kt-title-item kt-title-item-2 kt-tabs-svg-show-always kt-tabs-icon-side-right kt-tab-title-inactive\"><a href=\"#tab-komponent8\" data-tab=\"2\" class=\"kt-tab-title kt-tab-title-2 \"><span class=\"kt-title-text\">Komponent 8<\/span><\/a><\/li><li id=\"tab-komponent9-vsr\" class=\"kt-title-item kt-title-item-3 kt-tabs-svg-show-always kt-tabs-icon-side-right kt-tab-title-active\"><a href=\"#tab-komponent9-vsr\" data-tab=\"3\" class=\"kt-tab-title kt-tab-title-3 \"><span class=\"kt-title-text\">Komponent 9 &#8211; \u00daV SR<\/span><\/a><\/li><li id=\"tab-komponent9-va\" class=\"kt-title-item kt-title-item-4 kt-tabs-svg-show-always kt-tabs-icon-side-right kt-tab-title-inactive\"><a href=\"#tab-komponent9-va\" data-tab=\"4\" class=\"kt-tab-title kt-tab-title-4 \"><span class=\"kt-title-text\">Komponent 9 &#8211; VA<\/span><\/a><\/li><li id=\"tab-komponent10-mvvamsr\" class=\"kt-title-item kt-title-item-5 kt-tabs-svg-show-always kt-tabs-icon-side-right kt-tab-title-inactive\"><a href=\"#tab-komponent10-mvvamsr\" data-tab=\"5\" class=\"kt-tab-title kt-tab-title-5 \"><span class=\"kt-title-text\">Komponent 10 &#8211; M\u0160VVaM SR<\/span><\/a><\/li><li id=\"tab-komponent17\" class=\"kt-title-item kt-title-item-6 kt-tabs-svg-show-always kt-tabs-icon-side-right kt-tab-title-inactive\"><a href=\"#tab-komponent17\" data-tab=\"6\" class=\"kt-tab-title kt-tab-title-6 \"><span class=\"kt-title-text\">Komponent 17<\/span><\/a><\/li><\/ul><div class=\"kt-tabs-content-wrap\">\n<div class=\"wp-block-kadence-tab kt-tab-inner-content kt-inner-tab-1 kt-inner-tab_0ee64f-9a\"><div class=\"kt-tab-inner-content-inner\">\n<h5 class=\"wp-block-heading has-text-align-center\"><strong>Vzdel\u00e1vanie pre 21. storo\u010die<\/strong><\/h5>\n\n\n\n<p class=\"has-text-align-center\"><a href=\"https:\/\/portal.ccvapp.upjs.sk\/grant-calls\/plan-obnovy-k7\" target=\"_blank\" aria-label=\" (opens in a new tab)\" rel=\"noreferrer noopener\" class=\"ek-link\">Aktu\u00e1lne v\u00fdzvy<\/a> | <a href=\"https:\/\/portal.ccvapp.upjs.sk\/history-grant-calls\/plan-obnovy-k7\" target=\"_blank\" aria-label=\" (opens in a new tab)\" rel=\"noreferrer noopener\" class=\"ek-link\">Hist\u00f3ria v\u00fdziev<\/a><\/p>\n\n\n\n<iframe style=\"border:0;width:100%;height:500px;\" src=\"https:\/\/portal.ccvapp.upjs.sk\/projects-print\/sk?path=plan-obnovy-k7&amp;url=https:\/\/www.upjs.sk\/pracoviska\/ccvapp\/podpora-projektov\/zakladne-informacie-o-projektoch\/projekt\/?id=\"><\/iframe>\n<\/div><\/div>\n\n\n\n<div class=\"wp-block-kadence-tab kt-tab-inner-content kt-inner-tab-2 kt-inner-tab_e4a419-c3\"><div class=\"kt-tab-inner-content-inner\">\n<h5 class=\"wp-block-heading has-text-align-center\"><strong>Zv\u00fd\u0161enie v\u00fdkonnosti slovensk\u00fdch vysok\u00fdch \u0161k\u00f4l<\/strong><\/h5>\n\n\n\n<p class=\"has-text-align-center\"><a href=\"https:\/\/portal.ccvapp.upjs.sk\/grant-calls\/plan-obnovy-k8\" target=\"_blank\" aria-label=\" (opens in a new tab)\" rel=\"noreferrer noopener\" class=\"ek-link\">Aktu\u00e1lne v\u00fdzvy<\/a> | <a href=\"https:\/\/portal.ccvapp.upjs.sk\/history-grant-calls\/plan-obnovy-k8\" target=\"_blank\" aria-label=\" (opens in a new tab)\" rel=\"noreferrer noopener\" class=\"ek-link\">Hist\u00f3ria v\u00fdziev<\/a><\/p>\n\n\n\n<iframe style=\"border:0;width:100%;height:500px;\" src=\"https:\/\/portal.ccvapp.upjs.sk\/projects-print\/sk?path=plan-obnovy-k8&amp;url=https:\/\/www.upjs.sk\/pracoviska\/ccvapp\/podpora-projektov\/zakladne-informacie-o-projektoch\/projekt\/?id=\"><\/iframe>\n<\/div><\/div>\n\n\n\n<div class=\"wp-block-kadence-tab kt-tab-inner-content kt-inner-tab-3 kt-inner-tab_307463-bb\"><div class=\"kt-tab-inner-content-inner\">\n<h5 class=\"wp-block-heading has-text-align-center\"><strong>Efekt\u00edvnej\u0161ie riadenie a posilnenie financovania vedy, v\u00fdskumu a inov\u00e1ci\u00ed<\/strong><\/h5>\n\n\n\n<p class=\"has-text-align-center\"><a href=\"https:\/\/portal.ccvapp.upjs.sk\/grant-calls\/plan-obnovy-k9-uvsr\" target=\"_blank\" aria-label=\" (opens in a new tab)\" rel=\"noreferrer noopener\" class=\"ek-link\">Aktu\u00e1lne v\u00fdzvy<\/a> | <a href=\"https:\/\/portal.ccvapp.upjs.sk\/history-grant-calls\/plan-obnovy-k9-uvsr\" target=\"_blank\" aria-label=\" (opens in a new tab)\" rel=\"noreferrer noopener\" class=\"ek-link\">Hist\u00f3ria v\u00fdziev<\/a><\/p>\n\n\n\n<iframe style=\"border:0;width:100%;height:500px;\" src=\"https:\/\/portal.ccvapp.upjs.sk\/projects-print\/sk?path=plan-obnovy-k9-uvsr&amp;url=https:\/\/www.upjs.sk\/pracoviska\/ccvapp\/podpora-projektov\/zakladne-informacie-o-projektoch\/projekt\/?id=\"><\/iframe>\n<\/div><\/div>\n\n\n\n<div class=\"wp-block-kadence-tab kt-tab-inner-content kt-inner-tab-4 kt-inner-tab_f98356-be\"><div class=\"kt-tab-inner-content-inner\">\n<h5 class=\"wp-block-heading has-text-align-center\"><strong>Efekt\u00edvnej\u0161ie riadenie a posilnenie financovania vedy, v\u00fdskumu a inov\u00e1ci\u00ed<\/strong><\/h5>\n\n\n\n<p class=\"has-text-align-center\"><a href=\"https:\/\/portal.ccvapp.upjs.sk\/grant-calls\/plan-obnovy-k9-va\" target=\"_blank\" aria-label=\" (opens in a new tab)\" rel=\"noreferrer noopener\" class=\"ek-link\">Aktu\u00e1lne v\u00fdzvy<\/a> | <a href=\"https:\/\/portal.ccvapp.upjs.sk\/history-grant-calls\/plan-obnovy-k9-va\" target=\"_blank\" aria-label=\" (opens in a new tab)\" rel=\"noreferrer noopener\" class=\"ek-link\">Hist\u00f3ria v\u00fdziev<\/a><\/p>\n\n\n\n<iframe style=\"border:0;width:100%;height:500px;\" src=\"https:\/\/portal.ccvapp.upjs.sk\/projects-print\/sk?path=plan-obnovy-k9-va&amp;url=https:\/\/www.upjs.sk\/pracoviska\/ccvapp\/podpora-projektov\/zakladne-informacie-o-projektoch\/projekt\/?id=\"><\/iframe>\n<\/div><\/div>\n\n\n\n<div class=\"wp-block-kadence-tab kt-tab-inner-content kt-inner-tab-5 kt-inner-tab_c95b45-73\"><div class=\"kt-tab-inner-content-inner\"><style>.wp-block-kadence-advancedheading.kt-adv-heading17295_989492-84, .wp-block-kadence-advancedheading.kt-adv-heading17295_989492-84[data-kb-block=\"kb-adv-heading17295_989492-84\"]{text-align:center;font-style:normal;}.wp-block-kadence-advancedheading.kt-adv-heading17295_989492-84 mark.kt-highlight, .wp-block-kadence-advancedheading.kt-adv-heading17295_989492-84[data-kb-block=\"kb-adv-heading17295_989492-84\"] mark.kt-highlight{font-style:normal;color:#f76a0c;-webkit-box-decoration-break:clone;box-decoration-break:clone;padding-top:0px;padding-right:0px;padding-bottom:0px;padding-left:0px;}<\/style>\n<h5 class=\"kt-adv-heading17295_989492-84 wp-block-kadence-advancedheading\" data-kb-block=\"kb-adv-heading17295_989492-84\"><strong>L\u00e1kanie a udr\u017eanie talentov<\/strong><\/h5>\n\n\n\n<p class=\"has-text-align-center\"><a href=\"https:\/\/portal.ccvapp.upjs.sk\/grant-calls\/plan-obnovy-k10-msvvam\" target=\"_blank\" aria-label=\" (opens in a new tab)\" rel=\"noreferrer noopener\" class=\"ek-link\">Aktu\u00e1lne v\u00fdzvy<\/a> | <a href=\"https:\/\/portal.ccvapp.upjs.sk\/history-grant-calls\/plan-obnovy-k10-msvvam\" target=\"_blank\" aria-label=\" (opens in a new tab)\" rel=\"noreferrer noopener\" class=\"ek-link\">Hist\u00f3ria v\u00fdziev<\/a><\/p>\n\n\n\n<iframe style=\"border:0;width:100%;height:500px;\" src=\"https:\/\/portal.ccvapp.upjs.sk\/projects-print\/sk?path=plan-obnovy-k10-msvvam&amp;url=https:\/\/www.upjs.sk\/pracoviska\/ccvapp\/podpora-projektov\/zakladne-informacie-o-projektoch\/projekt\/?id=\"><\/iframe>\n<\/div><\/div>\n\n\n\n<div class=\"wp-block-kadence-tab kt-tab-inner-content kt-inner-tab-6 kt-inner-tab_fcf398-dc\"><div class=\"kt-tab-inner-content-inner\">\n<h5 class=\"wp-block-heading has-text-align-center has--font-size\"><strong>Digit\u00e1lne Slovensko (\u0161t\u00e1t v mobile, kybernetick\u00e1 bezpe\u010dnos\u0165, r\u00fdchly internet pre ka\u017ed\u00e9ho, digit\u00e1lna ekonomika)<\/strong><\/h5>\n\n\n\n<p class=\"has-text-align-center\"><a href=\"https:\/\/portal.ccvapp.upjs.sk\/grant-calls\/plan-obnovy-k17\" target=\"_blank\" aria-label=\" (opens in a new tab)\" rel=\"noreferrer noopener\" class=\"ek-link\">Aktu\u00e1lne v\u00fdzvy<\/a> | <a href=\"https:\/\/portal.ccvapp.upjs.sk\/history-grant-calls\/plan-obnovy-k17\" target=\"_blank\" aria-label=\" (opens in a new tab)\" rel=\"noreferrer noopener\" class=\"ek-link\">Hist\u00f3ria v\u00fdziev<\/a><\/p>\n\n\n\n<iframe style=\"border:0;width:100%;height:500px;\" src=\"https:\/\/portal.ccvapp.upjs.sk\/projects-print\/sk?path=plan-obnovy-k17&amp;url=https:\/\/www.upjs.sk\/pracoviska\/ccvapp\/podpora-projektov\/zakladne-informacie-o-projektoch\/projekt\/?id=\"><\/iframe>\n<\/div><\/div>\n<\/div><\/div><\/div>\n","protected":false},"excerpt":{"rendered":"<p>Pl\u00e1n obnovy a&nbsp;odolnosti SR&nbsp;stanovuje ucelen\u00fd bal\u00edk reforiem a&nbsp;invest\u00edci\u00ed, ktor\u00e9 sa realizuj\u00fa do&nbsp;roku 2026&nbsp;a&nbsp;ktor\u00e9 s\u00fa podporen\u00e9 z mechanizmu na&nbsp;podporu obnovy a&nbsp;odolnosti. Pl\u00e1n tvoria invest\u00edcie a&nbsp;reformy, ktor\u00e9 rie\u0161ia v\u00fdzvy identifikovan\u00e9 v&nbsp;kontexte eur\u00f3pskeho semestra, najm\u00e4 v&nbsp;odpor\u00fa\u010daniach Eur\u00f3pskej komisie pre&nbsp;Slovensko.<\/p>\n","protected":false},"author":30,"featured_media":0,"parent":13204,"menu_order":13,"comment_status":"closed","ping_status":"closed","template":"","meta":{"_acf_changed":false,"_editorskit_title_hidden":false,"_editorskit_reading_time":1,"_editorskit_is_block_options_detached":false,"_editorskit_block_options_position":"{}","footnotes":""},"categories":[],"tags":[],"class_list":["post-17295","page","type-page","status-publish","hentry"],"acf":{"acf_link_na_externy_obsah":""},"yoast_head":"<!-- This site is optimized with the Yoast SEO plugin v27.4 - https:\/\/yoast.com\/product\/yoast-seo-wordpress\/ -->\n<title>Pl\u00e1n obnovy a\u00a0odolnosti SR - Centrum celo\u017eivotn\u00e9ho vzdel\u00e1vania a podpory projektov | UPJ\u0160<\/title>\n<meta name=\"robots\" content=\"index, follow, max-snippet:-1, max-image-preview:large, max-video-preview:-1\" \/>\n<link rel=\"canonical\" href=\"https:\/\/www.upjs.sk\/pracoviska\/ccvapp\/podpora-projektov\/grantove-schemy\/plan-obnovy\/\" \/>\n<meta property=\"og:locale\" content=\"sk_SK\" \/>\n<meta property=\"og:type\" content=\"article\" \/>\n<meta property=\"og:title\" content=\"Pl\u00e1n obnovy a\u00a0odolnosti SR - Centrum celo\u017eivotn\u00e9ho vzdel\u00e1vania a podpory projektov | UPJ\u0160\" \/>\n<meta property=\"og:description\" content=\"Pl\u00e1n obnovy a&nbsp;odolnosti SR&nbsp;stanovuje ucelen\u00fd bal\u00edk reforiem a&nbsp;invest\u00edci\u00ed, ktor\u00e9 sa realizuj\u00fa do&nbsp;roku 2026&nbsp;a&nbsp;ktor\u00e9 s\u00fa podporen\u00e9 z mechanizmu na&nbsp;podporu obnovy a&nbsp;odolnosti. Pl\u00e1n tvoria invest\u00edcie a&nbsp;reformy, ktor\u00e9 rie\u0161ia v\u00fdzvy identifikovan\u00e9 v&nbsp;kontexte eur\u00f3pskeho semestra, najm\u00e4 v&nbsp;odpor\u00fa\u010daniach Eur\u00f3pskej komisie pre&nbsp;Slovensko.\" \/>\n<meta property=\"og:url\" content=\"https:\/\/www.upjs.sk\/pracoviska\/ccvapp\/podpora-projektov\/grantove-schemy\/plan-obnovy\/\" \/>\n<meta property=\"og:site_name\" content=\"Centrum celo\u017eivotn\u00e9ho vzdel\u00e1vania a podpory projektov | UPJ\u0160\" \/>\n<meta property=\"article:modified_time\" content=\"2024-02-22T11:17:40+00:00\" \/>\n<meta property=\"og:image\" content=\"https:\/\/www.upjs.sk\/app\/uploads\/sites\/22\/2024\/01\/pub_plan_obnovy-1024x142.png\" \/>\n<meta name=\"twitter:card\" content=\"summary_large_image\" \/>\n<meta name=\"twitter:label1\" content=\"Predpokladan\u00fd \u010das \u010d\u00edtania\" \/>\n\t<meta name=\"twitter:data1\" content=\"1 min\u00fata\" \/>\n<script type=\"application\/ld+json\" class=\"yoast-schema-graph\">{\"@context\":\"https:\\\/\\\/schema.org\",\"@graph\":[{\"@type\":\"WebPage\",\"@id\":\"https:\\\/\\\/www.upjs.sk\\\/pracoviska\\\/ccvapp\\\/podpora-projektov\\\/grantove-schemy\\\/plan-obnovy\\\/\",\"url\":\"https:\\\/\\\/www.upjs.sk\\\/pracoviska\\\/ccvapp\\\/podpora-projektov\\\/grantove-schemy\\\/plan-obnovy\\\/\",\"name\":\"Pl\u00e1n obnovy a\u00a0odolnosti SR - Centrum celo\u017eivotn\u00e9ho vzdel\u00e1vania a podpory projektov | UPJ\u0160\",\"isPartOf\":{\"@id\":\"https:\\\/\\\/www.upjs.sk\\\/pracoviska\\\/ccvapp\\\/#website\"},\"primaryImageOfPage\":{\"@id\":\"https:\\\/\\\/www.upjs.sk\\\/pracoviska\\\/ccvapp\\\/podpora-projektov\\\/grantove-schemy\\\/plan-obnovy\\\/#primaryimage\"},\"image\":{\"@id\":\"https:\\\/\\\/www.upjs.sk\\\/pracoviska\\\/ccvapp\\\/podpora-projektov\\\/grantove-schemy\\\/plan-obnovy\\\/#primaryimage\"},\"thumbnailUrl\":\"https:\\\/\\\/www.upjs.sk\\\/app\\\/uploads\\\/sites\\\/22\\\/2024\\\/01\\\/pub_plan_obnovy-1024x142.png\",\"datePublished\":\"2023-03-15T11:48:25+00:00\",\"dateModified\":\"2024-02-22T11:17:40+00:00\",\"breadcrumb\":{\"@id\":\"https:\\\/\\\/www.upjs.sk\\\/pracoviska\\\/ccvapp\\\/podpora-projektov\\\/grantove-schemy\\\/plan-obnovy\\\/#breadcrumb\"},\"inLanguage\":\"sk-SK\",\"potentialAction\":[{\"@type\":\"ReadAction\",\"target\":[\"https:\\\/\\\/www.upjs.sk\\\/pracoviska\\\/ccvapp\\\/podpora-projektov\\\/grantove-schemy\\\/plan-obnovy\\\/\"]}]},{\"@type\":\"ImageObject\",\"inLanguage\":\"sk-SK\",\"@id\":\"https:\\\/\\\/www.upjs.sk\\\/pracoviska\\\/ccvapp\\\/podpora-projektov\\\/grantove-schemy\\\/plan-obnovy\\\/#primaryimage\",\"url\":\"https:\\\/\\\/www.upjs.sk\\\/app\\\/uploads\\\/sites\\\/22\\\/2024\\\/01\\\/pub_plan_obnovy-1024x142.png\",\"contentUrl\":\"https:\\\/\\\/www.upjs.sk\\\/app\\\/uploads\\\/sites\\\/22\\\/2024\\\/01\\\/pub_plan_obnovy-1024x142.png\"},{\"@type\":\"BreadcrumbList\",\"@id\":\"https:\\\/\\\/www.upjs.sk\\\/pracoviska\\\/ccvapp\\\/podpora-projektov\\\/grantove-schemy\\\/plan-obnovy\\\/#breadcrumb\",\"itemListElement\":[{\"@type\":\"ListItem\",\"position\":1,\"name\":\"Home\",\"item\":\"https:\\\/\\\/www.upjs.sk\\\/pracoviska\\\/ccvapp\\\/\"},{\"@type\":\"ListItem\",\"position\":2,\"name\":\"Projekty\",\"item\":\"https:\\\/\\\/www.upjs.sk\\\/pracoviska\\\/ccvapp\\\/podpora-projektov\\\/\"},{\"@type\":\"ListItem\",\"position\":3,\"name\":\"Grantov\u00e9 sch\u00e9my\",\"item\":\"https:\\\/\\\/www.upjs.sk\\\/pracoviska\\\/ccvapp\\\/podpora-projektov\\\/grantove-schemy\\\/\"},{\"@type\":\"ListItem\",\"position\":4,\"name\":\"Pl\u00e1n obnovy a\u00a0odolnosti SR\"}]},{\"@type\":\"WebSite\",\"@id\":\"https:\\\/\\\/www.upjs.sk\\\/pracoviska\\\/ccvapp\\\/#website\",\"url\":\"https:\\\/\\\/www.upjs.sk\\\/pracoviska\\\/ccvapp\\\/\",\"name\":\"Centrum celo\u017eivotn\u00e9ho vzdel\u00e1vania a podpory projektov | UPJ\u0160\",\"description\":\"\",\"publisher\":{\"@id\":\"https:\\\/\\\/www.upjs.sk\\\/pracoviska\\\/ccvapp\\\/#organization\"},\"potentialAction\":[{\"@type\":\"SearchAction\",\"target\":{\"@type\":\"EntryPoint\",\"urlTemplate\":\"https:\\\/\\\/www.upjs.sk\\\/pracoviska\\\/ccvapp\\\/?s={search_term_string}\"},\"query-input\":{\"@type\":\"PropertyValueSpecification\",\"valueRequired\":true,\"valueName\":\"search_term_string\"}}],\"inLanguage\":\"sk-SK\"},{\"@type\":\"Organization\",\"@id\":\"https:\\\/\\\/www.upjs.sk\\\/pracoviska\\\/ccvapp\\\/#organization\",\"name\":\"Centrum celo\u017eivotn\u00e9ho vzdel\u00e1vania a podpory projektov | UPJ\u0160\",\"url\":\"https:\\\/\\\/www.upjs.sk\\\/pracoviska\\\/ccvapp\\\/\",\"logo\":{\"@type\":\"ImageObject\",\"inLanguage\":\"sk-SK\",\"@id\":\"https:\\\/\\\/www.upjs.sk\\\/pracoviska\\\/ccvapp\\\/#\\\/schema\\\/logo\\\/image\\\/\",\"url\":\"https:\\\/\\\/www.upjs.sk\\\/app\\\/uploads\\\/sites\\\/22\\\/2023\\\/01\\\/CCVaPP.svg\",\"contentUrl\":\"https:\\\/\\\/www.upjs.sk\\\/app\\\/uploads\\\/sites\\\/22\\\/2023\\\/01\\\/CCVaPP.svg\",\"width\":500,\"height\":138,\"caption\":\"Centrum celo\u017eivotn\u00e9ho vzdel\u00e1vania a podpory projektov | UPJ\u0160\"},\"image\":{\"@id\":\"https:\\\/\\\/www.upjs.sk\\\/pracoviska\\\/ccvapp\\\/#\\\/schema\\\/logo\\\/image\\\/\"}}]}<\/script>\n<!-- \/ Yoast SEO plugin. -->","yoast_head_json":{"title":"Pl\u00e1n obnovy a\u00a0odolnosti SR - Centrum celo\u017eivotn\u00e9ho vzdel\u00e1vania a podpory projektov | UPJ\u0160","robots":{"index":"index","follow":"follow","max-snippet":"max-snippet:-1","max-image-preview":"max-image-preview:large","max-video-preview":"max-video-preview:-1"},"canonical":"https:\/\/www.upjs.sk\/pracoviska\/ccvapp\/podpora-projektov\/grantove-schemy\/plan-obnovy\/","og_locale":"sk_SK","og_type":"article","og_title":"Pl\u00e1n obnovy a\u00a0odolnosti SR - Centrum celo\u017eivotn\u00e9ho vzdel\u00e1vania a podpory projektov | UPJ\u0160","og_description":"Pl\u00e1n obnovy a&nbsp;odolnosti SR&nbsp;stanovuje ucelen\u00fd bal\u00edk reforiem a&nbsp;invest\u00edci\u00ed, ktor\u00e9 sa realizuj\u00fa do&nbsp;roku 2026&nbsp;a&nbsp;ktor\u00e9 s\u00fa podporen\u00e9 z mechanizmu na&nbsp;podporu obnovy a&nbsp;odolnosti. Pl\u00e1n tvoria invest\u00edcie a&nbsp;reformy, ktor\u00e9 rie\u0161ia v\u00fdzvy identifikovan\u00e9 v&nbsp;kontexte eur\u00f3pskeho semestra, najm\u00e4 v&nbsp;odpor\u00fa\u010daniach Eur\u00f3pskej komisie pre&nbsp;Slovensko.","og_url":"https:\/\/www.upjs.sk\/pracoviska\/ccvapp\/podpora-projektov\/grantove-schemy\/plan-obnovy\/","og_site_name":"Centrum celo\u017eivotn\u00e9ho vzdel\u00e1vania a podpory projektov | UPJ\u0160","article_modified_time":"2024-02-22T11:17:40+00:00","og_image":[{"url":"https:\/\/www.upjs.sk\/app\/uploads\/sites\/22\/2024\/01\/pub_plan_obnovy-1024x142.png","type":"","width":"","height":""}],"twitter_card":"summary_large_image","twitter_misc":{"Predpokladan\u00fd \u010das \u010d\u00edtania":"1 min\u00fata"},"schema":{"@context":"https:\/\/schema.org","@graph":[{"@type":"WebPage","@id":"https:\/\/www.upjs.sk\/pracoviska\/ccvapp\/podpora-projektov\/grantove-schemy\/plan-obnovy\/","url":"https:\/\/www.upjs.sk\/pracoviska\/ccvapp\/podpora-projektov\/grantove-schemy\/plan-obnovy\/","name":"Pl\u00e1n obnovy a\u00a0odolnosti SR - Centrum celo\u017eivotn\u00e9ho vzdel\u00e1vania a podpory projektov | UPJ\u0160","isPartOf":{"@id":"https:\/\/www.upjs.sk\/pracoviska\/ccvapp\/#website"},"primaryImageOfPage":{"@id":"https:\/\/www.upjs.sk\/pracoviska\/ccvapp\/podpora-projektov\/grantove-schemy\/plan-obnovy\/#primaryimage"},"image":{"@id":"https:\/\/www.upjs.sk\/pracoviska\/ccvapp\/podpora-projektov\/grantove-schemy\/plan-obnovy\/#primaryimage"},"thumbnailUrl":"https:\/\/www.upjs.sk\/app\/uploads\/sites\/22\/2024\/01\/pub_plan_obnovy-1024x142.png","datePublished":"2023-03-15T11:48:25+00:00","dateModified":"2024-02-22T11:17:40+00:00","breadcrumb":{"@id":"https:\/\/www.upjs.sk\/pracoviska\/ccvapp\/podpora-projektov\/grantove-schemy\/plan-obnovy\/#breadcrumb"},"inLanguage":"sk-SK","potentialAction":[{"@type":"ReadAction","target":["https:\/\/www.upjs.sk\/pracoviska\/ccvapp\/podpora-projektov\/grantove-schemy\/plan-obnovy\/"]}]},{"@type":"ImageObject","inLanguage":"sk-SK","@id":"https:\/\/www.upjs.sk\/pracoviska\/ccvapp\/podpora-projektov\/grantove-schemy\/plan-obnovy\/#primaryimage","url":"https:\/\/www.upjs.sk\/app\/uploads\/sites\/22\/2024\/01\/pub_plan_obnovy-1024x142.png","contentUrl":"https:\/\/www.upjs.sk\/app\/uploads\/sites\/22\/2024\/01\/pub_plan_obnovy-1024x142.png"},{"@type":"BreadcrumbList","@id":"https:\/\/www.upjs.sk\/pracoviska\/ccvapp\/podpora-projektov\/grantove-schemy\/plan-obnovy\/#breadcrumb","itemListElement":[{"@type":"ListItem","position":1,"name":"Home","item":"https:\/\/www.upjs.sk\/pracoviska\/ccvapp\/"},{"@type":"ListItem","position":2,"name":"Projekty","item":"https:\/\/www.upjs.sk\/pracoviska\/ccvapp\/podpora-projektov\/"},{"@type":"ListItem","position":3,"name":"Grantov\u00e9 sch\u00e9my","item":"https:\/\/www.upjs.sk\/pracoviska\/ccvapp\/podpora-projektov\/grantove-schemy\/"},{"@type":"ListItem","position":4,"name":"Pl\u00e1n obnovy a\u00a0odolnosti SR"}]},{"@type":"WebSite","@id":"https:\/\/www.upjs.sk\/pracoviska\/ccvapp\/#website","url":"https:\/\/www.upjs.sk\/pracoviska\/ccvapp\/","name":"Centrum celo\u017eivotn\u00e9ho vzdel\u00e1vania a podpory projektov | UPJ\u0160","description":"","publisher":{"@id":"https:\/\/www.upjs.sk\/pracoviska\/ccvapp\/#organization"},"potentialAction":[{"@type":"SearchAction","target":{"@type":"EntryPoint","urlTemplate":"https:\/\/www.upjs.sk\/pracoviska\/ccvapp\/?s={search_term_string}"},"query-input":{"@type":"PropertyValueSpecification","valueRequired":true,"valueName":"search_term_string"}}],"inLanguage":"sk-SK"},{"@type":"Organization","@id":"https:\/\/www.upjs.sk\/pracoviska\/ccvapp\/#organization","name":"Centrum celo\u017eivotn\u00e9ho vzdel\u00e1vania a podpory projektov | UPJ\u0160","url":"https:\/\/www.upjs.sk\/pracoviska\/ccvapp\/","logo":{"@type":"ImageObject","inLanguage":"sk-SK","@id":"https:\/\/www.upjs.sk\/pracoviska\/ccvapp\/#\/schema\/logo\/image\/","url":"https:\/\/www.upjs.sk\/app\/uploads\/sites\/22\/2023\/01\/CCVaPP.svg","contentUrl":"https:\/\/www.upjs.sk\/app\/uploads\/sites\/22\/2023\/01\/CCVaPP.svg","width":500,"height":138,"caption":"Centrum celo\u017eivotn\u00e9ho vzdel\u00e1vania a podpory projektov | UPJ\u0160"},"image":{"@id":"https:\/\/www.upjs.sk\/pracoviska\/ccvapp\/#\/schema\/logo\/image\/"}}]}},"_links":{"self":[{"href":"https:\/\/www.upjs.sk\/pracoviska\/ccvapp\/wp-json\/wp\/v2\/pages\/17295","targetHints":{"allow":["GET"]}}],"collection":[{"href":"https:\/\/www.upjs.sk\/pracoviska\/ccvapp\/wp-json\/wp\/v2\/pages"}],"about":[{"href":"https:\/\/www.upjs.sk\/pracoviska\/ccvapp\/wp-json\/wp\/v2\/types\/page"}],"author":[{"embeddable":true,"href":"https:\/\/www.upjs.sk\/pracoviska\/ccvapp\/wp-json\/wp\/v2\/users\/30"}],"replies":[{"embeddable":true,"href":"https:\/\/www.upjs.sk\/pracoviska\/ccvapp\/wp-json\/wp\/v2\/comments?post=17295"}],"version-history":[{"count":21,"href":"https:\/\/www.upjs.sk\/pracoviska\/ccvapp\/wp-json\/wp\/v2\/pages\/17295\/revisions"}],"predecessor-version":[{"id":21016,"href":"https:\/\/www.upjs.sk\/pracoviska\/ccvapp\/wp-json\/wp\/v2\/pages\/17295\/revisions\/21016"}],"up":[{"embeddable":true,"href":"https:\/\/www.upjs.sk\/pracoviska\/ccvapp\/wp-json\/wp\/v2\/pages\/13204"}],"wp:attachment":[{"href":"https:\/\/www.upjs.sk\/pracoviska\/ccvapp\/wp-json\/wp\/v2\/media?parent=17295"}],"wp:term":[{"taxonomy":"category","embeddable":true,"href":"https:\/\/www.upjs.sk\/pracoviska\/ccvapp\/wp-json\/wp\/v2\/categories?post=17295"},{"taxonomy":"post_tag","embeddable":true,"href":"https:\/\/www.upjs.sk\/pracoviska\/ccvapp\/wp-json\/wp\/v2\/tags?post=17295"}],"curies":[{"name":"wp","href":"https:\/\/api.w.org\/{rel}","templated":true}]}}