{"id":17344,"date":"2023-03-16T08:39:09","date_gmt":"2023-03-16T08:39:09","guid":{"rendered":"https:\/\/www.upjs.sk\/pracoviska\/ccvapp\/?page_id=17344"},"modified":"2023-03-16T08:43:00","modified_gmt":"2023-03-16T08:43:00","slug":"deutscher-akademischer-austauschdienst-daad","status":"publish","type":"page","link":"https:\/\/www.upjs.sk\/pracoviska\/ccvapp\/podpora-projektov\/grantove-schemy\/deutscher-akademischer-austauschdienst-daad\/","title":{"rendered":"Deutscher Akademischer Austauschdienst (DAAD)"},"content":{"rendered":"\n<p class=\"has-text-align-justify\"><strong>DAAD\u00a0<\/strong>podporuje ro\u010dne viac ne\u017e 100.000 nemeck\u00fdch a\u00a0zahrani\u010dn\u00fdch \u0161tudentov a\u00a0vedcov na celom svete \u2013 a\u00a0je tak najv\u00e4\u010d\u0161ou organiz\u00e1ciou svojho druhu na svete. Okrem toho prispieva k\u00a0internacionalizovaniu nemeck\u00fdch vysok\u00fdch \u0161k\u00f4l, podporuje rozvojov\u00e9 krajiny pri budovan\u00ed vzdel\u00e1vac\u00edch syst\u00e9mov a\u00a0rovnako podporuje germanistiku a\u00a0nemeck\u00fd jazyk v\u00a0zahrani\u010d\u00ed. Zdroj: <a aria-label=\"https:\/\/www.daad.de\/en\/ (opens in a new tab)\" href=\"https:\/\/www.daad.de\/en\/\" target=\"_blank\" rel=\"noreferrer noopener\" class=\"ek-link\">https:\/\/www.daad.de\/en\/<\/a><\/p>\n\n\n\n<p class=\"has-text-align-center\"><a href=\"https:\/\/portal.ccvapp.upjs.sk\/grant-calls\/daad\" target=\"_blank\" aria-label=\"Aktu\u00e1lne v\u00fdzvy (opens in a new tab)\" rel=\"noreferrer noopener\" class=\"ek-link\"><strong>Aktu\u00e1lne v\u00fdzvy<\/strong><\/a> | <a href=\"https:\/\/portal.ccvapp.upjs.sk\/history-grant-calls\/daad\" target=\"_blank\" aria-label=\"Hist\u00f3ria v\u00fdziev (opens in a new tab)\" rel=\"noreferrer noopener\" class=\"ek-link\"><strong>Hist\u00f3ria v\u00fdziev<\/strong><\/a><\/p>\n\n\n\n<iframe style=\"border:0;width:100%;height:500px;\" src=\"https:\/\/portal.ccvapp.upjs.sk\/projects-print\/sk?path=daad&amp;url=https:\/\/www.upjs.sk\/pracoviska\/ccvapp\/podpora-projektov\/zakladne-informacie-o-projektoch\/projekt\/?id=\"><\/iframe>\n","protected":false},"excerpt":{"rendered":"<p>DAAD\u00a0podporuje ro\u010dne viac ne\u017e 100.000 nemeck\u00fdch a\u00a0zahrani\u010dn\u00fdch \u0161tudentov a\u00a0vedcov na celom svete \u2013 a\u00a0je tak najv\u00e4\u010d\u0161ou organiz\u00e1ciou svojho druhu na svete. Okrem toho prispieva k\u00a0internacionalizovaniu nemeck\u00fdch vysok\u00fdch \u0161k\u00f4l, podporuje rozvojov\u00e9 krajiny pri budovan\u00ed vzdel\u00e1vac\u00edch syst\u00e9mov a\u00a0rovnako podporuje germanistiku a\u00a0nemeck\u00fd jazyk v\u00a0zahrani\u010d\u00ed. Zdroj: https:\/\/www.daad.de\/en\/ Aktu\u00e1lne v\u00fdzvy | Hist\u00f3ria v\u00fdziev<\/p>\n","protected":false},"author":30,"featured_media":0,"parent":13204,"menu_order":4,"comment_status":"closed","ping_status":"closed","template":"","meta":{"_acf_changed":false,"_editorskit_title_hidden":false,"_editorskit_reading_time":1,"_editorskit_is_block_options_detached":false,"_editorskit_block_options_position":"{}","footnotes":""},"categories":[],"tags":[],"class_list":["post-17344","page","type-page","status-publish","hentry"],"acf":{"acf_link_na_externy_obsah":""},"yoast_head":"<!-- This site is optimized with the Yoast SEO plugin v27.2 - https:\/\/yoast.com\/product\/yoast-seo-wordpress\/ -->\n<title>Deutscher Akademischer Austauschdienst (DAAD) - Centrum celo\u017eivotn\u00e9ho vzdel\u00e1vania a podpory projektov | UPJ\u0160<\/title>\n<meta name=\"robots\" content=\"index, follow, max-snippet:-1, max-image-preview:large, max-video-preview:-1\" \/>\n<link rel=\"canonical\" href=\"https:\/\/www.upjs.sk\/pracoviska\/ccvapp\/podpora-projektov\/grantove-schemy\/deutscher-akademischer-austauschdienst-daad\/\" \/>\n<meta property=\"og:locale\" content=\"sk_SK\" \/>\n<meta property=\"og:type\" content=\"article\" \/>\n<meta property=\"og:title\" content=\"Deutscher Akademischer Austauschdienst (DAAD) - Centrum celo\u017eivotn\u00e9ho vzdel\u00e1vania a podpory projektov | UPJ\u0160\" \/>\n<meta property=\"og:description\" content=\"DAAD\u00a0podporuje ro\u010dne viac ne\u017e 100.000 nemeck\u00fdch a\u00a0zahrani\u010dn\u00fdch \u0161tudentov a\u00a0vedcov na celom svete \u2013 a\u00a0je tak najv\u00e4\u010d\u0161ou organiz\u00e1ciou svojho druhu na svete. Okrem toho prispieva k\u00a0internacionalizovaniu nemeck\u00fdch vysok\u00fdch \u0161k\u00f4l, podporuje rozvojov\u00e9 krajiny pri budovan\u00ed vzdel\u00e1vac\u00edch syst\u00e9mov a\u00a0rovnako podporuje germanistiku a\u00a0nemeck\u00fd jazyk v\u00a0zahrani\u010d\u00ed. Zdroj: https:\/\/www.daad.de\/en\/ Aktu\u00e1lne v\u00fdzvy | Hist\u00f3ria v\u00fdziev\" \/>\n<meta property=\"og:url\" content=\"https:\/\/www.upjs.sk\/pracoviska\/ccvapp\/podpora-projektov\/grantove-schemy\/deutscher-akademischer-austauschdienst-daad\/\" \/>\n<meta property=\"og:site_name\" content=\"Centrum celo\u017eivotn\u00e9ho vzdel\u00e1vania a podpory projektov | UPJ\u0160\" \/>\n<meta property=\"article:modified_time\" content=\"2023-03-16T08:43:00+00:00\" \/>\n<meta name=\"twitter:card\" content=\"summary_large_image\" \/>\n<meta name=\"twitter:label1\" content=\"Predpokladan\u00fd \u010das \u010d\u00edtania\" \/>\n\t<meta name=\"twitter:data1\" content=\"1 min\u00fata\" \/>\n<script type=\"application\/ld+json\" class=\"yoast-schema-graph\">{\"@context\":\"https:\/\/schema.org\",\"@graph\":[{\"@type\":\"WebPage\",\"@id\":\"https:\/\/www.upjs.sk\/pracoviska\/ccvapp\/podpora-projektov\/grantove-schemy\/deutscher-akademischer-austauschdienst-daad\/\",\"url\":\"https:\/\/www.upjs.sk\/pracoviska\/ccvapp\/podpora-projektov\/grantove-schemy\/deutscher-akademischer-austauschdienst-daad\/\",\"name\":\"Deutscher Akademischer Austauschdienst (DAAD) - Centrum celo\u017eivotn\u00e9ho vzdel\u00e1vania a podpory projektov | UPJ\u0160\",\"isPartOf\":{\"@id\":\"https:\/\/www.upjs.sk\/pracoviska\/ccvapp\/#website\"},\"datePublished\":\"2023-03-16T08:39:09+00:00\",\"dateModified\":\"2023-03-16T08:43:00+00:00\",\"breadcrumb\":{\"@id\":\"https:\/\/www.upjs.sk\/pracoviska\/ccvapp\/podpora-projektov\/grantove-schemy\/deutscher-akademischer-austauschdienst-daad\/#breadcrumb\"},\"inLanguage\":\"sk-SK\",\"potentialAction\":[{\"@type\":\"ReadAction\",\"target\":[\"https:\/\/www.upjs.sk\/pracoviska\/ccvapp\/podpora-projektov\/grantove-schemy\/deutscher-akademischer-austauschdienst-daad\/\"]}]},{\"@type\":\"BreadcrumbList\",\"@id\":\"https:\/\/www.upjs.sk\/pracoviska\/ccvapp\/podpora-projektov\/grantove-schemy\/deutscher-akademischer-austauschdienst-daad\/#breadcrumb\",\"itemListElement\":[{\"@type\":\"ListItem\",\"position\":1,\"name\":\"Home\",\"item\":\"https:\/\/www.upjs.sk\/pracoviska\/ccvapp\/\"},{\"@type\":\"ListItem\",\"position\":2,\"name\":\"Projekty\",\"item\":\"https:\/\/www.upjs.sk\/pracoviska\/ccvapp\/podpora-projektov\/\"},{\"@type\":\"ListItem\",\"position\":3,\"name\":\"Grantov\u00e9 sch\u00e9my\",\"item\":\"https:\/\/www.upjs.sk\/pracoviska\/ccvapp\/podpora-projektov\/grantove-schemy\/\"},{\"@type\":\"ListItem\",\"position\":4,\"name\":\"Deutscher Akademischer Austauschdienst (DAAD)\"}]},{\"@type\":\"WebSite\",\"@id\":\"https:\/\/www.upjs.sk\/pracoviska\/ccvapp\/#website\",\"url\":\"https:\/\/www.upjs.sk\/pracoviska\/ccvapp\/\",\"name\":\"Centrum celo\u017eivotn\u00e9ho vzdel\u00e1vania a podpory projektov | UPJ\u0160\",\"description\":\"\",\"publisher\":{\"@id\":\"https:\/\/www.upjs.sk\/pracoviska\/ccvapp\/#organization\"},\"potentialAction\":[{\"@type\":\"SearchAction\",\"target\":{\"@type\":\"EntryPoint\",\"urlTemplate\":\"https:\/\/www.upjs.sk\/pracoviska\/ccvapp\/?s={search_term_string}\"},\"query-input\":{\"@type\":\"PropertyValueSpecification\",\"valueRequired\":true,\"valueName\":\"search_term_string\"}}],\"inLanguage\":\"sk-SK\"},{\"@type\":\"Organization\",\"@id\":\"https:\/\/www.upjs.sk\/pracoviska\/ccvapp\/#organization\",\"name\":\"Centrum celo\u017eivotn\u00e9ho vzdel\u00e1vania a podpory projektov | UPJ\u0160\",\"url\":\"https:\/\/www.upjs.sk\/pracoviska\/ccvapp\/\",\"logo\":{\"@type\":\"ImageObject\",\"inLanguage\":\"sk-SK\",\"@id\":\"https:\/\/www.upjs.sk\/pracoviska\/ccvapp\/#\/schema\/logo\/image\/\",\"url\":\"https:\/\/www.upjs.sk\/app\/uploads\/sites\/22\/2023\/01\/CCVaPP.svg\",\"contentUrl\":\"https:\/\/www.upjs.sk\/app\/uploads\/sites\/22\/2023\/01\/CCVaPP.svg\",\"width\":500,\"height\":138,\"caption\":\"Centrum celo\u017eivotn\u00e9ho vzdel\u00e1vania a podpory projektov | UPJ\u0160\"},\"image\":{\"@id\":\"https:\/\/www.upjs.sk\/pracoviska\/ccvapp\/#\/schema\/logo\/image\/\"}}]}<\/script>\n<!-- \/ Yoast SEO plugin. -->","yoast_head_json":{"title":"Deutscher Akademischer Austauschdienst (DAAD) - Centrum celo\u017eivotn\u00e9ho vzdel\u00e1vania a podpory projektov | UPJ\u0160","robots":{"index":"index","follow":"follow","max-snippet":"max-snippet:-1","max-image-preview":"max-image-preview:large","max-video-preview":"max-video-preview:-1"},"canonical":"https:\/\/www.upjs.sk\/pracoviska\/ccvapp\/podpora-projektov\/grantove-schemy\/deutscher-akademischer-austauschdienst-daad\/","og_locale":"sk_SK","og_type":"article","og_title":"Deutscher Akademischer Austauschdienst (DAAD) - Centrum celo\u017eivotn\u00e9ho vzdel\u00e1vania a podpory projektov | UPJ\u0160","og_description":"DAAD\u00a0podporuje ro\u010dne viac ne\u017e 100.000 nemeck\u00fdch a\u00a0zahrani\u010dn\u00fdch \u0161tudentov a\u00a0vedcov na celom svete \u2013 a\u00a0je tak najv\u00e4\u010d\u0161ou organiz\u00e1ciou svojho druhu na svete. Okrem toho prispieva k\u00a0internacionalizovaniu nemeck\u00fdch vysok\u00fdch \u0161k\u00f4l, podporuje rozvojov\u00e9 krajiny pri budovan\u00ed vzdel\u00e1vac\u00edch syst\u00e9mov a\u00a0rovnako podporuje germanistiku a\u00a0nemeck\u00fd jazyk v\u00a0zahrani\u010d\u00ed. Zdroj: https:\/\/www.daad.de\/en\/ Aktu\u00e1lne v\u00fdzvy | Hist\u00f3ria v\u00fdziev","og_url":"https:\/\/www.upjs.sk\/pracoviska\/ccvapp\/podpora-projektov\/grantove-schemy\/deutscher-akademischer-austauschdienst-daad\/","og_site_name":"Centrum celo\u017eivotn\u00e9ho vzdel\u00e1vania a podpory projektov | UPJ\u0160","article_modified_time":"2023-03-16T08:43:00+00:00","twitter_card":"summary_large_image","twitter_misc":{"Predpokladan\u00fd \u010das \u010d\u00edtania":"1 min\u00fata"},"schema":{"@context":"https:\/\/schema.org","@graph":[{"@type":"WebPage","@id":"https:\/\/www.upjs.sk\/pracoviska\/ccvapp\/podpora-projektov\/grantove-schemy\/deutscher-akademischer-austauschdienst-daad\/","url":"https:\/\/www.upjs.sk\/pracoviska\/ccvapp\/podpora-projektov\/grantove-schemy\/deutscher-akademischer-austauschdienst-daad\/","name":"Deutscher Akademischer Austauschdienst (DAAD) - Centrum celo\u017eivotn\u00e9ho vzdel\u00e1vania a podpory projektov | UPJ\u0160","isPartOf":{"@id":"https:\/\/www.upjs.sk\/pracoviska\/ccvapp\/#website"},"datePublished":"2023-03-16T08:39:09+00:00","dateModified":"2023-03-16T08:43:00+00:00","breadcrumb":{"@id":"https:\/\/www.upjs.sk\/pracoviska\/ccvapp\/podpora-projektov\/grantove-schemy\/deutscher-akademischer-austauschdienst-daad\/#breadcrumb"},"inLanguage":"sk-SK","potentialAction":[{"@type":"ReadAction","target":["https:\/\/www.upjs.sk\/pracoviska\/ccvapp\/podpora-projektov\/grantove-schemy\/deutscher-akademischer-austauschdienst-daad\/"]}]},{"@type":"BreadcrumbList","@id":"https:\/\/www.upjs.sk\/pracoviska\/ccvapp\/podpora-projektov\/grantove-schemy\/deutscher-akademischer-austauschdienst-daad\/#breadcrumb","itemListElement":[{"@type":"ListItem","position":1,"name":"Home","item":"https:\/\/www.upjs.sk\/pracoviska\/ccvapp\/"},{"@type":"ListItem","position":2,"name":"Projekty","item":"https:\/\/www.upjs.sk\/pracoviska\/ccvapp\/podpora-projektov\/"},{"@type":"ListItem","position":3,"name":"Grantov\u00e9 sch\u00e9my","item":"https:\/\/www.upjs.sk\/pracoviska\/ccvapp\/podpora-projektov\/grantove-schemy\/"},{"@type":"ListItem","position":4,"name":"Deutscher Akademischer Austauschdienst (DAAD)"}]},{"@type":"WebSite","@id":"https:\/\/www.upjs.sk\/pracoviska\/ccvapp\/#website","url":"https:\/\/www.upjs.sk\/pracoviska\/ccvapp\/","name":"Centrum celo\u017eivotn\u00e9ho vzdel\u00e1vania a podpory projektov | UPJ\u0160","description":"","publisher":{"@id":"https:\/\/www.upjs.sk\/pracoviska\/ccvapp\/#organization"},"potentialAction":[{"@type":"SearchAction","target":{"@type":"EntryPoint","urlTemplate":"https:\/\/www.upjs.sk\/pracoviska\/ccvapp\/?s={search_term_string}"},"query-input":{"@type":"PropertyValueSpecification","valueRequired":true,"valueName":"search_term_string"}}],"inLanguage":"sk-SK"},{"@type":"Organization","@id":"https:\/\/www.upjs.sk\/pracoviska\/ccvapp\/#organization","name":"Centrum celo\u017eivotn\u00e9ho vzdel\u00e1vania a podpory projektov | UPJ\u0160","url":"https:\/\/www.upjs.sk\/pracoviska\/ccvapp\/","logo":{"@type":"ImageObject","inLanguage":"sk-SK","@id":"https:\/\/www.upjs.sk\/pracoviska\/ccvapp\/#\/schema\/logo\/image\/","url":"https:\/\/www.upjs.sk\/app\/uploads\/sites\/22\/2023\/01\/CCVaPP.svg","contentUrl":"https:\/\/www.upjs.sk\/app\/uploads\/sites\/22\/2023\/01\/CCVaPP.svg","width":500,"height":138,"caption":"Centrum celo\u017eivotn\u00e9ho vzdel\u00e1vania a podpory projektov | UPJ\u0160"},"image":{"@id":"https:\/\/www.upjs.sk\/pracoviska\/ccvapp\/#\/schema\/logo\/image\/"}}]}},"_links":{"self":[{"href":"https:\/\/www.upjs.sk\/pracoviska\/ccvapp\/wp-json\/wp\/v2\/pages\/17344","targetHints":{"allow":["GET"]}}],"collection":[{"href":"https:\/\/www.upjs.sk\/pracoviska\/ccvapp\/wp-json\/wp\/v2\/pages"}],"about":[{"href":"https:\/\/www.upjs.sk\/pracoviska\/ccvapp\/wp-json\/wp\/v2\/types\/page"}],"author":[{"embeddable":true,"href":"https:\/\/www.upjs.sk\/pracoviska\/ccvapp\/wp-json\/wp\/v2\/users\/30"}],"replies":[{"embeddable":true,"href":"https:\/\/www.upjs.sk\/pracoviska\/ccvapp\/wp-json\/wp\/v2\/comments?post=17344"}],"version-history":[{"count":3,"href":"https:\/\/www.upjs.sk\/pracoviska\/ccvapp\/wp-json\/wp\/v2\/pages\/17344\/revisions"}],"predecessor-version":[{"id":17349,"href":"https:\/\/www.upjs.sk\/pracoviska\/ccvapp\/wp-json\/wp\/v2\/pages\/17344\/revisions\/17349"}],"up":[{"embeddable":true,"href":"https:\/\/www.upjs.sk\/pracoviska\/ccvapp\/wp-json\/wp\/v2\/pages\/13204"}],"wp:attachment":[{"href":"https:\/\/www.upjs.sk\/pracoviska\/ccvapp\/wp-json\/wp\/v2\/media?parent=17344"}],"wp:term":[{"taxonomy":"category","embeddable":true,"href":"https:\/\/www.upjs.sk\/pracoviska\/ccvapp\/wp-json\/wp\/v2\/categories?post=17344"},{"taxonomy":"post_tag","embeddable":true,"href":"https:\/\/www.upjs.sk\/pracoviska\/ccvapp\/wp-json\/wp\/v2\/tags?post=17344"}],"curies":[{"name":"wp","href":"https:\/\/api.w.org\/{rel}","templated":true}]}}