{"id":17807,"date":"2023-06-29T12:15:21","date_gmt":"2023-06-29T12:15:21","guid":{"rendered":"https:\/\/www.upjs.sk\/pracoviska\/ccvapp\/?page_id=17807"},"modified":"2023-07-10T13:13:17","modified_gmt":"2023-07-10T13:13:17","slug":"celozivotne-vzdelavanie-obcanov","status":"publish","type":"page","link":"https:\/\/www.upjs.sk\/pracoviska\/ccvapp\/vzdelavacie-aktivity\/verejnost\/celozivotne-vzdelavanie-obcanov\/","title":{"rendered":"Celo\u017eivotn\u00e9 vzdel\u00e1vanie ob\u010danov"},"content":{"rendered":"\n<style>\n.content-single ol, .content-single ul {\n    list-style: revert;\n    margin: 0;\n    padding-left: 1.75em;\n}\n.content-single p {\n    margin-top: 25px;    \n    margin-bottom: 0;\n}\n.wp-block-separator:not(.is-style-wide):not(.is-style-dots) {\n    width: 100px;\n    margin-top: 25px; \n    margin-bottom: 25px; \n}\n<\/style>\n\n\n\n<p class=\"has-text-align-justify\">Univerzita Pavla Jozefa \u0160af\u00e1rika v Ko\u0161iciach, v zmysle ust. \u00a7 4 a\u00a0v\u00a0nadv\u00e4znosti na ust. \u00a7 5 z\u00e1kona \u010d. 568\/2009 Z.z. o\u00a0celo\u017eivotnom vzdel\u00e1van\u00ed a o zmene a doplnen\u00ed niektor\u00fdch z\u00e1konov\u00a0v znen\u00ed neskor\u0161\u00edch predpisov, organizuje vzdel\u00e1vanie v\u00a0particip\u00e1cii s\u00a0Behavior\u00e1lnym a\u00a0experiment\u00e1lnym ekonomick\u00fdm t\u00edmom Ministerstva Zdravotn\u00edctva s\u00a0n\u00e1zvom <strong>Pr\u00edprava poradensk\u00fdch pracovn\u00edkov vysok\u00fdch \u0161k\u00f4l na realiz\u00e1ciu programu rovesn\u00edckej opory \u201eBuddy program\u201c<\/strong> (<a href=\"https:\/\/www.upjs.sk\/app\/uploads\/sites\/22\/2023\/07\/program_vzdelavania_ine_buddy.pdf\" target=\"_blank\" aria-label=\"program vzdel\u00e1vania (opens in a new tab)\" rel=\"noreferrer noopener\" class=\"ek-link\">program vzdel\u00e1vania<\/a>), ako s\u00fa\u010das\u0165 celo\u017eivotn\u00e9ho vzdel\u00e1vania ob\u010danov. <\/p>\n\n\n\n<ul class=\"wp-block-list\">\n<li>Rozsah: 15 hod\u00edn. Forma: prezen\u010dn\u00e1. Cie\u013eov\u00e1 skupina: poradensk\u00ed pracovn\u00edci vysok\u00fdch \u0161k\u00f4l na SR. <\/li>\n\n\n\n<li>Podmienky: vysoko\u0161kolsk\u00e9 vzdelanie 2. stup\u0148a, poradensk\u00fd pracovn\u00edk na V\u0160 v SR<\/li>\n\n\n\n<li>Prihlasovanie na vzdel\u00e1vanie v&nbsp;\u0161kolskom roku 2023\/2024 je mo\u017en\u00e9 prostredn\u00edctvom linku: <a href=\"https:\/\/www.beet.sk\/skolenie-k-buddy-systemu\/\" class=\"ek-link\">https:\/\/www.beet.sk\/skolenie-k-buddy-systemu\/<\/a><\/li>\n\n\n\n<li>Viac inform\u00e1ci\u00ed o&nbsp;projekte Buddy syst\u00e9mu n\u00e1jdete na str\u00e1nke:&nbsp;<a href=\"https:\/\/www.beet.sk\/dusevne-zdravie\/\" target=\"_blank\" rel=\"noreferrer noopener\" class=\"ek-link\">https:\/\/www.beet.sk\/dusevne-zdravie\/<\/a><\/li>\n<\/ul>\n\n\n\n<hr class=\"wp-block-separator has-alpha-channel-opacity\"\/>\n","protected":false},"excerpt":{"rendered":"<p>Univerzita Pavla Jozefa \u0160af\u00e1rika v Ko\u0161iciach, v zmysle ust. \u00a7 4 a\u00a0v\u00a0nadv\u00e4znosti na ust. \u00a7 5 z\u00e1kona \u010d. 568\/2009 Z.z. o\u00a0celo\u017eivotnom vzdel\u00e1van\u00ed a o zmene a doplnen\u00ed niektor\u00fdch z\u00e1konov\u00a0v znen\u00ed neskor\u0161\u00edch predpisov, organizuje vzdel\u00e1vanie v\u00a0particip\u00e1cii s\u00a0Behavior\u00e1lnym a\u00a0experiment\u00e1lnym ekonomick\u00fdm t\u00edmom Ministerstva Zdravotn\u00edctva s\u00a0n\u00e1zvom Pr\u00edprava poradensk\u00fdch pracovn\u00edkov vysok\u00fdch \u0161k\u00f4l na realiz\u00e1ciu programu rovesn\u00edckej opory \u201eBuddy program\u201c (program &hellip; <a href=\"https:\/\/www.upjs.sk\/pracoviska\/ccvapp\/vzdelavacie-aktivity\/verejnost\/celozivotne-vzdelavanie-obcanov\/\">\u010c\u00edta\u0165 \u010falej<\/a><\/p>\n","protected":false},"author":30,"featured_media":0,"parent":13129,"menu_order":0,"comment_status":"closed","ping_status":"closed","template":"","meta":{"_acf_changed":false,"_editorskit_title_hidden":false,"_editorskit_reading_time":0,"_editorskit_is_block_options_detached":false,"_editorskit_block_options_position":"{}","footnotes":""},"categories":[],"tags":[],"class_list":["post-17807","page","type-page","status-publish","hentry"],"acf":{"acf_link_na_externy_obsah":""},"yoast_head":"<!-- This site is optimized with the Yoast SEO plugin v27.2 - https:\/\/yoast.com\/product\/yoast-seo-wordpress\/ -->\n<title>Celo\u017eivotn\u00e9 vzdel\u00e1vanie ob\u010danov - Centrum celo\u017eivotn\u00e9ho vzdel\u00e1vania a podpory projektov | UPJ\u0160<\/title>\n<meta name=\"robots\" content=\"index, follow, max-snippet:-1, max-image-preview:large, max-video-preview:-1\" \/>\n<link rel=\"canonical\" href=\"https:\/\/www.upjs.sk\/pracoviska\/ccvapp\/vzdelavacie-aktivity\/verejnost\/celozivotne-vzdelavanie-obcanov\/\" \/>\n<meta property=\"og:locale\" content=\"sk_SK\" \/>\n<meta property=\"og:type\" content=\"article\" \/>\n<meta property=\"og:title\" content=\"Celo\u017eivotn\u00e9 vzdel\u00e1vanie ob\u010danov - Centrum celo\u017eivotn\u00e9ho vzdel\u00e1vania a podpory projektov | UPJ\u0160\" \/>\n<meta property=\"og:description\" content=\"Univerzita Pavla Jozefa \u0160af\u00e1rika v Ko\u0161iciach, v zmysle ust. \u00a7 4 a\u00a0v\u00a0nadv\u00e4znosti na ust. \u00a7 5 z\u00e1kona \u010d. 568\/2009 Z.z. o\u00a0celo\u017eivotnom vzdel\u00e1van\u00ed a o zmene a doplnen\u00ed niektor\u00fdch z\u00e1konov\u00a0v znen\u00ed neskor\u0161\u00edch predpisov, organizuje vzdel\u00e1vanie v\u00a0particip\u00e1cii s\u00a0Behavior\u00e1lnym a\u00a0experiment\u00e1lnym ekonomick\u00fdm t\u00edmom Ministerstva Zdravotn\u00edctva s\u00a0n\u00e1zvom Pr\u00edprava poradensk\u00fdch pracovn\u00edkov vysok\u00fdch \u0161k\u00f4l na realiz\u00e1ciu programu rovesn\u00edckej opory \u201eBuddy program\u201c (program &hellip; \u010c\u00edta\u0165 \u010falej\" \/>\n<meta property=\"og:url\" content=\"https:\/\/www.upjs.sk\/pracoviska\/ccvapp\/vzdelavacie-aktivity\/verejnost\/celozivotne-vzdelavanie-obcanov\/\" \/>\n<meta property=\"og:site_name\" content=\"Centrum celo\u017eivotn\u00e9ho vzdel\u00e1vania a podpory projektov | UPJ\u0160\" \/>\n<meta property=\"article:modified_time\" content=\"2023-07-10T13:13:17+00:00\" \/>\n<meta name=\"twitter:card\" content=\"summary_large_image\" \/>\n<meta name=\"twitter:label1\" content=\"Predpokladan\u00fd \u010das \u010d\u00edtania\" \/>\n\t<meta name=\"twitter:data1\" content=\"1 min\u00fata\" \/>\n<script type=\"application\/ld+json\" class=\"yoast-schema-graph\">{\"@context\":\"https:\/\/schema.org\",\"@graph\":[{\"@type\":\"WebPage\",\"@id\":\"https:\/\/www.upjs.sk\/pracoviska\/ccvapp\/vzdelavacie-aktivity\/verejnost\/celozivotne-vzdelavanie-obcanov\/\",\"url\":\"https:\/\/www.upjs.sk\/pracoviska\/ccvapp\/vzdelavacie-aktivity\/verejnost\/celozivotne-vzdelavanie-obcanov\/\",\"name\":\"Celo\u017eivotn\u00e9 vzdel\u00e1vanie ob\u010danov - Centrum celo\u017eivotn\u00e9ho vzdel\u00e1vania a podpory projektov | UPJ\u0160\",\"isPartOf\":{\"@id\":\"https:\/\/www.upjs.sk\/pracoviska\/ccvapp\/#website\"},\"datePublished\":\"2023-06-29T12:15:21+00:00\",\"dateModified\":\"2023-07-10T13:13:17+00:00\",\"breadcrumb\":{\"@id\":\"https:\/\/www.upjs.sk\/pracoviska\/ccvapp\/vzdelavacie-aktivity\/verejnost\/celozivotne-vzdelavanie-obcanov\/#breadcrumb\"},\"inLanguage\":\"sk-SK\",\"potentialAction\":[{\"@type\":\"ReadAction\",\"target\":[\"https:\/\/www.upjs.sk\/pracoviska\/ccvapp\/vzdelavacie-aktivity\/verejnost\/celozivotne-vzdelavanie-obcanov\/\"]}]},{\"@type\":\"BreadcrumbList\",\"@id\":\"https:\/\/www.upjs.sk\/pracoviska\/ccvapp\/vzdelavacie-aktivity\/verejnost\/celozivotne-vzdelavanie-obcanov\/#breadcrumb\",\"itemListElement\":[{\"@type\":\"ListItem\",\"position\":1,\"name\":\"Home\",\"item\":\"https:\/\/www.upjs.sk\/pracoviska\/ccvapp\/\"},{\"@type\":\"ListItem\",\"position\":2,\"name\":\"Vzdel\u00e1vacie aktivity CCVaPP\",\"item\":\"https:\/\/www.upjs.sk\/pracoviska\/ccvapp\/vzdelavacie-aktivity\/\"},{\"@type\":\"ListItem\",\"position\":3,\"name\":\"Pre verejnos\u0165\",\"item\":\"https:\/\/www.upjs.sk\/pracoviska\/ccvapp\/vzdelavacie-aktivity\/verejnost\/\"},{\"@type\":\"ListItem\",\"position\":4,\"name\":\"Celo\u017eivotn\u00e9 vzdel\u00e1vanie ob\u010danov\"}]},{\"@type\":\"WebSite\",\"@id\":\"https:\/\/www.upjs.sk\/pracoviska\/ccvapp\/#website\",\"url\":\"https:\/\/www.upjs.sk\/pracoviska\/ccvapp\/\",\"name\":\"Centrum celo\u017eivotn\u00e9ho vzdel\u00e1vania a podpory projektov | UPJ\u0160\",\"description\":\"\",\"publisher\":{\"@id\":\"https:\/\/www.upjs.sk\/pracoviska\/ccvapp\/#organization\"},\"potentialAction\":[{\"@type\":\"SearchAction\",\"target\":{\"@type\":\"EntryPoint\",\"urlTemplate\":\"https:\/\/www.upjs.sk\/pracoviska\/ccvapp\/?s={search_term_string}\"},\"query-input\":{\"@type\":\"PropertyValueSpecification\",\"valueRequired\":true,\"valueName\":\"search_term_string\"}}],\"inLanguage\":\"sk-SK\"},{\"@type\":\"Organization\",\"@id\":\"https:\/\/www.upjs.sk\/pracoviska\/ccvapp\/#organization\",\"name\":\"Centrum celo\u017eivotn\u00e9ho vzdel\u00e1vania a podpory projektov | UPJ\u0160\",\"url\":\"https:\/\/www.upjs.sk\/pracoviska\/ccvapp\/\",\"logo\":{\"@type\":\"ImageObject\",\"inLanguage\":\"sk-SK\",\"@id\":\"https:\/\/www.upjs.sk\/pracoviska\/ccvapp\/#\/schema\/logo\/image\/\",\"url\":\"https:\/\/www.upjs.sk\/app\/uploads\/sites\/22\/2023\/01\/CCVaPP.svg\",\"contentUrl\":\"https:\/\/www.upjs.sk\/app\/uploads\/sites\/22\/2023\/01\/CCVaPP.svg\",\"width\":500,\"height\":138,\"caption\":\"Centrum celo\u017eivotn\u00e9ho vzdel\u00e1vania a podpory projektov | UPJ\u0160\"},\"image\":{\"@id\":\"https:\/\/www.upjs.sk\/pracoviska\/ccvapp\/#\/schema\/logo\/image\/\"}}]}<\/script>\n<!-- \/ Yoast SEO plugin. -->","yoast_head_json":{"title":"Celo\u017eivotn\u00e9 vzdel\u00e1vanie ob\u010danov - Centrum celo\u017eivotn\u00e9ho vzdel\u00e1vania a podpory projektov | UPJ\u0160","robots":{"index":"index","follow":"follow","max-snippet":"max-snippet:-1","max-image-preview":"max-image-preview:large","max-video-preview":"max-video-preview:-1"},"canonical":"https:\/\/www.upjs.sk\/pracoviska\/ccvapp\/vzdelavacie-aktivity\/verejnost\/celozivotne-vzdelavanie-obcanov\/","og_locale":"sk_SK","og_type":"article","og_title":"Celo\u017eivotn\u00e9 vzdel\u00e1vanie ob\u010danov - Centrum celo\u017eivotn\u00e9ho vzdel\u00e1vania a podpory projektov | UPJ\u0160","og_description":"Univerzita Pavla Jozefa \u0160af\u00e1rika v Ko\u0161iciach, v zmysle ust. \u00a7 4 a\u00a0v\u00a0nadv\u00e4znosti na ust. \u00a7 5 z\u00e1kona \u010d. 568\/2009 Z.z. o\u00a0celo\u017eivotnom vzdel\u00e1van\u00ed a o zmene a doplnen\u00ed niektor\u00fdch z\u00e1konov\u00a0v znen\u00ed neskor\u0161\u00edch predpisov, organizuje vzdel\u00e1vanie v\u00a0particip\u00e1cii s\u00a0Behavior\u00e1lnym a\u00a0experiment\u00e1lnym ekonomick\u00fdm t\u00edmom Ministerstva Zdravotn\u00edctva s\u00a0n\u00e1zvom Pr\u00edprava poradensk\u00fdch pracovn\u00edkov vysok\u00fdch \u0161k\u00f4l na realiz\u00e1ciu programu rovesn\u00edckej opory \u201eBuddy program\u201c (program &hellip; \u010c\u00edta\u0165 \u010falej","og_url":"https:\/\/www.upjs.sk\/pracoviska\/ccvapp\/vzdelavacie-aktivity\/verejnost\/celozivotne-vzdelavanie-obcanov\/","og_site_name":"Centrum celo\u017eivotn\u00e9ho vzdel\u00e1vania a podpory projektov | UPJ\u0160","article_modified_time":"2023-07-10T13:13:17+00:00","twitter_card":"summary_large_image","twitter_misc":{"Predpokladan\u00fd \u010das \u010d\u00edtania":"1 min\u00fata"},"schema":{"@context":"https:\/\/schema.org","@graph":[{"@type":"WebPage","@id":"https:\/\/www.upjs.sk\/pracoviska\/ccvapp\/vzdelavacie-aktivity\/verejnost\/celozivotne-vzdelavanie-obcanov\/","url":"https:\/\/www.upjs.sk\/pracoviska\/ccvapp\/vzdelavacie-aktivity\/verejnost\/celozivotne-vzdelavanie-obcanov\/","name":"Celo\u017eivotn\u00e9 vzdel\u00e1vanie ob\u010danov - Centrum celo\u017eivotn\u00e9ho vzdel\u00e1vania a podpory projektov | UPJ\u0160","isPartOf":{"@id":"https:\/\/www.upjs.sk\/pracoviska\/ccvapp\/#website"},"datePublished":"2023-06-29T12:15:21+00:00","dateModified":"2023-07-10T13:13:17+00:00","breadcrumb":{"@id":"https:\/\/www.upjs.sk\/pracoviska\/ccvapp\/vzdelavacie-aktivity\/verejnost\/celozivotne-vzdelavanie-obcanov\/#breadcrumb"},"inLanguage":"sk-SK","potentialAction":[{"@type":"ReadAction","target":["https:\/\/www.upjs.sk\/pracoviska\/ccvapp\/vzdelavacie-aktivity\/verejnost\/celozivotne-vzdelavanie-obcanov\/"]}]},{"@type":"BreadcrumbList","@id":"https:\/\/www.upjs.sk\/pracoviska\/ccvapp\/vzdelavacie-aktivity\/verejnost\/celozivotne-vzdelavanie-obcanov\/#breadcrumb","itemListElement":[{"@type":"ListItem","position":1,"name":"Home","item":"https:\/\/www.upjs.sk\/pracoviska\/ccvapp\/"},{"@type":"ListItem","position":2,"name":"Vzdel\u00e1vacie aktivity CCVaPP","item":"https:\/\/www.upjs.sk\/pracoviska\/ccvapp\/vzdelavacie-aktivity\/"},{"@type":"ListItem","position":3,"name":"Pre verejnos\u0165","item":"https:\/\/www.upjs.sk\/pracoviska\/ccvapp\/vzdelavacie-aktivity\/verejnost\/"},{"@type":"ListItem","position":4,"name":"Celo\u017eivotn\u00e9 vzdel\u00e1vanie ob\u010danov"}]},{"@type":"WebSite","@id":"https:\/\/www.upjs.sk\/pracoviska\/ccvapp\/#website","url":"https:\/\/www.upjs.sk\/pracoviska\/ccvapp\/","name":"Centrum celo\u017eivotn\u00e9ho vzdel\u00e1vania a podpory projektov | UPJ\u0160","description":"","publisher":{"@id":"https:\/\/www.upjs.sk\/pracoviska\/ccvapp\/#organization"},"potentialAction":[{"@type":"SearchAction","target":{"@type":"EntryPoint","urlTemplate":"https:\/\/www.upjs.sk\/pracoviska\/ccvapp\/?s={search_term_string}"},"query-input":{"@type":"PropertyValueSpecification","valueRequired":true,"valueName":"search_term_string"}}],"inLanguage":"sk-SK"},{"@type":"Organization","@id":"https:\/\/www.upjs.sk\/pracoviska\/ccvapp\/#organization","name":"Centrum celo\u017eivotn\u00e9ho vzdel\u00e1vania a podpory projektov | UPJ\u0160","url":"https:\/\/www.upjs.sk\/pracoviska\/ccvapp\/","logo":{"@type":"ImageObject","inLanguage":"sk-SK","@id":"https:\/\/www.upjs.sk\/pracoviska\/ccvapp\/#\/schema\/logo\/image\/","url":"https:\/\/www.upjs.sk\/app\/uploads\/sites\/22\/2023\/01\/CCVaPP.svg","contentUrl":"https:\/\/www.upjs.sk\/app\/uploads\/sites\/22\/2023\/01\/CCVaPP.svg","width":500,"height":138,"caption":"Centrum celo\u017eivotn\u00e9ho vzdel\u00e1vania a podpory projektov | UPJ\u0160"},"image":{"@id":"https:\/\/www.upjs.sk\/pracoviska\/ccvapp\/#\/schema\/logo\/image\/"}}]}},"_links":{"self":[{"href":"https:\/\/www.upjs.sk\/pracoviska\/ccvapp\/wp-json\/wp\/v2\/pages\/17807","targetHints":{"allow":["GET"]}}],"collection":[{"href":"https:\/\/www.upjs.sk\/pracoviska\/ccvapp\/wp-json\/wp\/v2\/pages"}],"about":[{"href":"https:\/\/www.upjs.sk\/pracoviska\/ccvapp\/wp-json\/wp\/v2\/types\/page"}],"author":[{"embeddable":true,"href":"https:\/\/www.upjs.sk\/pracoviska\/ccvapp\/wp-json\/wp\/v2\/users\/30"}],"replies":[{"embeddable":true,"href":"https:\/\/www.upjs.sk\/pracoviska\/ccvapp\/wp-json\/wp\/v2\/comments?post=17807"}],"version-history":[{"count":10,"href":"https:\/\/www.upjs.sk\/pracoviska\/ccvapp\/wp-json\/wp\/v2\/pages\/17807\/revisions"}],"predecessor-version":[{"id":17848,"href":"https:\/\/www.upjs.sk\/pracoviska\/ccvapp\/wp-json\/wp\/v2\/pages\/17807\/revisions\/17848"}],"up":[{"embeddable":true,"href":"https:\/\/www.upjs.sk\/pracoviska\/ccvapp\/wp-json\/wp\/v2\/pages\/13129"}],"wp:attachment":[{"href":"https:\/\/www.upjs.sk\/pracoviska\/ccvapp\/wp-json\/wp\/v2\/media?parent=17807"}],"wp:term":[{"taxonomy":"category","embeddable":true,"href":"https:\/\/www.upjs.sk\/pracoviska\/ccvapp\/wp-json\/wp\/v2\/categories?post=17807"},{"taxonomy":"post_tag","embeddable":true,"href":"https:\/\/www.upjs.sk\/pracoviska\/ccvapp\/wp-json\/wp\/v2\/tags?post=17807"}],"curies":[{"name":"wp","href":"https:\/\/api.w.org\/{rel}","templated":true}]}}