{"id":18749,"date":"2024-09-04T10:09:47","date_gmt":"2024-09-04T10:09:47","guid":{"rendered":"https:\/\/www.upjs.sk\/pracoviska\/ccvapp\/vzdelavacie-aktivity\/upjs\/seminar-pre-doktorandov\/seminar-doktorandi-2023-2\/"},"modified":"2024-09-04T11:18:58","modified_gmt":"2024-09-04T11:18:58","slug":"seminar-doktorandi-2024","status":"publish","type":"page","link":"https:\/\/www.upjs.sk\/pracoviska\/ccvapp\/vzdelavacie-aktivity\/upjs\/seminar-pre-doktorandov\/seminar-doktorandi-2024\/","title":{"rendered":"Semin\u00e1r pre doktorandov 2024"},"content":{"rendered":"\n<p class=\"has-text-align-center\">Univerzita Pavla Jozefa \u0160af\u00e1rika v Ko\u0161iciach organizuje v d\u0148och 10. &#8211; 12. 9. 2024<\/p>\n\n\n\n<h3 class=\"wp-block-heading\"><strong>Semin\u00e1r pre doktorandov UPJ\u0160<\/strong><\/h3>\n\n\n\n<p>Term\u00edn:&nbsp;<strong>10. 9. 2024 (utorok) \u2013 12. 9. 2024 (\u0161tvrtok) <\/strong>(8:30 \u2013 14:30)<\/p>\n\n\n\n<p>Zameranie:&nbsp;<strong>blokov\u00fd semin\u00e1r na b\u00e1ze predn\u00e1\u0161ok s uk\u00e1\u017ekami a cvi\u010den\u00ed, ur\u010den\u00fd predov\u0161etk\u00fdm pre doktorandov 1. ro\u010dn\u00edka na UPJ\u0160 a za\u010d\u00ednaj\u00facich u\u010dite\u013eov na UPJ\u0160<\/strong><\/p>\n\n\n\n<p>Miesto: <strong>Are\u00e1l Rektor\u00e1tu UPJ\u0160, \u0160rob\u00e1rova 2, Ko\u0161ice<\/strong><\/p>\n\n\n\n<p>Miestnos\u0165: <strong>posluch\u00e1re\u0148 RE0A6, vchod cez Are\u00e1l Rektor\u00e1tu UPJ\u0160, \u0160rob\u00e1rova 2, Ko\u0161ice<\/strong><\/p>\n\n\n\n<p>Po\u010det miest: <strong>limitovan\u00fd ve\u013ekos\u0165ou miestnosti resp. typom aktivity<\/strong><\/p>\n\n\n\n<p>Prihlasovanie sa pre z\u00e1ujemcov <strong>IBA cez<\/strong> <strong>AiS2 konto<\/strong> (do 9.9.2023 12:00):<\/p>\n\n\n\n<ul class=\"wp-block-list\">\n<li><strong><a href=\"https:\/\/portal.ccvapp.upjs.sk\/activity\/seminar-doktorandi\" target=\"_blank\" rel=\"noopener\">https:\/\/portal.ccvapp.upjs.sk\/activity\/seminar-doktorandi<\/a><\/strong><\/li>\n\n\n\n<li>V pr\u00edpade, \u017ee sa\u00a0\u00fa\u010dastn\u00edk prihl\u00e1si pomocou elektronickej prihl\u00e1\u0161ky na konkr\u00e9tny blok (aktivitu), m\u00e1 garantovan\u00e9 miesto a \u00fa\u010das\u0165. Prihlasovanie sa na bloky bude spusten\u00e9 po finaliz\u00e1cii programu.<\/li>\n<\/ul>\n\n\n\n<p>Kontakt a \u010fal\u0161ie inform\u00e1cie: <strong>Mgr. Be\u00e1ta Feckov\u00e1<\/strong> \u2013&nbsp;<a href=\"mailto:beata.feckova@upjs.sk\">beata.feckova@upjs.sk<\/a><\/p>\n\n\n\n<p>\u010casov\u00fd rozpis vzdel\u00e1vac\u00edch blokov:<\/p>\n\n\n\n<figure class=\"wp-block-table is-style-stripes\"><table class=\"has-fixed-layout\"><thead><tr><th class=\"has-text-align-center\" data-align=\"center\">D\u00e1tum a \u010das<\/th><th class=\"has-text-align-center\" data-align=\"center\"><strong>8:30 &#8211; 10:00<\/strong><\/th><th class=\"has-text-align-center\" data-align=\"center\"><strong>10:15 &#8211; 11:45<\/strong><\/th><th class=\"has-text-align-center\" data-align=\"center\"><strong>12:15 &#8211; 13:45<\/strong><\/th><th class=\"has-text-align-center\" data-align=\"center\">13:45 &#8211; 14:30<\/th><\/tr><\/thead><tbody><tr><td class=\"has-text-align-center\" data-align=\"center\"><strong>10.9.2023<\/strong><br>(utorok)<\/td><td class=\"has-text-align-center\" data-align=\"center\"><strong>Publika\u010dn\u00e1 a edi\u010dn\u00e1 \u010dinnos\u0165 \u2013 vizitka \u00faspe\u0161n\u00e9ho pedag\u00f3ga i vedca<\/strong><br>(RE0A6)<\/td><td class=\"has-text-align-center\" data-align=\"center\"><strong>Rodov\u00e1 rovnos\u0165 a prevencia sexu\u00e1lneho ob\u0165a\u017eovania na univerzite<\/strong><br>(RE0A6)<\/td><td class=\"has-text-align-center\" data-align=\"center\"><p><strong>Pedagogick\u00e9 kompetencie doktoranda<em><br><\/em><\/strong><span style=\"font-family: inherit; font-size: inherit; font-weight: inherit; color: initial;\">(RE0A6)<\/span><\/p><\/td><td class=\"has-text-align-center\" data-align=\"center\"><strong>Vn\u00fatorn\u00fd syst\u00e9m kvality na UPJ\u0160 v Ko\u0161iciach<\/strong><br>(RE0A6)<\/td><\/tr><tr><td class=\"has-text-align-center\" data-align=\"center\"><strong>11.9.2023<\/strong><br>(streda)<\/td><td class=\"has-text-align-center\" data-align=\"center\"><span id=\"page3R_mcid53\" class=\"markedContent\"><strong><span dir=\"ltr\" role=\"presentation\">Odborn\u00e9 elektronick\u00e9 informa\u010dn\u00e9 zdroje a<\/span> <span dir=\"ltr\" role=\"presentation\">cita\u010dn\u00e9 mana\u017e\u00e9ry<\/span><\/strong><\/span><br>(RE0A6)<\/td><td class=\"has-text-align-center\" data-align=\"center\"><strong>Internacionaliz\u00e1cia a mobilitn\u00e9 programy univerzity<\/strong><br>(RA2C02)<\/td><td class=\"has-text-align-center\" data-align=\"center\"><strong>Informa\u010dn\u00e1 bezpe\u010dnos\u0165 a\u00a0ochrana osobn\u00fdch \u00fadajov<\/strong><br>(RE0A6)<\/td><td class=\"has-text-align-center\" data-align=\"center\"><\/td><\/tr><tr><td class=\"has-text-align-center\" data-align=\"center\"><strong>12.9.2023<\/strong><br>(\u0161tvrtok)<\/td><td class=\"has-text-align-center\" data-align=\"center\"><strong>\u00davod do\u00a0 psychol\u00f3gie pre vysoko\u0161kolsk\u00fdch u\u010dite\u013eov<\/strong><br>(RE0A6)<\/td><td class=\"has-text-align-center\" data-align=\"center\"><p style=\"text-align: center;\"><strong>LinkedIn \u2013 soci\u00e1lna sie\u0165 pre profesion\u00e1lov<em><br><\/em><\/strong>(RE0A6)<\/p><\/td><td class=\"has-text-align-center\" data-align=\"center\"><strong>Soci\u00e1lnopr\u00e1vna ochrana doktorandov<\/strong><br>(RE0A6)<\/td><td class=\"has-text-align-center\" data-align=\"center\"><\/td><\/tr><\/tbody><\/table><figcaption class=\"wp-element-caption\"><strong>(RE0A6) M6 &#8211; v are\u00e1li UPJ\u0160 na \u0160rob\u00e1rovej 2, Ko\u0161ice<\/strong><\/figcaption><\/figure>\n\n\n\n<p class=\"has-text-align-right\">Zmena programu vyhraden\u00e1.<\/p>\n\n\n\n<p>T\u00e9my semin\u00e1ra:<\/p>\n\n\n\n<ul class=\"wp-block-list\">\n<li><strong>Publika\u010dn\u00e1 a edi\u010dn\u00e1 \u010dinnos\u0165 \u2013 vizitka \u00faspe\u0161n\u00e9ho pedag\u00f3ga i&nbsp;vedca <\/strong>&#8211; PhDr. Zuzana \u010contofalsk\u00e1, Mgr. Andrea Dohovi\u010dov\u00e1 (Univerzitn\u00e1 kni\u017enica UPJ\u0160<strong>)<\/strong><\/li>\n\n\n\n<li><strong>Odborn\u00e9 elektronick\u00e9 informa\u010dn\u00e9 zdroje a&nbsp;cita\u010dn\u00e9 mana\u017e\u00e9ry &#8211; <\/strong>Mgr. Andrea Morav\u010d\u00edkov\u00e1(Univerzitn\u00e1 kni\u017enica UPJ\u0160\/Lek\u00e1rska fakulta)<\/li>\n\n\n\n<li><strong>Internacionaliz\u00e1cia a mobilitn\u00e9 programy univerzity&nbsp; &#8211; <\/strong>Bc. Ing. Daniela Filipov\u00e1<strong><u> <\/u><\/strong>(Rektor\u00e1t UPJ\u0160)<\/li>\n\n\n\n<li><strong>Rodov\u00e1 rovnos\u0165 a prevencia sexu\u00e1lneho ob\u0165a\u017eovania na univerzite &#8211; <\/strong>doc. Mgr. Adriana Jesenkov\u00e1, PhD. (Filozofick\u00e1 fakulta)<\/li>\n\n\n\n<li><strong>\u00davod do&nbsp; psychol\u00f3gie pre vysoko\u0161kolsk\u00fdch u\u010dite\u013eov &#8211; <\/strong>PhDr. Anna Janovsk\u00e1, PhD. (Filozofick\u00e1 fakulta)<\/li>\n\n\n\n<li><strong>Informa\u010dn\u00e1 bezpe\u010dnos\u0165 a ochrana osobn\u00fdch \u00fadajov &#8211; <\/strong>doc. RNDr. JUDr. Pavol Sokol PhD<strong>.<\/strong> (Pr\u00edrodovedeck\u00e1 fakulta)<\/li>\n\n\n\n<li><strong>Mindfulness pre u\u010dite\u013eov &#8211; <\/strong>Mgr. Vikt\u00f3ria Hi\u010d\u00e1rov\u00e1, PhD. (Filozofick\u00e1 fakulta)<\/li>\n\n\n\n<li><strong>Soci\u00e1lnopr\u00e1vna ochrana doktorandov<\/strong> &#8211; Mgr. Katar\u00edna Fencikov\u00e1, PhD. (Pr\u00e1vnick\u00e1 fakulta)<\/li>\n\n\n\n<li><strong>Pedagogick\u00e9 kompetencie doktoranda &#8211; <\/strong>Mgr. Be\u00e1ta Sakalov\u00e1, PhD., Mgr. Zuzana Vagask\u00e1, PhD. (Filozofick\u00e1 fakulta)<\/li>\n\n\n\n<li><strong>Vn\u00fatorn\u00fd syst\u00e9m kvality na UPJ\u0160 v&nbsp;Ko\u0161iciach \u2013 <\/strong>Martin Dur\u00e1nik (Rektor\u00e1t\/Lek\u00e1rska fakulta)<strong><\/strong><\/li>\n<\/ul>\n\n\n\n<p><\/p>\n\n\n\n<p>Predch\u00e1dzaj\u00face ro\u010dn\u00edky:<\/p>\n\n\n\n<ul class=\"wp-block-list\">\n<li><strong><a href=\"https:\/\/www.upjs.sk\/pracoviska\/ccvapp\/vzdelavacie-aktivity\/upjs\/seminar-doktorandi-2023\/\">2023<\/a>, <a href=\"https:\/\/www.upjs.sk\/pracoviska\/ccvapp\/vzdelavacie-aktivity\/upjs\/seminar-doktorandi-2022\/\">2022<\/a>, <a href=\"https:\/\/www.upjs.sk\/pracoviska\/ccvapp\/vzdelavacie-aktivity\/upjs\/seminar-doktorandi-2021\/\">2021<\/a>,\u00a0 <a href=\"https:\/\/www.upjs.sk\/pracoviska\/ccvapp\/vzdelavacie-aktivity\/upjs\/seminar-doktorandi-2020\/\" target=\"_blank\" rel=\"noopener\">2020<\/a>, <a href=\"https:\/\/www.upjs.sk\/pracoviska\/ccvapp\/vzdelavacie-aktivity\/upjs\/seminar-doktorandi-2019\/\" target=\"_blank\" rel=\"noopener\">2019<\/a>, <a href=\"https:\/\/www.upjs.sk\/pracoviska\/ccvapp\/vzdelavacie-aktivity\/upjs\/seminar-doktorandi-2018\/\" target=\"_blank\" rel=\"noopener\">2018<\/a>, <a href=\"https:\/\/www.upjs.sk\/pracoviska\/ccvapp\/vzdelavacie-aktivity\/seminar-pre-doktorandov-2017\/\" target=\"_blank\" rel=\"noopener\">2017<\/a>, <a href=\"https:\/\/www.upjs.sk\/pracoviska\/ccvapp\/vzdelavacie-aktivity\/seminar-pre-doktorandov\/\" target=\"_blank\" rel=\"noopener\">2016<\/a><\/strong><\/li>\n<\/ul>\n","protected":false},"excerpt":{"rendered":"<p>Univerzita Pavla Jozefa \u0160af\u00e1rika v Ko\u0161iciach organizuje v d\u0148och 10. &#8211; 12. 9. 2024 Semin\u00e1r pre doktorandov UPJ\u0160 Term\u00edn:&nbsp;10. 9. 2024 (utorok) \u2013 12. 9. 2024 (\u0161tvrtok) (8:30 \u2013 14:30) Zameranie:&nbsp;blokov\u00fd semin\u00e1r na b\u00e1ze predn\u00e1\u0161ok s uk\u00e1\u017ekami a cvi\u010den\u00ed, ur\u010den\u00fd predov\u0161etk\u00fdm pre doktorandov 1. ro\u010dn\u00edka na UPJ\u0160 a za\u010d\u00ednaj\u00facich u\u010dite\u013eov na UPJ\u0160 Miesto: Are\u00e1l Rektor\u00e1tu &hellip; <a href=\"https:\/\/www.upjs.sk\/pracoviska\/ccvapp\/vzdelavacie-aktivity\/upjs\/seminar-pre-doktorandov\/seminar-doktorandi-2024\/\">\u010c\u00edta\u0165 \u010falej<\/a><\/p>\n","protected":false},"author":30,"featured_media":18752,"parent":14374,"menu_order":0,"comment_status":"closed","ping_status":"closed","template":"","meta":{"_acf_changed":false,"_editorskit_title_hidden":false,"_editorskit_reading_time":0,"_editorskit_is_block_options_detached":false,"_editorskit_block_options_position":"{}","footnotes":""},"categories":[],"tags":[],"class_list":["post-18749","page","type-page","status-publish","has-post-thumbnail","hentry"],"acf":{"acf_link_na_externy_obsah":""},"yoast_head":"<!-- This site is optimized with the Yoast SEO plugin v27.2 - https:\/\/yoast.com\/product\/yoast-seo-wordpress\/ -->\n<title>Semin\u00e1r pre doktorandov 2024 - Centrum celo\u017eivotn\u00e9ho vzdel\u00e1vania a podpory projektov | UPJ\u0160<\/title>\n<meta name=\"robots\" content=\"index, follow, max-snippet:-1, max-image-preview:large, max-video-preview:-1\" \/>\n<link rel=\"canonical\" href=\"https:\/\/www.upjs.sk\/pracoviska\/ccvapp\/vzdelavacie-aktivity\/upjs\/seminar-pre-doktorandov\/seminar-doktorandi-2024\/\" \/>\n<meta property=\"og:locale\" content=\"sk_SK\" \/>\n<meta property=\"og:type\" content=\"article\" \/>\n<meta property=\"og:title\" content=\"Semin\u00e1r pre doktorandov 2024 - Centrum celo\u017eivotn\u00e9ho vzdel\u00e1vania a podpory projektov | UPJ\u0160\" \/>\n<meta property=\"og:description\" content=\"Univerzita Pavla Jozefa \u0160af\u00e1rika v Ko\u0161iciach organizuje v d\u0148och 10. &#8211; 12. 9. 2024 Semin\u00e1r pre doktorandov UPJ\u0160 Term\u00edn:&nbsp;10. 9. 2024 (utorok) \u2013 12. 9. 2024 (\u0161tvrtok) (8:30 \u2013 14:30) Zameranie:&nbsp;blokov\u00fd semin\u00e1r na b\u00e1ze predn\u00e1\u0161ok s uk\u00e1\u017ekami a cvi\u010den\u00ed, ur\u010den\u00fd predov\u0161etk\u00fdm pre doktorandov 1. ro\u010dn\u00edka na UPJ\u0160 a za\u010d\u00ednaj\u00facich u\u010dite\u013eov na UPJ\u0160 Miesto: Are\u00e1l Rektor\u00e1tu &hellip; \u010c\u00edta\u0165 \u010falej\" \/>\n<meta property=\"og:url\" content=\"https:\/\/www.upjs.sk\/pracoviska\/ccvapp\/vzdelavacie-aktivity\/upjs\/seminar-pre-doktorandov\/seminar-doktorandi-2024\/\" \/>\n<meta property=\"og:site_name\" content=\"Centrum celo\u017eivotn\u00e9ho vzdel\u00e1vania a podpory projektov | UPJ\u0160\" \/>\n<meta property=\"article:modified_time\" content=\"2024-09-04T11:18:58+00:00\" \/>\n<meta property=\"og:image\" content=\"https:\/\/www.upjs.sk\/app\/uploads\/sites\/22\/2024\/09\/plagat2024_maly.jpg\" \/>\n\t<meta property=\"og:image:width\" content=\"620\" \/>\n\t<meta property=\"og:image:height\" content=\"877\" \/>\n\t<meta property=\"og:image:type\" content=\"image\/jpeg\" \/>\n<meta name=\"twitter:card\" content=\"summary_large_image\" \/>\n<meta name=\"twitter:label1\" content=\"Predpokladan\u00fd \u010das \u010d\u00edtania\" \/>\n\t<meta name=\"twitter:data1\" content=\"3 min\u00faty\" \/>\n<script type=\"application\/ld+json\" class=\"yoast-schema-graph\">{\"@context\":\"https:\/\/schema.org\",\"@graph\":[{\"@type\":\"WebPage\",\"@id\":\"https:\/\/www.upjs.sk\/pracoviska\/ccvapp\/vzdelavacie-aktivity\/upjs\/seminar-pre-doktorandov\/seminar-doktorandi-2024\/\",\"url\":\"https:\/\/www.upjs.sk\/pracoviska\/ccvapp\/vzdelavacie-aktivity\/upjs\/seminar-pre-doktorandov\/seminar-doktorandi-2024\/\",\"name\":\"Semin\u00e1r pre doktorandov 2024 - Centrum celo\u017eivotn\u00e9ho vzdel\u00e1vania a podpory projektov | UPJ\u0160\",\"isPartOf\":{\"@id\":\"https:\/\/www.upjs.sk\/pracoviska\/ccvapp\/#website\"},\"primaryImageOfPage\":{\"@id\":\"https:\/\/www.upjs.sk\/pracoviska\/ccvapp\/vzdelavacie-aktivity\/upjs\/seminar-pre-doktorandov\/seminar-doktorandi-2024\/#primaryimage\"},\"image\":{\"@id\":\"https:\/\/www.upjs.sk\/pracoviska\/ccvapp\/vzdelavacie-aktivity\/upjs\/seminar-pre-doktorandov\/seminar-doktorandi-2024\/#primaryimage\"},\"thumbnailUrl\":\"https:\/\/www.upjs.sk\/app\/uploads\/sites\/22\/2024\/09\/plagat2024_maly.jpg\",\"datePublished\":\"2024-09-04T10:09:47+00:00\",\"dateModified\":\"2024-09-04T11:18:58+00:00\",\"breadcrumb\":{\"@id\":\"https:\/\/www.upjs.sk\/pracoviska\/ccvapp\/vzdelavacie-aktivity\/upjs\/seminar-pre-doktorandov\/seminar-doktorandi-2024\/#breadcrumb\"},\"inLanguage\":\"sk-SK\",\"potentialAction\":[{\"@type\":\"ReadAction\",\"target\":[\"https:\/\/www.upjs.sk\/pracoviska\/ccvapp\/vzdelavacie-aktivity\/upjs\/seminar-pre-doktorandov\/seminar-doktorandi-2024\/\"]}]},{\"@type\":\"ImageObject\",\"inLanguage\":\"sk-SK\",\"@id\":\"https:\/\/www.upjs.sk\/pracoviska\/ccvapp\/vzdelavacie-aktivity\/upjs\/seminar-pre-doktorandov\/seminar-doktorandi-2024\/#primaryimage\",\"url\":\"https:\/\/www.upjs.sk\/app\/uploads\/sites\/22\/2024\/09\/plagat2024_maly.jpg\",\"contentUrl\":\"https:\/\/www.upjs.sk\/app\/uploads\/sites\/22\/2024\/09\/plagat2024_maly.jpg\",\"width\":620,\"height\":877},{\"@type\":\"BreadcrumbList\",\"@id\":\"https:\/\/www.upjs.sk\/pracoviska\/ccvapp\/vzdelavacie-aktivity\/upjs\/seminar-pre-doktorandov\/seminar-doktorandi-2024\/#breadcrumb\",\"itemListElement\":[{\"@type\":\"ListItem\",\"position\":1,\"name\":\"Home\",\"item\":\"https:\/\/www.upjs.sk\/pracoviska\/ccvapp\/\"},{\"@type\":\"ListItem\",\"position\":2,\"name\":\"Vzdel\u00e1vacie aktivity CCVaPP\",\"item\":\"https:\/\/www.upjs.sk\/pracoviska\/ccvapp\/vzdelavacie-aktivity\/\"},{\"@type\":\"ListItem\",\"position\":3,\"name\":\"Zamestnanci a \u0161tudenti UPJ\u0160\",\"item\":\"https:\/\/www.upjs.sk\/pracoviska\/ccvapp\/vzdelavacie-aktivity\/upjs\/\"},{\"@type\":\"ListItem\",\"position\":4,\"name\":\"Semin\u00e1r pre doktorandov\",\"item\":\"https:\/\/www.upjs.sk\/pracoviska\/ccvapp\/vzdelavacie-aktivity\/upjs\/seminar-pre-doktorandov\/\"},{\"@type\":\"ListItem\",\"position\":5,\"name\":\"Semin\u00e1r pre doktorandov 2024\"}]},{\"@type\":\"WebSite\",\"@id\":\"https:\/\/www.upjs.sk\/pracoviska\/ccvapp\/#website\",\"url\":\"https:\/\/www.upjs.sk\/pracoviska\/ccvapp\/\",\"name\":\"Centrum celo\u017eivotn\u00e9ho vzdel\u00e1vania a podpory projektov | UPJ\u0160\",\"description\":\"\",\"publisher\":{\"@id\":\"https:\/\/www.upjs.sk\/pracoviska\/ccvapp\/#organization\"},\"potentialAction\":[{\"@type\":\"SearchAction\",\"target\":{\"@type\":\"EntryPoint\",\"urlTemplate\":\"https:\/\/www.upjs.sk\/pracoviska\/ccvapp\/?s={search_term_string}\"},\"query-input\":{\"@type\":\"PropertyValueSpecification\",\"valueRequired\":true,\"valueName\":\"search_term_string\"}}],\"inLanguage\":\"sk-SK\"},{\"@type\":\"Organization\",\"@id\":\"https:\/\/www.upjs.sk\/pracoviska\/ccvapp\/#organization\",\"name\":\"Centrum celo\u017eivotn\u00e9ho vzdel\u00e1vania a podpory projektov | UPJ\u0160\",\"url\":\"https:\/\/www.upjs.sk\/pracoviska\/ccvapp\/\",\"logo\":{\"@type\":\"ImageObject\",\"inLanguage\":\"sk-SK\",\"@id\":\"https:\/\/www.upjs.sk\/pracoviska\/ccvapp\/#\/schema\/logo\/image\/\",\"url\":\"https:\/\/www.upjs.sk\/app\/uploads\/sites\/22\/2023\/01\/CCVaPP.svg\",\"contentUrl\":\"https:\/\/www.upjs.sk\/app\/uploads\/sites\/22\/2023\/01\/CCVaPP.svg\",\"width\":500,\"height\":138,\"caption\":\"Centrum celo\u017eivotn\u00e9ho vzdel\u00e1vania a podpory projektov | UPJ\u0160\"},\"image\":{\"@id\":\"https:\/\/www.upjs.sk\/pracoviska\/ccvapp\/#\/schema\/logo\/image\/\"}}]}<\/script>\n<!-- \/ Yoast SEO plugin. -->","yoast_head_json":{"title":"Semin\u00e1r pre doktorandov 2024 - Centrum celo\u017eivotn\u00e9ho vzdel\u00e1vania a podpory projektov | UPJ\u0160","robots":{"index":"index","follow":"follow","max-snippet":"max-snippet:-1","max-image-preview":"max-image-preview:large","max-video-preview":"max-video-preview:-1"},"canonical":"https:\/\/www.upjs.sk\/pracoviska\/ccvapp\/vzdelavacie-aktivity\/upjs\/seminar-pre-doktorandov\/seminar-doktorandi-2024\/","og_locale":"sk_SK","og_type":"article","og_title":"Semin\u00e1r pre doktorandov 2024 - Centrum celo\u017eivotn\u00e9ho vzdel\u00e1vania a podpory projektov | UPJ\u0160","og_description":"Univerzita Pavla Jozefa \u0160af\u00e1rika v Ko\u0161iciach organizuje v d\u0148och 10. &#8211; 12. 9. 2024 Semin\u00e1r pre doktorandov UPJ\u0160 Term\u00edn:&nbsp;10. 9. 2024 (utorok) \u2013 12. 9. 2024 (\u0161tvrtok) (8:30 \u2013 14:30) Zameranie:&nbsp;blokov\u00fd semin\u00e1r na b\u00e1ze predn\u00e1\u0161ok s uk\u00e1\u017ekami a cvi\u010den\u00ed, ur\u010den\u00fd predov\u0161etk\u00fdm pre doktorandov 1. ro\u010dn\u00edka na UPJ\u0160 a za\u010d\u00ednaj\u00facich u\u010dite\u013eov na UPJ\u0160 Miesto: Are\u00e1l Rektor\u00e1tu &hellip; \u010c\u00edta\u0165 \u010falej","og_url":"https:\/\/www.upjs.sk\/pracoviska\/ccvapp\/vzdelavacie-aktivity\/upjs\/seminar-pre-doktorandov\/seminar-doktorandi-2024\/","og_site_name":"Centrum celo\u017eivotn\u00e9ho vzdel\u00e1vania a podpory projektov | UPJ\u0160","article_modified_time":"2024-09-04T11:18:58+00:00","og_image":[{"width":620,"height":877,"url":"https:\/\/www.upjs.sk\/app\/uploads\/sites\/22\/2024\/09\/plagat2024_maly.jpg","type":"image\/jpeg"}],"twitter_card":"summary_large_image","twitter_misc":{"Predpokladan\u00fd \u010das \u010d\u00edtania":"3 min\u00faty"},"schema":{"@context":"https:\/\/schema.org","@graph":[{"@type":"WebPage","@id":"https:\/\/www.upjs.sk\/pracoviska\/ccvapp\/vzdelavacie-aktivity\/upjs\/seminar-pre-doktorandov\/seminar-doktorandi-2024\/","url":"https:\/\/www.upjs.sk\/pracoviska\/ccvapp\/vzdelavacie-aktivity\/upjs\/seminar-pre-doktorandov\/seminar-doktorandi-2024\/","name":"Semin\u00e1r pre doktorandov 2024 - Centrum celo\u017eivotn\u00e9ho vzdel\u00e1vania a podpory projektov | UPJ\u0160","isPartOf":{"@id":"https:\/\/www.upjs.sk\/pracoviska\/ccvapp\/#website"},"primaryImageOfPage":{"@id":"https:\/\/www.upjs.sk\/pracoviska\/ccvapp\/vzdelavacie-aktivity\/upjs\/seminar-pre-doktorandov\/seminar-doktorandi-2024\/#primaryimage"},"image":{"@id":"https:\/\/www.upjs.sk\/pracoviska\/ccvapp\/vzdelavacie-aktivity\/upjs\/seminar-pre-doktorandov\/seminar-doktorandi-2024\/#primaryimage"},"thumbnailUrl":"https:\/\/www.upjs.sk\/app\/uploads\/sites\/22\/2024\/09\/plagat2024_maly.jpg","datePublished":"2024-09-04T10:09:47+00:00","dateModified":"2024-09-04T11:18:58+00:00","breadcrumb":{"@id":"https:\/\/www.upjs.sk\/pracoviska\/ccvapp\/vzdelavacie-aktivity\/upjs\/seminar-pre-doktorandov\/seminar-doktorandi-2024\/#breadcrumb"},"inLanguage":"sk-SK","potentialAction":[{"@type":"ReadAction","target":["https:\/\/www.upjs.sk\/pracoviska\/ccvapp\/vzdelavacie-aktivity\/upjs\/seminar-pre-doktorandov\/seminar-doktorandi-2024\/"]}]},{"@type":"ImageObject","inLanguage":"sk-SK","@id":"https:\/\/www.upjs.sk\/pracoviska\/ccvapp\/vzdelavacie-aktivity\/upjs\/seminar-pre-doktorandov\/seminar-doktorandi-2024\/#primaryimage","url":"https:\/\/www.upjs.sk\/app\/uploads\/sites\/22\/2024\/09\/plagat2024_maly.jpg","contentUrl":"https:\/\/www.upjs.sk\/app\/uploads\/sites\/22\/2024\/09\/plagat2024_maly.jpg","width":620,"height":877},{"@type":"BreadcrumbList","@id":"https:\/\/www.upjs.sk\/pracoviska\/ccvapp\/vzdelavacie-aktivity\/upjs\/seminar-pre-doktorandov\/seminar-doktorandi-2024\/#breadcrumb","itemListElement":[{"@type":"ListItem","position":1,"name":"Home","item":"https:\/\/www.upjs.sk\/pracoviska\/ccvapp\/"},{"@type":"ListItem","position":2,"name":"Vzdel\u00e1vacie aktivity CCVaPP","item":"https:\/\/www.upjs.sk\/pracoviska\/ccvapp\/vzdelavacie-aktivity\/"},{"@type":"ListItem","position":3,"name":"Zamestnanci a \u0161tudenti UPJ\u0160","item":"https:\/\/www.upjs.sk\/pracoviska\/ccvapp\/vzdelavacie-aktivity\/upjs\/"},{"@type":"ListItem","position":4,"name":"Semin\u00e1r pre doktorandov","item":"https:\/\/www.upjs.sk\/pracoviska\/ccvapp\/vzdelavacie-aktivity\/upjs\/seminar-pre-doktorandov\/"},{"@type":"ListItem","position":5,"name":"Semin\u00e1r pre doktorandov 2024"}]},{"@type":"WebSite","@id":"https:\/\/www.upjs.sk\/pracoviska\/ccvapp\/#website","url":"https:\/\/www.upjs.sk\/pracoviska\/ccvapp\/","name":"Centrum celo\u017eivotn\u00e9ho vzdel\u00e1vania a podpory projektov | UPJ\u0160","description":"","publisher":{"@id":"https:\/\/www.upjs.sk\/pracoviska\/ccvapp\/#organization"},"potentialAction":[{"@type":"SearchAction","target":{"@type":"EntryPoint","urlTemplate":"https:\/\/www.upjs.sk\/pracoviska\/ccvapp\/?s={search_term_string}"},"query-input":{"@type":"PropertyValueSpecification","valueRequired":true,"valueName":"search_term_string"}}],"inLanguage":"sk-SK"},{"@type":"Organization","@id":"https:\/\/www.upjs.sk\/pracoviska\/ccvapp\/#organization","name":"Centrum celo\u017eivotn\u00e9ho vzdel\u00e1vania a podpory projektov | UPJ\u0160","url":"https:\/\/www.upjs.sk\/pracoviska\/ccvapp\/","logo":{"@type":"ImageObject","inLanguage":"sk-SK","@id":"https:\/\/www.upjs.sk\/pracoviska\/ccvapp\/#\/schema\/logo\/image\/","url":"https:\/\/www.upjs.sk\/app\/uploads\/sites\/22\/2023\/01\/CCVaPP.svg","contentUrl":"https:\/\/www.upjs.sk\/app\/uploads\/sites\/22\/2023\/01\/CCVaPP.svg","width":500,"height":138,"caption":"Centrum celo\u017eivotn\u00e9ho vzdel\u00e1vania a podpory projektov | UPJ\u0160"},"image":{"@id":"https:\/\/www.upjs.sk\/pracoviska\/ccvapp\/#\/schema\/logo\/image\/"}}]}},"_links":{"self":[{"href":"https:\/\/www.upjs.sk\/pracoviska\/ccvapp\/wp-json\/wp\/v2\/pages\/18749","targetHints":{"allow":["GET"]}}],"collection":[{"href":"https:\/\/www.upjs.sk\/pracoviska\/ccvapp\/wp-json\/wp\/v2\/pages"}],"about":[{"href":"https:\/\/www.upjs.sk\/pracoviska\/ccvapp\/wp-json\/wp\/v2\/types\/page"}],"author":[{"embeddable":true,"href":"https:\/\/www.upjs.sk\/pracoviska\/ccvapp\/wp-json\/wp\/v2\/users\/30"}],"replies":[{"embeddable":true,"href":"https:\/\/www.upjs.sk\/pracoviska\/ccvapp\/wp-json\/wp\/v2\/comments?post=18749"}],"version-history":[{"count":3,"href":"https:\/\/www.upjs.sk\/pracoviska\/ccvapp\/wp-json\/wp\/v2\/pages\/18749\/revisions"}],"predecessor-version":[{"id":18759,"href":"https:\/\/www.upjs.sk\/pracoviska\/ccvapp\/wp-json\/wp\/v2\/pages\/18749\/revisions\/18759"}],"up":[{"embeddable":true,"href":"https:\/\/www.upjs.sk\/pracoviska\/ccvapp\/wp-json\/wp\/v2\/pages\/14374"}],"wp:featuredmedia":[{"embeddable":true,"href":"https:\/\/www.upjs.sk\/pracoviska\/ccvapp\/wp-json\/wp\/v2\/media\/18752"}],"wp:attachment":[{"href":"https:\/\/www.upjs.sk\/pracoviska\/ccvapp\/wp-json\/wp\/v2\/media?parent=18749"}],"wp:term":[{"taxonomy":"category","embeddable":true,"href":"https:\/\/www.upjs.sk\/pracoviska\/ccvapp\/wp-json\/wp\/v2\/categories?post=18749"},{"taxonomy":"post_tag","embeddable":true,"href":"https:\/\/www.upjs.sk\/pracoviska\/ccvapp\/wp-json\/wp\/v2\/tags?post=18749"}],"curies":[{"name":"wp","href":"https:\/\/api.w.org\/{rel}","templated":true}]}}