{"id":13953,"date":"2022-09-20T09:32:45","date_gmt":"2022-09-20T09:32:45","guid":{"rendered":"https:\/\/www.upjs.sk\/pracoviska\/ciakt\/administration-of-personal-identification-cards\/"},"modified":"2025-05-29T09:13:28","modified_gmt":"2025-05-29T09:13:28","slug":"administration-of-personal-identification-cards","status":"publish","type":"page","link":"https:\/\/www.upjs.sk\/pracoviska\/ciakt\/en\/administration-of-personal-identification-cards\/","title":{"rendered":"Administration of Personal Identification Cards (AIO)"},"content":{"rendered":"\n<p><strong><mark style=\"background-color:rgba(0, 0, 0, 0)\" class=\"has-inline-color has-zakladna-zlata-color\">OFFICE hours:<\/mark><\/strong> MO-FRI&nbsp;<strong> <\/strong>8:30 &#8211; 11:30<\/p>\n\n\n\n<p><\/p>\n\n\n\n<p><strong><mark style=\"background-color:rgba(0, 0, 0, 0)\" class=\"has-inline-color has-zakladna-zlata-color\">INFORMATION<\/mark><\/strong><mark style=\"background-color:rgba(0, 0, 0, 0)\" class=\"has-inline-color has-zakladna-zlata-color\"> <strong>about <\/strong><\/mark><strong><mark style=\"background-color:rgba(0, 0, 0, 0)\" class=\"has-inline-color has-zakladna-zlata-color\"><a aria-label=\"INFORMATION about  PERSONAL IDENTIFICATION CARDS  (opens in a new tab)\" href=\"https:\/\/www.upjs.sk\/pracoviska\/ciakt\/en\/personal-identification-cards-pik\/\" target=\"_blank\" rel=\"noreferrer noopener\" class=\"ek-link\"> PERSONAL IDENTIFICATION CARDS <\/a><\/mark><\/strong><mark style=\"background-color:rgba(0, 0, 0, 0)\" class=\"has-inline-color has-zakladna-zlata-color\"> <\/mark><\/p>\n\n\n\n<p><a name=\"1\"><\/a><mark style=\"background-color:rgba(0, 0, 0, 0)\" class=\"has-inline-color has-zakladna-zlata-color\"><strong>NEWS<\/strong> <\/mark><\/p>\n\n\n\n<p>\u2666 <strong> <a href=\"https:\/\/www.upjs.sk\/app\/uploads\/sites\/17\/2024\/05\/Harmonogram-AJ-2025-26.pdf\">Prolongation and Issuance of ID cards 2025\/2026<\/a><\/strong><\/p>\n\n\n\n<p>\u2666&nbsp;<a href=\"\/public\/media\/10447\/application-of-card-duplicate.doc\" target=\"_blank\" rel=\"noopener\" class=\"ek-link\"><strong>Application for a &nbsp;replacement of Student \/ Employee* ID card<\/strong><\/a><\/p>\n\n\n\n<p>\u2666 <strong>Payments must be made by bank transfer in accordance with the Quaestor&#8217;s order.<\/strong> Payment at the cash desk is not possible.<\/p>\n\n\n\n<p><\/p>\n\n\n\n<p><a name=\"7\"><\/a><mark style=\"background-color:rgba(0, 0, 0, 0)\" class=\"has-inline-color has-zakladna-zlata-color\"><strong>CONTACT US<\/strong><\/mark><\/p>\n\n\n<style>.kadence-column13953_abeb01-df > .kt-inside-inner-col,.kadence-column13953_abeb01-df > .kt-inside-inner-col:before{border-top-left-radius:0px;border-top-right-radius:0px;border-bottom-right-radius:0px;border-bottom-left-radius:0px;}.kadence-column13953_abeb01-df > .kt-inside-inner-col{column-gap:var(--global-kb-gap-sm, 1rem);}.kadence-column13953_abeb01-df > .kt-inside-inner-col{flex-direction:column;}.kadence-column13953_abeb01-df > .kt-inside-inner-col > .aligncenter{width:100%;}.kadence-column13953_abeb01-df > .kt-inside-inner-col:before{opacity:0.3;}.kadence-column13953_abeb01-df{position:relative;}@media all and (max-width: 1024px){.kadence-column13953_abeb01-df > .kt-inside-inner-col{flex-direction:column;justify-content:center;}}@media all and (max-width: 767px){.kadence-column13953_abeb01-df > .kt-inside-inner-col{flex-direction:column;justify-content:center;}}<\/style>\n<div class=\"wp-block-kadence-column kadence-column13953_abeb01-df\"><div class=\"kt-inside-inner-col\"><style>.kb-row-layout-id13953_a79473-f3 > .kt-row-column-wrap{align-content:start;}:where(.kb-row-layout-id13953_a79473-f3 > .kt-row-column-wrap) > .wp-block-kadence-column{justify-content:start;}.kb-row-layout-id13953_a79473-f3 > .kt-row-column-wrap{column-gap:var(--global-kb-gap-md, 2rem);row-gap:var(--global-kb-gap-md, 2rem);padding-bottom:var(--global-kb-spacing-sm, 1.5rem);grid-template-columns:repeat(2, minmax(0, 1fr));}.kb-row-layout-id13953_a79473-f3 > .kt-row-layout-overlay{opacity:0.30;}@media all and (max-width: 1024px){.kb-row-layout-id13953_a79473-f3 > .kt-row-column-wrap{grid-template-columns:repeat(2, minmax(0, 1fr));}}@media all and (max-width: 767px){.kb-row-layout-id13953_a79473-f3 > .kt-row-column-wrap{grid-template-columns:minmax(0, 1fr);}}<\/style><div class=\"kb-row-layout-wrap kb-row-layout-id13953_a79473-f3 alignnone wp-block-kadence-rowlayout\"><div class=\"kt-row-column-wrap kt-has-2-columns kt-row-layout-equal kt-tab-layout-inherit kt-mobile-layout-row kt-row-valign-top\">\n<style>.kadence-column13953_a7552b-36 > .kt-inside-inner-col,.kadence-column13953_a7552b-36 > .kt-inside-inner-col:before{border-top-left-radius:0px;border-top-right-radius:0px;border-bottom-right-radius:0px;border-bottom-left-radius:0px;}.kadence-column13953_a7552b-36 > .kt-inside-inner-col{column-gap:var(--global-kb-gap-sm, 1rem);}.kadence-column13953_a7552b-36 > .kt-inside-inner-col{flex-direction:column;}.kadence-column13953_a7552b-36 > .kt-inside-inner-col > .aligncenter{width:100%;}.kadence-column13953_a7552b-36 > .kt-inside-inner-col:before{opacity:0.3;}.kadence-column13953_a7552b-36{position:relative;}@media all and (max-width: 1024px){.kadence-column13953_a7552b-36 > .kt-inside-inner-col{flex-direction:column;justify-content:center;}}@media all and (max-width: 767px){.kadence-column13953_a7552b-36 > .kt-inside-inner-col{flex-direction:column;justify-content:center;}}<\/style>\n<div class=\"wp-block-kadence-column kadence-column13953_a7552b-36\"><div class=\"kt-inside-inner-col\">\n<p><mark style=\"background-color:rgba(0, 0, 0, 0)\" class=\"has-inline-color has-zakladna-modra-color\"><strong>Address:<\/strong><\/mark><br>Spr\u00e1va AIO, CIaKT UPJ\u0160 v Ko\u0161iciach<br>\u0160rob\u00e1rova 2, 04001 Ko\u0161ice<br><br>Phone numbers to be used during Office hours:<br>+421\/55 234 1514<br>+421\/55 234 1512<br>E-mail: aio(at)upjs.sk<\/p>\n<\/div><\/div>\n\n\n<style>.kadence-column13953_f2e400-c0 > .kt-inside-inner-col,.kadence-column13953_f2e400-c0 > .kt-inside-inner-col:before{border-top-left-radius:0px;border-top-right-radius:0px;border-bottom-right-radius:0px;border-bottom-left-radius:0px;}.kadence-column13953_f2e400-c0 > .kt-inside-inner-col{column-gap:var(--global-kb-gap-sm, 1rem);}.kadence-column13953_f2e400-c0 > .kt-inside-inner-col{flex-direction:column;}.kadence-column13953_f2e400-c0 > .kt-inside-inner-col > .aligncenter{width:100%;}.kadence-column13953_f2e400-c0 > .kt-inside-inner-col:before{opacity:0.3;}.kadence-column13953_f2e400-c0{position:relative;}@media all and (max-width: 1024px){.kadence-column13953_f2e400-c0 > .kt-inside-inner-col{flex-direction:column;justify-content:center;}}@media all and (max-width: 767px){.kadence-column13953_f2e400-c0 > .kt-inside-inner-col{flex-direction:column;justify-content:center;}}<\/style>\n<div class=\"wp-block-kadence-column kadence-column13953_f2e400-c0\"><div class=\"kt-inside-inner-col\">\n<p><mark><strong><mark style=\"background-color:#ffffff\" class=\"has-inline-color has-zakladna-modra-color\">Staff:<\/mark><\/strong><\/mark><br>Ing. M\u00e1ria Vel\u0161m\u00eddov\u00e1<br>e-mail: maria.velsmidova@upjs.sk<br>+421\/55 234 1514<br><br>Ing. Jana Sninsk\u00e1<br>e-mail: jana.sninska@upjs.sk<br>Tel.: 055 234 1512<\/p>\n<\/div><\/div>\n\n<\/div><\/div><\/div><\/div>\n\n\n\n<p>In case that you are contacting us via e-mail, write your name, surname and faculty. Emails from university e-mail address are prefered. &nbsp;<\/p>\n\n\n\n<p><\/p>\n","protected":false},"excerpt":{"rendered":"<p>OFFICE hours: MO-FRI&nbsp; 8:30 &#8211; 11:30 INFORMATION about PERSONAL IDENTIFICATION CARDS NEWS \u2666 Prolongation and Issuance of ID cards 2025\/2026 \u2666&nbsp;Application for a &nbsp;replacement of Student \/ Employee* ID card \u2666 Payments must be made by bank transfer in accordance with the Quaestor&#8217;s order. Payment at the cash desk is not possible. CONTACT US Address:Spr\u00e1va &hellip; <a href=\"https:\/\/www.upjs.sk\/pracoviska\/ciakt\/en\/administration-of-personal-identification-cards\/\">Continued<\/a><\/p>\n","protected":false},"author":1,"featured_media":0,"parent":0,"menu_order":2,"comment_status":"closed","ping_status":"closed","template":"","meta":{"_acf_changed":false,"_editorskit_title_hidden":false,"_editorskit_reading_time":4,"_editorskit_is_block_options_detached":false,"_editorskit_block_options_position":"{}","footnotes":""},"categories":[],"tags":[],"class_list":["post-13953","page","type-page","status-publish","hentry"],"acf":{"acf_link_na_externy_obsah":""},"yoast_head":"<!-- This site is optimized with the Yoast SEO plugin v27.2 - https:\/\/yoast.com\/product\/yoast-seo-wordpress\/ -->\n<title>Administration of Personal Identification Cards (AIO) - Centrum informa\u010dn\u00fdch a komunika\u010dn\u00fdch technol\u00f3gi\u00ed | UPJ\u0160<\/title>\n<meta name=\"robots\" content=\"index, follow, max-snippet:-1, max-image-preview:large, max-video-preview:-1\" \/>\n<link rel=\"canonical\" href=\"https:\/\/www.upjs.sk\/pracoviska\/ciakt\/en\/administration-of-personal-identification-cards\/\" \/>\n<meta property=\"og:locale\" content=\"en_US\" \/>\n<meta property=\"og:type\" content=\"article\" \/>\n<meta property=\"og:title\" content=\"Administration of Personal Identification Cards (AIO) - Centrum informa\u010dn\u00fdch a komunika\u010dn\u00fdch technol\u00f3gi\u00ed | UPJ\u0160\" \/>\n<meta property=\"og:description\" content=\"OFFICE hours: MO-FRI&nbsp; 8:30 &#8211; 11:30 INFORMATION about PERSONAL IDENTIFICATION CARDS NEWS \u2666 Prolongation and Issuance of ID cards 2025\/2026 \u2666&nbsp;Application for a &nbsp;replacement of Student \/ Employee* ID card \u2666 Payments must be made by bank transfer in accordance with the Quaestor&#8217;s order. Payment at the cash desk is not possible. CONTACT US Address:Spr\u00e1va &hellip; Continued\" \/>\n<meta property=\"og:url\" content=\"https:\/\/www.upjs.sk\/pracoviska\/ciakt\/en\/administration-of-personal-identification-cards\/\" \/>\n<meta property=\"og:site_name\" content=\"Centrum informa\u010dn\u00fdch a komunika\u010dn\u00fdch technol\u00f3gi\u00ed | UPJ\u0160\" \/>\n<meta property=\"article:modified_time\" content=\"2025-05-29T09:13:28+00:00\" \/>\n<meta name=\"twitter:card\" content=\"summary_large_image\" \/>\n<meta name=\"twitter:label1\" content=\"Est. reading time\" \/>\n\t<meta name=\"twitter:data1\" content=\"1 minute\" \/>\n<script type=\"application\/ld+json\" class=\"yoast-schema-graph\">{\"@context\":\"https:\/\/schema.org\",\"@graph\":[{\"@type\":\"WebPage\",\"@id\":\"https:\/\/www.upjs.sk\/pracoviska\/ciakt\/en\/administration-of-personal-identification-cards\/\",\"url\":\"https:\/\/www.upjs.sk\/pracoviska\/ciakt\/en\/administration-of-personal-identification-cards\/\",\"name\":\"Administration of Personal Identification Cards (AIO) - Centrum informa\u010dn\u00fdch a komunika\u010dn\u00fdch technol\u00f3gi\u00ed | UPJ\u0160\",\"isPartOf\":{\"@id\":\"https:\/\/www.upjs.sk\/pracoviska\/ciakt\/en\/#website\"},\"datePublished\":\"2022-09-20T09:32:45+00:00\",\"dateModified\":\"2025-05-29T09:13:28+00:00\",\"breadcrumb\":{\"@id\":\"https:\/\/www.upjs.sk\/pracoviska\/ciakt\/en\/administration-of-personal-identification-cards\/#breadcrumb\"},\"inLanguage\":\"en-US\",\"potentialAction\":[{\"@type\":\"ReadAction\",\"target\":[\"https:\/\/www.upjs.sk\/pracoviska\/ciakt\/en\/administration-of-personal-identification-cards\/\"]}]},{\"@type\":\"BreadcrumbList\",\"@id\":\"https:\/\/www.upjs.sk\/pracoviska\/ciakt\/en\/administration-of-personal-identification-cards\/#breadcrumb\",\"itemListElement\":[{\"@type\":\"ListItem\",\"position\":1,\"name\":\"Home\",\"item\":\"https:\/\/www.upjs.sk\/pracoviska\/ciakt\/en\/\"},{\"@type\":\"ListItem\",\"position\":2,\"name\":\"Administration of Personal Identification Cards (AIO)\"}]},{\"@type\":\"WebSite\",\"@id\":\"https:\/\/www.upjs.sk\/pracoviska\/ciakt\/en\/#website\",\"url\":\"https:\/\/www.upjs.sk\/pracoviska\/ciakt\/en\/\",\"name\":\"Centrum informa\u010dn\u00fdch a komunika\u010dn\u00fdch technol\u00f3gi\u00ed | UPJ\u0160\",\"description\":\"\",\"publisher\":{\"@id\":\"https:\/\/www.upjs.sk\/pracoviska\/ciakt\/en\/#organization\"},\"potentialAction\":[{\"@type\":\"SearchAction\",\"target\":{\"@type\":\"EntryPoint\",\"urlTemplate\":\"https:\/\/www.upjs.sk\/pracoviska\/ciakt\/en\/?s={search_term_string}\"},\"query-input\":{\"@type\":\"PropertyValueSpecification\",\"valueRequired\":true,\"valueName\":\"search_term_string\"}}],\"inLanguage\":\"en-US\"},{\"@type\":\"Organization\",\"@id\":\"https:\/\/www.upjs.sk\/pracoviska\/ciakt\/en\/#organization\",\"name\":\"Centrum informa\u010dn\u00fdch a komunika\u010dn\u00fdch technol\u00f3gi\u00ed | UPJ\u0160\",\"url\":\"https:\/\/www.upjs.sk\/pracoviska\/ciakt\/en\/\",\"logo\":{\"@type\":\"ImageObject\",\"inLanguage\":\"en-US\",\"@id\":\"https:\/\/www.upjs.sk\/pracoviska\/ciakt\/en\/#\/schema\/logo\/image\/\",\"url\":\"https:\/\/www.upjs.sk\/app\/uploads\/sites\/17\/2023\/01\/CIaKT_ENG.svg\",\"contentUrl\":\"https:\/\/www.upjs.sk\/app\/uploads\/sites\/17\/2023\/01\/CIaKT_ENG.svg\",\"width\":500,\"height\":138,\"caption\":\"Centrum informa\u010dn\u00fdch a komunika\u010dn\u00fdch technol\u00f3gi\u00ed | UPJ\u0160\"},\"image\":{\"@id\":\"https:\/\/www.upjs.sk\/pracoviska\/ciakt\/en\/#\/schema\/logo\/image\/\"}}]}<\/script>\n<!-- \/ Yoast SEO plugin. -->","yoast_head_json":{"title":"Administration of Personal Identification Cards (AIO) - Centrum informa\u010dn\u00fdch a komunika\u010dn\u00fdch technol\u00f3gi\u00ed | UPJ\u0160","robots":{"index":"index","follow":"follow","max-snippet":"max-snippet:-1","max-image-preview":"max-image-preview:large","max-video-preview":"max-video-preview:-1"},"canonical":"https:\/\/www.upjs.sk\/pracoviska\/ciakt\/en\/administration-of-personal-identification-cards\/","og_locale":"en_US","og_type":"article","og_title":"Administration of Personal Identification Cards (AIO) - Centrum informa\u010dn\u00fdch a komunika\u010dn\u00fdch technol\u00f3gi\u00ed | UPJ\u0160","og_description":"OFFICE hours: MO-FRI&nbsp; 8:30 &#8211; 11:30 INFORMATION about PERSONAL IDENTIFICATION CARDS NEWS \u2666 Prolongation and Issuance of ID cards 2025\/2026 \u2666&nbsp;Application for a &nbsp;replacement of Student \/ Employee* ID card \u2666 Payments must be made by bank transfer in accordance with the Quaestor&#8217;s order. Payment at the cash desk is not possible. CONTACT US Address:Spr\u00e1va &hellip; Continued","og_url":"https:\/\/www.upjs.sk\/pracoviska\/ciakt\/en\/administration-of-personal-identification-cards\/","og_site_name":"Centrum informa\u010dn\u00fdch a komunika\u010dn\u00fdch technol\u00f3gi\u00ed | UPJ\u0160","article_modified_time":"2025-05-29T09:13:28+00:00","twitter_card":"summary_large_image","twitter_misc":{"Est. reading time":"1 minute"},"schema":{"@context":"https:\/\/schema.org","@graph":[{"@type":"WebPage","@id":"https:\/\/www.upjs.sk\/pracoviska\/ciakt\/en\/administration-of-personal-identification-cards\/","url":"https:\/\/www.upjs.sk\/pracoviska\/ciakt\/en\/administration-of-personal-identification-cards\/","name":"Administration of Personal Identification Cards (AIO) - Centrum informa\u010dn\u00fdch a komunika\u010dn\u00fdch technol\u00f3gi\u00ed | UPJ\u0160","isPartOf":{"@id":"https:\/\/www.upjs.sk\/pracoviska\/ciakt\/en\/#website"},"datePublished":"2022-09-20T09:32:45+00:00","dateModified":"2025-05-29T09:13:28+00:00","breadcrumb":{"@id":"https:\/\/www.upjs.sk\/pracoviska\/ciakt\/en\/administration-of-personal-identification-cards\/#breadcrumb"},"inLanguage":"en-US","potentialAction":[{"@type":"ReadAction","target":["https:\/\/www.upjs.sk\/pracoviska\/ciakt\/en\/administration-of-personal-identification-cards\/"]}]},{"@type":"BreadcrumbList","@id":"https:\/\/www.upjs.sk\/pracoviska\/ciakt\/en\/administration-of-personal-identification-cards\/#breadcrumb","itemListElement":[{"@type":"ListItem","position":1,"name":"Home","item":"https:\/\/www.upjs.sk\/pracoviska\/ciakt\/en\/"},{"@type":"ListItem","position":2,"name":"Administration of Personal Identification Cards (AIO)"}]},{"@type":"WebSite","@id":"https:\/\/www.upjs.sk\/pracoviska\/ciakt\/en\/#website","url":"https:\/\/www.upjs.sk\/pracoviska\/ciakt\/en\/","name":"Centrum informa\u010dn\u00fdch a komunika\u010dn\u00fdch technol\u00f3gi\u00ed | UPJ\u0160","description":"","publisher":{"@id":"https:\/\/www.upjs.sk\/pracoviska\/ciakt\/en\/#organization"},"potentialAction":[{"@type":"SearchAction","target":{"@type":"EntryPoint","urlTemplate":"https:\/\/www.upjs.sk\/pracoviska\/ciakt\/en\/?s={search_term_string}"},"query-input":{"@type":"PropertyValueSpecification","valueRequired":true,"valueName":"search_term_string"}}],"inLanguage":"en-US"},{"@type":"Organization","@id":"https:\/\/www.upjs.sk\/pracoviska\/ciakt\/en\/#organization","name":"Centrum informa\u010dn\u00fdch a komunika\u010dn\u00fdch technol\u00f3gi\u00ed | UPJ\u0160","url":"https:\/\/www.upjs.sk\/pracoviska\/ciakt\/en\/","logo":{"@type":"ImageObject","inLanguage":"en-US","@id":"https:\/\/www.upjs.sk\/pracoviska\/ciakt\/en\/#\/schema\/logo\/image\/","url":"https:\/\/www.upjs.sk\/app\/uploads\/sites\/17\/2023\/01\/CIaKT_ENG.svg","contentUrl":"https:\/\/www.upjs.sk\/app\/uploads\/sites\/17\/2023\/01\/CIaKT_ENG.svg","width":500,"height":138,"caption":"Centrum informa\u010dn\u00fdch a komunika\u010dn\u00fdch technol\u00f3gi\u00ed | UPJ\u0160"},"image":{"@id":"https:\/\/www.upjs.sk\/pracoviska\/ciakt\/en\/#\/schema\/logo\/image\/"}}]}},"_links":{"self":[{"href":"https:\/\/www.upjs.sk\/pracoviska\/ciakt\/en\/wp-json\/wp\/v2\/pages\/13953","targetHints":{"allow":["GET"]}}],"collection":[{"href":"https:\/\/www.upjs.sk\/pracoviska\/ciakt\/en\/wp-json\/wp\/v2\/pages"}],"about":[{"href":"https:\/\/www.upjs.sk\/pracoviska\/ciakt\/en\/wp-json\/wp\/v2\/types\/page"}],"author":[{"embeddable":true,"href":"https:\/\/www.upjs.sk\/pracoviska\/ciakt\/en\/wp-json\/wp\/v2\/users\/1"}],"replies":[{"embeddable":true,"href":"https:\/\/www.upjs.sk\/pracoviska\/ciakt\/en\/wp-json\/wp\/v2\/comments?post=13953"}],"version-history":[{"count":20,"href":"https:\/\/www.upjs.sk\/pracoviska\/ciakt\/en\/wp-json\/wp\/v2\/pages\/13953\/revisions"}],"predecessor-version":[{"id":16309,"href":"https:\/\/www.upjs.sk\/pracoviska\/ciakt\/en\/wp-json\/wp\/v2\/pages\/13953\/revisions\/16309"}],"wp:attachment":[{"href":"https:\/\/www.upjs.sk\/pracoviska\/ciakt\/en\/wp-json\/wp\/v2\/media?parent=13953"}],"wp:term":[{"taxonomy":"category","embeddable":true,"href":"https:\/\/www.upjs.sk\/pracoviska\/ciakt\/en\/wp-json\/wp\/v2\/categories?post=13953"},{"taxonomy":"post_tag","embeddable":true,"href":"https:\/\/www.upjs.sk\/pracoviska\/ciakt\/en\/wp-json\/wp\/v2\/tags?post=13953"}],"curies":[{"name":"wp","href":"https:\/\/api.w.org\/{rel}","templated":true}]}}