{"id":13976,"date":"2016-06-22T10:52:11","date_gmt":"2016-06-22T10:52:11","guid":{"rendered":"https:\/\/www.upjs.sk\/pracoviska\/ciakt\/about-us\/"},"modified":"2023-04-21T08:16:20","modified_gmt":"2023-04-21T08:16:20","slug":"about-us","status":"publish","type":"page","link":"https:\/\/www.upjs.sk\/pracoviska\/ciakt\/en\/about-us\/","title":{"rendered":"About us"},"content":{"rendered":"\n<p><strong><mark style=\"background-color:rgba(0, 0, 0, 0)\" class=\"has-inline-color has-zakladna-modra-color\">Centre of Information and Communication Technologies of Pavol Jozef \u0160af\u00e1rik University<\/mark><\/strong> is  a university-wide information workplace that covers information and communication technology activities inside UPJ\u0160, but also externally in relation to its surroundings. <\/p>\n\n\n<style>.wp-block-kadence-spacer.kt-block-spacer-_49570a-4e .kt-block-spacer{height:20px;}.wp-block-kadence-spacer.kt-block-spacer-_49570a-4e .kt-divider{border-top-width:1px;height:1px;border-top-color:#D6D6D6;width:100%;border-top-style:solid;}<\/style>\n<div class=\"wp-block-kadence-spacer alignnone kt-block-spacer-_49570a-4e\"><div class=\"kt-block-spacer kt-block-spacer-halign-left\"><hr class=\"kt-divider\"\/><\/div><\/div>\n\n\n<style>.kb-row-layout-id_87b0be-4a > .kt-row-column-wrap{align-content:start;}:where(.kb-row-layout-id_87b0be-4a > .kt-row-column-wrap) > .wp-block-kadence-column{justify-content:start;}.kb-row-layout-id_87b0be-4a > .kt-row-column-wrap{column-gap:var(--global-kb-gap-md, 2rem);row-gap:var(--global-kb-gap-md, 2rem);padding-top:0px;padding-bottom:0px;}.kb-row-layout-id_87b0be-4a > .kt-row-column-wrap > div:not(.added-for-specificity){grid-column:initial;}.kb-row-layout-id_87b0be-4a > .kt-row-column-wrap{grid-template-columns:repeat(3, minmax(0, 1fr));}.kb-row-layout-id_87b0be-4a > .kt-row-layout-overlay{opacity:0.30;}@media all and (max-width: 1024px){.kb-row-layout-id_87b0be-4a > .kt-row-column-wrap > div:not(.added-for-specificity){grid-column:initial;}}@media all and (max-width: 1024px){.kb-row-layout-id_87b0be-4a > .kt-row-column-wrap{grid-template-columns:repeat(3, minmax(0, 1fr));}}@media all and (max-width: 767px){.kb-row-layout-id_87b0be-4a > .kt-row-column-wrap > div:not(.added-for-specificity){grid-column:initial;}.kb-row-layout-id_87b0be-4a > .kt-row-column-wrap{grid-template-columns:minmax(0, 1fr);}}<\/style><div class=\"kb-row-layout-wrap kb-row-layout-id_87b0be-4a alignnone has-biela-background-color kt-row-has-bg wp-block-kadence-rowlayout\"><div class=\"kt-row-column-wrap kt-has-3-columns kt-row-layout-equal kt-tab-layout-inherit kt-mobile-layout-row kt-row-valign-top\">\n<style>.kadence-column_63150c-4a > .kt-inside-inner-col,.kadence-column_63150c-4a > .kt-inside-inner-col:before{border-top-left-radius:0px;border-top-right-radius:0px;border-bottom-right-radius:0px;border-bottom-left-radius:0px;}.kadence-column_63150c-4a > .kt-inside-inner-col{column-gap:var(--global-kb-gap-sm, 1rem);}.kadence-column_63150c-4a > .kt-inside-inner-col{flex-direction:column;}.kadence-column_63150c-4a > .kt-inside-inner-col > .aligncenter{width:100%;}.kadence-column_63150c-4a > .kt-inside-inner-col:before{opacity:0.3;}.kadence-column_63150c-4a{position:relative;}@media all and (max-width: 1024px){.kadence-column_63150c-4a > .kt-inside-inner-col{flex-direction:column;justify-content:center;}}@media all and (max-width: 767px){.kadence-column_63150c-4a > .kt-inside-inner-col{flex-direction:column;justify-content:center;}}<\/style>\n<div class=\"wp-block-kadence-column kadence-column_63150c-4a inner-column-1\"><div class=\"kt-inside-inner-col\"><style>.kb-image_aeb304-0c .kb-image-has-overlay:after{opacity:0.3;}<\/style>\n<div class=\"wp-block-kadence-image kb-image_aeb304-0c\"><figure class=\"aligncenter size-full\"><img loading=\"lazy\" decoding=\"async\" width=\"420\" height=\"250\" src=\"https:\/\/www.upjs.sk\/app\/uploads\/sites\/17\/2023\/02\/AIS2-logo420-250.jpg\" alt=\"\" class=\"kb-img wp-image-14474\" srcset=\"https:\/\/www.upjs.sk\/app\/uploads\/sites\/17\/2023\/02\/AIS2-logo420-250.jpg 420w, https:\/\/www.upjs.sk\/app\/uploads\/sites\/17\/2023\/02\/AIS2-logo420-250-300x179.jpg 300w\" sizes=\"auto, (max-width: 420px) 100vw, 420px\" \/><figcaption>Our workplace also includes the <strong><a aria-label=\"AIS2 (opens in a new tab)\" href=\"https:\/\/ais2.upjs.sk\/ais\/start.do\" target=\"_blank\" rel=\"noreferrer noopener\" class=\"ek-link\">AIS2<\/a> <\/strong>development team <\/figcaption><\/figure><\/div>\n<\/div><\/div>\n\n\n<style>.kadence-column_49ae7b-45 > .kt-inside-inner-col,.kadence-column_49ae7b-45 > .kt-inside-inner-col:before{border-top-left-radius:0px;border-top-right-radius:0px;border-bottom-right-radius:0px;border-bottom-left-radius:0px;}.kadence-column_49ae7b-45 > .kt-inside-inner-col{column-gap:var(--global-kb-gap-sm, 1rem);}.kadence-column_49ae7b-45 > .kt-inside-inner-col{flex-direction:column;}.kadence-column_49ae7b-45 > .kt-inside-inner-col > .aligncenter{width:100%;}.kadence-column_49ae7b-45 > .kt-inside-inner-col:before{opacity:0.3;}.kadence-column_49ae7b-45{position:relative;}@media all and (max-width: 1024px){.kadence-column_49ae7b-45 > .kt-inside-inner-col{flex-direction:column;justify-content:center;}}@media all and (max-width: 767px){.kadence-column_49ae7b-45 > .kt-inside-inner-col{flex-direction:column;justify-content:center;}}<\/style>\n<div class=\"wp-block-kadence-column kadence-column_49ae7b-45 inner-column-2\"><div class=\"kt-inside-inner-col\"><style>.kb-image_b8fc11-d6 .kb-image-has-overlay:after{opacity:0.3;}<\/style>\n<div class=\"wp-block-kadence-image kb-image_b8fc11-d6\"><figure class=\"aligncenter size-full\"><img loading=\"lazy\" decoding=\"async\" width=\"420\" height=\"250\" src=\"https:\/\/www.upjs.sk\/app\/uploads\/sites\/17\/2023\/02\/sanet-logo420-250.jpg\" alt=\"\" class=\"kb-img wp-image-14480\" srcset=\"https:\/\/www.upjs.sk\/app\/uploads\/sites\/17\/2023\/02\/sanet-logo420-250.jpg 420w, https:\/\/www.upjs.sk\/app\/uploads\/sites\/17\/2023\/02\/sanet-logo420-250-300x179.jpg 300w\" sizes=\"auto, (max-width: 420px) 100vw, 420px\" \/><figcaption>The CIaKT UPJ\u0160 university node is also a regional node of  <a aria-label=\" (opens in a new tab)\" href=\"https:\/\/www.sanet.sk\/\" target=\"_blank\" rel=\"noreferrer noopener\" class=\"ek-link\"><strong>SANET<\/strong><\/a>&nbsp;(Slovak Academic Network)<\/figcaption><\/figure><\/div>\n<\/div><\/div>\n\n\n<style>.kadence-column_e60189-ab > .kt-inside-inner-col,.kadence-column_e60189-ab > .kt-inside-inner-col:before{border-top-left-radius:0px;border-top-right-radius:0px;border-bottom-right-radius:0px;border-bottom-left-radius:0px;}.kadence-column_e60189-ab > .kt-inside-inner-col{column-gap:var(--global-kb-gap-sm, 1rem);}.kadence-column_e60189-ab > .kt-inside-inner-col{flex-direction:column;}.kadence-column_e60189-ab > .kt-inside-inner-col > .aligncenter{width:100%;}.kadence-column_e60189-ab > .kt-inside-inner-col:before{opacity:0.3;}.kadence-column_e60189-ab{position:relative;}@media all and (max-width: 1024px){.kadence-column_e60189-ab > .kt-inside-inner-col{flex-direction:column;justify-content:center;}}@media all and (max-width: 767px){.kadence-column_e60189-ab > .kt-inside-inner-col{flex-direction:column;justify-content:center;}}<\/style>\n<div class=\"wp-block-kadence-column kadence-column_e60189-ab inner-column-3\"><div class=\"kt-inside-inner-col\"><style>.kb-image_0291ba-11 .kb-image-has-overlay:after{opacity:0.3;}<\/style>\n<div class=\"wp-block-kadence-image kb-image_0291ba-11\"><figure class=\"aligncenter size-full\"><img loading=\"lazy\" decoding=\"async\" width=\"420\" height=\"250\" src=\"https:\/\/www.upjs.sk\/app\/uploads\/sites\/17\/2023\/02\/csirt-logo420-250.jpg\" alt=\"\" class=\"kb-img wp-image-14477\" srcset=\"https:\/\/www.upjs.sk\/app\/uploads\/sites\/17\/2023\/02\/csirt-logo420-250.jpg 420w, https:\/\/www.upjs.sk\/app\/uploads\/sites\/17\/2023\/02\/csirt-logo420-250-300x179.jpg 300w\" sizes=\"auto, (max-width: 420px) 100vw, 420px\" \/><figcaption>The first university <strong><a href=\"https:\/\/csirt.upjs.sk\/#\/\" target=\"_blank\" rel=\"noreferrer noopener\">CSIRT<\/a><\/strong> team in Slovakia was established at our workplace<\/figcaption><\/figure><\/div>\n<\/div><\/div>\n\n<\/div><\/div>\n\n<style>.wp-block-kadence-spacer.kt-block-spacer-_1e6f7d-b1 .kt-block-spacer{height:20px;}.wp-block-kadence-spacer.kt-block-spacer-_1e6f7d-b1 .kt-divider{border-top-width:1px;height:1px;border-top-color:#D6D6D6;width:100%;border-top-style:solid;}<\/style>\n<div class=\"wp-block-kadence-spacer alignnone kt-block-spacer-_1e6f7d-b1\"><div class=\"kt-block-spacer kt-block-spacer-halign-left\"><hr class=\"kt-divider\"\/><\/div><\/div>\n\n\n\n<p><mark style=\"background-color:#ffffff\" class=\"has-inline-color has-zakladna-modra-color\"><strong><span style=\"color: initial;\">\u00a0<\/span>Our tasks:<\/strong><\/mark><strong style=\"color: initial;\"><\/strong><\/p>\n\n\n\n<ul class=\"wp-block-list\">\n<li>We solve the problems of development of information technologies and communication systems.<\/li>\n\n\n\n<li>We provide the new trends of computer networks for academic community.<\/li>\n\n\n\n<li>We provide the consultancy, training and different courses.<\/li>\n\n\n\n<li>We co-operate with all departments of computer technologies of Pavol Jozef \u0160af\u00e1rik University in solving complex problems of information technologies and communication systems.<\/li>\n\n\n\n<li>We operate the different programme products in our university.<\/li>\n<\/ul>\n\n\n\n<p><\/p>\n\n\n\n<p><\/p>\n\n\n\n<p><\/p>\n","protected":false},"excerpt":{"rendered":"<p>Centre of Information and Communication Technologies of Pavol Jozef \u0160af\u00e1rik University is a university-wide information workplace that covers information and communication technology activities inside UPJ\u0160, but also externally in relation to its surroundings. \u00a0Our tasks:<\/p>\n","protected":false},"author":1,"featured_media":0,"parent":0,"menu_order":0,"comment_status":"closed","ping_status":"closed","template":"","meta":{"_acf_changed":false,"_editorskit_title_hidden":false,"_editorskit_reading_time":1,"_editorskit_is_block_options_detached":false,"_editorskit_block_options_position":"{}","footnotes":""},"categories":[],"tags":[],"class_list":["post-13976","page","type-page","status-publish","hentry"],"acf":{"acf_link_na_externy_obsah":""},"yoast_head":"<!-- This site is optimized with the Yoast SEO plugin v27.2 - https:\/\/yoast.com\/product\/yoast-seo-wordpress\/ -->\n<title>About us - Centrum informa\u010dn\u00fdch a komunika\u010dn\u00fdch technol\u00f3gi\u00ed | UPJ\u0160<\/title>\n<meta name=\"robots\" content=\"index, follow, max-snippet:-1, max-image-preview:large, max-video-preview:-1\" \/>\n<link rel=\"canonical\" href=\"https:\/\/www.upjs.sk\/pracoviska\/ciakt\/en\/about-us\/\" \/>\n<meta property=\"og:locale\" content=\"en_US\" \/>\n<meta property=\"og:type\" content=\"article\" \/>\n<meta property=\"og:title\" content=\"About us - Centrum informa\u010dn\u00fdch a komunika\u010dn\u00fdch technol\u00f3gi\u00ed | UPJ\u0160\" \/>\n<meta property=\"og:description\" content=\"Centre of Information and Communication Technologies of Pavol Jozef \u0160af\u00e1rik University is a university-wide information workplace that covers information and communication technology activities inside UPJ\u0160, but also externally in relation to its surroundings. \u00a0Our tasks:\" \/>\n<meta property=\"og:url\" content=\"https:\/\/www.upjs.sk\/pracoviska\/ciakt\/en\/about-us\/\" \/>\n<meta property=\"og:site_name\" content=\"Centrum informa\u010dn\u00fdch a komunika\u010dn\u00fdch technol\u00f3gi\u00ed | UPJ\u0160\" \/>\n<meta property=\"article:modified_time\" content=\"2023-04-21T08:16:20+00:00\" \/>\n<meta property=\"og:image\" content=\"https:\/\/www.upjs.sk\/app\/uploads\/sites\/17\/2023\/02\/AIS2-logo420-250.jpg\" \/>\n<meta name=\"twitter:card\" content=\"summary_large_image\" \/>\n<meta name=\"twitter:label1\" content=\"Est. reading time\" \/>\n\t<meta name=\"twitter:data1\" content=\"2 minutes\" \/>\n<script type=\"application\/ld+json\" class=\"yoast-schema-graph\">{\"@context\":\"https:\/\/schema.org\",\"@graph\":[{\"@type\":\"WebPage\",\"@id\":\"https:\/\/www.upjs.sk\/pracoviska\/ciakt\/en\/about-us\/\",\"url\":\"https:\/\/www.upjs.sk\/pracoviska\/ciakt\/en\/about-us\/\",\"name\":\"About us - Centrum informa\u010dn\u00fdch a komunika\u010dn\u00fdch technol\u00f3gi\u00ed | UPJ\u0160\",\"isPartOf\":{\"@id\":\"https:\/\/www.upjs.sk\/pracoviska\/ciakt\/en\/#website\"},\"primaryImageOfPage\":{\"@id\":\"https:\/\/www.upjs.sk\/pracoviska\/ciakt\/en\/about-us\/#primaryimage\"},\"image\":{\"@id\":\"https:\/\/www.upjs.sk\/pracoviska\/ciakt\/en\/about-us\/#primaryimage\"},\"thumbnailUrl\":\"https:\/\/www.upjs.sk\/app\/uploads\/sites\/17\/2023\/02\/AIS2-logo420-250.jpg\",\"datePublished\":\"2016-06-22T10:52:11+00:00\",\"dateModified\":\"2023-04-21T08:16:20+00:00\",\"breadcrumb\":{\"@id\":\"https:\/\/www.upjs.sk\/pracoviska\/ciakt\/en\/about-us\/#breadcrumb\"},\"inLanguage\":\"en-US\",\"potentialAction\":[{\"@type\":\"ReadAction\",\"target\":[\"https:\/\/www.upjs.sk\/pracoviska\/ciakt\/en\/about-us\/\"]}]},{\"@type\":\"ImageObject\",\"inLanguage\":\"en-US\",\"@id\":\"https:\/\/www.upjs.sk\/pracoviska\/ciakt\/en\/about-us\/#primaryimage\",\"url\":\"https:\/\/www.upjs.sk\/app\/uploads\/sites\/17\/2023\/02\/AIS2-logo420-250.jpg\",\"contentUrl\":\"https:\/\/www.upjs.sk\/app\/uploads\/sites\/17\/2023\/02\/AIS2-logo420-250.jpg\"},{\"@type\":\"BreadcrumbList\",\"@id\":\"https:\/\/www.upjs.sk\/pracoviska\/ciakt\/en\/about-us\/#breadcrumb\",\"itemListElement\":[{\"@type\":\"ListItem\",\"position\":1,\"name\":\"Home\",\"item\":\"https:\/\/www.upjs.sk\/pracoviska\/ciakt\/en\/\"},{\"@type\":\"ListItem\",\"position\":2,\"name\":\"About us\"}]},{\"@type\":\"WebSite\",\"@id\":\"https:\/\/www.upjs.sk\/pracoviska\/ciakt\/en\/#website\",\"url\":\"https:\/\/www.upjs.sk\/pracoviska\/ciakt\/en\/\",\"name\":\"Centrum informa\u010dn\u00fdch a komunika\u010dn\u00fdch technol\u00f3gi\u00ed | UPJ\u0160\",\"description\":\"\",\"publisher\":{\"@id\":\"https:\/\/www.upjs.sk\/pracoviska\/ciakt\/en\/#organization\"},\"potentialAction\":[{\"@type\":\"SearchAction\",\"target\":{\"@type\":\"EntryPoint\",\"urlTemplate\":\"https:\/\/www.upjs.sk\/pracoviska\/ciakt\/en\/?s={search_term_string}\"},\"query-input\":{\"@type\":\"PropertyValueSpecification\",\"valueRequired\":true,\"valueName\":\"search_term_string\"}}],\"inLanguage\":\"en-US\"},{\"@type\":\"Organization\",\"@id\":\"https:\/\/www.upjs.sk\/pracoviska\/ciakt\/en\/#organization\",\"name\":\"Centrum informa\u010dn\u00fdch a komunika\u010dn\u00fdch technol\u00f3gi\u00ed | UPJ\u0160\",\"url\":\"https:\/\/www.upjs.sk\/pracoviska\/ciakt\/en\/\",\"logo\":{\"@type\":\"ImageObject\",\"inLanguage\":\"en-US\",\"@id\":\"https:\/\/www.upjs.sk\/pracoviska\/ciakt\/en\/#\/schema\/logo\/image\/\",\"url\":\"https:\/\/www.upjs.sk\/app\/uploads\/sites\/17\/2023\/01\/CIaKT_ENG.svg\",\"contentUrl\":\"https:\/\/www.upjs.sk\/app\/uploads\/sites\/17\/2023\/01\/CIaKT_ENG.svg\",\"width\":500,\"height\":138,\"caption\":\"Centrum informa\u010dn\u00fdch a komunika\u010dn\u00fdch technol\u00f3gi\u00ed | UPJ\u0160\"},\"image\":{\"@id\":\"https:\/\/www.upjs.sk\/pracoviska\/ciakt\/en\/#\/schema\/logo\/image\/\"}}]}<\/script>\n<!-- \/ Yoast SEO plugin. -->","yoast_head_json":{"title":"About us - Centrum informa\u010dn\u00fdch a komunika\u010dn\u00fdch technol\u00f3gi\u00ed | UPJ\u0160","robots":{"index":"index","follow":"follow","max-snippet":"max-snippet:-1","max-image-preview":"max-image-preview:large","max-video-preview":"max-video-preview:-1"},"canonical":"https:\/\/www.upjs.sk\/pracoviska\/ciakt\/en\/about-us\/","og_locale":"en_US","og_type":"article","og_title":"About us - Centrum informa\u010dn\u00fdch a komunika\u010dn\u00fdch technol\u00f3gi\u00ed | UPJ\u0160","og_description":"Centre of Information and Communication Technologies of Pavol Jozef \u0160af\u00e1rik University is a university-wide information workplace that covers information and communication technology activities inside UPJ\u0160, but also externally in relation to its surroundings. \u00a0Our tasks:","og_url":"https:\/\/www.upjs.sk\/pracoviska\/ciakt\/en\/about-us\/","og_site_name":"Centrum informa\u010dn\u00fdch a komunika\u010dn\u00fdch technol\u00f3gi\u00ed | UPJ\u0160","article_modified_time":"2023-04-21T08:16:20+00:00","og_image":[{"url":"https:\/\/www.upjs.sk\/app\/uploads\/sites\/17\/2023\/02\/AIS2-logo420-250.jpg","type":"","width":"","height":""}],"twitter_card":"summary_large_image","twitter_misc":{"Est. reading time":"2 minutes"},"schema":{"@context":"https:\/\/schema.org","@graph":[{"@type":"WebPage","@id":"https:\/\/www.upjs.sk\/pracoviska\/ciakt\/en\/about-us\/","url":"https:\/\/www.upjs.sk\/pracoviska\/ciakt\/en\/about-us\/","name":"About us - Centrum informa\u010dn\u00fdch a komunika\u010dn\u00fdch technol\u00f3gi\u00ed | UPJ\u0160","isPartOf":{"@id":"https:\/\/www.upjs.sk\/pracoviska\/ciakt\/en\/#website"},"primaryImageOfPage":{"@id":"https:\/\/www.upjs.sk\/pracoviska\/ciakt\/en\/about-us\/#primaryimage"},"image":{"@id":"https:\/\/www.upjs.sk\/pracoviska\/ciakt\/en\/about-us\/#primaryimage"},"thumbnailUrl":"https:\/\/www.upjs.sk\/app\/uploads\/sites\/17\/2023\/02\/AIS2-logo420-250.jpg","datePublished":"2016-06-22T10:52:11+00:00","dateModified":"2023-04-21T08:16:20+00:00","breadcrumb":{"@id":"https:\/\/www.upjs.sk\/pracoviska\/ciakt\/en\/about-us\/#breadcrumb"},"inLanguage":"en-US","potentialAction":[{"@type":"ReadAction","target":["https:\/\/www.upjs.sk\/pracoviska\/ciakt\/en\/about-us\/"]}]},{"@type":"ImageObject","inLanguage":"en-US","@id":"https:\/\/www.upjs.sk\/pracoviska\/ciakt\/en\/about-us\/#primaryimage","url":"https:\/\/www.upjs.sk\/app\/uploads\/sites\/17\/2023\/02\/AIS2-logo420-250.jpg","contentUrl":"https:\/\/www.upjs.sk\/app\/uploads\/sites\/17\/2023\/02\/AIS2-logo420-250.jpg"},{"@type":"BreadcrumbList","@id":"https:\/\/www.upjs.sk\/pracoviska\/ciakt\/en\/about-us\/#breadcrumb","itemListElement":[{"@type":"ListItem","position":1,"name":"Home","item":"https:\/\/www.upjs.sk\/pracoviska\/ciakt\/en\/"},{"@type":"ListItem","position":2,"name":"About us"}]},{"@type":"WebSite","@id":"https:\/\/www.upjs.sk\/pracoviska\/ciakt\/en\/#website","url":"https:\/\/www.upjs.sk\/pracoviska\/ciakt\/en\/","name":"Centrum informa\u010dn\u00fdch a komunika\u010dn\u00fdch technol\u00f3gi\u00ed | UPJ\u0160","description":"","publisher":{"@id":"https:\/\/www.upjs.sk\/pracoviska\/ciakt\/en\/#organization"},"potentialAction":[{"@type":"SearchAction","target":{"@type":"EntryPoint","urlTemplate":"https:\/\/www.upjs.sk\/pracoviska\/ciakt\/en\/?s={search_term_string}"},"query-input":{"@type":"PropertyValueSpecification","valueRequired":true,"valueName":"search_term_string"}}],"inLanguage":"en-US"},{"@type":"Organization","@id":"https:\/\/www.upjs.sk\/pracoviska\/ciakt\/en\/#organization","name":"Centrum informa\u010dn\u00fdch a komunika\u010dn\u00fdch technol\u00f3gi\u00ed | UPJ\u0160","url":"https:\/\/www.upjs.sk\/pracoviska\/ciakt\/en\/","logo":{"@type":"ImageObject","inLanguage":"en-US","@id":"https:\/\/www.upjs.sk\/pracoviska\/ciakt\/en\/#\/schema\/logo\/image\/","url":"https:\/\/www.upjs.sk\/app\/uploads\/sites\/17\/2023\/01\/CIaKT_ENG.svg","contentUrl":"https:\/\/www.upjs.sk\/app\/uploads\/sites\/17\/2023\/01\/CIaKT_ENG.svg","width":500,"height":138,"caption":"Centrum informa\u010dn\u00fdch a komunika\u010dn\u00fdch technol\u00f3gi\u00ed | UPJ\u0160"},"image":{"@id":"https:\/\/www.upjs.sk\/pracoviska\/ciakt\/en\/#\/schema\/logo\/image\/"}}]}},"_links":{"self":[{"href":"https:\/\/www.upjs.sk\/pracoviska\/ciakt\/en\/wp-json\/wp\/v2\/pages\/13976","targetHints":{"allow":["GET"]}}],"collection":[{"href":"https:\/\/www.upjs.sk\/pracoviska\/ciakt\/en\/wp-json\/wp\/v2\/pages"}],"about":[{"href":"https:\/\/www.upjs.sk\/pracoviska\/ciakt\/en\/wp-json\/wp\/v2\/types\/page"}],"author":[{"embeddable":true,"href":"https:\/\/www.upjs.sk\/pracoviska\/ciakt\/en\/wp-json\/wp\/v2\/users\/1"}],"replies":[{"embeddable":true,"href":"https:\/\/www.upjs.sk\/pracoviska\/ciakt\/en\/wp-json\/wp\/v2\/comments?post=13976"}],"version-history":[{"count":5,"href":"https:\/\/www.upjs.sk\/pracoviska\/ciakt\/en\/wp-json\/wp\/v2\/pages\/13976\/revisions"}],"predecessor-version":[{"id":14695,"href":"https:\/\/www.upjs.sk\/pracoviska\/ciakt\/en\/wp-json\/wp\/v2\/pages\/13976\/revisions\/14695"}],"wp:attachment":[{"href":"https:\/\/www.upjs.sk\/pracoviska\/ciakt\/en\/wp-json\/wp\/v2\/media?parent=13976"}],"wp:term":[{"taxonomy":"category","embeddable":true,"href":"https:\/\/www.upjs.sk\/pracoviska\/ciakt\/en\/wp-json\/wp\/v2\/categories?post=13976"},{"taxonomy":"post_tag","embeddable":true,"href":"https:\/\/www.upjs.sk\/pracoviska\/ciakt\/en\/wp-json\/wp\/v2\/tags?post=13976"}],"curies":[{"name":"wp","href":"https:\/\/api.w.org\/{rel}","templated":true}]}}