{"id":13987,"date":"2021-06-23T22:07:41","date_gmt":"2021-06-23T22:07:41","guid":{"rendered":"https:\/\/www.upjs.sk\/pracoviska\/ciakt\/how-to\/contacts\/"},"modified":"2023-04-19T09:07:38","modified_gmt":"2023-04-19T09:07:38","slug":"contacts","status":"publish","type":"page","link":"https:\/\/www.upjs.sk\/pracoviska\/ciakt\/en\/how-to\/contacts\/","title":{"rendered":"Helpdesk &#8211; contacts"},"content":{"rendered":"\n<figure class=\"wp-block-table is-style-stripes\"><table class=\"has-fixed-layout\"><thead><tr><th class=\"has-text-align-left\" data-align=\"left\"><strong><mark style=\"background-color:rgba(0, 0, 0, 0)\" class=\"has-inline-color has-zakladna-zlata-color\">Area<\/mark><\/strong>  <strong><mark style=\"background-color:rgba(0, 0, 0, 0)\" class=\"has-inline-color has-zakladna-modra-color\">System<\/mark><\/strong><\/th><th class=\"has-text-align-left\" data-align=\"left\"><strong><mark style=\"background-color:rgba(0, 0, 0, 0)\" class=\"has-inline-color has-zakladna-modra-color\">Contact email<\/mark><\/strong><\/th><th class=\"has-text-align-left\" data-align=\"left\"><strong><mark style=\"background-color:rgba(0, 0, 0, 0)\" class=\"has-inline-color has-zakladna-modra-color\">Description<\/mark><\/strong><\/th><\/tr><\/thead><tbody><tr><td class=\"has-text-align-left\" data-align=\"left\"><strong><mark style=\"background-color:rgba(0, 0, 0, 0)\" class=\"has-inline-color has-zakladna-zlata-color\">IS administration<\/mark><\/strong><br>Sofia, System of attendance, Access<\/td><td class=\"has-text-align-left\" data-align=\"left\">IS@upjs.sk<\/td><td class=\"has-text-align-left\" data-align=\"left\">Support for modules of the economics system: HR, FI, PSM, TM, AM, MM, System of attendance, Access<\/td><\/tr><tr><td class=\"has-text-align-left\" data-align=\"left\"><strong><mark style=\"background-color:rgba(0, 0, 0, 0)\" class=\"has-inline-color has-zakladna-zlata-color\">AIO administration<\/mark><\/strong><br>EMStudent, CardPay<\/td><td class=\"has-text-align-left\" data-align=\"left\">AIO@upjs.sk<\/td><td class=\"has-text-align-left\" data-align=\"left\">Support for Administration of Personal Identification Cards and Canteens system<\/td><\/tr><tr><td class=\"has-text-align-left\" data-align=\"left\"><strong><mark style=\"background-color:rgba(0, 0, 0, 0)\" class=\"has-inline-color has-zakladna-zlata-color\">Web administration<\/mark><\/strong><br>Web pages of UPJ\u0160<\/td><td class=\"has-text-align-left\" data-align=\"left\">webmaster@upjs.sk<br>PRAVF-webmaster@upjs.sk<br>FF-webmaster@upjs.sk<br>PF-webmaster@upjs.sk<br>LF-webmaster@upjs.sk<br>FVS-webmaster@upjs.sk<br>UK-webmaster@upjs.sk<\/td><td class=\"has-text-align-left\" data-align=\"left\">Support for university webpages<\/td><\/tr><tr><td class=\"has-text-align-left\" data-align=\"left\"><strong><mark style=\"background-color:rgba(0, 0, 0, 0)\" class=\"has-inline-color has-zakladna-zlata-color\">AIS administration<\/mark><\/strong><br>AIS \u2013 Academic Information System<\/td><td class=\"has-text-align-left\" data-align=\"left\">PRAVF-ais@upjs.sk<br>FF-ais@upjs.sk<br>PF-ais@upjs.sk<br>LF-ais@upjs.sk<br>FVS-ais@upjs.sk<br>REK-ais@upjs.sk<\/td><td class=\"has-text-align-left\" data-align=\"left\">Support for Academic Information System, by faculty and rectorate<\/td><\/tr><tr><td class=\"has-text-align-left\" data-align=\"left\"><strong><mark style=\"background-color:rgba(0, 0, 0, 0)\" class=\"has-inline-color has-zakladna-zlata-color\">Email administration<\/mark><\/strong><br>E-mail<\/td><td class=\"has-text-align-left\" data-align=\"left\">PRAVF-email@upjs.sk<br>FF-email@upjs.sk<br>PF-email@upjs.sk<br>LF-email@upjs.sk<br>FVS-email@upjs.sk<br>REK-email@upjs.sk<\/td><td class=\"has-text-align-left\" data-align=\"left\">Support for university email, by faculty and rectorate<\/td><\/tr><tr><td class=\"has-text-align-left\" data-align=\"left\"><strong><mark style=\"background-color:rgba(0, 0, 0, 0)\" class=\"has-inline-color has-zakladna-zlata-color\">PC administration<\/mark><\/strong><br>Windows OS<\/td><td class=\"has-text-align-left\" data-align=\"left\">PRAVF-podpora@upjs.sk<br>FF-podpora@upjs.sk<br>PF-podpora@upjs.sk<br>LF-podpora@upjs.sk<br>FVS-podpora@upjs.sk<br>REK-podpora@upjs.sk<\/td><td class=\"has-text-align-left\" data-align=\"left\">Maintenance of local computers, by faculty and rectorate<\/td><\/tr><tr><td class=\"has-text-align-left\" data-align=\"left\"><strong><mark style=\"background-color:rgba(0, 0, 0, 0)\" class=\"has-inline-color has-zakladna-zlata-color\">Network and server administration<br>a serverov<\/mark><\/strong><br>SAUNET, SANET<\/td><td class=\"has-text-align-left\" data-align=\"left\">servis@upjs.sk<\/td><td class=\"has-text-align-left\" data-align=\"left\">Support for the common university network and the server\u2019s infrastructure<\/td><\/tr><tr><td class=\"has-text-align-left\" data-align=\"left\"><strong><mark style=\"background-color:rgba(0, 0, 0, 0)\" class=\"has-inline-color has-zakladna-zlata-color\">Publication of contracts<\/mark><\/strong><\/td><td class=\"has-text-align-left\" data-align=\"left\">zverejnenie_upa@upjs.sk<\/td><td class=\"has-text-align-left\" data-align=\"left\">Mandatory publication of documents on the website<\/td><\/tr><tr><td class=\"has-text-align-left\" data-align=\"left\"><strong><mark style=\"background-color:rgba(0, 0, 0, 0)\" class=\"has-inline-color has-zakladna-zlata-color\">Events<\/mark><\/strong><\/td><td class=\"has-text-align-left\" data-align=\"left\">akcie-rektorat@upjs.sk<\/td><td class=\"has-text-align-left\" data-align=\"left\">Technical and operation support for event in the rectorate hall<\/td><\/tr><\/tbody><\/table><\/figure>\n\n\n\n<p class=\"has-text-align-left\"><span style=\"background: transparent;\"><span style=\"line-height: 108%;\"><span style=\"orphans: 2;\"><span style=\"widows: 2;\"><span style=\"color: #484848;\"><span style=\"font-family: Calibri,serif;\"><span style=\"font-size: medium;\"><span style=\"font-size: 12pt;\"><span style=\"font-style: normal;\"><span style=\"font-weight: normal;\">Email prefix:<\/span><\/span><\/span><\/span><\/span><\/span><\/span><\/span><\/span><\/span><\/p>\n\n\n\n<p class=\"has-text-align-left\"><span style=\"background: transparent;\"><span style=\"line-height: 108%;\"><span style=\"orphans: 2;\"><span style=\"widows: 2;\"><span style=\"color: #484848;\"><span style=\"font-family: Calibri,serif;\"><span style=\"font-size: medium;\"><span style=\"font-size: 12pt;\"><span style=\"font-style: normal;\"><span style=\"font-weight: normal;\">PRAVF \u2013 Faculty of Law<\/span><\/span><\/span><\/span><\/span><\/span><br><span style=\"color: #484848;\"><span style=\"font-family: Calibri,serif;\"><span style=\"font-size: medium;\"><span style=\"font-size: 12pt;\"><span style=\"font-style: normal;\"><span style=\"font-weight: normal;\">FF \u2013 Faculty o Arts<\/span><\/span><\/span><\/span><\/span><\/span><br><span style=\"color: #484848;\"><span style=\"font-family: Calibri,serif;\"><span style=\"font-size: medium;\"><span style=\"font-size: 12pt;\"><span style=\"font-style: normal;\"><span style=\"font-weight: normal;\">PF \u2013 Faculty of Science<\/span><\/span><\/span><\/span><\/span><\/span><br><span style=\"color: #484848;\"><span style=\"font-family: Calibri,serif;\"><span style=\"font-size: medium;\"><span style=\"font-size: 12pt;\"><span style=\"font-style: normal;\"><span style=\"font-weight: normal;\">LF \u2013 Faculty of Medicine<\/span><\/span><\/span><\/span><\/span><\/span><br><span style=\"color: #484848;\"><span style=\"font-family: Calibri,serif;\"><span style=\"font-size: medium;\"><span style=\"font-size: 12pt;\"><span style=\"font-style: normal;\"><span style=\"font-weight: normal;\">FVS \u2013 Faculty of Public Administrat<\/span><\/span><\/span><\/span><\/span><\/span><span style=\"color: #484848;\"><span style=\"font-family: Calibri,serif;\"><span style=\"font-size: medium;\"><span style=\"font-size: 12pt;\"><span style=\"font-style: normal;\"><span style=\"font-weight: normal;\">i<\/span><\/span><\/span><\/span><\/span><\/span><span style=\"color: #484848;\"><span style=\"font-family: Calibri,serif;\"><span style=\"font-size: medium;\"><span style=\"font-size: 12pt;\"><span style=\"font-style: normal;\"><span style=\"font-weight: normal;\">on<\/span><\/span><\/span><\/span><\/span><\/span><br><span style=\"color: #484848;\"><span style=\"font-family: Calibri,serif;\"><span style=\"font-size: medium;\"><span style=\"font-size: 12pt;\"><span style=\"font-style: normal;\"><span style=\"font-weight: normal;\">REK<\/span><\/span><\/span><\/span><\/span><\/span><span style=\"color: #484848;\"><span style=\"font-family: Calibri,serif;\"><span style=\"font-size: medium;\"><span style=\"font-size: 12pt;\"><span style=\"font-style: normal;\"><span style=\"font-weight: normal;\"> &#8211; Rectorate<br>UK &#8211; University Library<\/span><\/span><\/span><\/span><\/span><\/span><\/span><\/span><\/span><\/span><\/p>\n\n\n\n<p>Requests to IT admins are allowed only from university email.<\/p>\n","protected":false},"excerpt":{"rendered":"<p>Area System Contact email Description IS administrationSofia, System of attendance, Access IS@upjs.sk Support for modules of the economics system: HR, FI, PSM, TM, AM, MM, System of attendance, Access AIO administrationEMStudent, CardPay AIO@upjs.sk Support for Administration of Personal Identification Cards and Canteens system Web administrationWeb pages of UPJ\u0160 webmaster@upjs.skPRAVF-webmaster@upjs.skFF-webmaster@upjs.skPF-webmaster@upjs.skLF-webmaster@upjs.skFVS-webmaster@upjs.skUK-webmaster@upjs.sk Support for university webpages AIS administrationAIS &hellip; <a href=\"https:\/\/www.upjs.sk\/pracoviska\/ciakt\/en\/how-to\/contacts\/\">Continued<\/a><\/p>\n","protected":false},"author":1,"featured_media":0,"parent":13977,"menu_order":1,"comment_status":"closed","ping_status":"closed","template":"","meta":{"_acf_changed":false,"_editorskit_title_hidden":false,"_editorskit_reading_time":1,"_editorskit_is_block_options_detached":false,"_editorskit_block_options_position":"{}","footnotes":""},"categories":[],"tags":[],"class_list":["post-13987","page","type-page","status-publish","hentry"],"acf":{"acf_link_na_externy_obsah":""},"yoast_head":"<!-- This site is optimized with the Yoast SEO plugin v27.2 - https:\/\/yoast.com\/product\/yoast-seo-wordpress\/ -->\n<title>Helpdesk - contacts - Centrum informa\u010dn\u00fdch a komunika\u010dn\u00fdch technol\u00f3gi\u00ed | UPJ\u0160<\/title>\n<meta name=\"robots\" content=\"index, follow, max-snippet:-1, max-image-preview:large, max-video-preview:-1\" \/>\n<link rel=\"canonical\" href=\"https:\/\/www.upjs.sk\/pracoviska\/ciakt\/en\/how-to\/contacts\/\" \/>\n<meta property=\"og:locale\" content=\"en_US\" \/>\n<meta property=\"og:type\" content=\"article\" \/>\n<meta property=\"og:title\" content=\"Helpdesk - contacts - Centrum informa\u010dn\u00fdch a komunika\u010dn\u00fdch technol\u00f3gi\u00ed | UPJ\u0160\" \/>\n<meta property=\"og:description\" content=\"Area System Contact email Description IS administrationSofia, System of attendance, Access IS@upjs.sk Support for modules of the economics system: HR, FI, PSM, TM, AM, MM, System of attendance, Access AIO administrationEMStudent, CardPay AIO@upjs.sk Support for Administration of Personal Identification Cards and Canteens system Web administrationWeb pages of UPJ\u0160 webmaster@upjs.skPRAVF-webmaster@upjs.skFF-webmaster@upjs.skPF-webmaster@upjs.skLF-webmaster@upjs.skFVS-webmaster@upjs.skUK-webmaster@upjs.sk Support for university webpages AIS administrationAIS &hellip; Continued\" \/>\n<meta property=\"og:url\" content=\"https:\/\/www.upjs.sk\/pracoviska\/ciakt\/en\/how-to\/contacts\/\" \/>\n<meta property=\"og:site_name\" content=\"Centrum informa\u010dn\u00fdch a komunika\u010dn\u00fdch technol\u00f3gi\u00ed | UPJ\u0160\" \/>\n<meta property=\"article:modified_time\" content=\"2023-04-19T09:07:38+00:00\" \/>\n<meta name=\"twitter:card\" content=\"summary_large_image\" \/>\n<meta name=\"twitter:label1\" content=\"Est. reading time\" \/>\n\t<meta name=\"twitter:data1\" content=\"2 minutes\" \/>\n<script type=\"application\/ld+json\" class=\"yoast-schema-graph\">{\"@context\":\"https:\/\/schema.org\",\"@graph\":[{\"@type\":\"WebPage\",\"@id\":\"https:\/\/www.upjs.sk\/pracoviska\/ciakt\/en\/how-to\/contacts\/\",\"url\":\"https:\/\/www.upjs.sk\/pracoviska\/ciakt\/en\/how-to\/contacts\/\",\"name\":\"Helpdesk - contacts - Centrum informa\u010dn\u00fdch a komunika\u010dn\u00fdch technol\u00f3gi\u00ed | UPJ\u0160\",\"isPartOf\":{\"@id\":\"https:\/\/www.upjs.sk\/pracoviska\/ciakt\/en\/#website\"},\"datePublished\":\"2021-06-23T22:07:41+00:00\",\"dateModified\":\"2023-04-19T09:07:38+00:00\",\"breadcrumb\":{\"@id\":\"https:\/\/www.upjs.sk\/pracoviska\/ciakt\/en\/how-to\/contacts\/#breadcrumb\"},\"inLanguage\":\"en-US\",\"potentialAction\":[{\"@type\":\"ReadAction\",\"target\":[\"https:\/\/www.upjs.sk\/pracoviska\/ciakt\/en\/how-to\/contacts\/\"]}]},{\"@type\":\"BreadcrumbList\",\"@id\":\"https:\/\/www.upjs.sk\/pracoviska\/ciakt\/en\/how-to\/contacts\/#breadcrumb\",\"itemListElement\":[{\"@type\":\"ListItem\",\"position\":1,\"name\":\"Home\",\"item\":\"https:\/\/www.upjs.sk\/pracoviska\/ciakt\/en\/\"},{\"@type\":\"ListItem\",\"position\":2,\"name\":\"How-to\",\"item\":\"https:\/\/www.upjs.sk\/pracoviska\/ciakt\/en\/how-to\/\"},{\"@type\":\"ListItem\",\"position\":3,\"name\":\"Helpdesk &#8211; contacts\"}]},{\"@type\":\"WebSite\",\"@id\":\"https:\/\/www.upjs.sk\/pracoviska\/ciakt\/en\/#website\",\"url\":\"https:\/\/www.upjs.sk\/pracoviska\/ciakt\/en\/\",\"name\":\"Centrum informa\u010dn\u00fdch a komunika\u010dn\u00fdch technol\u00f3gi\u00ed | UPJ\u0160\",\"description\":\"\",\"publisher\":{\"@id\":\"https:\/\/www.upjs.sk\/pracoviska\/ciakt\/en\/#organization\"},\"potentialAction\":[{\"@type\":\"SearchAction\",\"target\":{\"@type\":\"EntryPoint\",\"urlTemplate\":\"https:\/\/www.upjs.sk\/pracoviska\/ciakt\/en\/?s={search_term_string}\"},\"query-input\":{\"@type\":\"PropertyValueSpecification\",\"valueRequired\":true,\"valueName\":\"search_term_string\"}}],\"inLanguage\":\"en-US\"},{\"@type\":\"Organization\",\"@id\":\"https:\/\/www.upjs.sk\/pracoviska\/ciakt\/en\/#organization\",\"name\":\"Centrum informa\u010dn\u00fdch a komunika\u010dn\u00fdch technol\u00f3gi\u00ed | UPJ\u0160\",\"url\":\"https:\/\/www.upjs.sk\/pracoviska\/ciakt\/en\/\",\"logo\":{\"@type\":\"ImageObject\",\"inLanguage\":\"en-US\",\"@id\":\"https:\/\/www.upjs.sk\/pracoviska\/ciakt\/en\/#\/schema\/logo\/image\/\",\"url\":\"https:\/\/www.upjs.sk\/app\/uploads\/sites\/17\/2023\/01\/CIaKT_ENG.svg\",\"contentUrl\":\"https:\/\/www.upjs.sk\/app\/uploads\/sites\/17\/2023\/01\/CIaKT_ENG.svg\",\"width\":500,\"height\":138,\"caption\":\"Centrum informa\u010dn\u00fdch a komunika\u010dn\u00fdch technol\u00f3gi\u00ed | UPJ\u0160\"},\"image\":{\"@id\":\"https:\/\/www.upjs.sk\/pracoviska\/ciakt\/en\/#\/schema\/logo\/image\/\"}}]}<\/script>\n<!-- \/ Yoast SEO plugin. -->","yoast_head_json":{"title":"Helpdesk - contacts - Centrum informa\u010dn\u00fdch a komunika\u010dn\u00fdch technol\u00f3gi\u00ed | UPJ\u0160","robots":{"index":"index","follow":"follow","max-snippet":"max-snippet:-1","max-image-preview":"max-image-preview:large","max-video-preview":"max-video-preview:-1"},"canonical":"https:\/\/www.upjs.sk\/pracoviska\/ciakt\/en\/how-to\/contacts\/","og_locale":"en_US","og_type":"article","og_title":"Helpdesk - contacts - Centrum informa\u010dn\u00fdch a komunika\u010dn\u00fdch technol\u00f3gi\u00ed | UPJ\u0160","og_description":"Area System Contact email Description IS administrationSofia, System of attendance, Access IS@upjs.sk Support for modules of the economics system: HR, FI, PSM, TM, AM, MM, System of attendance, Access AIO administrationEMStudent, CardPay AIO@upjs.sk Support for Administration of Personal Identification Cards and Canteens system Web administrationWeb pages of UPJ\u0160 webmaster@upjs.skPRAVF-webmaster@upjs.skFF-webmaster@upjs.skPF-webmaster@upjs.skLF-webmaster@upjs.skFVS-webmaster@upjs.skUK-webmaster@upjs.sk Support for university webpages AIS administrationAIS &hellip; Continued","og_url":"https:\/\/www.upjs.sk\/pracoviska\/ciakt\/en\/how-to\/contacts\/","og_site_name":"Centrum informa\u010dn\u00fdch a komunika\u010dn\u00fdch technol\u00f3gi\u00ed | UPJ\u0160","article_modified_time":"2023-04-19T09:07:38+00:00","twitter_card":"summary_large_image","twitter_misc":{"Est. reading time":"2 minutes"},"schema":{"@context":"https:\/\/schema.org","@graph":[{"@type":"WebPage","@id":"https:\/\/www.upjs.sk\/pracoviska\/ciakt\/en\/how-to\/contacts\/","url":"https:\/\/www.upjs.sk\/pracoviska\/ciakt\/en\/how-to\/contacts\/","name":"Helpdesk - contacts - Centrum informa\u010dn\u00fdch a komunika\u010dn\u00fdch technol\u00f3gi\u00ed | UPJ\u0160","isPartOf":{"@id":"https:\/\/www.upjs.sk\/pracoviska\/ciakt\/en\/#website"},"datePublished":"2021-06-23T22:07:41+00:00","dateModified":"2023-04-19T09:07:38+00:00","breadcrumb":{"@id":"https:\/\/www.upjs.sk\/pracoviska\/ciakt\/en\/how-to\/contacts\/#breadcrumb"},"inLanguage":"en-US","potentialAction":[{"@type":"ReadAction","target":["https:\/\/www.upjs.sk\/pracoviska\/ciakt\/en\/how-to\/contacts\/"]}]},{"@type":"BreadcrumbList","@id":"https:\/\/www.upjs.sk\/pracoviska\/ciakt\/en\/how-to\/contacts\/#breadcrumb","itemListElement":[{"@type":"ListItem","position":1,"name":"Home","item":"https:\/\/www.upjs.sk\/pracoviska\/ciakt\/en\/"},{"@type":"ListItem","position":2,"name":"How-to","item":"https:\/\/www.upjs.sk\/pracoviska\/ciakt\/en\/how-to\/"},{"@type":"ListItem","position":3,"name":"Helpdesk &#8211; contacts"}]},{"@type":"WebSite","@id":"https:\/\/www.upjs.sk\/pracoviska\/ciakt\/en\/#website","url":"https:\/\/www.upjs.sk\/pracoviska\/ciakt\/en\/","name":"Centrum informa\u010dn\u00fdch a komunika\u010dn\u00fdch technol\u00f3gi\u00ed | UPJ\u0160","description":"","publisher":{"@id":"https:\/\/www.upjs.sk\/pracoviska\/ciakt\/en\/#organization"},"potentialAction":[{"@type":"SearchAction","target":{"@type":"EntryPoint","urlTemplate":"https:\/\/www.upjs.sk\/pracoviska\/ciakt\/en\/?s={search_term_string}"},"query-input":{"@type":"PropertyValueSpecification","valueRequired":true,"valueName":"search_term_string"}}],"inLanguage":"en-US"},{"@type":"Organization","@id":"https:\/\/www.upjs.sk\/pracoviska\/ciakt\/en\/#organization","name":"Centrum informa\u010dn\u00fdch a komunika\u010dn\u00fdch technol\u00f3gi\u00ed | UPJ\u0160","url":"https:\/\/www.upjs.sk\/pracoviska\/ciakt\/en\/","logo":{"@type":"ImageObject","inLanguage":"en-US","@id":"https:\/\/www.upjs.sk\/pracoviska\/ciakt\/en\/#\/schema\/logo\/image\/","url":"https:\/\/www.upjs.sk\/app\/uploads\/sites\/17\/2023\/01\/CIaKT_ENG.svg","contentUrl":"https:\/\/www.upjs.sk\/app\/uploads\/sites\/17\/2023\/01\/CIaKT_ENG.svg","width":500,"height":138,"caption":"Centrum informa\u010dn\u00fdch a komunika\u010dn\u00fdch technol\u00f3gi\u00ed | UPJ\u0160"},"image":{"@id":"https:\/\/www.upjs.sk\/pracoviska\/ciakt\/en\/#\/schema\/logo\/image\/"}}]}},"_links":{"self":[{"href":"https:\/\/www.upjs.sk\/pracoviska\/ciakt\/en\/wp-json\/wp\/v2\/pages\/13987","targetHints":{"allow":["GET"]}}],"collection":[{"href":"https:\/\/www.upjs.sk\/pracoviska\/ciakt\/en\/wp-json\/wp\/v2\/pages"}],"about":[{"href":"https:\/\/www.upjs.sk\/pracoviska\/ciakt\/en\/wp-json\/wp\/v2\/types\/page"}],"author":[{"embeddable":true,"href":"https:\/\/www.upjs.sk\/pracoviska\/ciakt\/en\/wp-json\/wp\/v2\/users\/1"}],"replies":[{"embeddable":true,"href":"https:\/\/www.upjs.sk\/pracoviska\/ciakt\/en\/wp-json\/wp\/v2\/comments?post=13987"}],"version-history":[{"count":18,"href":"https:\/\/www.upjs.sk\/pracoviska\/ciakt\/en\/wp-json\/wp\/v2\/pages\/13987\/revisions"}],"predecessor-version":[{"id":14684,"href":"https:\/\/www.upjs.sk\/pracoviska\/ciakt\/en\/wp-json\/wp\/v2\/pages\/13987\/revisions\/14684"}],"up":[{"embeddable":true,"href":"https:\/\/www.upjs.sk\/pracoviska\/ciakt\/en\/wp-json\/wp\/v2\/pages\/13977"}],"wp:attachment":[{"href":"https:\/\/www.upjs.sk\/pracoviska\/ciakt\/en\/wp-json\/wp\/v2\/media?parent=13987"}],"wp:term":[{"taxonomy":"category","embeddable":true,"href":"https:\/\/www.upjs.sk\/pracoviska\/ciakt\/en\/wp-json\/wp\/v2\/categories?post=13987"},{"taxonomy":"post_tag","embeddable":true,"href":"https:\/\/www.upjs.sk\/pracoviska\/ciakt\/en\/wp-json\/wp\/v2\/tags?post=13987"}],"curies":[{"name":"wp","href":"https:\/\/api.w.org\/{rel}","templated":true}]}}