{"id":14009,"date":"2022-09-20T21:58:25","date_gmt":"2022-09-20T21:58:25","guid":{"rendered":"https:\/\/www.upjs.sk\/pracoviska\/ciakt\/how-to\/vpn\/openvpn-windows10\/"},"modified":"2024-06-17T12:17:33","modified_gmt":"2024-06-17T12:17:33","slug":"openvpn-windows10","status":"publish","type":"page","link":"https:\/\/www.upjs.sk\/pracoviska\/ciakt\/en\/how-to\/vpn\/openvpn-windows10\/","title":{"rendered":"How to setup OpenVPN client for Windows"},"content":{"rendered":"<h3><a style=\"box-sizing: inherit; background-color: transparent; color: #cf8739; text-decoration-line: none; font-size: 16px;\" href=\"https:\/\/www.upjs.sk\/navody\/vpn\/openvpn-windows10\/\">Slovak version<\/a><\/h3>\n<ol>\n<li>You must have access credentials setup for WiFi network of proxy service. You can setup <a href=\"http:\/\/www.upjs.sk\/navody\/wifi\/ako-si-nastavit-heslo\">here<\/a><\/li>\n<li>Run installation of\u00a0<a href=\"https:\/\/wifi.upjs.sk\/openvpn\/UPJS-OpenVPN.exe\">UPJ\u0160 openvpn client<\/a>.<\/li>\n<li>During the installation you must confirm\u00a0(<strong>More info<\/strong>)<br \/>\n<img decoding=\"async\" style=\"height: 338px; width: 600px;\" src=\"https:\/\/www.upjs.sk\/app\/uploads\/sites\/17\/2022\/11\/openvpn_w10_en_1.jpg\" alt=\"\" \/><\/li>\n<li>During the installation you must confirm (<strong>Run anyway<\/strong>)<br \/>\n<img decoding=\"async\" style=\"height: 338px; width: 600px;\" src=\"https:\/\/www.upjs.sk\/app\/uploads\/sites\/17\/2022\/11\/openvpn_w10_en_2.jpg\" alt=\"\" \/><\/li>\n<li>In next step of installation you must confirm\u00a0(in some cases enter administrator password): <strong>Yes<\/strong><br \/>\n<img decoding=\"async\" style=\"height: 338px; width: 600px;\" src=\"https:\/\/www.upjs.sk\/app\/uploads\/sites\/17\/2022\/11\/openvpn_w10_en_3.jpg\" alt=\"\" \/><\/li>\n<li>Now client will install<br \/>\n<img decoding=\"async\" style=\"height: 338px; width: 600px;\" src=\"https:\/\/www.upjs.sk\/app\/uploads\/sites\/17\/2022\/11\/openvpn_w10_en_4.jpg\" alt=\"\" \/><\/li>\n<li>After installation on desktop there is a new icon:\u00a0<strong>OpenVPN GUI<br \/>\n<img decoding=\"async\" style=\"height: 338px; width: 600px;\" src=\"https:\/\/www.upjs.sk\/app\/uploads\/sites\/17\/2022\/11\/openvpn_w10_en_5.jpg\" alt=\"\" \/><\/strong><\/li>\n<li>After click on icon\u00a0<strong>OpenVPN GUI , <\/strong>a new icon will be created at the left down\u00a0(if you dont see icon, than icon is just hidden, so click on arrow up).After running a OpenVPN this icon became a yellow and dialog request enter you login\u00a0(login@upjs.sk &#8211; same as you use when using a WiFi)\u00a0and password\u00a0(same as you use when using a WiFi).<br \/>\n<img decoding=\"async\" style=\"height: 338px; width: 600px;\" src=\"https:\/\/www.upjs.sk\/app\/uploads\/sites\/17\/2022\/11\/openvpn_w10_en_6.jpg\" alt=\"\" \/><\/li>\n<li>After you succesfull connect to OpenVPN network you icon of OpenVPN became green<br \/>\n<img decoding=\"async\" style=\"height: 338px; width: 601px;\" src=\"https:\/\/www.upjs.sk\/app\/uploads\/sites\/17\/2022\/11\/openvpn_w10_en_7.jpg\" alt=\"\" \/><\/li>\n<\/ol>\n","protected":false},"excerpt":{"rendered":"<p>Slovak version You must have access credentials setup for WiFi network of proxy service. You can setup here Run installation of\u00a0UPJ\u0160 openvpn client. During the installation you must confirm\u00a0(More info) During the installation you must confirm (Run anyway) In next step of installation you must confirm\u00a0(in some cases enter administrator password): Yes Now client will &hellip; <a href=\"https:\/\/www.upjs.sk\/pracoviska\/ciakt\/en\/how-to\/vpn\/openvpn-windows10\/\">Continued<\/a><\/p>\n","protected":false},"author":1,"featured_media":14010,"parent":14008,"menu_order":0,"comment_status":"closed","ping_status":"closed","template":"","meta":{"_acf_changed":false,"_editorskit_title_hidden":false,"_editorskit_reading_time":0,"_editorskit_is_block_options_detached":false,"_editorskit_block_options_position":"{}","footnotes":""},"categories":[],"tags":[],"class_list":["post-14009","page","type-page","status-publish","has-post-thumbnail","hentry"],"acf":{"acf_link_na_externy_obsah":""},"yoast_head":"<!-- This site is optimized with the Yoast SEO plugin v27.4 - https:\/\/yoast.com\/product\/yoast-seo-wordpress\/ -->\n<title>How to setup OpenVPN client for Windows - Centrum informa\u010dn\u00fdch a komunika\u010dn\u00fdch technol\u00f3gi\u00ed | UPJ\u0160<\/title>\n<meta name=\"robots\" content=\"index, follow, max-snippet:-1, max-image-preview:large, max-video-preview:-1\" \/>\n<link rel=\"canonical\" href=\"https:\/\/www.upjs.sk\/pracoviska\/ciakt\/en\/how-to\/vpn\/openvpn-windows10\/\" \/>\n<meta property=\"og:locale\" content=\"en_US\" \/>\n<meta property=\"og:type\" content=\"article\" \/>\n<meta property=\"og:title\" content=\"How to setup OpenVPN client for Windows - Centrum informa\u010dn\u00fdch a komunika\u010dn\u00fdch technol\u00f3gi\u00ed | UPJ\u0160\" \/>\n<meta property=\"og:description\" content=\"Slovak version You must have access credentials setup for WiFi network of proxy service. You can setup here Run installation of\u00a0UPJ\u0160 openvpn client. During the installation you must confirm\u00a0(More info) During the installation you must confirm (Run anyway) In next step of installation you must confirm\u00a0(in some cases enter administrator password): Yes Now client will &hellip; Continued\" \/>\n<meta property=\"og:url\" content=\"https:\/\/www.upjs.sk\/pracoviska\/ciakt\/en\/how-to\/vpn\/openvpn-windows10\/\" \/>\n<meta property=\"og:site_name\" content=\"Centrum informa\u010dn\u00fdch a komunika\u010dn\u00fdch technol\u00f3gi\u00ed | UPJ\u0160\" \/>\n<meta property=\"article:modified_time\" content=\"2024-06-17T12:17:33+00:00\" \/>\n<meta property=\"og:image\" content=\"https:\/\/www.upjs.sk\/app\/uploads\/sites\/17\/2022\/11\/openvpn_w10_en_1.jpg\" \/>\n\t<meta property=\"og:image:width\" content=\"1280\" \/>\n\t<meta property=\"og:image:height\" content=\"720\" \/>\n\t<meta property=\"og:image:type\" content=\"image\/jpeg\" \/>\n<meta name=\"twitter:card\" content=\"summary_large_image\" \/>\n<meta name=\"twitter:label1\" content=\"Est. reading time\" \/>\n\t<meta name=\"twitter:data1\" content=\"3 minutes\" \/>\n<script type=\"application\/ld+json\" class=\"yoast-schema-graph\">{\"@context\":\"https:\\\/\\\/schema.org\",\"@graph\":[{\"@type\":\"WebPage\",\"@id\":\"https:\\\/\\\/www.upjs.sk\\\/pracoviska\\\/ciakt\\\/en\\\/how-to\\\/vpn\\\/openvpn-windows10\\\/\",\"url\":\"https:\\\/\\\/www.upjs.sk\\\/pracoviska\\\/ciakt\\\/en\\\/how-to\\\/vpn\\\/openvpn-windows10\\\/\",\"name\":\"How to setup OpenVPN client for Windows - Centrum informa\u010dn\u00fdch a komunika\u010dn\u00fdch technol\u00f3gi\u00ed | UPJ\u0160\",\"isPartOf\":{\"@id\":\"https:\\\/\\\/www.upjs.sk\\\/pracoviska\\\/ciakt\\\/en\\\/#website\"},\"primaryImageOfPage\":{\"@id\":\"https:\\\/\\\/www.upjs.sk\\\/pracoviska\\\/ciakt\\\/en\\\/how-to\\\/vpn\\\/openvpn-windows10\\\/#primaryimage\"},\"image\":{\"@id\":\"https:\\\/\\\/www.upjs.sk\\\/pracoviska\\\/ciakt\\\/en\\\/how-to\\\/vpn\\\/openvpn-windows10\\\/#primaryimage\"},\"thumbnailUrl\":\"https:\\\/\\\/www.upjs.sk\\\/app\\\/uploads\\\/sites\\\/17\\\/2022\\\/11\\\/openvpn_w10_en_1.jpg\",\"datePublished\":\"2022-09-20T21:58:25+00:00\",\"dateModified\":\"2024-06-17T12:17:33+00:00\",\"breadcrumb\":{\"@id\":\"https:\\\/\\\/www.upjs.sk\\\/pracoviska\\\/ciakt\\\/en\\\/how-to\\\/vpn\\\/openvpn-windows10\\\/#breadcrumb\"},\"inLanguage\":\"en-US\",\"potentialAction\":[{\"@type\":\"ReadAction\",\"target\":[\"https:\\\/\\\/www.upjs.sk\\\/pracoviska\\\/ciakt\\\/en\\\/how-to\\\/vpn\\\/openvpn-windows10\\\/\"]}]},{\"@type\":\"ImageObject\",\"inLanguage\":\"en-US\",\"@id\":\"https:\\\/\\\/www.upjs.sk\\\/pracoviska\\\/ciakt\\\/en\\\/how-to\\\/vpn\\\/openvpn-windows10\\\/#primaryimage\",\"url\":\"https:\\\/\\\/www.upjs.sk\\\/app\\\/uploads\\\/sites\\\/17\\\/2022\\\/11\\\/openvpn_w10_en_1.jpg\",\"contentUrl\":\"https:\\\/\\\/www.upjs.sk\\\/app\\\/uploads\\\/sites\\\/17\\\/2022\\\/11\\\/openvpn_w10_en_1.jpg\",\"width\":1280,\"height\":720,\"caption\":\"openvpn-windows10\"},{\"@type\":\"BreadcrumbList\",\"@id\":\"https:\\\/\\\/www.upjs.sk\\\/pracoviska\\\/ciakt\\\/en\\\/how-to\\\/vpn\\\/openvpn-windows10\\\/#breadcrumb\",\"itemListElement\":[{\"@type\":\"ListItem\",\"position\":1,\"name\":\"Home\",\"item\":\"https:\\\/\\\/www.upjs.sk\\\/pracoviska\\\/ciakt\\\/en\\\/\"},{\"@type\":\"ListItem\",\"position\":2,\"name\":\"How-to\",\"item\":\"https:\\\/\\\/www.upjs.sk\\\/pracoviska\\\/ciakt\\\/en\\\/how-to\\\/\"},{\"@type\":\"ListItem\",\"position\":3,\"name\":\"Virtual Private Network\",\"item\":\"https:\\\/\\\/www.upjs.sk\\\/pracoviska\\\/ciakt\\\/en\\\/how-to\\\/vpn\\\/\"},{\"@type\":\"ListItem\",\"position\":4,\"name\":\"How to setup OpenVPN client for Windows\"}]},{\"@type\":\"WebSite\",\"@id\":\"https:\\\/\\\/www.upjs.sk\\\/pracoviska\\\/ciakt\\\/en\\\/#website\",\"url\":\"https:\\\/\\\/www.upjs.sk\\\/pracoviska\\\/ciakt\\\/en\\\/\",\"name\":\"Centrum informa\u010dn\u00fdch a komunika\u010dn\u00fdch technol\u00f3gi\u00ed | UPJ\u0160\",\"description\":\"\",\"publisher\":{\"@id\":\"https:\\\/\\\/www.upjs.sk\\\/pracoviska\\\/ciakt\\\/en\\\/#organization\"},\"potentialAction\":[{\"@type\":\"SearchAction\",\"target\":{\"@type\":\"EntryPoint\",\"urlTemplate\":\"https:\\\/\\\/www.upjs.sk\\\/pracoviska\\\/ciakt\\\/en\\\/?s={search_term_string}\"},\"query-input\":{\"@type\":\"PropertyValueSpecification\",\"valueRequired\":true,\"valueName\":\"search_term_string\"}}],\"inLanguage\":\"en-US\"},{\"@type\":\"Organization\",\"@id\":\"https:\\\/\\\/www.upjs.sk\\\/pracoviska\\\/ciakt\\\/en\\\/#organization\",\"name\":\"Centrum informa\u010dn\u00fdch a komunika\u010dn\u00fdch technol\u00f3gi\u00ed | UPJ\u0160\",\"url\":\"https:\\\/\\\/www.upjs.sk\\\/pracoviska\\\/ciakt\\\/en\\\/\",\"logo\":{\"@type\":\"ImageObject\",\"inLanguage\":\"en-US\",\"@id\":\"https:\\\/\\\/www.upjs.sk\\\/pracoviska\\\/ciakt\\\/en\\\/#\\\/schema\\\/logo\\\/image\\\/\",\"url\":\"https:\\\/\\\/www.upjs.sk\\\/app\\\/uploads\\\/sites\\\/17\\\/2023\\\/01\\\/CIaKT_ENG.svg\",\"contentUrl\":\"https:\\\/\\\/www.upjs.sk\\\/app\\\/uploads\\\/sites\\\/17\\\/2023\\\/01\\\/CIaKT_ENG.svg\",\"width\":500,\"height\":138,\"caption\":\"Centrum informa\u010dn\u00fdch a komunika\u010dn\u00fdch technol\u00f3gi\u00ed | UPJ\u0160\"},\"image\":{\"@id\":\"https:\\\/\\\/www.upjs.sk\\\/pracoviska\\\/ciakt\\\/en\\\/#\\\/schema\\\/logo\\\/image\\\/\"}}]}<\/script>\n<!-- \/ Yoast SEO plugin. -->","yoast_head_json":{"title":"How to setup OpenVPN client for Windows - Centrum informa\u010dn\u00fdch a komunika\u010dn\u00fdch technol\u00f3gi\u00ed | UPJ\u0160","robots":{"index":"index","follow":"follow","max-snippet":"max-snippet:-1","max-image-preview":"max-image-preview:large","max-video-preview":"max-video-preview:-1"},"canonical":"https:\/\/www.upjs.sk\/pracoviska\/ciakt\/en\/how-to\/vpn\/openvpn-windows10\/","og_locale":"en_US","og_type":"article","og_title":"How to setup OpenVPN client for Windows - Centrum informa\u010dn\u00fdch a komunika\u010dn\u00fdch technol\u00f3gi\u00ed | UPJ\u0160","og_description":"Slovak version You must have access credentials setup for WiFi network of proxy service. You can setup here Run installation of\u00a0UPJ\u0160 openvpn client. During the installation you must confirm\u00a0(More info) During the installation you must confirm (Run anyway) In next step of installation you must confirm\u00a0(in some cases enter administrator password): Yes Now client will &hellip; Continued","og_url":"https:\/\/www.upjs.sk\/pracoviska\/ciakt\/en\/how-to\/vpn\/openvpn-windows10\/","og_site_name":"Centrum informa\u010dn\u00fdch a komunika\u010dn\u00fdch technol\u00f3gi\u00ed | UPJ\u0160","article_modified_time":"2024-06-17T12:17:33+00:00","og_image":[{"width":1280,"height":720,"url":"https:\/\/www.upjs.sk\/app\/uploads\/sites\/17\/2022\/11\/openvpn_w10_en_1.jpg","type":"image\/jpeg"}],"twitter_card":"summary_large_image","twitter_misc":{"Est. reading time":"3 minutes"},"schema":{"@context":"https:\/\/schema.org","@graph":[{"@type":"WebPage","@id":"https:\/\/www.upjs.sk\/pracoviska\/ciakt\/en\/how-to\/vpn\/openvpn-windows10\/","url":"https:\/\/www.upjs.sk\/pracoviska\/ciakt\/en\/how-to\/vpn\/openvpn-windows10\/","name":"How to setup OpenVPN client for Windows - Centrum informa\u010dn\u00fdch a komunika\u010dn\u00fdch technol\u00f3gi\u00ed | UPJ\u0160","isPartOf":{"@id":"https:\/\/www.upjs.sk\/pracoviska\/ciakt\/en\/#website"},"primaryImageOfPage":{"@id":"https:\/\/www.upjs.sk\/pracoviska\/ciakt\/en\/how-to\/vpn\/openvpn-windows10\/#primaryimage"},"image":{"@id":"https:\/\/www.upjs.sk\/pracoviska\/ciakt\/en\/how-to\/vpn\/openvpn-windows10\/#primaryimage"},"thumbnailUrl":"https:\/\/www.upjs.sk\/app\/uploads\/sites\/17\/2022\/11\/openvpn_w10_en_1.jpg","datePublished":"2022-09-20T21:58:25+00:00","dateModified":"2024-06-17T12:17:33+00:00","breadcrumb":{"@id":"https:\/\/www.upjs.sk\/pracoviska\/ciakt\/en\/how-to\/vpn\/openvpn-windows10\/#breadcrumb"},"inLanguage":"en-US","potentialAction":[{"@type":"ReadAction","target":["https:\/\/www.upjs.sk\/pracoviska\/ciakt\/en\/how-to\/vpn\/openvpn-windows10\/"]}]},{"@type":"ImageObject","inLanguage":"en-US","@id":"https:\/\/www.upjs.sk\/pracoviska\/ciakt\/en\/how-to\/vpn\/openvpn-windows10\/#primaryimage","url":"https:\/\/www.upjs.sk\/app\/uploads\/sites\/17\/2022\/11\/openvpn_w10_en_1.jpg","contentUrl":"https:\/\/www.upjs.sk\/app\/uploads\/sites\/17\/2022\/11\/openvpn_w10_en_1.jpg","width":1280,"height":720,"caption":"openvpn-windows10"},{"@type":"BreadcrumbList","@id":"https:\/\/www.upjs.sk\/pracoviska\/ciakt\/en\/how-to\/vpn\/openvpn-windows10\/#breadcrumb","itemListElement":[{"@type":"ListItem","position":1,"name":"Home","item":"https:\/\/www.upjs.sk\/pracoviska\/ciakt\/en\/"},{"@type":"ListItem","position":2,"name":"How-to","item":"https:\/\/www.upjs.sk\/pracoviska\/ciakt\/en\/how-to\/"},{"@type":"ListItem","position":3,"name":"Virtual Private Network","item":"https:\/\/www.upjs.sk\/pracoviska\/ciakt\/en\/how-to\/vpn\/"},{"@type":"ListItem","position":4,"name":"How to setup OpenVPN client for Windows"}]},{"@type":"WebSite","@id":"https:\/\/www.upjs.sk\/pracoviska\/ciakt\/en\/#website","url":"https:\/\/www.upjs.sk\/pracoviska\/ciakt\/en\/","name":"Centrum informa\u010dn\u00fdch a komunika\u010dn\u00fdch technol\u00f3gi\u00ed | UPJ\u0160","description":"","publisher":{"@id":"https:\/\/www.upjs.sk\/pracoviska\/ciakt\/en\/#organization"},"potentialAction":[{"@type":"SearchAction","target":{"@type":"EntryPoint","urlTemplate":"https:\/\/www.upjs.sk\/pracoviska\/ciakt\/en\/?s={search_term_string}"},"query-input":{"@type":"PropertyValueSpecification","valueRequired":true,"valueName":"search_term_string"}}],"inLanguage":"en-US"},{"@type":"Organization","@id":"https:\/\/www.upjs.sk\/pracoviska\/ciakt\/en\/#organization","name":"Centrum informa\u010dn\u00fdch a komunika\u010dn\u00fdch technol\u00f3gi\u00ed | UPJ\u0160","url":"https:\/\/www.upjs.sk\/pracoviska\/ciakt\/en\/","logo":{"@type":"ImageObject","inLanguage":"en-US","@id":"https:\/\/www.upjs.sk\/pracoviska\/ciakt\/en\/#\/schema\/logo\/image\/","url":"https:\/\/www.upjs.sk\/app\/uploads\/sites\/17\/2023\/01\/CIaKT_ENG.svg","contentUrl":"https:\/\/www.upjs.sk\/app\/uploads\/sites\/17\/2023\/01\/CIaKT_ENG.svg","width":500,"height":138,"caption":"Centrum informa\u010dn\u00fdch a komunika\u010dn\u00fdch technol\u00f3gi\u00ed | UPJ\u0160"},"image":{"@id":"https:\/\/www.upjs.sk\/pracoviska\/ciakt\/en\/#\/schema\/logo\/image\/"}}]}},"_links":{"self":[{"href":"https:\/\/www.upjs.sk\/pracoviska\/ciakt\/en\/wp-json\/wp\/v2\/pages\/14009","targetHints":{"allow":["GET"]}}],"collection":[{"href":"https:\/\/www.upjs.sk\/pracoviska\/ciakt\/en\/wp-json\/wp\/v2\/pages"}],"about":[{"href":"https:\/\/www.upjs.sk\/pracoviska\/ciakt\/en\/wp-json\/wp\/v2\/types\/page"}],"author":[{"embeddable":true,"href":"https:\/\/www.upjs.sk\/pracoviska\/ciakt\/en\/wp-json\/wp\/v2\/users\/1"}],"replies":[{"embeddable":true,"href":"https:\/\/www.upjs.sk\/pracoviska\/ciakt\/en\/wp-json\/wp\/v2\/comments?post=14009"}],"version-history":[{"count":6,"href":"https:\/\/www.upjs.sk\/pracoviska\/ciakt\/en\/wp-json\/wp\/v2\/pages\/14009\/revisions"}],"predecessor-version":[{"id":16015,"href":"https:\/\/www.upjs.sk\/pracoviska\/ciakt\/en\/wp-json\/wp\/v2\/pages\/14009\/revisions\/16015"}],"up":[{"embeddable":true,"href":"https:\/\/www.upjs.sk\/pracoviska\/ciakt\/en\/wp-json\/wp\/v2\/pages\/14008"}],"wp:featuredmedia":[{"embeddable":true,"href":"https:\/\/www.upjs.sk\/pracoviska\/ciakt\/en\/wp-json\/wp\/v2\/media\/14010"}],"wp:attachment":[{"href":"https:\/\/www.upjs.sk\/pracoviska\/ciakt\/en\/wp-json\/wp\/v2\/media?parent=14009"}],"wp:term":[{"taxonomy":"category","embeddable":true,"href":"https:\/\/www.upjs.sk\/pracoviska\/ciakt\/en\/wp-json\/wp\/v2\/categories?post=14009"},{"taxonomy":"post_tag","embeddable":true,"href":"https:\/\/www.upjs.sk\/pracoviska\/ciakt\/en\/wp-json\/wp\/v2\/tags?post=14009"}],"curies":[{"name":"wp","href":"https:\/\/api.w.org\/{rel}","templated":true}]}}