{"id":14035,"date":"2021-06-23T21:35:39","date_gmt":"2021-06-23T21:35:39","guid":{"rendered":"https:\/\/www.upjs.sk\/pracoviska\/ciakt\/how-to\/proxy\/opera\/"},"modified":"2022-11-17T23:18:40","modified_gmt":"2022-11-17T23:18:40","slug":"opera","status":"publish","type":"page","link":"https:\/\/www.upjs.sk\/pracoviska\/ciakt\/en\/how-to\/proxy\/opera\/","title":{"rendered":"How to setup Opera"},"content":{"rendered":"<h3><a href=\"https:\/\/www.upjs.sk\/navody\/proxy\/opera\" style=\"box-sizing: inherit; background-color: transparent; color: rgb(207, 135, 57); text-decoration-line: none; font-size: 16px;\">Slovak version<\/a><\/h3>\n<p style=\"margin-bottom:11px; text-align:left\"><span style=\"background:transparent\"><span style=\"line-height:108%\"><span style=\"orphans:2\"><span style=\"widows:2\"><span style=\"font-size:medium\"><font style=\"font-size:12pt\">1.) In the left panel, click on &#8220;Settings&#8221; <\/font><\/span><\/span><\/span><\/span><\/span><\/p>\n<p style=\"margin-bottom:11px; text-align:left\"><span style=\"background:transparent\"><span style=\"line-height:108%\"><span style=\"orphans:2\"><span style=\"widows:2\"><span style=\"font-size:medium\"><font style=\"font-size:12pt\"><img decoding=\"async\" alt=\"\" src=\"https:\/\/www.upjs.sk\/app\/uploads\/sites\/17\/2022\/11\/proxy_opera_en_1.png\" style=\"height:517px; width:319px\" \/><\/font><\/span><\/span><\/span><\/span><\/span><\/p>\n<p style=\"margin-bottom:11px; text-align:left\"><span style=\"background:transparent\"><span style=\"line-height:108%\"><span style=\"orphans:2\"><span style=\"widows:2\"><span style=\"font-size:medium\"><font style=\"font-size:12pt\">2.) In the left panel in the settings, click on &#8220;Advanced&#8221; <\/font><\/span><\/span><\/span><\/span><\/span><\/p>\n<p style=\"margin-bottom:11px; text-align:left\"><span style=\"background:transparent\"><span style=\"line-height:108%\"><span style=\"orphans:2\"><span style=\"widows:2\"><span style=\"font-size:medium\"><font style=\"font-size:12pt\"><img decoding=\"async\" alt=\"\" src=\"https:\/\/www.upjs.sk\/app\/uploads\/sites\/17\/2022\/11\/proxy_opera_en_2.png\" style=\"height:358px; width:369px\" \/><\/font><\/span><\/span><\/span><\/span><\/span><\/p>\n<p style=\"margin-bottom:11px; text-align:left\"><span style=\"background:transparent\"><span style=\"line-height:108%\"><span style=\"orphans:2\"><span style=\"widows:2\"><span style=\"font-size:medium\"><font style=\"font-size:12pt\">3.) Click on &#8220;Browser&#8221; <\/font><\/span><\/span><\/span><\/span><\/span><\/p>\n<p style=\"margin-bottom:11px; text-align:left\"><span style=\"background:transparent\"><span style=\"line-height:108%\"><span style=\"orphans:2\"><span style=\"widows:2\"><span style=\"font-size:medium\"><font style=\"font-size:12pt\"><img decoding=\"async\" alt=\"\" src=\"https:\/\/www.upjs.sk\/app\/uploads\/sites\/17\/2022\/11\/proxy_opera_en_3.png\" style=\"height:461px; width:341px\" \/><\/font><\/span><\/span><\/span><\/span><\/span><\/p>\n<p style=\"margin-bottom:11px; text-align:left\"><span style=\"background:transparent\"><span style=\"line-height:108%\"><span style=\"orphans:2\"><span style=\"widows:2\"><span style=\"font-size:medium\"><font style=\"font-size:12pt\">4.) At the very bottom of the browser settings, under &#8220;System&#8221;, click on &#8220;Open your computer\u2019s proxy settings&#8221; <\/font><\/span><\/span><\/span><\/span><\/span><\/p>\n<p style=\"margin-bottom:11px; text-align:left\"><span style=\"background:transparent\"><span style=\"line-height:108%\"><span style=\"orphans:2\"><span style=\"widows:2\"><span style=\"font-size:medium\"><font style=\"font-size:12pt\"><img decoding=\"async\" alt=\"\" src=\"https:\/\/www.upjs.sk\/app\/uploads\/sites\/17\/2022\/11\/proxy_opera_en_4.png\" style=\"height:299px; width:700px\" \/><\/font><\/span><\/span><\/span><\/span><\/span><\/p>\n<p style=\"margin-bottom:11px; text-align:left\"><span style=\"background:transparent\"><span style=\"line-height:108%\"><span style=\"orphans:2\"><span style=\"widows:2\"><span style=\"font-size:medium\"><font style=\"font-size:12pt\">5.) This will open a new window with the proxy settings for your system. Turn on the option &#8220;Use setup script&#8221;<\/font><\/span><\/span><\/span><\/span><\/span><\/p>\n<p style=\"margin-bottom:11px; text-align:left\"><span style=\"background:transparent\"><span style=\"line-height:108%\"><span style=\"orphans:2\"><span style=\"widows:2\"><span style=\"font-size:medium\"><font style=\"font-size:12pt\"><img decoding=\"async\" alt=\"\" src=\"https:\/\/www.upjs.sk\/app\/uploads\/sites\/17\/2022\/11\/proxy_opera_en_5.png\" style=\"height:447px; width:700px\" \/><\/font><\/span><\/span><\/span><\/span><\/span><\/p>\n<p style=\"margin-bottom:11px; text-align:left\"><span style=\"background:transparent\"><span style=\"line-height:108%\"><span style=\"orphans:2\"><span style=\"widows:2\"><span style=\"font-size:medium\"><font style=\"font-size:12pt\">6.) Copy the following into the &#8220;Script address&#8221; box: http:\/\/proxy.upjs.sk\/config<\/font><\/span><\/span><\/span><\/span><\/span><\/p>\n<p style=\"margin-bottom:11px; text-align:left\"><span style=\"background:transparent\"><span style=\"line-height:108%\"><span style=\"orphans:2\"><span style=\"widows:2\"><span style=\"font-size:medium\"><font style=\"font-size:12pt\"><img decoding=\"async\" alt=\"\" src=\"https:\/\/www.upjs.sk\/app\/uploads\/sites\/17\/2022\/11\/proxy_opera_en_6.png\" style=\"height:443px; width:700px\" \/><\/font><\/span><\/span><\/span><\/span><\/span><\/p>\n<p style=\"margin-bottom:11px; text-align:left\"><span style=\"background:transparent\"><span style=\"line-height:108%\"><span style=\"orphans:2\"><span style=\"widows:2\"><span style=\"font-size:medium\"><font style=\"font-size:12pt\">7.) Click on &#8220;Save&#8221; <\/font><\/span><\/span><\/span><\/span><\/span><\/p>\n<p style=\"margin-bottom:11px; text-align:left\">\u00a0<\/p>\n","protected":false},"excerpt":{"rendered":"<p>Slovak version 1.) In the left panel, click on &#8220;Settings&#8221; 2.) In the left panel in the settings, click on &#8220;Advanced&#8221; 3.) Click on &#8220;Browser&#8221; 4.) At the very bottom of the browser settings, under &#8220;System&#8221;, click on &#8220;Open your computer\u2019s proxy settings&#8221; 5.) This will open a new window with the proxy settings for &hellip; <a href=\"https:\/\/www.upjs.sk\/pracoviska\/ciakt\/en\/how-to\/proxy\/opera\/\">Continued<\/a><\/p>\n","protected":false},"author":1,"featured_media":14036,"parent":14034,"menu_order":0,"comment_status":"closed","ping_status":"closed","template":"","meta":{"_acf_changed":false,"_editorskit_title_hidden":false,"_editorskit_reading_time":0,"_editorskit_is_block_options_detached":false,"_editorskit_block_options_position":"{}","footnotes":""},"categories":[],"tags":[],"class_list":["post-14035","page","type-page","status-publish","has-post-thumbnail","hentry"],"acf":{"acf_link_na_externy_obsah":""},"yoast_head":"<!-- This site is optimized with the Yoast SEO plugin v27.2 - https:\/\/yoast.com\/product\/yoast-seo-wordpress\/ -->\n<title>How to setup Opera - Centrum informa\u010dn\u00fdch a komunika\u010dn\u00fdch technol\u00f3gi\u00ed | UPJ\u0160<\/title>\n<meta name=\"robots\" content=\"index, follow, max-snippet:-1, max-image-preview:large, max-video-preview:-1\" \/>\n<link rel=\"canonical\" href=\"https:\/\/www.upjs.sk\/pracoviska\/ciakt\/en\/how-to\/proxy\/opera\/\" \/>\n<meta property=\"og:locale\" content=\"en_US\" \/>\n<meta property=\"og:type\" content=\"article\" \/>\n<meta property=\"og:title\" content=\"How to setup Opera - Centrum informa\u010dn\u00fdch a komunika\u010dn\u00fdch technol\u00f3gi\u00ed | UPJ\u0160\" \/>\n<meta property=\"og:description\" content=\"Slovak version 1.) In the left panel, click on &#8220;Settings&#8221; 2.) In the left panel in the settings, click on &#8220;Advanced&#8221; 3.) Click on &#8220;Browser&#8221; 4.) At the very bottom of the browser settings, under &#8220;System&#8221;, click on &#8220;Open your computer\u2019s proxy settings&#8221; 5.) This will open a new window with the proxy settings for &hellip; Continued\" \/>\n<meta property=\"og:url\" content=\"https:\/\/www.upjs.sk\/pracoviska\/ciakt\/en\/how-to\/proxy\/opera\/\" \/>\n<meta property=\"og:site_name\" content=\"Centrum informa\u010dn\u00fdch a komunika\u010dn\u00fdch technol\u00f3gi\u00ed | UPJ\u0160\" \/>\n<meta property=\"article:modified_time\" content=\"2022-11-17T23:18:40+00:00\" \/>\n<meta property=\"og:image\" content=\"https:\/\/www.upjs.sk\/app\/uploads\/sites\/17\/2022\/11\/proxy_opera_en_1.png\" \/>\n\t<meta property=\"og:image:width\" content=\"319\" \/>\n\t<meta property=\"og:image:height\" content=\"517\" \/>\n\t<meta property=\"og:image:type\" content=\"image\/png\" \/>\n<meta name=\"twitter:card\" content=\"summary_large_image\" \/>\n<script type=\"application\/ld+json\" class=\"yoast-schema-graph\">{\"@context\":\"https:\/\/schema.org\",\"@graph\":[{\"@type\":\"WebPage\",\"@id\":\"https:\/\/www.upjs.sk\/pracoviska\/ciakt\/en\/how-to\/proxy\/opera\/\",\"url\":\"https:\/\/www.upjs.sk\/pracoviska\/ciakt\/en\/how-to\/proxy\/opera\/\",\"name\":\"How to setup Opera - Centrum informa\u010dn\u00fdch a komunika\u010dn\u00fdch technol\u00f3gi\u00ed | UPJ\u0160\",\"isPartOf\":{\"@id\":\"https:\/\/www.upjs.sk\/pracoviska\/ciakt\/en\/#website\"},\"primaryImageOfPage\":{\"@id\":\"https:\/\/www.upjs.sk\/pracoviska\/ciakt\/en\/how-to\/proxy\/opera\/#primaryimage\"},\"image\":{\"@id\":\"https:\/\/www.upjs.sk\/pracoviska\/ciakt\/en\/how-to\/proxy\/opera\/#primaryimage\"},\"thumbnailUrl\":\"https:\/\/www.upjs.sk\/app\/uploads\/sites\/17\/2022\/11\/proxy_opera_en_1.png\",\"datePublished\":\"2021-06-23T21:35:39+00:00\",\"dateModified\":\"2022-11-17T23:18:40+00:00\",\"breadcrumb\":{\"@id\":\"https:\/\/www.upjs.sk\/pracoviska\/ciakt\/en\/how-to\/proxy\/opera\/#breadcrumb\"},\"inLanguage\":\"en-US\",\"potentialAction\":[{\"@type\":\"ReadAction\",\"target\":[\"https:\/\/www.upjs.sk\/pracoviska\/ciakt\/en\/how-to\/proxy\/opera\/\"]}]},{\"@type\":\"ImageObject\",\"inLanguage\":\"en-US\",\"@id\":\"https:\/\/www.upjs.sk\/pracoviska\/ciakt\/en\/how-to\/proxy\/opera\/#primaryimage\",\"url\":\"https:\/\/www.upjs.sk\/app\/uploads\/sites\/17\/2022\/11\/proxy_opera_en_1.png\",\"contentUrl\":\"https:\/\/www.upjs.sk\/app\/uploads\/sites\/17\/2022\/11\/proxy_opera_en_1.png\",\"width\":319,\"height\":517,\"caption\":\"opera\"},{\"@type\":\"BreadcrumbList\",\"@id\":\"https:\/\/www.upjs.sk\/pracoviska\/ciakt\/en\/how-to\/proxy\/opera\/#breadcrumb\",\"itemListElement\":[{\"@type\":\"ListItem\",\"position\":1,\"name\":\"Home\",\"item\":\"https:\/\/www.upjs.sk\/pracoviska\/ciakt\/en\/\"},{\"@type\":\"ListItem\",\"position\":2,\"name\":\"How-to\",\"item\":\"https:\/\/www.upjs.sk\/pracoviska\/ciakt\/en\/how-to\/\"},{\"@type\":\"ListItem\",\"position\":3,\"name\":\"Proxy &#8211; How to setup client to access. Access to electronic informaction resources\",\"item\":\"https:\/\/www.upjs.sk\/pracoviska\/ciakt\/en\/how-to\/proxy\/\"},{\"@type\":\"ListItem\",\"position\":4,\"name\":\"How to setup Opera\"}]},{\"@type\":\"WebSite\",\"@id\":\"https:\/\/www.upjs.sk\/pracoviska\/ciakt\/en\/#website\",\"url\":\"https:\/\/www.upjs.sk\/pracoviska\/ciakt\/en\/\",\"name\":\"Centrum informa\u010dn\u00fdch a komunika\u010dn\u00fdch technol\u00f3gi\u00ed | UPJ\u0160\",\"description\":\"\",\"publisher\":{\"@id\":\"https:\/\/www.upjs.sk\/pracoviska\/ciakt\/en\/#organization\"},\"potentialAction\":[{\"@type\":\"SearchAction\",\"target\":{\"@type\":\"EntryPoint\",\"urlTemplate\":\"https:\/\/www.upjs.sk\/pracoviska\/ciakt\/en\/?s={search_term_string}\"},\"query-input\":{\"@type\":\"PropertyValueSpecification\",\"valueRequired\":true,\"valueName\":\"search_term_string\"}}],\"inLanguage\":\"en-US\"},{\"@type\":\"Organization\",\"@id\":\"https:\/\/www.upjs.sk\/pracoviska\/ciakt\/en\/#organization\",\"name\":\"Centrum informa\u010dn\u00fdch a komunika\u010dn\u00fdch technol\u00f3gi\u00ed | UPJ\u0160\",\"url\":\"https:\/\/www.upjs.sk\/pracoviska\/ciakt\/en\/\",\"logo\":{\"@type\":\"ImageObject\",\"inLanguage\":\"en-US\",\"@id\":\"https:\/\/www.upjs.sk\/pracoviska\/ciakt\/en\/#\/schema\/logo\/image\/\",\"url\":\"https:\/\/www.upjs.sk\/app\/uploads\/sites\/17\/2023\/01\/CIaKT_ENG.svg\",\"contentUrl\":\"https:\/\/www.upjs.sk\/app\/uploads\/sites\/17\/2023\/01\/CIaKT_ENG.svg\",\"width\":500,\"height\":138,\"caption\":\"Centrum informa\u010dn\u00fdch a komunika\u010dn\u00fdch technol\u00f3gi\u00ed | UPJ\u0160\"},\"image\":{\"@id\":\"https:\/\/www.upjs.sk\/pracoviska\/ciakt\/en\/#\/schema\/logo\/image\/\"}}]}<\/script>\n<!-- \/ Yoast SEO plugin. -->","yoast_head_json":{"title":"How to setup Opera - Centrum informa\u010dn\u00fdch a komunika\u010dn\u00fdch technol\u00f3gi\u00ed | UPJ\u0160","robots":{"index":"index","follow":"follow","max-snippet":"max-snippet:-1","max-image-preview":"max-image-preview:large","max-video-preview":"max-video-preview:-1"},"canonical":"https:\/\/www.upjs.sk\/pracoviska\/ciakt\/en\/how-to\/proxy\/opera\/","og_locale":"en_US","og_type":"article","og_title":"How to setup Opera - Centrum informa\u010dn\u00fdch a komunika\u010dn\u00fdch technol\u00f3gi\u00ed | UPJ\u0160","og_description":"Slovak version 1.) In the left panel, click on &#8220;Settings&#8221; 2.) In the left panel in the settings, click on &#8220;Advanced&#8221; 3.) Click on &#8220;Browser&#8221; 4.) At the very bottom of the browser settings, under &#8220;System&#8221;, click on &#8220;Open your computer\u2019s proxy settings&#8221; 5.) This will open a new window with the proxy settings for &hellip; Continued","og_url":"https:\/\/www.upjs.sk\/pracoviska\/ciakt\/en\/how-to\/proxy\/opera\/","og_site_name":"Centrum informa\u010dn\u00fdch a komunika\u010dn\u00fdch technol\u00f3gi\u00ed | UPJ\u0160","article_modified_time":"2022-11-17T23:18:40+00:00","og_image":[{"width":319,"height":517,"url":"https:\/\/www.upjs.sk\/app\/uploads\/sites\/17\/2022\/11\/proxy_opera_en_1.png","type":"image\/png"}],"twitter_card":"summary_large_image","schema":{"@context":"https:\/\/schema.org","@graph":[{"@type":"WebPage","@id":"https:\/\/www.upjs.sk\/pracoviska\/ciakt\/en\/how-to\/proxy\/opera\/","url":"https:\/\/www.upjs.sk\/pracoviska\/ciakt\/en\/how-to\/proxy\/opera\/","name":"How to setup Opera - Centrum informa\u010dn\u00fdch a komunika\u010dn\u00fdch technol\u00f3gi\u00ed | UPJ\u0160","isPartOf":{"@id":"https:\/\/www.upjs.sk\/pracoviska\/ciakt\/en\/#website"},"primaryImageOfPage":{"@id":"https:\/\/www.upjs.sk\/pracoviska\/ciakt\/en\/how-to\/proxy\/opera\/#primaryimage"},"image":{"@id":"https:\/\/www.upjs.sk\/pracoviska\/ciakt\/en\/how-to\/proxy\/opera\/#primaryimage"},"thumbnailUrl":"https:\/\/www.upjs.sk\/app\/uploads\/sites\/17\/2022\/11\/proxy_opera_en_1.png","datePublished":"2021-06-23T21:35:39+00:00","dateModified":"2022-11-17T23:18:40+00:00","breadcrumb":{"@id":"https:\/\/www.upjs.sk\/pracoviska\/ciakt\/en\/how-to\/proxy\/opera\/#breadcrumb"},"inLanguage":"en-US","potentialAction":[{"@type":"ReadAction","target":["https:\/\/www.upjs.sk\/pracoviska\/ciakt\/en\/how-to\/proxy\/opera\/"]}]},{"@type":"ImageObject","inLanguage":"en-US","@id":"https:\/\/www.upjs.sk\/pracoviska\/ciakt\/en\/how-to\/proxy\/opera\/#primaryimage","url":"https:\/\/www.upjs.sk\/app\/uploads\/sites\/17\/2022\/11\/proxy_opera_en_1.png","contentUrl":"https:\/\/www.upjs.sk\/app\/uploads\/sites\/17\/2022\/11\/proxy_opera_en_1.png","width":319,"height":517,"caption":"opera"},{"@type":"BreadcrumbList","@id":"https:\/\/www.upjs.sk\/pracoviska\/ciakt\/en\/how-to\/proxy\/opera\/#breadcrumb","itemListElement":[{"@type":"ListItem","position":1,"name":"Home","item":"https:\/\/www.upjs.sk\/pracoviska\/ciakt\/en\/"},{"@type":"ListItem","position":2,"name":"How-to","item":"https:\/\/www.upjs.sk\/pracoviska\/ciakt\/en\/how-to\/"},{"@type":"ListItem","position":3,"name":"Proxy &#8211; How to setup client to access. Access to electronic informaction resources","item":"https:\/\/www.upjs.sk\/pracoviska\/ciakt\/en\/how-to\/proxy\/"},{"@type":"ListItem","position":4,"name":"How to setup Opera"}]},{"@type":"WebSite","@id":"https:\/\/www.upjs.sk\/pracoviska\/ciakt\/en\/#website","url":"https:\/\/www.upjs.sk\/pracoviska\/ciakt\/en\/","name":"Centrum informa\u010dn\u00fdch a komunika\u010dn\u00fdch technol\u00f3gi\u00ed | UPJ\u0160","description":"","publisher":{"@id":"https:\/\/www.upjs.sk\/pracoviska\/ciakt\/en\/#organization"},"potentialAction":[{"@type":"SearchAction","target":{"@type":"EntryPoint","urlTemplate":"https:\/\/www.upjs.sk\/pracoviska\/ciakt\/en\/?s={search_term_string}"},"query-input":{"@type":"PropertyValueSpecification","valueRequired":true,"valueName":"search_term_string"}}],"inLanguage":"en-US"},{"@type":"Organization","@id":"https:\/\/www.upjs.sk\/pracoviska\/ciakt\/en\/#organization","name":"Centrum informa\u010dn\u00fdch a komunika\u010dn\u00fdch technol\u00f3gi\u00ed | UPJ\u0160","url":"https:\/\/www.upjs.sk\/pracoviska\/ciakt\/en\/","logo":{"@type":"ImageObject","inLanguage":"en-US","@id":"https:\/\/www.upjs.sk\/pracoviska\/ciakt\/en\/#\/schema\/logo\/image\/","url":"https:\/\/www.upjs.sk\/app\/uploads\/sites\/17\/2023\/01\/CIaKT_ENG.svg","contentUrl":"https:\/\/www.upjs.sk\/app\/uploads\/sites\/17\/2023\/01\/CIaKT_ENG.svg","width":500,"height":138,"caption":"Centrum informa\u010dn\u00fdch a komunika\u010dn\u00fdch technol\u00f3gi\u00ed | UPJ\u0160"},"image":{"@id":"https:\/\/www.upjs.sk\/pracoviska\/ciakt\/en\/#\/schema\/logo\/image\/"}}]}},"_links":{"self":[{"href":"https:\/\/www.upjs.sk\/pracoviska\/ciakt\/en\/wp-json\/wp\/v2\/pages\/14035","targetHints":{"allow":["GET"]}}],"collection":[{"href":"https:\/\/www.upjs.sk\/pracoviska\/ciakt\/en\/wp-json\/wp\/v2\/pages"}],"about":[{"href":"https:\/\/www.upjs.sk\/pracoviska\/ciakt\/en\/wp-json\/wp\/v2\/types\/page"}],"author":[{"embeddable":true,"href":"https:\/\/www.upjs.sk\/pracoviska\/ciakt\/en\/wp-json\/wp\/v2\/users\/1"}],"replies":[{"embeddable":true,"href":"https:\/\/www.upjs.sk\/pracoviska\/ciakt\/en\/wp-json\/wp\/v2\/comments?post=14035"}],"version-history":[{"count":1,"href":"https:\/\/www.upjs.sk\/pracoviska\/ciakt\/en\/wp-json\/wp\/v2\/pages\/14035\/revisions"}],"predecessor-version":[{"id":14054,"href":"https:\/\/www.upjs.sk\/pracoviska\/ciakt\/en\/wp-json\/wp\/v2\/pages\/14035\/revisions\/14054"}],"up":[{"embeddable":true,"href":"https:\/\/www.upjs.sk\/pracoviska\/ciakt\/en\/wp-json\/wp\/v2\/pages\/14034"}],"wp:featuredmedia":[{"embeddable":true,"href":"https:\/\/www.upjs.sk\/pracoviska\/ciakt\/en\/wp-json\/wp\/v2\/media\/14036"}],"wp:attachment":[{"href":"https:\/\/www.upjs.sk\/pracoviska\/ciakt\/en\/wp-json\/wp\/v2\/media?parent=14035"}],"wp:term":[{"taxonomy":"category","embeddable":true,"href":"https:\/\/www.upjs.sk\/pracoviska\/ciakt\/en\/wp-json\/wp\/v2\/categories?post=14035"},{"taxonomy":"post_tag","embeddable":true,"href":"https:\/\/www.upjs.sk\/pracoviska\/ciakt\/en\/wp-json\/wp\/v2\/tags?post=14035"}],"curies":[{"name":"wp","href":"https:\/\/api.w.org\/{rel}","templated":true}]}}