{"id":14117,"date":"2016-07-01T10:24:40","date_gmt":"2016-07-01T10:24:40","guid":{"rendered":"https:\/\/www.upjs.sk\/pracoviska\/ciakt\/contact\/"},"modified":"2025-10-21T14:07:11","modified_gmt":"2025-10-21T14:07:11","slug":"contact","status":"publish","type":"page","link":"https:\/\/www.upjs.sk\/pracoviska\/ciakt\/en\/contact\/","title":{"rendered":"Contact"},"content":{"rendered":"<style>.kb-row-layout-id14117_700044-3c > .kt-row-column-wrap{align-content:start;}:where(.kb-row-layout-id14117_700044-3c > .kt-row-column-wrap) > .wp-block-kadence-column{justify-content:start;}.kb-row-layout-id14117_700044-3c > .kt-row-column-wrap{column-gap:var(--global-kb-gap-md, 2rem);row-gap:var(--global-kb-gap-md, 2rem);padding-top:var(--global-kb-spacing-sm, 1.5rem);padding-bottom:var(--global-kb-spacing-sm, 1.5rem);}.kb-row-layout-id14117_700044-3c > .kt-row-column-wrap > div:not(.added-for-specificity){grid-column:initial;}.kb-row-layout-id14117_700044-3c > .kt-row-column-wrap{grid-template-columns:repeat(3, minmax(0, 1fr));}.kb-row-layout-id14117_700044-3c > .kt-row-layout-overlay{opacity:0.30;}@media all and (max-width: 1024px){.kb-row-layout-id14117_700044-3c > .kt-row-column-wrap > div:not(.added-for-specificity){grid-column:initial;}}@media all and (max-width: 1024px){.kb-row-layout-id14117_700044-3c > .kt-row-column-wrap{grid-template-columns:repeat(3, minmax(0, 1fr));}}@media all and (max-width: 767px){.kb-row-layout-id14117_700044-3c > .kt-row-column-wrap > div:not(.added-for-specificity){grid-column:initial;}.kb-row-layout-id14117_700044-3c > .kt-row-column-wrap{grid-template-columns:minmax(0, 1fr);}}<\/style><div class=\"kb-row-layout-wrap kb-row-layout-id14117_700044-3c alignnone wp-block-kadence-rowlayout\"><div class=\"kt-row-column-wrap kt-has-3-columns kt-row-layout-equal kt-tab-layout-inherit kt-mobile-layout-row kt-row-valign-top\">\n<style>.kadence-column14117_31530e-1e > .kt-inside-inner-col,.kadence-column14117_31530e-1e > .kt-inside-inner-col:before{border-top-left-radius:0px;border-top-right-radius:0px;border-bottom-right-radius:0px;border-bottom-left-radius:0px;}.kadence-column14117_31530e-1e > .kt-inside-inner-col{column-gap:var(--global-kb-gap-sm, 1rem);}.kadence-column14117_31530e-1e > .kt-inside-inner-col{flex-direction:column;}.kadence-column14117_31530e-1e > .kt-inside-inner-col > .aligncenter{width:100%;}.kadence-column14117_31530e-1e > .kt-inside-inner-col:before{opacity:0.3;}.kadence-column14117_31530e-1e{position:relative;}@media all and (max-width: 1024px){.kadence-column14117_31530e-1e > .kt-inside-inner-col{flex-direction:column;justify-content:center;}}@media all and (max-width: 767px){.kadence-column14117_31530e-1e > .kt-inside-inner-col{flex-direction:column;justify-content:center;}}<\/style>\n<div class=\"wp-block-kadence-column kadence-column14117_31530e-1e inner-column-1\"><div class=\"kt-inside-inner-col\">\n<figure class=\"wp-block-image aligncenter size-full\"><img loading=\"lazy\" decoding=\"async\" width=\"300\" height=\"225\" src=\"https:\/\/www.upjs.sk\/app\/uploads\/sites\/17\/2023\/01\/budova-rektoratu-upjs.jpg\" alt=\"\" class=\"wp-image-14215\"\/><\/figure>\n<\/div><\/div>\n\n\n<style>.kadence-column14117_dcc6a3-f1 > .kt-inside-inner-col,.kadence-column14117_dcc6a3-f1 > .kt-inside-inner-col:before{border-top-left-radius:0px;border-top-right-radius:0px;border-bottom-right-radius:0px;border-bottom-left-radius:0px;}.kadence-column14117_dcc6a3-f1 > .kt-inside-inner-col{column-gap:var(--global-kb-gap-sm, 1rem);}.kadence-column14117_dcc6a3-f1 > .kt-inside-inner-col{flex-direction:column;}.kadence-column14117_dcc6a3-f1 > .kt-inside-inner-col > .aligncenter{width:100%;}.kadence-column14117_dcc6a3-f1 > .kt-inside-inner-col:before{opacity:0.3;}.kadence-column14117_dcc6a3-f1{position:relative;}@media all and (max-width: 1024px){.kadence-column14117_dcc6a3-f1 > .kt-inside-inner-col{flex-direction:column;justify-content:center;}}@media all and (max-width: 767px){.kadence-column14117_dcc6a3-f1 > .kt-inside-inner-col{flex-direction:column;justify-content:center;}}<\/style>\n<div class=\"wp-block-kadence-column kadence-column14117_dcc6a3-f1 inner-column-2\"><div class=\"kt-inside-inner-col\">\n<p><mark style=\"background-color:#ffffff\" class=\"has-inline-color has-zakladna-modra-color\"><strong>Pavol Jozef \u0160af\u00e1rik <strong>Univerzity<\/strong><\/strong> <strong>in Ko\u0161ice &nbsp;<\/strong><br><strong>Centre of information and comunication technologies<\/strong><\/mark><\/p>\n\n\n\n<p>\u0160rob\u00e1rova 2, 041 80 Ko\u0161ice<br>VoIP:&nbsp;+421&nbsp;55 234 1633<\/p>\n<\/div><\/div>\n\n\n<style>.kadence-column14117_894d61-e7 > .kt-inside-inner-col,.kadence-column14117_894d61-e7 > .kt-inside-inner-col:before{border-top-left-radius:0px;border-top-right-radius:0px;border-bottom-right-radius:0px;border-bottom-left-radius:0px;}.kadence-column14117_894d61-e7 > .kt-inside-inner-col{column-gap:var(--global-kb-gap-sm, 1rem);}.kadence-column14117_894d61-e7 > .kt-inside-inner-col{flex-direction:column;}.kadence-column14117_894d61-e7 > .kt-inside-inner-col > .aligncenter{width:100%;}.kadence-column14117_894d61-e7 > .kt-inside-inner-col:before{opacity:0.3;}.kadence-column14117_894d61-e7{position:relative;}@media all and (max-width: 1024px){.kadence-column14117_894d61-e7 > .kt-inside-inner-col{flex-direction:column;justify-content:center;}}@media all and (max-width: 767px){.kadence-column14117_894d61-e7 > .kt-inside-inner-col{flex-direction:column;justify-content:center;}}<\/style>\n<div class=\"wp-block-kadence-column kadence-column14117_894d61-e7 inner-column-3\"><div class=\"kt-inside-inner-col\">\n<p><strong>Ing. Jozef Janto\u0161ovi\u010d<\/strong><br><strong>Director CIaKT<\/strong><br><a href=\"mailto:jozef.jantosovic@upjs.sk\">jozef.jantosovic@upjs.sk<\/a><br>VoIP: 1501<\/p>\n\n\n\n<p><strong>Ing. Miroslav Pomikala<br><strong>Deputy CIaKT<\/strong><\/strong><br><a href=\"mailto:miroslav.pomikala@upjs.sk\" target=\"_blank\" rel=\"noreferrer noopener\">miroslav.pomikala@upjs.sk<\/a><br>VoIP: +421\u00a055 234 1520<strong><br><\/strong><br><\/p>\n<\/div><\/div>\n\n<\/div><\/div>\n\n<style>.wp-block-kadence-spacer.kt-block-spacer-14117_891678-59 .kt-block-spacer{height:20px;}.wp-block-kadence-spacer.kt-block-spacer-14117_891678-59 .kt-divider{border-top-width:1px;height:1px;border-top-color:rgba(22, 64, 130, 0.70);width:100%;border-top-style:solid;}<\/style>\n<div class=\"wp-block-kadence-spacer aligncenter kt-block-spacer-14117_891678-59\"><div class=\"kt-block-spacer kt-block-spacer-halign-center\"><hr class=\"kt-divider\"\/><\/div><\/div>\n\n\n<style>.kb-row-layout-id14117_a030ac-f6 > .kt-row-column-wrap{align-content:start;}:where(.kb-row-layout-id14117_a030ac-f6 > .kt-row-column-wrap) > .wp-block-kadence-column{justify-content:start;}.kb-row-layout-id14117_a030ac-f6 > .kt-row-column-wrap{column-gap:var(--global-kb-gap-md, 2rem);row-gap:var(--global-kb-gap-md, 2rem);padding-top:var(--global-kb-spacing-sm, 1.5rem);padding-bottom:var(--global-kb-spacing-sm, 1.5rem);}.kb-row-layout-id14117_a030ac-f6 > .kt-row-column-wrap > div:not(.added-for-specificity){grid-column:initial;}.kb-row-layout-id14117_a030ac-f6 > .kt-row-column-wrap{grid-template-columns:repeat(3, minmax(0, 1fr));}.kb-row-layout-id14117_a030ac-f6 > .kt-row-layout-overlay{opacity:0.30;}@media all and (max-width: 1024px){.kb-row-layout-id14117_a030ac-f6 > .kt-row-column-wrap > div:not(.added-for-specificity){grid-column:initial;}}@media all and (max-width: 1024px){.kb-row-layout-id14117_a030ac-f6 > .kt-row-column-wrap{grid-template-columns:repeat(3, minmax(0, 1fr));}}@media all and (max-width: 767px){.kb-row-layout-id14117_a030ac-f6 > .kt-row-column-wrap > div:not(.added-for-specificity){grid-column:initial;}.kb-row-layout-id14117_a030ac-f6 > .kt-row-column-wrap{grid-template-columns:minmax(0, 1fr);}}<\/style><div class=\"kb-row-layout-wrap kb-row-layout-id14117_a030ac-f6 alignnone wp-block-kadence-rowlayout\"><div class=\"kt-row-column-wrap kt-has-3-columns kt-row-layout-equal kt-tab-layout-inherit kt-mobile-layout-row kt-row-valign-top\">\n<style>.kadence-column14117_dd9758-ab > .kt-inside-inner-col,.kadence-column14117_dd9758-ab > .kt-inside-inner-col:before{border-top-left-radius:0px;border-top-right-radius:0px;border-bottom-right-radius:0px;border-bottom-left-radius:0px;}.kadence-column14117_dd9758-ab > .kt-inside-inner-col{column-gap:var(--global-kb-gap-sm, 1rem);}.kadence-column14117_dd9758-ab > .kt-inside-inner-col{flex-direction:column;}.kadence-column14117_dd9758-ab > .kt-inside-inner-col > .aligncenter{width:100%;}.kadence-column14117_dd9758-ab > .kt-inside-inner-col:before{opacity:0.3;}.kadence-column14117_dd9758-ab{position:relative;}@media all and (max-width: 1024px){.kadence-column14117_dd9758-ab > .kt-inside-inner-col{flex-direction:column;justify-content:center;}}@media all and (max-width: 767px){.kadence-column14117_dd9758-ab > .kt-inside-inner-col{flex-direction:column;justify-content:center;}}<\/style>\n<div class=\"wp-block-kadence-column kadence-column14117_dd9758-ab inner-column-1\"><div class=\"kt-inside-inner-col\">\n<figure class=\"wp-block-image alignright size-full\"><a href=\"https:\/\/upjs-kosice.tematickemapy.sk\/mapa\/mapa.html\" target=\"_blank\" rel=\"noreferrer noopener\"><img loading=\"lazy\" decoding=\"async\" width=\"400\" height=\"240\" src=\"https:\/\/www.upjs.sk\/app\/uploads\/sites\/17\/2023\/01\/TematickaMapa.jpg\" alt=\"\" class=\"wp-image-14217\" srcset=\"https:\/\/www.upjs.sk\/app\/uploads\/sites\/17\/2023\/01\/TematickaMapa.jpg 400w, https:\/\/www.upjs.sk\/app\/uploads\/sites\/17\/2023\/01\/TematickaMapa-300x180.jpg 300w\" sizes=\"auto, (max-width: 400px) 100vw, 400px\" \/><\/a><\/figure>\n<\/div><\/div>\n\n\n<style>.kadence-column14117_10098d-b9 > .kt-inside-inner-col,.kadence-column14117_10098d-b9 > .kt-inside-inner-col:before{border-top-left-radius:0px;border-top-right-radius:0px;border-bottom-right-radius:0px;border-bottom-left-radius:0px;}.kadence-column14117_10098d-b9 > .kt-inside-inner-col{column-gap:var(--global-kb-gap-sm, 1rem);}.kadence-column14117_10098d-b9 > .kt-inside-inner-col{flex-direction:column;}.kadence-column14117_10098d-b9 > .kt-inside-inner-col > .aligncenter{width:100%;}.kadence-column14117_10098d-b9 > .kt-inside-inner-col:before{opacity:0.3;}.kadence-column14117_10098d-b9{position:relative;}@media all and (max-width: 1024px){.kadence-column14117_10098d-b9 > .kt-inside-inner-col{flex-direction:column;justify-content:center;}}@media all and (max-width: 767px){.kadence-column14117_10098d-b9 > .kt-inside-inner-col{flex-direction:column;justify-content:center;}}<\/style>\n<div class=\"wp-block-kadence-column kadence-column14117_10098d-b9 inner-column-2\"><div class=\"kt-inside-inner-col\"><\/div><\/div>\n\n\n<style>.kadence-column14117_f11f1f-d5 > .kt-inside-inner-col,.kadence-column14117_f11f1f-d5 > .kt-inside-inner-col:before{border-top-left-radius:0px;border-top-right-radius:0px;border-bottom-right-radius:0px;border-bottom-left-radius:0px;}.kadence-column14117_f11f1f-d5 > .kt-inside-inner-col{column-gap:var(--global-kb-gap-sm, 1rem);}.kadence-column14117_f11f1f-d5 > .kt-inside-inner-col{flex-direction:column;}.kadence-column14117_f11f1f-d5 > .kt-inside-inner-col > .aligncenter{width:100%;}.kadence-column14117_f11f1f-d5 > .kt-inside-inner-col:before{opacity:0.3;}.kadence-column14117_f11f1f-d5{position:relative;}@media all and (max-width: 1024px){.kadence-column14117_f11f1f-d5 > .kt-inside-inner-col{flex-direction:column;justify-content:center;}}@media all and (max-width: 767px){.kadence-column14117_f11f1f-d5 > .kt-inside-inner-col{flex-direction:column;justify-content:center;}}<\/style>\n<div class=\"wp-block-kadence-column kadence-column14117_f11f1f-d5 inner-column-3\"><div class=\"kt-inside-inner-col\">\n<figure class=\"wp-block-image alignleft size-full\"><a href=\"https:\/\/upjs-kosice.tematickemapy.sk\/prezentacia\/index.html\" target=\"_blank\" rel=\"noreferrer noopener\"><img loading=\"lazy\" decoding=\"async\" width=\"400\" height=\"240\" src=\"https:\/\/www.upjs.sk\/app\/uploads\/sites\/17\/2022\/10\/VirtualnaPrehliadka.jpg\" alt=\"\" class=\"wp-image-12805\" srcset=\"https:\/\/www.upjs.sk\/app\/uploads\/sites\/17\/2022\/10\/VirtualnaPrehliadka.jpg 400w, https:\/\/www.upjs.sk\/app\/uploads\/sites\/17\/2022\/10\/VirtualnaPrehliadka-300x180.jpg 300w\" sizes=\"auto, (max-width: 400px) 100vw, 400px\" \/><\/a><\/figure>\n<\/div><\/div>\n\n<\/div><\/div>","protected":false},"excerpt":{"rendered":"<p>Pavol Jozef \u0160af\u00e1rik Univerzity in Ko\u0161ice &nbsp;Centre of information and comunication technologies \u0160rob\u00e1rova 2, 041 80 Ko\u0161iceVoIP:&nbsp;+421&nbsp;55 234 1633 Ing. Jozef Janto\u0161ovi\u010dDirector CIaKTjozef.jantosovic@upjs.skVoIP: 1501 Ing. Miroslav PomikalaDeputy CIaKTmiroslav.pomikala@upjs.skVoIP: +421\u00a055 234 1520<\/p>\n","protected":false},"author":1,"featured_media":0,"parent":0,"menu_order":7,"comment_status":"closed","ping_status":"closed","template":"","meta":{"_acf_changed":false,"_editorskit_title_hidden":false,"_editorskit_reading_time":1,"_editorskit_is_block_options_detached":false,"_editorskit_block_options_position":"{}","footnotes":""},"categories":[],"tags":[],"class_list":["post-14117","page","type-page","status-publish","hentry"],"acf":{"acf_link_na_externy_obsah":""},"yoast_head":"<!-- This site is optimized with the Yoast SEO plugin v27.5 - https:\/\/yoast.com\/product\/yoast-seo-wordpress\/ -->\n<title>Contact - Centrum informa\u010dn\u00fdch a komunika\u010dn\u00fdch technol\u00f3gi\u00ed | UPJ\u0160<\/title>\n<meta name=\"robots\" content=\"index, follow, max-snippet:-1, max-image-preview:large, max-video-preview:-1\" \/>\n<link rel=\"canonical\" href=\"https:\/\/www.upjs.sk\/pracoviska\/ciakt\/en\/contact\/\" \/>\n<meta property=\"og:locale\" content=\"en_US\" \/>\n<meta property=\"og:type\" content=\"article\" \/>\n<meta property=\"og:title\" content=\"Contact - Centrum informa\u010dn\u00fdch a komunika\u010dn\u00fdch technol\u00f3gi\u00ed | UPJ\u0160\" \/>\n<meta property=\"og:description\" content=\"Pavol Jozef \u0160af\u00e1rik Univerzity in Ko\u0161ice &nbsp;Centre of information and comunication technologies \u0160rob\u00e1rova 2, 041 80 Ko\u0161iceVoIP:&nbsp;+421&nbsp;55 234 1633 Ing. Jozef Janto\u0161ovi\u010dDirector CIaKTjozef.jantosovic@upjs.skVoIP: 1501 Ing. Miroslav PomikalaDeputy CIaKTmiroslav.pomikala@upjs.skVoIP: +421\u00a055 234 1520\" \/>\n<meta property=\"og:url\" content=\"https:\/\/www.upjs.sk\/pracoviska\/ciakt\/en\/contact\/\" \/>\n<meta property=\"og:site_name\" content=\"Centrum informa\u010dn\u00fdch a komunika\u010dn\u00fdch technol\u00f3gi\u00ed | UPJ\u0160\" \/>\n<meta property=\"article:modified_time\" content=\"2025-10-21T14:07:11+00:00\" \/>\n<meta property=\"og:image\" content=\"https:\/\/www.upjs.sk\/app\/uploads\/sites\/17\/2023\/01\/budova-rektoratu-upjs.jpg\" \/>\n<meta name=\"twitter:card\" content=\"summary_large_image\" \/>\n<meta name=\"twitter:label1\" content=\"Est. reading time\" \/>\n\t<meta name=\"twitter:data1\" content=\"1 minute\" \/>\n<script type=\"application\/ld+json\" class=\"yoast-schema-graph\">{\"@context\":\"https:\\\/\\\/schema.org\",\"@graph\":[{\"@type\":\"WebPage\",\"@id\":\"https:\\\/\\\/www.upjs.sk\\\/pracoviska\\\/ciakt\\\/en\\\/contact\\\/\",\"url\":\"https:\\\/\\\/www.upjs.sk\\\/pracoviska\\\/ciakt\\\/en\\\/contact\\\/\",\"name\":\"Contact - Centrum informa\u010dn\u00fdch a komunika\u010dn\u00fdch technol\u00f3gi\u00ed | UPJ\u0160\",\"isPartOf\":{\"@id\":\"https:\\\/\\\/www.upjs.sk\\\/pracoviska\\\/ciakt\\\/en\\\/#website\"},\"primaryImageOfPage\":{\"@id\":\"https:\\\/\\\/www.upjs.sk\\\/pracoviska\\\/ciakt\\\/en\\\/contact\\\/#primaryimage\"},\"image\":{\"@id\":\"https:\\\/\\\/www.upjs.sk\\\/pracoviska\\\/ciakt\\\/en\\\/contact\\\/#primaryimage\"},\"thumbnailUrl\":\"https:\\\/\\\/www.upjs.sk\\\/app\\\/uploads\\\/sites\\\/17\\\/2023\\\/01\\\/budova-rektoratu-upjs.jpg\",\"datePublished\":\"2016-07-01T10:24:40+00:00\",\"dateModified\":\"2025-10-21T14:07:11+00:00\",\"breadcrumb\":{\"@id\":\"https:\\\/\\\/www.upjs.sk\\\/pracoviska\\\/ciakt\\\/en\\\/contact\\\/#breadcrumb\"},\"inLanguage\":\"en-US\",\"potentialAction\":[{\"@type\":\"ReadAction\",\"target\":[\"https:\\\/\\\/www.upjs.sk\\\/pracoviska\\\/ciakt\\\/en\\\/contact\\\/\"]}]},{\"@type\":\"ImageObject\",\"inLanguage\":\"en-US\",\"@id\":\"https:\\\/\\\/www.upjs.sk\\\/pracoviska\\\/ciakt\\\/en\\\/contact\\\/#primaryimage\",\"url\":\"https:\\\/\\\/www.upjs.sk\\\/app\\\/uploads\\\/sites\\\/17\\\/2023\\\/01\\\/budova-rektoratu-upjs.jpg\",\"contentUrl\":\"https:\\\/\\\/www.upjs.sk\\\/app\\\/uploads\\\/sites\\\/17\\\/2023\\\/01\\\/budova-rektoratu-upjs.jpg\"},{\"@type\":\"BreadcrumbList\",\"@id\":\"https:\\\/\\\/www.upjs.sk\\\/pracoviska\\\/ciakt\\\/en\\\/contact\\\/#breadcrumb\",\"itemListElement\":[{\"@type\":\"ListItem\",\"position\":1,\"name\":\"Home\",\"item\":\"https:\\\/\\\/www.upjs.sk\\\/pracoviska\\\/ciakt\\\/en\\\/\"},{\"@type\":\"ListItem\",\"position\":2,\"name\":\"Contact\"}]},{\"@type\":\"WebSite\",\"@id\":\"https:\\\/\\\/www.upjs.sk\\\/pracoviska\\\/ciakt\\\/en\\\/#website\",\"url\":\"https:\\\/\\\/www.upjs.sk\\\/pracoviska\\\/ciakt\\\/en\\\/\",\"name\":\"Centrum informa\u010dn\u00fdch a komunika\u010dn\u00fdch technol\u00f3gi\u00ed | UPJ\u0160\",\"description\":\"\",\"publisher\":{\"@id\":\"https:\\\/\\\/www.upjs.sk\\\/pracoviska\\\/ciakt\\\/en\\\/#organization\"},\"potentialAction\":[{\"@type\":\"SearchAction\",\"target\":{\"@type\":\"EntryPoint\",\"urlTemplate\":\"https:\\\/\\\/www.upjs.sk\\\/pracoviska\\\/ciakt\\\/en\\\/?s={search_term_string}\"},\"query-input\":{\"@type\":\"PropertyValueSpecification\",\"valueRequired\":true,\"valueName\":\"search_term_string\"}}],\"inLanguage\":\"en-US\"},{\"@type\":\"Organization\",\"@id\":\"https:\\\/\\\/www.upjs.sk\\\/pracoviska\\\/ciakt\\\/en\\\/#organization\",\"name\":\"Centrum informa\u010dn\u00fdch a komunika\u010dn\u00fdch technol\u00f3gi\u00ed | UPJ\u0160\",\"url\":\"https:\\\/\\\/www.upjs.sk\\\/pracoviska\\\/ciakt\\\/en\\\/\",\"logo\":{\"@type\":\"ImageObject\",\"inLanguage\":\"en-US\",\"@id\":\"https:\\\/\\\/www.upjs.sk\\\/pracoviska\\\/ciakt\\\/en\\\/#\\\/schema\\\/logo\\\/image\\\/\",\"url\":\"https:\\\/\\\/www.upjs.sk\\\/app\\\/uploads\\\/sites\\\/17\\\/2023\\\/01\\\/CIaKT_ENG.svg\",\"contentUrl\":\"https:\\\/\\\/www.upjs.sk\\\/app\\\/uploads\\\/sites\\\/17\\\/2023\\\/01\\\/CIaKT_ENG.svg\",\"width\":500,\"height\":138,\"caption\":\"Centrum informa\u010dn\u00fdch a komunika\u010dn\u00fdch technol\u00f3gi\u00ed | UPJ\u0160\"},\"image\":{\"@id\":\"https:\\\/\\\/www.upjs.sk\\\/pracoviska\\\/ciakt\\\/en\\\/#\\\/schema\\\/logo\\\/image\\\/\"}}]}<\/script>\n<!-- \/ Yoast SEO plugin. -->","yoast_head_json":{"title":"Contact - Centrum informa\u010dn\u00fdch a komunika\u010dn\u00fdch technol\u00f3gi\u00ed | UPJ\u0160","robots":{"index":"index","follow":"follow","max-snippet":"max-snippet:-1","max-image-preview":"max-image-preview:large","max-video-preview":"max-video-preview:-1"},"canonical":"https:\/\/www.upjs.sk\/pracoviska\/ciakt\/en\/contact\/","og_locale":"en_US","og_type":"article","og_title":"Contact - Centrum informa\u010dn\u00fdch a komunika\u010dn\u00fdch technol\u00f3gi\u00ed | UPJ\u0160","og_description":"Pavol Jozef \u0160af\u00e1rik Univerzity in Ko\u0161ice &nbsp;Centre of information and comunication technologies \u0160rob\u00e1rova 2, 041 80 Ko\u0161iceVoIP:&nbsp;+421&nbsp;55 234 1633 Ing. Jozef Janto\u0161ovi\u010dDirector CIaKTjozef.jantosovic@upjs.skVoIP: 1501 Ing. Miroslav PomikalaDeputy CIaKTmiroslav.pomikala@upjs.skVoIP: +421\u00a055 234 1520","og_url":"https:\/\/www.upjs.sk\/pracoviska\/ciakt\/en\/contact\/","og_site_name":"Centrum informa\u010dn\u00fdch a komunika\u010dn\u00fdch technol\u00f3gi\u00ed | UPJ\u0160","article_modified_time":"2025-10-21T14:07:11+00:00","og_image":[{"url":"https:\/\/www.upjs.sk\/app\/uploads\/sites\/17\/2023\/01\/budova-rektoratu-upjs.jpg","type":"","width":"","height":""}],"twitter_card":"summary_large_image","twitter_misc":{"Est. reading time":"1 minute"},"schema":{"@context":"https:\/\/schema.org","@graph":[{"@type":"WebPage","@id":"https:\/\/www.upjs.sk\/pracoviska\/ciakt\/en\/contact\/","url":"https:\/\/www.upjs.sk\/pracoviska\/ciakt\/en\/contact\/","name":"Contact - Centrum informa\u010dn\u00fdch a komunika\u010dn\u00fdch technol\u00f3gi\u00ed | UPJ\u0160","isPartOf":{"@id":"https:\/\/www.upjs.sk\/pracoviska\/ciakt\/en\/#website"},"primaryImageOfPage":{"@id":"https:\/\/www.upjs.sk\/pracoviska\/ciakt\/en\/contact\/#primaryimage"},"image":{"@id":"https:\/\/www.upjs.sk\/pracoviska\/ciakt\/en\/contact\/#primaryimage"},"thumbnailUrl":"https:\/\/www.upjs.sk\/app\/uploads\/sites\/17\/2023\/01\/budova-rektoratu-upjs.jpg","datePublished":"2016-07-01T10:24:40+00:00","dateModified":"2025-10-21T14:07:11+00:00","breadcrumb":{"@id":"https:\/\/www.upjs.sk\/pracoviska\/ciakt\/en\/contact\/#breadcrumb"},"inLanguage":"en-US","potentialAction":[{"@type":"ReadAction","target":["https:\/\/www.upjs.sk\/pracoviska\/ciakt\/en\/contact\/"]}]},{"@type":"ImageObject","inLanguage":"en-US","@id":"https:\/\/www.upjs.sk\/pracoviska\/ciakt\/en\/contact\/#primaryimage","url":"https:\/\/www.upjs.sk\/app\/uploads\/sites\/17\/2023\/01\/budova-rektoratu-upjs.jpg","contentUrl":"https:\/\/www.upjs.sk\/app\/uploads\/sites\/17\/2023\/01\/budova-rektoratu-upjs.jpg"},{"@type":"BreadcrumbList","@id":"https:\/\/www.upjs.sk\/pracoviska\/ciakt\/en\/contact\/#breadcrumb","itemListElement":[{"@type":"ListItem","position":1,"name":"Home","item":"https:\/\/www.upjs.sk\/pracoviska\/ciakt\/en\/"},{"@type":"ListItem","position":2,"name":"Contact"}]},{"@type":"WebSite","@id":"https:\/\/www.upjs.sk\/pracoviska\/ciakt\/en\/#website","url":"https:\/\/www.upjs.sk\/pracoviska\/ciakt\/en\/","name":"Centrum informa\u010dn\u00fdch a komunika\u010dn\u00fdch technol\u00f3gi\u00ed | UPJ\u0160","description":"","publisher":{"@id":"https:\/\/www.upjs.sk\/pracoviska\/ciakt\/en\/#organization"},"potentialAction":[{"@type":"SearchAction","target":{"@type":"EntryPoint","urlTemplate":"https:\/\/www.upjs.sk\/pracoviska\/ciakt\/en\/?s={search_term_string}"},"query-input":{"@type":"PropertyValueSpecification","valueRequired":true,"valueName":"search_term_string"}}],"inLanguage":"en-US"},{"@type":"Organization","@id":"https:\/\/www.upjs.sk\/pracoviska\/ciakt\/en\/#organization","name":"Centrum informa\u010dn\u00fdch a komunika\u010dn\u00fdch technol\u00f3gi\u00ed | UPJ\u0160","url":"https:\/\/www.upjs.sk\/pracoviska\/ciakt\/en\/","logo":{"@type":"ImageObject","inLanguage":"en-US","@id":"https:\/\/www.upjs.sk\/pracoviska\/ciakt\/en\/#\/schema\/logo\/image\/","url":"https:\/\/www.upjs.sk\/app\/uploads\/sites\/17\/2023\/01\/CIaKT_ENG.svg","contentUrl":"https:\/\/www.upjs.sk\/app\/uploads\/sites\/17\/2023\/01\/CIaKT_ENG.svg","width":500,"height":138,"caption":"Centrum informa\u010dn\u00fdch a komunika\u010dn\u00fdch technol\u00f3gi\u00ed | UPJ\u0160"},"image":{"@id":"https:\/\/www.upjs.sk\/pracoviska\/ciakt\/en\/#\/schema\/logo\/image\/"}}]}},"_links":{"self":[{"href":"https:\/\/www.upjs.sk\/pracoviska\/ciakt\/en\/wp-json\/wp\/v2\/pages\/14117","targetHints":{"allow":["GET"]}}],"collection":[{"href":"https:\/\/www.upjs.sk\/pracoviska\/ciakt\/en\/wp-json\/wp\/v2\/pages"}],"about":[{"href":"https:\/\/www.upjs.sk\/pracoviska\/ciakt\/en\/wp-json\/wp\/v2\/types\/page"}],"author":[{"embeddable":true,"href":"https:\/\/www.upjs.sk\/pracoviska\/ciakt\/en\/wp-json\/wp\/v2\/users\/1"}],"replies":[{"embeddable":true,"href":"https:\/\/www.upjs.sk\/pracoviska\/ciakt\/en\/wp-json\/wp\/v2\/comments?post=14117"}],"version-history":[{"count":9,"href":"https:\/\/www.upjs.sk\/pracoviska\/ciakt\/en\/wp-json\/wp\/v2\/pages\/14117\/revisions"}],"predecessor-version":[{"id":16438,"href":"https:\/\/www.upjs.sk\/pracoviska\/ciakt\/en\/wp-json\/wp\/v2\/pages\/14117\/revisions\/16438"}],"wp:attachment":[{"href":"https:\/\/www.upjs.sk\/pracoviska\/ciakt\/en\/wp-json\/wp\/v2\/media?parent=14117"}],"wp:term":[{"taxonomy":"category","embeddable":true,"href":"https:\/\/www.upjs.sk\/pracoviska\/ciakt\/en\/wp-json\/wp\/v2\/categories?post=14117"},{"taxonomy":"post_tag","embeddable":true,"href":"https:\/\/www.upjs.sk\/pracoviska\/ciakt\/en\/wp-json\/wp\/v2\/tags?post=14117"}],"curies":[{"name":"wp","href":"https:\/\/api.w.org\/{rel}","templated":true}]}}