{"id":14806,"date":"2023-04-25T11:55:23","date_gmt":"2023-04-25T11:55:23","guid":{"rendered":"https:\/\/www.upjs.sk\/pracoviska\/ciakt\/?page_id=14806"},"modified":"2025-04-09T05:29:42","modified_gmt":"2025-04-09T05:29:42","slug":"sitemap","status":"publish","type":"page","link":"https:\/\/www.upjs.sk\/pracoviska\/ciakt\/en\/sitemap\/","title":{"rendered":"Sitemap"},"content":{"rendered":"<div class=\"accordion-section\">\r\n      <h2 class=\"accordion-header mt-5 mb-1\">\r\n        Posts\r\n        <span class=\"accordion-icon\">+<\/span>\r\n      <\/h2>\r\n      <div class=\"accordion-content\">\r\n                    <ul class=\"mt-2\">\r\n                                    <li>\r\n                        <a href=\"https:\/\/www.upjs.sk\/app\/uploads\/sites\/17\/2025\/09\/aktualita-september-AIO-EN.pdf\">Notifications for incoming students<\/a>\r\n                    <\/li>\r\n                                    <li>\r\n                        <a href=\"https:\/\/www.upjs.sk\/pracoviska\/ciakt\/en\/notifications-for-graduating-students\/\">Notifications for graduating students<\/a>\r\n                    <\/li>\r\n                                    <li>\r\n                        <a href=\"https:\/\/www.upjs.sk\/app\/uploads\/sites\/17\/2024\/05\/Harmonogram-AJ-2025-26.pdf\">Prolongation and Issuance of ID cards 2025\/2026<\/a>\r\n                    <\/li>\r\n                                    <li>\r\n                        <a href=\"https:\/\/www.upjs.sk\/pracoviska\/ciakt\/en\/confirmation-of-approvals-in-ais-el-return-el-registration\/\">Confirmation of approvals in AIS &#8211; el. return, el. registration<\/a>\r\n                    <\/li>\r\n                            <\/ul>\r\n              <\/div>\r\n    <\/div>\r\n        <div class=\"accordion-section\">\r\n      <h2 class=\"accordion-header mt-5 mb-1\">\r\n        Pages\r\n        <span class=\"accordion-icon\">+<\/span>\r\n      <\/h2>\r\n      <div class=\"accordion-content\">\r\n                    <ul><li><a href=\"https:\/\/www.upjs.sk\/pracoviska\/ciakt\/en\/about-us\/\">About us<\/a><\/li><li><a href=\"https:\/\/www.upjs.sk\/pracoviska\/ciakt\/en\/news-aio\/\">News AIO<\/a><\/li><li><a href=\"https:\/\/www.upjs.sk\/pracoviska\/ciakt\/en\/sitemap\/\">Sitemap<\/a><\/li><li><a href=\"https:\/\/www.upjs.sk\/pracoviska\/ciakt\/en\/administration-of-personal-identification-cards\/\">Administration of Personal Identification Cards (AIO)<\/a><ul><li><a href=\"https:\/\/www.upjs.sk\/pracoviska\/ciakt\/en\/administration-of-personal-identification-cards\/office-hours\/\">Office hours<\/a><\/li><li><a href=\"https:\/\/www.upjs.sk\/pracoviska\/ciakt\/en\/administration-of-personal-identification-cards\/contact-aio\/\">Contact AIO<\/a><\/li><\/ul><\/li><li><a href=\"https:\/\/www.upjs.sk\/pracoviska\/ciakt\/en\/personal-identification-cards-pik\/\">Personal identification cards PIK<\/a><\/li><li><a href=\"https:\/\/www.upjs.sk\/pracoviska\/ciakt\/en\/pristupove-systemy\/\">Access systems<\/a><\/li><li><a href=\"https:\/\/www.upjs.sk\/pracoviska\/ciakt\/en\/how-to\/\">How-to<\/a><ul><li><a href=\"https:\/\/www.upjs.sk\/pracoviska\/ciakt\/en\/how-to\/firewall\/\">University firewall<\/a><\/li><li><a href=\"https:\/\/www.upjs.sk\/pracoviska\/ciakt\/en\/how-to\/contacts\/\">Helpdesk &#8211; contacts<\/a><\/li><li><a href=\"https:\/\/www.upjs.sk\/pracoviska\/ciakt\/en\/how-to\/wifi\/\">WIFI<\/a><ul><li><a href=\"https:\/\/www.upjs.sk\/pracoviska\/ciakt\/en\/how-to\/wifi\/windows\/\">How to setup Windows 8 &#8211; 10 for access to WIFI network.<\/a><\/li><li><a href=\"https:\/\/www.upjs.sk\/pracoviska\/ciakt\/en\/how-to\/wifi\/how-to-setup-password\/\">How to setup password<\/a><\/li><li><a href=\"https:\/\/www.upjs.sk\/pracoviska\/ciakt\/en\/how-to\/wifi\/linux-network-manager\/\">How to setup Linux for access to WIFI network. [ Network Manager ]<\/a><\/li><li><a href=\"https:\/\/www.upjs.sk\/pracoviska\/ciakt\/en\/how-to\/wifi\/linux-wpa-supplicant\/\">How to setup Linux for access to WIFI network. [ WPA supplicant ]<\/a><\/li><\/ul><\/li><li><a href=\"https:\/\/www.upjs.sk\/pracoviska\/ciakt\/en\/how-to\/rules-saunet\/\">Rules of Operation of the SAUNET computer network at Pavol Jozef \u0160af\u00e1rik University in Ko\u0161ice and its units<\/a><\/li><li><a href=\"https:\/\/www.upjs.sk\/pracoviska\/ciakt\/en\/how-to\/proxy\/\">Proxy &#8211; How to setup client to access. Access to electronic informaction resources<\/a><ul><li><a href=\"https:\/\/www.upjs.sk\/pracoviska\/ciakt\/en\/how-to\/proxy\/opera\/\">How to setup Opera<\/a><\/li><li><a href=\"https:\/\/www.upjs.sk\/pracoviska\/ciakt\/en\/how-to\/proxy\/chrome\/\">How to setup Google Chrome<\/a><\/li><li><a href=\"https:\/\/www.upjs.sk\/pracoviska\/ciakt\/en\/how-to\/proxy\/ff\/\">How to setup Firefox<\/a><\/li><li><a href=\"https:\/\/www.upjs.sk\/pracoviska\/ciakt\/en\/how-to\/proxy\/edge\/\">How to setup Microsoft Edge<\/a><\/li><\/ul><\/li><li><a href=\"https:\/\/www.upjs.sk\/pracoviska\/ciakt\/en\/how-to\/teams\/\">Teams<\/a><\/li><li><a href=\"https:\/\/www.upjs.sk\/pracoviska\/ciakt\/en\/how-to\/employee-portal\/\">Employee Portal &#8211; ESS<\/a><\/li><li><a href=\"https:\/\/www.upjs.sk\/pracoviska\/ciakt\/en\/how-to\/email\/\">E-mail<\/a><\/li><li><a href=\"https:\/\/www.upjs.sk\/pracoviska\/ciakt\/en\/how-to\/vpn\/\">Virtual Private Network<\/a><ul><li><a href=\"https:\/\/www.upjs.sk\/pracoviska\/ciakt\/en\/how-to\/vpn\/openvpn-windows10\/\">How to setup OpenVPN client for Windows<\/a><\/li><\/ul><\/li><li><a href=\"https:\/\/www.upjs.sk\/pracoviska\/ciakt\/en\/how-to\/attendance-lectures\/\">Attendance at lectures lecture room M5<\/a><\/li><\/ul><\/li><li><a href=\"https:\/\/www.upjs.sk\/pracoviska\/ciakt\/en\/change-password-for-wifi-proxy-openvpn\/\">Change password for WiFi\/Proxy\/OpenVPN<\/a><\/li><li><a href=\"https:\/\/www.upjs.sk\/pracoviska\/ciakt\/en\/contact\/\">Contact<\/a><\/li><li><a href=\"https:\/\/www.upjs.sk\/pracoviska\/ciakt\/en\/staff\/\">Contact &#8211; staff<\/a><\/li><\/ul>              <\/div>\r\n    <\/div>\r\n        <div class=\"accordion-section\">\r\n      <h2 class=\"accordion-header mt-5 mb-1\">\r\n        News\r\n        <span class=\"accordion-icon\">+<\/span>\r\n      <\/h2>\r\n      <div class=\"accordion-content\">\r\n                    <ul class=\"mt-2\">\r\n                                    <li>\r\n                        <a href=\"https:\/\/www.upjs.sk\/pracoviska\/ciakt\/en\/actuality\/payment-gateway-2019\/\">Payment gateway<\/a>\r\n                    <\/li>\r\n                                    <li>\r\n                        <a href=\"https:\/\/www.upjs.sk\/pracoviska\/ciakt\/en\/actuality\/blocked-email-forwarding\/\">Blocked email forwarding<\/a>\r\n                    <\/li>\r\n                                    <li>\r\n                        <a href=\"https:\/\/www.upjs.sk\/pracoviska\/ciakt\/en\/actuality\/odstavka-platobneho-portalu-v-ais2\/\">Closure card payments in AIS2<\/a>\r\n                    <\/li>\r\n                            <\/ul>\r\n              <\/div>\r\n    <\/div>\r\n\r\n\r\n\r\n<style type=\"text\/css\">\r\n    .content-single-content{\r\n        margin-top: 2em;\r\n    }\r\n    .content-single ul,\r\n    .content-single ul ul {\r\n    margin: inherit;\r\n    }\r\n    .accordion-header {\r\n    cursor: pointer;\r\n    background: #f1f1f1;\r\n    padding: 10px;\r\n    margin: 0;\r\n    transition: background 0.3s;\r\n    display: flex;\r\n    justify-content: space-between;\r\n    align-items: center;\r\n    }\r\n    .accordion-header:hover {\r\n    background: #e2e2e2;\r\n    }\r\n    .accordion-icon {\r\n    font-weight: bold;\r\n    margin-left: 10px;\r\n    }\r\n    .accordion-content {\r\n    overflow: hidden;\r\n    max-height: 0;\r\n    transition: max-height 0.35s ease;\r\n    }\r\n    .accordion-content ul,\r\n    .accordion-content ul ul {\r\n    margin: inherit;\r\n    }\r\n<\/style>\r\n\r\n<script>\r\n    document.addEventListener('DOMContentLoaded', function () {\r\n    const headers = document.querySelectorAll('.accordion-header');\r\n    \r\n    headers.forEach(header => {\r\n        header.addEventListener('click', function() {\r\n        \/\/ Zatvor\u00edme v\u0161etky otvoren\u00e9 sekcie okrem aktu\u00e1lnej\r\n        document.querySelectorAll('.accordion-content.active').forEach(content => {\r\n            if (content !== header.nextElementSibling) {\r\n            content.style.maxHeight = null;\r\n            content.classList.remove('active');\r\n            const otherHeader = content.previousElementSibling;\r\n            if (otherHeader) {\r\n                const otherIcon = otherHeader.querySelector('.accordion-icon');\r\n                if(otherIcon) {\r\n                otherIcon.textContent = '+';\r\n                }\r\n            }\r\n            }\r\n        });\r\n        \r\n        const content = header.nextElementSibling;\r\n        const icon = header.querySelector('.accordion-icon');\r\n        \/\/ Prepnutie aktu\u00e1lnej sekcie\r\n        if (content.classList.contains('active')) {\r\n            content.style.maxHeight = null;\r\n            content.classList.remove('active');\r\n            if (icon) {\r\n                icon.textContent = '+';\r\n            }\r\n        } else {\r\n            content.style.maxHeight = content.scrollHeight + 'px';\r\n            content.classList.add('active');\r\n            if (icon) {\r\n                icon.textContent = '-';\r\n            }\r\n        }\r\n        });\r\n    });\r\n    });\r\n<\/script>\r\n    \r\n","protected":false},"excerpt":{"rendered":"","protected":false},"author":7,"featured_media":0,"parent":0,"menu_order":1,"comment_status":"closed","ping_status":"closed","template":"","meta":{"_acf_changed":false,"_editorskit_title_hidden":false,"_editorskit_reading_time":1,"_editorskit_is_block_options_detached":false,"_editorskit_block_options_position":"{}","footnotes":""},"categories":[],"tags":[],"class_list":["post-14806","page","type-page","status-publish","hentry"],"acf":{"acf_link_na_externy_obsah":""},"yoast_head":"<!-- This site is optimized with the Yoast SEO plugin v27.2 - https:\/\/yoast.com\/product\/yoast-seo-wordpress\/ -->\n<title>Sitemap - Centrum informa\u010dn\u00fdch a komunika\u010dn\u00fdch technol\u00f3gi\u00ed | UPJ\u0160<\/title>\n<meta name=\"robots\" content=\"index, follow, max-snippet:-1, max-image-preview:large, max-video-preview:-1\" \/>\n<link rel=\"canonical\" href=\"https:\/\/www.upjs.sk\/pracoviska\/ciakt\/en\/sitemap\/\" \/>\n<meta property=\"og:locale\" content=\"en_US\" \/>\n<meta property=\"og:type\" content=\"article\" \/>\n<meta property=\"og:title\" content=\"Sitemap - Centrum informa\u010dn\u00fdch a komunika\u010dn\u00fdch technol\u00f3gi\u00ed | UPJ\u0160\" \/>\n<meta property=\"og:url\" content=\"https:\/\/www.upjs.sk\/pracoviska\/ciakt\/en\/sitemap\/\" \/>\n<meta property=\"og:site_name\" content=\"Centrum informa\u010dn\u00fdch a komunika\u010dn\u00fdch technol\u00f3gi\u00ed | UPJ\u0160\" \/>\n<meta property=\"article:modified_time\" content=\"2025-04-09T05:29:42+00:00\" \/>\n<meta name=\"twitter:card\" content=\"summary_large_image\" \/>\n<script type=\"application\/ld+json\" class=\"yoast-schema-graph\">{\"@context\":\"https:\/\/schema.org\",\"@graph\":[{\"@type\":\"WebPage\",\"@id\":\"https:\/\/www.upjs.sk\/pracoviska\/ciakt\/en\/sitemap\/\",\"url\":\"https:\/\/www.upjs.sk\/pracoviska\/ciakt\/en\/sitemap\/\",\"name\":\"Sitemap - Centrum informa\u010dn\u00fdch a komunika\u010dn\u00fdch technol\u00f3gi\u00ed | UPJ\u0160\",\"isPartOf\":{\"@id\":\"https:\/\/www.upjs.sk\/pracoviska\/ciakt\/en\/#website\"},\"datePublished\":\"2023-04-25T11:55:23+00:00\",\"dateModified\":\"2025-04-09T05:29:42+00:00\",\"breadcrumb\":{\"@id\":\"https:\/\/www.upjs.sk\/pracoviska\/ciakt\/en\/sitemap\/#breadcrumb\"},\"inLanguage\":\"en-US\",\"potentialAction\":[{\"@type\":\"ReadAction\",\"target\":[\"https:\/\/www.upjs.sk\/pracoviska\/ciakt\/en\/sitemap\/\"]}]},{\"@type\":\"BreadcrumbList\",\"@id\":\"https:\/\/www.upjs.sk\/pracoviska\/ciakt\/en\/sitemap\/#breadcrumb\",\"itemListElement\":[{\"@type\":\"ListItem\",\"position\":1,\"name\":\"Home\",\"item\":\"https:\/\/www.upjs.sk\/pracoviska\/ciakt\/en\/\"},{\"@type\":\"ListItem\",\"position\":2,\"name\":\"Sitemap\"}]},{\"@type\":\"WebSite\",\"@id\":\"https:\/\/www.upjs.sk\/pracoviska\/ciakt\/en\/#website\",\"url\":\"https:\/\/www.upjs.sk\/pracoviska\/ciakt\/en\/\",\"name\":\"Centrum informa\u010dn\u00fdch a komunika\u010dn\u00fdch technol\u00f3gi\u00ed | UPJ\u0160\",\"description\":\"\",\"publisher\":{\"@id\":\"https:\/\/www.upjs.sk\/pracoviska\/ciakt\/en\/#organization\"},\"potentialAction\":[{\"@type\":\"SearchAction\",\"target\":{\"@type\":\"EntryPoint\",\"urlTemplate\":\"https:\/\/www.upjs.sk\/pracoviska\/ciakt\/en\/?s={search_term_string}\"},\"query-input\":{\"@type\":\"PropertyValueSpecification\",\"valueRequired\":true,\"valueName\":\"search_term_string\"}}],\"inLanguage\":\"en-US\"},{\"@type\":\"Organization\",\"@id\":\"https:\/\/www.upjs.sk\/pracoviska\/ciakt\/en\/#organization\",\"name\":\"Centrum informa\u010dn\u00fdch a komunika\u010dn\u00fdch technol\u00f3gi\u00ed | UPJ\u0160\",\"url\":\"https:\/\/www.upjs.sk\/pracoviska\/ciakt\/en\/\",\"logo\":{\"@type\":\"ImageObject\",\"inLanguage\":\"en-US\",\"@id\":\"https:\/\/www.upjs.sk\/pracoviska\/ciakt\/en\/#\/schema\/logo\/image\/\",\"url\":\"https:\/\/www.upjs.sk\/app\/uploads\/sites\/17\/2023\/01\/CIaKT_ENG.svg\",\"contentUrl\":\"https:\/\/www.upjs.sk\/app\/uploads\/sites\/17\/2023\/01\/CIaKT_ENG.svg\",\"width\":500,\"height\":138,\"caption\":\"Centrum informa\u010dn\u00fdch a komunika\u010dn\u00fdch technol\u00f3gi\u00ed | UPJ\u0160\"},\"image\":{\"@id\":\"https:\/\/www.upjs.sk\/pracoviska\/ciakt\/en\/#\/schema\/logo\/image\/\"}}]}<\/script>\n<!-- \/ Yoast SEO plugin. -->","yoast_head_json":{"title":"Sitemap - Centrum informa\u010dn\u00fdch a komunika\u010dn\u00fdch technol\u00f3gi\u00ed | UPJ\u0160","robots":{"index":"index","follow":"follow","max-snippet":"max-snippet:-1","max-image-preview":"max-image-preview:large","max-video-preview":"max-video-preview:-1"},"canonical":"https:\/\/www.upjs.sk\/pracoviska\/ciakt\/en\/sitemap\/","og_locale":"en_US","og_type":"article","og_title":"Sitemap - Centrum informa\u010dn\u00fdch a komunika\u010dn\u00fdch technol\u00f3gi\u00ed | UPJ\u0160","og_url":"https:\/\/www.upjs.sk\/pracoviska\/ciakt\/en\/sitemap\/","og_site_name":"Centrum informa\u010dn\u00fdch a komunika\u010dn\u00fdch technol\u00f3gi\u00ed | UPJ\u0160","article_modified_time":"2025-04-09T05:29:42+00:00","twitter_card":"summary_large_image","schema":{"@context":"https:\/\/schema.org","@graph":[{"@type":"WebPage","@id":"https:\/\/www.upjs.sk\/pracoviska\/ciakt\/en\/sitemap\/","url":"https:\/\/www.upjs.sk\/pracoviska\/ciakt\/en\/sitemap\/","name":"Sitemap - Centrum informa\u010dn\u00fdch a komunika\u010dn\u00fdch technol\u00f3gi\u00ed | UPJ\u0160","isPartOf":{"@id":"https:\/\/www.upjs.sk\/pracoviska\/ciakt\/en\/#website"},"datePublished":"2023-04-25T11:55:23+00:00","dateModified":"2025-04-09T05:29:42+00:00","breadcrumb":{"@id":"https:\/\/www.upjs.sk\/pracoviska\/ciakt\/en\/sitemap\/#breadcrumb"},"inLanguage":"en-US","potentialAction":[{"@type":"ReadAction","target":["https:\/\/www.upjs.sk\/pracoviska\/ciakt\/en\/sitemap\/"]}]},{"@type":"BreadcrumbList","@id":"https:\/\/www.upjs.sk\/pracoviska\/ciakt\/en\/sitemap\/#breadcrumb","itemListElement":[{"@type":"ListItem","position":1,"name":"Home","item":"https:\/\/www.upjs.sk\/pracoviska\/ciakt\/en\/"},{"@type":"ListItem","position":2,"name":"Sitemap"}]},{"@type":"WebSite","@id":"https:\/\/www.upjs.sk\/pracoviska\/ciakt\/en\/#website","url":"https:\/\/www.upjs.sk\/pracoviska\/ciakt\/en\/","name":"Centrum informa\u010dn\u00fdch a komunika\u010dn\u00fdch technol\u00f3gi\u00ed | UPJ\u0160","description":"","publisher":{"@id":"https:\/\/www.upjs.sk\/pracoviska\/ciakt\/en\/#organization"},"potentialAction":[{"@type":"SearchAction","target":{"@type":"EntryPoint","urlTemplate":"https:\/\/www.upjs.sk\/pracoviska\/ciakt\/en\/?s={search_term_string}"},"query-input":{"@type":"PropertyValueSpecification","valueRequired":true,"valueName":"search_term_string"}}],"inLanguage":"en-US"},{"@type":"Organization","@id":"https:\/\/www.upjs.sk\/pracoviska\/ciakt\/en\/#organization","name":"Centrum informa\u010dn\u00fdch a komunika\u010dn\u00fdch technol\u00f3gi\u00ed | UPJ\u0160","url":"https:\/\/www.upjs.sk\/pracoviska\/ciakt\/en\/","logo":{"@type":"ImageObject","inLanguage":"en-US","@id":"https:\/\/www.upjs.sk\/pracoviska\/ciakt\/en\/#\/schema\/logo\/image\/","url":"https:\/\/www.upjs.sk\/app\/uploads\/sites\/17\/2023\/01\/CIaKT_ENG.svg","contentUrl":"https:\/\/www.upjs.sk\/app\/uploads\/sites\/17\/2023\/01\/CIaKT_ENG.svg","width":500,"height":138,"caption":"Centrum informa\u010dn\u00fdch a komunika\u010dn\u00fdch technol\u00f3gi\u00ed | UPJ\u0160"},"image":{"@id":"https:\/\/www.upjs.sk\/pracoviska\/ciakt\/en\/#\/schema\/logo\/image\/"}}]}},"_links":{"self":[{"href":"https:\/\/www.upjs.sk\/pracoviska\/ciakt\/en\/wp-json\/wp\/v2\/pages\/14806","targetHints":{"allow":["GET"]}}],"collection":[{"href":"https:\/\/www.upjs.sk\/pracoviska\/ciakt\/en\/wp-json\/wp\/v2\/pages"}],"about":[{"href":"https:\/\/www.upjs.sk\/pracoviska\/ciakt\/en\/wp-json\/wp\/v2\/types\/page"}],"author":[{"embeddable":true,"href":"https:\/\/www.upjs.sk\/pracoviska\/ciakt\/en\/wp-json\/wp\/v2\/users\/7"}],"replies":[{"embeddable":true,"href":"https:\/\/www.upjs.sk\/pracoviska\/ciakt\/en\/wp-json\/wp\/v2\/comments?post=14806"}],"version-history":[{"count":2,"href":"https:\/\/www.upjs.sk\/pracoviska\/ciakt\/en\/wp-json\/wp\/v2\/pages\/14806\/revisions"}],"predecessor-version":[{"id":16249,"href":"https:\/\/www.upjs.sk\/pracoviska\/ciakt\/en\/wp-json\/wp\/v2\/pages\/14806\/revisions\/16249"}],"wp:attachment":[{"href":"https:\/\/www.upjs.sk\/pracoviska\/ciakt\/en\/wp-json\/wp\/v2\/media?parent=14806"}],"wp:term":[{"taxonomy":"category","embeddable":true,"href":"https:\/\/www.upjs.sk\/pracoviska\/ciakt\/en\/wp-json\/wp\/v2\/categories?post=14806"},{"taxonomy":"post_tag","embeddable":true,"href":"https:\/\/www.upjs.sk\/pracoviska\/ciakt\/en\/wp-json\/wp\/v2\/tags?post=14806"}],"curies":[{"name":"wp","href":"https:\/\/api.w.org\/{rel}","templated":true}]}}