{"id":15185,"date":"2023-06-12T08:23:50","date_gmt":"2023-06-12T08:23:50","guid":{"rendered":"https:\/\/www.upjs.sk\/pracoviska\/ciakt\/?page_id=15185"},"modified":"2025-09-25T10:10:04","modified_gmt":"2025-09-25T10:10:04","slug":"contact-aio","status":"publish","type":"page","link":"https:\/\/www.upjs.sk\/pracoviska\/ciakt\/en\/administration-of-personal-identification-cards\/contact-aio\/","title":{"rendered":"Contact AIO"},"content":{"rendered":"<style>.kb-row-layout-id15185_9316d4-8d > .kt-row-column-wrap{align-content:start;}:where(.kb-row-layout-id15185_9316d4-8d > .kt-row-column-wrap) > .wp-block-kadence-column{justify-content:start;}.kb-row-layout-id15185_9316d4-8d > .kt-row-column-wrap{column-gap:var(--global-kb-gap-md, 2rem);row-gap:var(--global-kb-gap-md, 2rem);padding-top:var(--global-kb-spacing-xs, 1rem);padding-bottom:var(--global-kb-spacing-xs, 1rem);grid-template-columns:minmax(0, calc(60% - ((var(--global-kb-gap-md, 2rem) * 1 )\/2)))minmax(0, calc(40% - ((var(--global-kb-gap-md, 2rem) * 1 )\/2)));}.kb-row-layout-id15185_9316d4-8d > .kt-row-layout-overlay{opacity:0.30;}@media all and (max-width: 1024px){.kb-row-layout-id15185_9316d4-8d > .kt-row-column-wrap{grid-template-columns:minmax(0, 2fr) minmax(0, 1fr);}}@media all and (max-width: 767px){.kb-row-layout-id15185_9316d4-8d > .kt-row-column-wrap{grid-template-columns:minmax(0, 1fr);}}<\/style><div class=\"kb-row-layout-wrap kb-row-layout-id15185_9316d4-8d alignnone wp-block-kadence-rowlayout\"><div class=\"kt-row-column-wrap kt-has-2-columns kt-row-layout-left-golden kt-tab-layout-inherit kt-mobile-layout-row kt-row-valign-top\">\n<style>.kadence-column15185_e876fe-3a > .kt-inside-inner-col,.kadence-column15185_e876fe-3a > .kt-inside-inner-col:before{border-top-left-radius:0px;border-top-right-radius:0px;border-bottom-right-radius:0px;border-bottom-left-radius:0px;}.kadence-column15185_e876fe-3a > .kt-inside-inner-col{column-gap:var(--global-kb-gap-sm, 1rem);}.kadence-column15185_e876fe-3a > .kt-inside-inner-col{flex-direction:column;}.kadence-column15185_e876fe-3a > .kt-inside-inner-col > .aligncenter{width:100%;}.kadence-column15185_e876fe-3a > .kt-inside-inner-col:before{opacity:0.3;}.kadence-column15185_e876fe-3a{position:relative;}@media all and (max-width: 1024px){.kadence-column15185_e876fe-3a > .kt-inside-inner-col{flex-direction:column;justify-content:center;}}@media all and (max-width: 767px){.kadence-column15185_e876fe-3a > .kt-inside-inner-col{flex-direction:column;justify-content:center;}}<\/style>\n<div class=\"wp-block-kadence-column kadence-column15185_e876fe-3a\"><div class=\"kt-inside-inner-col\">\n<p><strong><mark style=\"background-color:#ffffff\" class=\"has-inline-color has-zakladna-modra-color\">Spr\u00e1va AIO,  CIaKT UPJ\u0160   v Ko\u0161iciach<\/mark><\/strong><br>\u0160rob\u00e1rova 2, 1st floor, no. door 120<br> 041 80 Ko\u0161ice<br>e-mail: aio@upjs.sk<\/p>\n\n\n\n<p><strong><mark style=\"background-color:rgba(0, 0, 0, 0)\" class=\"has-inline-color has-zakladna-modra-color\">Staff:<\/mark><\/strong><br><strong>Ing. M\u00e1ria Vel\u0161midov\u00e1<\/strong><br>e-mail: maria.velsmidova@upjs.sk<br>Tel.: +421\/55 234 1514<br><br><strong>Helena Sedl\u00e1kov\u00e1<\/strong><br>e-mail: helena.sedlakova@upjs.sk<br>Tel.: +421\/55 234 1511<\/p>\n\n\n\n<p><strong>Ing. Jana Sninsk\u00e1<\/strong><br>e-mail: jana.sninska@upjs.sk<br>Tel.: 055 234 1512<\/p>\n\n\n\n<p><mark style=\"background-color:rgba(0, 0, 0, 0)\" class=\"has-inline-color has-zakladna-zlata-color\">In case that you are contacting us via e-mail, write your name, surname and faculty. Emails from university e-mail address are prefered.<\/mark><\/p>\n<\/div><\/div>\n\n\n<style>.kadence-column15185_48171c-d5 > .kt-inside-inner-col,.kadence-column15185_48171c-d5 > .kt-inside-inner-col:before{border-top-left-radius:0px;border-top-right-radius:0px;border-bottom-right-radius:0px;border-bottom-left-radius:0px;}.kadence-column15185_48171c-d5 > .kt-inside-inner-col{column-gap:var(--global-kb-gap-sm, 1rem);}.kadence-column15185_48171c-d5 > .kt-inside-inner-col{flex-direction:column;}.kadence-column15185_48171c-d5 > .kt-inside-inner-col > .aligncenter{width:100%;}.kadence-column15185_48171c-d5 > .kt-inside-inner-col:before{opacity:0.3;}.kadence-column15185_48171c-d5{position:relative;}@media all and (max-width: 1024px){.kadence-column15185_48171c-d5 > .kt-inside-inner-col{flex-direction:column;justify-content:center;}}@media all and (max-width: 767px){.kadence-column15185_48171c-d5 > .kt-inside-inner-col{flex-direction:column;justify-content:center;}}<\/style>\n<div class=\"wp-block-kadence-column kadence-column15185_48171c-d5\"><div class=\"kt-inside-inner-col\">\n<p><a href=\"https:\/\/upjs-kosice.tematickemapy.sk\/prezentacia\/index.html\" target=\"_blank\" rel=\"noreferrer noopener\"><img decoding=\"async\" style=\"width: 100%;\" src=\"https:\/\/www.upjs.sk\/app\/uploads\/sites\/17\/2022\/10\/VirtualnaPrehliadka.jpg\" alt=\"\"><\/a><\/p>\n<\/div><\/div>\n\n<\/div><\/div>\n\n\n<p><\/p>\n","protected":false},"excerpt":{"rendered":"<p>Spr\u00e1va AIO, CIaKT UPJ\u0160 v Ko\u0161iciach\u0160rob\u00e1rova 2, 1st floor, no. door 120 041 80 Ko\u0161icee-mail: aio@upjs.sk Staff:Ing. M\u00e1ria Vel\u0161midov\u00e1e-mail: maria.velsmidova@upjs.skTel.: +421\/55 234 1514 Helena Sedl\u00e1kov\u00e1e-mail: helena.sedlakova@upjs.skTel.: +421\/55 234 1511 Ing. Jana Sninsk\u00e1e-mail: jana.sninska@upjs.skTel.: 055 234 1512 In case that you are contacting us via e-mail, write your name, surname and faculty. Emails from university e-mail &hellip; <a href=\"https:\/\/www.upjs.sk\/pracoviska\/ciakt\/en\/administration-of-personal-identification-cards\/contact-aio\/\">Continued<\/a><\/p>\n","protected":false},"author":16,"featured_media":0,"parent":13953,"menu_order":1,"comment_status":"closed","ping_status":"closed","template":"","meta":{"_acf_changed":false,"_editorskit_title_hidden":false,"_editorskit_reading_time":1,"_editorskit_is_block_options_detached":false,"_editorskit_block_options_position":"{}","footnotes":""},"categories":[],"tags":[],"class_list":["post-15185","page","type-page","status-publish","hentry"],"acf":{"acf_link_na_externy_obsah":""},"yoast_head":"<!-- This site is optimized with the Yoast SEO plugin v27.4 - https:\/\/yoast.com\/product\/yoast-seo-wordpress\/ -->\n<title>Contact AIO - Centrum informa\u010dn\u00fdch a komunika\u010dn\u00fdch technol\u00f3gi\u00ed | UPJ\u0160<\/title>\n<meta name=\"robots\" content=\"index, follow, max-snippet:-1, max-image-preview:large, max-video-preview:-1\" \/>\n<link rel=\"canonical\" href=\"https:\/\/www.upjs.sk\/pracoviska\/ciakt\/en\/administration-of-personal-identification-cards\/contact-aio\/\" \/>\n<meta property=\"og:locale\" content=\"en_US\" \/>\n<meta property=\"og:type\" content=\"article\" \/>\n<meta property=\"og:title\" content=\"Contact AIO - Centrum informa\u010dn\u00fdch a komunika\u010dn\u00fdch technol\u00f3gi\u00ed | UPJ\u0160\" \/>\n<meta property=\"og:description\" content=\"Spr\u00e1va AIO, CIaKT UPJ\u0160 v Ko\u0161iciach\u0160rob\u00e1rova 2, 1st floor, no. door 120 041 80 Ko\u0161icee-mail: aio@upjs.sk Staff:Ing. M\u00e1ria Vel\u0161midov\u00e1e-mail: maria.velsmidova@upjs.skTel.: +421\/55 234 1514 Helena Sedl\u00e1kov\u00e1e-mail: helena.sedlakova@upjs.skTel.: +421\/55 234 1511 Ing. Jana Sninsk\u00e1e-mail: jana.sninska@upjs.skTel.: 055 234 1512 In case that you are contacting us via e-mail, write your name, surname and faculty. Emails from university e-mail &hellip; Continued\" \/>\n<meta property=\"og:url\" content=\"https:\/\/www.upjs.sk\/pracoviska\/ciakt\/en\/administration-of-personal-identification-cards\/contact-aio\/\" \/>\n<meta property=\"og:site_name\" content=\"Centrum informa\u010dn\u00fdch a komunika\u010dn\u00fdch technol\u00f3gi\u00ed | UPJ\u0160\" \/>\n<meta property=\"article:modified_time\" content=\"2025-09-25T10:10:04+00:00\" \/>\n<meta property=\"og:image\" content=\"https:\/\/www.upjs.sk\/app\/uploads\/sites\/17\/2022\/10\/VirtualnaPrehliadka.jpg\" \/>\n<meta name=\"twitter:card\" content=\"summary_large_image\" \/>\n<meta name=\"twitter:label1\" content=\"Est. reading time\" \/>\n\t<meta name=\"twitter:data1\" content=\"1 minute\" \/>\n<script type=\"application\/ld+json\" class=\"yoast-schema-graph\">{\"@context\":\"https:\\\/\\\/schema.org\",\"@graph\":[{\"@type\":\"WebPage\",\"@id\":\"https:\\\/\\\/www.upjs.sk\\\/pracoviska\\\/ciakt\\\/en\\\/administration-of-personal-identification-cards\\\/contact-aio\\\/\",\"url\":\"https:\\\/\\\/www.upjs.sk\\\/pracoviska\\\/ciakt\\\/en\\\/administration-of-personal-identification-cards\\\/contact-aio\\\/\",\"name\":\"Contact AIO - Centrum informa\u010dn\u00fdch a komunika\u010dn\u00fdch technol\u00f3gi\u00ed | UPJ\u0160\",\"isPartOf\":{\"@id\":\"https:\\\/\\\/www.upjs.sk\\\/pracoviska\\\/ciakt\\\/en\\\/#website\"},\"primaryImageOfPage\":{\"@id\":\"https:\\\/\\\/www.upjs.sk\\\/pracoviska\\\/ciakt\\\/en\\\/administration-of-personal-identification-cards\\\/contact-aio\\\/#primaryimage\"},\"image\":{\"@id\":\"https:\\\/\\\/www.upjs.sk\\\/pracoviska\\\/ciakt\\\/en\\\/administration-of-personal-identification-cards\\\/contact-aio\\\/#primaryimage\"},\"thumbnailUrl\":\"https:\\\/\\\/www.upjs.sk\\\/app\\\/uploads\\\/sites\\\/17\\\/2022\\\/10\\\/VirtualnaPrehliadka.jpg\",\"datePublished\":\"2023-06-12T08:23:50+00:00\",\"dateModified\":\"2025-09-25T10:10:04+00:00\",\"breadcrumb\":{\"@id\":\"https:\\\/\\\/www.upjs.sk\\\/pracoviska\\\/ciakt\\\/en\\\/administration-of-personal-identification-cards\\\/contact-aio\\\/#breadcrumb\"},\"inLanguage\":\"en-US\",\"potentialAction\":[{\"@type\":\"ReadAction\",\"target\":[\"https:\\\/\\\/www.upjs.sk\\\/pracoviska\\\/ciakt\\\/en\\\/administration-of-personal-identification-cards\\\/contact-aio\\\/\"]}]},{\"@type\":\"ImageObject\",\"inLanguage\":\"en-US\",\"@id\":\"https:\\\/\\\/www.upjs.sk\\\/pracoviska\\\/ciakt\\\/en\\\/administration-of-personal-identification-cards\\\/contact-aio\\\/#primaryimage\",\"url\":\"https:\\\/\\\/www.upjs.sk\\\/app\\\/uploads\\\/sites\\\/17\\\/2022\\\/10\\\/VirtualnaPrehliadka.jpg\",\"contentUrl\":\"https:\\\/\\\/www.upjs.sk\\\/app\\\/uploads\\\/sites\\\/17\\\/2022\\\/10\\\/VirtualnaPrehliadka.jpg\"},{\"@type\":\"BreadcrumbList\",\"@id\":\"https:\\\/\\\/www.upjs.sk\\\/pracoviska\\\/ciakt\\\/en\\\/administration-of-personal-identification-cards\\\/contact-aio\\\/#breadcrumb\",\"itemListElement\":[{\"@type\":\"ListItem\",\"position\":1,\"name\":\"Home\",\"item\":\"https:\\\/\\\/www.upjs.sk\\\/pracoviska\\\/ciakt\\\/en\\\/\"},{\"@type\":\"ListItem\",\"position\":2,\"name\":\"Administration of Personal Identification Cards (AIO)\",\"item\":\"https:\\\/\\\/www.upjs.sk\\\/pracoviska\\\/ciakt\\\/en\\\/aio\\\/\"},{\"@type\":\"ListItem\",\"position\":3,\"name\":\"Contact AIO\"}]},{\"@type\":\"WebSite\",\"@id\":\"https:\\\/\\\/www.upjs.sk\\\/pracoviska\\\/ciakt\\\/en\\\/#website\",\"url\":\"https:\\\/\\\/www.upjs.sk\\\/pracoviska\\\/ciakt\\\/en\\\/\",\"name\":\"Centrum informa\u010dn\u00fdch a komunika\u010dn\u00fdch technol\u00f3gi\u00ed | UPJ\u0160\",\"description\":\"\",\"publisher\":{\"@id\":\"https:\\\/\\\/www.upjs.sk\\\/pracoviska\\\/ciakt\\\/en\\\/#organization\"},\"potentialAction\":[{\"@type\":\"SearchAction\",\"target\":{\"@type\":\"EntryPoint\",\"urlTemplate\":\"https:\\\/\\\/www.upjs.sk\\\/pracoviska\\\/ciakt\\\/en\\\/?s={search_term_string}\"},\"query-input\":{\"@type\":\"PropertyValueSpecification\",\"valueRequired\":true,\"valueName\":\"search_term_string\"}}],\"inLanguage\":\"en-US\"},{\"@type\":\"Organization\",\"@id\":\"https:\\\/\\\/www.upjs.sk\\\/pracoviska\\\/ciakt\\\/en\\\/#organization\",\"name\":\"Centrum informa\u010dn\u00fdch a komunika\u010dn\u00fdch technol\u00f3gi\u00ed | UPJ\u0160\",\"url\":\"https:\\\/\\\/www.upjs.sk\\\/pracoviska\\\/ciakt\\\/en\\\/\",\"logo\":{\"@type\":\"ImageObject\",\"inLanguage\":\"en-US\",\"@id\":\"https:\\\/\\\/www.upjs.sk\\\/pracoviska\\\/ciakt\\\/en\\\/#\\\/schema\\\/logo\\\/image\\\/\",\"url\":\"https:\\\/\\\/www.upjs.sk\\\/app\\\/uploads\\\/sites\\\/17\\\/2023\\\/01\\\/CIaKT_ENG.svg\",\"contentUrl\":\"https:\\\/\\\/www.upjs.sk\\\/app\\\/uploads\\\/sites\\\/17\\\/2023\\\/01\\\/CIaKT_ENG.svg\",\"width\":500,\"height\":138,\"caption\":\"Centrum informa\u010dn\u00fdch a komunika\u010dn\u00fdch technol\u00f3gi\u00ed | UPJ\u0160\"},\"image\":{\"@id\":\"https:\\\/\\\/www.upjs.sk\\\/pracoviska\\\/ciakt\\\/en\\\/#\\\/schema\\\/logo\\\/image\\\/\"}}]}<\/script>\n<!-- \/ Yoast SEO plugin. -->","yoast_head_json":{"title":"Contact AIO - Centrum informa\u010dn\u00fdch a komunika\u010dn\u00fdch technol\u00f3gi\u00ed | UPJ\u0160","robots":{"index":"index","follow":"follow","max-snippet":"max-snippet:-1","max-image-preview":"max-image-preview:large","max-video-preview":"max-video-preview:-1"},"canonical":"https:\/\/www.upjs.sk\/pracoviska\/ciakt\/en\/administration-of-personal-identification-cards\/contact-aio\/","og_locale":"en_US","og_type":"article","og_title":"Contact AIO - Centrum informa\u010dn\u00fdch a komunika\u010dn\u00fdch technol\u00f3gi\u00ed | UPJ\u0160","og_description":"Spr\u00e1va AIO, CIaKT UPJ\u0160 v Ko\u0161iciach\u0160rob\u00e1rova 2, 1st floor, no. door 120 041 80 Ko\u0161icee-mail: aio@upjs.sk Staff:Ing. M\u00e1ria Vel\u0161midov\u00e1e-mail: maria.velsmidova@upjs.skTel.: +421\/55 234 1514 Helena Sedl\u00e1kov\u00e1e-mail: helena.sedlakova@upjs.skTel.: +421\/55 234 1511 Ing. Jana Sninsk\u00e1e-mail: jana.sninska@upjs.skTel.: 055 234 1512 In case that you are contacting us via e-mail, write your name, surname and faculty. Emails from university e-mail &hellip; Continued","og_url":"https:\/\/www.upjs.sk\/pracoviska\/ciakt\/en\/administration-of-personal-identification-cards\/contact-aio\/","og_site_name":"Centrum informa\u010dn\u00fdch a komunika\u010dn\u00fdch technol\u00f3gi\u00ed | UPJ\u0160","article_modified_time":"2025-09-25T10:10:04+00:00","og_image":[{"url":"https:\/\/www.upjs.sk\/app\/uploads\/sites\/17\/2022\/10\/VirtualnaPrehliadka.jpg","type":"","width":"","height":""}],"twitter_card":"summary_large_image","twitter_misc":{"Est. reading time":"1 minute"},"schema":{"@context":"https:\/\/schema.org","@graph":[{"@type":"WebPage","@id":"https:\/\/www.upjs.sk\/pracoviska\/ciakt\/en\/administration-of-personal-identification-cards\/contact-aio\/","url":"https:\/\/www.upjs.sk\/pracoviska\/ciakt\/en\/administration-of-personal-identification-cards\/contact-aio\/","name":"Contact AIO - Centrum informa\u010dn\u00fdch a komunika\u010dn\u00fdch technol\u00f3gi\u00ed | UPJ\u0160","isPartOf":{"@id":"https:\/\/www.upjs.sk\/pracoviska\/ciakt\/en\/#website"},"primaryImageOfPage":{"@id":"https:\/\/www.upjs.sk\/pracoviska\/ciakt\/en\/administration-of-personal-identification-cards\/contact-aio\/#primaryimage"},"image":{"@id":"https:\/\/www.upjs.sk\/pracoviska\/ciakt\/en\/administration-of-personal-identification-cards\/contact-aio\/#primaryimage"},"thumbnailUrl":"https:\/\/www.upjs.sk\/app\/uploads\/sites\/17\/2022\/10\/VirtualnaPrehliadka.jpg","datePublished":"2023-06-12T08:23:50+00:00","dateModified":"2025-09-25T10:10:04+00:00","breadcrumb":{"@id":"https:\/\/www.upjs.sk\/pracoviska\/ciakt\/en\/administration-of-personal-identification-cards\/contact-aio\/#breadcrumb"},"inLanguage":"en-US","potentialAction":[{"@type":"ReadAction","target":["https:\/\/www.upjs.sk\/pracoviska\/ciakt\/en\/administration-of-personal-identification-cards\/contact-aio\/"]}]},{"@type":"ImageObject","inLanguage":"en-US","@id":"https:\/\/www.upjs.sk\/pracoviska\/ciakt\/en\/administration-of-personal-identification-cards\/contact-aio\/#primaryimage","url":"https:\/\/www.upjs.sk\/app\/uploads\/sites\/17\/2022\/10\/VirtualnaPrehliadka.jpg","contentUrl":"https:\/\/www.upjs.sk\/app\/uploads\/sites\/17\/2022\/10\/VirtualnaPrehliadka.jpg"},{"@type":"BreadcrumbList","@id":"https:\/\/www.upjs.sk\/pracoviska\/ciakt\/en\/administration-of-personal-identification-cards\/contact-aio\/#breadcrumb","itemListElement":[{"@type":"ListItem","position":1,"name":"Home","item":"https:\/\/www.upjs.sk\/pracoviska\/ciakt\/en\/"},{"@type":"ListItem","position":2,"name":"Administration of Personal Identification Cards (AIO)","item":"https:\/\/www.upjs.sk\/pracoviska\/ciakt\/en\/aio\/"},{"@type":"ListItem","position":3,"name":"Contact AIO"}]},{"@type":"WebSite","@id":"https:\/\/www.upjs.sk\/pracoviska\/ciakt\/en\/#website","url":"https:\/\/www.upjs.sk\/pracoviska\/ciakt\/en\/","name":"Centrum informa\u010dn\u00fdch a komunika\u010dn\u00fdch technol\u00f3gi\u00ed | UPJ\u0160","description":"","publisher":{"@id":"https:\/\/www.upjs.sk\/pracoviska\/ciakt\/en\/#organization"},"potentialAction":[{"@type":"SearchAction","target":{"@type":"EntryPoint","urlTemplate":"https:\/\/www.upjs.sk\/pracoviska\/ciakt\/en\/?s={search_term_string}"},"query-input":{"@type":"PropertyValueSpecification","valueRequired":true,"valueName":"search_term_string"}}],"inLanguage":"en-US"},{"@type":"Organization","@id":"https:\/\/www.upjs.sk\/pracoviska\/ciakt\/en\/#organization","name":"Centrum informa\u010dn\u00fdch a komunika\u010dn\u00fdch technol\u00f3gi\u00ed | UPJ\u0160","url":"https:\/\/www.upjs.sk\/pracoviska\/ciakt\/en\/","logo":{"@type":"ImageObject","inLanguage":"en-US","@id":"https:\/\/www.upjs.sk\/pracoviska\/ciakt\/en\/#\/schema\/logo\/image\/","url":"https:\/\/www.upjs.sk\/app\/uploads\/sites\/17\/2023\/01\/CIaKT_ENG.svg","contentUrl":"https:\/\/www.upjs.sk\/app\/uploads\/sites\/17\/2023\/01\/CIaKT_ENG.svg","width":500,"height":138,"caption":"Centrum informa\u010dn\u00fdch a komunika\u010dn\u00fdch technol\u00f3gi\u00ed | UPJ\u0160"},"image":{"@id":"https:\/\/www.upjs.sk\/pracoviska\/ciakt\/en\/#\/schema\/logo\/image\/"}}]}},"_links":{"self":[{"href":"https:\/\/www.upjs.sk\/pracoviska\/ciakt\/en\/wp-json\/wp\/v2\/pages\/15185","targetHints":{"allow":["GET"]}}],"collection":[{"href":"https:\/\/www.upjs.sk\/pracoviska\/ciakt\/en\/wp-json\/wp\/v2\/pages"}],"about":[{"href":"https:\/\/www.upjs.sk\/pracoviska\/ciakt\/en\/wp-json\/wp\/v2\/types\/page"}],"author":[{"embeddable":true,"href":"https:\/\/www.upjs.sk\/pracoviska\/ciakt\/en\/wp-json\/wp\/v2\/users\/16"}],"replies":[{"embeddable":true,"href":"https:\/\/www.upjs.sk\/pracoviska\/ciakt\/en\/wp-json\/wp\/v2\/comments?post=15185"}],"version-history":[{"count":6,"href":"https:\/\/www.upjs.sk\/pracoviska\/ciakt\/en\/wp-json\/wp\/v2\/pages\/15185\/revisions"}],"predecessor-version":[{"id":16410,"href":"https:\/\/www.upjs.sk\/pracoviska\/ciakt\/en\/wp-json\/wp\/v2\/pages\/15185\/revisions\/16410"}],"up":[{"embeddable":true,"href":"https:\/\/www.upjs.sk\/pracoviska\/ciakt\/en\/wp-json\/wp\/v2\/pages\/13953"}],"wp:attachment":[{"href":"https:\/\/www.upjs.sk\/pracoviska\/ciakt\/en\/wp-json\/wp\/v2\/media?parent=15185"}],"wp:term":[{"taxonomy":"category","embeddable":true,"href":"https:\/\/www.upjs.sk\/pracoviska\/ciakt\/en\/wp-json\/wp\/v2\/categories?post=15185"},{"taxonomy":"post_tag","embeddable":true,"href":"https:\/\/www.upjs.sk\/pracoviska\/ciakt\/en\/wp-json\/wp\/v2\/tags?post=15185"}],"curies":[{"name":"wp","href":"https:\/\/api.w.org\/{rel}","templated":true}]}}