{"id":15229,"date":"2023-06-13T09:28:40","date_gmt":"2023-06-13T09:28:40","guid":{"rendered":"https:\/\/www.upjs.sk\/pracoviska\/ciakt\/?page_id=15229"},"modified":"2023-06-14T13:10:01","modified_gmt":"2023-06-14T13:10:01","slug":"news-aio","status":"publish","type":"page","link":"https:\/\/www.upjs.sk\/pracoviska\/ciakt\/en\/news-aio\/","title":{"rendered":"News AIO"},"content":{"rendered":"<section class=\"aktuality aktuality-container mx-auto \">\r\n    <div class=\"aktuality-heading pb-6 md:pb-12\">\r\n        <h2 class=\"aktuality-heading-text uppercase block ml-4 md:ml-0 text-left md:text-center\">News AIO<\/h2>\r\n    <\/div>\r\n        <div class=\"hidden md:grid gap-x-8 gap-y-4 lg:grid-cols-3 md:grid-cols-2 grid-cols-1 article-container lg:px-24 md:px-16 px-12 \">\r\n                     <article class=\"w-full article relative\">\n  <div data-aos=\"fade-up\" class=\"lg:w-full mx-auto\">\n      <div class=\"article-img rounded-t-lg overflow-hidden transition duration-500 ease-in-out transform-gpu hover:scale-105 hover:shadow-2xl\">\n          <a href=\"https:\/\/www.upjs.sk\/app\/uploads\/sites\/17\/2025\/09\/aktualita-september-AIO-EN.pdf\">\n            <img loading=\"lazy\" decoding=\"async\" width=\"329\" height=\"259\" src=\"https:\/\/www.upjs.sk\/app\/uploads\/sites\/17\/2025\/09\/Novy-student.jpg\" class=\"attachment-post-thumbnail size-post-thumbnail wp-post-image\" alt=\"\" srcset=\"https:\/\/www.upjs.sk\/app\/uploads\/sites\/17\/2025\/09\/Novy-student.jpg 329w, https:\/\/www.upjs.sk\/app\/uploads\/sites\/17\/2025\/09\/Novy-student-300x236.jpg 300w\" sizes=\"auto, (max-width: 329px) 100vw, 329px\" \/>\n          <\/a>\n      <\/div>\n  <\/div>\n  <div class=\"artilce-content border-x border-b upjs-grey p-4 rounded-b-lg\">\n      <a href=\"https:\/\/www.upjs.sk\/app\/uploads\/sites\/17\/2025\/09\/aktualita-september-AIO-EN.pdf\" class=\"aktualita-nadpis\">\n          <h4 class=\"aktualita-nadpis font-bold line-clamp-2\">Notifications for incoming students<\/h4>\n      <\/a>\n      <div class=\"aktualita-excerpt mt-4 text-xs mb-5 line-clamp-5\">\n        \n        \n      <\/div>\n      <div class=\"inline-date absolute bottom-0 left-0  mb-4 flex justify-between items-center w-full\">\n        <div class=\"inline-block pb-1 pl-4 mt-4 text-upjs-blue underline underline-offset-1 text-xs \">\n          <a href=\"https:\/\/www.upjs.sk\/app\/uploads\/sites\/17\/2025\/09\/aktualita-september-AIO-EN.pdf\">Read more<span aria-hidden=\"true\">&rarr;<\/span><\/a> \n       <\/div>\n\n       <div class=\"inline-block text-xs pb-1 pr-4 mt-4\">\n         September 5, 2025\n       <\/div>\n      <\/div>\n  <\/div>\n<\/article>                     <article class=\"w-full article relative\">\n  <div data-aos=\"fade-up\" class=\"lg:w-full mx-auto\">\n      <div class=\"article-img rounded-t-lg overflow-hidden transition duration-500 ease-in-out transform-gpu hover:scale-105 hover:shadow-2xl\">\n          <a href=\"https:\/\/www.upjs.sk\/app\/uploads\/sites\/17\/2024\/05\/Harmonogram-AJ-2025-26.pdf\">\n            <img loading=\"lazy\" decoding=\"async\" width=\"480\" height=\"380\" src=\"https:\/\/www.upjs.sk\/app\/uploads\/sites\/17\/2023\/05\/pik.jpg\" class=\"attachment-post-thumbnail size-post-thumbnail wp-post-image\" alt=\"\" srcset=\"https:\/\/www.upjs.sk\/app\/uploads\/sites\/17\/2023\/05\/pik.jpg 480w, https:\/\/www.upjs.sk\/app\/uploads\/sites\/17\/2023\/05\/pik-300x238.jpg 300w\" sizes=\"auto, (max-width: 480px) 100vw, 480px\" \/>\n          <\/a>\n      <\/div>\n  <\/div>\n  <div class=\"artilce-content border-x border-b upjs-grey p-4 rounded-b-lg\">\n      <a href=\"https:\/\/www.upjs.sk\/app\/uploads\/sites\/17\/2024\/05\/Harmonogram-AJ-2025-26.pdf\" class=\"aktualita-nadpis\">\n          <h4 class=\"aktualita-nadpis font-bold line-clamp-2\">Prolongation and Issuance of ID cards 2025\/2026<\/h4>\n      <\/a>\n      <div class=\"aktualita-excerpt mt-4 text-xs mb-5 line-clamp-5\">\n        \n        \n      <\/div>\n      <div class=\"inline-date absolute bottom-0 left-0  mb-4 flex justify-between items-center w-full\">\n        <div class=\"inline-block pb-1 pl-4 mt-4 text-upjs-blue underline underline-offset-1 text-xs \">\n          <a href=\"https:\/\/www.upjs.sk\/app\/uploads\/sites\/17\/2024\/05\/Harmonogram-AJ-2025-26.pdf\">Read more<span aria-hidden=\"true\">&rarr;<\/span><\/a> \n       <\/div>\n\n       <div class=\"inline-block text-xs pb-1 pr-4 mt-4\">\n         September 2, 2024\n       <\/div>\n      <\/div>\n  <\/div>\n<\/article>                     <article class=\"w-full article relative\">\n  <div data-aos=\"fade-up\" class=\"lg:w-full mx-auto\">\n      <div class=\"article-img rounded-t-lg overflow-hidden transition duration-500 ease-in-out transform-gpu hover:scale-105 hover:shadow-2xl\">\n          <a href=\"https:\/\/www.upjs.sk\/pracoviska\/ciakt\/en\/notifications-for-graduating-students\/\">\n            <img loading=\"lazy\" decoding=\"async\" width=\"505\" height=\"370\" src=\"https:\/\/www.upjs.sk\/app\/uploads\/sites\/17\/2023\/05\/student-upjs.jpg\" class=\"attachment-post-thumbnail size-post-thumbnail wp-post-image\" alt=\"\" srcset=\"https:\/\/www.upjs.sk\/app\/uploads\/sites\/17\/2023\/05\/student-upjs.jpg 505w, https:\/\/www.upjs.sk\/app\/uploads\/sites\/17\/2023\/05\/student-upjs-300x220.jpg 300w\" sizes=\"auto, (max-width: 505px) 100vw, 505px\" \/>\n          <\/a>\n      <\/div>\n  <\/div>\n  <div class=\"artilce-content border-x border-b upjs-grey p-4 rounded-b-lg\">\n      <a href=\"https:\/\/www.upjs.sk\/pracoviska\/ciakt\/en\/notifications-for-graduating-students\/\" class=\"aktualita-nadpis\">\n          <h4 class=\"aktualita-nadpis font-bold line-clamp-2\">Notifications for graduating students<\/h4>\n      <\/a>\n      <div class=\"aktualita-excerpt mt-4 text-xs mb-5 line-clamp-5\">\n        \n        \n      <\/div>\n      <div class=\"inline-date absolute bottom-0 left-0  mb-4 flex justify-between items-center w-full\">\n        <div class=\"inline-block pb-1 pl-4 mt-4 text-upjs-blue underline underline-offset-1 text-xs \">\n          <a href=\"https:\/\/www.upjs.sk\/pracoviska\/ciakt\/en\/notifications-for-graduating-students\/\">Read more<span aria-hidden=\"true\">&rarr;<\/span><\/a> \n       <\/div>\n\n       <div class=\"inline-block text-xs pb-1 pr-4 mt-4\">\n         June 10, 2023\n       <\/div>\n      <\/div>\n  <\/div>\n<\/article>                     <article class=\"w-full article relative\">\n  <div data-aos=\"fade-up\" class=\"lg:w-full mx-auto\">\n      <div class=\"article-img rounded-t-lg overflow-hidden transition duration-500 ease-in-out transform-gpu hover:scale-105 hover:shadow-2xl\">\n          <a href=\"https:\/\/www.upjs.sk\/pracoviska\/ciakt\/en\/confirmation-of-approvals-in-ais-el-return-el-registration\/\">\n            <img loading=\"lazy\" decoding=\"async\" width=\"420\" height=\"250\" src=\"https:\/\/www.upjs.sk\/app\/uploads\/sites\/17\/2023\/02\/AIS2-logo420-250.jpg\" class=\"attachment-post-thumbnail size-post-thumbnail wp-post-image\" alt=\"\" srcset=\"https:\/\/www.upjs.sk\/app\/uploads\/sites\/17\/2023\/02\/AIS2-logo420-250.jpg 420w, https:\/\/www.upjs.sk\/app\/uploads\/sites\/17\/2023\/02\/AIS2-logo420-250-300x179.jpg 300w\" sizes=\"auto, (max-width: 420px) 100vw, 420px\" \/>\n          <\/a>\n      <\/div>\n  <\/div>\n  <div class=\"artilce-content border-x border-b upjs-grey p-4 rounded-b-lg\">\n      <a href=\"https:\/\/www.upjs.sk\/pracoviska\/ciakt\/en\/confirmation-of-approvals-in-ais-el-return-el-registration\/\" class=\"aktualita-nadpis\">\n          <h4 class=\"aktualita-nadpis font-bold line-clamp-2\">Confirmation of approvals in AIS &#8211; el. return, el. registration<\/h4>\n      <\/a>\n      <div class=\"aktualita-excerpt mt-4 text-xs mb-5 line-clamp-5\">\n        \n        In the event that some consents have already been granted in the past, but their wording has changed, the AIS system will not allow you to save until you set the consent granting date to &#8220;today&#8221;. Set to consent and via the runner, or right-click and select &#8220;Set consent date to today&#8221;. If the consent &hellip; <a href=\"https:\/\/www.upjs.sk\/pracoviska\/ciakt\/en\/confirmation-of-approvals-in-ais-el-return-el-registration\/\">Continued<\/a>\n      <\/div>\n      <div class=\"inline-date absolute bottom-0 left-0  mb-4 flex justify-between items-center w-full\">\n        <div class=\"inline-block pb-1 pl-4 mt-4 text-upjs-blue underline underline-offset-1 text-xs \">\n          <a href=\"https:\/\/www.upjs.sk\/pracoviska\/ciakt\/en\/confirmation-of-approvals-in-ais-el-return-el-registration\/\">Read more<span aria-hidden=\"true\">&rarr;<\/span><\/a> \n       <\/div>\n\n       <div class=\"inline-block text-xs pb-1 pr-4 mt-4\">\n         June 1, 2023\n       <\/div>\n      <\/div>\n  <\/div>\n<\/article>            <\/div>\r\n    <\/section>\r\n\r\n\r\n<style type=\"text\/css\">\r\n  [data- block_6488368a4a65c] {\r\n    background:  ;\r\n    color: ;\r\n  }\r\n<\/style>\r\n","protected":false},"excerpt":{"rendered":"","protected":false},"author":16,"featured_media":0,"parent":0,"menu_order":0,"comment_status":"closed","ping_status":"closed","template":"","meta":{"_acf_changed":false,"_editorskit_title_hidden":false,"_editorskit_reading_time":1,"_editorskit_is_block_options_detached":false,"_editorskit_block_options_position":"{}","footnotes":""},"categories":[],"tags":[],"class_list":["post-15229","page","type-page","status-publish","hentry"],"acf":{"acf_link_na_externy_obsah":""},"yoast_head":"<!-- This site is optimized with the Yoast SEO plugin v27.2 - https:\/\/yoast.com\/product\/yoast-seo-wordpress\/ -->\n<title>News AIO - Centrum informa\u010dn\u00fdch a komunika\u010dn\u00fdch technol\u00f3gi\u00ed | UPJ\u0160<\/title>\n<meta name=\"robots\" content=\"index, follow, max-snippet:-1, max-image-preview:large, max-video-preview:-1\" \/>\n<link rel=\"canonical\" href=\"https:\/\/www.upjs.sk\/pracoviska\/ciakt\/en\/news-aio\/\" \/>\n<meta property=\"og:locale\" content=\"en_US\" \/>\n<meta property=\"og:type\" content=\"article\" \/>\n<meta property=\"og:title\" content=\"News AIO - Centrum informa\u010dn\u00fdch a komunika\u010dn\u00fdch technol\u00f3gi\u00ed | UPJ\u0160\" \/>\n<meta property=\"og:url\" content=\"https:\/\/www.upjs.sk\/pracoviska\/ciakt\/en\/news-aio\/\" \/>\n<meta property=\"og:site_name\" content=\"Centrum informa\u010dn\u00fdch a komunika\u010dn\u00fdch technol\u00f3gi\u00ed | UPJ\u0160\" \/>\n<meta property=\"article:modified_time\" content=\"2023-06-14T13:10:01+00:00\" \/>\n<meta name=\"twitter:card\" content=\"summary_large_image\" \/>\n<script type=\"application\/ld+json\" class=\"yoast-schema-graph\">{\"@context\":\"https:\/\/schema.org\",\"@graph\":[{\"@type\":\"WebPage\",\"@id\":\"https:\/\/www.upjs.sk\/pracoviska\/ciakt\/en\/news-aio\/\",\"url\":\"https:\/\/www.upjs.sk\/pracoviska\/ciakt\/en\/news-aio\/\",\"name\":\"News AIO - Centrum informa\u010dn\u00fdch a komunika\u010dn\u00fdch technol\u00f3gi\u00ed | UPJ\u0160\",\"isPartOf\":{\"@id\":\"https:\/\/www.upjs.sk\/pracoviska\/ciakt\/en\/#website\"},\"datePublished\":\"2023-06-13T09:28:40+00:00\",\"dateModified\":\"2023-06-14T13:10:01+00:00\",\"breadcrumb\":{\"@id\":\"https:\/\/www.upjs.sk\/pracoviska\/ciakt\/en\/news-aio\/#breadcrumb\"},\"inLanguage\":\"en-US\",\"potentialAction\":[{\"@type\":\"ReadAction\",\"target\":[\"https:\/\/www.upjs.sk\/pracoviska\/ciakt\/en\/news-aio\/\"]}]},{\"@type\":\"BreadcrumbList\",\"@id\":\"https:\/\/www.upjs.sk\/pracoviska\/ciakt\/en\/news-aio\/#breadcrumb\",\"itemListElement\":[{\"@type\":\"ListItem\",\"position\":1,\"name\":\"Home\",\"item\":\"https:\/\/www.upjs.sk\/pracoviska\/ciakt\/en\/\"},{\"@type\":\"ListItem\",\"position\":2,\"name\":\"News AIO\"}]},{\"@type\":\"WebSite\",\"@id\":\"https:\/\/www.upjs.sk\/pracoviska\/ciakt\/en\/#website\",\"url\":\"https:\/\/www.upjs.sk\/pracoviska\/ciakt\/en\/\",\"name\":\"Centrum informa\u010dn\u00fdch a komunika\u010dn\u00fdch technol\u00f3gi\u00ed | UPJ\u0160\",\"description\":\"\",\"publisher\":{\"@id\":\"https:\/\/www.upjs.sk\/pracoviska\/ciakt\/en\/#organization\"},\"potentialAction\":[{\"@type\":\"SearchAction\",\"target\":{\"@type\":\"EntryPoint\",\"urlTemplate\":\"https:\/\/www.upjs.sk\/pracoviska\/ciakt\/en\/?s={search_term_string}\"},\"query-input\":{\"@type\":\"PropertyValueSpecification\",\"valueRequired\":true,\"valueName\":\"search_term_string\"}}],\"inLanguage\":\"en-US\"},{\"@type\":\"Organization\",\"@id\":\"https:\/\/www.upjs.sk\/pracoviska\/ciakt\/en\/#organization\",\"name\":\"Centrum informa\u010dn\u00fdch a komunika\u010dn\u00fdch technol\u00f3gi\u00ed | UPJ\u0160\",\"url\":\"https:\/\/www.upjs.sk\/pracoviska\/ciakt\/en\/\",\"logo\":{\"@type\":\"ImageObject\",\"inLanguage\":\"en-US\",\"@id\":\"https:\/\/www.upjs.sk\/pracoviska\/ciakt\/en\/#\/schema\/logo\/image\/\",\"url\":\"https:\/\/www.upjs.sk\/app\/uploads\/sites\/17\/2023\/01\/CIaKT_ENG.svg\",\"contentUrl\":\"https:\/\/www.upjs.sk\/app\/uploads\/sites\/17\/2023\/01\/CIaKT_ENG.svg\",\"width\":500,\"height\":138,\"caption\":\"Centrum informa\u010dn\u00fdch a komunika\u010dn\u00fdch technol\u00f3gi\u00ed | UPJ\u0160\"},\"image\":{\"@id\":\"https:\/\/www.upjs.sk\/pracoviska\/ciakt\/en\/#\/schema\/logo\/image\/\"}}]}<\/script>\n<!-- \/ Yoast SEO plugin. -->","yoast_head_json":{"title":"News AIO - Centrum informa\u010dn\u00fdch a komunika\u010dn\u00fdch technol\u00f3gi\u00ed | UPJ\u0160","robots":{"index":"index","follow":"follow","max-snippet":"max-snippet:-1","max-image-preview":"max-image-preview:large","max-video-preview":"max-video-preview:-1"},"canonical":"https:\/\/www.upjs.sk\/pracoviska\/ciakt\/en\/news-aio\/","og_locale":"en_US","og_type":"article","og_title":"News AIO - Centrum informa\u010dn\u00fdch a komunika\u010dn\u00fdch technol\u00f3gi\u00ed | UPJ\u0160","og_url":"https:\/\/www.upjs.sk\/pracoviska\/ciakt\/en\/news-aio\/","og_site_name":"Centrum informa\u010dn\u00fdch a komunika\u010dn\u00fdch technol\u00f3gi\u00ed | UPJ\u0160","article_modified_time":"2023-06-14T13:10:01+00:00","twitter_card":"summary_large_image","schema":{"@context":"https:\/\/schema.org","@graph":[{"@type":"WebPage","@id":"https:\/\/www.upjs.sk\/pracoviska\/ciakt\/en\/news-aio\/","url":"https:\/\/www.upjs.sk\/pracoviska\/ciakt\/en\/news-aio\/","name":"News AIO - Centrum informa\u010dn\u00fdch a komunika\u010dn\u00fdch technol\u00f3gi\u00ed | UPJ\u0160","isPartOf":{"@id":"https:\/\/www.upjs.sk\/pracoviska\/ciakt\/en\/#website"},"datePublished":"2023-06-13T09:28:40+00:00","dateModified":"2023-06-14T13:10:01+00:00","breadcrumb":{"@id":"https:\/\/www.upjs.sk\/pracoviska\/ciakt\/en\/news-aio\/#breadcrumb"},"inLanguage":"en-US","potentialAction":[{"@type":"ReadAction","target":["https:\/\/www.upjs.sk\/pracoviska\/ciakt\/en\/news-aio\/"]}]},{"@type":"BreadcrumbList","@id":"https:\/\/www.upjs.sk\/pracoviska\/ciakt\/en\/news-aio\/#breadcrumb","itemListElement":[{"@type":"ListItem","position":1,"name":"Home","item":"https:\/\/www.upjs.sk\/pracoviska\/ciakt\/en\/"},{"@type":"ListItem","position":2,"name":"News AIO"}]},{"@type":"WebSite","@id":"https:\/\/www.upjs.sk\/pracoviska\/ciakt\/en\/#website","url":"https:\/\/www.upjs.sk\/pracoviska\/ciakt\/en\/","name":"Centrum informa\u010dn\u00fdch a komunika\u010dn\u00fdch technol\u00f3gi\u00ed | UPJ\u0160","description":"","publisher":{"@id":"https:\/\/www.upjs.sk\/pracoviska\/ciakt\/en\/#organization"},"potentialAction":[{"@type":"SearchAction","target":{"@type":"EntryPoint","urlTemplate":"https:\/\/www.upjs.sk\/pracoviska\/ciakt\/en\/?s={search_term_string}"},"query-input":{"@type":"PropertyValueSpecification","valueRequired":true,"valueName":"search_term_string"}}],"inLanguage":"en-US"},{"@type":"Organization","@id":"https:\/\/www.upjs.sk\/pracoviska\/ciakt\/en\/#organization","name":"Centrum informa\u010dn\u00fdch a komunika\u010dn\u00fdch technol\u00f3gi\u00ed | UPJ\u0160","url":"https:\/\/www.upjs.sk\/pracoviska\/ciakt\/en\/","logo":{"@type":"ImageObject","inLanguage":"en-US","@id":"https:\/\/www.upjs.sk\/pracoviska\/ciakt\/en\/#\/schema\/logo\/image\/","url":"https:\/\/www.upjs.sk\/app\/uploads\/sites\/17\/2023\/01\/CIaKT_ENG.svg","contentUrl":"https:\/\/www.upjs.sk\/app\/uploads\/sites\/17\/2023\/01\/CIaKT_ENG.svg","width":500,"height":138,"caption":"Centrum informa\u010dn\u00fdch a komunika\u010dn\u00fdch technol\u00f3gi\u00ed | UPJ\u0160"},"image":{"@id":"https:\/\/www.upjs.sk\/pracoviska\/ciakt\/en\/#\/schema\/logo\/image\/"}}]}},"_links":{"self":[{"href":"https:\/\/www.upjs.sk\/pracoviska\/ciakt\/en\/wp-json\/wp\/v2\/pages\/15229","targetHints":{"allow":["GET"]}}],"collection":[{"href":"https:\/\/www.upjs.sk\/pracoviska\/ciakt\/en\/wp-json\/wp\/v2\/pages"}],"about":[{"href":"https:\/\/www.upjs.sk\/pracoviska\/ciakt\/en\/wp-json\/wp\/v2\/types\/page"}],"author":[{"embeddable":true,"href":"https:\/\/www.upjs.sk\/pracoviska\/ciakt\/en\/wp-json\/wp\/v2\/users\/16"}],"replies":[{"embeddable":true,"href":"https:\/\/www.upjs.sk\/pracoviska\/ciakt\/en\/wp-json\/wp\/v2\/comments?post=15229"}],"version-history":[{"count":5,"href":"https:\/\/www.upjs.sk\/pracoviska\/ciakt\/en\/wp-json\/wp\/v2\/pages\/15229\/revisions"}],"predecessor-version":[{"id":15265,"href":"https:\/\/www.upjs.sk\/pracoviska\/ciakt\/en\/wp-json\/wp\/v2\/pages\/15229\/revisions\/15265"}],"wp:attachment":[{"href":"https:\/\/www.upjs.sk\/pracoviska\/ciakt\/en\/wp-json\/wp\/v2\/media?parent=15229"}],"wp:term":[{"taxonomy":"category","embeddable":true,"href":"https:\/\/www.upjs.sk\/pracoviska\/ciakt\/en\/wp-json\/wp\/v2\/categories?post=15229"},{"taxonomy":"post_tag","embeddable":true,"href":"https:\/\/www.upjs.sk\/pracoviska\/ciakt\/en\/wp-json\/wp\/v2\/tags?post=15229"}],"curies":[{"name":"wp","href":"https:\/\/api.w.org\/{rel}","templated":true}]}}