{"id":16476,"date":"2023-04-25T08:56:23","date_gmt":"2023-04-25T08:56:23","guid":{"rendered":"https:\/\/www.upjs.sk\/pracoviska\/ciakt\/pristupove-systemy\/"},"modified":"2026-01-21T14:52:35","modified_gmt":"2026-01-21T14:52:35","slug":"pristupove-systemy","status":"publish","type":"page","link":"https:\/\/www.upjs.sk\/pracoviska\/ciakt\/en\/pristupove-systemy\/","title":{"rendered":"Access systems"},"content":{"rendered":"\n<p><strong><mark style=\"background-color:rgba(0, 0, 0, 0)\" class=\"has-inline-color has-zakladna-modra-color\">If you have a problem with access (to buildings, classrooms), contact the relevant administrator:<\/mark><\/strong><\/p>\n\n\n\n<figure class=\"wp-block-table is-style-stripes\"><table><tbody><tr><td>Faculty of Medicine:<\/td><td>Ing. Toni Eftimov\u00a0<br>Phone: 055 234 3340, <a href=\"mailto:toni.eftimov@upjs.sk\">toni.eftimov@upjs.sk<\/a>\u00a0<\/td><\/tr><tr><td>Faculty of Science:<\/td><td><p style=\"text-align: justify;\">Eva Markov\u00e1<br>Phone: 055 234 2285,\u00a0<a href=\"mailto:eva.markova1@upjs.sk\">eva.markova1@upjs.sk<\/a><span style=\"font-family: inherit; font-size: inherit; font-weight: inherit; background-color: transparent; color: initial;\"><\/span><\/p><\/td><\/tr><tr><td>Faculty of Public Administration:<\/td><td><p style=\"text-align: justify;\">Ing. \u0160tefan \u0160koda<br>Phone: 055 234 5164, <a class=\"ek-link\">spravca@fvs.upjs.sk<\/a><\/p><\/td><\/tr><tr><td>Faculty of Arts:<\/td><td><p style=\"text-align: justify;\">Ing. Tom\u00e1\u0161 Pol\u00e1k,\u00a0<br>Phone: 055 234 7171, <a class=\"ek-link\">tomas.polak@upjs.sk<\/a><\/p><\/td><\/tr><tr><td>Rectorate<\/td><td>Ing. Miroslav Pomikala<br>Phone:\u00a0055 234 1520, <a href=\"mailto:miroslav.pomikala@upjs.sk\" class=\"ek-link\">miroslav.pomikala@upjs.sk<\/a><\/td><\/tr><\/tbody><\/table><\/figure>\n","protected":false},"excerpt":{"rendered":"<p>If you have a problem with access (to buildings, classrooms), contact the relevant administrator: Faculty of Medicine: Ing. Toni Eftimov\u00a0Phone: 055 234 3340, toni.eftimov@upjs.sk\u00a0 Faculty of Science: Eva Markov\u00e1Phone: 055 234 2285,\u00a0eva.markova1@upjs.sk Faculty of Public Administration: Ing. \u0160tefan \u0160kodaPhone: 055 234 5164, spravca@fvs.upjs.sk Faculty of Arts: Ing. Tom\u00e1\u0161 Pol\u00e1k,\u00a0Phone: 055 234 7171, tomas.polak@upjs.sk Rectorate Ing. &hellip; <a href=\"https:\/\/www.upjs.sk\/pracoviska\/ciakt\/en\/pristupove-systemy\/\">Continued<\/a><\/p>\n","protected":false},"author":16,"featured_media":0,"parent":0,"menu_order":4,"comment_status":"closed","ping_status":"closed","template":"","meta":{"_acf_changed":false,"_editorskit_title_hidden":false,"_editorskit_reading_time":1,"_editorskit_is_block_options_detached":false,"_editorskit_block_options_position":"{}","footnotes":""},"categories":[],"tags":[],"class_list":["post-16476","page","type-page","status-publish","hentry"],"acf":{"acf_link_na_externy_obsah":""},"yoast_head":"<!-- This site is optimized with the Yoast SEO plugin v27.4 - https:\/\/yoast.com\/product\/yoast-seo-wordpress\/ -->\n<title>Access systems - Centrum informa\u010dn\u00fdch a komunika\u010dn\u00fdch technol\u00f3gi\u00ed | UPJ\u0160<\/title>\n<meta name=\"robots\" content=\"index, follow, max-snippet:-1, max-image-preview:large, max-video-preview:-1\" \/>\n<link rel=\"canonical\" href=\"https:\/\/www.upjs.sk\/pracoviska\/ciakt\/en\/pristupove-systemy\/\" \/>\n<meta property=\"og:locale\" content=\"en_US\" \/>\n<meta property=\"og:type\" content=\"article\" \/>\n<meta property=\"og:title\" content=\"Access systems - Centrum informa\u010dn\u00fdch a komunika\u010dn\u00fdch technol\u00f3gi\u00ed | UPJ\u0160\" \/>\n<meta property=\"og:description\" content=\"If you have a problem with access (to buildings, classrooms), contact the relevant administrator: Faculty of Medicine: Ing. Toni Eftimov\u00a0Phone: 055 234 3340, toni.eftimov@upjs.sk\u00a0 Faculty of Science: Eva Markov\u00e1Phone: 055 234 2285,\u00a0eva.markova1@upjs.sk Faculty of Public Administration: Ing. \u0160tefan \u0160kodaPhone: 055 234 5164, spravca@fvs.upjs.sk Faculty of Arts: Ing. Tom\u00e1\u0161 Pol\u00e1k,\u00a0Phone: 055 234 7171, tomas.polak@upjs.sk Rectorate Ing. &hellip; Continued\" \/>\n<meta property=\"og:url\" content=\"https:\/\/www.upjs.sk\/pracoviska\/ciakt\/en\/pristupove-systemy\/\" \/>\n<meta property=\"og:site_name\" content=\"Centrum informa\u010dn\u00fdch a komunika\u010dn\u00fdch technol\u00f3gi\u00ed | UPJ\u0160\" \/>\n<meta property=\"article:modified_time\" content=\"2026-01-21T14:52:35+00:00\" \/>\n<meta name=\"twitter:card\" content=\"summary_large_image\" \/>\n<meta name=\"twitter:label1\" content=\"Est. reading time\" \/>\n\t<meta name=\"twitter:data1\" content=\"1 minute\" \/>\n<script type=\"application\/ld+json\" class=\"yoast-schema-graph\">{\"@context\":\"https:\\\/\\\/schema.org\",\"@graph\":[{\"@type\":\"WebPage\",\"@id\":\"https:\\\/\\\/www.upjs.sk\\\/pracoviska\\\/ciakt\\\/en\\\/pristupove-systemy\\\/\",\"url\":\"https:\\\/\\\/www.upjs.sk\\\/pracoviska\\\/ciakt\\\/en\\\/pristupove-systemy\\\/\",\"name\":\"Access systems - Centrum informa\u010dn\u00fdch a komunika\u010dn\u00fdch technol\u00f3gi\u00ed | UPJ\u0160\",\"isPartOf\":{\"@id\":\"https:\\\/\\\/www.upjs.sk\\\/pracoviska\\\/ciakt\\\/en\\\/#website\"},\"datePublished\":\"2023-04-25T08:56:23+00:00\",\"dateModified\":\"2026-01-21T14:52:35+00:00\",\"breadcrumb\":{\"@id\":\"https:\\\/\\\/www.upjs.sk\\\/pracoviska\\\/ciakt\\\/en\\\/pristupove-systemy\\\/#breadcrumb\"},\"inLanguage\":\"en-US\",\"potentialAction\":[{\"@type\":\"ReadAction\",\"target\":[\"https:\\\/\\\/www.upjs.sk\\\/pracoviska\\\/ciakt\\\/en\\\/pristupove-systemy\\\/\"]}]},{\"@type\":\"BreadcrumbList\",\"@id\":\"https:\\\/\\\/www.upjs.sk\\\/pracoviska\\\/ciakt\\\/en\\\/pristupove-systemy\\\/#breadcrumb\",\"itemListElement\":[{\"@type\":\"ListItem\",\"position\":1,\"name\":\"Home\",\"item\":\"https:\\\/\\\/www.upjs.sk\\\/pracoviska\\\/ciakt\\\/en\\\/\"},{\"@type\":\"ListItem\",\"position\":2,\"name\":\"Access systems\"}]},{\"@type\":\"WebSite\",\"@id\":\"https:\\\/\\\/www.upjs.sk\\\/pracoviska\\\/ciakt\\\/en\\\/#website\",\"url\":\"https:\\\/\\\/www.upjs.sk\\\/pracoviska\\\/ciakt\\\/en\\\/\",\"name\":\"Centrum informa\u010dn\u00fdch a komunika\u010dn\u00fdch technol\u00f3gi\u00ed | UPJ\u0160\",\"description\":\"\",\"publisher\":{\"@id\":\"https:\\\/\\\/www.upjs.sk\\\/pracoviska\\\/ciakt\\\/en\\\/#organization\"},\"potentialAction\":[{\"@type\":\"SearchAction\",\"target\":{\"@type\":\"EntryPoint\",\"urlTemplate\":\"https:\\\/\\\/www.upjs.sk\\\/pracoviska\\\/ciakt\\\/en\\\/?s={search_term_string}\"},\"query-input\":{\"@type\":\"PropertyValueSpecification\",\"valueRequired\":true,\"valueName\":\"search_term_string\"}}],\"inLanguage\":\"en-US\"},{\"@type\":\"Organization\",\"@id\":\"https:\\\/\\\/www.upjs.sk\\\/pracoviska\\\/ciakt\\\/en\\\/#organization\",\"name\":\"Centrum informa\u010dn\u00fdch a komunika\u010dn\u00fdch technol\u00f3gi\u00ed | UPJ\u0160\",\"url\":\"https:\\\/\\\/www.upjs.sk\\\/pracoviska\\\/ciakt\\\/en\\\/\",\"logo\":{\"@type\":\"ImageObject\",\"inLanguage\":\"en-US\",\"@id\":\"https:\\\/\\\/www.upjs.sk\\\/pracoviska\\\/ciakt\\\/en\\\/#\\\/schema\\\/logo\\\/image\\\/\",\"url\":\"https:\\\/\\\/www.upjs.sk\\\/app\\\/uploads\\\/sites\\\/17\\\/2023\\\/01\\\/CIaKT_ENG.svg\",\"contentUrl\":\"https:\\\/\\\/www.upjs.sk\\\/app\\\/uploads\\\/sites\\\/17\\\/2023\\\/01\\\/CIaKT_ENG.svg\",\"width\":500,\"height\":138,\"caption\":\"Centrum informa\u010dn\u00fdch a komunika\u010dn\u00fdch technol\u00f3gi\u00ed | UPJ\u0160\"},\"image\":{\"@id\":\"https:\\\/\\\/www.upjs.sk\\\/pracoviska\\\/ciakt\\\/en\\\/#\\\/schema\\\/logo\\\/image\\\/\"}}]}<\/script>\n<!-- \/ Yoast SEO plugin. -->","yoast_head_json":{"title":"Access systems - Centrum informa\u010dn\u00fdch a komunika\u010dn\u00fdch technol\u00f3gi\u00ed | UPJ\u0160","robots":{"index":"index","follow":"follow","max-snippet":"max-snippet:-1","max-image-preview":"max-image-preview:large","max-video-preview":"max-video-preview:-1"},"canonical":"https:\/\/www.upjs.sk\/pracoviska\/ciakt\/en\/pristupove-systemy\/","og_locale":"en_US","og_type":"article","og_title":"Access systems - Centrum informa\u010dn\u00fdch a komunika\u010dn\u00fdch technol\u00f3gi\u00ed | UPJ\u0160","og_description":"If you have a problem with access (to buildings, classrooms), contact the relevant administrator: Faculty of Medicine: Ing. Toni Eftimov\u00a0Phone: 055 234 3340, toni.eftimov@upjs.sk\u00a0 Faculty of Science: Eva Markov\u00e1Phone: 055 234 2285,\u00a0eva.markova1@upjs.sk Faculty of Public Administration: Ing. \u0160tefan \u0160kodaPhone: 055 234 5164, spravca@fvs.upjs.sk Faculty of Arts: Ing. Tom\u00e1\u0161 Pol\u00e1k,\u00a0Phone: 055 234 7171, tomas.polak@upjs.sk Rectorate Ing. &hellip; Continued","og_url":"https:\/\/www.upjs.sk\/pracoviska\/ciakt\/en\/pristupove-systemy\/","og_site_name":"Centrum informa\u010dn\u00fdch a komunika\u010dn\u00fdch technol\u00f3gi\u00ed | UPJ\u0160","article_modified_time":"2026-01-21T14:52:35+00:00","twitter_card":"summary_large_image","twitter_misc":{"Est. reading time":"1 minute"},"schema":{"@context":"https:\/\/schema.org","@graph":[{"@type":"WebPage","@id":"https:\/\/www.upjs.sk\/pracoviska\/ciakt\/en\/pristupove-systemy\/","url":"https:\/\/www.upjs.sk\/pracoviska\/ciakt\/en\/pristupove-systemy\/","name":"Access systems - Centrum informa\u010dn\u00fdch a komunika\u010dn\u00fdch technol\u00f3gi\u00ed | UPJ\u0160","isPartOf":{"@id":"https:\/\/www.upjs.sk\/pracoviska\/ciakt\/en\/#website"},"datePublished":"2023-04-25T08:56:23+00:00","dateModified":"2026-01-21T14:52:35+00:00","breadcrumb":{"@id":"https:\/\/www.upjs.sk\/pracoviska\/ciakt\/en\/pristupove-systemy\/#breadcrumb"},"inLanguage":"en-US","potentialAction":[{"@type":"ReadAction","target":["https:\/\/www.upjs.sk\/pracoviska\/ciakt\/en\/pristupove-systemy\/"]}]},{"@type":"BreadcrumbList","@id":"https:\/\/www.upjs.sk\/pracoviska\/ciakt\/en\/pristupove-systemy\/#breadcrumb","itemListElement":[{"@type":"ListItem","position":1,"name":"Home","item":"https:\/\/www.upjs.sk\/pracoviska\/ciakt\/en\/"},{"@type":"ListItem","position":2,"name":"Access systems"}]},{"@type":"WebSite","@id":"https:\/\/www.upjs.sk\/pracoviska\/ciakt\/en\/#website","url":"https:\/\/www.upjs.sk\/pracoviska\/ciakt\/en\/","name":"Centrum informa\u010dn\u00fdch a komunika\u010dn\u00fdch technol\u00f3gi\u00ed | UPJ\u0160","description":"","publisher":{"@id":"https:\/\/www.upjs.sk\/pracoviska\/ciakt\/en\/#organization"},"potentialAction":[{"@type":"SearchAction","target":{"@type":"EntryPoint","urlTemplate":"https:\/\/www.upjs.sk\/pracoviska\/ciakt\/en\/?s={search_term_string}"},"query-input":{"@type":"PropertyValueSpecification","valueRequired":true,"valueName":"search_term_string"}}],"inLanguage":"en-US"},{"@type":"Organization","@id":"https:\/\/www.upjs.sk\/pracoviska\/ciakt\/en\/#organization","name":"Centrum informa\u010dn\u00fdch a komunika\u010dn\u00fdch technol\u00f3gi\u00ed | UPJ\u0160","url":"https:\/\/www.upjs.sk\/pracoviska\/ciakt\/en\/","logo":{"@type":"ImageObject","inLanguage":"en-US","@id":"https:\/\/www.upjs.sk\/pracoviska\/ciakt\/en\/#\/schema\/logo\/image\/","url":"https:\/\/www.upjs.sk\/app\/uploads\/sites\/17\/2023\/01\/CIaKT_ENG.svg","contentUrl":"https:\/\/www.upjs.sk\/app\/uploads\/sites\/17\/2023\/01\/CIaKT_ENG.svg","width":500,"height":138,"caption":"Centrum informa\u010dn\u00fdch a komunika\u010dn\u00fdch technol\u00f3gi\u00ed | UPJ\u0160"},"image":{"@id":"https:\/\/www.upjs.sk\/pracoviska\/ciakt\/en\/#\/schema\/logo\/image\/"}}]}},"_links":{"self":[{"href":"https:\/\/www.upjs.sk\/pracoviska\/ciakt\/en\/wp-json\/wp\/v2\/pages\/16476","targetHints":{"allow":["GET"]}}],"collection":[{"href":"https:\/\/www.upjs.sk\/pracoviska\/ciakt\/en\/wp-json\/wp\/v2\/pages"}],"about":[{"href":"https:\/\/www.upjs.sk\/pracoviska\/ciakt\/en\/wp-json\/wp\/v2\/types\/page"}],"author":[{"embeddable":true,"href":"https:\/\/www.upjs.sk\/pracoviska\/ciakt\/en\/wp-json\/wp\/v2\/users\/16"}],"replies":[{"embeddable":true,"href":"https:\/\/www.upjs.sk\/pracoviska\/ciakt\/en\/wp-json\/wp\/v2\/comments?post=16476"}],"version-history":[{"count":4,"href":"https:\/\/www.upjs.sk\/pracoviska\/ciakt\/en\/wp-json\/wp\/v2\/pages\/16476\/revisions"}],"predecessor-version":[{"id":16480,"href":"https:\/\/www.upjs.sk\/pracoviska\/ciakt\/en\/wp-json\/wp\/v2\/pages\/16476\/revisions\/16480"}],"wp:attachment":[{"href":"https:\/\/www.upjs.sk\/pracoviska\/ciakt\/en\/wp-json\/wp\/v2\/media?parent=16476"}],"wp:term":[{"taxonomy":"category","embeddable":true,"href":"https:\/\/www.upjs.sk\/pracoviska\/ciakt\/en\/wp-json\/wp\/v2\/categories?post=16476"},{"taxonomy":"post_tag","embeddable":true,"href":"https:\/\/www.upjs.sk\/pracoviska\/ciakt\/en\/wp-json\/wp\/v2\/tags?post=16476"}],"curies":[{"name":"wp","href":"https:\/\/api.w.org\/{rel}","templated":true}]}}