{"id":12835,"date":"2019-12-12T12:13:25","date_gmt":"2019-12-12T12:13:44","guid":{"rendered":"https:\/\/www.upjs.sk\/pracoviska\/ciakt\/root\/aio\/povinnost-vlastnit-pik-upjs\/"},"modified":"2023-05-18T09:10:51","modified_gmt":"2023-05-18T09:10:51","slug":"povinnost-vlastnit-pik-upjs","status":"publish","type":"page","link":"https:\/\/www.upjs.sk\/pracoviska\/ciakt\/aio\/povinnost-vlastnit-pik-upjs\/","title":{"rendered":"Povinnos\u0165 vlastni\u0165 PIK"},"content":{"rendered":"\n<ul class=\"wp-block-list\">\n<li><a href=\"https:\/\/intranet.upjs.sk\/op\/op.Public.php?documentid=3661\" target=\"_blank\" aria-label=\"Organiza\u010dn\u00fd poriadok AIO (opens in a new tab)\" rel=\"noreferrer noopener\" class=\"ek-link\">Organiza\u010dn\u00fd poriadok AIO<\/a><\/li>\n\n\n\n<li>V zmysle Rozhodnutia rektora \u010d. 11\/2012 je\u00a0ka\u017ed\u00fd zamestnanec a \u0161tudent UPJ\u0160 povinn\u00fd vlastni\u0165 PIK. Karta je povinn\u00fdm preukazom \u0161tudenta v zmysle z\u00e1kona 131\/2002 Z.z. \u0160tudenti s\u00fa povinn\u00ed vybavi\u0165 si bezodkladne po z\u00e1pise prolong\u00e1ciu PIK.\u00a0<br><\/li>\n\n\n\n<li>Pou\u017e\u00edvate\u013e PIK je zodpovedn\u00fd za jej riadne pou\u017e\u00edvanie. PIK sa pou\u017e\u00edva v r\u00e1mci AIO:\n<ul class=\"wp-block-list\">\n<li>ako preukaz \u0161tudenta pod\u013ea z\u00e1kona o vysok\u00fdch \u0161kol\u00e1ch;<\/li>\n\n\n\n<li>ako preukaz zamestnanca UPJ\u0160;<\/li>\n\n\n\n<li>na preukazovanie toto\u017enosti a opr\u00e1vnenia pre vstup do pr\u00edslu\u0161n\u00fdch priestorov, vr\u00e1tane ubytovac\u00edch kapac\u00edt;<\/li>\n\n\n\n<li>na identifik\u00e1ciu pri vyu\u017e\u00edvan\u00ed Slu\u017eieb AIO;<\/li>\n\n\n\n<li>na in\u00e9 \u00fa\u010dely stanoven\u00e9 a zverejnen\u00e9 Spr\u00e1vou AIO;<\/li>\n<\/ul>\n<\/li>\n<\/ul>\n","protected":false},"excerpt":{"rendered":"","protected":false},"author":1,"featured_media":0,"parent":12804,"menu_order":7,"comment_status":"closed","ping_status":"closed","template":"","meta":{"_acf_changed":false,"_editorskit_title_hidden":false,"_editorskit_reading_time":1,"_editorskit_is_block_options_detached":false,"_editorskit_block_options_position":"{}","footnotes":""},"categories":[],"tags":[],"class_list":["post-12835","page","type-page","status-publish","hentry"],"acf":{"acf_link_na_externy_obsah":""},"yoast_head":"<!-- This site is optimized with the Yoast SEO plugin v27.2 - https:\/\/yoast.com\/product\/yoast-seo-wordpress\/ -->\n<title>Povinnos\u0165 vlastni\u0165 PIK - Centrum informa\u010dn\u00fdch a komunika\u010dn\u00fdch technol\u00f3gi\u00ed | UPJ\u0160<\/title>\n<meta name=\"robots\" content=\"index, follow, max-snippet:-1, max-image-preview:large, max-video-preview:-1\" \/>\n<link rel=\"canonical\" href=\"https:\/\/www.upjs.sk\/pracoviska\/ciakt\/aio\/povinnost-vlastnit-pik-upjs\/\" \/>\n<meta property=\"og:locale\" content=\"sk_SK\" \/>\n<meta property=\"og:type\" content=\"article\" \/>\n<meta property=\"og:title\" content=\"Povinnos\u0165 vlastni\u0165 PIK - Centrum informa\u010dn\u00fdch a komunika\u010dn\u00fdch technol\u00f3gi\u00ed | UPJ\u0160\" \/>\n<meta property=\"og:url\" content=\"https:\/\/www.upjs.sk\/pracoviska\/ciakt\/aio\/povinnost-vlastnit-pik-upjs\/\" \/>\n<meta property=\"og:site_name\" content=\"Centrum informa\u010dn\u00fdch a komunika\u010dn\u00fdch technol\u00f3gi\u00ed | UPJ\u0160\" \/>\n<meta property=\"article:modified_time\" content=\"2023-05-18T09:10:51+00:00\" \/>\n<meta name=\"twitter:card\" content=\"summary_large_image\" \/>\n<meta name=\"twitter:label1\" content=\"Predpokladan\u00fd \u010das \u010d\u00edtania\" \/>\n\t<meta name=\"twitter:data1\" content=\"1 min\u00fata\" \/>\n<script type=\"application\/ld+json\" class=\"yoast-schema-graph\">{\"@context\":\"https:\/\/schema.org\",\"@graph\":[{\"@type\":\"WebPage\",\"@id\":\"https:\/\/www.upjs.sk\/pracoviska\/ciakt\/aio\/povinnost-vlastnit-pik-upjs\/\",\"url\":\"https:\/\/www.upjs.sk\/pracoviska\/ciakt\/aio\/povinnost-vlastnit-pik-upjs\/\",\"name\":\"Povinnos\u0165 vlastni\u0165 PIK - Centrum informa\u010dn\u00fdch a komunika\u010dn\u00fdch technol\u00f3gi\u00ed | UPJ\u0160\",\"isPartOf\":{\"@id\":\"https:\/\/www.upjs.sk\/pracoviska\/ciakt\/#website\"},\"datePublished\":\"2019-12-12T12:13:44+00:00\",\"dateModified\":\"2023-05-18T09:10:51+00:00\",\"breadcrumb\":{\"@id\":\"https:\/\/www.upjs.sk\/pracoviska\/ciakt\/aio\/povinnost-vlastnit-pik-upjs\/#breadcrumb\"},\"inLanguage\":\"sk-SK\",\"potentialAction\":[{\"@type\":\"ReadAction\",\"target\":[\"https:\/\/www.upjs.sk\/pracoviska\/ciakt\/aio\/povinnost-vlastnit-pik-upjs\/\"]}]},{\"@type\":\"BreadcrumbList\",\"@id\":\"https:\/\/www.upjs.sk\/pracoviska\/ciakt\/aio\/povinnost-vlastnit-pik-upjs\/#breadcrumb\",\"itemListElement\":[{\"@type\":\"ListItem\",\"position\":1,\"name\":\"Home\",\"item\":\"https:\/\/www.upjs.sk\/pracoviska\/ciakt\/\"},{\"@type\":\"ListItem\",\"position\":2,\"name\":\"Spr\u00e1va syst\u00e9mu Automatickej identifik\u00e1cie os\u00f4b UPJ\u0160 (AIO)\",\"item\":\"https:\/\/www.upjs.sk\/pracoviska\/ciakt\/aio\/\"},{\"@type\":\"ListItem\",\"position\":3,\"name\":\"Povinnos\u0165 vlastni\u0165 PIK\"}]},{\"@type\":\"WebSite\",\"@id\":\"https:\/\/www.upjs.sk\/pracoviska\/ciakt\/#website\",\"url\":\"https:\/\/www.upjs.sk\/pracoviska\/ciakt\/\",\"name\":\"Centrum informa\u010dn\u00fdch a komunika\u010dn\u00fdch technol\u00f3gi\u00ed | UPJ\u0160\",\"description\":\"\",\"publisher\":{\"@id\":\"https:\/\/www.upjs.sk\/pracoviska\/ciakt\/#organization\"},\"potentialAction\":[{\"@type\":\"SearchAction\",\"target\":{\"@type\":\"EntryPoint\",\"urlTemplate\":\"https:\/\/www.upjs.sk\/pracoviska\/ciakt\/?s={search_term_string}\"},\"query-input\":{\"@type\":\"PropertyValueSpecification\",\"valueRequired\":true,\"valueName\":\"search_term_string\"}}],\"inLanguage\":\"sk-SK\"},{\"@type\":\"Organization\",\"@id\":\"https:\/\/www.upjs.sk\/pracoviska\/ciakt\/#organization\",\"name\":\"Centrum informa\u010dn\u00fdch a komunika\u010dn\u00fdch technol\u00f3gi\u00ed | UPJ\u0160\",\"url\":\"https:\/\/www.upjs.sk\/pracoviska\/ciakt\/\",\"logo\":{\"@type\":\"ImageObject\",\"inLanguage\":\"sk-SK\",\"@id\":\"https:\/\/www.upjs.sk\/pracoviska\/ciakt\/#\/schema\/logo\/image\/\",\"url\":\"https:\/\/www.upjs.sk\/app\/uploads\/sites\/17\/2023\/01\/CIaKT-1.svg\",\"contentUrl\":\"https:\/\/www.upjs.sk\/app\/uploads\/sites\/17\/2023\/01\/CIaKT-1.svg\",\"width\":500,\"height\":138,\"caption\":\"Centrum informa\u010dn\u00fdch a komunika\u010dn\u00fdch technol\u00f3gi\u00ed | UPJ\u0160\"},\"image\":{\"@id\":\"https:\/\/www.upjs.sk\/pracoviska\/ciakt\/#\/schema\/logo\/image\/\"}}]}<\/script>\n<!-- \/ Yoast SEO plugin. -->","yoast_head_json":{"title":"Povinnos\u0165 vlastni\u0165 PIK - Centrum informa\u010dn\u00fdch a komunika\u010dn\u00fdch technol\u00f3gi\u00ed | UPJ\u0160","robots":{"index":"index","follow":"follow","max-snippet":"max-snippet:-1","max-image-preview":"max-image-preview:large","max-video-preview":"max-video-preview:-1"},"canonical":"https:\/\/www.upjs.sk\/pracoviska\/ciakt\/aio\/povinnost-vlastnit-pik-upjs\/","og_locale":"sk_SK","og_type":"article","og_title":"Povinnos\u0165 vlastni\u0165 PIK - Centrum informa\u010dn\u00fdch a komunika\u010dn\u00fdch technol\u00f3gi\u00ed | UPJ\u0160","og_url":"https:\/\/www.upjs.sk\/pracoviska\/ciakt\/aio\/povinnost-vlastnit-pik-upjs\/","og_site_name":"Centrum informa\u010dn\u00fdch a komunika\u010dn\u00fdch technol\u00f3gi\u00ed | UPJ\u0160","article_modified_time":"2023-05-18T09:10:51+00:00","twitter_card":"summary_large_image","twitter_misc":{"Predpokladan\u00fd \u010das \u010d\u00edtania":"1 min\u00fata"},"schema":{"@context":"https:\/\/schema.org","@graph":[{"@type":"WebPage","@id":"https:\/\/www.upjs.sk\/pracoviska\/ciakt\/aio\/povinnost-vlastnit-pik-upjs\/","url":"https:\/\/www.upjs.sk\/pracoviska\/ciakt\/aio\/povinnost-vlastnit-pik-upjs\/","name":"Povinnos\u0165 vlastni\u0165 PIK - Centrum informa\u010dn\u00fdch a komunika\u010dn\u00fdch technol\u00f3gi\u00ed | UPJ\u0160","isPartOf":{"@id":"https:\/\/www.upjs.sk\/pracoviska\/ciakt\/#website"},"datePublished":"2019-12-12T12:13:44+00:00","dateModified":"2023-05-18T09:10:51+00:00","breadcrumb":{"@id":"https:\/\/www.upjs.sk\/pracoviska\/ciakt\/aio\/povinnost-vlastnit-pik-upjs\/#breadcrumb"},"inLanguage":"sk-SK","potentialAction":[{"@type":"ReadAction","target":["https:\/\/www.upjs.sk\/pracoviska\/ciakt\/aio\/povinnost-vlastnit-pik-upjs\/"]}]},{"@type":"BreadcrumbList","@id":"https:\/\/www.upjs.sk\/pracoviska\/ciakt\/aio\/povinnost-vlastnit-pik-upjs\/#breadcrumb","itemListElement":[{"@type":"ListItem","position":1,"name":"Home","item":"https:\/\/www.upjs.sk\/pracoviska\/ciakt\/"},{"@type":"ListItem","position":2,"name":"Spr\u00e1va syst\u00e9mu Automatickej identifik\u00e1cie os\u00f4b UPJ\u0160 (AIO)","item":"https:\/\/www.upjs.sk\/pracoviska\/ciakt\/aio\/"},{"@type":"ListItem","position":3,"name":"Povinnos\u0165 vlastni\u0165 PIK"}]},{"@type":"WebSite","@id":"https:\/\/www.upjs.sk\/pracoviska\/ciakt\/#website","url":"https:\/\/www.upjs.sk\/pracoviska\/ciakt\/","name":"Centrum informa\u010dn\u00fdch a komunika\u010dn\u00fdch technol\u00f3gi\u00ed | UPJ\u0160","description":"","publisher":{"@id":"https:\/\/www.upjs.sk\/pracoviska\/ciakt\/#organization"},"potentialAction":[{"@type":"SearchAction","target":{"@type":"EntryPoint","urlTemplate":"https:\/\/www.upjs.sk\/pracoviska\/ciakt\/?s={search_term_string}"},"query-input":{"@type":"PropertyValueSpecification","valueRequired":true,"valueName":"search_term_string"}}],"inLanguage":"sk-SK"},{"@type":"Organization","@id":"https:\/\/www.upjs.sk\/pracoviska\/ciakt\/#organization","name":"Centrum informa\u010dn\u00fdch a komunika\u010dn\u00fdch technol\u00f3gi\u00ed | UPJ\u0160","url":"https:\/\/www.upjs.sk\/pracoviska\/ciakt\/","logo":{"@type":"ImageObject","inLanguage":"sk-SK","@id":"https:\/\/www.upjs.sk\/pracoviska\/ciakt\/#\/schema\/logo\/image\/","url":"https:\/\/www.upjs.sk\/app\/uploads\/sites\/17\/2023\/01\/CIaKT-1.svg","contentUrl":"https:\/\/www.upjs.sk\/app\/uploads\/sites\/17\/2023\/01\/CIaKT-1.svg","width":500,"height":138,"caption":"Centrum informa\u010dn\u00fdch a komunika\u010dn\u00fdch technol\u00f3gi\u00ed | UPJ\u0160"},"image":{"@id":"https:\/\/www.upjs.sk\/pracoviska\/ciakt\/#\/schema\/logo\/image\/"}}]}},"_links":{"self":[{"href":"https:\/\/www.upjs.sk\/pracoviska\/ciakt\/wp-json\/wp\/v2\/pages\/12835","targetHints":{"allow":["GET"]}}],"collection":[{"href":"https:\/\/www.upjs.sk\/pracoviska\/ciakt\/wp-json\/wp\/v2\/pages"}],"about":[{"href":"https:\/\/www.upjs.sk\/pracoviska\/ciakt\/wp-json\/wp\/v2\/types\/page"}],"author":[{"embeddable":true,"href":"https:\/\/www.upjs.sk\/pracoviska\/ciakt\/wp-json\/wp\/v2\/users\/1"}],"replies":[{"embeddable":true,"href":"https:\/\/www.upjs.sk\/pracoviska\/ciakt\/wp-json\/wp\/v2\/comments?post=12835"}],"version-history":[{"count":6,"href":"https:\/\/www.upjs.sk\/pracoviska\/ciakt\/wp-json\/wp\/v2\/pages\/12835\/revisions"}],"predecessor-version":[{"id":14947,"href":"https:\/\/www.upjs.sk\/pracoviska\/ciakt\/wp-json\/wp\/v2\/pages\/12835\/revisions\/14947"}],"up":[{"embeddable":true,"href":"https:\/\/www.upjs.sk\/pracoviska\/ciakt\/wp-json\/wp\/v2\/pages\/12804"}],"wp:attachment":[{"href":"https:\/\/www.upjs.sk\/pracoviska\/ciakt\/wp-json\/wp\/v2\/media?parent=12835"}],"wp:term":[{"taxonomy":"category","embeddable":true,"href":"https:\/\/www.upjs.sk\/pracoviska\/ciakt\/wp-json\/wp\/v2\/categories?post=12835"},{"taxonomy":"post_tag","embeddable":true,"href":"https:\/\/www.upjs.sk\/pracoviska\/ciakt\/wp-json\/wp\/v2\/tags?post=12835"}],"curies":[{"name":"wp","href":"https:\/\/api.w.org\/{rel}","templated":true}]}}