{"id":12852,"date":"2019-12-12T12:13:25","date_gmt":"2019-12-12T12:13:44","guid":{"rendered":"https:\/\/www.upjs.sk\/pracoviska\/ciakt\/root\/aio\/vyhody-pik\/"},"modified":"2023-04-25T12:50:57","modified_gmt":"2023-04-25T12:50:57","slug":"vyhody-pik","status":"publish","type":"page","link":"https:\/\/www.upjs.sk\/pracoviska\/ciakt\/aio\/vyhody-pik\/","title":{"rendered":"V\u00fdhody PIK"},"content":{"rendered":"\n<p><strong>Preukaz sl\u00fa\u017ei ako:<\/strong><\/p>\n\n\n\n<ul class=\"wp-block-list\">\n<li>potvrdenie statusu (denn\u00fd \u0161tudent, doktorand, zamestnanec&#8230;) tam, kde nie je potrebn\u00e9 status p\u00edsomne dokladova\u0165 a zalo\u017ei\u0165 do spisu,<\/li>\n\n\n\n<li>kni\u017eni\u010dn\u00fd preukaz UPJ\u0160 a niektor\u00fdch in\u00fdch kni\u017en\u00edc SR &#8211; o akcept\u00e1cii sa informujte pred vydan\u00edm nov\u00e9ho preukazu,<\/li>\n\n\n\n<li>stravovac\u00ed preukaz UPJ\u0160,<\/li>\n\n\n\n<li>preukaz na pr\u00edstup do AIS (Akademick\u00e9ho informa\u010dn\u00e9ho syst\u00e9mu),<\/li>\n\n\n\n<li>preukaz pre pr\u00edstupov\u00e9 syst\u00e9my UPJ\u0160,<\/li>\n\n\n\n<li>preukaz na z\u013eavy ISIC,<\/li>\n\n\n\n<li>dopravn\u00e1 karta, pr\u00edp. preukaz na z\u013eavy v doprave: MHD, SAD a \u017dSSK,<\/li>\n\n\n\n<li>elektronick\u00e1 pe\u0148a\u017eenka FaxCopy,<\/li>\n\n\n\n<li>elektronick\u00e1 vstupenka Ticketportal.<\/li>\n<\/ul>\n\n\n\n<div style=\"height:20px\" aria-hidden=\"true\" class=\"wp-block-spacer\"><\/div>\n\n\n\n<p><strong>Odli\u0161nosti platn\u00e9 pre zamestnancov:<\/strong><\/p>\n\n\n\n<ul class=\"wp-block-list\">\n<li>Pedagogick\u00fdm zamestnancom m\u00f4\u017ee UPJ\u0160 vystavi\u0165 \u010dipov\u00fd preukaz <a href=\"http:\/\/www.ckm.sk\/buxus\/generate_page.php?page_id=71\" target=\"_blank\" rel=\"noopener\">ITIC<\/a> (medzin\u00e1rodn\u00fd preukaz u\u010dite\u013ea) a zabezpe\u010d\u00ed ka\u017edoro\u010dn\u00fa prolong\u00e1ciu zn\u00e1mok.<\/li>\n\n\n\n<li>Prolong\u00e1cia ITIC je mo\u017en\u00e1 po \u00fahrade poplatku a\u00a0zaevidovan\u00ed S\u00fahlasu s\u00a0podmienkami \u010dlenstva v\u00a0CKM SYTS v\u00a0AISe. Postup udelenia s\u00fahlasu je v\u00a0oznamoch.<\/li>\n\n\n\n<li>Ostatn\u00fdm (nepedagogick\u00fdm) zamestnancom vystav\u00ed UPJ\u0160 \u010dipov\u00fd preukaz.<\/li>\n<\/ul>\n","protected":false},"excerpt":{"rendered":"<p>Preukaz sl\u00fa\u017ei ako: Odli\u0161nosti platn\u00e9 pre zamestnancov:<\/p>\n","protected":false},"author":1,"featured_media":12853,"parent":12804,"menu_order":9,"comment_status":"closed","ping_status":"closed","template":"","meta":{"_acf_changed":false,"_editorskit_title_hidden":false,"_editorskit_reading_time":1,"_editorskit_is_block_options_detached":false,"_editorskit_block_options_position":"{}","footnotes":""},"categories":[],"tags":[],"class_list":["post-12852","page","type-page","status-publish","has-post-thumbnail","hentry"],"acf":{"acf_link_na_externy_obsah":""},"yoast_head":"<!-- This site is optimized with the Yoast SEO plugin v27.2 - https:\/\/yoast.com\/product\/yoast-seo-wordpress\/ -->\n<title>V\u00fdhody PIK - Centrum informa\u010dn\u00fdch a komunika\u010dn\u00fdch technol\u00f3gi\u00ed | UPJ\u0160<\/title>\n<meta name=\"robots\" content=\"index, follow, max-snippet:-1, max-image-preview:large, max-video-preview:-1\" \/>\n<link rel=\"canonical\" href=\"https:\/\/www.upjs.sk\/pracoviska\/ciakt\/aio\/vyhody-pik\/\" \/>\n<meta property=\"og:locale\" content=\"sk_SK\" \/>\n<meta property=\"og:type\" content=\"article\" \/>\n<meta property=\"og:title\" content=\"V\u00fdhody PIK - Centrum informa\u010dn\u00fdch a komunika\u010dn\u00fdch technol\u00f3gi\u00ed | UPJ\u0160\" \/>\n<meta property=\"og:description\" content=\"Preukaz sl\u00fa\u017ei ako: Odli\u0161nosti platn\u00e9 pre zamestnancov:\" \/>\n<meta property=\"og:url\" content=\"https:\/\/www.upjs.sk\/pracoviska\/ciakt\/aio\/vyhody-pik\/\" \/>\n<meta property=\"og:site_name\" content=\"Centrum informa\u010dn\u00fdch a komunika\u010dn\u00fdch technol\u00f3gi\u00ed | UPJ\u0160\" \/>\n<meta property=\"article:modified_time\" content=\"2023-04-25T12:50:57+00:00\" \/>\n<meta property=\"og:image\" content=\"https:\/\/www.upjs.sk\/app\/uploads\/sites\/17\/2022\/10\/logo-emcard-1.jpg\" \/>\n\t<meta property=\"og:image:width\" content=\"250\" \/>\n\t<meta property=\"og:image:height\" content=\"206\" \/>\n\t<meta property=\"og:image:type\" content=\"image\/jpeg\" \/>\n<meta name=\"twitter:card\" content=\"summary_large_image\" \/>\n<meta name=\"twitter:label1\" content=\"Predpokladan\u00fd \u010das \u010d\u00edtania\" \/>\n\t<meta name=\"twitter:data1\" content=\"1 min\u00fata\" \/>\n<script type=\"application\/ld+json\" class=\"yoast-schema-graph\">{\"@context\":\"https:\/\/schema.org\",\"@graph\":[{\"@type\":\"WebPage\",\"@id\":\"https:\/\/www.upjs.sk\/pracoviska\/ciakt\/aio\/vyhody-pik\/\",\"url\":\"https:\/\/www.upjs.sk\/pracoviska\/ciakt\/aio\/vyhody-pik\/\",\"name\":\"V\u00fdhody PIK - Centrum informa\u010dn\u00fdch a komunika\u010dn\u00fdch technol\u00f3gi\u00ed | UPJ\u0160\",\"isPartOf\":{\"@id\":\"https:\/\/www.upjs.sk\/pracoviska\/ciakt\/#website\"},\"primaryImageOfPage\":{\"@id\":\"https:\/\/www.upjs.sk\/pracoviska\/ciakt\/aio\/vyhody-pik\/#primaryimage\"},\"image\":{\"@id\":\"https:\/\/www.upjs.sk\/pracoviska\/ciakt\/aio\/vyhody-pik\/#primaryimage\"},\"thumbnailUrl\":\"https:\/\/www.upjs.sk\/app\/uploads\/sites\/17\/2022\/10\/logo-emcard-1.jpg\",\"datePublished\":\"2019-12-12T12:13:44+00:00\",\"dateModified\":\"2023-04-25T12:50:57+00:00\",\"breadcrumb\":{\"@id\":\"https:\/\/www.upjs.sk\/pracoviska\/ciakt\/aio\/vyhody-pik\/#breadcrumb\"},\"inLanguage\":\"sk-SK\",\"potentialAction\":[{\"@type\":\"ReadAction\",\"target\":[\"https:\/\/www.upjs.sk\/pracoviska\/ciakt\/aio\/vyhody-pik\/\"]}]},{\"@type\":\"ImageObject\",\"inLanguage\":\"sk-SK\",\"@id\":\"https:\/\/www.upjs.sk\/pracoviska\/ciakt\/aio\/vyhody-pik\/#primaryimage\",\"url\":\"https:\/\/www.upjs.sk\/app\/uploads\/sites\/17\/2022\/10\/logo-emcard-1.jpg\",\"contentUrl\":\"https:\/\/www.upjs.sk\/app\/uploads\/sites\/17\/2022\/10\/logo-emcard-1.jpg\",\"width\":250,\"height\":206,\"caption\":\"vyhody-pik\"},{\"@type\":\"BreadcrumbList\",\"@id\":\"https:\/\/www.upjs.sk\/pracoviska\/ciakt\/aio\/vyhody-pik\/#breadcrumb\",\"itemListElement\":[{\"@type\":\"ListItem\",\"position\":1,\"name\":\"Home\",\"item\":\"https:\/\/www.upjs.sk\/pracoviska\/ciakt\/\"},{\"@type\":\"ListItem\",\"position\":2,\"name\":\"Spr\u00e1va syst\u00e9mu Automatickej identifik\u00e1cie os\u00f4b UPJ\u0160 (AIO)\",\"item\":\"https:\/\/www.upjs.sk\/pracoviska\/ciakt\/aio\/\"},{\"@type\":\"ListItem\",\"position\":3,\"name\":\"V\u00fdhody PIK\"}]},{\"@type\":\"WebSite\",\"@id\":\"https:\/\/www.upjs.sk\/pracoviska\/ciakt\/#website\",\"url\":\"https:\/\/www.upjs.sk\/pracoviska\/ciakt\/\",\"name\":\"Centrum informa\u010dn\u00fdch a komunika\u010dn\u00fdch technol\u00f3gi\u00ed | UPJ\u0160\",\"description\":\"\",\"publisher\":{\"@id\":\"https:\/\/www.upjs.sk\/pracoviska\/ciakt\/#organization\"},\"potentialAction\":[{\"@type\":\"SearchAction\",\"target\":{\"@type\":\"EntryPoint\",\"urlTemplate\":\"https:\/\/www.upjs.sk\/pracoviska\/ciakt\/?s={search_term_string}\"},\"query-input\":{\"@type\":\"PropertyValueSpecification\",\"valueRequired\":true,\"valueName\":\"search_term_string\"}}],\"inLanguage\":\"sk-SK\"},{\"@type\":\"Organization\",\"@id\":\"https:\/\/www.upjs.sk\/pracoviska\/ciakt\/#organization\",\"name\":\"Centrum informa\u010dn\u00fdch a komunika\u010dn\u00fdch technol\u00f3gi\u00ed | UPJ\u0160\",\"url\":\"https:\/\/www.upjs.sk\/pracoviska\/ciakt\/\",\"logo\":{\"@type\":\"ImageObject\",\"inLanguage\":\"sk-SK\",\"@id\":\"https:\/\/www.upjs.sk\/pracoviska\/ciakt\/#\/schema\/logo\/image\/\",\"url\":\"https:\/\/www.upjs.sk\/app\/uploads\/sites\/17\/2023\/01\/CIaKT-1.svg\",\"contentUrl\":\"https:\/\/www.upjs.sk\/app\/uploads\/sites\/17\/2023\/01\/CIaKT-1.svg\",\"width\":500,\"height\":138,\"caption\":\"Centrum informa\u010dn\u00fdch a komunika\u010dn\u00fdch technol\u00f3gi\u00ed | UPJ\u0160\"},\"image\":{\"@id\":\"https:\/\/www.upjs.sk\/pracoviska\/ciakt\/#\/schema\/logo\/image\/\"}}]}<\/script>\n<!-- \/ Yoast SEO plugin. -->","yoast_head_json":{"title":"V\u00fdhody PIK - Centrum informa\u010dn\u00fdch a komunika\u010dn\u00fdch technol\u00f3gi\u00ed | UPJ\u0160","robots":{"index":"index","follow":"follow","max-snippet":"max-snippet:-1","max-image-preview":"max-image-preview:large","max-video-preview":"max-video-preview:-1"},"canonical":"https:\/\/www.upjs.sk\/pracoviska\/ciakt\/aio\/vyhody-pik\/","og_locale":"sk_SK","og_type":"article","og_title":"V\u00fdhody PIK - Centrum informa\u010dn\u00fdch a komunika\u010dn\u00fdch technol\u00f3gi\u00ed | UPJ\u0160","og_description":"Preukaz sl\u00fa\u017ei ako: Odli\u0161nosti platn\u00e9 pre zamestnancov:","og_url":"https:\/\/www.upjs.sk\/pracoviska\/ciakt\/aio\/vyhody-pik\/","og_site_name":"Centrum informa\u010dn\u00fdch a komunika\u010dn\u00fdch technol\u00f3gi\u00ed | UPJ\u0160","article_modified_time":"2023-04-25T12:50:57+00:00","og_image":[{"width":250,"height":206,"url":"https:\/\/www.upjs.sk\/app\/uploads\/sites\/17\/2022\/10\/logo-emcard-1.jpg","type":"image\/jpeg"}],"twitter_card":"summary_large_image","twitter_misc":{"Predpokladan\u00fd \u010das \u010d\u00edtania":"1 min\u00fata"},"schema":{"@context":"https:\/\/schema.org","@graph":[{"@type":"WebPage","@id":"https:\/\/www.upjs.sk\/pracoviska\/ciakt\/aio\/vyhody-pik\/","url":"https:\/\/www.upjs.sk\/pracoviska\/ciakt\/aio\/vyhody-pik\/","name":"V\u00fdhody PIK - Centrum informa\u010dn\u00fdch a komunika\u010dn\u00fdch technol\u00f3gi\u00ed | UPJ\u0160","isPartOf":{"@id":"https:\/\/www.upjs.sk\/pracoviska\/ciakt\/#website"},"primaryImageOfPage":{"@id":"https:\/\/www.upjs.sk\/pracoviska\/ciakt\/aio\/vyhody-pik\/#primaryimage"},"image":{"@id":"https:\/\/www.upjs.sk\/pracoviska\/ciakt\/aio\/vyhody-pik\/#primaryimage"},"thumbnailUrl":"https:\/\/www.upjs.sk\/app\/uploads\/sites\/17\/2022\/10\/logo-emcard-1.jpg","datePublished":"2019-12-12T12:13:44+00:00","dateModified":"2023-04-25T12:50:57+00:00","breadcrumb":{"@id":"https:\/\/www.upjs.sk\/pracoviska\/ciakt\/aio\/vyhody-pik\/#breadcrumb"},"inLanguage":"sk-SK","potentialAction":[{"@type":"ReadAction","target":["https:\/\/www.upjs.sk\/pracoviska\/ciakt\/aio\/vyhody-pik\/"]}]},{"@type":"ImageObject","inLanguage":"sk-SK","@id":"https:\/\/www.upjs.sk\/pracoviska\/ciakt\/aio\/vyhody-pik\/#primaryimage","url":"https:\/\/www.upjs.sk\/app\/uploads\/sites\/17\/2022\/10\/logo-emcard-1.jpg","contentUrl":"https:\/\/www.upjs.sk\/app\/uploads\/sites\/17\/2022\/10\/logo-emcard-1.jpg","width":250,"height":206,"caption":"vyhody-pik"},{"@type":"BreadcrumbList","@id":"https:\/\/www.upjs.sk\/pracoviska\/ciakt\/aio\/vyhody-pik\/#breadcrumb","itemListElement":[{"@type":"ListItem","position":1,"name":"Home","item":"https:\/\/www.upjs.sk\/pracoviska\/ciakt\/"},{"@type":"ListItem","position":2,"name":"Spr\u00e1va syst\u00e9mu Automatickej identifik\u00e1cie os\u00f4b UPJ\u0160 (AIO)","item":"https:\/\/www.upjs.sk\/pracoviska\/ciakt\/aio\/"},{"@type":"ListItem","position":3,"name":"V\u00fdhody PIK"}]},{"@type":"WebSite","@id":"https:\/\/www.upjs.sk\/pracoviska\/ciakt\/#website","url":"https:\/\/www.upjs.sk\/pracoviska\/ciakt\/","name":"Centrum informa\u010dn\u00fdch a komunika\u010dn\u00fdch technol\u00f3gi\u00ed | UPJ\u0160","description":"","publisher":{"@id":"https:\/\/www.upjs.sk\/pracoviska\/ciakt\/#organization"},"potentialAction":[{"@type":"SearchAction","target":{"@type":"EntryPoint","urlTemplate":"https:\/\/www.upjs.sk\/pracoviska\/ciakt\/?s={search_term_string}"},"query-input":{"@type":"PropertyValueSpecification","valueRequired":true,"valueName":"search_term_string"}}],"inLanguage":"sk-SK"},{"@type":"Organization","@id":"https:\/\/www.upjs.sk\/pracoviska\/ciakt\/#organization","name":"Centrum informa\u010dn\u00fdch a komunika\u010dn\u00fdch technol\u00f3gi\u00ed | UPJ\u0160","url":"https:\/\/www.upjs.sk\/pracoviska\/ciakt\/","logo":{"@type":"ImageObject","inLanguage":"sk-SK","@id":"https:\/\/www.upjs.sk\/pracoviska\/ciakt\/#\/schema\/logo\/image\/","url":"https:\/\/www.upjs.sk\/app\/uploads\/sites\/17\/2023\/01\/CIaKT-1.svg","contentUrl":"https:\/\/www.upjs.sk\/app\/uploads\/sites\/17\/2023\/01\/CIaKT-1.svg","width":500,"height":138,"caption":"Centrum informa\u010dn\u00fdch a komunika\u010dn\u00fdch technol\u00f3gi\u00ed | UPJ\u0160"},"image":{"@id":"https:\/\/www.upjs.sk\/pracoviska\/ciakt\/#\/schema\/logo\/image\/"}}]}},"_links":{"self":[{"href":"https:\/\/www.upjs.sk\/pracoviska\/ciakt\/wp-json\/wp\/v2\/pages\/12852","targetHints":{"allow":["GET"]}}],"collection":[{"href":"https:\/\/www.upjs.sk\/pracoviska\/ciakt\/wp-json\/wp\/v2\/pages"}],"about":[{"href":"https:\/\/www.upjs.sk\/pracoviska\/ciakt\/wp-json\/wp\/v2\/types\/page"}],"author":[{"embeddable":true,"href":"https:\/\/www.upjs.sk\/pracoviska\/ciakt\/wp-json\/wp\/v2\/users\/1"}],"replies":[{"embeddable":true,"href":"https:\/\/www.upjs.sk\/pracoviska\/ciakt\/wp-json\/wp\/v2\/comments?post=12852"}],"version-history":[{"count":5,"href":"https:\/\/www.upjs.sk\/pracoviska\/ciakt\/wp-json\/wp\/v2\/pages\/12852\/revisions"}],"predecessor-version":[{"id":14818,"href":"https:\/\/www.upjs.sk\/pracoviska\/ciakt\/wp-json\/wp\/v2\/pages\/12852\/revisions\/14818"}],"up":[{"embeddable":true,"href":"https:\/\/www.upjs.sk\/pracoviska\/ciakt\/wp-json\/wp\/v2\/pages\/12804"}],"wp:featuredmedia":[{"embeddable":true,"href":"https:\/\/www.upjs.sk\/pracoviska\/ciakt\/wp-json\/wp\/v2\/media\/12853"}],"wp:attachment":[{"href":"https:\/\/www.upjs.sk\/pracoviska\/ciakt\/wp-json\/wp\/v2\/media?parent=12852"}],"wp:term":[{"taxonomy":"category","embeddable":true,"href":"https:\/\/www.upjs.sk\/pracoviska\/ciakt\/wp-json\/wp\/v2\/categories?post=12852"},{"taxonomy":"post_tag","embeddable":true,"href":"https:\/\/www.upjs.sk\/pracoviska\/ciakt\/wp-json\/wp\/v2\/tags?post=12852"}],"curies":[{"name":"wp","href":"https:\/\/api.w.org\/{rel}","templated":true}]}}