{"id":12952,"date":"2020-05-26T08:29:06","date_gmt":"2020-05-26T08:29:06","guid":{"rendered":"https:\/\/www.upjs.sk\/pracoviska\/ciakt\/root\/externa-registracna-autorita-ca-disig\/"},"modified":"2025-02-03T08:47:31","modified_gmt":"2025-02-03T08:47:31","slug":"externa-registracna-autorita-ca-disig","status":"publish","type":"page","link":"https:\/\/www.upjs.sk\/pracoviska\/ciakt\/aio\/externa-registracna-autorita-ca-disig\/","title":{"rendered":"Registra\u010dn\u00e1 Autorita CA Disig"},"content":{"rendered":"\n<p>&nbsp;<\/p>\n\n\n\n<p><span style=\"color: #ff8c00;\"><strong><mark style=\"background-color:rgba(0, 0, 0, 0)\" class=\"has-inline-color has-zakladna-zlata-color\">PREV\u00c1DZKOVATE\u013d:<\/mark><\/strong><\/span><\/p>\n\n\n\n<p><strong>UPJ\u0160 v Ko\u0161iciach<\/strong>, registra\u010dn\u00e1 autorita pre verejnos\u0165<\/p>\n\n\n\n<figure class=\"wp-block-table is-style-stripes\"><table><tbody><tr><td>S\u00eddlo:<\/td><td>Rektor\u00e1t UPJ\u0160,<br>Spr\u00e1va AIO,<br>\u0160rob\u00e1rova 2, 1. posch. \u010d. d. 119-120<br>041 80&nbsp;Ko\u0161ice<\/td><\/tr><tr><td>Kontakt:<\/td><td>aio@upjs.sk<br>055\/234 1633, 055\/234 1511, 055\/234 1514<\/td><\/tr><tr><td>Str\u00e1nkov\u00e9 hodiny:<\/td><td>Dohodou. Term\u00edn je potrebn\u00e9 dohodn\u00fa\u0165 vopred,<br>najlep\u0161ie emailom.  <\/td><\/tr><\/tbody><\/table><\/figure>\n\n\n\n<p><span style=\"color: #ff8c00;\"><mark style=\"background-color:rgba(0, 0, 0, 0)\" class=\"has-inline-color has-zakladna-zlata-color\">Na registra\u010dnej autorite m\u00f4\u017eete po\u017eiada\u0165 o:<\/mark><\/span><\/p>\n\n\n\n<ul class=\"wp-block-list\">\n<li>vydanie certifik\u00e1tu pre elektronick\u00fd podpis<\/li>\n\n\n\n<li>vydanie kvalifikovan\u00e9ho certifik\u00e1tu s platnos\u0165ou 1 a\u017e 3 roky<\/li>\n\n\n\n<li>dodanie bezpe\u010dn\u00e9ho zariadenia na ulo\u017eenie kvalifikovan\u00e9ho certifik\u00e1tu<\/li>\n\n\n\n<li>dodanie aplik\u00e1cie Disig Desktop Signer ur\u010denej na vyhotovenie a overenie zaru\u010den\u00e9ho elektronick\u00e9ho podpisu<\/li>\n\n\n\n<li>dodanie aplik\u00e1cie Disig PdfSigner (typ: Personal, Business, Enterprise) ur\u010denej na podpisovanie PDF dokumentov certifik\u00e1tom pre elektronick\u00fd podpis<\/li>\n<\/ul>\n\n\n\n<div style=\"height:20px\" aria-hidden=\"true\" class=\"wp-block-spacer\"><\/div>\n\n\n\n<p><mark style=\"background-color:rgba(0, 0, 0, 0)\" class=\"has-inline-color has-zakladna-modra-color\">V&nbsp;s\u00falade s&nbsp;po\u017eiadavkami CA\/B Forum Baseline Requirements for the Issuance and Management of Publicly-Trusted S\/MIME Certificates boli od 1.9.2023 upraven\u00e9 podmienky pri vyd\u00e1van\u00ed verejne d\u00f4veryhodn\u00fdch certifik\u00e1tov pre emailov\u00fa komunik\u00e1ciu (certifik\u00e1t obsahuje atrib\u00fat emailProtection) &nbsp;a&nbsp;autentifik\u00e1ciu (certifik\u00e1t obsahuje atrib\u00fat clientAuth).<\/mark><br><strong><mark style=\"background-color:rgba(0, 0, 0, 0)\" class=\"has-inline-color has-zakladna-modra-color\">Pre vydanie spr\u00e1vneho typu certifik\u00e1tu je potrebn\u00e9 definova\u0165 \u00fa\u010del, na ktor\u00fd certifik\u00e1t pou\u017e\u00edvate.<\/mark><\/strong><\/p>\n\n\n\n<p>Ak chcete certifik\u00e1t pou\u017e\u00edva\u0165 v\u00fdhradne na emailov\u00fa komunik\u00e1ciu (podpisovanie a\/alebo \u0161ifrovanie emailov), &nbsp;pros\u00edm<br>pri generovan\u00ed \u017eiadosti zvo\u013ete skupinu certifik\u00e1tov :&nbsp;&nbsp;&nbsp; &nbsp;<strong>Certifik\u00e1t pre e-mail<\/strong>  a&nbsp;n\u00e1sledne pr\u00edslu\u0161n\u00fd typ certifik\u00e1tu.<\/p>\n\n\n\n<p>Ak chcete certifik\u00e1t pou\u017e\u00edva\u0165 pre prihlasovanie sa do informa\u010dn\u00fdch syst\u00e9mov (napr. OKTE, Damas), pros\u00edm<br>pri generovan\u00ed \u017eiadosti zvo\u013ete skupinu certifik\u00e1tov :&nbsp;&nbsp;&nbsp; &nbsp;<strong>Certifik\u00e1t pre autentifik\u00e1ciu<\/strong>  a&nbsp;n\u00e1sledne pr\u00edslu\u0161n\u00fd typ certifik\u00e1tu.<\/p>\n\n\n\n<p>Ak chcete certifik\u00e1t pou\u017e\u00edva\u0165 pre podpisovanie dokumentov (napr. fakt\u00fary, objedn\u00e1vky), pros\u00edm <br>pri generovan\u00ed \u017eiadosti zvo\u013ete skupinu certifik\u00e1tov :&nbsp;&nbsp;&nbsp; &nbsp;<strong>Kvalifikovan\u00fd certifik\u00e1t<\/strong> a&nbsp;n\u00e1sledne pr\u00edslu\u0161n\u00fd typ certifik\u00e1tu.<\/p>\n\n\n\n<p>\u017diados\u0165 generujte: <a href=\"https:\/\/eidas.disig.sk\/sk\/poskytovatel\/certifikacna-autorita\/generovanie-ziadosti\/\">https:\/\/eidas.disig.sk\/sk\/poskytovatel\/certifikacna-autorita\/generovanie-ziadosti\/<\/a><\/p>\n\n\n\n<p><a href=\"https:\/\/intranet.upjs.sk\/op\/op.Public.php?documentid=7960\" target=\"_blank\" rel=\"noopener\">Postup pri vybaven\u00ed osobn\u00e9ho certifik\u00e1tu pre zamestnancov PF UPJ\u0160<\/a><\/p>\n\n\n\n<p><span style=\"color: #ff8c00;\"><mark style=\"background-color:rgba(0, 0, 0, 0)\" class=\"has-inline-color has-zakladna-zlata-color\">V\u0161etky s\u00favisiace inform\u00e1cie a postupy n\u00e1jdete na str\u00e1nke:<\/mark><\/span><strong> <a href=\"http:\/\/www.disig.sk\" target=\"_blank\" rel=\"noopener\">www.disig.sk<\/a>.<\/strong><\/p>\n\n\n\n<p>Certifika\u010dn\u00e9 slu\u017eby a akreditovan\u00e9 certifika\u010dn\u00e9 slu\u017eby poskytnut\u00e9 na RA UPJ\u0160 bud\u00fa&nbsp; klientovi fakturovan\u00e9 v mene a na \u00fa\u010det spolo\u010dnosti Disig, a.s., pod\u013ea cenn\u00edka na www.disig.sk, okrem slu\u017eby \u201evydanie certifik\u00e1tu a dodanie bezpe\u010dn\u00e9ho zariadenia v s\u00eddle z\u00e1kazn\u00edka\u201c. Tu bude cena ur\u010den\u00e1 dohodou. Term\u00edn, podklady a podrobn\u00e9 inform\u00e1cie pre vybavenie po\u017eiadavky klienta bud\u00fa dohodnut\u00e9 pri prvotnom mailovom, pr\u00edp. telefonickom kontakte s klientom.<\/p>\n\n\n\n<p>Za poskytnut\u00e9 slu\u017eby sa plat\u00ed bezhotovostn\u00fdm bankov\u00fdm prevodom&nbsp; na z\u00e1klade fakt\u00fary odovzdanej klientovi pri osobnej n\u00e1v\u0161teve na RA UPJ\u0160.<\/p>\n","protected":false},"excerpt":{"rendered":"<p>&nbsp; PREV\u00c1DZKOVATE\u013d: UPJ\u0160 v Ko\u0161iciach, registra\u010dn\u00e1 autorita pre verejnos\u0165 S\u00eddlo: Rektor\u00e1t UPJ\u0160,Spr\u00e1va AIO,\u0160rob\u00e1rova 2, 1. posch. \u010d. d. 119-120041 80&nbsp;Ko\u0161ice Kontakt: aio@upjs.sk055\/234 1633, 055\/234 1511, 055\/234 1514 Str\u00e1nkov\u00e9 hodiny: Dohodou. Term\u00edn je potrebn\u00e9 dohodn\u00fa\u0165 vopred,najlep\u0161ie emailom. Na registra\u010dnej autorite m\u00f4\u017eete po\u017eiada\u0165 o: V&nbsp;s\u00falade s&nbsp;po\u017eiadavkami CA\/B Forum Baseline Requirements for the Issuance and Management of Publicly-Trusted &hellip; <a href=\"https:\/\/www.upjs.sk\/pracoviska\/ciakt\/aio\/externa-registracna-autorita-ca-disig\/\">\u010c\u00edta\u0165 \u010falej<\/a><\/p>\n","protected":false},"author":1,"featured_media":0,"parent":12804,"menu_order":4,"comment_status":"closed","ping_status":"closed","template":"","meta":{"_acf_changed":false,"_editorskit_title_hidden":false,"_editorskit_reading_time":1,"_editorskit_is_block_options_detached":false,"_editorskit_block_options_position":"{}","footnotes":""},"categories":[],"tags":[],"class_list":["post-12952","page","type-page","status-publish","hentry"],"acf":{"acf_link_na_externy_obsah":""},"yoast_head":"<!-- This site is optimized with the Yoast SEO plugin v27.4 - https:\/\/yoast.com\/product\/yoast-seo-wordpress\/ -->\n<title>Registra\u010dn\u00e1 Autorita CA Disig - Centrum informa\u010dn\u00fdch a komunika\u010dn\u00fdch technol\u00f3gi\u00ed | UPJ\u0160<\/title>\n<meta name=\"robots\" content=\"index, follow, max-snippet:-1, max-image-preview:large, max-video-preview:-1\" \/>\n<link rel=\"canonical\" href=\"https:\/\/www.upjs.sk\/pracoviska\/ciakt\/aio\/externa-registracna-autorita-ca-disig\/\" \/>\n<meta property=\"og:locale\" content=\"sk_SK\" \/>\n<meta property=\"og:type\" content=\"article\" \/>\n<meta property=\"og:title\" content=\"Registra\u010dn\u00e1 Autorita CA Disig - Centrum informa\u010dn\u00fdch a komunika\u010dn\u00fdch technol\u00f3gi\u00ed | UPJ\u0160\" \/>\n<meta property=\"og:description\" content=\"&nbsp; PREV\u00c1DZKOVATE\u013d: UPJ\u0160 v Ko\u0161iciach, registra\u010dn\u00e1 autorita pre verejnos\u0165 S\u00eddlo: Rektor\u00e1t UPJ\u0160,Spr\u00e1va AIO,\u0160rob\u00e1rova 2, 1. posch. \u010d. d. 119-120041 80&nbsp;Ko\u0161ice Kontakt: aio@upjs.sk055\/234 1633, 055\/234 1511, 055\/234 1514 Str\u00e1nkov\u00e9 hodiny: Dohodou. Term\u00edn je potrebn\u00e9 dohodn\u00fa\u0165 vopred,najlep\u0161ie emailom. Na registra\u010dnej autorite m\u00f4\u017eete po\u017eiada\u0165 o: V&nbsp;s\u00falade s&nbsp;po\u017eiadavkami CA\/B Forum Baseline Requirements for the Issuance and Management of Publicly-Trusted &hellip; \u010c\u00edta\u0165 \u010falej\" \/>\n<meta property=\"og:url\" content=\"https:\/\/www.upjs.sk\/pracoviska\/ciakt\/aio\/externa-registracna-autorita-ca-disig\/\" \/>\n<meta property=\"og:site_name\" content=\"Centrum informa\u010dn\u00fdch a komunika\u010dn\u00fdch technol\u00f3gi\u00ed | UPJ\u0160\" \/>\n<meta property=\"article:modified_time\" content=\"2025-02-03T08:47:31+00:00\" \/>\n<meta name=\"twitter:card\" content=\"summary_large_image\" \/>\n<meta name=\"twitter:label1\" content=\"Predpokladan\u00fd \u010das \u010d\u00edtania\" \/>\n\t<meta name=\"twitter:data1\" content=\"3 min\u00faty\" \/>\n<script type=\"application\/ld+json\" class=\"yoast-schema-graph\">{\"@context\":\"https:\\\/\\\/schema.org\",\"@graph\":[{\"@type\":\"WebPage\",\"@id\":\"https:\\\/\\\/www.upjs.sk\\\/pracoviska\\\/ciakt\\\/aio\\\/externa-registracna-autorita-ca-disig\\\/\",\"url\":\"https:\\\/\\\/www.upjs.sk\\\/pracoviska\\\/ciakt\\\/aio\\\/externa-registracna-autorita-ca-disig\\\/\",\"name\":\"Registra\u010dn\u00e1 Autorita CA Disig - Centrum informa\u010dn\u00fdch a komunika\u010dn\u00fdch technol\u00f3gi\u00ed | UPJ\u0160\",\"isPartOf\":{\"@id\":\"https:\\\/\\\/www.upjs.sk\\\/pracoviska\\\/ciakt\\\/#website\"},\"datePublished\":\"2020-05-26T08:29:06+00:00\",\"dateModified\":\"2025-02-03T08:47:31+00:00\",\"breadcrumb\":{\"@id\":\"https:\\\/\\\/www.upjs.sk\\\/pracoviska\\\/ciakt\\\/aio\\\/externa-registracna-autorita-ca-disig\\\/#breadcrumb\"},\"inLanguage\":\"sk-SK\",\"potentialAction\":[{\"@type\":\"ReadAction\",\"target\":[\"https:\\\/\\\/www.upjs.sk\\\/pracoviska\\\/ciakt\\\/aio\\\/externa-registracna-autorita-ca-disig\\\/\"]}]},{\"@type\":\"BreadcrumbList\",\"@id\":\"https:\\\/\\\/www.upjs.sk\\\/pracoviska\\\/ciakt\\\/aio\\\/externa-registracna-autorita-ca-disig\\\/#breadcrumb\",\"itemListElement\":[{\"@type\":\"ListItem\",\"position\":1,\"name\":\"Home\",\"item\":\"https:\\\/\\\/www.upjs.sk\\\/pracoviska\\\/ciakt\\\/\"},{\"@type\":\"ListItem\",\"position\":2,\"name\":\"Spr\u00e1va syst\u00e9mu Automatickej identifik\u00e1cie os\u00f4b UPJ\u0160 (AIO)\",\"item\":\"https:\\\/\\\/www.upjs.sk\\\/pracoviska\\\/ciakt\\\/aio\\\/\"},{\"@type\":\"ListItem\",\"position\":3,\"name\":\"Registra\u010dn\u00e1 Autorita CA Disig\"}]},{\"@type\":\"WebSite\",\"@id\":\"https:\\\/\\\/www.upjs.sk\\\/pracoviska\\\/ciakt\\\/#website\",\"url\":\"https:\\\/\\\/www.upjs.sk\\\/pracoviska\\\/ciakt\\\/\",\"name\":\"Centrum informa\u010dn\u00fdch a komunika\u010dn\u00fdch technol\u00f3gi\u00ed | UPJ\u0160\",\"description\":\"\",\"publisher\":{\"@id\":\"https:\\\/\\\/www.upjs.sk\\\/pracoviska\\\/ciakt\\\/#organization\"},\"potentialAction\":[{\"@type\":\"SearchAction\",\"target\":{\"@type\":\"EntryPoint\",\"urlTemplate\":\"https:\\\/\\\/www.upjs.sk\\\/pracoviska\\\/ciakt\\\/?s={search_term_string}\"},\"query-input\":{\"@type\":\"PropertyValueSpecification\",\"valueRequired\":true,\"valueName\":\"search_term_string\"}}],\"inLanguage\":\"sk-SK\"},{\"@type\":\"Organization\",\"@id\":\"https:\\\/\\\/www.upjs.sk\\\/pracoviska\\\/ciakt\\\/#organization\",\"name\":\"Centrum informa\u010dn\u00fdch a komunika\u010dn\u00fdch technol\u00f3gi\u00ed | UPJ\u0160\",\"url\":\"https:\\\/\\\/www.upjs.sk\\\/pracoviska\\\/ciakt\\\/\",\"logo\":{\"@type\":\"ImageObject\",\"inLanguage\":\"sk-SK\",\"@id\":\"https:\\\/\\\/www.upjs.sk\\\/pracoviska\\\/ciakt\\\/#\\\/schema\\\/logo\\\/image\\\/\",\"url\":\"https:\\\/\\\/www.upjs.sk\\\/app\\\/uploads\\\/sites\\\/17\\\/2023\\\/01\\\/CIaKT-1.svg\",\"contentUrl\":\"https:\\\/\\\/www.upjs.sk\\\/app\\\/uploads\\\/sites\\\/17\\\/2023\\\/01\\\/CIaKT-1.svg\",\"width\":500,\"height\":138,\"caption\":\"Centrum informa\u010dn\u00fdch a komunika\u010dn\u00fdch technol\u00f3gi\u00ed | UPJ\u0160\"},\"image\":{\"@id\":\"https:\\\/\\\/www.upjs.sk\\\/pracoviska\\\/ciakt\\\/#\\\/schema\\\/logo\\\/image\\\/\"}}]}<\/script>\n<!-- \/ Yoast SEO plugin. -->","yoast_head_json":{"title":"Registra\u010dn\u00e1 Autorita CA Disig - Centrum informa\u010dn\u00fdch a komunika\u010dn\u00fdch technol\u00f3gi\u00ed | UPJ\u0160","robots":{"index":"index","follow":"follow","max-snippet":"max-snippet:-1","max-image-preview":"max-image-preview:large","max-video-preview":"max-video-preview:-1"},"canonical":"https:\/\/www.upjs.sk\/pracoviska\/ciakt\/aio\/externa-registracna-autorita-ca-disig\/","og_locale":"sk_SK","og_type":"article","og_title":"Registra\u010dn\u00e1 Autorita CA Disig - Centrum informa\u010dn\u00fdch a komunika\u010dn\u00fdch technol\u00f3gi\u00ed | UPJ\u0160","og_description":"&nbsp; PREV\u00c1DZKOVATE\u013d: UPJ\u0160 v Ko\u0161iciach, registra\u010dn\u00e1 autorita pre verejnos\u0165 S\u00eddlo: Rektor\u00e1t UPJ\u0160,Spr\u00e1va AIO,\u0160rob\u00e1rova 2, 1. posch. \u010d. d. 119-120041 80&nbsp;Ko\u0161ice Kontakt: aio@upjs.sk055\/234 1633, 055\/234 1511, 055\/234 1514 Str\u00e1nkov\u00e9 hodiny: Dohodou. Term\u00edn je potrebn\u00e9 dohodn\u00fa\u0165 vopred,najlep\u0161ie emailom. Na registra\u010dnej autorite m\u00f4\u017eete po\u017eiada\u0165 o: V&nbsp;s\u00falade s&nbsp;po\u017eiadavkami CA\/B Forum Baseline Requirements for the Issuance and Management of Publicly-Trusted &hellip; \u010c\u00edta\u0165 \u010falej","og_url":"https:\/\/www.upjs.sk\/pracoviska\/ciakt\/aio\/externa-registracna-autorita-ca-disig\/","og_site_name":"Centrum informa\u010dn\u00fdch a komunika\u010dn\u00fdch technol\u00f3gi\u00ed | UPJ\u0160","article_modified_time":"2025-02-03T08:47:31+00:00","twitter_card":"summary_large_image","twitter_misc":{"Predpokladan\u00fd \u010das \u010d\u00edtania":"3 min\u00faty"},"schema":{"@context":"https:\/\/schema.org","@graph":[{"@type":"WebPage","@id":"https:\/\/www.upjs.sk\/pracoviska\/ciakt\/aio\/externa-registracna-autorita-ca-disig\/","url":"https:\/\/www.upjs.sk\/pracoviska\/ciakt\/aio\/externa-registracna-autorita-ca-disig\/","name":"Registra\u010dn\u00e1 Autorita CA Disig - Centrum informa\u010dn\u00fdch a komunika\u010dn\u00fdch technol\u00f3gi\u00ed | UPJ\u0160","isPartOf":{"@id":"https:\/\/www.upjs.sk\/pracoviska\/ciakt\/#website"},"datePublished":"2020-05-26T08:29:06+00:00","dateModified":"2025-02-03T08:47:31+00:00","breadcrumb":{"@id":"https:\/\/www.upjs.sk\/pracoviska\/ciakt\/aio\/externa-registracna-autorita-ca-disig\/#breadcrumb"},"inLanguage":"sk-SK","potentialAction":[{"@type":"ReadAction","target":["https:\/\/www.upjs.sk\/pracoviska\/ciakt\/aio\/externa-registracna-autorita-ca-disig\/"]}]},{"@type":"BreadcrumbList","@id":"https:\/\/www.upjs.sk\/pracoviska\/ciakt\/aio\/externa-registracna-autorita-ca-disig\/#breadcrumb","itemListElement":[{"@type":"ListItem","position":1,"name":"Home","item":"https:\/\/www.upjs.sk\/pracoviska\/ciakt\/"},{"@type":"ListItem","position":2,"name":"Spr\u00e1va syst\u00e9mu Automatickej identifik\u00e1cie os\u00f4b UPJ\u0160 (AIO)","item":"https:\/\/www.upjs.sk\/pracoviska\/ciakt\/aio\/"},{"@type":"ListItem","position":3,"name":"Registra\u010dn\u00e1 Autorita CA Disig"}]},{"@type":"WebSite","@id":"https:\/\/www.upjs.sk\/pracoviska\/ciakt\/#website","url":"https:\/\/www.upjs.sk\/pracoviska\/ciakt\/","name":"Centrum informa\u010dn\u00fdch a komunika\u010dn\u00fdch technol\u00f3gi\u00ed | UPJ\u0160","description":"","publisher":{"@id":"https:\/\/www.upjs.sk\/pracoviska\/ciakt\/#organization"},"potentialAction":[{"@type":"SearchAction","target":{"@type":"EntryPoint","urlTemplate":"https:\/\/www.upjs.sk\/pracoviska\/ciakt\/?s={search_term_string}"},"query-input":{"@type":"PropertyValueSpecification","valueRequired":true,"valueName":"search_term_string"}}],"inLanguage":"sk-SK"},{"@type":"Organization","@id":"https:\/\/www.upjs.sk\/pracoviska\/ciakt\/#organization","name":"Centrum informa\u010dn\u00fdch a komunika\u010dn\u00fdch technol\u00f3gi\u00ed | UPJ\u0160","url":"https:\/\/www.upjs.sk\/pracoviska\/ciakt\/","logo":{"@type":"ImageObject","inLanguage":"sk-SK","@id":"https:\/\/www.upjs.sk\/pracoviska\/ciakt\/#\/schema\/logo\/image\/","url":"https:\/\/www.upjs.sk\/app\/uploads\/sites\/17\/2023\/01\/CIaKT-1.svg","contentUrl":"https:\/\/www.upjs.sk\/app\/uploads\/sites\/17\/2023\/01\/CIaKT-1.svg","width":500,"height":138,"caption":"Centrum informa\u010dn\u00fdch a komunika\u010dn\u00fdch technol\u00f3gi\u00ed | UPJ\u0160"},"image":{"@id":"https:\/\/www.upjs.sk\/pracoviska\/ciakt\/#\/schema\/logo\/image\/"}}]}},"_links":{"self":[{"href":"https:\/\/www.upjs.sk\/pracoviska\/ciakt\/wp-json\/wp\/v2\/pages\/12952","targetHints":{"allow":["GET"]}}],"collection":[{"href":"https:\/\/www.upjs.sk\/pracoviska\/ciakt\/wp-json\/wp\/v2\/pages"}],"about":[{"href":"https:\/\/www.upjs.sk\/pracoviska\/ciakt\/wp-json\/wp\/v2\/types\/page"}],"author":[{"embeddable":true,"href":"https:\/\/www.upjs.sk\/pracoviska\/ciakt\/wp-json\/wp\/v2\/users\/1"}],"replies":[{"embeddable":true,"href":"https:\/\/www.upjs.sk\/pracoviska\/ciakt\/wp-json\/wp\/v2\/comments?post=12952"}],"version-history":[{"count":14,"href":"https:\/\/www.upjs.sk\/pracoviska\/ciakt\/wp-json\/wp\/v2\/pages\/12952\/revisions"}],"predecessor-version":[{"id":16160,"href":"https:\/\/www.upjs.sk\/pracoviska\/ciakt\/wp-json\/wp\/v2\/pages\/12952\/revisions\/16160"}],"up":[{"embeddable":true,"href":"https:\/\/www.upjs.sk\/pracoviska\/ciakt\/wp-json\/wp\/v2\/pages\/12804"}],"wp:attachment":[{"href":"https:\/\/www.upjs.sk\/pracoviska\/ciakt\/wp-json\/wp\/v2\/media?parent=12952"}],"wp:term":[{"taxonomy":"category","embeddable":true,"href":"https:\/\/www.upjs.sk\/pracoviska\/ciakt\/wp-json\/wp\/v2\/categories?post=12952"},{"taxonomy":"post_tag","embeddable":true,"href":"https:\/\/www.upjs.sk\/pracoviska\/ciakt\/wp-json\/wp\/v2\/tags?post=12952"}],"curies":[{"name":"wp","href":"https:\/\/api.w.org\/{rel}","templated":true}]}}