{"id":12985,"date":"2021-09-30T10:00:08","date_gmt":"2021-09-30T10:00:08","guid":{"rendered":"https:\/\/www.upjs.sk\/pracoviska\/ciakt\/root\/navody\/kontakty\/"},"modified":"2023-04-19T09:01:40","modified_gmt":"2023-04-19T09:01:40","slug":"kontakty","status":"publish","type":"page","link":"https:\/\/www.upjs.sk\/pracoviska\/ciakt\/navody\/kontakty\/","title":{"rendered":"Helpdesk &#8211; kontakty"},"content":{"rendered":"\n<figure class=\"wp-block-table is-style-stripes\"><table class=\"has-fixed-layout\"><thead><tr><th class=\"has-text-align-left\" data-align=\"left\"><strong><mark style=\"background-color:rgba(0, 0, 0, 0)\" class=\"has-inline-color has-zakladna-zlata-color\">Oblas\u0165<\/mark><\/strong>  <mark style=\"background-color:rgba(0, 0, 0, 0)\" class=\"has-inline-color has-zakladna-modra-color\">S<strong>yst\u00e9m<\/strong><\/mark><\/th><th class=\"has-text-align-left\" data-align=\"left\"><mark style=\"background-color:rgba(0, 0, 0, 0)\" class=\"has-inline-color has-zakladna-modra-color\">E<strong>-mailov\u00e1 skupinov\u00e1 adresa<\/strong><\/mark><\/th><th class=\"has-text-align-left\" data-align=\"left\"><mark style=\"background-color:rgba(0, 0, 0, 0)\" class=\"has-inline-color has-zakladna-modra-color\">O<strong>kruh probl\u00e9mov<\/strong><\/mark><\/th><\/tr><\/thead><tbody><tr><td class=\"has-text-align-left\" data-align=\"left\"><mark style=\"background-color:rgba(0, 0, 0, 0)\" class=\"has-inline-color has-zakladna-zlata-color\"><strong>Spr\u00e1va IS<\/strong><\/mark><br>Sofia, ESS, Doch\u00e1dzkov\u00fd syst\u00e9m, Pr\u00edstupov\u00fd syst\u00e9m<\/td><td class=\"has-text-align-left\" data-align=\"left\">IS@upjs.sk<\/td><td class=\"has-text-align-left\" data-align=\"left\">podpora pre moduly ekonomick\u00e9ho syst\u00e9mu: HR, FI, PSM, TM, AM, MM, ESS, Doch\u00e1dzkov\u00fd syst\u00e9m, Pr\u00edstupov\u00fd syst\u00e9m<\/td><\/tr><tr><td class=\"has-text-align-left\" data-align=\"left\"><strong><mark style=\"background-color:rgba(0, 0, 0, 0)\" class=\"has-inline-color has-zakladna-zlata-color\">Spr\u00e1va AIO<\/mark><\/strong><br>EMStudent, CardPay<\/td><td class=\"has-text-align-left\" data-align=\"left\">AIO@upjs.sk<\/td><td class=\"has-text-align-left\" data-align=\"left\">podpora pre vyd\u00e1vanie PIK, pre stravovac\u00ed syst\u00e9m<\/td><\/tr><tr><td class=\"has-text-align-left\" data-align=\"left\"><strong><mark style=\"background-color:rgba(0, 0, 0, 0)\" class=\"has-inline-color has-zakladna-zlata-color\">Spr\u00e1va WEB<\/mark><\/strong><br>Web str\u00e1nky UPJ\u0160<\/td><td class=\"has-text-align-left\" data-align=\"left\">webmaster@upjs.sk<br>PRAVF-webmaster@upjs.sk<br>FF-webmaster@upjs.sk<br>PF-webmaster@upjs.sk<br>LF-webmaster@upjs.sk<br>FVS-webmaster@upjs.sk<br>UK-webmaster@upjs.sk<\/td><td class=\"has-text-align-left\" data-align=\"left\">podpora pre web str\u00e1nky UPJ\u0160<\/td><\/tr><tr><td class=\"has-text-align-left\" data-align=\"left\"><strong><mark style=\"background-color:rgba(0, 0, 0, 0)\" class=\"has-inline-color has-zakladna-zlata-color\">Spr\u00e1va AIS<\/mark><\/strong><br>AIS &#8211; Akademick\u00fd informa\u010dn\u00fd syst\u00e9m<\/td><td class=\"has-text-align-left\" data-align=\"left\">PRAVF-ais@upjs.sk<br>FF-ais@upjs.sk<br>PF-ais@upjs.sk<br>LF-ais@upjs.sk<br>FVS-ais@upjs.sk<br>REK-ais@upjs.sk<\/td><td class=\"has-text-align-left\" data-align=\"left\">podpora pre AIS na jednotliv\u00fdch pracovisk\u00e1ch<\/td><\/tr><tr><td class=\"has-text-align-left\" data-align=\"left\"><strong><mark style=\"background-color:rgba(0, 0, 0, 0)\" class=\"has-inline-color has-zakladna-zlata-color\">Spr\u00e1va e-mail<\/mark><\/strong><br><strong><mark style=\"background-color:rgba(0, 0, 0, 0)\" class=\"has-inline-color has-zakladna-zlata-color\">Office 365<\/mark><\/strong><br>E-mail, Office 365<\/td><td class=\"has-text-align-left\" data-align=\"left\">PRAVF-email@upjs.sk<br>FF-email@upjs.sk<br>PF-email@upjs.sk<br>LF-email@upjs.sk<br>FVS-email@upjs.sk<br>REK-email@upjs.sk<\/td><td class=\"has-text-align-left\" data-align=\"left\">podpora pre probl\u00e9my s mailov\u00fdmi schr\u00e1nkami<br>Office 365<\/td><\/tr><tr><td class=\"has-text-align-left\" data-align=\"left\"><strong><mark style=\"background-color:rgba(0, 0, 0, 0)\" class=\"has-inline-color has-zakladna-zlata-color\">Spr\u00e1va PC<\/mark><\/strong><br>OS Windows, HW<\/td><td class=\"has-text-align-left\" data-align=\"left\">PRAVF-podpora@upjs.sk<br>FF-podpora@upjs.sk<br>PF-podpora@upjs.sk<br>LF-podpora@upjs.sk<br>FVS-podpora@upjs.sk<br>REK-podpora@upjs.sk<\/td><td class=\"has-text-align-left\" data-align=\"left\">in\u0161tal\u00e1cia a \u00fadr\u017eba lok\u00e1lnych PC, notebookov, VoIP telef\u00f3nov a \u010fal\u0161\u00edch zariaden\u00ed u\u017e\u00edvate\u013eov<\/td><\/tr><tr><td class=\"has-text-align-left\" data-align=\"left\"><strong><mark style=\"background-color:rgba(0, 0, 0, 0)\" class=\"has-inline-color has-zakladna-zlata-color\">Spr\u00e1va siete a serverov<\/mark><\/strong><br>SAUNET, SANET<\/td><td class=\"has-text-align-left\" data-align=\"left\">servis@upjs.sk<\/td><td class=\"has-text-align-left\" data-align=\"left\">podpora univerzitnej siete SAUNET a serverov<\/td><\/tr><tr><td class=\"has-text-align-left\" data-align=\"left\"><strong><mark style=\"background-color:rgba(0, 0, 0, 0)\" class=\"has-inline-color has-zakladna-zlata-color\">Zverejnenie zml\u00fav<\/mark><\/strong><\/td><td class=\"has-text-align-left\" data-align=\"left\">zverejnenie_upa@upjs.sk<\/td><td class=\"has-text-align-left\" data-align=\"left\">povinn\u00e9 zverej\u0148ovanie dokladov na web-str\u00e1nke<\/td><\/tr><tr><td class=\"has-text-align-left\" data-align=\"left\"><strong><mark style=\"background-color:rgba(0, 0, 0, 0)\" class=\"has-inline-color has-zakladna-zlata-color\">Akcie na rektor\u00e1te<\/mark><\/strong><\/td><td class=\"has-text-align-left\" data-align=\"left\">akcie-rektorat@upjs.sk<\/td><td class=\"has-text-align-left\" data-align=\"left\">pr\u00edprava miestnosti, technick\u00e9 zabezpe\u010denie<\/td><\/tr><\/tbody><\/table><\/figure>\n\n\n\n<p class=\"has-text-align-left\"><span style=\"background: transparent;\"><span style=\"line-height: 108%;\"><span style=\"orphans: 2;\"><span style=\"widows: 2;\"><span style=\"color: #484848;\"><span style=\"font-family: Calibri,serif;\"><span style=\"font-size: medium;\"><span style=\"font-size: 12pt;\"><span style=\"font-style: normal;\"><span style=\"font-weight: normal;\">Email prefix:<\/span><\/span><\/span><\/span><\/span><\/span><\/span><\/span><\/span><\/span><\/p>\n\n\n\n<p class=\"has-text-align-left\"><span style=\"background: transparent;\"><span style=\"line-height: 108%;\"><span style=\"orphans: 2;\"><span style=\"widows: 2;\"><span style=\"color: #484848;\"><span style=\"font-family: Calibri,serif;\"><span style=\"font-size: medium;\"><span style=\"font-size: 12pt;\"><span style=\"font-style: normal;\"><span style=\"font-weight: normal;\">PRAVF \u2013 Pr\u00e1vnick\u00e1 Fakulta<\/span><\/span><\/span><\/span><\/span><\/span><br><span style=\"color: #484848;\"><span style=\"font-family: Calibri,serif;\"><span style=\"font-size: medium;\"><span style=\"font-size: 12pt;\"><span style=\"font-style: normal;\"><span style=\"font-weight: normal;\">FF \u2013 Filozofick\u00e1 Fakulta<\/span><\/span><\/span><\/span><\/span><\/span><br><span style=\"color: #484848;\"><span style=\"font-family: Calibri,serif;\"><span style=\"font-size: medium;\"><span style=\"font-size: 12pt;\"><span style=\"font-style: normal;\"><span style=\"font-weight: normal;\">PF \u2013 Pr\u00edrodovedeck\u00e1 Fakulta<\/span><\/span><\/span><\/span><\/span><\/span><br><span style=\"color: #484848;\"><span style=\"font-family: Calibri,serif;\"><span style=\"font-size: medium;\"><span style=\"font-size: 12pt;\"><span style=\"font-style: normal;\"><span style=\"font-weight: normal;\">LF \u2013 Lek\u00e1rska Fakulta<\/span><\/span><\/span><\/span><\/span><\/span><br><span style=\"color: #484848;\"><span style=\"font-family: Calibri,serif;\"><span style=\"font-size: medium;\"><span style=\"font-size: 12pt;\"><span style=\"font-style: normal;\"><span style=\"font-weight: normal;\">FVS \u2013 Fakulta Verejnej Spr\u00e1vy<\/span><\/span><\/span><\/span><\/span><\/span><br><span style=\"color: #484848;\"><span style=\"font-family: Calibri,serif;\"><span style=\"font-size: medium;\"><span style=\"font-size: 12pt;\"><span style=\"font-style: normal;\"><span style=\"font-weight: normal;\">REK<\/span><\/span><\/span><\/span><\/span><\/span><span style=\"color: #484848;\"><span style=\"font-family: Calibri,serif;\"><span style=\"font-size: medium;\"><span style=\"font-size: 12pt;\"><span style=\"font-style: normal;\"><span style=\"font-weight: normal;\"> &#8211; Rektor\u00e1t<br>UK &#8211; Univerzitn\u00e1 kni\u017enica<\/span><\/span><\/span><\/span><\/span><\/span><\/span><\/span><\/span><\/span><\/p>\n\n\n\n<p>Pre kontakt so spr\u00e1vcami pou\u017e\u00edvajte univerzitn\u00fd email. S\u00fakromn\u00fd email nebude akceptovan\u00fd, s v\u00fdnimkou probl\u00e9mov t\u00fdkaj\u00facich sa univerzitn\u00e9ho konta. <\/p>\n\n\n\n<p>Pre hl\u00e1senie probl\u00e9mov v IT pou\u017eite <a href=\"https:\/\/upjs.ladesk.com\/\" class=\"ek-link\">Helpdesk<\/a><\/p>\n","protected":false},"excerpt":{"rendered":"<p>Oblas\u0165 Syst\u00e9m E-mailov\u00e1 skupinov\u00e1 adresa Okruh probl\u00e9mov Spr\u00e1va ISSofia, ESS, Doch\u00e1dzkov\u00fd syst\u00e9m, Pr\u00edstupov\u00fd syst\u00e9m IS@upjs.sk podpora pre moduly ekonomick\u00e9ho syst\u00e9mu: HR, FI, PSM, TM, AM, MM, ESS, Doch\u00e1dzkov\u00fd syst\u00e9m, Pr\u00edstupov\u00fd syst\u00e9m Spr\u00e1va AIOEMStudent, CardPay AIO@upjs.sk podpora pre vyd\u00e1vanie PIK, pre stravovac\u00ed syst\u00e9m Spr\u00e1va WEBWeb str\u00e1nky UPJ\u0160 webmaster@upjs.skPRAVF-webmaster@upjs.skFF-webmaster@upjs.skPF-webmaster@upjs.skLF-webmaster@upjs.skFVS-webmaster@upjs.skUK-webmaster@upjs.sk podpora pre web str\u00e1nky UPJ\u0160 Spr\u00e1va AISAIS &#8211; &hellip; <a href=\"https:\/\/www.upjs.sk\/pracoviska\/ciakt\/navody\/kontakty\/\">\u010c\u00edta\u0165 \u010falej<\/a><\/p>\n","protected":false},"author":1,"featured_media":0,"parent":12955,"menu_order":7,"comment_status":"closed","ping_status":"closed","template":"","meta":{"_acf_changed":false,"_editorskit_title_hidden":false,"_editorskit_reading_time":1,"_editorskit_is_block_options_detached":false,"_editorskit_block_options_position":"{}","footnotes":""},"categories":[],"tags":[],"class_list":["post-12985","page","type-page","status-publish","hentry"],"acf":{"acf_link_na_externy_obsah":""},"yoast_head":"<!-- This site is optimized with the Yoast SEO plugin v27.4 - https:\/\/yoast.com\/product\/yoast-seo-wordpress\/ -->\n<title>Helpdesk - kontakty - Centrum informa\u010dn\u00fdch a komunika\u010dn\u00fdch technol\u00f3gi\u00ed | UPJ\u0160<\/title>\n<meta name=\"robots\" content=\"index, follow, max-snippet:-1, max-image-preview:large, max-video-preview:-1\" \/>\n<link rel=\"canonical\" href=\"https:\/\/www.upjs.sk\/pracoviska\/ciakt\/navody\/kontakty\/\" \/>\n<meta property=\"og:locale\" content=\"sk_SK\" \/>\n<meta property=\"og:type\" content=\"article\" \/>\n<meta property=\"og:title\" content=\"Helpdesk - kontakty - Centrum informa\u010dn\u00fdch a komunika\u010dn\u00fdch technol\u00f3gi\u00ed | UPJ\u0160\" \/>\n<meta property=\"og:description\" content=\"Oblas\u0165 Syst\u00e9m E-mailov\u00e1 skupinov\u00e1 adresa Okruh probl\u00e9mov Spr\u00e1va ISSofia, ESS, Doch\u00e1dzkov\u00fd syst\u00e9m, Pr\u00edstupov\u00fd syst\u00e9m IS@upjs.sk podpora pre moduly ekonomick\u00e9ho syst\u00e9mu: HR, FI, PSM, TM, AM, MM, ESS, Doch\u00e1dzkov\u00fd syst\u00e9m, Pr\u00edstupov\u00fd syst\u00e9m Spr\u00e1va AIOEMStudent, CardPay AIO@upjs.sk podpora pre vyd\u00e1vanie PIK, pre stravovac\u00ed syst\u00e9m Spr\u00e1va WEBWeb str\u00e1nky UPJ\u0160 webmaster@upjs.skPRAVF-webmaster@upjs.skFF-webmaster@upjs.skPF-webmaster@upjs.skLF-webmaster@upjs.skFVS-webmaster@upjs.skUK-webmaster@upjs.sk podpora pre web str\u00e1nky UPJ\u0160 Spr\u00e1va AISAIS &#8211; &hellip; \u010c\u00edta\u0165 \u010falej\" \/>\n<meta property=\"og:url\" content=\"https:\/\/www.upjs.sk\/pracoviska\/ciakt\/navody\/kontakty\/\" \/>\n<meta property=\"og:site_name\" content=\"Centrum informa\u010dn\u00fdch a komunika\u010dn\u00fdch technol\u00f3gi\u00ed | UPJ\u0160\" \/>\n<meta property=\"article:modified_time\" content=\"2023-04-19T09:01:40+00:00\" \/>\n<meta name=\"twitter:card\" content=\"summary_large_image\" \/>\n<meta name=\"twitter:label1\" content=\"Predpokladan\u00fd \u010das \u010d\u00edtania\" \/>\n\t<meta name=\"twitter:data1\" content=\"2 min\u00faty\" \/>\n<script type=\"application\/ld+json\" class=\"yoast-schema-graph\">{\"@context\":\"https:\\\/\\\/schema.org\",\"@graph\":[{\"@type\":\"WebPage\",\"@id\":\"https:\\\/\\\/www.upjs.sk\\\/pracoviska\\\/ciakt\\\/navody\\\/kontakty\\\/\",\"url\":\"https:\\\/\\\/www.upjs.sk\\\/pracoviska\\\/ciakt\\\/navody\\\/kontakty\\\/\",\"name\":\"Helpdesk - kontakty - Centrum informa\u010dn\u00fdch a komunika\u010dn\u00fdch technol\u00f3gi\u00ed | UPJ\u0160\",\"isPartOf\":{\"@id\":\"https:\\\/\\\/www.upjs.sk\\\/pracoviska\\\/ciakt\\\/#website\"},\"datePublished\":\"2021-09-30T10:00:08+00:00\",\"dateModified\":\"2023-04-19T09:01:40+00:00\",\"breadcrumb\":{\"@id\":\"https:\\\/\\\/www.upjs.sk\\\/pracoviska\\\/ciakt\\\/navody\\\/kontakty\\\/#breadcrumb\"},\"inLanguage\":\"sk-SK\",\"potentialAction\":[{\"@type\":\"ReadAction\",\"target\":[\"https:\\\/\\\/www.upjs.sk\\\/pracoviska\\\/ciakt\\\/navody\\\/kontakty\\\/\"]}]},{\"@type\":\"BreadcrumbList\",\"@id\":\"https:\\\/\\\/www.upjs.sk\\\/pracoviska\\\/ciakt\\\/navody\\\/kontakty\\\/#breadcrumb\",\"itemListElement\":[{\"@type\":\"ListItem\",\"position\":1,\"name\":\"Home\",\"item\":\"https:\\\/\\\/www.upjs.sk\\\/pracoviska\\\/ciakt\\\/\"},{\"@type\":\"ListItem\",\"position\":2,\"name\":\"N\u00e1vody\",\"item\":\"https:\\\/\\\/www.upjs.sk\\\/pracoviska\\\/ciakt\\\/navody\\\/\"},{\"@type\":\"ListItem\",\"position\":3,\"name\":\"Helpdesk &#8211; kontakty\"}]},{\"@type\":\"WebSite\",\"@id\":\"https:\\\/\\\/www.upjs.sk\\\/pracoviska\\\/ciakt\\\/#website\",\"url\":\"https:\\\/\\\/www.upjs.sk\\\/pracoviska\\\/ciakt\\\/\",\"name\":\"Centrum informa\u010dn\u00fdch a komunika\u010dn\u00fdch technol\u00f3gi\u00ed | UPJ\u0160\",\"description\":\"\",\"publisher\":{\"@id\":\"https:\\\/\\\/www.upjs.sk\\\/pracoviska\\\/ciakt\\\/#organization\"},\"potentialAction\":[{\"@type\":\"SearchAction\",\"target\":{\"@type\":\"EntryPoint\",\"urlTemplate\":\"https:\\\/\\\/www.upjs.sk\\\/pracoviska\\\/ciakt\\\/?s={search_term_string}\"},\"query-input\":{\"@type\":\"PropertyValueSpecification\",\"valueRequired\":true,\"valueName\":\"search_term_string\"}}],\"inLanguage\":\"sk-SK\"},{\"@type\":\"Organization\",\"@id\":\"https:\\\/\\\/www.upjs.sk\\\/pracoviska\\\/ciakt\\\/#organization\",\"name\":\"Centrum informa\u010dn\u00fdch a komunika\u010dn\u00fdch technol\u00f3gi\u00ed | UPJ\u0160\",\"url\":\"https:\\\/\\\/www.upjs.sk\\\/pracoviska\\\/ciakt\\\/\",\"logo\":{\"@type\":\"ImageObject\",\"inLanguage\":\"sk-SK\",\"@id\":\"https:\\\/\\\/www.upjs.sk\\\/pracoviska\\\/ciakt\\\/#\\\/schema\\\/logo\\\/image\\\/\",\"url\":\"https:\\\/\\\/www.upjs.sk\\\/app\\\/uploads\\\/sites\\\/17\\\/2023\\\/01\\\/CIaKT-1.svg\",\"contentUrl\":\"https:\\\/\\\/www.upjs.sk\\\/app\\\/uploads\\\/sites\\\/17\\\/2023\\\/01\\\/CIaKT-1.svg\",\"width\":500,\"height\":138,\"caption\":\"Centrum informa\u010dn\u00fdch a komunika\u010dn\u00fdch technol\u00f3gi\u00ed | UPJ\u0160\"},\"image\":{\"@id\":\"https:\\\/\\\/www.upjs.sk\\\/pracoviska\\\/ciakt\\\/#\\\/schema\\\/logo\\\/image\\\/\"}}]}<\/script>\n<!-- \/ Yoast SEO plugin. -->","yoast_head_json":{"title":"Helpdesk - kontakty - Centrum informa\u010dn\u00fdch a komunika\u010dn\u00fdch technol\u00f3gi\u00ed | UPJ\u0160","robots":{"index":"index","follow":"follow","max-snippet":"max-snippet:-1","max-image-preview":"max-image-preview:large","max-video-preview":"max-video-preview:-1"},"canonical":"https:\/\/www.upjs.sk\/pracoviska\/ciakt\/navody\/kontakty\/","og_locale":"sk_SK","og_type":"article","og_title":"Helpdesk - kontakty - Centrum informa\u010dn\u00fdch a komunika\u010dn\u00fdch technol\u00f3gi\u00ed | UPJ\u0160","og_description":"Oblas\u0165 Syst\u00e9m E-mailov\u00e1 skupinov\u00e1 adresa Okruh probl\u00e9mov Spr\u00e1va ISSofia, ESS, Doch\u00e1dzkov\u00fd syst\u00e9m, Pr\u00edstupov\u00fd syst\u00e9m IS@upjs.sk podpora pre moduly ekonomick\u00e9ho syst\u00e9mu: HR, FI, PSM, TM, AM, MM, ESS, Doch\u00e1dzkov\u00fd syst\u00e9m, Pr\u00edstupov\u00fd syst\u00e9m Spr\u00e1va AIOEMStudent, CardPay AIO@upjs.sk podpora pre vyd\u00e1vanie PIK, pre stravovac\u00ed syst\u00e9m Spr\u00e1va WEBWeb str\u00e1nky UPJ\u0160 webmaster@upjs.skPRAVF-webmaster@upjs.skFF-webmaster@upjs.skPF-webmaster@upjs.skLF-webmaster@upjs.skFVS-webmaster@upjs.skUK-webmaster@upjs.sk podpora pre web str\u00e1nky UPJ\u0160 Spr\u00e1va AISAIS &#8211; &hellip; \u010c\u00edta\u0165 \u010falej","og_url":"https:\/\/www.upjs.sk\/pracoviska\/ciakt\/navody\/kontakty\/","og_site_name":"Centrum informa\u010dn\u00fdch a komunika\u010dn\u00fdch technol\u00f3gi\u00ed | UPJ\u0160","article_modified_time":"2023-04-19T09:01:40+00:00","twitter_card":"summary_large_image","twitter_misc":{"Predpokladan\u00fd \u010das \u010d\u00edtania":"2 min\u00faty"},"schema":{"@context":"https:\/\/schema.org","@graph":[{"@type":"WebPage","@id":"https:\/\/www.upjs.sk\/pracoviska\/ciakt\/navody\/kontakty\/","url":"https:\/\/www.upjs.sk\/pracoviska\/ciakt\/navody\/kontakty\/","name":"Helpdesk - kontakty - Centrum informa\u010dn\u00fdch a komunika\u010dn\u00fdch technol\u00f3gi\u00ed | UPJ\u0160","isPartOf":{"@id":"https:\/\/www.upjs.sk\/pracoviska\/ciakt\/#website"},"datePublished":"2021-09-30T10:00:08+00:00","dateModified":"2023-04-19T09:01:40+00:00","breadcrumb":{"@id":"https:\/\/www.upjs.sk\/pracoviska\/ciakt\/navody\/kontakty\/#breadcrumb"},"inLanguage":"sk-SK","potentialAction":[{"@type":"ReadAction","target":["https:\/\/www.upjs.sk\/pracoviska\/ciakt\/navody\/kontakty\/"]}]},{"@type":"BreadcrumbList","@id":"https:\/\/www.upjs.sk\/pracoviska\/ciakt\/navody\/kontakty\/#breadcrumb","itemListElement":[{"@type":"ListItem","position":1,"name":"Home","item":"https:\/\/www.upjs.sk\/pracoviska\/ciakt\/"},{"@type":"ListItem","position":2,"name":"N\u00e1vody","item":"https:\/\/www.upjs.sk\/pracoviska\/ciakt\/navody\/"},{"@type":"ListItem","position":3,"name":"Helpdesk &#8211; kontakty"}]},{"@type":"WebSite","@id":"https:\/\/www.upjs.sk\/pracoviska\/ciakt\/#website","url":"https:\/\/www.upjs.sk\/pracoviska\/ciakt\/","name":"Centrum informa\u010dn\u00fdch a komunika\u010dn\u00fdch technol\u00f3gi\u00ed | UPJ\u0160","description":"","publisher":{"@id":"https:\/\/www.upjs.sk\/pracoviska\/ciakt\/#organization"},"potentialAction":[{"@type":"SearchAction","target":{"@type":"EntryPoint","urlTemplate":"https:\/\/www.upjs.sk\/pracoviska\/ciakt\/?s={search_term_string}"},"query-input":{"@type":"PropertyValueSpecification","valueRequired":true,"valueName":"search_term_string"}}],"inLanguage":"sk-SK"},{"@type":"Organization","@id":"https:\/\/www.upjs.sk\/pracoviska\/ciakt\/#organization","name":"Centrum informa\u010dn\u00fdch a komunika\u010dn\u00fdch technol\u00f3gi\u00ed | UPJ\u0160","url":"https:\/\/www.upjs.sk\/pracoviska\/ciakt\/","logo":{"@type":"ImageObject","inLanguage":"sk-SK","@id":"https:\/\/www.upjs.sk\/pracoviska\/ciakt\/#\/schema\/logo\/image\/","url":"https:\/\/www.upjs.sk\/app\/uploads\/sites\/17\/2023\/01\/CIaKT-1.svg","contentUrl":"https:\/\/www.upjs.sk\/app\/uploads\/sites\/17\/2023\/01\/CIaKT-1.svg","width":500,"height":138,"caption":"Centrum informa\u010dn\u00fdch a komunika\u010dn\u00fdch technol\u00f3gi\u00ed | UPJ\u0160"},"image":{"@id":"https:\/\/www.upjs.sk\/pracoviska\/ciakt\/#\/schema\/logo\/image\/"}}]}},"_links":{"self":[{"href":"https:\/\/www.upjs.sk\/pracoviska\/ciakt\/wp-json\/wp\/v2\/pages\/12985","targetHints":{"allow":["GET"]}}],"collection":[{"href":"https:\/\/www.upjs.sk\/pracoviska\/ciakt\/wp-json\/wp\/v2\/pages"}],"about":[{"href":"https:\/\/www.upjs.sk\/pracoviska\/ciakt\/wp-json\/wp\/v2\/types\/page"}],"author":[{"embeddable":true,"href":"https:\/\/www.upjs.sk\/pracoviska\/ciakt\/wp-json\/wp\/v2\/users\/1"}],"replies":[{"embeddable":true,"href":"https:\/\/www.upjs.sk\/pracoviska\/ciakt\/wp-json\/wp\/v2\/comments?post=12985"}],"version-history":[{"count":23,"href":"https:\/\/www.upjs.sk\/pracoviska\/ciakt\/wp-json\/wp\/v2\/pages\/12985\/revisions"}],"predecessor-version":[{"id":14680,"href":"https:\/\/www.upjs.sk\/pracoviska\/ciakt\/wp-json\/wp\/v2\/pages\/12985\/revisions\/14680"}],"up":[{"embeddable":true,"href":"https:\/\/www.upjs.sk\/pracoviska\/ciakt\/wp-json\/wp\/v2\/pages\/12955"}],"wp:attachment":[{"href":"https:\/\/www.upjs.sk\/pracoviska\/ciakt\/wp-json\/wp\/v2\/media?parent=12985"}],"wp:term":[{"taxonomy":"category","embeddable":true,"href":"https:\/\/www.upjs.sk\/pracoviska\/ciakt\/wp-json\/wp\/v2\/categories?post=12985"},{"taxonomy":"post_tag","embeddable":true,"href":"https:\/\/www.upjs.sk\/pracoviska\/ciakt\/wp-json\/wp\/v2\/tags?post=12985"}],"curies":[{"name":"wp","href":"https:\/\/api.w.org\/{rel}","templated":true}]}}