{"id":12986,"date":"2021-09-09T08:56:42","date_gmt":"2021-09-09T08:56:42","guid":{"rendered":"https:\/\/www.upjs.sk\/pracoviska\/ciakt\/root\/navody\/e-mail\/"},"modified":"2026-03-18T14:58:31","modified_gmt":"2026-03-18T14:58:31","slug":"e-mail","status":"publish","type":"page","link":"https:\/\/www.upjs.sk\/pracoviska\/ciakt\/navody\/e-mail\/","title":{"rendered":"E-mail"},"content":{"rendered":"<h3 style=\"box-sizing: inherit; color: #232323; font-family: Roboto,sans-serif; font-weight: bold;\"><a style=\"box-sizing: inherit; background-color: transparent; color: #cf8739; text-decoration-line: none; font-size: 16px;\" href=\"https:\/\/www.upjs.sk\/pracoviska\/ciakt\/en\/how-to\/email\/\">English version<\/a><span style=\"box-sizing: inherit; color: #484848; font-family: roboto,sans-serif; font-size: 16px;\">\u200b<\/span><\/h3>\n<p style=\"text-align: justify;\">Na Univerzite Pavla Jozefa \u0160af\u00e1rika v Ko\u0161iciach (\u010falej len &#8222;UPJ\u0160 v KE&#8220;) je zaveden\u00fd\u00a0<strong>jednotn\u00fd form\u00e1t e-mailov\u00fdch adries v\u0161etk\u00fdch zamestnancov a \u0161tudentov<\/strong>\u00a0UPJ\u0160. Pod\u013ea\u00a0<strong>pr\u00edkazu rektora \u010d. 12\/2015 <\/strong>na zjednotenie form\u00e1tu e-mailov\u00fdch adries na Univerzite Pavla Jozefa \u0160af\u00e1rika v Ko\u0161iciach a jej s\u00fa\u010dastiach s\u00fa \u0161tudenti a zamestnanci UPJ\u0160\u00a0<strong>povinn\u00ed<\/strong>\u00a0pre \u0161tudijn\u00e9, resp. pracovn\u00e9 \u00fa\u010dely na UPJ\u0160\u00a0<strong>pou\u017e\u00edva\u0165 v\u00fdlu\u010dne univerzitn\u00fa emailov\u00fa adresu<\/strong>.<\/p>\n<p><a href=\"https:\/\/csirt.upjs.sk\/#\/navody\/phishing\">BEZPE\u010cNOS\u0164 E-MAILOVEJ SCHR\u00c1NKY<\/a><\/p>\n<p><strong style=\"color: #ff8c00; text-align: justify;\">PR\u00cdSTUP K\u00a0E-MAILOVEJ SCHR\u00c1NKE<\/strong><\/p>\n<p>K\u00a0e-mailovej schr\u00e1nke m\u00f4\u017eete prist\u00fapi\u0165 pomocou:<\/p>\n<ul>\n<li><strong>Webov\u00fd\u00a0klient: <\/strong><a href=\"https:\/\/outlook.office365.com\" target=\"_blank\" rel=\"noopener\"><strong>https:<\/strong><\/a><a href=\"https:\/\/outlook.office365.com\" target=\"_blank\" rel=\"noopener\"><strong><u>\/\/outlook.office365.com<\/u><\/strong><\/a><\/li>\n<li><strong>Desktopov\u00fd\u00a0klient:<\/strong><\/li>\n<\/ul>\n<p style=\"margin-left: 36pt;\">Pre pln\u00fa funkcionalitu Office 365 je odpor\u00fa\u010dan\u00fd MS Outlook 2016 (alebo nov\u0161\u00ed), ktor\u00fd okrem mailovej komunik\u00e1cie umo\u017e\u0148uje vyu\u017ei\u0165 kalend\u00e1re (aj zdie\u013ean\u00e9) na oznamovanie a\u00a0organizovanie udalost\u00ed, stretnut\u00ed, \u010falej \u00dalohy na organizovanie pr\u00e1ce, \u00a0zdie\u013eanie s\u00faborov a\u00a0\u010fal\u0161iu funkcionalitu. Pre \u010fal\u0161ie inform\u00e1cie pozrite <a href=\"http:\/\/www.upjs.sk\/navody\/office-365\/\"><strong>Office 365<\/strong><\/a><\/p>\n<ol style=\"margin-left: 40px;\">\n<li>Otvorenie programu Outlook 2016<\/li>\n<li>Kliknutie na mo\u017enos\u0165 \u201es\u00fabor\u201c, vi\u010f.\u00a0<a href=\"http:\/\/www.upjs.sk\/public\/media\/10358\/email-outlook-1.jpg\" target=\"_blank\" rel=\"noopener\">Obr. 1 Kliknutie na\u00a0 \u201eS\u00fabor\u201d<\/a><a href=\"\/public\/media\/10358\/email-outlook-1.jpg\" target=\"_blank\" rel=\"noopener\"><img decoding=\"async\" style=\"border-style: solid; border-width: 0px; height: 216px; width: 300px;\" src=\"http:\/\/www.upjs.sk\/\/app\/uploads\/sites\/17\/2022\/10\/email-outlook-1.jpg\" alt=\"\" \/><\/a><\/li>\n<li>V\u00a0\u010dasti \u201eS\u00fabor\u201c je potrebn\u00e9 vybra\u0165 mo\u017enos\u0165 \u201ePrida\u0165 konto\u201d, vi\u010f.\u00a0<a href=\"http:\/\/www.upjs.sk\/public\/media\/10358\/email-outlook-2.jpg\" target=\"_blank\" rel=\"noopener\">Obr. 2 \u00a0Mo\u017enos\u0165 \u201ePrida\u0165 konto\u201d<\/a><a href=\"\/public\/media\/10358\/email-outlook-2.jpg\" target=\"_blank\" rel=\"noopener\"><img decoding=\"async\" style=\"border-style: solid; border-width: 0px; height: 216px; width: 300px;\" src=\"http:\/\/www.upjs.sk\/\/app\/uploads\/sites\/17\/2022\/10\/email-outlook-2.jpg\" alt=\"\" \/><\/a><\/li>\n<li>Zakliknutie mo\u017enosti \u201eE-mailov\u00e9 konto\u201d a vyplnenie \u00fadajov:\u00a0 (<a href=\"http:\/\/www.upjs.sk\/public\/media\/10358\/email-outlook-3.jpg\" target=\"_blank\" rel=\"noopener\">Obr. 3<\/a>)<br \/>\n\u2666\u00a0 Va\u0161e meno<br \/>\n\u2666\u00a0 E-mailov\u00e1 adresa v tvare:<br \/>\nzamestnanci:\u00a0<u>meno.priezvisko@upjs.sk<\/u><br \/>\n\u0161tudenti: <u>aisID@upjs.sk (prihlasovacie meno do aisu@upjs.sk)<\/u><br \/>\n\u2666\u00a0 Heslo<br \/>\n\u2666\u00a0 Znova zadajte heslo<br \/>\nKliknutie na mo\u017enos\u0165 \u201e\u010ealej\u201cObr. 3\u00a0\u00a0\u00a0\u00a0\u00a0 Vyplnenie \u00fadajov<br \/>\n<a href=\"\/public\/media\/10358\/email-outlook-3.jpg\" target=\"_blank\" rel=\"noopener\"><img decoding=\"async\" style=\"border-style: solid; border-width: 0px; height: 201px; width: 300px;\" src=\"http:\/\/www.upjs.sk\/\/app\/uploads\/sites\/17\/2022\/10\/email-outlook-3.jpg\" alt=\"\" \/><\/a><\/li>\n<li>V\u00a0\u010fal\u0161om kroku sa outlook nakonfiguruje a\u00a0pre \u00faspe\u0161n\u00e9 potvrdenie je potrebn\u00e9 klikn\u00fa\u0165 na mo\u017enos\u0165 \u201e\u010ealej\u201c, vi\u010f.\u00a0<a href=\"http:\/\/www.upjs.sk\/public\/media\/10358\/email-outlook-4.jpg\" target=\"_blank\" rel=\"noopener\"><span style=\"text-align: -webkit-center;\">Obr. 4\u00a0\u00a0\u00a0\u00a0\u00a0 Zakliknutie mo\u017enosti \u201e\u010ealej\u201d<\/span><\/a><a href=\"\/public\/media\/10358\/email-outlook-4.jpg\" target=\"_blank\" rel=\"noopener\"><img decoding=\"async\" style=\"border-style: solid; border-width: 0px; height: 201px; width: 300px;\" src=\"http:\/\/www.upjs.sk\/\/app\/uploads\/sites\/17\/2022\/10\/email-outlook-4.jpg\" alt=\"\" \/><\/a><\/li>\n<\/ol>\n<p style=\"margin-left: 36pt;\">\n<p><span style=\"color: #ff8c00;\"><strong>NASTAVENIA PRE E-MAILOV\u00ddCH KLIENTOV:<\/strong><\/span><\/p>\n<table style=\"width: 97%;\" border=\"0\" cellspacing=\"0\" cellpadding=\"0\" align=\"center\">\n<tbody>\n<tr>\n<td style=\"vertical-align: top; width: 40%;\"><strong>Server odch\u00e1dzaj\u00facej po\u0161ty:<\/strong><\/td>\n<td style=\"width: 57%;\">smtp.office365.com [zapn\u00fa\u0165 STARTTLS] &#8211; port 587,<br \/>\nvyplni\u0165 meno\/heslo v tvare:<br \/>\nzamestnanci: meno.priezvisko@upjs.sk<br \/>\nstudenti: aisID@upjs.sk<\/td>\n<\/tr>\n<tr>\n<td style=\"width: 40%;\"><strong>Server prich\u00e1dzaj\u00facej po\u0161ty:<\/strong><\/td>\n<td style=\"width: 57%;\">outlook.office365.com [SSL] &#8211; port 993 (imap), port 995 (pop3)<\/td>\n<\/tr>\n<\/tbody>\n<\/table>\n<p>Kapacita e-mailovej schr\u00e1nky je\u00a0<strong>50GB<\/strong>. Po jej naplnen\u00ed V\u00e1m spr\u00e1vy nebud\u00fa doru\u010dovan\u00e9.<\/p>\n<p><span style=\"color: #ff8c00;\"><strong>UPOZORNENIE<\/strong><\/span><\/p>\n<p>Pre prihl\u00e1senie straten\u00fdch prie\u010dinkov je potrebn\u00e9 op\u00e4tovne si v klientoch nastavi\u0165 odoberanie prie\u010dinkov.<br \/>\nV <strong>Thunderbirde<\/strong> (prav\u00fd klik na prie\u010dinok Doru\u010den\u00fa po\u0161tu a n\u00e1sledne zvoli\u0165 mo\u017enos\u0165 <strong>Prihl\u00e1si\u0165 k odberu<\/strong>. V \u0148om je potrebn\u00e9 vyklika\u0165 v\u0161etky prie\u010dinky, ktor\u00e9 chcete ma\u0165 synchronizovan\u00e9).<br \/>\nPri <strong>Outlooku<\/strong> je to vykon\u00e1van\u00e9 obdobne, po kliknut\u00ed prav\u00fdm tla\u010d\u00edtkom vo\u013eba Prie\u010dinky IMAP.<br \/>\n<a href=\"\/helpdesk\/e-mail\/postup-prihlasenia-stratenych-priecinkov\"><strong>POSTUP<\/strong> prihl\u00e1senia straten\u00fdch prie\u010dinkov<\/a>.<\/p>\n<p>Z bezpe\u010dnostn\u00fdch d\u00f4vodov je nastavenie presmerovania mailovej po\u0161ty na in\u00fa mailov\u00fa adresu mimo upjs.sk ignorovan\u00e9 a k presmerovaniu ned\u00f4jde.<\/p>\n<p><strong style=\"color: #ff8c00; text-align: justify;\">KONTAKT NA LOK\u00c1LNYCH SPR\u00c1VCOV<\/strong><\/p>\n<p>V pr\u00edpade probl\u00e9mov, resp. ak\u00fdchko\u013evek ot\u00e1zok spojen\u00fdch s pou\u017e\u00edvan\u00edm e-mailovej adresy, nev\u00e1hajte kontaktova\u0165\u00a0<a href=\"https:\/\/www.upjs.sk\/pracoviska\/ciakt\/navody\/kontakty\/\">lok\u00e1lneho spr\u00e1vcu<\/a>\u00a0e-mailov\u00fdch schr\u00e1nok.<\/p>\n<p><span style=\"color: #ff8c00;\"><strong>N\u00c1VODY A RADY<\/strong><\/span><\/p>\n<p><strong>Pravidl\u00e1 zad\u00e1vania hesla:<\/strong><\/p>\n<p>&#8211; Heslo mus\u00ed obsahova\u0165 aspo\u0148 jedno mal\u00e9 p\u00edsmeno.<br \/>\n&#8211; Heslo mus\u00ed obsahova\u0165 aspo\u0148 jedno ve\u013ek\u00e9 p\u00edsmeno.<br \/>\n&#8211; Heslo mus\u00ed obsahova\u0165 aspo\u0148 jeden znak nie alfanumerick\u00fd.<br \/>\n&#8211; Heslo nesmie obsahova\u0165 medzery, tabul\u00e1tory, a in\u00e9 \u0161peci\u00e1lne znaky.<br \/>\n&#8211; D\u013a\u017eka hesla mus\u00ed by\u0165 medzi 9-16 znakmi.<br \/>\n&#8211; U\u017e\u00edvate\u013esk\u00e9 meno nesmie by\u0165 s\u00fa\u010das\u0165ou hesla.<\/p>\n<ul>\n<li>\u00a0<a href=\"\/public\/media\/3368\/Office365 zmena hesla.pdf\" target=\"_blank\" rel=\"noopener\">Zmeni\u0165 heslo cez Office365<\/a><\/li>\n<\/ul>\n<p><strong>N\u00e1vody pre Outlook Web App:<\/strong><\/p>\n<ul>\n<li><a href=\"https:\/\/www.upjs.sk\/public\/media\/10396\/office-365-nastavenie-filtrovania-spamu.docx\">Nastavenie filtrovania spamu<\/a><\/li>\n<li><a href=\"http:\/\/www.upjs.sk\/navody\/e-mail\/automaticke-odpovede\">Nastavenie presmerovania emailu po\u010das dovolenky<\/a><\/li>\n<li><a href=\"https:\/\/www.upjs.sk\/navody\/e-mail\/podpis-emailu\/\">Vytvorenie a pridanie podpisu e-mailu<\/a><\/li>\n<\/ul>\n","protected":false},"excerpt":{"rendered":"<p>English version\u200b Na Univerzite Pavla Jozefa \u0160af\u00e1rika v Ko\u0161iciach (\u010falej len &#8222;UPJ\u0160 v KE&#8220;) je zaveden\u00fd\u00a0jednotn\u00fd form\u00e1t e-mailov\u00fdch adries v\u0161etk\u00fdch zamestnancov a \u0161tudentov\u00a0UPJ\u0160. Pod\u013ea\u00a0pr\u00edkazu rektora \u010d. 12\/2015 na zjednotenie form\u00e1tu e-mailov\u00fdch adries na Univerzite Pavla Jozefa \u0160af\u00e1rika v Ko\u0161iciach a jej s\u00fa\u010dastiach s\u00fa \u0161tudenti a zamestnanci UPJ\u0160\u00a0povinn\u00ed\u00a0pre \u0161tudijn\u00e9, resp. pracovn\u00e9 \u00fa\u010dely na UPJ\u0160\u00a0pou\u017e\u00edva\u0165 v\u00fdlu\u010dne univerzitn\u00fa &hellip; <a href=\"https:\/\/www.upjs.sk\/pracoviska\/ciakt\/navody\/e-mail\/\">\u010c\u00edta\u0165 \u010falej<\/a><\/p>\n","protected":false},"author":1,"featured_media":12987,"parent":12955,"menu_order":8,"comment_status":"closed","ping_status":"closed","template":"","meta":{"_acf_changed":false,"_editorskit_title_hidden":false,"_editorskit_reading_time":2,"_editorskit_is_block_options_detached":false,"_editorskit_block_options_position":"{}","footnotes":""},"categories":[],"tags":[],"class_list":["post-12986","page","type-page","status-publish","has-post-thumbnail","hentry"],"acf":{"acf_link_na_externy_obsah":""},"yoast_head":"<!-- This site is optimized with the Yoast SEO plugin v27.2 - https:\/\/yoast.com\/product\/yoast-seo-wordpress\/ -->\n<title>E-mail - Centrum informa\u010dn\u00fdch a komunika\u010dn\u00fdch technol\u00f3gi\u00ed | UPJ\u0160<\/title>\n<meta name=\"robots\" content=\"index, follow, max-snippet:-1, max-image-preview:large, max-video-preview:-1\" \/>\n<link rel=\"canonical\" href=\"https:\/\/www.upjs.sk\/pracoviska\/ciakt\/navody\/e-mail\/\" \/>\n<meta property=\"og:locale\" content=\"sk_SK\" \/>\n<meta property=\"og:type\" content=\"article\" \/>\n<meta property=\"og:title\" content=\"E-mail - Centrum informa\u010dn\u00fdch a komunika\u010dn\u00fdch technol\u00f3gi\u00ed | UPJ\u0160\" \/>\n<meta property=\"og:description\" content=\"English version\u200b Na Univerzite Pavla Jozefa \u0160af\u00e1rika v Ko\u0161iciach (\u010falej len &#8222;UPJ\u0160 v KE&#8220;) je zaveden\u00fd\u00a0jednotn\u00fd form\u00e1t e-mailov\u00fdch adries v\u0161etk\u00fdch zamestnancov a \u0161tudentov\u00a0UPJ\u0160. Pod\u013ea\u00a0pr\u00edkazu rektora \u010d. 12\/2015 na zjednotenie form\u00e1tu e-mailov\u00fdch adries na Univerzite Pavla Jozefa \u0160af\u00e1rika v Ko\u0161iciach a jej s\u00fa\u010dastiach s\u00fa \u0161tudenti a zamestnanci UPJ\u0160\u00a0povinn\u00ed\u00a0pre \u0161tudijn\u00e9, resp. pracovn\u00e9 \u00fa\u010dely na UPJ\u0160\u00a0pou\u017e\u00edva\u0165 v\u00fdlu\u010dne univerzitn\u00fa &hellip; \u010c\u00edta\u0165 \u010falej\" \/>\n<meta property=\"og:url\" content=\"https:\/\/www.upjs.sk\/pracoviska\/ciakt\/navody\/e-mail\/\" \/>\n<meta property=\"og:site_name\" content=\"Centrum informa\u010dn\u00fdch a komunika\u010dn\u00fdch technol\u00f3gi\u00ed | UPJ\u0160\" \/>\n<meta property=\"article:modified_time\" content=\"2026-03-18T14:58:31+00:00\" \/>\n<meta property=\"og:image\" content=\"https:\/\/www.upjs.sk\/app\/uploads\/sites\/17\/2022\/10\/email-outlook-1.jpg\" \/>\n\t<meta property=\"og:image:width\" content=\"1024\" \/>\n\t<meta property=\"og:image:height\" content=\"736\" \/>\n\t<meta property=\"og:image:type\" content=\"image\/jpeg\" \/>\n<meta name=\"twitter:card\" content=\"summary_large_image\" \/>\n<meta name=\"twitter:label1\" content=\"Predpokladan\u00fd \u010das \u010d\u00edtania\" \/>\n\t<meta name=\"twitter:data1\" content=\"4 min\u00faty\" \/>\n<script type=\"application\/ld+json\" class=\"yoast-schema-graph\">{\"@context\":\"https:\/\/schema.org\",\"@graph\":[{\"@type\":\"WebPage\",\"@id\":\"https:\/\/www.upjs.sk\/pracoviska\/ciakt\/navody\/e-mail\/\",\"url\":\"https:\/\/www.upjs.sk\/pracoviska\/ciakt\/navody\/e-mail\/\",\"name\":\"E-mail - Centrum informa\u010dn\u00fdch a komunika\u010dn\u00fdch technol\u00f3gi\u00ed | UPJ\u0160\",\"isPartOf\":{\"@id\":\"https:\/\/www.upjs.sk\/pracoviska\/ciakt\/#website\"},\"primaryImageOfPage\":{\"@id\":\"https:\/\/www.upjs.sk\/pracoviska\/ciakt\/navody\/e-mail\/#primaryimage\"},\"image\":{\"@id\":\"https:\/\/www.upjs.sk\/pracoviska\/ciakt\/navody\/e-mail\/#primaryimage\"},\"thumbnailUrl\":\"https:\/\/www.upjs.sk\/app\/uploads\/sites\/17\/2022\/10\/email-outlook-1.jpg\",\"datePublished\":\"2021-09-09T08:56:42+00:00\",\"dateModified\":\"2026-03-18T14:58:31+00:00\",\"breadcrumb\":{\"@id\":\"https:\/\/www.upjs.sk\/pracoviska\/ciakt\/navody\/e-mail\/#breadcrumb\"},\"inLanguage\":\"sk-SK\",\"potentialAction\":[{\"@type\":\"ReadAction\",\"target\":[\"https:\/\/www.upjs.sk\/pracoviska\/ciakt\/navody\/e-mail\/\"]}]},{\"@type\":\"ImageObject\",\"inLanguage\":\"sk-SK\",\"@id\":\"https:\/\/www.upjs.sk\/pracoviska\/ciakt\/navody\/e-mail\/#primaryimage\",\"url\":\"https:\/\/www.upjs.sk\/app\/uploads\/sites\/17\/2022\/10\/email-outlook-1.jpg\",\"contentUrl\":\"https:\/\/www.upjs.sk\/app\/uploads\/sites\/17\/2022\/10\/email-outlook-1.jpg\",\"width\":1024,\"height\":736},{\"@type\":\"BreadcrumbList\",\"@id\":\"https:\/\/www.upjs.sk\/pracoviska\/ciakt\/navody\/e-mail\/#breadcrumb\",\"itemListElement\":[{\"@type\":\"ListItem\",\"position\":1,\"name\":\"Home\",\"item\":\"https:\/\/www.upjs.sk\/pracoviska\/ciakt\/\"},{\"@type\":\"ListItem\",\"position\":2,\"name\":\"N\u00e1vody\",\"item\":\"https:\/\/www.upjs.sk\/pracoviska\/ciakt\/navody\/\"},{\"@type\":\"ListItem\",\"position\":3,\"name\":\"E-mail\"}]},{\"@type\":\"WebSite\",\"@id\":\"https:\/\/www.upjs.sk\/pracoviska\/ciakt\/#website\",\"url\":\"https:\/\/www.upjs.sk\/pracoviska\/ciakt\/\",\"name\":\"Centrum informa\u010dn\u00fdch a komunika\u010dn\u00fdch technol\u00f3gi\u00ed | UPJ\u0160\",\"description\":\"\",\"publisher\":{\"@id\":\"https:\/\/www.upjs.sk\/pracoviska\/ciakt\/#organization\"},\"potentialAction\":[{\"@type\":\"SearchAction\",\"target\":{\"@type\":\"EntryPoint\",\"urlTemplate\":\"https:\/\/www.upjs.sk\/pracoviska\/ciakt\/?s={search_term_string}\"},\"query-input\":{\"@type\":\"PropertyValueSpecification\",\"valueRequired\":true,\"valueName\":\"search_term_string\"}}],\"inLanguage\":\"sk-SK\"},{\"@type\":\"Organization\",\"@id\":\"https:\/\/www.upjs.sk\/pracoviska\/ciakt\/#organization\",\"name\":\"Centrum informa\u010dn\u00fdch a komunika\u010dn\u00fdch technol\u00f3gi\u00ed | UPJ\u0160\",\"url\":\"https:\/\/www.upjs.sk\/pracoviska\/ciakt\/\",\"logo\":{\"@type\":\"ImageObject\",\"inLanguage\":\"sk-SK\",\"@id\":\"https:\/\/www.upjs.sk\/pracoviska\/ciakt\/#\/schema\/logo\/image\/\",\"url\":\"https:\/\/www.upjs.sk\/app\/uploads\/sites\/17\/2023\/01\/CIaKT-1.svg\",\"contentUrl\":\"https:\/\/www.upjs.sk\/app\/uploads\/sites\/17\/2023\/01\/CIaKT-1.svg\",\"width\":500,\"height\":138,\"caption\":\"Centrum informa\u010dn\u00fdch a komunika\u010dn\u00fdch technol\u00f3gi\u00ed | UPJ\u0160\"},\"image\":{\"@id\":\"https:\/\/www.upjs.sk\/pracoviska\/ciakt\/#\/schema\/logo\/image\/\"}}]}<\/script>\n<!-- \/ Yoast SEO plugin. -->","yoast_head_json":{"title":"E-mail - Centrum informa\u010dn\u00fdch a komunika\u010dn\u00fdch technol\u00f3gi\u00ed | UPJ\u0160","robots":{"index":"index","follow":"follow","max-snippet":"max-snippet:-1","max-image-preview":"max-image-preview:large","max-video-preview":"max-video-preview:-1"},"canonical":"https:\/\/www.upjs.sk\/pracoviska\/ciakt\/navody\/e-mail\/","og_locale":"sk_SK","og_type":"article","og_title":"E-mail - Centrum informa\u010dn\u00fdch a komunika\u010dn\u00fdch technol\u00f3gi\u00ed | UPJ\u0160","og_description":"English version\u200b Na Univerzite Pavla Jozefa \u0160af\u00e1rika v Ko\u0161iciach (\u010falej len &#8222;UPJ\u0160 v KE&#8220;) je zaveden\u00fd\u00a0jednotn\u00fd form\u00e1t e-mailov\u00fdch adries v\u0161etk\u00fdch zamestnancov a \u0161tudentov\u00a0UPJ\u0160. Pod\u013ea\u00a0pr\u00edkazu rektora \u010d. 12\/2015 na zjednotenie form\u00e1tu e-mailov\u00fdch adries na Univerzite Pavla Jozefa \u0160af\u00e1rika v Ko\u0161iciach a jej s\u00fa\u010dastiach s\u00fa \u0161tudenti a zamestnanci UPJ\u0160\u00a0povinn\u00ed\u00a0pre \u0161tudijn\u00e9, resp. pracovn\u00e9 \u00fa\u010dely na UPJ\u0160\u00a0pou\u017e\u00edva\u0165 v\u00fdlu\u010dne univerzitn\u00fa &hellip; \u010c\u00edta\u0165 \u010falej","og_url":"https:\/\/www.upjs.sk\/pracoviska\/ciakt\/navody\/e-mail\/","og_site_name":"Centrum informa\u010dn\u00fdch a komunika\u010dn\u00fdch technol\u00f3gi\u00ed | UPJ\u0160","article_modified_time":"2026-03-18T14:58:31+00:00","og_image":[{"width":1024,"height":736,"url":"https:\/\/www.upjs.sk\/app\/uploads\/sites\/17\/2022\/10\/email-outlook-1.jpg","type":"image\/jpeg"}],"twitter_card":"summary_large_image","twitter_misc":{"Predpokladan\u00fd \u010das \u010d\u00edtania":"4 min\u00faty"},"schema":{"@context":"https:\/\/schema.org","@graph":[{"@type":"WebPage","@id":"https:\/\/www.upjs.sk\/pracoviska\/ciakt\/navody\/e-mail\/","url":"https:\/\/www.upjs.sk\/pracoviska\/ciakt\/navody\/e-mail\/","name":"E-mail - Centrum informa\u010dn\u00fdch a komunika\u010dn\u00fdch technol\u00f3gi\u00ed | UPJ\u0160","isPartOf":{"@id":"https:\/\/www.upjs.sk\/pracoviska\/ciakt\/#website"},"primaryImageOfPage":{"@id":"https:\/\/www.upjs.sk\/pracoviska\/ciakt\/navody\/e-mail\/#primaryimage"},"image":{"@id":"https:\/\/www.upjs.sk\/pracoviska\/ciakt\/navody\/e-mail\/#primaryimage"},"thumbnailUrl":"https:\/\/www.upjs.sk\/app\/uploads\/sites\/17\/2022\/10\/email-outlook-1.jpg","datePublished":"2021-09-09T08:56:42+00:00","dateModified":"2026-03-18T14:58:31+00:00","breadcrumb":{"@id":"https:\/\/www.upjs.sk\/pracoviska\/ciakt\/navody\/e-mail\/#breadcrumb"},"inLanguage":"sk-SK","potentialAction":[{"@type":"ReadAction","target":["https:\/\/www.upjs.sk\/pracoviska\/ciakt\/navody\/e-mail\/"]}]},{"@type":"ImageObject","inLanguage":"sk-SK","@id":"https:\/\/www.upjs.sk\/pracoviska\/ciakt\/navody\/e-mail\/#primaryimage","url":"https:\/\/www.upjs.sk\/app\/uploads\/sites\/17\/2022\/10\/email-outlook-1.jpg","contentUrl":"https:\/\/www.upjs.sk\/app\/uploads\/sites\/17\/2022\/10\/email-outlook-1.jpg","width":1024,"height":736},{"@type":"BreadcrumbList","@id":"https:\/\/www.upjs.sk\/pracoviska\/ciakt\/navody\/e-mail\/#breadcrumb","itemListElement":[{"@type":"ListItem","position":1,"name":"Home","item":"https:\/\/www.upjs.sk\/pracoviska\/ciakt\/"},{"@type":"ListItem","position":2,"name":"N\u00e1vody","item":"https:\/\/www.upjs.sk\/pracoviska\/ciakt\/navody\/"},{"@type":"ListItem","position":3,"name":"E-mail"}]},{"@type":"WebSite","@id":"https:\/\/www.upjs.sk\/pracoviska\/ciakt\/#website","url":"https:\/\/www.upjs.sk\/pracoviska\/ciakt\/","name":"Centrum informa\u010dn\u00fdch a komunika\u010dn\u00fdch technol\u00f3gi\u00ed | UPJ\u0160","description":"","publisher":{"@id":"https:\/\/www.upjs.sk\/pracoviska\/ciakt\/#organization"},"potentialAction":[{"@type":"SearchAction","target":{"@type":"EntryPoint","urlTemplate":"https:\/\/www.upjs.sk\/pracoviska\/ciakt\/?s={search_term_string}"},"query-input":{"@type":"PropertyValueSpecification","valueRequired":true,"valueName":"search_term_string"}}],"inLanguage":"sk-SK"},{"@type":"Organization","@id":"https:\/\/www.upjs.sk\/pracoviska\/ciakt\/#organization","name":"Centrum informa\u010dn\u00fdch a komunika\u010dn\u00fdch technol\u00f3gi\u00ed | UPJ\u0160","url":"https:\/\/www.upjs.sk\/pracoviska\/ciakt\/","logo":{"@type":"ImageObject","inLanguage":"sk-SK","@id":"https:\/\/www.upjs.sk\/pracoviska\/ciakt\/#\/schema\/logo\/image\/","url":"https:\/\/www.upjs.sk\/app\/uploads\/sites\/17\/2023\/01\/CIaKT-1.svg","contentUrl":"https:\/\/www.upjs.sk\/app\/uploads\/sites\/17\/2023\/01\/CIaKT-1.svg","width":500,"height":138,"caption":"Centrum informa\u010dn\u00fdch a komunika\u010dn\u00fdch technol\u00f3gi\u00ed | UPJ\u0160"},"image":{"@id":"https:\/\/www.upjs.sk\/pracoviska\/ciakt\/#\/schema\/logo\/image\/"}}]}},"_links":{"self":[{"href":"https:\/\/www.upjs.sk\/pracoviska\/ciakt\/wp-json\/wp\/v2\/pages\/12986","targetHints":{"allow":["GET"]}}],"collection":[{"href":"https:\/\/www.upjs.sk\/pracoviska\/ciakt\/wp-json\/wp\/v2\/pages"}],"about":[{"href":"https:\/\/www.upjs.sk\/pracoviska\/ciakt\/wp-json\/wp\/v2\/types\/page"}],"author":[{"embeddable":true,"href":"https:\/\/www.upjs.sk\/pracoviska\/ciakt\/wp-json\/wp\/v2\/users\/1"}],"replies":[{"embeddable":true,"href":"https:\/\/www.upjs.sk\/pracoviska\/ciakt\/wp-json\/wp\/v2\/comments?post=12986"}],"version-history":[{"count":5,"href":"https:\/\/www.upjs.sk\/pracoviska\/ciakt\/wp-json\/wp\/v2\/pages\/12986\/revisions"}],"predecessor-version":[{"id":14492,"href":"https:\/\/www.upjs.sk\/pracoviska\/ciakt\/wp-json\/wp\/v2\/pages\/12986\/revisions\/14492"}],"up":[{"embeddable":true,"href":"https:\/\/www.upjs.sk\/pracoviska\/ciakt\/wp-json\/wp\/v2\/pages\/12955"}],"wp:featuredmedia":[{"embeddable":true,"href":"https:\/\/www.upjs.sk\/pracoviska\/ciakt\/wp-json\/wp\/v2\/media\/12987"}],"wp:attachment":[{"href":"https:\/\/www.upjs.sk\/pracoviska\/ciakt\/wp-json\/wp\/v2\/media?parent=12986"}],"wp:term":[{"taxonomy":"category","embeddable":true,"href":"https:\/\/www.upjs.sk\/pracoviska\/ciakt\/wp-json\/wp\/v2\/categories?post=12986"},{"taxonomy":"post_tag","embeddable":true,"href":"https:\/\/www.upjs.sk\/pracoviska\/ciakt\/wp-json\/wp\/v2\/tags?post=12986"}],"curies":[{"name":"wp","href":"https:\/\/api.w.org\/{rel}","templated":true}]}}