{"id":13019,"date":"2021-02-22T09:56:28","date_gmt":"2021-02-22T09:56:28","guid":{"rendered":"https:\/\/www.upjs.sk\/pracoviska\/ciakt\/root\/navody\/wifi\/ako-si-nastavit-heslo\/"},"modified":"2022-10-05T09:51:05","modified_gmt":"2022-10-05T09:51:05","slug":"ako-si-nastavit-heslo","status":"publish","type":"page","link":"https:\/\/www.upjs.sk\/pracoviska\/ciakt\/navody\/wifi\/ako-si-nastavit-heslo\/","title":{"rendered":"Ako si nastavi\u0165 heslo"},"content":{"rendered":"<h3><a href=\"http:\/\/www.upjs.sk\/how-to\/wifi\/how-to-setup-password\" style=\"box-sizing: inherit; background-color: transparent; color: rgb(207, 135, 57); text-decoration-line: none; font-family: Roboto, sans-serif; font-size: 16px;\">English version<\/a><span style=\"color:rgb(72, 72, 72); font-family:roboto,sans-serif; font-size:16px\">\u200b<\/span><\/h3>\n<ul>\n<li>Heslo pre\u00a0<strong>Wifi sie\u0165\/Proxy\/OpenVPN<\/strong>\u00a0mus\u00ed by\u0165 in\u00e9 ako heslo pre email.<\/li>\n<li>Heslo pre\u00a0<strong>Wifi sie\u0165\/Proxy\/OpenVPN<\/strong>\u00a0mus\u00ed by\u0165 dlh\u0161ie ako 8\u00a0znakov.<\/li>\n<li>Do\u00a0<strong>Wifi siete\/Proxy\/OpenVPN<\/strong>\u00a0sa pou\u017e\u00edva rovnake\u00a0prihlasovacie meno ako do mailu:\u00a0login@upjs.sk<br \/> \t(zamestnanci &#8211; meno.priezvisko@upjs.sk, \u0161tudenti &#8211; aisID@upjs.sk)<br \/> \t\u00a0<\/li>\n<li>Svoje \u00fadaje si starostlivo uchovajte, v pr\u00edpade probl\u00e9mov ste\u00a0<strong>Vy zodpovedn\u00fd<\/strong>.\n<p> \t<a href=\"https:\/\/csirt.upjs.sk\/#\/navody\/bezpecne-heslo\">Ako si nastavi\u0165 heslo<\/a><br \/> \t\u00a0<\/li>\n<li>\u0160tudenti a zamestnanci UPJ\u0160 si m\u00f4\u017eu zmeni\u0165 heslo na\u00a0<a href=\"https:\/\/www.upjs.sk\/wifi\/heslo\/\">stranke<\/a>.<\/li>\n<\/ul>\n<p>\u00a0<\/p>\n","protected":false},"excerpt":{"rendered":"<p>English version\u200b Heslo pre\u00a0Wifi sie\u0165\/Proxy\/OpenVPN\u00a0mus\u00ed by\u0165 in\u00e9 ako heslo pre email. Heslo pre\u00a0Wifi sie\u0165\/Proxy\/OpenVPN\u00a0mus\u00ed by\u0165 dlh\u0161ie ako 8\u00a0znakov. Do\u00a0Wifi siete\/Proxy\/OpenVPN\u00a0sa pou\u017e\u00edva rovnake\u00a0prihlasovacie meno ako do mailu:\u00a0login@upjs.sk (zamestnanci &#8211; meno.priezvisko@upjs.sk, \u0161tudenti &#8211; aisID@upjs.sk) \u00a0 Svoje \u00fadaje si starostlivo uchovajte, v pr\u00edpade probl\u00e9mov ste\u00a0Vy zodpovedn\u00fd. Ako si nastavi\u0165 heslo \u00a0 \u0160tudenti a zamestnanci UPJ\u0160 si m\u00f4\u017eu zmeni\u0165 &hellip; <a href=\"https:\/\/www.upjs.sk\/pracoviska\/ciakt\/navody\/wifi\/ako-si-nastavit-heslo\/\">\u010c\u00edta\u0165 \u010falej<\/a><\/p>\n","protected":false},"author":1,"featured_media":0,"parent":13018,"menu_order":0,"comment_status":"closed","ping_status":"closed","template":"","meta":{"_acf_changed":false,"_editorskit_title_hidden":false,"_editorskit_reading_time":0,"_editorskit_is_block_options_detached":false,"_editorskit_block_options_position":"{}","footnotes":""},"categories":[],"tags":[],"class_list":["post-13019","page","type-page","status-publish","hentry"],"acf":{"acf_link_na_externy_obsah":""},"yoast_head":"<!-- This site is optimized with the Yoast SEO plugin v27.4 - https:\/\/yoast.com\/product\/yoast-seo-wordpress\/ -->\n<title>Ako si nastavi\u0165 heslo - Centrum informa\u010dn\u00fdch a komunika\u010dn\u00fdch technol\u00f3gi\u00ed | UPJ\u0160<\/title>\n<meta name=\"robots\" content=\"index, follow, max-snippet:-1, max-image-preview:large, max-video-preview:-1\" \/>\n<link rel=\"canonical\" href=\"https:\/\/www.upjs.sk\/pracoviska\/ciakt\/navody\/wifi\/ako-si-nastavit-heslo\/\" \/>\n<meta property=\"og:locale\" content=\"sk_SK\" \/>\n<meta property=\"og:type\" content=\"article\" \/>\n<meta property=\"og:title\" content=\"Ako si nastavi\u0165 heslo - Centrum informa\u010dn\u00fdch a komunika\u010dn\u00fdch technol\u00f3gi\u00ed | UPJ\u0160\" \/>\n<meta property=\"og:description\" content=\"English version\u200b Heslo pre\u00a0Wifi sie\u0165\/Proxy\/OpenVPN\u00a0mus\u00ed by\u0165 in\u00e9 ako heslo pre email. Heslo pre\u00a0Wifi sie\u0165\/Proxy\/OpenVPN\u00a0mus\u00ed by\u0165 dlh\u0161ie ako 8\u00a0znakov. Do\u00a0Wifi siete\/Proxy\/OpenVPN\u00a0sa pou\u017e\u00edva rovnake\u00a0prihlasovacie meno ako do mailu:\u00a0login@upjs.sk (zamestnanci &#8211; meno.priezvisko@upjs.sk, \u0161tudenti &#8211; aisID@upjs.sk) \u00a0 Svoje \u00fadaje si starostlivo uchovajte, v pr\u00edpade probl\u00e9mov ste\u00a0Vy zodpovedn\u00fd. Ako si nastavi\u0165 heslo \u00a0 \u0160tudenti a zamestnanci UPJ\u0160 si m\u00f4\u017eu zmeni\u0165 &hellip; \u010c\u00edta\u0165 \u010falej\" \/>\n<meta property=\"og:url\" content=\"https:\/\/www.upjs.sk\/pracoviska\/ciakt\/navody\/wifi\/ako-si-nastavit-heslo\/\" \/>\n<meta property=\"og:site_name\" content=\"Centrum informa\u010dn\u00fdch a komunika\u010dn\u00fdch technol\u00f3gi\u00ed | UPJ\u0160\" \/>\n<meta property=\"article:modified_time\" content=\"2022-10-05T09:51:05+00:00\" \/>\n<meta name=\"twitter:card\" content=\"summary_large_image\" \/>\n<script type=\"application\/ld+json\" class=\"yoast-schema-graph\">{\"@context\":\"https:\\\/\\\/schema.org\",\"@graph\":[{\"@type\":\"WebPage\",\"@id\":\"https:\\\/\\\/www.upjs.sk\\\/pracoviska\\\/ciakt\\\/navody\\\/wifi\\\/ako-si-nastavit-heslo\\\/\",\"url\":\"https:\\\/\\\/www.upjs.sk\\\/pracoviska\\\/ciakt\\\/navody\\\/wifi\\\/ako-si-nastavit-heslo\\\/\",\"name\":\"Ako si nastavi\u0165 heslo - Centrum informa\u010dn\u00fdch a komunika\u010dn\u00fdch technol\u00f3gi\u00ed | UPJ\u0160\",\"isPartOf\":{\"@id\":\"https:\\\/\\\/www.upjs.sk\\\/pracoviska\\\/ciakt\\\/#website\"},\"datePublished\":\"2021-02-22T09:56:28+00:00\",\"dateModified\":\"2022-10-05T09:51:05+00:00\",\"breadcrumb\":{\"@id\":\"https:\\\/\\\/www.upjs.sk\\\/pracoviska\\\/ciakt\\\/navody\\\/wifi\\\/ako-si-nastavit-heslo\\\/#breadcrumb\"},\"inLanguage\":\"sk-SK\",\"potentialAction\":[{\"@type\":\"ReadAction\",\"target\":[\"https:\\\/\\\/www.upjs.sk\\\/pracoviska\\\/ciakt\\\/navody\\\/wifi\\\/ako-si-nastavit-heslo\\\/\"]}]},{\"@type\":\"BreadcrumbList\",\"@id\":\"https:\\\/\\\/www.upjs.sk\\\/pracoviska\\\/ciakt\\\/navody\\\/wifi\\\/ako-si-nastavit-heslo\\\/#breadcrumb\",\"itemListElement\":[{\"@type\":\"ListItem\",\"position\":1,\"name\":\"Home\",\"item\":\"https:\\\/\\\/www.upjs.sk\\\/pracoviska\\\/ciakt\\\/\"},{\"@type\":\"ListItem\",\"position\":2,\"name\":\"N\u00e1vody\",\"item\":\"https:\\\/\\\/www.upjs.sk\\\/pracoviska\\\/ciakt\\\/navody\\\/\"},{\"@type\":\"ListItem\",\"position\":3,\"name\":\"WiFi\",\"item\":\"https:\\\/\\\/www.upjs.sk\\\/pracoviska\\\/ciakt\\\/navody\\\/wifi\\\/\"},{\"@type\":\"ListItem\",\"position\":4,\"name\":\"Ako si nastavi\u0165 heslo\"}]},{\"@type\":\"WebSite\",\"@id\":\"https:\\\/\\\/www.upjs.sk\\\/pracoviska\\\/ciakt\\\/#website\",\"url\":\"https:\\\/\\\/www.upjs.sk\\\/pracoviska\\\/ciakt\\\/\",\"name\":\"Centrum informa\u010dn\u00fdch a komunika\u010dn\u00fdch technol\u00f3gi\u00ed | UPJ\u0160\",\"description\":\"\",\"publisher\":{\"@id\":\"https:\\\/\\\/www.upjs.sk\\\/pracoviska\\\/ciakt\\\/#organization\"},\"potentialAction\":[{\"@type\":\"SearchAction\",\"target\":{\"@type\":\"EntryPoint\",\"urlTemplate\":\"https:\\\/\\\/www.upjs.sk\\\/pracoviska\\\/ciakt\\\/?s={search_term_string}\"},\"query-input\":{\"@type\":\"PropertyValueSpecification\",\"valueRequired\":true,\"valueName\":\"search_term_string\"}}],\"inLanguage\":\"sk-SK\"},{\"@type\":\"Organization\",\"@id\":\"https:\\\/\\\/www.upjs.sk\\\/pracoviska\\\/ciakt\\\/#organization\",\"name\":\"Centrum informa\u010dn\u00fdch a komunika\u010dn\u00fdch technol\u00f3gi\u00ed | UPJ\u0160\",\"url\":\"https:\\\/\\\/www.upjs.sk\\\/pracoviska\\\/ciakt\\\/\",\"logo\":{\"@type\":\"ImageObject\",\"inLanguage\":\"sk-SK\",\"@id\":\"https:\\\/\\\/www.upjs.sk\\\/pracoviska\\\/ciakt\\\/#\\\/schema\\\/logo\\\/image\\\/\",\"url\":\"https:\\\/\\\/www.upjs.sk\\\/app\\\/uploads\\\/sites\\\/17\\\/2023\\\/01\\\/CIaKT-1.svg\",\"contentUrl\":\"https:\\\/\\\/www.upjs.sk\\\/app\\\/uploads\\\/sites\\\/17\\\/2023\\\/01\\\/CIaKT-1.svg\",\"width\":500,\"height\":138,\"caption\":\"Centrum informa\u010dn\u00fdch a komunika\u010dn\u00fdch technol\u00f3gi\u00ed | UPJ\u0160\"},\"image\":{\"@id\":\"https:\\\/\\\/www.upjs.sk\\\/pracoviska\\\/ciakt\\\/#\\\/schema\\\/logo\\\/image\\\/\"}}]}<\/script>\n<!-- \/ Yoast SEO plugin. -->","yoast_head_json":{"title":"Ako si nastavi\u0165 heslo - Centrum informa\u010dn\u00fdch a komunika\u010dn\u00fdch technol\u00f3gi\u00ed | UPJ\u0160","robots":{"index":"index","follow":"follow","max-snippet":"max-snippet:-1","max-image-preview":"max-image-preview:large","max-video-preview":"max-video-preview:-1"},"canonical":"https:\/\/www.upjs.sk\/pracoviska\/ciakt\/navody\/wifi\/ako-si-nastavit-heslo\/","og_locale":"sk_SK","og_type":"article","og_title":"Ako si nastavi\u0165 heslo - Centrum informa\u010dn\u00fdch a komunika\u010dn\u00fdch technol\u00f3gi\u00ed | UPJ\u0160","og_description":"English version\u200b Heslo pre\u00a0Wifi sie\u0165\/Proxy\/OpenVPN\u00a0mus\u00ed by\u0165 in\u00e9 ako heslo pre email. Heslo pre\u00a0Wifi sie\u0165\/Proxy\/OpenVPN\u00a0mus\u00ed by\u0165 dlh\u0161ie ako 8\u00a0znakov. Do\u00a0Wifi siete\/Proxy\/OpenVPN\u00a0sa pou\u017e\u00edva rovnake\u00a0prihlasovacie meno ako do mailu:\u00a0login@upjs.sk (zamestnanci &#8211; meno.priezvisko@upjs.sk, \u0161tudenti &#8211; aisID@upjs.sk) \u00a0 Svoje \u00fadaje si starostlivo uchovajte, v pr\u00edpade probl\u00e9mov ste\u00a0Vy zodpovedn\u00fd. Ako si nastavi\u0165 heslo \u00a0 \u0160tudenti a zamestnanci UPJ\u0160 si m\u00f4\u017eu zmeni\u0165 &hellip; \u010c\u00edta\u0165 \u010falej","og_url":"https:\/\/www.upjs.sk\/pracoviska\/ciakt\/navody\/wifi\/ako-si-nastavit-heslo\/","og_site_name":"Centrum informa\u010dn\u00fdch a komunika\u010dn\u00fdch technol\u00f3gi\u00ed | UPJ\u0160","article_modified_time":"2022-10-05T09:51:05+00:00","twitter_card":"summary_large_image","schema":{"@context":"https:\/\/schema.org","@graph":[{"@type":"WebPage","@id":"https:\/\/www.upjs.sk\/pracoviska\/ciakt\/navody\/wifi\/ako-si-nastavit-heslo\/","url":"https:\/\/www.upjs.sk\/pracoviska\/ciakt\/navody\/wifi\/ako-si-nastavit-heslo\/","name":"Ako si nastavi\u0165 heslo - Centrum informa\u010dn\u00fdch a komunika\u010dn\u00fdch technol\u00f3gi\u00ed | UPJ\u0160","isPartOf":{"@id":"https:\/\/www.upjs.sk\/pracoviska\/ciakt\/#website"},"datePublished":"2021-02-22T09:56:28+00:00","dateModified":"2022-10-05T09:51:05+00:00","breadcrumb":{"@id":"https:\/\/www.upjs.sk\/pracoviska\/ciakt\/navody\/wifi\/ako-si-nastavit-heslo\/#breadcrumb"},"inLanguage":"sk-SK","potentialAction":[{"@type":"ReadAction","target":["https:\/\/www.upjs.sk\/pracoviska\/ciakt\/navody\/wifi\/ako-si-nastavit-heslo\/"]}]},{"@type":"BreadcrumbList","@id":"https:\/\/www.upjs.sk\/pracoviska\/ciakt\/navody\/wifi\/ako-si-nastavit-heslo\/#breadcrumb","itemListElement":[{"@type":"ListItem","position":1,"name":"Home","item":"https:\/\/www.upjs.sk\/pracoviska\/ciakt\/"},{"@type":"ListItem","position":2,"name":"N\u00e1vody","item":"https:\/\/www.upjs.sk\/pracoviska\/ciakt\/navody\/"},{"@type":"ListItem","position":3,"name":"WiFi","item":"https:\/\/www.upjs.sk\/pracoviska\/ciakt\/navody\/wifi\/"},{"@type":"ListItem","position":4,"name":"Ako si nastavi\u0165 heslo"}]},{"@type":"WebSite","@id":"https:\/\/www.upjs.sk\/pracoviska\/ciakt\/#website","url":"https:\/\/www.upjs.sk\/pracoviska\/ciakt\/","name":"Centrum informa\u010dn\u00fdch a komunika\u010dn\u00fdch technol\u00f3gi\u00ed | UPJ\u0160","description":"","publisher":{"@id":"https:\/\/www.upjs.sk\/pracoviska\/ciakt\/#organization"},"potentialAction":[{"@type":"SearchAction","target":{"@type":"EntryPoint","urlTemplate":"https:\/\/www.upjs.sk\/pracoviska\/ciakt\/?s={search_term_string}"},"query-input":{"@type":"PropertyValueSpecification","valueRequired":true,"valueName":"search_term_string"}}],"inLanguage":"sk-SK"},{"@type":"Organization","@id":"https:\/\/www.upjs.sk\/pracoviska\/ciakt\/#organization","name":"Centrum informa\u010dn\u00fdch a komunika\u010dn\u00fdch technol\u00f3gi\u00ed | UPJ\u0160","url":"https:\/\/www.upjs.sk\/pracoviska\/ciakt\/","logo":{"@type":"ImageObject","inLanguage":"sk-SK","@id":"https:\/\/www.upjs.sk\/pracoviska\/ciakt\/#\/schema\/logo\/image\/","url":"https:\/\/www.upjs.sk\/app\/uploads\/sites\/17\/2023\/01\/CIaKT-1.svg","contentUrl":"https:\/\/www.upjs.sk\/app\/uploads\/sites\/17\/2023\/01\/CIaKT-1.svg","width":500,"height":138,"caption":"Centrum informa\u010dn\u00fdch a komunika\u010dn\u00fdch technol\u00f3gi\u00ed | UPJ\u0160"},"image":{"@id":"https:\/\/www.upjs.sk\/pracoviska\/ciakt\/#\/schema\/logo\/image\/"}}]}},"_links":{"self":[{"href":"https:\/\/www.upjs.sk\/pracoviska\/ciakt\/wp-json\/wp\/v2\/pages\/13019","targetHints":{"allow":["GET"]}}],"collection":[{"href":"https:\/\/www.upjs.sk\/pracoviska\/ciakt\/wp-json\/wp\/v2\/pages"}],"about":[{"href":"https:\/\/www.upjs.sk\/pracoviska\/ciakt\/wp-json\/wp\/v2\/types\/page"}],"author":[{"embeddable":true,"href":"https:\/\/www.upjs.sk\/pracoviska\/ciakt\/wp-json\/wp\/v2\/users\/1"}],"replies":[{"embeddable":true,"href":"https:\/\/www.upjs.sk\/pracoviska\/ciakt\/wp-json\/wp\/v2\/comments?post=13019"}],"version-history":[{"count":1,"href":"https:\/\/www.upjs.sk\/pracoviska\/ciakt\/wp-json\/wp\/v2\/pages\/13019\/revisions"}],"predecessor-version":[{"id":13197,"href":"https:\/\/www.upjs.sk\/pracoviska\/ciakt\/wp-json\/wp\/v2\/pages\/13019\/revisions\/13197"}],"up":[{"embeddable":true,"href":"https:\/\/www.upjs.sk\/pracoviska\/ciakt\/wp-json\/wp\/v2\/pages\/13018"}],"wp:attachment":[{"href":"https:\/\/www.upjs.sk\/pracoviska\/ciakt\/wp-json\/wp\/v2\/media?parent=13019"}],"wp:term":[{"taxonomy":"category","embeddable":true,"href":"https:\/\/www.upjs.sk\/pracoviska\/ciakt\/wp-json\/wp\/v2\/categories?post=13019"},{"taxonomy":"post_tag","embeddable":true,"href":"https:\/\/www.upjs.sk\/pracoviska\/ciakt\/wp-json\/wp\/v2\/tags?post=13019"}],"curies":[{"name":"wp","href":"https:\/\/api.w.org\/{rel}","templated":true}]}}