{"id":13023,"date":"2018-02-19T08:20:14","date_gmt":"2018-02-19T08:20:14","guid":{"rendered":"https:\/\/www.upjs.sk\/pracoviska\/ciakt\/root\/navody\/wifi\/linux-wpa-supplicant\/"},"modified":"2022-10-05T09:51:05","modified_gmt":"2022-10-05T09:51:05","slug":"linux-wpa-supplicant","status":"publish","type":"page","link":"https:\/\/www.upjs.sk\/pracoviska\/ciakt\/navody\/wifi\/linux-wpa-supplicant\/","title":{"rendered":"Ako si nastavi\u0165 Linux pre pr\u00edstup do WIFI siete. [ WPA supplicant ]"},"content":{"rendered":"<h3 style=\"box-sizing: inherit; font-weight: 700; color: rgb(35, 35, 35); font-family: Roboto, sans-serif;\"><a href=\"http:\/\/www.upjs.sk\/how-to\/wifi\/linux-wpa-supplicant\" style=\"box-sizing: inherit; background-color: transparent; color: rgb(207, 135, 57); text-decoration-line: none; font-size: 16px;\">English version<\/a><span style=\"box-sizing:inherit; color:rgb(72, 72, 72); font-family:roboto,sans-serif; font-size:16px\">\u200b<\/span><\/h3>\n<p># Stiahnut CA pre wifi UPJS # wget <a href=\"https:\/\/wifi.upjs.sk\/ca\/wifi.upjs.sk.chain.crt\">https:\/\/wifi.upjs.sk\/ca\/wifi.upjs.sk.chain.crt<\/a>\u00a0-O \/etc\/wpa_supplicant\/wifi.upjs.sk.chain.pem<\/p>\n<p># Spustenie:<br \/> # wpa_supplicant -Dwext -ieth1 -c \/etc\/wpa_supplicant\/wpa_supplicant.conf<\/p>\n<p> ctrl_interface=\/var\/run\/wpa_supplicant<br \/> ctrl_interface_group=wheel ap_scan=1 fast_reauth=1<\/p>\n<p> # &#8211; \u0160tudenti maj\u00fa login: AIS_ID@upjs.sk<br \/> # &#8211; Zamestnanci maj\u00fa login: meno.priezvisko@upjs.sk<\/p>\n<p> network={<br \/> \u00a0\u00a0\u00a0\u00a0\u00a0\u00a0\u00a0\u00a0\u00a0\u00a0\u00a0\u00a0\u00a0 ssid=&#8220;eduroam&#8220;<br \/> \u00a0\u00a0\u00a0\u00a0\u00a0\u00a0\u00a0\u00a0\u00a0\u00a0\u00a0\u00a0\u00a0 key_mgmt=IEEE8021X WPA-EAP<br \/> \u00a0\u00a0\u00a0\u00a0\u00a0\u00a0\u00a0\u00a0\u00a0\u00a0\u00a0\u00a0\u00a0 eap=PEAP<br \/> \u00a0\u00a0\u00a0\u00a0\u00a0\u00a0\u00a0\u00a0\u00a0\u00a0\u00a0\u00a0\u00a0 phase2=&#8220;auth=MSCHAPV2&#8243;<br \/> \u00a0\u00a0\u00a0\u00a0\u00a0\u00a0\u00a0\u00a0\u00a0\u00a0\u00a0\u00a0\u00a0 identity=&#8220;LOGIN@upjs.sk&#8220;<br \/> \u00a0\u00a0\u00a0\u00a0\u00a0\u00a0\u00a0\u00a0\u00a0\u00a0\u00a0\u00a0\u00a0 password=&#8220;HESLO&#8220;<br \/> \u00a0\u00a0\u00a0\u00a0\u00a0\u00a0\u00a0\u00a0\u00a0\u00a0\u00a0\u00a0\u00a0 ca_cert=&#8220;\/etc\/wpa_supplicant\/wifi.upjs.sk.chain.pem&#8220;<br \/> }<\/p>\n<p>\u00a0<\/p>\n","protected":false},"excerpt":{"rendered":"<p>English version\u200b # Stiahnut CA pre wifi UPJS # wget https:\/\/wifi.upjs.sk\/ca\/wifi.upjs.sk.chain.crt\u00a0-O \/etc\/wpa_supplicant\/wifi.upjs.sk.chain.pem # Spustenie: # wpa_supplicant -Dwext -ieth1 -c \/etc\/wpa_supplicant\/wpa_supplicant.conf ctrl_interface=\/var\/run\/wpa_supplicant ctrl_interface_group=wheel ap_scan=1 fast_reauth=1 # &#8211; \u0160tudenti maj\u00fa login: AIS_ID@upjs.sk # &#8211; Zamestnanci maj\u00fa login: meno.priezvisko@upjs.sk network={ \u00a0\u00a0\u00a0\u00a0\u00a0\u00a0\u00a0\u00a0\u00a0\u00a0\u00a0\u00a0\u00a0 ssid=&#8220;eduroam&#8220; \u00a0\u00a0\u00a0\u00a0\u00a0\u00a0\u00a0\u00a0\u00a0\u00a0\u00a0\u00a0\u00a0 key_mgmt=IEEE8021X WPA-EAP \u00a0\u00a0\u00a0\u00a0\u00a0\u00a0\u00a0\u00a0\u00a0\u00a0\u00a0\u00a0\u00a0 eap=PEAP \u00a0\u00a0\u00a0\u00a0\u00a0\u00a0\u00a0\u00a0\u00a0\u00a0\u00a0\u00a0\u00a0 phase2=&#8220;auth=MSCHAPV2&#8243; \u00a0\u00a0\u00a0\u00a0\u00a0\u00a0\u00a0\u00a0\u00a0\u00a0\u00a0\u00a0\u00a0 identity=&#8220;LOGIN@upjs.sk&#8220; \u00a0\u00a0\u00a0\u00a0\u00a0\u00a0\u00a0\u00a0\u00a0\u00a0\u00a0\u00a0\u00a0 password=&#8220;HESLO&#8220; \u00a0\u00a0\u00a0\u00a0\u00a0\u00a0\u00a0\u00a0\u00a0\u00a0\u00a0\u00a0\u00a0 ca_cert=&#8220;\/etc\/wpa_supplicant\/wifi.upjs.sk.chain.pem&#8220; } \u00a0<\/p>\n","protected":false},"author":1,"featured_media":0,"parent":13018,"menu_order":3,"comment_status":"closed","ping_status":"closed","template":"","meta":{"_acf_changed":false,"_editorskit_title_hidden":false,"_editorskit_reading_time":0,"_editorskit_is_block_options_detached":false,"_editorskit_block_options_position":"{}","footnotes":""},"categories":[],"tags":[],"class_list":["post-13023","page","type-page","status-publish","hentry"],"acf":{"acf_link_na_externy_obsah":""},"yoast_head":"<!-- This site is optimized with the Yoast SEO plugin v27.4 - https:\/\/yoast.com\/product\/yoast-seo-wordpress\/ -->\n<title>Ako si nastavi\u0165 Linux pre pr\u00edstup do WIFI siete. [ WPA supplicant ] - Centrum informa\u010dn\u00fdch a komunika\u010dn\u00fdch technol\u00f3gi\u00ed | UPJ\u0160<\/title>\n<meta name=\"robots\" content=\"index, follow, max-snippet:-1, max-image-preview:large, max-video-preview:-1\" \/>\n<link rel=\"canonical\" href=\"https:\/\/www.upjs.sk\/pracoviska\/ciakt\/navody\/wifi\/linux-wpa-supplicant\/\" \/>\n<meta property=\"og:locale\" content=\"sk_SK\" \/>\n<meta property=\"og:type\" content=\"article\" \/>\n<meta property=\"og:title\" content=\"Ako si nastavi\u0165 Linux pre pr\u00edstup do WIFI siete. [ WPA supplicant ] - Centrum informa\u010dn\u00fdch a komunika\u010dn\u00fdch technol\u00f3gi\u00ed | UPJ\u0160\" \/>\n<meta property=\"og:description\" content=\"English version\u200b # Stiahnut CA pre wifi UPJS # wget https:\/\/wifi.upjs.sk\/ca\/wifi.upjs.sk.chain.crt\u00a0-O \/etc\/wpa_supplicant\/wifi.upjs.sk.chain.pem # Spustenie: # wpa_supplicant -Dwext -ieth1 -c \/etc\/wpa_supplicant\/wpa_supplicant.conf ctrl_interface=\/var\/run\/wpa_supplicant ctrl_interface_group=wheel ap_scan=1 fast_reauth=1 # &#8211; \u0160tudenti maj\u00fa login: AIS_ID@upjs.sk # &#8211; Zamestnanci maj\u00fa login: meno.priezvisko@upjs.sk network={ \u00a0\u00a0\u00a0\u00a0\u00a0\u00a0\u00a0\u00a0\u00a0\u00a0\u00a0\u00a0\u00a0 ssid=&#8220;eduroam&#8220; \u00a0\u00a0\u00a0\u00a0\u00a0\u00a0\u00a0\u00a0\u00a0\u00a0\u00a0\u00a0\u00a0 key_mgmt=IEEE8021X WPA-EAP \u00a0\u00a0\u00a0\u00a0\u00a0\u00a0\u00a0\u00a0\u00a0\u00a0\u00a0\u00a0\u00a0 eap=PEAP \u00a0\u00a0\u00a0\u00a0\u00a0\u00a0\u00a0\u00a0\u00a0\u00a0\u00a0\u00a0\u00a0 phase2=&#8220;auth=MSCHAPV2&#8243; \u00a0\u00a0\u00a0\u00a0\u00a0\u00a0\u00a0\u00a0\u00a0\u00a0\u00a0\u00a0\u00a0 identity=&#8220;LOGIN@upjs.sk&#8220; \u00a0\u00a0\u00a0\u00a0\u00a0\u00a0\u00a0\u00a0\u00a0\u00a0\u00a0\u00a0\u00a0 password=&#8220;HESLO&#8220; \u00a0\u00a0\u00a0\u00a0\u00a0\u00a0\u00a0\u00a0\u00a0\u00a0\u00a0\u00a0\u00a0 ca_cert=&#8220;\/etc\/wpa_supplicant\/wifi.upjs.sk.chain.pem&#8220; } \u00a0\" \/>\n<meta property=\"og:url\" content=\"https:\/\/www.upjs.sk\/pracoviska\/ciakt\/navody\/wifi\/linux-wpa-supplicant\/\" \/>\n<meta property=\"og:site_name\" content=\"Centrum informa\u010dn\u00fdch a komunika\u010dn\u00fdch technol\u00f3gi\u00ed | UPJ\u0160\" \/>\n<meta property=\"article:modified_time\" content=\"2022-10-05T09:51:05+00:00\" \/>\n<meta name=\"twitter:card\" content=\"summary_large_image\" \/>\n<script type=\"application\/ld+json\" class=\"yoast-schema-graph\">{\"@context\":\"https:\\\/\\\/schema.org\",\"@graph\":[{\"@type\":\"WebPage\",\"@id\":\"https:\\\/\\\/www.upjs.sk\\\/pracoviska\\\/ciakt\\\/navody\\\/wifi\\\/linux-wpa-supplicant\\\/\",\"url\":\"https:\\\/\\\/www.upjs.sk\\\/pracoviska\\\/ciakt\\\/navody\\\/wifi\\\/linux-wpa-supplicant\\\/\",\"name\":\"Ako si nastavi\u0165 Linux pre pr\u00edstup do WIFI siete. [ WPA supplicant ] - Centrum informa\u010dn\u00fdch a komunika\u010dn\u00fdch technol\u00f3gi\u00ed | UPJ\u0160\",\"isPartOf\":{\"@id\":\"https:\\\/\\\/www.upjs.sk\\\/pracoviska\\\/ciakt\\\/#website\"},\"datePublished\":\"2018-02-19T08:20:14+00:00\",\"dateModified\":\"2022-10-05T09:51:05+00:00\",\"breadcrumb\":{\"@id\":\"https:\\\/\\\/www.upjs.sk\\\/pracoviska\\\/ciakt\\\/navody\\\/wifi\\\/linux-wpa-supplicant\\\/#breadcrumb\"},\"inLanguage\":\"sk-SK\",\"potentialAction\":[{\"@type\":\"ReadAction\",\"target\":[\"https:\\\/\\\/www.upjs.sk\\\/pracoviska\\\/ciakt\\\/navody\\\/wifi\\\/linux-wpa-supplicant\\\/\"]}]},{\"@type\":\"BreadcrumbList\",\"@id\":\"https:\\\/\\\/www.upjs.sk\\\/pracoviska\\\/ciakt\\\/navody\\\/wifi\\\/linux-wpa-supplicant\\\/#breadcrumb\",\"itemListElement\":[{\"@type\":\"ListItem\",\"position\":1,\"name\":\"Home\",\"item\":\"https:\\\/\\\/www.upjs.sk\\\/pracoviska\\\/ciakt\\\/\"},{\"@type\":\"ListItem\",\"position\":2,\"name\":\"N\u00e1vody\",\"item\":\"https:\\\/\\\/www.upjs.sk\\\/pracoviska\\\/ciakt\\\/navody\\\/\"},{\"@type\":\"ListItem\",\"position\":3,\"name\":\"WiFi\",\"item\":\"https:\\\/\\\/www.upjs.sk\\\/pracoviska\\\/ciakt\\\/navody\\\/wifi\\\/\"},{\"@type\":\"ListItem\",\"position\":4,\"name\":\"Ako si nastavi\u0165 Linux pre pr\u00edstup do WIFI siete. [ WPA supplicant ]\"}]},{\"@type\":\"WebSite\",\"@id\":\"https:\\\/\\\/www.upjs.sk\\\/pracoviska\\\/ciakt\\\/#website\",\"url\":\"https:\\\/\\\/www.upjs.sk\\\/pracoviska\\\/ciakt\\\/\",\"name\":\"Centrum informa\u010dn\u00fdch a komunika\u010dn\u00fdch technol\u00f3gi\u00ed | UPJ\u0160\",\"description\":\"\",\"publisher\":{\"@id\":\"https:\\\/\\\/www.upjs.sk\\\/pracoviska\\\/ciakt\\\/#organization\"},\"potentialAction\":[{\"@type\":\"SearchAction\",\"target\":{\"@type\":\"EntryPoint\",\"urlTemplate\":\"https:\\\/\\\/www.upjs.sk\\\/pracoviska\\\/ciakt\\\/?s={search_term_string}\"},\"query-input\":{\"@type\":\"PropertyValueSpecification\",\"valueRequired\":true,\"valueName\":\"search_term_string\"}}],\"inLanguage\":\"sk-SK\"},{\"@type\":\"Organization\",\"@id\":\"https:\\\/\\\/www.upjs.sk\\\/pracoviska\\\/ciakt\\\/#organization\",\"name\":\"Centrum informa\u010dn\u00fdch a komunika\u010dn\u00fdch technol\u00f3gi\u00ed | UPJ\u0160\",\"url\":\"https:\\\/\\\/www.upjs.sk\\\/pracoviska\\\/ciakt\\\/\",\"logo\":{\"@type\":\"ImageObject\",\"inLanguage\":\"sk-SK\",\"@id\":\"https:\\\/\\\/www.upjs.sk\\\/pracoviska\\\/ciakt\\\/#\\\/schema\\\/logo\\\/image\\\/\",\"url\":\"https:\\\/\\\/www.upjs.sk\\\/app\\\/uploads\\\/sites\\\/17\\\/2023\\\/01\\\/CIaKT-1.svg\",\"contentUrl\":\"https:\\\/\\\/www.upjs.sk\\\/app\\\/uploads\\\/sites\\\/17\\\/2023\\\/01\\\/CIaKT-1.svg\",\"width\":500,\"height\":138,\"caption\":\"Centrum informa\u010dn\u00fdch a komunika\u010dn\u00fdch technol\u00f3gi\u00ed | UPJ\u0160\"},\"image\":{\"@id\":\"https:\\\/\\\/www.upjs.sk\\\/pracoviska\\\/ciakt\\\/#\\\/schema\\\/logo\\\/image\\\/\"}}]}<\/script>\n<!-- \/ Yoast SEO plugin. -->","yoast_head_json":{"title":"Ako si nastavi\u0165 Linux pre pr\u00edstup do WIFI siete. [ WPA supplicant ] - Centrum informa\u010dn\u00fdch a komunika\u010dn\u00fdch technol\u00f3gi\u00ed | UPJ\u0160","robots":{"index":"index","follow":"follow","max-snippet":"max-snippet:-1","max-image-preview":"max-image-preview:large","max-video-preview":"max-video-preview:-1"},"canonical":"https:\/\/www.upjs.sk\/pracoviska\/ciakt\/navody\/wifi\/linux-wpa-supplicant\/","og_locale":"sk_SK","og_type":"article","og_title":"Ako si nastavi\u0165 Linux pre pr\u00edstup do WIFI siete. [ WPA supplicant ] - Centrum informa\u010dn\u00fdch a komunika\u010dn\u00fdch technol\u00f3gi\u00ed | UPJ\u0160","og_description":"English version\u200b # Stiahnut CA pre wifi UPJS # wget https:\/\/wifi.upjs.sk\/ca\/wifi.upjs.sk.chain.crt\u00a0-O \/etc\/wpa_supplicant\/wifi.upjs.sk.chain.pem # Spustenie: # wpa_supplicant -Dwext -ieth1 -c \/etc\/wpa_supplicant\/wpa_supplicant.conf ctrl_interface=\/var\/run\/wpa_supplicant ctrl_interface_group=wheel ap_scan=1 fast_reauth=1 # &#8211; \u0160tudenti maj\u00fa login: AIS_ID@upjs.sk # &#8211; Zamestnanci maj\u00fa login: meno.priezvisko@upjs.sk network={ \u00a0\u00a0\u00a0\u00a0\u00a0\u00a0\u00a0\u00a0\u00a0\u00a0\u00a0\u00a0\u00a0 ssid=&#8220;eduroam&#8220; \u00a0\u00a0\u00a0\u00a0\u00a0\u00a0\u00a0\u00a0\u00a0\u00a0\u00a0\u00a0\u00a0 key_mgmt=IEEE8021X WPA-EAP \u00a0\u00a0\u00a0\u00a0\u00a0\u00a0\u00a0\u00a0\u00a0\u00a0\u00a0\u00a0\u00a0 eap=PEAP \u00a0\u00a0\u00a0\u00a0\u00a0\u00a0\u00a0\u00a0\u00a0\u00a0\u00a0\u00a0\u00a0 phase2=&#8220;auth=MSCHAPV2&#8243; \u00a0\u00a0\u00a0\u00a0\u00a0\u00a0\u00a0\u00a0\u00a0\u00a0\u00a0\u00a0\u00a0 identity=&#8220;LOGIN@upjs.sk&#8220; \u00a0\u00a0\u00a0\u00a0\u00a0\u00a0\u00a0\u00a0\u00a0\u00a0\u00a0\u00a0\u00a0 password=&#8220;HESLO&#8220; \u00a0\u00a0\u00a0\u00a0\u00a0\u00a0\u00a0\u00a0\u00a0\u00a0\u00a0\u00a0\u00a0 ca_cert=&#8220;\/etc\/wpa_supplicant\/wifi.upjs.sk.chain.pem&#8220; } \u00a0","og_url":"https:\/\/www.upjs.sk\/pracoviska\/ciakt\/navody\/wifi\/linux-wpa-supplicant\/","og_site_name":"Centrum informa\u010dn\u00fdch a komunika\u010dn\u00fdch technol\u00f3gi\u00ed | UPJ\u0160","article_modified_time":"2022-10-05T09:51:05+00:00","twitter_card":"summary_large_image","schema":{"@context":"https:\/\/schema.org","@graph":[{"@type":"WebPage","@id":"https:\/\/www.upjs.sk\/pracoviska\/ciakt\/navody\/wifi\/linux-wpa-supplicant\/","url":"https:\/\/www.upjs.sk\/pracoviska\/ciakt\/navody\/wifi\/linux-wpa-supplicant\/","name":"Ako si nastavi\u0165 Linux pre pr\u00edstup do WIFI siete. [ WPA supplicant ] - Centrum informa\u010dn\u00fdch a komunika\u010dn\u00fdch technol\u00f3gi\u00ed | UPJ\u0160","isPartOf":{"@id":"https:\/\/www.upjs.sk\/pracoviska\/ciakt\/#website"},"datePublished":"2018-02-19T08:20:14+00:00","dateModified":"2022-10-05T09:51:05+00:00","breadcrumb":{"@id":"https:\/\/www.upjs.sk\/pracoviska\/ciakt\/navody\/wifi\/linux-wpa-supplicant\/#breadcrumb"},"inLanguage":"sk-SK","potentialAction":[{"@type":"ReadAction","target":["https:\/\/www.upjs.sk\/pracoviska\/ciakt\/navody\/wifi\/linux-wpa-supplicant\/"]}]},{"@type":"BreadcrumbList","@id":"https:\/\/www.upjs.sk\/pracoviska\/ciakt\/navody\/wifi\/linux-wpa-supplicant\/#breadcrumb","itemListElement":[{"@type":"ListItem","position":1,"name":"Home","item":"https:\/\/www.upjs.sk\/pracoviska\/ciakt\/"},{"@type":"ListItem","position":2,"name":"N\u00e1vody","item":"https:\/\/www.upjs.sk\/pracoviska\/ciakt\/navody\/"},{"@type":"ListItem","position":3,"name":"WiFi","item":"https:\/\/www.upjs.sk\/pracoviska\/ciakt\/navody\/wifi\/"},{"@type":"ListItem","position":4,"name":"Ako si nastavi\u0165 Linux pre pr\u00edstup do WIFI siete. [ WPA supplicant ]"}]},{"@type":"WebSite","@id":"https:\/\/www.upjs.sk\/pracoviska\/ciakt\/#website","url":"https:\/\/www.upjs.sk\/pracoviska\/ciakt\/","name":"Centrum informa\u010dn\u00fdch a komunika\u010dn\u00fdch technol\u00f3gi\u00ed | UPJ\u0160","description":"","publisher":{"@id":"https:\/\/www.upjs.sk\/pracoviska\/ciakt\/#organization"},"potentialAction":[{"@type":"SearchAction","target":{"@type":"EntryPoint","urlTemplate":"https:\/\/www.upjs.sk\/pracoviska\/ciakt\/?s={search_term_string}"},"query-input":{"@type":"PropertyValueSpecification","valueRequired":true,"valueName":"search_term_string"}}],"inLanguage":"sk-SK"},{"@type":"Organization","@id":"https:\/\/www.upjs.sk\/pracoviska\/ciakt\/#organization","name":"Centrum informa\u010dn\u00fdch a komunika\u010dn\u00fdch technol\u00f3gi\u00ed | UPJ\u0160","url":"https:\/\/www.upjs.sk\/pracoviska\/ciakt\/","logo":{"@type":"ImageObject","inLanguage":"sk-SK","@id":"https:\/\/www.upjs.sk\/pracoviska\/ciakt\/#\/schema\/logo\/image\/","url":"https:\/\/www.upjs.sk\/app\/uploads\/sites\/17\/2023\/01\/CIaKT-1.svg","contentUrl":"https:\/\/www.upjs.sk\/app\/uploads\/sites\/17\/2023\/01\/CIaKT-1.svg","width":500,"height":138,"caption":"Centrum informa\u010dn\u00fdch a komunika\u010dn\u00fdch technol\u00f3gi\u00ed | UPJ\u0160"},"image":{"@id":"https:\/\/www.upjs.sk\/pracoviska\/ciakt\/#\/schema\/logo\/image\/"}}]}},"_links":{"self":[{"href":"https:\/\/www.upjs.sk\/pracoviska\/ciakt\/wp-json\/wp\/v2\/pages\/13023","targetHints":{"allow":["GET"]}}],"collection":[{"href":"https:\/\/www.upjs.sk\/pracoviska\/ciakt\/wp-json\/wp\/v2\/pages"}],"about":[{"href":"https:\/\/www.upjs.sk\/pracoviska\/ciakt\/wp-json\/wp\/v2\/types\/page"}],"author":[{"embeddable":true,"href":"https:\/\/www.upjs.sk\/pracoviska\/ciakt\/wp-json\/wp\/v2\/users\/1"}],"replies":[{"embeddable":true,"href":"https:\/\/www.upjs.sk\/pracoviska\/ciakt\/wp-json\/wp\/v2\/comments?post=13023"}],"version-history":[{"count":1,"href":"https:\/\/www.upjs.sk\/pracoviska\/ciakt\/wp-json\/wp\/v2\/pages\/13023\/revisions"}],"predecessor-version":[{"id":13199,"href":"https:\/\/www.upjs.sk\/pracoviska\/ciakt\/wp-json\/wp\/v2\/pages\/13023\/revisions\/13199"}],"up":[{"embeddable":true,"href":"https:\/\/www.upjs.sk\/pracoviska\/ciakt\/wp-json\/wp\/v2\/pages\/13018"}],"wp:attachment":[{"href":"https:\/\/www.upjs.sk\/pracoviska\/ciakt\/wp-json\/wp\/v2\/media?parent=13023"}],"wp:term":[{"taxonomy":"category","embeddable":true,"href":"https:\/\/www.upjs.sk\/pracoviska\/ciakt\/wp-json\/wp\/v2\/categories?post=13023"},{"taxonomy":"post_tag","embeddable":true,"href":"https:\/\/www.upjs.sk\/pracoviska\/ciakt\/wp-json\/wp\/v2\/tags?post=13023"}],"curies":[{"name":"wp","href":"https:\/\/api.w.org\/{rel}","templated":true}]}}