{"id":13026,"date":"2019-01-29T12:33:53","date_gmt":"2019-01-29T12:33:53","guid":{"rendered":"https:\/\/www.upjs.sk\/pracoviska\/ciakt\/root\/navody\/wifi\/android\/"},"modified":"2022-10-05T09:51:05","modified_gmt":"2022-10-05T09:51:05","slug":"android","status":"publish","type":"page","link":"https:\/\/www.upjs.sk\/pracoviska\/ciakt\/navody\/wifi\/android\/","title":{"rendered":"Ako si nastavi\u0165 Android pre pr\u00edstup do WIFI siete"},"content":{"rendered":"<ul>\n<li>\u0160tudenti a zamestnanci UPJ\u0160 si m\u00f4\u017eu zriadi\u0165 eduroam \u00fa\u010det na <a href=\"https:\/\/wifi.upjs.sk\">stranke<\/a>.<\/li>\n<li>\n<style type=\"text\/css\">@page { margin: 0.79in } \t\tp { margin-bottom: 0.1in; line-height: 115% } \t\ta:link { so-language: zxx } \t<\/style>\n<p style=\"margin-bottom: 0in; line-height: 100%\">Po v\u00fdbere siete \u201eeduroam\u201c uvid\u00edte okno, ktor\u00e9 vy\u017eaduje inform\u00e1cie o podrobnosti pripojenia.<\/p>\n<p style=\"margin-bottom: 0in; line-height: 100%\">Teda je potrebn\u00e9 uvies\u0165, \u017ee:<\/p>\n<p> \tMet\u00f3da EAP: PEAP<\/p>\n<p> \tOverovanie f\u00e1zy 2: MSCHAPV2<br \/> \t\u00a0<\/p>\n<p style=\"margin-bottom: 0in; line-height: 100%\">1) Na mieste <strong>\u201eCertifik\u00e1t certifika\u010dn\u00e9ho \u00faradu\u201c<\/strong> je nutn\u00e9 vybra\u0165 vo\u013ebu <u>\u201eNeoveri\u0165\u201c<\/u>, v inom pr\u00edpade by pripojenie na sie\u0165 nebolo v tomto kroku mo\u017en\u00e9.\u00a0<br \/> \t\u00a0<\/p>\n<p style=\"margin-bottom: 0in; line-height: 100%\">2) Na mieste <strong>\u201eIdentita\u201c<\/strong> je potrebn\u00e9 uvies\u0165 V\u00e1\u0161 \u0161tudentsk\u00fd\/zamestnaneck\u00fd email, ktor\u00fd ste pou\u017eili pre vytvorenie V\u00e1\u0161ho WiFi hesla na str\u00e1nke <a href=\"https:\/\/www.upjs.sk\/wifi\/heslo\/\">https:\/\/www.upjs.sk\/wifi\/heslo\/<\/a><\/p>\n<p> \t3) Na mieste <strong>\u201eHeslo\u201c<\/strong> je potrebn\u00e9 vlo\u017ei\u0165 heslo, ktor\u00e9 ste si priradili pre sie\u0165 eduroam\u00a0<br \/> \t\u00a0<\/p>\n<p style=\"margin-bottom: 0in; line-height: 100%\">Ak m\u00e1me v\u0161etky 3 body v tomto kroku dodr\u017ean\u00e9, m\u00f4\u017eeme potvrdi\u0165 pripojenie stla\u010den\u00edm \u201ePripoji\u0165\u201c:<\/p>\n<style type=\"text\/css\">@page { margin: 0.79in } \t\tp { margin-bottom: 0.1in; line-height: 115% } \t\ta:link { so-language: zxx } \t<\/style>\n<\/p>\n<p style=\"margin-bottom: 0in; line-height: 100%\">Po \u00faspe\u0161nom pripojen\u00ed je potrebn\u00e9 zabezpe\u010di\u0165 toto pripojenie aplik\u00e1ciou \u201eeduroam CAT\u201c, ktor\u00fa si stiahnite z obchodu Google play (link: <a href=\"https:\/\/play.google.com\/store\/apps\/details?id=uk.ac.swansea.eduroamcat\">https:\/\/play.google.com\/store\/apps\/details?id=uk.ac.swansea.eduroamcat<\/a> ).<\/p>\n<\/li>\n<\/ul>\n<p style=\"margin-bottom: 0in; line-height: 100%\">\u00a0<\/p>\n<p style=\"margin-bottom: 0in; line-height: 100%\">\u00a0<\/p>\n","protected":false},"excerpt":{"rendered":"<p>\u0160tudenti a zamestnanci UPJ\u0160 si m\u00f4\u017eu zriadi\u0165 eduroam \u00fa\u010det na stranke. Po v\u00fdbere siete \u201eeduroam\u201c uvid\u00edte okno, ktor\u00e9 vy\u017eaduje inform\u00e1cie o podrobnosti pripojenia. Teda je potrebn\u00e9 uvies\u0165, \u017ee: Met\u00f3da EAP: PEAP Overovanie f\u00e1zy 2: MSCHAPV2 \u00a0 1) Na mieste \u201eCertifik\u00e1t certifika\u010dn\u00e9ho \u00faradu\u201c je nutn\u00e9 vybra\u0165 vo\u013ebu \u201eNeoveri\u0165\u201c, v inom pr\u00edpade by pripojenie na sie\u0165 nebolo &hellip; <a href=\"https:\/\/www.upjs.sk\/pracoviska\/ciakt\/navody\/wifi\/android\/\">\u010c\u00edta\u0165 \u010falej<\/a><\/p>\n","protected":false},"author":1,"featured_media":0,"parent":13018,"menu_order":6,"comment_status":"closed","ping_status":"closed","template":"","meta":{"_acf_changed":false,"_editorskit_title_hidden":false,"_editorskit_reading_time":0,"_editorskit_is_block_options_detached":false,"_editorskit_block_options_position":"{}","footnotes":""},"categories":[],"tags":[],"class_list":["post-13026","page","type-page","status-publish","hentry"],"acf":{"acf_link_na_externy_obsah":""},"yoast_head":"<!-- This site is optimized with the Yoast SEO plugin v27.4 - https:\/\/yoast.com\/product\/yoast-seo-wordpress\/ -->\n<title>Ako si nastavi\u0165 Android pre pr\u00edstup do WIFI siete - Centrum informa\u010dn\u00fdch a komunika\u010dn\u00fdch technol\u00f3gi\u00ed | UPJ\u0160<\/title>\n<meta name=\"robots\" content=\"index, follow, max-snippet:-1, max-image-preview:large, max-video-preview:-1\" \/>\n<link rel=\"canonical\" href=\"https:\/\/www.upjs.sk\/pracoviska\/ciakt\/navody\/wifi\/android\/\" \/>\n<meta property=\"og:locale\" content=\"sk_SK\" \/>\n<meta property=\"og:type\" content=\"article\" \/>\n<meta property=\"og:title\" content=\"Ako si nastavi\u0165 Android pre pr\u00edstup do WIFI siete - Centrum informa\u010dn\u00fdch a komunika\u010dn\u00fdch technol\u00f3gi\u00ed | UPJ\u0160\" \/>\n<meta property=\"og:description\" content=\"\u0160tudenti a zamestnanci UPJ\u0160 si m\u00f4\u017eu zriadi\u0165 eduroam \u00fa\u010det na stranke. Po v\u00fdbere siete \u201eeduroam\u201c uvid\u00edte okno, ktor\u00e9 vy\u017eaduje inform\u00e1cie o podrobnosti pripojenia. Teda je potrebn\u00e9 uvies\u0165, \u017ee: Met\u00f3da EAP: PEAP Overovanie f\u00e1zy 2: MSCHAPV2 \u00a0 1) Na mieste \u201eCertifik\u00e1t certifika\u010dn\u00e9ho \u00faradu\u201c je nutn\u00e9 vybra\u0165 vo\u013ebu \u201eNeoveri\u0165\u201c, v inom pr\u00edpade by pripojenie na sie\u0165 nebolo &hellip; \u010c\u00edta\u0165 \u010falej\" \/>\n<meta property=\"og:url\" content=\"https:\/\/www.upjs.sk\/pracoviska\/ciakt\/navody\/wifi\/android\/\" \/>\n<meta property=\"og:site_name\" content=\"Centrum informa\u010dn\u00fdch a komunika\u010dn\u00fdch technol\u00f3gi\u00ed | UPJ\u0160\" \/>\n<meta property=\"article:modified_time\" content=\"2022-10-05T09:51:05+00:00\" \/>\n<meta name=\"twitter:card\" content=\"summary_large_image\" \/>\n<meta name=\"twitter:label1\" content=\"Predpokladan\u00fd \u010das \u010d\u00edtania\" \/>\n\t<meta name=\"twitter:data1\" content=\"1 min\u00fata\" \/>\n<script type=\"application\/ld+json\" class=\"yoast-schema-graph\">{\"@context\":\"https:\\\/\\\/schema.org\",\"@graph\":[{\"@type\":\"WebPage\",\"@id\":\"https:\\\/\\\/www.upjs.sk\\\/pracoviska\\\/ciakt\\\/navody\\\/wifi\\\/android\\\/\",\"url\":\"https:\\\/\\\/www.upjs.sk\\\/pracoviska\\\/ciakt\\\/navody\\\/wifi\\\/android\\\/\",\"name\":\"Ako si nastavi\u0165 Android pre pr\u00edstup do WIFI siete - Centrum informa\u010dn\u00fdch a komunika\u010dn\u00fdch technol\u00f3gi\u00ed | UPJ\u0160\",\"isPartOf\":{\"@id\":\"https:\\\/\\\/www.upjs.sk\\\/pracoviska\\\/ciakt\\\/#website\"},\"datePublished\":\"2019-01-29T12:33:53+00:00\",\"dateModified\":\"2022-10-05T09:51:05+00:00\",\"breadcrumb\":{\"@id\":\"https:\\\/\\\/www.upjs.sk\\\/pracoviska\\\/ciakt\\\/navody\\\/wifi\\\/android\\\/#breadcrumb\"},\"inLanguage\":\"sk-SK\",\"potentialAction\":[{\"@type\":\"ReadAction\",\"target\":[\"https:\\\/\\\/www.upjs.sk\\\/pracoviska\\\/ciakt\\\/navody\\\/wifi\\\/android\\\/\"]}]},{\"@type\":\"BreadcrumbList\",\"@id\":\"https:\\\/\\\/www.upjs.sk\\\/pracoviska\\\/ciakt\\\/navody\\\/wifi\\\/android\\\/#breadcrumb\",\"itemListElement\":[{\"@type\":\"ListItem\",\"position\":1,\"name\":\"Home\",\"item\":\"https:\\\/\\\/www.upjs.sk\\\/pracoviska\\\/ciakt\\\/\"},{\"@type\":\"ListItem\",\"position\":2,\"name\":\"N\u00e1vody\",\"item\":\"https:\\\/\\\/www.upjs.sk\\\/pracoviska\\\/ciakt\\\/navody\\\/\"},{\"@type\":\"ListItem\",\"position\":3,\"name\":\"WiFi\",\"item\":\"https:\\\/\\\/www.upjs.sk\\\/pracoviska\\\/ciakt\\\/navody\\\/wifi\\\/\"},{\"@type\":\"ListItem\",\"position\":4,\"name\":\"Ako si nastavi\u0165 Android pre pr\u00edstup do WIFI siete\"}]},{\"@type\":\"WebSite\",\"@id\":\"https:\\\/\\\/www.upjs.sk\\\/pracoviska\\\/ciakt\\\/#website\",\"url\":\"https:\\\/\\\/www.upjs.sk\\\/pracoviska\\\/ciakt\\\/\",\"name\":\"Centrum informa\u010dn\u00fdch a komunika\u010dn\u00fdch technol\u00f3gi\u00ed | UPJ\u0160\",\"description\":\"\",\"publisher\":{\"@id\":\"https:\\\/\\\/www.upjs.sk\\\/pracoviska\\\/ciakt\\\/#organization\"},\"potentialAction\":[{\"@type\":\"SearchAction\",\"target\":{\"@type\":\"EntryPoint\",\"urlTemplate\":\"https:\\\/\\\/www.upjs.sk\\\/pracoviska\\\/ciakt\\\/?s={search_term_string}\"},\"query-input\":{\"@type\":\"PropertyValueSpecification\",\"valueRequired\":true,\"valueName\":\"search_term_string\"}}],\"inLanguage\":\"sk-SK\"},{\"@type\":\"Organization\",\"@id\":\"https:\\\/\\\/www.upjs.sk\\\/pracoviska\\\/ciakt\\\/#organization\",\"name\":\"Centrum informa\u010dn\u00fdch a komunika\u010dn\u00fdch technol\u00f3gi\u00ed | UPJ\u0160\",\"url\":\"https:\\\/\\\/www.upjs.sk\\\/pracoviska\\\/ciakt\\\/\",\"logo\":{\"@type\":\"ImageObject\",\"inLanguage\":\"sk-SK\",\"@id\":\"https:\\\/\\\/www.upjs.sk\\\/pracoviska\\\/ciakt\\\/#\\\/schema\\\/logo\\\/image\\\/\",\"url\":\"https:\\\/\\\/www.upjs.sk\\\/app\\\/uploads\\\/sites\\\/17\\\/2023\\\/01\\\/CIaKT-1.svg\",\"contentUrl\":\"https:\\\/\\\/www.upjs.sk\\\/app\\\/uploads\\\/sites\\\/17\\\/2023\\\/01\\\/CIaKT-1.svg\",\"width\":500,\"height\":138,\"caption\":\"Centrum informa\u010dn\u00fdch a komunika\u010dn\u00fdch technol\u00f3gi\u00ed | UPJ\u0160\"},\"image\":{\"@id\":\"https:\\\/\\\/www.upjs.sk\\\/pracoviska\\\/ciakt\\\/#\\\/schema\\\/logo\\\/image\\\/\"}}]}<\/script>\n<!-- \/ Yoast SEO plugin. -->","yoast_head_json":{"title":"Ako si nastavi\u0165 Android pre pr\u00edstup do WIFI siete - Centrum informa\u010dn\u00fdch a komunika\u010dn\u00fdch technol\u00f3gi\u00ed | UPJ\u0160","robots":{"index":"index","follow":"follow","max-snippet":"max-snippet:-1","max-image-preview":"max-image-preview:large","max-video-preview":"max-video-preview:-1"},"canonical":"https:\/\/www.upjs.sk\/pracoviska\/ciakt\/navody\/wifi\/android\/","og_locale":"sk_SK","og_type":"article","og_title":"Ako si nastavi\u0165 Android pre pr\u00edstup do WIFI siete - Centrum informa\u010dn\u00fdch a komunika\u010dn\u00fdch technol\u00f3gi\u00ed | UPJ\u0160","og_description":"\u0160tudenti a zamestnanci UPJ\u0160 si m\u00f4\u017eu zriadi\u0165 eduroam \u00fa\u010det na stranke. Po v\u00fdbere siete \u201eeduroam\u201c uvid\u00edte okno, ktor\u00e9 vy\u017eaduje inform\u00e1cie o podrobnosti pripojenia. Teda je potrebn\u00e9 uvies\u0165, \u017ee: Met\u00f3da EAP: PEAP Overovanie f\u00e1zy 2: MSCHAPV2 \u00a0 1) Na mieste \u201eCertifik\u00e1t certifika\u010dn\u00e9ho \u00faradu\u201c je nutn\u00e9 vybra\u0165 vo\u013ebu \u201eNeoveri\u0165\u201c, v inom pr\u00edpade by pripojenie na sie\u0165 nebolo &hellip; \u010c\u00edta\u0165 \u010falej","og_url":"https:\/\/www.upjs.sk\/pracoviska\/ciakt\/navody\/wifi\/android\/","og_site_name":"Centrum informa\u010dn\u00fdch a komunika\u010dn\u00fdch technol\u00f3gi\u00ed | UPJ\u0160","article_modified_time":"2022-10-05T09:51:05+00:00","twitter_card":"summary_large_image","twitter_misc":{"Predpokladan\u00fd \u010das \u010d\u00edtania":"1 min\u00fata"},"schema":{"@context":"https:\/\/schema.org","@graph":[{"@type":"WebPage","@id":"https:\/\/www.upjs.sk\/pracoviska\/ciakt\/navody\/wifi\/android\/","url":"https:\/\/www.upjs.sk\/pracoviska\/ciakt\/navody\/wifi\/android\/","name":"Ako si nastavi\u0165 Android pre pr\u00edstup do WIFI siete - Centrum informa\u010dn\u00fdch a komunika\u010dn\u00fdch technol\u00f3gi\u00ed | UPJ\u0160","isPartOf":{"@id":"https:\/\/www.upjs.sk\/pracoviska\/ciakt\/#website"},"datePublished":"2019-01-29T12:33:53+00:00","dateModified":"2022-10-05T09:51:05+00:00","breadcrumb":{"@id":"https:\/\/www.upjs.sk\/pracoviska\/ciakt\/navody\/wifi\/android\/#breadcrumb"},"inLanguage":"sk-SK","potentialAction":[{"@type":"ReadAction","target":["https:\/\/www.upjs.sk\/pracoviska\/ciakt\/navody\/wifi\/android\/"]}]},{"@type":"BreadcrumbList","@id":"https:\/\/www.upjs.sk\/pracoviska\/ciakt\/navody\/wifi\/android\/#breadcrumb","itemListElement":[{"@type":"ListItem","position":1,"name":"Home","item":"https:\/\/www.upjs.sk\/pracoviska\/ciakt\/"},{"@type":"ListItem","position":2,"name":"N\u00e1vody","item":"https:\/\/www.upjs.sk\/pracoviska\/ciakt\/navody\/"},{"@type":"ListItem","position":3,"name":"WiFi","item":"https:\/\/www.upjs.sk\/pracoviska\/ciakt\/navody\/wifi\/"},{"@type":"ListItem","position":4,"name":"Ako si nastavi\u0165 Android pre pr\u00edstup do WIFI siete"}]},{"@type":"WebSite","@id":"https:\/\/www.upjs.sk\/pracoviska\/ciakt\/#website","url":"https:\/\/www.upjs.sk\/pracoviska\/ciakt\/","name":"Centrum informa\u010dn\u00fdch a komunika\u010dn\u00fdch technol\u00f3gi\u00ed | UPJ\u0160","description":"","publisher":{"@id":"https:\/\/www.upjs.sk\/pracoviska\/ciakt\/#organization"},"potentialAction":[{"@type":"SearchAction","target":{"@type":"EntryPoint","urlTemplate":"https:\/\/www.upjs.sk\/pracoviska\/ciakt\/?s={search_term_string}"},"query-input":{"@type":"PropertyValueSpecification","valueRequired":true,"valueName":"search_term_string"}}],"inLanguage":"sk-SK"},{"@type":"Organization","@id":"https:\/\/www.upjs.sk\/pracoviska\/ciakt\/#organization","name":"Centrum informa\u010dn\u00fdch a komunika\u010dn\u00fdch technol\u00f3gi\u00ed | UPJ\u0160","url":"https:\/\/www.upjs.sk\/pracoviska\/ciakt\/","logo":{"@type":"ImageObject","inLanguage":"sk-SK","@id":"https:\/\/www.upjs.sk\/pracoviska\/ciakt\/#\/schema\/logo\/image\/","url":"https:\/\/www.upjs.sk\/app\/uploads\/sites\/17\/2023\/01\/CIaKT-1.svg","contentUrl":"https:\/\/www.upjs.sk\/app\/uploads\/sites\/17\/2023\/01\/CIaKT-1.svg","width":500,"height":138,"caption":"Centrum informa\u010dn\u00fdch a komunika\u010dn\u00fdch technol\u00f3gi\u00ed | UPJ\u0160"},"image":{"@id":"https:\/\/www.upjs.sk\/pracoviska\/ciakt\/#\/schema\/logo\/image\/"}}]}},"_links":{"self":[{"href":"https:\/\/www.upjs.sk\/pracoviska\/ciakt\/wp-json\/wp\/v2\/pages\/13026","targetHints":{"allow":["GET"]}}],"collection":[{"href":"https:\/\/www.upjs.sk\/pracoviska\/ciakt\/wp-json\/wp\/v2\/pages"}],"about":[{"href":"https:\/\/www.upjs.sk\/pracoviska\/ciakt\/wp-json\/wp\/v2\/types\/page"}],"author":[{"embeddable":true,"href":"https:\/\/www.upjs.sk\/pracoviska\/ciakt\/wp-json\/wp\/v2\/users\/1"}],"replies":[{"embeddable":true,"href":"https:\/\/www.upjs.sk\/pracoviska\/ciakt\/wp-json\/wp\/v2\/comments?post=13026"}],"version-history":[{"count":1,"href":"https:\/\/www.upjs.sk\/pracoviska\/ciakt\/wp-json\/wp\/v2\/pages\/13026\/revisions"}],"predecessor-version":[{"id":13202,"href":"https:\/\/www.upjs.sk\/pracoviska\/ciakt\/wp-json\/wp\/v2\/pages\/13026\/revisions\/13202"}],"up":[{"embeddable":true,"href":"https:\/\/www.upjs.sk\/pracoviska\/ciakt\/wp-json\/wp\/v2\/pages\/13018"}],"wp:attachment":[{"href":"https:\/\/www.upjs.sk\/pracoviska\/ciakt\/wp-json\/wp\/v2\/media?parent=13026"}],"wp:term":[{"taxonomy":"category","embeddable":true,"href":"https:\/\/www.upjs.sk\/pracoviska\/ciakt\/wp-json\/wp\/v2\/categories?post=13026"},{"taxonomy":"post_tag","embeddable":true,"href":"https:\/\/www.upjs.sk\/pracoviska\/ciakt\/wp-json\/wp\/v2\/tags?post=13026"}],"curies":[{"name":"wp","href":"https:\/\/api.w.org\/{rel}","templated":true}]}}