{"id":13039,"date":"2020-04-01T15:49:59","date_gmt":"2020-04-01T15:49:59","guid":{"rendered":"https:\/\/www.upjs.sk\/pracoviska\/ciakt\/root\/navody\/multicastove-tv-radio-vysielanie\/"},"modified":"2022-10-05T09:51:05","modified_gmt":"2022-10-05T09:51:05","slug":"multicastove-tv-radio-vysielanie","status":"publish","type":"page","link":"https:\/\/www.upjs.sk\/pracoviska\/ciakt\/navody\/multicastove-tv-radio-vysielanie\/","title":{"rendered":"Multicastov\u00e9 vysielanie"},"content":{"rendered":"<div>\u00a0<\/div>\n<div><strong>\u010co je k tomu potrebn\u00e9?<\/strong><\/div>\n<div style=\"margin-left: 2px; margin-right: 3px;\">\n<ul>\n<li>Stiahnu\u0165 si VLC (<u>Video Lan Client<\/u>) &#8211; Je to program, ktor\u00fd prehr\u00e1va MPEG-1, MPEG-2, MPEG-4 a DivX, DVDs, digit\u00e1lne satelitn\u00e9 stanice, digit\u00e1lne terresti\u00e1lne telev\u00edzne stanice a \u017eiv\u00e9 video v (IPv4 alebo IPv6) sie\u0165ach v unicaste alebo <strong>multicaste<\/strong>.<\/li>\n<li><a href=\"http:\/\/www.videolan.org\/vlc\/download-windows.html\" target=\"new\" rel=\"noopener\">VLC stiahni tu.<\/a><\/li>\n<li>Nastavenie Multicastu a VLC. &#8211; Vyberieme <strong>Preferencies<\/strong><\/li>\n<\/ul>\n<p> <img decoding=\"async\" alt=\"multicast01.jpg\" src=\"http:\/\/www.upjs.sk\/\/app\/uploads\/sites\/17\/2022\/10\/multicast01.jpg\" style=\"height:279px; width:473px\" \/><\/p>\n<ul>\n<li>Nastavenie SAP (aby sme si mohli vybra\u0165 Program) &#8211; zapneme Show settings: <strong>All<\/strong> a vyberieme nastavenie <strong>Playlist<\/strong> a <strong>Services discovery<\/strong> a <strong>SAP<\/strong> a zaklikneme <strong style=\"font-weight:bold\">SAP<\/strong> <strong>Announcements<\/strong><\/li>\n<\/ul>\n<p> <img decoding=\"async\" alt=\"multicast02.jpg\" src=\"http:\/\/www.upjs.sk\/\/app\/uploads\/sites\/17\/2022\/10\/multicast02.jpg\" style=\"height:433px; width:500px\" \/><br \/> \u00a0\u00a0<\/p>\n<ul>\n<li>SAP multicast address nastav\u00edme na: <strong>233.10.47.10<\/strong><\/li>\n<\/ul>\n<p> \u00a0  <\/p>\n<p><img decoding=\"async\" alt=\"multicast03.jpg\" src=\"http:\/\/www.upjs.sk\/\/app\/uploads\/sites\/17\/2022\/10\/multicast03.jpg\" style=\"height:433px; width:500px\" \/><\/p>\n<ul>\n<li>A nakoniec e\u0161te nastav\u00edme Deinterlacing Filter na <strong>Bob<\/strong>. (Video, Filter, Deinterlacing).<\/li>\n<li>Tak\u017ee vypneme VLC a ke\u010f ho znovu pust\u00edme Vyberieme <strong>Playlist<\/strong> a zvol\u00edme si program.<\/li>\n<\/ul><\/div>\n<div style=\"margin-left: 2px; margin-right: 3px;\">\n<ul>\n<li>Stiahnu\u0165 si VLC (<u>Video Lan Client<\/u>) &#8211; Je to program, ktor\u00fd prehr\u00e1va MPEG-1, MPEG-2, MPEG-4 a DivX, DVDs, digit\u00e1lne satelitn\u00e9 stanice, digit\u00e1lne terresti\u00e1lne telev\u00edzne stanice a \u017eiv\u00e9 video v (IPv4 alebo IPv6) sie\u0165ach v unicaste alebo <strong>multicaste<\/strong>.<\/li>\n<li><a href=\"http:\/\/www.videolan.org\/vlc\/download-windows.html\" target=\"new\" rel=\"noopener\">VLC stiahni tu.<\/a><\/li>\n<li>Nastavenie Multicastu a VLC. &#8211; Vyberieme <strong>Preferencies<\/strong><\/li>\n<\/ul>\n<p>\u00a0<\/p>\n<\/p><\/div>\n<p>\u00a0<\/p>\n","protected":false},"excerpt":{"rendered":"<p>\u00a0 \u010co je k tomu potrebn\u00e9? Stiahnu\u0165 si VLC (Video Lan Client) &#8211; Je to program, ktor\u00fd prehr\u00e1va MPEG-1, MPEG-2, MPEG-4 a DivX, DVDs, digit\u00e1lne satelitn\u00e9 stanice, digit\u00e1lne terresti\u00e1lne telev\u00edzne stanice a \u017eiv\u00e9 video v (IPv4 alebo IPv6) sie\u0165ach v unicaste alebo multicaste. VLC stiahni tu. Nastavenie Multicastu a VLC. &#8211; Vyberieme Preferencies Nastavenie SAP &hellip; <a href=\"https:\/\/www.upjs.sk\/pracoviska\/ciakt\/navody\/multicastove-tv-radio-vysielanie\/\">\u010c\u00edta\u0165 \u010falej<\/a><\/p>\n","protected":false},"author":1,"featured_media":13040,"parent":12955,"menu_order":12,"comment_status":"closed","ping_status":"closed","template":"","meta":{"_acf_changed":false,"_editorskit_title_hidden":false,"_editorskit_reading_time":0,"_editorskit_is_block_options_detached":false,"_editorskit_block_options_position":"{}","footnotes":""},"categories":[],"tags":[],"class_list":["post-13039","page","type-page","status-publish","has-post-thumbnail","hentry"],"acf":{"acf_link_na_externy_obsah":""},"yoast_head":"<!-- This site is optimized with the Yoast SEO plugin v27.4 - https:\/\/yoast.com\/product\/yoast-seo-wordpress\/ -->\n<title>Multicastov\u00e9 vysielanie - Centrum informa\u010dn\u00fdch a komunika\u010dn\u00fdch technol\u00f3gi\u00ed | UPJ\u0160<\/title>\n<meta name=\"robots\" content=\"index, follow, max-snippet:-1, max-image-preview:large, max-video-preview:-1\" \/>\n<link rel=\"canonical\" href=\"https:\/\/www.upjs.sk\/pracoviska\/ciakt\/navody\/multicastove-tv-radio-vysielanie\/\" \/>\n<meta property=\"og:locale\" content=\"sk_SK\" \/>\n<meta property=\"og:type\" content=\"article\" \/>\n<meta property=\"og:title\" content=\"Multicastov\u00e9 vysielanie - Centrum informa\u010dn\u00fdch a komunika\u010dn\u00fdch technol\u00f3gi\u00ed | UPJ\u0160\" \/>\n<meta property=\"og:description\" content=\"\u00a0 \u010co je k tomu potrebn\u00e9? Stiahnu\u0165 si VLC (Video Lan Client) &#8211; Je to program, ktor\u00fd prehr\u00e1va MPEG-1, MPEG-2, MPEG-4 a DivX, DVDs, digit\u00e1lne satelitn\u00e9 stanice, digit\u00e1lne terresti\u00e1lne telev\u00edzne stanice a \u017eiv\u00e9 video v (IPv4 alebo IPv6) sie\u0165ach v unicaste alebo multicaste. VLC stiahni tu. Nastavenie Multicastu a VLC. &#8211; Vyberieme Preferencies Nastavenie SAP &hellip; \u010c\u00edta\u0165 \u010falej\" \/>\n<meta property=\"og:url\" content=\"https:\/\/www.upjs.sk\/pracoviska\/ciakt\/navody\/multicastove-tv-radio-vysielanie\/\" \/>\n<meta property=\"og:site_name\" content=\"Centrum informa\u010dn\u00fdch a komunika\u010dn\u00fdch technol\u00f3gi\u00ed | UPJ\u0160\" \/>\n<meta property=\"article:modified_time\" content=\"2022-10-05T09:51:05+00:00\" \/>\n<meta property=\"og:image\" content=\"https:\/\/www.upjs.sk\/app\/uploads\/sites\/17\/2022\/10\/multicast01.jpg\" \/>\n\t<meta property=\"og:image:width\" content=\"473\" \/>\n\t<meta property=\"og:image:height\" content=\"279\" \/>\n\t<meta property=\"og:image:type\" content=\"image\/jpeg\" \/>\n<meta name=\"twitter:card\" content=\"summary_large_image\" \/>\n<meta name=\"twitter:label1\" content=\"Predpokladan\u00fd \u010das \u010d\u00edtania\" \/>\n\t<meta name=\"twitter:data1\" content=\"1 min\u00fata\" \/>\n<script type=\"application\/ld+json\" class=\"yoast-schema-graph\">{\"@context\":\"https:\\\/\\\/schema.org\",\"@graph\":[{\"@type\":\"WebPage\",\"@id\":\"https:\\\/\\\/www.upjs.sk\\\/pracoviska\\\/ciakt\\\/navody\\\/multicastove-tv-radio-vysielanie\\\/\",\"url\":\"https:\\\/\\\/www.upjs.sk\\\/pracoviska\\\/ciakt\\\/navody\\\/multicastove-tv-radio-vysielanie\\\/\",\"name\":\"Multicastov\u00e9 vysielanie - Centrum informa\u010dn\u00fdch a komunika\u010dn\u00fdch technol\u00f3gi\u00ed | UPJ\u0160\",\"isPartOf\":{\"@id\":\"https:\\\/\\\/www.upjs.sk\\\/pracoviska\\\/ciakt\\\/#website\"},\"primaryImageOfPage\":{\"@id\":\"https:\\\/\\\/www.upjs.sk\\\/pracoviska\\\/ciakt\\\/navody\\\/multicastove-tv-radio-vysielanie\\\/#primaryimage\"},\"image\":{\"@id\":\"https:\\\/\\\/www.upjs.sk\\\/pracoviska\\\/ciakt\\\/navody\\\/multicastove-tv-radio-vysielanie\\\/#primaryimage\"},\"thumbnailUrl\":\"https:\\\/\\\/www.upjs.sk\\\/app\\\/uploads\\\/sites\\\/17\\\/2022\\\/10\\\/multicast01.jpg\",\"datePublished\":\"2020-04-01T15:49:59+00:00\",\"dateModified\":\"2022-10-05T09:51:05+00:00\",\"breadcrumb\":{\"@id\":\"https:\\\/\\\/www.upjs.sk\\\/pracoviska\\\/ciakt\\\/navody\\\/multicastove-tv-radio-vysielanie\\\/#breadcrumb\"},\"inLanguage\":\"sk-SK\",\"potentialAction\":[{\"@type\":\"ReadAction\",\"target\":[\"https:\\\/\\\/www.upjs.sk\\\/pracoviska\\\/ciakt\\\/navody\\\/multicastove-tv-radio-vysielanie\\\/\"]}]},{\"@type\":\"ImageObject\",\"inLanguage\":\"sk-SK\",\"@id\":\"https:\\\/\\\/www.upjs.sk\\\/pracoviska\\\/ciakt\\\/navody\\\/multicastove-tv-radio-vysielanie\\\/#primaryimage\",\"url\":\"https:\\\/\\\/www.upjs.sk\\\/app\\\/uploads\\\/sites\\\/17\\\/2022\\\/10\\\/multicast01.jpg\",\"contentUrl\":\"https:\\\/\\\/www.upjs.sk\\\/app\\\/uploads\\\/sites\\\/17\\\/2022\\\/10\\\/multicast01.jpg\",\"width\":473,\"height\":279},{\"@type\":\"BreadcrumbList\",\"@id\":\"https:\\\/\\\/www.upjs.sk\\\/pracoviska\\\/ciakt\\\/navody\\\/multicastove-tv-radio-vysielanie\\\/#breadcrumb\",\"itemListElement\":[{\"@type\":\"ListItem\",\"position\":1,\"name\":\"Home\",\"item\":\"https:\\\/\\\/www.upjs.sk\\\/pracoviska\\\/ciakt\\\/\"},{\"@type\":\"ListItem\",\"position\":2,\"name\":\"N\u00e1vody\",\"item\":\"https:\\\/\\\/www.upjs.sk\\\/pracoviska\\\/ciakt\\\/navody\\\/\"},{\"@type\":\"ListItem\",\"position\":3,\"name\":\"Multicastov\u00e9 vysielanie\"}]},{\"@type\":\"WebSite\",\"@id\":\"https:\\\/\\\/www.upjs.sk\\\/pracoviska\\\/ciakt\\\/#website\",\"url\":\"https:\\\/\\\/www.upjs.sk\\\/pracoviska\\\/ciakt\\\/\",\"name\":\"Centrum informa\u010dn\u00fdch a komunika\u010dn\u00fdch technol\u00f3gi\u00ed | UPJ\u0160\",\"description\":\"\",\"publisher\":{\"@id\":\"https:\\\/\\\/www.upjs.sk\\\/pracoviska\\\/ciakt\\\/#organization\"},\"potentialAction\":[{\"@type\":\"SearchAction\",\"target\":{\"@type\":\"EntryPoint\",\"urlTemplate\":\"https:\\\/\\\/www.upjs.sk\\\/pracoviska\\\/ciakt\\\/?s={search_term_string}\"},\"query-input\":{\"@type\":\"PropertyValueSpecification\",\"valueRequired\":true,\"valueName\":\"search_term_string\"}}],\"inLanguage\":\"sk-SK\"},{\"@type\":\"Organization\",\"@id\":\"https:\\\/\\\/www.upjs.sk\\\/pracoviska\\\/ciakt\\\/#organization\",\"name\":\"Centrum informa\u010dn\u00fdch a komunika\u010dn\u00fdch technol\u00f3gi\u00ed | UPJ\u0160\",\"url\":\"https:\\\/\\\/www.upjs.sk\\\/pracoviska\\\/ciakt\\\/\",\"logo\":{\"@type\":\"ImageObject\",\"inLanguage\":\"sk-SK\",\"@id\":\"https:\\\/\\\/www.upjs.sk\\\/pracoviska\\\/ciakt\\\/#\\\/schema\\\/logo\\\/image\\\/\",\"url\":\"https:\\\/\\\/www.upjs.sk\\\/app\\\/uploads\\\/sites\\\/17\\\/2023\\\/01\\\/CIaKT-1.svg\",\"contentUrl\":\"https:\\\/\\\/www.upjs.sk\\\/app\\\/uploads\\\/sites\\\/17\\\/2023\\\/01\\\/CIaKT-1.svg\",\"width\":500,\"height\":138,\"caption\":\"Centrum informa\u010dn\u00fdch a komunika\u010dn\u00fdch technol\u00f3gi\u00ed | UPJ\u0160\"},\"image\":{\"@id\":\"https:\\\/\\\/www.upjs.sk\\\/pracoviska\\\/ciakt\\\/#\\\/schema\\\/logo\\\/image\\\/\"}}]}<\/script>\n<!-- \/ Yoast SEO plugin. -->","yoast_head_json":{"title":"Multicastov\u00e9 vysielanie - Centrum informa\u010dn\u00fdch a komunika\u010dn\u00fdch technol\u00f3gi\u00ed | UPJ\u0160","robots":{"index":"index","follow":"follow","max-snippet":"max-snippet:-1","max-image-preview":"max-image-preview:large","max-video-preview":"max-video-preview:-1"},"canonical":"https:\/\/www.upjs.sk\/pracoviska\/ciakt\/navody\/multicastove-tv-radio-vysielanie\/","og_locale":"sk_SK","og_type":"article","og_title":"Multicastov\u00e9 vysielanie - Centrum informa\u010dn\u00fdch a komunika\u010dn\u00fdch technol\u00f3gi\u00ed | UPJ\u0160","og_description":"\u00a0 \u010co je k tomu potrebn\u00e9? Stiahnu\u0165 si VLC (Video Lan Client) &#8211; Je to program, ktor\u00fd prehr\u00e1va MPEG-1, MPEG-2, MPEG-4 a DivX, DVDs, digit\u00e1lne satelitn\u00e9 stanice, digit\u00e1lne terresti\u00e1lne telev\u00edzne stanice a \u017eiv\u00e9 video v (IPv4 alebo IPv6) sie\u0165ach v unicaste alebo multicaste. VLC stiahni tu. Nastavenie Multicastu a VLC. &#8211; Vyberieme Preferencies Nastavenie SAP &hellip; \u010c\u00edta\u0165 \u010falej","og_url":"https:\/\/www.upjs.sk\/pracoviska\/ciakt\/navody\/multicastove-tv-radio-vysielanie\/","og_site_name":"Centrum informa\u010dn\u00fdch a komunika\u010dn\u00fdch technol\u00f3gi\u00ed | UPJ\u0160","article_modified_time":"2022-10-05T09:51:05+00:00","og_image":[{"width":473,"height":279,"url":"https:\/\/www.upjs.sk\/app\/uploads\/sites\/17\/2022\/10\/multicast01.jpg","type":"image\/jpeg"}],"twitter_card":"summary_large_image","twitter_misc":{"Predpokladan\u00fd \u010das \u010d\u00edtania":"1 min\u00fata"},"schema":{"@context":"https:\/\/schema.org","@graph":[{"@type":"WebPage","@id":"https:\/\/www.upjs.sk\/pracoviska\/ciakt\/navody\/multicastove-tv-radio-vysielanie\/","url":"https:\/\/www.upjs.sk\/pracoviska\/ciakt\/navody\/multicastove-tv-radio-vysielanie\/","name":"Multicastov\u00e9 vysielanie - Centrum informa\u010dn\u00fdch a komunika\u010dn\u00fdch technol\u00f3gi\u00ed | UPJ\u0160","isPartOf":{"@id":"https:\/\/www.upjs.sk\/pracoviska\/ciakt\/#website"},"primaryImageOfPage":{"@id":"https:\/\/www.upjs.sk\/pracoviska\/ciakt\/navody\/multicastove-tv-radio-vysielanie\/#primaryimage"},"image":{"@id":"https:\/\/www.upjs.sk\/pracoviska\/ciakt\/navody\/multicastove-tv-radio-vysielanie\/#primaryimage"},"thumbnailUrl":"https:\/\/www.upjs.sk\/app\/uploads\/sites\/17\/2022\/10\/multicast01.jpg","datePublished":"2020-04-01T15:49:59+00:00","dateModified":"2022-10-05T09:51:05+00:00","breadcrumb":{"@id":"https:\/\/www.upjs.sk\/pracoviska\/ciakt\/navody\/multicastove-tv-radio-vysielanie\/#breadcrumb"},"inLanguage":"sk-SK","potentialAction":[{"@type":"ReadAction","target":["https:\/\/www.upjs.sk\/pracoviska\/ciakt\/navody\/multicastove-tv-radio-vysielanie\/"]}]},{"@type":"ImageObject","inLanguage":"sk-SK","@id":"https:\/\/www.upjs.sk\/pracoviska\/ciakt\/navody\/multicastove-tv-radio-vysielanie\/#primaryimage","url":"https:\/\/www.upjs.sk\/app\/uploads\/sites\/17\/2022\/10\/multicast01.jpg","contentUrl":"https:\/\/www.upjs.sk\/app\/uploads\/sites\/17\/2022\/10\/multicast01.jpg","width":473,"height":279},{"@type":"BreadcrumbList","@id":"https:\/\/www.upjs.sk\/pracoviska\/ciakt\/navody\/multicastove-tv-radio-vysielanie\/#breadcrumb","itemListElement":[{"@type":"ListItem","position":1,"name":"Home","item":"https:\/\/www.upjs.sk\/pracoviska\/ciakt\/"},{"@type":"ListItem","position":2,"name":"N\u00e1vody","item":"https:\/\/www.upjs.sk\/pracoviska\/ciakt\/navody\/"},{"@type":"ListItem","position":3,"name":"Multicastov\u00e9 vysielanie"}]},{"@type":"WebSite","@id":"https:\/\/www.upjs.sk\/pracoviska\/ciakt\/#website","url":"https:\/\/www.upjs.sk\/pracoviska\/ciakt\/","name":"Centrum informa\u010dn\u00fdch a komunika\u010dn\u00fdch technol\u00f3gi\u00ed | UPJ\u0160","description":"","publisher":{"@id":"https:\/\/www.upjs.sk\/pracoviska\/ciakt\/#organization"},"potentialAction":[{"@type":"SearchAction","target":{"@type":"EntryPoint","urlTemplate":"https:\/\/www.upjs.sk\/pracoviska\/ciakt\/?s={search_term_string}"},"query-input":{"@type":"PropertyValueSpecification","valueRequired":true,"valueName":"search_term_string"}}],"inLanguage":"sk-SK"},{"@type":"Organization","@id":"https:\/\/www.upjs.sk\/pracoviska\/ciakt\/#organization","name":"Centrum informa\u010dn\u00fdch a komunika\u010dn\u00fdch technol\u00f3gi\u00ed | UPJ\u0160","url":"https:\/\/www.upjs.sk\/pracoviska\/ciakt\/","logo":{"@type":"ImageObject","inLanguage":"sk-SK","@id":"https:\/\/www.upjs.sk\/pracoviska\/ciakt\/#\/schema\/logo\/image\/","url":"https:\/\/www.upjs.sk\/app\/uploads\/sites\/17\/2023\/01\/CIaKT-1.svg","contentUrl":"https:\/\/www.upjs.sk\/app\/uploads\/sites\/17\/2023\/01\/CIaKT-1.svg","width":500,"height":138,"caption":"Centrum informa\u010dn\u00fdch a komunika\u010dn\u00fdch technol\u00f3gi\u00ed | UPJ\u0160"},"image":{"@id":"https:\/\/www.upjs.sk\/pracoviska\/ciakt\/#\/schema\/logo\/image\/"}}]}},"_links":{"self":[{"href":"https:\/\/www.upjs.sk\/pracoviska\/ciakt\/wp-json\/wp\/v2\/pages\/13039","targetHints":{"allow":["GET"]}}],"collection":[{"href":"https:\/\/www.upjs.sk\/pracoviska\/ciakt\/wp-json\/wp\/v2\/pages"}],"about":[{"href":"https:\/\/www.upjs.sk\/pracoviska\/ciakt\/wp-json\/wp\/v2\/types\/page"}],"author":[{"embeddable":true,"href":"https:\/\/www.upjs.sk\/pracoviska\/ciakt\/wp-json\/wp\/v2\/users\/1"}],"replies":[{"embeddable":true,"href":"https:\/\/www.upjs.sk\/pracoviska\/ciakt\/wp-json\/wp\/v2\/comments?post=13039"}],"version-history":[{"count":2,"href":"https:\/\/www.upjs.sk\/pracoviska\/ciakt\/wp-json\/wp\/v2\/pages\/13039\/revisions"}],"predecessor-version":[{"id":13205,"href":"https:\/\/www.upjs.sk\/pracoviska\/ciakt\/wp-json\/wp\/v2\/pages\/13039\/revisions\/13205"}],"up":[{"embeddable":true,"href":"https:\/\/www.upjs.sk\/pracoviska\/ciakt\/wp-json\/wp\/v2\/pages\/12955"}],"wp:featuredmedia":[{"embeddable":true,"href":"https:\/\/www.upjs.sk\/pracoviska\/ciakt\/wp-json\/wp\/v2\/media\/13040"}],"wp:attachment":[{"href":"https:\/\/www.upjs.sk\/pracoviska\/ciakt\/wp-json\/wp\/v2\/media?parent=13039"}],"wp:term":[{"taxonomy":"category","embeddable":true,"href":"https:\/\/www.upjs.sk\/pracoviska\/ciakt\/wp-json\/wp\/v2\/categories?post=13039"},{"taxonomy":"post_tag","embeddable":true,"href":"https:\/\/www.upjs.sk\/pracoviska\/ciakt\/wp-json\/wp\/v2\/tags?post=13039"}],"curies":[{"name":"wp","href":"https:\/\/api.w.org\/{rel}","templated":true}]}}