{"id":13054,"date":"2021-06-23T21:27:25","date_gmt":"2021-06-23T21:27:25","guid":{"rendered":"https:\/\/www.upjs.sk\/pracoviska\/ciakt\/root\/navody\/proxy\/ff\/"},"modified":"2022-10-05T09:51:05","modified_gmt":"2022-10-05T09:51:05","slug":"ff","status":"publish","type":"page","link":"https:\/\/www.upjs.sk\/pracoviska\/ciakt\/navody\/proxy\/ff\/","title":{"rendered":"Ako si nastavi\u0165 Firefox"},"content":{"rendered":"<h3><a href=\"https:\/\/www.upjs.sk\/en\/how-to\/proxy\/ff\" style=\"box-sizing: inherit; background-color: transparent; color: rgb(207, 135, 57); text-decoration-line: none; font-size: 16px;\">English version<\/a><\/h3>\n<p align=\"left\">1.) V pravom hornom rohu kliknite na ponuku aplik\u00e1cie<\/p>\n<p align=\"left\"><img decoding=\"async\" alt=\"\" src=\"http:\/\/www.upjs.sk\/\/app\/uploads\/sites\/17\/2022\/10\/proxy_ff_sk_1.png\" style=\"height:426px; width:485px\" \/><\/p>\n<p align=\"left\">2.) Kliknite na \u201cMo\u017enosti\u201d<\/p>\n<p align=\"left\"><img decoding=\"async\" alt=\"\" src=\"http:\/\/www.upjs.sk\/\/app\/uploads\/sites\/17\/2022\/10\/proxy_ff_sk_2.png\" style=\"height:683px; width:473px\" \/><\/p>\n<p align=\"left\">3.) Na samom spodku v\u0161eobecn\u00fdch nastaven\u00ed, pod li\u0161tou \u201cNastavenia siete\u201d kliknite na \u201cNastavenia&#8230;\u201d<\/p>\n<p align=\"left\"><img decoding=\"async\" alt=\"\" src=\"http:\/\/www.upjs.sk\/\/app\/uploads\/sites\/17\/2022\/10\/proxy_ff_sk_3.png\" style=\"height:468px; width:600px\" \/><\/p>\n<p align=\"left\">4.) Zvo\u013ete mo\u017enos\u0165 \u201cAdresa URL pre automatick\u00e9 nastavenie serverov proxy\u201d<\/p>\n<p align=\"left\"><img decoding=\"async\" alt=\"\" src=\"http:\/\/www.upjs.sk\/\/app\/uploads\/sites\/17\/2022\/10\/proxy_ff_sk_4.png\" style=\"height:674px; width:600px\" \/><\/p>\n<p align=\"left\" style=\"margin-bottom:11px; text-align:left\"><span style=\"background:transparent\"><span style=\"line-height:108%\"><span style=\"orphans:2\"><span style=\"widows:2\"><span style=\"font-weight:normal\">5.) Do kol\u00f3nky pod t\u00fdm skop\u00edrujte nasledovn\u00e9: <\/span><span style=\"color:#0563c1\"><u><a href=\"http:\/\/proxy.upjs.sk\/config\" style=\"color:#0563c1; text-decoration:underline\">http:\/\/proxy.upjs.sk\/config<\/a><\/u><\/span><\/span><\/span><\/span><\/span><\/p>\n<p align=\"left\" style=\"margin-bottom:11px; text-align:left\"><span style=\"background:transparent\"><span style=\"line-height:108%\"><span style=\"orphans:2\"><span style=\"widows:2\"><span style=\"color:#0563c1\"><u><img decoding=\"async\" alt=\"\" src=\"http:\/\/www.upjs.sk\/\/app\/uploads\/sites\/17\/2022\/10\/proxy_ff_sk_5.png\" style=\"height:666px; width:600px\" \/><\/u><\/span><\/span><\/span><\/span><\/span><\/p>\n<p align=\"left\" style=\"margin-bottom:11px; text-align:left\">6.) Kliknite na \u201cOK\u201d<\/p>\n","protected":false},"excerpt":{"rendered":"<p>English version 1.) V pravom hornom rohu kliknite na ponuku aplik\u00e1cie 2.) Kliknite na \u201cMo\u017enosti\u201d 3.) Na samom spodku v\u0161eobecn\u00fdch nastaven\u00ed, pod li\u0161tou \u201cNastavenia siete\u201d kliknite na \u201cNastavenia&#8230;\u201d 4.) Zvo\u013ete mo\u017enos\u0165 \u201cAdresa URL pre automatick\u00e9 nastavenie serverov proxy\u201d 5.) Do kol\u00f3nky pod t\u00fdm skop\u00edrujte nasledovn\u00e9: http:\/\/proxy.upjs.sk\/config 6.) Kliknite na \u201cOK\u201d<\/p>\n","protected":false},"author":1,"featured_media":13055,"parent":13044,"menu_order":4,"comment_status":"closed","ping_status":"closed","template":"","meta":{"_acf_changed":false,"_editorskit_title_hidden":false,"_editorskit_reading_time":0,"_editorskit_is_block_options_detached":false,"_editorskit_block_options_position":"{}","footnotes":""},"categories":[],"tags":[],"class_list":["post-13054","page","type-page","status-publish","has-post-thumbnail","hentry"],"acf":{"acf_link_na_externy_obsah":""},"yoast_head":"<!-- This site is optimized with the Yoast SEO plugin v27.4 - https:\/\/yoast.com\/product\/yoast-seo-wordpress\/ -->\n<title>Ako si nastavi\u0165 Firefox - Centrum informa\u010dn\u00fdch a komunika\u010dn\u00fdch technol\u00f3gi\u00ed | UPJ\u0160<\/title>\n<meta name=\"robots\" content=\"index, follow, max-snippet:-1, max-image-preview:large, max-video-preview:-1\" \/>\n<link rel=\"canonical\" href=\"https:\/\/www.upjs.sk\/pracoviska\/ciakt\/navody\/proxy\/ff\/\" \/>\n<meta property=\"og:locale\" content=\"sk_SK\" \/>\n<meta property=\"og:type\" content=\"article\" \/>\n<meta property=\"og:title\" content=\"Ako si nastavi\u0165 Firefox - Centrum informa\u010dn\u00fdch a komunika\u010dn\u00fdch technol\u00f3gi\u00ed | UPJ\u0160\" \/>\n<meta property=\"og:description\" content=\"English version 1.) V pravom hornom rohu kliknite na ponuku aplik\u00e1cie 2.) Kliknite na \u201cMo\u017enosti\u201d 3.) Na samom spodku v\u0161eobecn\u00fdch nastaven\u00ed, pod li\u0161tou \u201cNastavenia siete\u201d kliknite na \u201cNastavenia&#8230;\u201d 4.) Zvo\u013ete mo\u017enos\u0165 \u201cAdresa URL pre automatick\u00e9 nastavenie serverov proxy\u201d 5.) Do kol\u00f3nky pod t\u00fdm skop\u00edrujte nasledovn\u00e9: http:\/\/proxy.upjs.sk\/config 6.) Kliknite na \u201cOK\u201d\" \/>\n<meta property=\"og:url\" content=\"https:\/\/www.upjs.sk\/pracoviska\/ciakt\/navody\/proxy\/ff\/\" \/>\n<meta property=\"og:site_name\" content=\"Centrum informa\u010dn\u00fdch a komunika\u010dn\u00fdch technol\u00f3gi\u00ed | UPJ\u0160\" \/>\n<meta property=\"article:modified_time\" content=\"2022-10-05T09:51:05+00:00\" \/>\n<meta property=\"og:image\" content=\"https:\/\/www.upjs.sk\/app\/uploads\/sites\/17\/2022\/10\/proxy_ff_sk_1.png\" \/>\n\t<meta property=\"og:image:width\" content=\"485\" \/>\n\t<meta property=\"og:image:height\" content=\"426\" \/>\n\t<meta property=\"og:image:type\" content=\"image\/png\" \/>\n<meta name=\"twitter:card\" content=\"summary_large_image\" \/>\n<script type=\"application\/ld+json\" class=\"yoast-schema-graph\">{\"@context\":\"https:\\\/\\\/schema.org\",\"@graph\":[{\"@type\":\"WebPage\",\"@id\":\"https:\\\/\\\/www.upjs.sk\\\/pracoviska\\\/ciakt\\\/navody\\\/proxy\\\/ff\\\/\",\"url\":\"https:\\\/\\\/www.upjs.sk\\\/pracoviska\\\/ciakt\\\/navody\\\/proxy\\\/ff\\\/\",\"name\":\"Ako si nastavi\u0165 Firefox - Centrum informa\u010dn\u00fdch a komunika\u010dn\u00fdch technol\u00f3gi\u00ed | UPJ\u0160\",\"isPartOf\":{\"@id\":\"https:\\\/\\\/www.upjs.sk\\\/pracoviska\\\/ciakt\\\/#website\"},\"primaryImageOfPage\":{\"@id\":\"https:\\\/\\\/www.upjs.sk\\\/pracoviska\\\/ciakt\\\/navody\\\/proxy\\\/ff\\\/#primaryimage\"},\"image\":{\"@id\":\"https:\\\/\\\/www.upjs.sk\\\/pracoviska\\\/ciakt\\\/navody\\\/proxy\\\/ff\\\/#primaryimage\"},\"thumbnailUrl\":\"https:\\\/\\\/www.upjs.sk\\\/app\\\/uploads\\\/sites\\\/17\\\/2022\\\/10\\\/proxy_ff_sk_1.png\",\"datePublished\":\"2021-06-23T21:27:25+00:00\",\"dateModified\":\"2022-10-05T09:51:05+00:00\",\"breadcrumb\":{\"@id\":\"https:\\\/\\\/www.upjs.sk\\\/pracoviska\\\/ciakt\\\/navody\\\/proxy\\\/ff\\\/#breadcrumb\"},\"inLanguage\":\"sk-SK\",\"potentialAction\":[{\"@type\":\"ReadAction\",\"target\":[\"https:\\\/\\\/www.upjs.sk\\\/pracoviska\\\/ciakt\\\/navody\\\/proxy\\\/ff\\\/\"]}]},{\"@type\":\"ImageObject\",\"inLanguage\":\"sk-SK\",\"@id\":\"https:\\\/\\\/www.upjs.sk\\\/pracoviska\\\/ciakt\\\/navody\\\/proxy\\\/ff\\\/#primaryimage\",\"url\":\"https:\\\/\\\/www.upjs.sk\\\/app\\\/uploads\\\/sites\\\/17\\\/2022\\\/10\\\/proxy_ff_sk_1.png\",\"contentUrl\":\"https:\\\/\\\/www.upjs.sk\\\/app\\\/uploads\\\/sites\\\/17\\\/2022\\\/10\\\/proxy_ff_sk_1.png\",\"width\":485,\"height\":426,\"caption\":\"ff\"},{\"@type\":\"BreadcrumbList\",\"@id\":\"https:\\\/\\\/www.upjs.sk\\\/pracoviska\\\/ciakt\\\/navody\\\/proxy\\\/ff\\\/#breadcrumb\",\"itemListElement\":[{\"@type\":\"ListItem\",\"position\":1,\"name\":\"Home\",\"item\":\"https:\\\/\\\/www.upjs.sk\\\/pracoviska\\\/ciakt\\\/\"},{\"@type\":\"ListItem\",\"position\":2,\"name\":\"N\u00e1vody\",\"item\":\"https:\\\/\\\/www.upjs.sk\\\/pracoviska\\\/ciakt\\\/navody\\\/\"},{\"@type\":\"ListItem\",\"position\":3,\"name\":\"Proxy\",\"item\":\"https:\\\/\\\/www.upjs.sk\\\/pracoviska\\\/ciakt\\\/navody\\\/proxy\\\/\"},{\"@type\":\"ListItem\",\"position\":4,\"name\":\"Ako si nastavi\u0165 Firefox\"}]},{\"@type\":\"WebSite\",\"@id\":\"https:\\\/\\\/www.upjs.sk\\\/pracoviska\\\/ciakt\\\/#website\",\"url\":\"https:\\\/\\\/www.upjs.sk\\\/pracoviska\\\/ciakt\\\/\",\"name\":\"Centrum informa\u010dn\u00fdch a komunika\u010dn\u00fdch technol\u00f3gi\u00ed | UPJ\u0160\",\"description\":\"\",\"publisher\":{\"@id\":\"https:\\\/\\\/www.upjs.sk\\\/pracoviska\\\/ciakt\\\/#organization\"},\"potentialAction\":[{\"@type\":\"SearchAction\",\"target\":{\"@type\":\"EntryPoint\",\"urlTemplate\":\"https:\\\/\\\/www.upjs.sk\\\/pracoviska\\\/ciakt\\\/?s={search_term_string}\"},\"query-input\":{\"@type\":\"PropertyValueSpecification\",\"valueRequired\":true,\"valueName\":\"search_term_string\"}}],\"inLanguage\":\"sk-SK\"},{\"@type\":\"Organization\",\"@id\":\"https:\\\/\\\/www.upjs.sk\\\/pracoviska\\\/ciakt\\\/#organization\",\"name\":\"Centrum informa\u010dn\u00fdch a komunika\u010dn\u00fdch technol\u00f3gi\u00ed | UPJ\u0160\",\"url\":\"https:\\\/\\\/www.upjs.sk\\\/pracoviska\\\/ciakt\\\/\",\"logo\":{\"@type\":\"ImageObject\",\"inLanguage\":\"sk-SK\",\"@id\":\"https:\\\/\\\/www.upjs.sk\\\/pracoviska\\\/ciakt\\\/#\\\/schema\\\/logo\\\/image\\\/\",\"url\":\"https:\\\/\\\/www.upjs.sk\\\/app\\\/uploads\\\/sites\\\/17\\\/2023\\\/01\\\/CIaKT-1.svg\",\"contentUrl\":\"https:\\\/\\\/www.upjs.sk\\\/app\\\/uploads\\\/sites\\\/17\\\/2023\\\/01\\\/CIaKT-1.svg\",\"width\":500,\"height\":138,\"caption\":\"Centrum informa\u010dn\u00fdch a komunika\u010dn\u00fdch technol\u00f3gi\u00ed | UPJ\u0160\"},\"image\":{\"@id\":\"https:\\\/\\\/www.upjs.sk\\\/pracoviska\\\/ciakt\\\/#\\\/schema\\\/logo\\\/image\\\/\"}}]}<\/script>\n<!-- \/ Yoast SEO plugin. -->","yoast_head_json":{"title":"Ako si nastavi\u0165 Firefox - Centrum informa\u010dn\u00fdch a komunika\u010dn\u00fdch technol\u00f3gi\u00ed | UPJ\u0160","robots":{"index":"index","follow":"follow","max-snippet":"max-snippet:-1","max-image-preview":"max-image-preview:large","max-video-preview":"max-video-preview:-1"},"canonical":"https:\/\/www.upjs.sk\/pracoviska\/ciakt\/navody\/proxy\/ff\/","og_locale":"sk_SK","og_type":"article","og_title":"Ako si nastavi\u0165 Firefox - Centrum informa\u010dn\u00fdch a komunika\u010dn\u00fdch technol\u00f3gi\u00ed | UPJ\u0160","og_description":"English version 1.) V pravom hornom rohu kliknite na ponuku aplik\u00e1cie 2.) Kliknite na \u201cMo\u017enosti\u201d 3.) Na samom spodku v\u0161eobecn\u00fdch nastaven\u00ed, pod li\u0161tou \u201cNastavenia siete\u201d kliknite na \u201cNastavenia&#8230;\u201d 4.) Zvo\u013ete mo\u017enos\u0165 \u201cAdresa URL pre automatick\u00e9 nastavenie serverov proxy\u201d 5.) Do kol\u00f3nky pod t\u00fdm skop\u00edrujte nasledovn\u00e9: http:\/\/proxy.upjs.sk\/config 6.) Kliknite na \u201cOK\u201d","og_url":"https:\/\/www.upjs.sk\/pracoviska\/ciakt\/navody\/proxy\/ff\/","og_site_name":"Centrum informa\u010dn\u00fdch a komunika\u010dn\u00fdch technol\u00f3gi\u00ed | UPJ\u0160","article_modified_time":"2022-10-05T09:51:05+00:00","og_image":[{"width":485,"height":426,"url":"https:\/\/www.upjs.sk\/app\/uploads\/sites\/17\/2022\/10\/proxy_ff_sk_1.png","type":"image\/png"}],"twitter_card":"summary_large_image","schema":{"@context":"https:\/\/schema.org","@graph":[{"@type":"WebPage","@id":"https:\/\/www.upjs.sk\/pracoviska\/ciakt\/navody\/proxy\/ff\/","url":"https:\/\/www.upjs.sk\/pracoviska\/ciakt\/navody\/proxy\/ff\/","name":"Ako si nastavi\u0165 Firefox - Centrum informa\u010dn\u00fdch a komunika\u010dn\u00fdch technol\u00f3gi\u00ed | UPJ\u0160","isPartOf":{"@id":"https:\/\/www.upjs.sk\/pracoviska\/ciakt\/#website"},"primaryImageOfPage":{"@id":"https:\/\/www.upjs.sk\/pracoviska\/ciakt\/navody\/proxy\/ff\/#primaryimage"},"image":{"@id":"https:\/\/www.upjs.sk\/pracoviska\/ciakt\/navody\/proxy\/ff\/#primaryimage"},"thumbnailUrl":"https:\/\/www.upjs.sk\/app\/uploads\/sites\/17\/2022\/10\/proxy_ff_sk_1.png","datePublished":"2021-06-23T21:27:25+00:00","dateModified":"2022-10-05T09:51:05+00:00","breadcrumb":{"@id":"https:\/\/www.upjs.sk\/pracoviska\/ciakt\/navody\/proxy\/ff\/#breadcrumb"},"inLanguage":"sk-SK","potentialAction":[{"@type":"ReadAction","target":["https:\/\/www.upjs.sk\/pracoviska\/ciakt\/navody\/proxy\/ff\/"]}]},{"@type":"ImageObject","inLanguage":"sk-SK","@id":"https:\/\/www.upjs.sk\/pracoviska\/ciakt\/navody\/proxy\/ff\/#primaryimage","url":"https:\/\/www.upjs.sk\/app\/uploads\/sites\/17\/2022\/10\/proxy_ff_sk_1.png","contentUrl":"https:\/\/www.upjs.sk\/app\/uploads\/sites\/17\/2022\/10\/proxy_ff_sk_1.png","width":485,"height":426,"caption":"ff"},{"@type":"BreadcrumbList","@id":"https:\/\/www.upjs.sk\/pracoviska\/ciakt\/navody\/proxy\/ff\/#breadcrumb","itemListElement":[{"@type":"ListItem","position":1,"name":"Home","item":"https:\/\/www.upjs.sk\/pracoviska\/ciakt\/"},{"@type":"ListItem","position":2,"name":"N\u00e1vody","item":"https:\/\/www.upjs.sk\/pracoviska\/ciakt\/navody\/"},{"@type":"ListItem","position":3,"name":"Proxy","item":"https:\/\/www.upjs.sk\/pracoviska\/ciakt\/navody\/proxy\/"},{"@type":"ListItem","position":4,"name":"Ako si nastavi\u0165 Firefox"}]},{"@type":"WebSite","@id":"https:\/\/www.upjs.sk\/pracoviska\/ciakt\/#website","url":"https:\/\/www.upjs.sk\/pracoviska\/ciakt\/","name":"Centrum informa\u010dn\u00fdch a komunika\u010dn\u00fdch technol\u00f3gi\u00ed | UPJ\u0160","description":"","publisher":{"@id":"https:\/\/www.upjs.sk\/pracoviska\/ciakt\/#organization"},"potentialAction":[{"@type":"SearchAction","target":{"@type":"EntryPoint","urlTemplate":"https:\/\/www.upjs.sk\/pracoviska\/ciakt\/?s={search_term_string}"},"query-input":{"@type":"PropertyValueSpecification","valueRequired":true,"valueName":"search_term_string"}}],"inLanguage":"sk-SK"},{"@type":"Organization","@id":"https:\/\/www.upjs.sk\/pracoviska\/ciakt\/#organization","name":"Centrum informa\u010dn\u00fdch a komunika\u010dn\u00fdch technol\u00f3gi\u00ed | UPJ\u0160","url":"https:\/\/www.upjs.sk\/pracoviska\/ciakt\/","logo":{"@type":"ImageObject","inLanguage":"sk-SK","@id":"https:\/\/www.upjs.sk\/pracoviska\/ciakt\/#\/schema\/logo\/image\/","url":"https:\/\/www.upjs.sk\/app\/uploads\/sites\/17\/2023\/01\/CIaKT-1.svg","contentUrl":"https:\/\/www.upjs.sk\/app\/uploads\/sites\/17\/2023\/01\/CIaKT-1.svg","width":500,"height":138,"caption":"Centrum informa\u010dn\u00fdch a komunika\u010dn\u00fdch technol\u00f3gi\u00ed | UPJ\u0160"},"image":{"@id":"https:\/\/www.upjs.sk\/pracoviska\/ciakt\/#\/schema\/logo\/image\/"}}]}},"_links":{"self":[{"href":"https:\/\/www.upjs.sk\/pracoviska\/ciakt\/wp-json\/wp\/v2\/pages\/13054","targetHints":{"allow":["GET"]}}],"collection":[{"href":"https:\/\/www.upjs.sk\/pracoviska\/ciakt\/wp-json\/wp\/v2\/pages"}],"about":[{"href":"https:\/\/www.upjs.sk\/pracoviska\/ciakt\/wp-json\/wp\/v2\/types\/page"}],"author":[{"embeddable":true,"href":"https:\/\/www.upjs.sk\/pracoviska\/ciakt\/wp-json\/wp\/v2\/users\/1"}],"replies":[{"embeddable":true,"href":"https:\/\/www.upjs.sk\/pracoviska\/ciakt\/wp-json\/wp\/v2\/comments?post=13054"}],"version-history":[{"count":1,"href":"https:\/\/www.upjs.sk\/pracoviska\/ciakt\/wp-json\/wp\/v2\/pages\/13054\/revisions"}],"predecessor-version":[{"id":13060,"href":"https:\/\/www.upjs.sk\/pracoviska\/ciakt\/wp-json\/wp\/v2\/pages\/13054\/revisions\/13060"}],"up":[{"embeddable":true,"href":"https:\/\/www.upjs.sk\/pracoviska\/ciakt\/wp-json\/wp\/v2\/pages\/13044"}],"wp:featuredmedia":[{"embeddable":true,"href":"https:\/\/www.upjs.sk\/pracoviska\/ciakt\/wp-json\/wp\/v2\/media\/13055"}],"wp:attachment":[{"href":"https:\/\/www.upjs.sk\/pracoviska\/ciakt\/wp-json\/wp\/v2\/media?parent=13054"}],"wp:term":[{"taxonomy":"category","embeddable":true,"href":"https:\/\/www.upjs.sk\/pracoviska\/ciakt\/wp-json\/wp\/v2\/categories?post=13054"},{"taxonomy":"post_tag","embeddable":true,"href":"https:\/\/www.upjs.sk\/pracoviska\/ciakt\/wp-json\/wp\/v2\/tags?post=13054"}],"curies":[{"name":"wp","href":"https:\/\/api.w.org\/{rel}","templated":true}]}}