{"id":13097,"date":"2022-04-22T11:13:19","date_gmt":"2022-04-22T11:13:19","guid":{"rendered":"https:\/\/www.upjs.sk\/pracoviska\/ciakt\/root\/it-sluzby\/heslo\/"},"modified":"2023-05-16T11:17:18","modified_gmt":"2023-05-16T11:17:18","slug":"heslo","status":"publish","type":"page","link":"https:\/\/www.upjs.sk\/pracoviska\/ciakt\/it-sluzby\/heslo\/","title":{"rendered":"Zmena hesla WiFi\/Proxy\/OpenVPN"},"content":{"rendered":"<p><span style=\"font-size: 14px;\"><strong>WiFi<\/strong><\/span><\/p>\n<ul>\n<li><a href=\"http:\/\/www.upjs.sk\/wifi\/\">\u010co je EDUROAM<\/a><\/li>\n<li><a href=\"http:\/\/www.upjs.sk\/navody\/e-mail\/\">N\u00e1vod ako si nastavi\u0165 heslo pre MAIL<\/a>. Ak nem\u00e1te heslo kontaktujte v\u00e1\u0161ho <a href=\"https:\/\/www.upjs.sk\/helpdesk\/kontakty\/\">lok\u00e1lneho spr\u00e1vcu<\/a>.<\/li>\n<li><a href=\"http:\/\/www.upjs.sk\/navody\/wifi\">N\u00e1vod ako si nastavi\u0165 pr\u00edstup do WIFI siete.<\/a><\/li>\n<\/ul>\n<p><span style=\"font-size: 14px;\"><strong>Proxy<\/strong><\/span><\/p>\n<ul>\n<li><a href=\"http:\/\/www.upjs.sk\/navody\/proxy\/\">N\u00e1vod ako si nastavi\u0165 pristup k proxy serveru<\/a><\/li>\n<\/ul>\n<p><span style=\"font-size: 14px;\"><strong>Zmena hesla<\/strong><\/span><\/p>\n<ul>\n<li>Do Wifi\/Proxy\/OpenVPN\u00a0sa pou\u017e\u00edva ako prihlasovacie meno:\u00a0 login@upjs.sk<br \/>\n(zamestnanci &#8211; meno.priezvisko@upjs.sk, \u0161tudenti &#8211; aisID@upjs.sk)<\/li>\n<li>Heslo pre Wifi\/Proxy\/OpenVPN mus\u00ed by\u0165 in\u00e9 ako heslo pre email<\/li>\n<li>Heslo pre Wifi\/Proxy\/OpenVPN mus\u00ed by\u0165 dlh\u0161ie ako 8\u00a0znakov<\/li>\n<li>Svoje \u00fadaje si starostlivo uchovajte, v pr\u00edpade probl\u00e9mov ste Vy zodpovedn\u00fd<\/li>\n<\/ul>\n<form class=\"pure-form pure-form-aligned\" action=\"https:\/\/wifi.upjs.sk\/api\/change_password.php\" method=\"POST\"><input name=\"lang\" type=\"hidden\" value=\"sk\" \/><\/p>\n<p><strong><a href=\"https:\/\/it.upjs.sk\/\">Zmeni\u0165 heslo tu<\/a><\/strong><\/p>\n<fieldset><\/fieldset>\n<\/form>\n","protected":false},"excerpt":{"rendered":"<p>WiFi \u010co je EDUROAM N\u00e1vod ako si nastavi\u0165 heslo pre MAIL. Ak nem\u00e1te heslo kontaktujte v\u00e1\u0161ho lok\u00e1lneho spr\u00e1vcu. N\u00e1vod ako si nastavi\u0165 pr\u00edstup do WIFI siete. Proxy N\u00e1vod ako si nastavi\u0165 pristup k proxy serveru Zmena hesla Do Wifi\/Proxy\/OpenVPN\u00a0sa pou\u017e\u00edva ako prihlasovacie meno:\u00a0 login@upjs.sk (zamestnanci &#8211; meno.priezvisko@upjs.sk, \u0161tudenti &#8211; aisID@upjs.sk) Heslo pre Wifi\/Proxy\/OpenVPN mus\u00ed by\u0165 &hellip; <a href=\"https:\/\/www.upjs.sk\/pracoviska\/ciakt\/it-sluzby\/heslo\/\">\u010c\u00edta\u0165 \u010falej<\/a><\/p>\n","protected":false},"author":1,"featured_media":0,"parent":13080,"menu_order":5,"comment_status":"closed","ping_status":"closed","template":"","meta":{"_acf_changed":false,"_editorskit_title_hidden":false,"_editorskit_reading_time":1,"_editorskit_is_block_options_detached":false,"_editorskit_block_options_position":"{}","footnotes":""},"categories":[],"tags":[],"class_list":["post-13097","page","type-page","status-publish","hentry"],"acf":{"acf_link_na_externy_obsah":""},"yoast_head":"<!-- This site is optimized with the Yoast SEO plugin v27.4 - https:\/\/yoast.com\/product\/yoast-seo-wordpress\/ -->\n<title>Zmena hesla WiFi\/Proxy\/OpenVPN - Centrum informa\u010dn\u00fdch a komunika\u010dn\u00fdch technol\u00f3gi\u00ed | UPJ\u0160<\/title>\n<meta name=\"robots\" content=\"index, follow, max-snippet:-1, max-image-preview:large, max-video-preview:-1\" \/>\n<link rel=\"canonical\" href=\"https:\/\/www.upjs.sk\/pracoviska\/ciakt\/it-sluzby\/heslo\/\" \/>\n<meta property=\"og:locale\" content=\"sk_SK\" \/>\n<meta property=\"og:type\" content=\"article\" \/>\n<meta property=\"og:title\" content=\"Zmena hesla WiFi\/Proxy\/OpenVPN - Centrum informa\u010dn\u00fdch a komunika\u010dn\u00fdch technol\u00f3gi\u00ed | UPJ\u0160\" \/>\n<meta property=\"og:description\" content=\"WiFi \u010co je EDUROAM N\u00e1vod ako si nastavi\u0165 heslo pre MAIL. Ak nem\u00e1te heslo kontaktujte v\u00e1\u0161ho lok\u00e1lneho spr\u00e1vcu. N\u00e1vod ako si nastavi\u0165 pr\u00edstup do WIFI siete. Proxy N\u00e1vod ako si nastavi\u0165 pristup k proxy serveru Zmena hesla Do Wifi\/Proxy\/OpenVPN\u00a0sa pou\u017e\u00edva ako prihlasovacie meno:\u00a0 login@upjs.sk (zamestnanci &#8211; meno.priezvisko@upjs.sk, \u0161tudenti &#8211; aisID@upjs.sk) Heslo pre Wifi\/Proxy\/OpenVPN mus\u00ed by\u0165 &hellip; \u010c\u00edta\u0165 \u010falej\" \/>\n<meta property=\"og:url\" content=\"https:\/\/www.upjs.sk\/pracoviska\/ciakt\/it-sluzby\/heslo\/\" \/>\n<meta property=\"og:site_name\" content=\"Centrum informa\u010dn\u00fdch a komunika\u010dn\u00fdch technol\u00f3gi\u00ed | UPJ\u0160\" \/>\n<meta property=\"article:modified_time\" content=\"2023-05-16T11:17:18+00:00\" \/>\n<meta name=\"twitter:card\" content=\"summary_large_image\" \/>\n<meta name=\"twitter:label1\" content=\"Predpokladan\u00fd \u010das \u010d\u00edtania\" \/>\n\t<meta name=\"twitter:data1\" content=\"1 min\u00fata\" \/>\n<script type=\"application\/ld+json\" class=\"yoast-schema-graph\">{\"@context\":\"https:\\\/\\\/schema.org\",\"@graph\":[{\"@type\":\"WebPage\",\"@id\":\"https:\\\/\\\/www.upjs.sk\\\/pracoviska\\\/ciakt\\\/it-sluzby\\\/heslo\\\/\",\"url\":\"https:\\\/\\\/www.upjs.sk\\\/pracoviska\\\/ciakt\\\/it-sluzby\\\/heslo\\\/\",\"name\":\"Zmena hesla WiFi\\\/Proxy\\\/OpenVPN - Centrum informa\u010dn\u00fdch a komunika\u010dn\u00fdch technol\u00f3gi\u00ed | UPJ\u0160\",\"isPartOf\":{\"@id\":\"https:\\\/\\\/www.upjs.sk\\\/pracoviska\\\/ciakt\\\/#website\"},\"datePublished\":\"2022-04-22T11:13:19+00:00\",\"dateModified\":\"2023-05-16T11:17:18+00:00\",\"breadcrumb\":{\"@id\":\"https:\\\/\\\/www.upjs.sk\\\/pracoviska\\\/ciakt\\\/it-sluzby\\\/heslo\\\/#breadcrumb\"},\"inLanguage\":\"sk-SK\",\"potentialAction\":[{\"@type\":\"ReadAction\",\"target\":[\"https:\\\/\\\/www.upjs.sk\\\/pracoviska\\\/ciakt\\\/it-sluzby\\\/heslo\\\/\"]}]},{\"@type\":\"BreadcrumbList\",\"@id\":\"https:\\\/\\\/www.upjs.sk\\\/pracoviska\\\/ciakt\\\/it-sluzby\\\/heslo\\\/#breadcrumb\",\"itemListElement\":[{\"@type\":\"ListItem\",\"position\":1,\"name\":\"Home\",\"item\":\"https:\\\/\\\/www.upjs.sk\\\/pracoviska\\\/ciakt\\\/\"},{\"@type\":\"ListItem\",\"position\":2,\"name\":\"IT Slu\u017eby\",\"item\":\"https:\\\/\\\/www.upjs.sk\\\/pracoviska\\\/ciakt\\\/it-sluzby\\\/\"},{\"@type\":\"ListItem\",\"position\":3,\"name\":\"Zmena hesla WiFi\\\/Proxy\\\/OpenVPN\"}]},{\"@type\":\"WebSite\",\"@id\":\"https:\\\/\\\/www.upjs.sk\\\/pracoviska\\\/ciakt\\\/#website\",\"url\":\"https:\\\/\\\/www.upjs.sk\\\/pracoviska\\\/ciakt\\\/\",\"name\":\"Centrum informa\u010dn\u00fdch a komunika\u010dn\u00fdch technol\u00f3gi\u00ed | UPJ\u0160\",\"description\":\"\",\"publisher\":{\"@id\":\"https:\\\/\\\/www.upjs.sk\\\/pracoviska\\\/ciakt\\\/#organization\"},\"potentialAction\":[{\"@type\":\"SearchAction\",\"target\":{\"@type\":\"EntryPoint\",\"urlTemplate\":\"https:\\\/\\\/www.upjs.sk\\\/pracoviska\\\/ciakt\\\/?s={search_term_string}\"},\"query-input\":{\"@type\":\"PropertyValueSpecification\",\"valueRequired\":true,\"valueName\":\"search_term_string\"}}],\"inLanguage\":\"sk-SK\"},{\"@type\":\"Organization\",\"@id\":\"https:\\\/\\\/www.upjs.sk\\\/pracoviska\\\/ciakt\\\/#organization\",\"name\":\"Centrum informa\u010dn\u00fdch a komunika\u010dn\u00fdch technol\u00f3gi\u00ed | UPJ\u0160\",\"url\":\"https:\\\/\\\/www.upjs.sk\\\/pracoviska\\\/ciakt\\\/\",\"logo\":{\"@type\":\"ImageObject\",\"inLanguage\":\"sk-SK\",\"@id\":\"https:\\\/\\\/www.upjs.sk\\\/pracoviska\\\/ciakt\\\/#\\\/schema\\\/logo\\\/image\\\/\",\"url\":\"https:\\\/\\\/www.upjs.sk\\\/app\\\/uploads\\\/sites\\\/17\\\/2023\\\/01\\\/CIaKT-1.svg\",\"contentUrl\":\"https:\\\/\\\/www.upjs.sk\\\/app\\\/uploads\\\/sites\\\/17\\\/2023\\\/01\\\/CIaKT-1.svg\",\"width\":500,\"height\":138,\"caption\":\"Centrum informa\u010dn\u00fdch a komunika\u010dn\u00fdch technol\u00f3gi\u00ed | UPJ\u0160\"},\"image\":{\"@id\":\"https:\\\/\\\/www.upjs.sk\\\/pracoviska\\\/ciakt\\\/#\\\/schema\\\/logo\\\/image\\\/\"}}]}<\/script>\n<!-- \/ Yoast SEO plugin. -->","yoast_head_json":{"title":"Zmena hesla WiFi\/Proxy\/OpenVPN - Centrum informa\u010dn\u00fdch a komunika\u010dn\u00fdch technol\u00f3gi\u00ed | UPJ\u0160","robots":{"index":"index","follow":"follow","max-snippet":"max-snippet:-1","max-image-preview":"max-image-preview:large","max-video-preview":"max-video-preview:-1"},"canonical":"https:\/\/www.upjs.sk\/pracoviska\/ciakt\/it-sluzby\/heslo\/","og_locale":"sk_SK","og_type":"article","og_title":"Zmena hesla WiFi\/Proxy\/OpenVPN - Centrum informa\u010dn\u00fdch a komunika\u010dn\u00fdch technol\u00f3gi\u00ed | UPJ\u0160","og_description":"WiFi \u010co je EDUROAM N\u00e1vod ako si nastavi\u0165 heslo pre MAIL. Ak nem\u00e1te heslo kontaktujte v\u00e1\u0161ho lok\u00e1lneho spr\u00e1vcu. N\u00e1vod ako si nastavi\u0165 pr\u00edstup do WIFI siete. Proxy N\u00e1vod ako si nastavi\u0165 pristup k proxy serveru Zmena hesla Do Wifi\/Proxy\/OpenVPN\u00a0sa pou\u017e\u00edva ako prihlasovacie meno:\u00a0 login@upjs.sk (zamestnanci &#8211; meno.priezvisko@upjs.sk, \u0161tudenti &#8211; aisID@upjs.sk) Heslo pre Wifi\/Proxy\/OpenVPN mus\u00ed by\u0165 &hellip; \u010c\u00edta\u0165 \u010falej","og_url":"https:\/\/www.upjs.sk\/pracoviska\/ciakt\/it-sluzby\/heslo\/","og_site_name":"Centrum informa\u010dn\u00fdch a komunika\u010dn\u00fdch technol\u00f3gi\u00ed | UPJ\u0160","article_modified_time":"2023-05-16T11:17:18+00:00","twitter_card":"summary_large_image","twitter_misc":{"Predpokladan\u00fd \u010das \u010d\u00edtania":"1 min\u00fata"},"schema":{"@context":"https:\/\/schema.org","@graph":[{"@type":"WebPage","@id":"https:\/\/www.upjs.sk\/pracoviska\/ciakt\/it-sluzby\/heslo\/","url":"https:\/\/www.upjs.sk\/pracoviska\/ciakt\/it-sluzby\/heslo\/","name":"Zmena hesla WiFi\/Proxy\/OpenVPN - Centrum informa\u010dn\u00fdch a komunika\u010dn\u00fdch technol\u00f3gi\u00ed | UPJ\u0160","isPartOf":{"@id":"https:\/\/www.upjs.sk\/pracoviska\/ciakt\/#website"},"datePublished":"2022-04-22T11:13:19+00:00","dateModified":"2023-05-16T11:17:18+00:00","breadcrumb":{"@id":"https:\/\/www.upjs.sk\/pracoviska\/ciakt\/it-sluzby\/heslo\/#breadcrumb"},"inLanguage":"sk-SK","potentialAction":[{"@type":"ReadAction","target":["https:\/\/www.upjs.sk\/pracoviska\/ciakt\/it-sluzby\/heslo\/"]}]},{"@type":"BreadcrumbList","@id":"https:\/\/www.upjs.sk\/pracoviska\/ciakt\/it-sluzby\/heslo\/#breadcrumb","itemListElement":[{"@type":"ListItem","position":1,"name":"Home","item":"https:\/\/www.upjs.sk\/pracoviska\/ciakt\/"},{"@type":"ListItem","position":2,"name":"IT Slu\u017eby","item":"https:\/\/www.upjs.sk\/pracoviska\/ciakt\/it-sluzby\/"},{"@type":"ListItem","position":3,"name":"Zmena hesla WiFi\/Proxy\/OpenVPN"}]},{"@type":"WebSite","@id":"https:\/\/www.upjs.sk\/pracoviska\/ciakt\/#website","url":"https:\/\/www.upjs.sk\/pracoviska\/ciakt\/","name":"Centrum informa\u010dn\u00fdch a komunika\u010dn\u00fdch technol\u00f3gi\u00ed | UPJ\u0160","description":"","publisher":{"@id":"https:\/\/www.upjs.sk\/pracoviska\/ciakt\/#organization"},"potentialAction":[{"@type":"SearchAction","target":{"@type":"EntryPoint","urlTemplate":"https:\/\/www.upjs.sk\/pracoviska\/ciakt\/?s={search_term_string}"},"query-input":{"@type":"PropertyValueSpecification","valueRequired":true,"valueName":"search_term_string"}}],"inLanguage":"sk-SK"},{"@type":"Organization","@id":"https:\/\/www.upjs.sk\/pracoviska\/ciakt\/#organization","name":"Centrum informa\u010dn\u00fdch a komunika\u010dn\u00fdch technol\u00f3gi\u00ed | UPJ\u0160","url":"https:\/\/www.upjs.sk\/pracoviska\/ciakt\/","logo":{"@type":"ImageObject","inLanguage":"sk-SK","@id":"https:\/\/www.upjs.sk\/pracoviska\/ciakt\/#\/schema\/logo\/image\/","url":"https:\/\/www.upjs.sk\/app\/uploads\/sites\/17\/2023\/01\/CIaKT-1.svg","contentUrl":"https:\/\/www.upjs.sk\/app\/uploads\/sites\/17\/2023\/01\/CIaKT-1.svg","width":500,"height":138,"caption":"Centrum informa\u010dn\u00fdch a komunika\u010dn\u00fdch technol\u00f3gi\u00ed | UPJ\u0160"},"image":{"@id":"https:\/\/www.upjs.sk\/pracoviska\/ciakt\/#\/schema\/logo\/image\/"}}]}},"_links":{"self":[{"href":"https:\/\/www.upjs.sk\/pracoviska\/ciakt\/wp-json\/wp\/v2\/pages\/13097","targetHints":{"allow":["GET"]}}],"collection":[{"href":"https:\/\/www.upjs.sk\/pracoviska\/ciakt\/wp-json\/wp\/v2\/pages"}],"about":[{"href":"https:\/\/www.upjs.sk\/pracoviska\/ciakt\/wp-json\/wp\/v2\/types\/page"}],"author":[{"embeddable":true,"href":"https:\/\/www.upjs.sk\/pracoviska\/ciakt\/wp-json\/wp\/v2\/users\/1"}],"replies":[{"embeddable":true,"href":"https:\/\/www.upjs.sk\/pracoviska\/ciakt\/wp-json\/wp\/v2\/comments?post=13097"}],"version-history":[{"count":7,"href":"https:\/\/www.upjs.sk\/pracoviska\/ciakt\/wp-json\/wp\/v2\/pages\/13097\/revisions"}],"predecessor-version":[{"id":14888,"href":"https:\/\/www.upjs.sk\/pracoviska\/ciakt\/wp-json\/wp\/v2\/pages\/13097\/revisions\/14888"}],"up":[{"embeddable":true,"href":"https:\/\/www.upjs.sk\/pracoviska\/ciakt\/wp-json\/wp\/v2\/pages\/13080"}],"wp:attachment":[{"href":"https:\/\/www.upjs.sk\/pracoviska\/ciakt\/wp-json\/wp\/v2\/media?parent=13097"}],"wp:term":[{"taxonomy":"category","embeddable":true,"href":"https:\/\/www.upjs.sk\/pracoviska\/ciakt\/wp-json\/wp\/v2\/categories?post=13097"},{"taxonomy":"post_tag","embeddable":true,"href":"https:\/\/www.upjs.sk\/pracoviska\/ciakt\/wp-json\/wp\/v2\/tags?post=13097"}],"curies":[{"name":"wp","href":"https:\/\/api.w.org\/{rel}","templated":true}]}}